{"id":20229,"date":"2016-04-02T19:21:41","date_gmt":"2016-04-02T19:21:41","guid":{"rendered":"https:\/\/keys-for-auto.eu\/product\/kaugjuhtimisvoti-sobib-ford-fusionile-mondeo-31\/"},"modified":"2016-04-02T19:21:41","modified_gmt":"2016-04-02T19:21:41","slug":"kaugjuhtimispult-voti-sobib-ford-fusion-mondeo-31-jaoks","status":"publish","type":"product","link":"https:\/\/keys-for-auto.eu\/et\/product\/kaugjuhtimispult-voti-sobib-ford-fusion-mondeo-31-jaoks\/","title":{"rendered":"Kaugjuhtimisv\u00f5ti &#8211; sobib Ford Fusionile | Mondeo 3+1"},"content":{"rendered":"<h3><strong>Kaugjuhtimisv\u00f5ti &#8211; sobib Ford Fusionile | Mondeo 3+1<\/strong><\/h3>\n<p>Tutvustame Ford Fusion, Ford Mondeo &#8211; kaugjuhtimispuldi v\u00f5ti Fusion ja Mondeo mudelitele. Saate valida 433 ja 315 MHz vahel. V\u00f5ti on varustatud 4D60 transponderiga. Kas teil on Fordi v\u00f5ti katki v\u00f5i kadunud? V\u00f5i \u00e4kki vajate lisakomplekti v\u00f5tmeid? Pakume teile v\u00f5imalust valida ja tellida elektroonilise Fordi v\u00f5tme tootmine ja programmeerimine koos transponderiga.<\/p>\n<p>Meie sisseehitatud transponderiga (kiibiga) nutiv\u00f5ti tagab teie auto kaitse omavolilise sissemurdmise eest. Seega on kasutajas\u00f5bralikud ja h\u00f5lpsasti kasutatavad Fordi kaugjuhtimispuldi v\u00f5tmed hea viis auto turvalisuse probleemi lahendamiseks.<\/p>\n<p>Meie ettev\u00f5ttelt saab osta v\u00f5tmeid mitte ainult peaaegu k\u00f5ikide automarkide ja -mudelite jaoks. Me programmeerime ka v\u00f5tmed. Oma t\u00f6\u00f6kogemuse k\u00e4igus oleme m\u00e4rganud, et Fordi v\u00f5tmed on v\u00e4ga n\u00f5utud. Ja see ei ole \u00fcllatus. Juhid hindavad k\u00f5rget kvaliteeti, uuenduslikkust, elegantset disaini ja kasutusmugavust. P\u00fc\u00fcame tuua v\u00f5imalikult palju samu omadusi ka Fordi v\u00f5tmetesse, mida me valmistame ja programmeerime.<\/p>\n<p>Me programmeerime v\u00f5tmed ja saame tihtipeale klientidelt, kes ostavad transponderv\u00f5tmeid, k\u00fcsimuse: &#8220;Kuidas on need paremad? N\u00fc\u00fcd arutame l\u00fchidalt selliste v\u00f5tmete eeliseid, et aidata teil otsustada, millist neist osta. Traditsiooniline v\u00f5i transponder?<\/p>\n<h3>Elektroonilised Fordi v\u00f5tmed<\/h3>\n<p>Fordi elektroonilised v\u00f5tmed on osa kasutust\u00f5kise turvas\u00fcsteemist. Viimane on paigaldatud auto sisemusse. See tandem v\u00f5imaldab juhtida k\u00f5iki auto elektroonilisi funktsioone ja mootori k\u00e4ivitamist. Transponder tuvastab unikaalse v\u00f5tmekoodi ja kui see vastab, aktiveerib auto juhtimiss\u00fcsteemid. See v\u00f5imaldab avada k\u00f5ik auto lukud, kuid ainult v\u00e4ga l\u00fchikese vahemaa tagant, mis v\u00e4listab avatud varguse v\u00f5imaluse.<\/p>\n<p>Autov\u00f5tmete programmeerimine on meie jaoks rohkem kui lihtsalt t\u00f6\u00f6. See on meie kirg! Oleme huvitatud k\u00f5igist meie eriala viimastest uuendustest. T\u00f6\u00f6tame uusimate tehnoloogiatega. Seega, kui olete huvitatud v\u00f5tmetootmisest Vilniuses, tulge meie peakontorisse. Autov\u00f5tmed &#8211; k\u00f5ikide automarkide ja -mudelite jaoks!<\/p>\n","protected":false},"excerpt":{"rendered":"<p><em><strong>Sobib Fordile, &#8211; kaugjuhtimispuldi v\u00f5ti (433MHz v\u00f5i 315MHz,4D60 transponder).<\/strong><\/em><\/p>\n<h3><strong>Autov\u00f5tmete tootmine<\/strong><\/h3>\n<ul>\n<li><strong>Uute autov\u00f5tmete valmistamine, v\u00f5tmete programmeerimine (&#8220;sidumine&#8221; autoga)<\/strong><\/li>\n<li><strong>Varem kaotatud v\u00f5tmete kustutamine auto m\u00e4lust<\/strong><\/li>\n<li><strong>S\u00fc\u00fctev\u00f5tme tootmine vastavalt lukule<\/strong><\/li>\n<li><strong>Autov\u00f5tmete remont (nuppude, kestade, mehhanismide vahetus)<\/strong><\/li>\n<li><strong>Autode avamine h\u00e4daolukorras<\/strong><\/li>\n<li><strong>V\u00f5tmete, v\u00f5tmekastide kaubandus<\/strong><\/li>\n<li><strong>DPF \/ FAP tarkvara v\u00e4ljal\u00fclitamine<\/strong><\/li>\n<li><strong>Programmiline EGR eemaldamine<\/strong><\/li>\n<li><strong>Kasutust\u00f5kise tarkvara deaktiveerimine (immo Off)<\/strong><\/li>\n<li><strong>Mootori kontrollploki (ECU) remont, kloonimine, programmeerimine<\/strong><\/li>\n<li><strong>SRS (turvapadja juhtseadme programmeerimine)<\/strong><\/li>\n<\/ul>\n<h4><strong>  kaubad saadetakse 3 t\u00f6\u00f6p\u00e4eva jooksul.*<\/strong><\/h4>\n","protected":false},"featured_media":18373,"comment_status":"open","ping_status":"closed","template":"","meta":[],"product_brand":[],"product_cat":[3552,3527],"product_tag":[3897,3862,3826],"class_list":{"0":"post-20229","1":"product","2":"type-product","3":"status-publish","4":"has-post-thumbnail","6":"product_cat-ford-et","7":"product_cat-kaugjuhtimispuldi-votmed","8":"product_tag-ford-fusion-voti","9":"product_tag-ford-mondeo-voti","10":"product_tag-fordi-voti","12":"first","13":"instock","14":"shipping-taxable","15":"purchasable","16":"product-type-simple"},"yoast_head":"<!-- This site is optimized with the Yoast SEO plugin v27.6 - https:\/\/yoast.com\/product\/yoast-seo-wordpress\/ -->\n<title>Kaugjuhtimisv\u00f5ti - sobib Ford Fusionile | Mondeo 3+1 - Keys for auto%<\/title>\n<meta name=\"robots\" content=\"index, follow, max-snippet:-1, max-image-preview:large, max-video-preview:-1\" \/>\n<link rel=\"canonical\" href=\"https:\/\/keys-for-auto.eu\/et\/product\/kaugjuhtimispult-voti-sobib-ford-fusion-mondeo-31-jaoks\/\" \/>\n<meta property=\"og:locale\" content=\"et_EE\" \/>\n<meta property=\"og:type\" content=\"article\" \/>\n<meta property=\"og:title\" content=\"Kaugjuhtimisv\u00f5ti - sobib Ford Fusionile | Mondeo 3+1 - Keys for auto%\" \/>\n<meta property=\"og:description\" content=\"Sobib Fordile, - kaugjuhtimispuldi v\u00f5ti (433MHz v\u00f5i 315MHz,4D60 transponder). Autov\u00f5tmete tootmine  Uute autov\u00f5tmete valmistamine, v\u00f5tmete programmeerimine (&quot;sidumine&quot; autoga)  Varem kaotatud v\u00f5tmete kustutamine auto m\u00e4lust  S\u00fc\u00fctev\u00f5tme tootmine vastavalt lukule  Autov\u00f5tmete remont (nuppude, kestade, mehhanismide vahetus)  Autode avamine h\u00e4daolukorras  V\u00f5tmete, v\u00f5tmekastide kaubandus  DPF \/ FAP tarkvara v\u00e4ljal\u00fclitamine  Programmiline EGR eemaldamine  Kasutust\u00f5kise tarkvara deaktiveerimine (immo Off)  Mootori kontrollploki (ECU) remont, kloonimine, programmeerimine  SRS (turvapadja juhtseadme programmeerimine)  kaubad saadetakse 3 t\u00f6\u00f6p\u00e4eva jooksul.*\" \/>\n<meta property=\"og:url\" content=\"https:\/\/keys-for-auto.eu\/et\/product\/kaugjuhtimispult-voti-sobib-ford-fusion-mondeo-31-jaoks\/\" \/>\n<meta property=\"og:site_name\" content=\"Keys for auto\" \/>\n<meta property=\"article:publisher\" content=\"https:\/\/www.facebook.com\/KeysForAutoEU\" \/>\n<meta name=\"twitter:card\" content=\"summary_large_image\" \/>\n<meta name=\"twitter:label1\" content=\"Est. reading time\" \/>\n\t<meta name=\"twitter:data1\" content=\"2 minutit\" \/>\n<script type=\"application\/ld+json\" class=\"yoast-schema-graph\">{\"@context\":\"https:\\\/\\\/schema.org\",\"@graph\":[{\"@type\":[\"WebPage\",\"ItemPage\"],\"@id\":\"https:\\\/\\\/keys-for-auto.eu\\\/et\\\/product\\\/kaugjuhtimispult-voti-sobib-ford-fusion-mondeo-31-jaoks\\\/\",\"url\":\"https:\\\/\\\/keys-for-auto.eu\\\/et\\\/product\\\/kaugjuhtimispult-voti-sobib-ford-fusion-mondeo-31-jaoks\\\/\",\"name\":\"Kaugjuhtimisv\u00f5ti - sobib Ford Fusionile | Mondeo 3+1 - Keys for auto%\",\"isPartOf\":{\"@id\":\"https:\\\/\\\/keys-for-auto.eu\\\/et\\\/#website\"},\"primaryImageOfPage\":{\"@id\":\"https:\\\/\\\/keys-for-auto.eu\\\/et\\\/product\\\/kaugjuhtimispult-voti-sobib-ford-fusion-mondeo-31-jaoks\\\/#primaryimage\"},\"image\":{\"@id\":\"https:\\\/\\\/keys-for-auto.eu\\\/et\\\/product\\\/kaugjuhtimispult-voti-sobib-ford-fusion-mondeo-31-jaoks\\\/#primaryimage\"},\"thumbnailUrl\":\"\",\"datePublished\":\"2016-04-02T19:21:41+00:00\",\"breadcrumb\":{\"@id\":\"https:\\\/\\\/keys-for-auto.eu\\\/et\\\/product\\\/kaugjuhtimispult-voti-sobib-ford-fusion-mondeo-31-jaoks\\\/#breadcrumb\"},\"inLanguage\":\"et\",\"potentialAction\":[{\"@type\":\"ReadAction\",\"target\":[\"https:\\\/\\\/keys-for-auto.eu\\\/et\\\/product\\\/kaugjuhtimispult-voti-sobib-ford-fusion-mondeo-31-jaoks\\\/\"]}]},{\"@type\":\"ImageObject\",\"inLanguage\":\"et\",\"@id\":\"https:\\\/\\\/keys-for-auto.eu\\\/et\\\/product\\\/kaugjuhtimispult-voti-sobib-ford-fusion-mondeo-31-jaoks\\\/#primaryimage\",\"url\":\"\",\"contentUrl\":\"\",\"caption\":\"Kaugjuhtimisv\u00f5ti - sobib Ford Fusionile | Mondeo 3+1\"},{\"@type\":\"BreadcrumbList\",\"@id\":\"https:\\\/\\\/keys-for-auto.eu\\\/et\\\/product\\\/kaugjuhtimispult-voti-sobib-ford-fusion-mondeo-31-jaoks\\\/#breadcrumb\",\"itemListElement\":[{\"@type\":\"ListItem\",\"position\":1,\"name\":\"Kodu\",\"item\":\"https:\\\/\\\/keys-for-auto.eu\\\/et\\\/\"},{\"@type\":\"ListItem\",\"position\":2,\"name\":\"Shop\",\"item\":\"https:\\\/\\\/keys-for-auto.eu\\\/\"},{\"@type\":\"ListItem\",\"position\":3,\"name\":\"Kaugjuhtimisv\u00f5ti &#8211; sobib Ford Fusionile | Mondeo 3+1\"}]},{\"@type\":\"WebSite\",\"@id\":\"https:\\\/\\\/keys-for-auto.eu\\\/et\\\/#website\",\"url\":\"https:\\\/\\\/keys-for-auto.eu\\\/et\\\/\",\"name\":\"Keys for auto\",\"description\":\"Car keys,  key shells, key programming\",\"publisher\":{\"@id\":\"https:\\\/\\\/keys-for-auto.eu\\\/et\\\/#organization\"},\"potentialAction\":[{\"@type\":\"SearchAction\",\"target\":{\"@type\":\"EntryPoint\",\"urlTemplate\":\"https:\\\/\\\/keys-for-auto.eu\\\/et\\\/?s={search_term_string}\"},\"query-input\":{\"@type\":\"PropertyValueSpecification\",\"valueRequired\":true,\"valueName\":\"search_term_string\"}}],\"inLanguage\":\"et\"},{\"@type\":\"Organization\",\"@id\":\"https:\\\/\\\/keys-for-auto.eu\\\/et\\\/#organization\",\"name\":\"Auto v\u00f5tmed\",\"url\":\"https:\\\/\\\/keys-for-auto.eu\\\/et\\\/\",\"logo\":{\"@type\":\"ImageObject\",\"inLanguage\":\"et\",\"@id\":\"https:\\\/\\\/keys-for-auto.eu\\\/et\\\/#\\\/schema\\\/logo\\\/image\\\/\",\"url\":\"https:\\\/\\\/keys-for-auto.eu\\\/wp-content\\\/uploads\\\/2022\\\/11\\\/cropped-png1.png\",\"contentUrl\":\"https:\\\/\\\/keys-for-auto.eu\\\/wp-content\\\/uploads\\\/2022\\\/11\\\/cropped-png1.png\",\"width\":1000,\"height\":342,\"caption\":\"Auto v\u00f5tmed\"},\"image\":{\"@id\":\"https:\\\/\\\/keys-for-auto.eu\\\/et\\\/#\\\/schema\\\/logo\\\/image\\\/\"},\"sameAs\":[\"https:\\\/\\\/www.facebook.com\\\/KeysForAutoEU\"]}]}<\/script>\n<!-- \/ Yoast SEO plugin. -->","yoast_head_json":{"title":"Kaugjuhtimisv\u00f5ti - sobib Ford Fusionile | Mondeo 3+1 - Keys for auto%","robots":{"index":"index","follow":"follow","max-snippet":"max-snippet:-1","max-image-preview":"max-image-preview:large","max-video-preview":"max-video-preview:-1"},"canonical":"https:\/\/keys-for-auto.eu\/et\/product\/kaugjuhtimispult-voti-sobib-ford-fusion-mondeo-31-jaoks\/","og_locale":"et_EE","og_type":"article","og_title":"Kaugjuhtimisv\u00f5ti - sobib Ford Fusionile | Mondeo 3+1 - Keys for auto%","og_description":"Sobib Fordile, - kaugjuhtimispuldi v\u00f5ti (433MHz v\u00f5i 315MHz,4D60 transponder). Autov\u00f5tmete tootmine  Uute autov\u00f5tmete valmistamine, v\u00f5tmete programmeerimine (\"sidumine\" autoga)  Varem kaotatud v\u00f5tmete kustutamine auto m\u00e4lust  S\u00fc\u00fctev\u00f5tme tootmine vastavalt lukule  Autov\u00f5tmete remont (nuppude, kestade, mehhanismide vahetus)  Autode avamine h\u00e4daolukorras  V\u00f5tmete, v\u00f5tmekastide kaubandus  DPF \/ FAP tarkvara v\u00e4ljal\u00fclitamine  Programmiline EGR eemaldamine  Kasutust\u00f5kise tarkvara deaktiveerimine (immo Off)  Mootori kontrollploki (ECU) remont, kloonimine, programmeerimine  SRS (turvapadja juhtseadme programmeerimine)  kaubad saadetakse 3 t\u00f6\u00f6p\u00e4eva jooksul.*","og_url":"https:\/\/keys-for-auto.eu\/et\/product\/kaugjuhtimispult-voti-sobib-ford-fusion-mondeo-31-jaoks\/","og_site_name":"Keys for auto","article_publisher":"https:\/\/www.facebook.com\/KeysForAutoEU","twitter_card":"summary_large_image","twitter_misc":{"Est. reading time":"2 minutit"},"schema":{"@context":"https:\/\/schema.org","@graph":[{"@type":["WebPage","ItemPage"],"@id":"https:\/\/keys-for-auto.eu\/et\/product\/kaugjuhtimispult-voti-sobib-ford-fusion-mondeo-31-jaoks\/","url":"https:\/\/keys-for-auto.eu\/et\/product\/kaugjuhtimispult-voti-sobib-ford-fusion-mondeo-31-jaoks\/","name":"Kaugjuhtimisv\u00f5ti - sobib Ford Fusionile | Mondeo 3+1 - Keys for auto%","isPartOf":{"@id":"https:\/\/keys-for-auto.eu\/et\/#website"},"primaryImageOfPage":{"@id":"https:\/\/keys-for-auto.eu\/et\/product\/kaugjuhtimispult-voti-sobib-ford-fusion-mondeo-31-jaoks\/#primaryimage"},"image":{"@id":"https:\/\/keys-for-auto.eu\/et\/product\/kaugjuhtimispult-voti-sobib-ford-fusion-mondeo-31-jaoks\/#primaryimage"},"thumbnailUrl":"","datePublished":"2016-04-02T19:21:41+00:00","breadcrumb":{"@id":"https:\/\/keys-for-auto.eu\/et\/product\/kaugjuhtimispult-voti-sobib-ford-fusion-mondeo-31-jaoks\/#breadcrumb"},"inLanguage":"et","potentialAction":[{"@type":"ReadAction","target":["https:\/\/keys-for-auto.eu\/et\/product\/kaugjuhtimispult-voti-sobib-ford-fusion-mondeo-31-jaoks\/"]}]},{"@type":"ImageObject","inLanguage":"et","@id":"https:\/\/keys-for-auto.eu\/et\/product\/kaugjuhtimispult-voti-sobib-ford-fusion-mondeo-31-jaoks\/#primaryimage","url":"","contentUrl":"","caption":"Kaugjuhtimisv\u00f5ti - sobib Ford Fusionile | Mondeo 3+1"},{"@type":"BreadcrumbList","@id":"https:\/\/keys-for-auto.eu\/et\/product\/kaugjuhtimispult-voti-sobib-ford-fusion-mondeo-31-jaoks\/#breadcrumb","itemListElement":[{"@type":"ListItem","position":1,"name":"Kodu","item":"https:\/\/keys-for-auto.eu\/et\/"},{"@type":"ListItem","position":2,"name":"Shop","item":"https:\/\/keys-for-auto.eu\/"},{"@type":"ListItem","position":3,"name":"Kaugjuhtimisv\u00f5ti &#8211; sobib Ford Fusionile | Mondeo 3+1"}]},{"@type":"WebSite","@id":"https:\/\/keys-for-auto.eu\/et\/#website","url":"https:\/\/keys-for-auto.eu\/et\/","name":"Keys for auto","description":"Car keys,  key shells, key programming","publisher":{"@id":"https:\/\/keys-for-auto.eu\/et\/#organization"},"potentialAction":[{"@type":"SearchAction","target":{"@type":"EntryPoint","urlTemplate":"https:\/\/keys-for-auto.eu\/et\/?s={search_term_string}"},"query-input":{"@type":"PropertyValueSpecification","valueRequired":true,"valueName":"search_term_string"}}],"inLanguage":"et"},{"@type":"Organization","@id":"https:\/\/keys-for-auto.eu\/et\/#organization","name":"Auto v\u00f5tmed","url":"https:\/\/keys-for-auto.eu\/et\/","logo":{"@type":"ImageObject","inLanguage":"et","@id":"https:\/\/keys-for-auto.eu\/et\/#\/schema\/logo\/image\/","url":"https:\/\/keys-for-auto.eu\/wp-content\/uploads\/2022\/11\/cropped-png1.png","contentUrl":"https:\/\/keys-for-auto.eu\/wp-content\/uploads\/2022\/11\/cropped-png1.png","width":1000,"height":342,"caption":"Auto v\u00f5tmed"},"image":{"@id":"https:\/\/keys-for-auto.eu\/et\/#\/schema\/logo\/image\/"},"sameAs":["https:\/\/www.facebook.com\/KeysForAutoEU"]}]}},"_links":{"self":[{"href":"https:\/\/keys-for-auto.eu\/et\/wp-json\/wp\/v2\/product\/20229","targetHints":{"allow":["GET"]}}],"collection":[{"href":"https:\/\/keys-for-auto.eu\/et\/wp-json\/wp\/v2\/product"}],"about":[{"href":"https:\/\/keys-for-auto.eu\/et\/wp-json\/wp\/v2\/types\/product"}],"replies":[{"embeddable":true,"href":"https:\/\/keys-for-auto.eu\/et\/wp-json\/wp\/v2\/comments?post=20229"}],"wp:featuredmedia":[{"embeddable":true,"href":"https:\/\/keys-for-auto.eu\/et\/wp-json\/wp\/v2\/media\/18373"}],"wp:attachment":[{"href":"https:\/\/keys-for-auto.eu\/et\/wp-json\/wp\/v2\/media?parent=20229"}],"wp:term":[{"taxonomy":"product_brand","embeddable":true,"href":"https:\/\/keys-for-auto.eu\/et\/wp-json\/wp\/v2\/product_brand?post=20229"},{"taxonomy":"product_cat","embeddable":true,"href":"https:\/\/keys-for-auto.eu\/et\/wp-json\/wp\/v2\/product_cat?post=20229"},{"taxonomy":"product_tag","embeddable":true,"href":"https:\/\/keys-for-auto.eu\/et\/wp-json\/wp\/v2\/product_tag?post=20229"}],"curies":[{"name":"wp","href":"https:\/\/api.w.org\/{rel}","templated":true}]}}