{"id":20216,"date":"2016-04-02T19:23:41","date_gmt":"2016-04-02T19:23:41","guid":{"rendered":"https:\/\/keys-for-auto.eu\/product\/kaugjuhtimispuldi-voti-sobib-ford-taurus-flex-explorerile\/"},"modified":"2016-04-02T19:23:41","modified_gmt":"2016-04-02T19:23:41","slug":"remote-control-key-suitable-for-ford-taurus-flex-explorer","status":"publish","type":"product","link":"https:\/\/keys-for-auto.eu\/et\/product\/remote-control-key-suitable-for-ford-taurus-flex-explorer\/","title":{"rendered":"Kaugjuhtimispuldi v\u00f5ti &#8211; sobib Ford Taurus | Flex | Explorerile"},"content":{"rendered":"<h3>Kaugjuhtimispuldi v\u00f5ti &#8211; sobib Ford Taurus | Flex | Explorerile<\/h3>\n<p>Tutvustame Ford Taurus, Flex, Explorer kaugjuhtimispuldi v\u00f5tit &#8211; 315 MHz kaugjuhtimispuldi v\u00f5ti koos integreeritud transponderiga.<\/p>\n<p>Sellel v\u00f5tmel on integreeritud transponder. See on osa turvas\u00fcsteemist, mille autotootjad v\u00f5tsid kasutusele aastatel 1995-1997. Selle aluseks on autosse paigaldatud nn kasutust\u00f5kis, mis on varustatud sama koodiga, ja v\u00f5tme sisse ehitatud transponder. Kui seadmed selle koodi alusel \u00fcksteist \u00e4ra tunnevad, saab auto lukustada\/avada ja mootori k\u00e4ivitada. Auto mitteomanik, isegi kui tal on duplikaatv\u00f5ti, ei saa s\u00f5idukit avada. Seda seet\u00f5ttu, et ilma spetsiaalse koodita ei ole v\u00f5imalik autot avada.<\/p>\n<p>Eespool kirjeldatud s\u00fcsteemi kasutamiseks peate programmeerima v\u00f5tmed. Teisis\u00f5nu, te peate need siduma konkreetse autoga. Broneerige meiega v\u00f5tmeprogrammeerimine. Lisaks v\u00f5tmete programmeerimisele m\u00fc\u00fcme ka v\u00f5tmekarbid ja kaugjuhtimispuldi v\u00f5tmed. Kui otsite v\u00f5tmekohvreid, v\u00f5ite neid leida peaaegu k\u00f5ikide automarkide ja -mudelite jaoks, kui j\u00e4rgite seda linki.<\/p>\n<p>Me programmeerime v\u00f5tmed . Me teeme seda p\u00fchendunult, kvaliteetselt ja v\u00f5imalikult l\u00fchikese aja jooksul ning m\u00f5istliku hinnaga. Me garanteerime oma t\u00f6\u00f6d ja m\u00fc\u00fcdavaid tooteid, sest me usaldame oma professionaalsust. Kasutame oma tootmisprotsessis uusimat tehnoloogiat. Ja meie oskust\u00f6\u00f6tajad t\u00e4iendavad pidevalt oma kvalifikatsiooni lukkseppade kursustel.<\/p>\n<p>Autov\u00f5tmete programmeerimine on meie kohustus. Ja teie kohustus on hoida oma autot turvaliselt. V\u00f5tmete programmeerimine v\u00f5imaldab seda teha. Usaldage see missioon meile ja me lubame, et me ei valmista teile pettumust!<\/p>\n<p>Me usume, et te armastate reisida ja et t\u00f5elise reisijana on teie pilk alati silmapiiril&#8230; Reisige ja kogege unustamatuid seiklusi! Aga et end turvaliselt tunda, kui peate oma auto m\u00f5neks ajaks maha j\u00e4tma, veenduge, et see on turvaline! Seda saate teha, tellides meilt v\u00f5tmete programmeerimise. V\u00f5tmetootmine professionaalide poolt! Autov\u00f5tmed &#8211; teie turvalisuse tagamiseks.<\/p>\n","protected":false},"excerpt":{"rendered":"<p><b><i>Sobib <em><br \/>\n  <strong><br \/>\n    <span style=\"font-size: 13px; line-height: 20.8px;\">(315MHz) koos transponderiga, Fordi kaugjuhtimispuldi v\u00f5ti <\/span><br \/>\n  <\/strong><br \/>\n<\/em> <\/i><\/b><\/p>\n<p><em><strong>Taurus<\/strong><\/em><\/p>\n<p><em><strong>Flex<\/strong><\/em><\/p>\n<p><em><strong>Explorer<\/strong><\/em><\/p>\n<p><em><strong>Mustang<\/strong><\/em><\/p>\n<h3><strong>Autov\u00f5tmete tootmine<\/strong><\/h3>\n<ul>\n<li><strong>Uute autov\u00f5tmete valmistamine, v\u00f5tmete programmeerimine (&#8220;sidumine&#8221; autoga)<\/strong><\/li>\n<li><strong>Varem kaotatud v\u00f5tmete kustutamine auto m\u00e4lust<\/strong><\/li>\n<li><strong>S\u00fc\u00fctev\u00f5tme tootmine vastavalt lukule<\/strong><\/li>\n<li><strong>Autov\u00f5tmete remont (nuppude, kestade, mehhanismide vahetus)<\/strong><\/li>\n<li><strong>Autode avamine h\u00e4daolukorras<\/strong><\/li>\n<li><strong>V\u00f5tmete, v\u00f5tmekastide kaubandus<\/strong><\/li>\n<li><strong>DPF \/ FAP tarkvara v\u00e4ljal\u00fclitamine<\/strong><\/li>\n<li><strong>Programmiline EGR eemaldamine<\/strong><\/li>\n<li><strong>Kasutust\u00f5kise tarkvara deaktiveerimine (immo Off)<\/strong><\/li>\n<li><strong>Mootori kontrollploki (ECU) remont, kloonimine, programmeerimine<\/strong><\/li>\n<li><strong>SRS (turvapadja juhtseadme programmeerimine)<\/strong><\/li>\n<\/ul>\n<h4><strong>  kaubad saadetakse 3 t\u00f6\u00f6p\u00e4eva jooksul.*<\/strong><\/h4>\n","protected":false},"featured_media":18211,"comment_status":"open","ping_status":"closed","template":"","meta":[],"product_brand":[],"product_cat":[3552,3527],"product_tag":[3878,3838,3885,3826],"class_list":{"0":"post-20216","1":"product","2":"type-product","3":"status-publish","4":"has-post-thumbnail","6":"product_cat-ford-et","7":"product_cat-kaugjuhtimispuldi-votmed","8":"product_tag-ford-explorer-voti","9":"product_tag-ford-flex-voti","10":"product_tag-ford-taurus-voti","11":"product_tag-fordi-voti","13":"first","14":"instock","15":"shipping-taxable","16":"purchasable","17":"product-type-simple"},"yoast_head":"<!-- This site is optimized with the Yoast SEO plugin v27.3 - https:\/\/yoast.com\/product\/yoast-seo-wordpress\/ -->\n<title>Kaugjuhtimispuldi v\u00f5ti - sobib Ford Taurus | Flex | Explorerile - Keys for auto%<\/title>\n<meta name=\"robots\" content=\"index, follow, max-snippet:-1, max-image-preview:large, max-video-preview:-1\" \/>\n<link rel=\"canonical\" href=\"https:\/\/keys-for-auto.eu\/et\/product\/remote-control-key-suitable-for-ford-taurus-flex-explorer\/\" \/>\n<meta property=\"og:locale\" content=\"et_EE\" \/>\n<meta property=\"og:type\" content=\"article\" \/>\n<meta property=\"og:title\" content=\"Kaugjuhtimispuldi v\u00f5ti - sobib Ford Taurus | Flex | Explorerile - Keys for auto%\" \/>\n<meta property=\"og:description\" content=\"Sobib     (315MHz) koos transponderiga, Fordi kaugjuhtimispuldi v\u00f5ti    Taurus Flex Explorer Mustang Autov\u00f5tmete tootmine  Uute autov\u00f5tmete valmistamine, v\u00f5tmete programmeerimine (&quot;sidumine&quot; autoga)  Varem kaotatud v\u00f5tmete kustutamine auto m\u00e4lust  S\u00fc\u00fctev\u00f5tme tootmine vastavalt lukule  Autov\u00f5tmete remont (nuppude, kestade, mehhanismide vahetus)  Autode avamine h\u00e4daolukorras  V\u00f5tmete, v\u00f5tmekastide kaubandus  DPF \/ FAP tarkvara v\u00e4ljal\u00fclitamine  Programmiline EGR eemaldamine  Kasutust\u00f5kise tarkvara deaktiveerimine (immo Off)  Mootori kontrollploki (ECU) remont, kloonimine, programmeerimine  SRS (turvapadja juhtseadme programmeerimine)  kaubad saadetakse 3 t\u00f6\u00f6p\u00e4eva jooksul.*\" \/>\n<meta property=\"og:url\" content=\"https:\/\/keys-for-auto.eu\/et\/product\/remote-control-key-suitable-for-ford-taurus-flex-explorer\/\" \/>\n<meta property=\"og:site_name\" content=\"Keys for auto\" \/>\n<meta property=\"article:publisher\" content=\"https:\/\/www.facebook.com\/KeysForAutoEU\" \/>\n<meta name=\"twitter:card\" content=\"summary_large_image\" \/>\n<meta name=\"twitter:label1\" content=\"Est. reading time\" \/>\n\t<meta name=\"twitter:data1\" content=\"2 minutit\" \/>\n<script type=\"application\/ld+json\" class=\"yoast-schema-graph\">{\"@context\":\"https:\\\/\\\/schema.org\",\"@graph\":[{\"@type\":[\"WebPage\",\"ItemPage\"],\"@id\":\"https:\\\/\\\/keys-for-auto.eu\\\/et\\\/product\\\/remote-control-key-suitable-for-ford-taurus-flex-explorer\\\/\",\"url\":\"https:\\\/\\\/keys-for-auto.eu\\\/et\\\/product\\\/remote-control-key-suitable-for-ford-taurus-flex-explorer\\\/\",\"name\":\"Kaugjuhtimispuldi v\u00f5ti - sobib Ford Taurus | Flex | Explorerile - Keys for auto%\",\"isPartOf\":{\"@id\":\"https:\\\/\\\/keys-for-auto.eu\\\/et\\\/#website\"},\"primaryImageOfPage\":{\"@id\":\"https:\\\/\\\/keys-for-auto.eu\\\/et\\\/product\\\/remote-control-key-suitable-for-ford-taurus-flex-explorer\\\/#primaryimage\"},\"image\":{\"@id\":\"https:\\\/\\\/keys-for-auto.eu\\\/et\\\/product\\\/remote-control-key-suitable-for-ford-taurus-flex-explorer\\\/#primaryimage\"},\"thumbnailUrl\":\"\",\"datePublished\":\"2016-04-02T19:23:41+00:00\",\"breadcrumb\":{\"@id\":\"https:\\\/\\\/keys-for-auto.eu\\\/et\\\/product\\\/remote-control-key-suitable-for-ford-taurus-flex-explorer\\\/#breadcrumb\"},\"inLanguage\":\"et\",\"potentialAction\":[{\"@type\":\"ReadAction\",\"target\":[\"https:\\\/\\\/keys-for-auto.eu\\\/et\\\/product\\\/remote-control-key-suitable-for-ford-taurus-flex-explorer\\\/\"]}]},{\"@type\":\"ImageObject\",\"inLanguage\":\"et\",\"@id\":\"https:\\\/\\\/keys-for-auto.eu\\\/et\\\/product\\\/remote-control-key-suitable-for-ford-taurus-flex-explorer\\\/#primaryimage\",\"url\":\"\",\"contentUrl\":\"\",\"caption\":\"Kaugjuhtimispuldi v\u00f5ti - sobib Ford Taurus | Flex | Explorerile\"},{\"@type\":\"BreadcrumbList\",\"@id\":\"https:\\\/\\\/keys-for-auto.eu\\\/et\\\/product\\\/remote-control-key-suitable-for-ford-taurus-flex-explorer\\\/#breadcrumb\",\"itemListElement\":[{\"@type\":\"ListItem\",\"position\":1,\"name\":\"Kodu\",\"item\":\"https:\\\/\\\/keys-for-auto.eu\\\/et\\\/\"},{\"@type\":\"ListItem\",\"position\":2,\"name\":\"Shop\",\"item\":\"https:\\\/\\\/keys-for-auto.eu\\\/\"},{\"@type\":\"ListItem\",\"position\":3,\"name\":\"Kaugjuhtimispuldi v\u00f5ti &#8211; sobib Ford Taurus | Flex | Explorerile\"}]},{\"@type\":\"WebSite\",\"@id\":\"https:\\\/\\\/keys-for-auto.eu\\\/et\\\/#website\",\"url\":\"https:\\\/\\\/keys-for-auto.eu\\\/et\\\/\",\"name\":\"Keys for auto\",\"description\":\"Car keys,  key shells, key programming\",\"publisher\":{\"@id\":\"https:\\\/\\\/keys-for-auto.eu\\\/et\\\/#organization\"},\"potentialAction\":[{\"@type\":\"SearchAction\",\"target\":{\"@type\":\"EntryPoint\",\"urlTemplate\":\"https:\\\/\\\/keys-for-auto.eu\\\/et\\\/?s={search_term_string}\"},\"query-input\":{\"@type\":\"PropertyValueSpecification\",\"valueRequired\":true,\"valueName\":\"search_term_string\"}}],\"inLanguage\":\"et\"},{\"@type\":\"Organization\",\"@id\":\"https:\\\/\\\/keys-for-auto.eu\\\/et\\\/#organization\",\"name\":\"Auto v\u00f5tmed\",\"url\":\"https:\\\/\\\/keys-for-auto.eu\\\/et\\\/\",\"logo\":{\"@type\":\"ImageObject\",\"inLanguage\":\"et\",\"@id\":\"https:\\\/\\\/keys-for-auto.eu\\\/et\\\/#\\\/schema\\\/logo\\\/image\\\/\",\"url\":\"https:\\\/\\\/keys-for-auto.eu\\\/wp-content\\\/uploads\\\/2022\\\/11\\\/cropped-png1.png\",\"contentUrl\":\"https:\\\/\\\/keys-for-auto.eu\\\/wp-content\\\/uploads\\\/2022\\\/11\\\/cropped-png1.png\",\"width\":1000,\"height\":342,\"caption\":\"Auto v\u00f5tmed\"},\"image\":{\"@id\":\"https:\\\/\\\/keys-for-auto.eu\\\/et\\\/#\\\/schema\\\/logo\\\/image\\\/\"},\"sameAs\":[\"https:\\\/\\\/www.facebook.com\\\/KeysForAutoEU\"]}]}<\/script>\n<!-- \/ Yoast SEO plugin. -->","yoast_head_json":{"title":"Kaugjuhtimispuldi v\u00f5ti - sobib Ford Taurus | Flex | Explorerile - Keys for auto%","robots":{"index":"index","follow":"follow","max-snippet":"max-snippet:-1","max-image-preview":"max-image-preview:large","max-video-preview":"max-video-preview:-1"},"canonical":"https:\/\/keys-for-auto.eu\/et\/product\/remote-control-key-suitable-for-ford-taurus-flex-explorer\/","og_locale":"et_EE","og_type":"article","og_title":"Kaugjuhtimispuldi v\u00f5ti - sobib Ford Taurus | Flex | Explorerile - Keys for auto%","og_description":"Sobib     (315MHz) koos transponderiga, Fordi kaugjuhtimispuldi v\u00f5ti    Taurus Flex Explorer Mustang Autov\u00f5tmete tootmine  Uute autov\u00f5tmete valmistamine, v\u00f5tmete programmeerimine (\"sidumine\" autoga)  Varem kaotatud v\u00f5tmete kustutamine auto m\u00e4lust  S\u00fc\u00fctev\u00f5tme tootmine vastavalt lukule  Autov\u00f5tmete remont (nuppude, kestade, mehhanismide vahetus)  Autode avamine h\u00e4daolukorras  V\u00f5tmete, v\u00f5tmekastide kaubandus  DPF \/ FAP tarkvara v\u00e4ljal\u00fclitamine  Programmiline EGR eemaldamine  Kasutust\u00f5kise tarkvara deaktiveerimine (immo Off)  Mootori kontrollploki (ECU) remont, kloonimine, programmeerimine  SRS (turvapadja juhtseadme programmeerimine)  kaubad saadetakse 3 t\u00f6\u00f6p\u00e4eva jooksul.*","og_url":"https:\/\/keys-for-auto.eu\/et\/product\/remote-control-key-suitable-for-ford-taurus-flex-explorer\/","og_site_name":"Keys for auto","article_publisher":"https:\/\/www.facebook.com\/KeysForAutoEU","twitter_card":"summary_large_image","twitter_misc":{"Est. reading time":"2 minutit"},"schema":{"@context":"https:\/\/schema.org","@graph":[{"@type":["WebPage","ItemPage"],"@id":"https:\/\/keys-for-auto.eu\/et\/product\/remote-control-key-suitable-for-ford-taurus-flex-explorer\/","url":"https:\/\/keys-for-auto.eu\/et\/product\/remote-control-key-suitable-for-ford-taurus-flex-explorer\/","name":"Kaugjuhtimispuldi v\u00f5ti - sobib Ford Taurus | Flex | Explorerile - Keys for auto%","isPartOf":{"@id":"https:\/\/keys-for-auto.eu\/et\/#website"},"primaryImageOfPage":{"@id":"https:\/\/keys-for-auto.eu\/et\/product\/remote-control-key-suitable-for-ford-taurus-flex-explorer\/#primaryimage"},"image":{"@id":"https:\/\/keys-for-auto.eu\/et\/product\/remote-control-key-suitable-for-ford-taurus-flex-explorer\/#primaryimage"},"thumbnailUrl":"","datePublished":"2016-04-02T19:23:41+00:00","breadcrumb":{"@id":"https:\/\/keys-for-auto.eu\/et\/product\/remote-control-key-suitable-for-ford-taurus-flex-explorer\/#breadcrumb"},"inLanguage":"et","potentialAction":[{"@type":"ReadAction","target":["https:\/\/keys-for-auto.eu\/et\/product\/remote-control-key-suitable-for-ford-taurus-flex-explorer\/"]}]},{"@type":"ImageObject","inLanguage":"et","@id":"https:\/\/keys-for-auto.eu\/et\/product\/remote-control-key-suitable-for-ford-taurus-flex-explorer\/#primaryimage","url":"","contentUrl":"","caption":"Kaugjuhtimispuldi v\u00f5ti - sobib Ford Taurus | Flex | Explorerile"},{"@type":"BreadcrumbList","@id":"https:\/\/keys-for-auto.eu\/et\/product\/remote-control-key-suitable-for-ford-taurus-flex-explorer\/#breadcrumb","itemListElement":[{"@type":"ListItem","position":1,"name":"Kodu","item":"https:\/\/keys-for-auto.eu\/et\/"},{"@type":"ListItem","position":2,"name":"Shop","item":"https:\/\/keys-for-auto.eu\/"},{"@type":"ListItem","position":3,"name":"Kaugjuhtimispuldi v\u00f5ti &#8211; sobib Ford Taurus | Flex | Explorerile"}]},{"@type":"WebSite","@id":"https:\/\/keys-for-auto.eu\/et\/#website","url":"https:\/\/keys-for-auto.eu\/et\/","name":"Keys for auto","description":"Car keys,  key shells, key programming","publisher":{"@id":"https:\/\/keys-for-auto.eu\/et\/#organization"},"potentialAction":[{"@type":"SearchAction","target":{"@type":"EntryPoint","urlTemplate":"https:\/\/keys-for-auto.eu\/et\/?s={search_term_string}"},"query-input":{"@type":"PropertyValueSpecification","valueRequired":true,"valueName":"search_term_string"}}],"inLanguage":"et"},{"@type":"Organization","@id":"https:\/\/keys-for-auto.eu\/et\/#organization","name":"Auto v\u00f5tmed","url":"https:\/\/keys-for-auto.eu\/et\/","logo":{"@type":"ImageObject","inLanguage":"et","@id":"https:\/\/keys-for-auto.eu\/et\/#\/schema\/logo\/image\/","url":"https:\/\/keys-for-auto.eu\/wp-content\/uploads\/2022\/11\/cropped-png1.png","contentUrl":"https:\/\/keys-for-auto.eu\/wp-content\/uploads\/2022\/11\/cropped-png1.png","width":1000,"height":342,"caption":"Auto v\u00f5tmed"},"image":{"@id":"https:\/\/keys-for-auto.eu\/et\/#\/schema\/logo\/image\/"},"sameAs":["https:\/\/www.facebook.com\/KeysForAutoEU"]}]}},"_links":{"self":[{"href":"https:\/\/keys-for-auto.eu\/et\/wp-json\/wp\/v2\/product\/20216","targetHints":{"allow":["GET"]}}],"collection":[{"href":"https:\/\/keys-for-auto.eu\/et\/wp-json\/wp\/v2\/product"}],"about":[{"href":"https:\/\/keys-for-auto.eu\/et\/wp-json\/wp\/v2\/types\/product"}],"replies":[{"embeddable":true,"href":"https:\/\/keys-for-auto.eu\/et\/wp-json\/wp\/v2\/comments?post=20216"}],"wp:featuredmedia":[{"embeddable":true,"href":"https:\/\/keys-for-auto.eu\/et\/wp-json\/wp\/v2\/media\/18211"}],"wp:attachment":[{"href":"https:\/\/keys-for-auto.eu\/et\/wp-json\/wp\/v2\/media?parent=20216"}],"wp:term":[{"taxonomy":"product_brand","embeddable":true,"href":"https:\/\/keys-for-auto.eu\/et\/wp-json\/wp\/v2\/product_brand?post=20216"},{"taxonomy":"product_cat","embeddable":true,"href":"https:\/\/keys-for-auto.eu\/et\/wp-json\/wp\/v2\/product_cat?post=20216"},{"taxonomy":"product_tag","embeddable":true,"href":"https:\/\/keys-for-auto.eu\/et\/wp-json\/wp\/v2\/product_tag?post=20216"}],"curies":[{"name":"wp","href":"https:\/\/api.w.org\/{rel}","templated":true}]}}