{"id":20211,"date":"2016-04-02T19:09:50","date_gmt":"2016-04-02T19:09:50","guid":{"rendered":"https:\/\/keys-for-auto.eu\/product\/kaugjuhtimispuldi-voti-sobib-chrysleri-autodele\/"},"modified":"2016-04-02T19:09:50","modified_gmt":"2016-04-02T19:09:50","slug":"chrysler-autodele-sobiv-kaugjuhtimispult","status":"publish","type":"product","link":"https:\/\/keys-for-auto.eu\/et\/product\/chrysler-autodele-sobiv-kaugjuhtimispult\/","title":{"rendered":"Kaugjuhtimispuldi v\u00f5ti &#8211; sobib Chrysleri autodele"},"content":{"rendered":"<p>Kaugjuhtimispuldi v\u00f5ti &#8211; sobib Chrysler Town, Country&#8217;le<\/p>\n<p>Tutvustame Chrysler Town, Country jaoks sobivat kaugjuhtimispuldi v\u00f5tit.<\/p>\n<p>Kaugjuhtimispuldi v\u00f5tmed ei ole mitte ainult mugav vahend auto juhtimiseks, vaid ka oluline element, mis alustab ja l\u00f5petab teie reisi. Seep\u00e4rast hoolitseme selle eest, et teil ei oleks mitte ainult kvaliteetsed kaugjuhtimispuldi v\u00f5tmed v\u00f5i saaksime asendada katkise v\u00f5tmekorpuse, vaid me ka programmeerime teie v\u00f5tmed. See teenus on \u00e4\u00e4rmiselt oluline ja vastutustundlik. P\u00f6\u00f6rame suurt t\u00e4helepanu oma t\u00f6\u00f6 kvaliteedile. Seep\u00e4rast garanteerime oma teenuseid ja m\u00fc\u00fcdavaid kaupu.<\/p>\n<p>On \u00f6eldud, et &#8220;\u00fchelgi teekonnal ei ole suuremat naudingut kui algus.&#8221; Ja mis muud kui \u00f5igesti programmeeritud v\u00f5tmed, \u00f5igesti valitud kaugjuhtimispuldi v\u00f5tmed ja korralikud autov\u00f5tmete korpused v\u00f5ivad tagada, et iga teie reis algab suurep\u00e4raselt ja edukalt? Seega usaldage need teenused meile, ettev\u00f5ttele, kelle jaoks auto v\u00f5tmete programmeerimine on rohkem kui lihtsalt \u00e4ri &#8211; see on filosoofia, mis \u00fctleb, et k\u00f5ik on seotud rahuloleva kliendi ja turvalise autoga.<\/p>\n<p>V\u00f5tmete valmistamine on meie eriala. Ja me p\u00fc\u00fcame selles valdkonnas pidevalt areneda ja pidada sammu tehniliste uuendustega. Seep\u00e4rast p\u00f6\u00f6rame suurt t\u00e4helepanu oma t\u00f6\u00f6tajate kvalifikatsiooni t\u00f5stmisele ja ettev\u00f5tte varustamisele uusimate v\u00f5tmetehnoloogiatega. See tagab, et iga autojuht, kes meie juurde tuleb, saab osta kaasaegset ja professionaalset tehnoloogiat oma auto k\u00e4ivitamiseks ja kindlustamiseks ning saab professionaalset autov\u00f5tmete programmeerimist. Autov\u00f5tmed n\u00fc\u00fcdsest \u00fchest usaldusv\u00e4\u00e4rsest allikast!<\/p>\n","protected":false},"excerpt":{"rendered":"<p><strong><em>Chrysleri jaoks &#8211; sobivad v\u00f5tmed koos kaugjuhtimispuldiga, palun t\u00e4psustage number tellimisel.<\/em><\/strong><\/p>\n<h3><strong>Autov\u00f5tmete tootmine<\/strong><\/h3>\n<ul>\n<li><strong>Uute autov\u00f5tmete valmistamine, v\u00f5tmete programmeerimine (&#8220;sidumine&#8221; autoga)<\/strong><\/li>\n<li><strong>Varem kaotatud v\u00f5tmete kustutamine auto m\u00e4lust<\/strong><\/li>\n<li><strong>S\u00fc\u00fctev\u00f5tme tootmine vastavalt lukule<\/strong><\/li>\n<li><strong>Autov\u00f5tmete remont (nuppude, kestade, mehhanismide vahetus)<\/strong><\/li>\n<li><strong>Autode avamine h\u00e4daolukorras<\/strong><\/li>\n<li><strong>V\u00f5tmete, v\u00f5tmekastide kaubandus<\/strong><\/li>\n<li><strong>DPF \/ FAP tarkvara v\u00e4ljal\u00fclitamine<\/strong><\/li>\n<li><strong>Programmiline EGR eemaldamine<\/strong><\/li>\n<li><strong>Kasutust\u00f5kise tarkvara deaktiveerimine (immo Off)<\/strong><\/li>\n<li><strong>Mootori kontrollploki (ECU) remont, kloonimine, programmeerimine<\/strong><\/li>\n<li><strong>SRS (turvapadja juhtseadme programmeerimine)<\/strong><\/li>\n<\/ul>\n<h4><strong>kaubad saadetakse 3 t\u00f6\u00f6p\u00e4eva jooksul.*<\/strong><\/h4>\n<p>&nbsp;<\/p>\n<p>&nbsp;<\/p>\n<p>&nbsp;<\/p>\n","protected":false},"featured_media":18023,"comment_status":"open","ping_status":"closed","template":"","meta":[],"product_brand":[],"product_cat":[3498,3527],"product_tag":[3870,3841],"class_list":{"0":"post-20211","1":"product","2":"type-product","3":"status-publish","4":"has-post-thumbnail","6":"product_cat-chrysler-et","7":"product_cat-kaugjuhtimispuldi-votmed","8":"product_tag-chrysler-town-country-voti","9":"product_tag-chrysleri-voti","11":"first","12":"instock","13":"shipping-taxable","14":"purchasable","15":"product-type-simple"},"yoast_head":"<!-- This site is optimized with the Yoast SEO plugin v27.3 - https:\/\/yoast.com\/product\/yoast-seo-wordpress\/ -->\n<title>Kaugjuhtimispuldi v\u00f5ti - sobib Chrysleri autodele - Keys for auto%<\/title>\n<meta name=\"robots\" content=\"index, follow, max-snippet:-1, max-image-preview:large, max-video-preview:-1\" \/>\n<link rel=\"canonical\" href=\"https:\/\/keys-for-auto.eu\/et\/product\/chrysler-autodele-sobiv-kaugjuhtimispult\/\" \/>\n<meta property=\"og:locale\" content=\"et_EE\" \/>\n<meta property=\"og:type\" content=\"article\" \/>\n<meta property=\"og:title\" content=\"Kaugjuhtimispuldi v\u00f5ti - sobib Chrysleri autodele - Keys for auto%\" \/>\n<meta property=\"og:description\" content=\"Chrysleri jaoks - sobivad v\u00f5tmed koos kaugjuhtimispuldiga, palun t\u00e4psustage number tellimisel. Autov\u00f5tmete tootmine  Uute autov\u00f5tmete valmistamine, v\u00f5tmete programmeerimine (&quot;sidumine&quot; autoga)  Varem kaotatud v\u00f5tmete kustutamine auto m\u00e4lust  S\u00fc\u00fctev\u00f5tme tootmine vastavalt lukule  Autov\u00f5tmete remont (nuppude, kestade, mehhanismide vahetus)  Autode avamine h\u00e4daolukorras  V\u00f5tmete, v\u00f5tmekastide kaubandus  DPF \/ FAP tarkvara v\u00e4ljal\u00fclitamine  Programmiline EGR eemaldamine  Kasutust\u00f5kise tarkvara deaktiveerimine (immo Off)  Mootori kontrollploki (ECU) remont, kloonimine, programmeerimine  SRS (turvapadja juhtseadme programmeerimine) kaubad saadetakse 3 t\u00f6\u00f6p\u00e4eva jooksul.* &nbsp; &nbsp; &nbsp;\" \/>\n<meta property=\"og:url\" content=\"https:\/\/keys-for-auto.eu\/et\/product\/chrysler-autodele-sobiv-kaugjuhtimispult\/\" \/>\n<meta property=\"og:site_name\" content=\"Keys for auto\" \/>\n<meta property=\"article:publisher\" content=\"https:\/\/www.facebook.com\/KeysForAutoEU\" \/>\n<meta name=\"twitter:card\" content=\"summary_large_image\" \/>\n<meta name=\"twitter:label1\" content=\"Est. reading time\" \/>\n\t<meta name=\"twitter:data1\" content=\"1 minut\" \/>\n<script type=\"application\/ld+json\" class=\"yoast-schema-graph\">{\"@context\":\"https:\\\/\\\/schema.org\",\"@graph\":[{\"@type\":[\"WebPage\",\"ItemPage\"],\"@id\":\"https:\\\/\\\/keys-for-auto.eu\\\/et\\\/product\\\/chrysler-autodele-sobiv-kaugjuhtimispult\\\/\",\"url\":\"https:\\\/\\\/keys-for-auto.eu\\\/et\\\/product\\\/chrysler-autodele-sobiv-kaugjuhtimispult\\\/\",\"name\":\"Kaugjuhtimispuldi v\u00f5ti - sobib Chrysleri autodele - Keys for auto%\",\"isPartOf\":{\"@id\":\"https:\\\/\\\/keys-for-auto.eu\\\/et\\\/#website\"},\"primaryImageOfPage\":{\"@id\":\"https:\\\/\\\/keys-for-auto.eu\\\/et\\\/product\\\/chrysler-autodele-sobiv-kaugjuhtimispult\\\/#primaryimage\"},\"image\":{\"@id\":\"https:\\\/\\\/keys-for-auto.eu\\\/et\\\/product\\\/chrysler-autodele-sobiv-kaugjuhtimispult\\\/#primaryimage\"},\"thumbnailUrl\":\"\",\"datePublished\":\"2016-04-02T19:09:50+00:00\",\"breadcrumb\":{\"@id\":\"https:\\\/\\\/keys-for-auto.eu\\\/et\\\/product\\\/chrysler-autodele-sobiv-kaugjuhtimispult\\\/#breadcrumb\"},\"inLanguage\":\"et\",\"potentialAction\":[{\"@type\":\"ReadAction\",\"target\":[\"https:\\\/\\\/keys-for-auto.eu\\\/et\\\/product\\\/chrysler-autodele-sobiv-kaugjuhtimispult\\\/\"]}]},{\"@type\":\"ImageObject\",\"inLanguage\":\"et\",\"@id\":\"https:\\\/\\\/keys-for-auto.eu\\\/et\\\/product\\\/chrysler-autodele-sobiv-kaugjuhtimispult\\\/#primaryimage\",\"url\":\"\",\"contentUrl\":\"\",\"caption\":\"Kaugjuhtimispuldi v\u00f5ti - sobib Chrysleri autodele\"},{\"@type\":\"BreadcrumbList\",\"@id\":\"https:\\\/\\\/keys-for-auto.eu\\\/et\\\/product\\\/chrysler-autodele-sobiv-kaugjuhtimispult\\\/#breadcrumb\",\"itemListElement\":[{\"@type\":\"ListItem\",\"position\":1,\"name\":\"Kodu\",\"item\":\"https:\\\/\\\/keys-for-auto.eu\\\/et\\\/\"},{\"@type\":\"ListItem\",\"position\":2,\"name\":\"Shop\",\"item\":\"https:\\\/\\\/keys-for-auto.eu\\\/\"},{\"@type\":\"ListItem\",\"position\":3,\"name\":\"Kaugjuhtimispuldi v\u00f5ti &#8211; sobib Chrysleri autodele\"}]},{\"@type\":\"WebSite\",\"@id\":\"https:\\\/\\\/keys-for-auto.eu\\\/et\\\/#website\",\"url\":\"https:\\\/\\\/keys-for-auto.eu\\\/et\\\/\",\"name\":\"Keys for auto\",\"description\":\"Car keys,  key shells, key programming\",\"publisher\":{\"@id\":\"https:\\\/\\\/keys-for-auto.eu\\\/et\\\/#organization\"},\"potentialAction\":[{\"@type\":\"SearchAction\",\"target\":{\"@type\":\"EntryPoint\",\"urlTemplate\":\"https:\\\/\\\/keys-for-auto.eu\\\/et\\\/?s={search_term_string}\"},\"query-input\":{\"@type\":\"PropertyValueSpecification\",\"valueRequired\":true,\"valueName\":\"search_term_string\"}}],\"inLanguage\":\"et\"},{\"@type\":\"Organization\",\"@id\":\"https:\\\/\\\/keys-for-auto.eu\\\/et\\\/#organization\",\"name\":\"Auto v\u00f5tmed\",\"url\":\"https:\\\/\\\/keys-for-auto.eu\\\/et\\\/\",\"logo\":{\"@type\":\"ImageObject\",\"inLanguage\":\"et\",\"@id\":\"https:\\\/\\\/keys-for-auto.eu\\\/et\\\/#\\\/schema\\\/logo\\\/image\\\/\",\"url\":\"https:\\\/\\\/keys-for-auto.eu\\\/wp-content\\\/uploads\\\/2022\\\/11\\\/cropped-png1.png\",\"contentUrl\":\"https:\\\/\\\/keys-for-auto.eu\\\/wp-content\\\/uploads\\\/2022\\\/11\\\/cropped-png1.png\",\"width\":1000,\"height\":342,\"caption\":\"Auto v\u00f5tmed\"},\"image\":{\"@id\":\"https:\\\/\\\/keys-for-auto.eu\\\/et\\\/#\\\/schema\\\/logo\\\/image\\\/\"},\"sameAs\":[\"https:\\\/\\\/www.facebook.com\\\/KeysForAutoEU\"]}]}<\/script>\n<!-- \/ Yoast SEO plugin. -->","yoast_head_json":{"title":"Kaugjuhtimispuldi v\u00f5ti - sobib Chrysleri autodele - Keys for auto%","robots":{"index":"index","follow":"follow","max-snippet":"max-snippet:-1","max-image-preview":"max-image-preview:large","max-video-preview":"max-video-preview:-1"},"canonical":"https:\/\/keys-for-auto.eu\/et\/product\/chrysler-autodele-sobiv-kaugjuhtimispult\/","og_locale":"et_EE","og_type":"article","og_title":"Kaugjuhtimispuldi v\u00f5ti - sobib Chrysleri autodele - Keys for auto%","og_description":"Chrysleri jaoks - sobivad v\u00f5tmed koos kaugjuhtimispuldiga, palun t\u00e4psustage number tellimisel. Autov\u00f5tmete tootmine  Uute autov\u00f5tmete valmistamine, v\u00f5tmete programmeerimine (\"sidumine\" autoga)  Varem kaotatud v\u00f5tmete kustutamine auto m\u00e4lust  S\u00fc\u00fctev\u00f5tme tootmine vastavalt lukule  Autov\u00f5tmete remont (nuppude, kestade, mehhanismide vahetus)  Autode avamine h\u00e4daolukorras  V\u00f5tmete, v\u00f5tmekastide kaubandus  DPF \/ FAP tarkvara v\u00e4ljal\u00fclitamine  Programmiline EGR eemaldamine  Kasutust\u00f5kise tarkvara deaktiveerimine (immo Off)  Mootori kontrollploki (ECU) remont, kloonimine, programmeerimine  SRS (turvapadja juhtseadme programmeerimine) kaubad saadetakse 3 t\u00f6\u00f6p\u00e4eva jooksul.* &nbsp; &nbsp; &nbsp;","og_url":"https:\/\/keys-for-auto.eu\/et\/product\/chrysler-autodele-sobiv-kaugjuhtimispult\/","og_site_name":"Keys for auto","article_publisher":"https:\/\/www.facebook.com\/KeysForAutoEU","twitter_card":"summary_large_image","twitter_misc":{"Est. reading time":"1 minut"},"schema":{"@context":"https:\/\/schema.org","@graph":[{"@type":["WebPage","ItemPage"],"@id":"https:\/\/keys-for-auto.eu\/et\/product\/chrysler-autodele-sobiv-kaugjuhtimispult\/","url":"https:\/\/keys-for-auto.eu\/et\/product\/chrysler-autodele-sobiv-kaugjuhtimispult\/","name":"Kaugjuhtimispuldi v\u00f5ti - sobib Chrysleri autodele - Keys for auto%","isPartOf":{"@id":"https:\/\/keys-for-auto.eu\/et\/#website"},"primaryImageOfPage":{"@id":"https:\/\/keys-for-auto.eu\/et\/product\/chrysler-autodele-sobiv-kaugjuhtimispult\/#primaryimage"},"image":{"@id":"https:\/\/keys-for-auto.eu\/et\/product\/chrysler-autodele-sobiv-kaugjuhtimispult\/#primaryimage"},"thumbnailUrl":"","datePublished":"2016-04-02T19:09:50+00:00","breadcrumb":{"@id":"https:\/\/keys-for-auto.eu\/et\/product\/chrysler-autodele-sobiv-kaugjuhtimispult\/#breadcrumb"},"inLanguage":"et","potentialAction":[{"@type":"ReadAction","target":["https:\/\/keys-for-auto.eu\/et\/product\/chrysler-autodele-sobiv-kaugjuhtimispult\/"]}]},{"@type":"ImageObject","inLanguage":"et","@id":"https:\/\/keys-for-auto.eu\/et\/product\/chrysler-autodele-sobiv-kaugjuhtimispult\/#primaryimage","url":"","contentUrl":"","caption":"Kaugjuhtimispuldi v\u00f5ti - sobib Chrysleri autodele"},{"@type":"BreadcrumbList","@id":"https:\/\/keys-for-auto.eu\/et\/product\/chrysler-autodele-sobiv-kaugjuhtimispult\/#breadcrumb","itemListElement":[{"@type":"ListItem","position":1,"name":"Kodu","item":"https:\/\/keys-for-auto.eu\/et\/"},{"@type":"ListItem","position":2,"name":"Shop","item":"https:\/\/keys-for-auto.eu\/"},{"@type":"ListItem","position":3,"name":"Kaugjuhtimispuldi v\u00f5ti &#8211; sobib Chrysleri autodele"}]},{"@type":"WebSite","@id":"https:\/\/keys-for-auto.eu\/et\/#website","url":"https:\/\/keys-for-auto.eu\/et\/","name":"Keys for auto","description":"Car keys,  key shells, key programming","publisher":{"@id":"https:\/\/keys-for-auto.eu\/et\/#organization"},"potentialAction":[{"@type":"SearchAction","target":{"@type":"EntryPoint","urlTemplate":"https:\/\/keys-for-auto.eu\/et\/?s={search_term_string}"},"query-input":{"@type":"PropertyValueSpecification","valueRequired":true,"valueName":"search_term_string"}}],"inLanguage":"et"},{"@type":"Organization","@id":"https:\/\/keys-for-auto.eu\/et\/#organization","name":"Auto v\u00f5tmed","url":"https:\/\/keys-for-auto.eu\/et\/","logo":{"@type":"ImageObject","inLanguage":"et","@id":"https:\/\/keys-for-auto.eu\/et\/#\/schema\/logo\/image\/","url":"https:\/\/keys-for-auto.eu\/wp-content\/uploads\/2022\/11\/cropped-png1.png","contentUrl":"https:\/\/keys-for-auto.eu\/wp-content\/uploads\/2022\/11\/cropped-png1.png","width":1000,"height":342,"caption":"Auto v\u00f5tmed"},"image":{"@id":"https:\/\/keys-for-auto.eu\/et\/#\/schema\/logo\/image\/"},"sameAs":["https:\/\/www.facebook.com\/KeysForAutoEU"]}]}},"_links":{"self":[{"href":"https:\/\/keys-for-auto.eu\/et\/wp-json\/wp\/v2\/product\/20211","targetHints":{"allow":["GET"]}}],"collection":[{"href":"https:\/\/keys-for-auto.eu\/et\/wp-json\/wp\/v2\/product"}],"about":[{"href":"https:\/\/keys-for-auto.eu\/et\/wp-json\/wp\/v2\/types\/product"}],"replies":[{"embeddable":true,"href":"https:\/\/keys-for-auto.eu\/et\/wp-json\/wp\/v2\/comments?post=20211"}],"wp:featuredmedia":[{"embeddable":true,"href":"https:\/\/keys-for-auto.eu\/et\/wp-json\/wp\/v2\/media\/18023"}],"wp:attachment":[{"href":"https:\/\/keys-for-auto.eu\/et\/wp-json\/wp\/v2\/media?parent=20211"}],"wp:term":[{"taxonomy":"product_brand","embeddable":true,"href":"https:\/\/keys-for-auto.eu\/et\/wp-json\/wp\/v2\/product_brand?post=20211"},{"taxonomy":"product_cat","embeddable":true,"href":"https:\/\/keys-for-auto.eu\/et\/wp-json\/wp\/v2\/product_cat?post=20211"},{"taxonomy":"product_tag","embeddable":true,"href":"https:\/\/keys-for-auto.eu\/et\/wp-json\/wp\/v2\/product_tag?post=20211"}],"curies":[{"name":"wp","href":"https:\/\/api.w.org\/{rel}","templated":true}]}}