{"id":20205,"date":"2016-04-02T19:13:24","date_gmt":"2016-04-02T19:13:24","guid":{"rendered":"https:\/\/keys-for-auto.eu\/product\/kaugjuhtimispuldi-voti-sobib-citroen-ds3-ds4-ds5-jaoks\/"},"modified":"2016-04-02T19:13:24","modified_gmt":"2016-04-02T19:13:24","slug":"kaugjuhtimispult-voti-sobib-sitroen-ds3-ds4-ds5-jaoks","status":"publish","type":"product","link":"https:\/\/keys-for-auto.eu\/et\/product\/kaugjuhtimispult-voti-sobib-sitroen-ds3-ds4-ds5-jaoks\/","title":{"rendered":"Kaugjuhtimispuldi v\u00f5ti &#8211; sobib Citroen DS3 | DS4 | DS5 jaoks"},"content":{"rendered":"<h2>Tutvustame Citroen DS3, DS4, DS5 kaugjuhtimispuldi v\u00f5tit, mis sobib DS seeria autodele.<\/h2>\n<p>Kui olete huvitatud mitte ainult oma Citroeni v\u00f5tmete ostmisest, vaid ka nende programmeerimisest, oleme ettev\u00f5te<img loading=\"lazy\" decoding=\"async\" class=\"alignright\" src=\"http:\/\/raktai-automobiliams.lt\/wp-content\/uploads\/2016\/04\/logoimage_85.png\" alt=\"Citroen\" width=\"203\" height=\"247\">, kes pakub seda teenust kiiresti, kvaliteetselt ja taskukohaselt. \u00dcha enam kliente p\u00f6\u00f6rdub meie poole v\u00f5tmete programmeerimiseks. See t\u00f5estab meie usaldusv\u00e4\u00e4rsust ja professionaalsust v\u00f5tmete tootmise ja programmeerimise valdkonnas. Me programmeerime v\u00f5tmeid mitte ainult Citroenile, vaid ka k\u00f5ikidele teistele automarkidele.<\/p>\n<p>&nbsp;<\/p>\n<h2>Citroeni v\u00f5tmete programmeerimine<\/h2>\n<p>Kui soovite oma autot turvaliselt hoida, tellige v\u00f5tmete programmeerimine ja tootmine kohe, sest v\u00f5tmete tootmine ei ole kunagi varem olnud nii mugav ja kiire! Me garanteerime oma t\u00f6\u00f6 kvaliteeti, mist\u00f5ttu anname igale teenusele kirjaliku garantii.<\/p>\n<p>Autov\u00f5tmed on meie kirg, mis ajendab meid edasi ja aitab meil vastata uutele v\u00e4ljakutsetele, uuendada pidevalt tehnoloogiat, millega me kvaliteedi nimel t\u00f6\u00f6tame, ning suhtuda vastutustundlikult ja hoolivalt igasse klienti ja tema autosse. Mitte ilmaasjata ei \u00fctle ju keegi, et algus on iga teekonna k\u00f5ige t\u00e4htsam osa. Me \u00fctleme, et on oluline alustada iga reisi sujuvalt ja l\u00f5petada see ohutult. Ja sujuv k\u00e4ivitamine t\u00e4hendab auto avamist ja k\u00e4ivitamist. Turvaline l\u00f5pp on auto lukustamine ilma hirmuta, et see ei ole piisavalt kaitstud. Siis ongi aeg p\u00f6\u00f6rduda meie poole &#8211; auto v\u00f5tmete professionaalide poole!<\/p>\n","protected":false},"excerpt":{"rendered":"<p><em><strong>Citroen autodele sobiv v\u00f5ti, &#8211; kaugjuhtimispuldiga v\u00f5ti, sobib DS-seeria autodele.<\/strong><\/em><\/p>\n<h3><strong>Autov\u00f5tmete tootmine<\/strong><\/h3>\n<ul>\n<li><strong>Uute autov\u00f5tmete valmistamine, v\u00f5tmete programmeerimine (&#8220;sidumine&#8221; autoga)<\/strong><\/li>\n<li><strong>Varem kaotatud v\u00f5tmete kustutamine auto m\u00e4lust<\/strong><\/li>\n<li><strong>S\u00fc\u00fctev\u00f5tme tootmine vastavalt lukule<\/strong><\/li>\n<li><strong>Autov\u00f5tmete remont (nuppude, kestade, mehhanismide vahetus)<\/strong><\/li>\n<li><strong>Autode avamine h\u00e4daolukorras<\/strong><\/li>\n<li><strong>V\u00f5tmete, v\u00f5tmekastide kaubandus<\/strong><\/li>\n<li><strong>DPF \/ FAP tarkvara v\u00e4ljal\u00fclitamine<\/strong><\/li>\n<li><strong>Programmiline EGR eemaldamine<\/strong><\/li>\n<li><strong>Kasutust\u00f5kise tarkvara deaktiveerimine (immo Off)<\/strong><\/li>\n<li><strong>Mootori kontrollploki (ECU) remont, kloonimine, programmeerimine<\/strong><\/li>\n<li><strong>SRS (turvapadja juhtseadme programmeerimine)<\/strong><\/li>\n<\/ul>\n<h4><strong>kaubad saadetakse 3 t\u00f6\u00f6p\u00e4eva jooksul.*<\/strong><\/h4>\n<p>&nbsp;<\/p>\n<p>&nbsp;<\/p>\n","protected":false},"featured_media":17796,"comment_status":"open","ping_status":"closed","template":"","meta":[],"product_brand":[],"product_cat":[3522,3527],"product_tag":[3861,3864,3873,3818],"class_list":{"0":"post-20205","1":"product","2":"type-product","3":"status-publish","4":"has-post-thumbnail","6":"product_cat-citroen-et","7":"product_cat-kaugjuhtimispuldi-votmed","8":"product_tag-citroen-ds3-voti","9":"product_tag-citroen-ds4-voti","10":"product_tag-citroen-ds5-voti","11":"product_tag-citroen-voti","13":"first","14":"instock","15":"shipping-taxable","16":"purchasable","17":"product-type-simple"},"yoast_head":"<!-- This site is optimized with the Yoast SEO plugin v27.3 - https:\/\/yoast.com\/product\/yoast-seo-wordpress\/ -->\n<title>Kaugjuhtimispuldi v\u00f5ti - sobib Citroen DS3 | DS4 | DS5 jaoks - Keys for auto%<\/title>\n<meta name=\"robots\" content=\"index, follow, max-snippet:-1, max-image-preview:large, max-video-preview:-1\" \/>\n<link rel=\"canonical\" href=\"https:\/\/keys-for-auto.eu\/et\/product\/kaugjuhtimispult-voti-sobib-sitroen-ds3-ds4-ds5-jaoks\/\" \/>\n<meta property=\"og:locale\" content=\"et_EE\" \/>\n<meta property=\"og:type\" content=\"article\" \/>\n<meta property=\"og:title\" content=\"Kaugjuhtimispuldi v\u00f5ti - sobib Citroen DS3 | DS4 | DS5 jaoks - Keys for auto%\" \/>\n<meta property=\"og:description\" content=\"Citroen autodele sobiv v\u00f5ti, - kaugjuhtimispuldiga v\u00f5ti, sobib DS-seeria autodele. Autov\u00f5tmete tootmine  Uute autov\u00f5tmete valmistamine, v\u00f5tmete programmeerimine (&quot;sidumine&quot; autoga)  Varem kaotatud v\u00f5tmete kustutamine auto m\u00e4lust  S\u00fc\u00fctev\u00f5tme tootmine vastavalt lukule  Autov\u00f5tmete remont (nuppude, kestade, mehhanismide vahetus)  Autode avamine h\u00e4daolukorras  V\u00f5tmete, v\u00f5tmekastide kaubandus  DPF \/ FAP tarkvara v\u00e4ljal\u00fclitamine  Programmiline EGR eemaldamine  Kasutust\u00f5kise tarkvara deaktiveerimine (immo Off)  Mootori kontrollploki (ECU) remont, kloonimine, programmeerimine  SRS (turvapadja juhtseadme programmeerimine) kaubad saadetakse 3 t\u00f6\u00f6p\u00e4eva jooksul.* &nbsp; &nbsp;\" \/>\n<meta property=\"og:url\" content=\"https:\/\/keys-for-auto.eu\/et\/product\/kaugjuhtimispult-voti-sobib-sitroen-ds3-ds4-ds5-jaoks\/\" \/>\n<meta property=\"og:site_name\" content=\"Keys for auto\" \/>\n<meta property=\"article:publisher\" content=\"https:\/\/www.facebook.com\/KeysForAutoEU\" \/>\n<meta name=\"twitter:card\" content=\"summary_large_image\" \/>\n<meta name=\"twitter:label1\" content=\"Est. reading time\" \/>\n\t<meta name=\"twitter:data1\" content=\"1 minut\" \/>\n<script type=\"application\/ld+json\" class=\"yoast-schema-graph\">{\"@context\":\"https:\\\/\\\/schema.org\",\"@graph\":[{\"@type\":[\"WebPage\",\"ItemPage\"],\"@id\":\"https:\\\/\\\/keys-for-auto.eu\\\/et\\\/product\\\/kaugjuhtimispult-voti-sobib-sitroen-ds3-ds4-ds5-jaoks\\\/\",\"url\":\"https:\\\/\\\/keys-for-auto.eu\\\/et\\\/product\\\/kaugjuhtimispult-voti-sobib-sitroen-ds3-ds4-ds5-jaoks\\\/\",\"name\":\"Kaugjuhtimispuldi v\u00f5ti - sobib Citroen DS3 | DS4 | DS5 jaoks - Keys for auto%\",\"isPartOf\":{\"@id\":\"https:\\\/\\\/keys-for-auto.eu\\\/et\\\/#website\"},\"primaryImageOfPage\":{\"@id\":\"https:\\\/\\\/keys-for-auto.eu\\\/et\\\/product\\\/kaugjuhtimispult-voti-sobib-sitroen-ds3-ds4-ds5-jaoks\\\/#primaryimage\"},\"image\":{\"@id\":\"https:\\\/\\\/keys-for-auto.eu\\\/et\\\/product\\\/kaugjuhtimispult-voti-sobib-sitroen-ds3-ds4-ds5-jaoks\\\/#primaryimage\"},\"thumbnailUrl\":\"\",\"datePublished\":\"2016-04-02T19:13:24+00:00\",\"breadcrumb\":{\"@id\":\"https:\\\/\\\/keys-for-auto.eu\\\/et\\\/product\\\/kaugjuhtimispult-voti-sobib-sitroen-ds3-ds4-ds5-jaoks\\\/#breadcrumb\"},\"inLanguage\":\"et\",\"potentialAction\":[{\"@type\":\"ReadAction\",\"target\":[\"https:\\\/\\\/keys-for-auto.eu\\\/et\\\/product\\\/kaugjuhtimispult-voti-sobib-sitroen-ds3-ds4-ds5-jaoks\\\/\"]}]},{\"@type\":\"ImageObject\",\"inLanguage\":\"et\",\"@id\":\"https:\\\/\\\/keys-for-auto.eu\\\/et\\\/product\\\/kaugjuhtimispult-voti-sobib-sitroen-ds3-ds4-ds5-jaoks\\\/#primaryimage\",\"url\":\"\",\"contentUrl\":\"\",\"caption\":\"Kaugjuhtimispuldi v\u00f5ti - sobib Citroen DS3 | DS4 | DS5 jaoks\"},{\"@type\":\"BreadcrumbList\",\"@id\":\"https:\\\/\\\/keys-for-auto.eu\\\/et\\\/product\\\/kaugjuhtimispult-voti-sobib-sitroen-ds3-ds4-ds5-jaoks\\\/#breadcrumb\",\"itemListElement\":[{\"@type\":\"ListItem\",\"position\":1,\"name\":\"Kodu\",\"item\":\"https:\\\/\\\/keys-for-auto.eu\\\/et\\\/\"},{\"@type\":\"ListItem\",\"position\":2,\"name\":\"Shop\",\"item\":\"https:\\\/\\\/keys-for-auto.eu\\\/\"},{\"@type\":\"ListItem\",\"position\":3,\"name\":\"Kaugjuhtimispuldi v\u00f5ti &#8211; sobib Citroen DS3 | DS4 | DS5 jaoks\"}]},{\"@type\":\"WebSite\",\"@id\":\"https:\\\/\\\/keys-for-auto.eu\\\/et\\\/#website\",\"url\":\"https:\\\/\\\/keys-for-auto.eu\\\/et\\\/\",\"name\":\"Keys for auto\",\"description\":\"Car keys,  key shells, key programming\",\"publisher\":{\"@id\":\"https:\\\/\\\/keys-for-auto.eu\\\/et\\\/#organization\"},\"potentialAction\":[{\"@type\":\"SearchAction\",\"target\":{\"@type\":\"EntryPoint\",\"urlTemplate\":\"https:\\\/\\\/keys-for-auto.eu\\\/et\\\/?s={search_term_string}\"},\"query-input\":{\"@type\":\"PropertyValueSpecification\",\"valueRequired\":true,\"valueName\":\"search_term_string\"}}],\"inLanguage\":\"et\"},{\"@type\":\"Organization\",\"@id\":\"https:\\\/\\\/keys-for-auto.eu\\\/et\\\/#organization\",\"name\":\"Auto v\u00f5tmed\",\"url\":\"https:\\\/\\\/keys-for-auto.eu\\\/et\\\/\",\"logo\":{\"@type\":\"ImageObject\",\"inLanguage\":\"et\",\"@id\":\"https:\\\/\\\/keys-for-auto.eu\\\/et\\\/#\\\/schema\\\/logo\\\/image\\\/\",\"url\":\"https:\\\/\\\/keys-for-auto.eu\\\/wp-content\\\/uploads\\\/2022\\\/11\\\/cropped-png1.png\",\"contentUrl\":\"https:\\\/\\\/keys-for-auto.eu\\\/wp-content\\\/uploads\\\/2022\\\/11\\\/cropped-png1.png\",\"width\":1000,\"height\":342,\"caption\":\"Auto v\u00f5tmed\"},\"image\":{\"@id\":\"https:\\\/\\\/keys-for-auto.eu\\\/et\\\/#\\\/schema\\\/logo\\\/image\\\/\"},\"sameAs\":[\"https:\\\/\\\/www.facebook.com\\\/KeysForAutoEU\"]}]}<\/script>\n<!-- \/ Yoast SEO plugin. -->","yoast_head_json":{"title":"Kaugjuhtimispuldi v\u00f5ti - sobib Citroen DS3 | DS4 | DS5 jaoks - Keys for auto%","robots":{"index":"index","follow":"follow","max-snippet":"max-snippet:-1","max-image-preview":"max-image-preview:large","max-video-preview":"max-video-preview:-1"},"canonical":"https:\/\/keys-for-auto.eu\/et\/product\/kaugjuhtimispult-voti-sobib-sitroen-ds3-ds4-ds5-jaoks\/","og_locale":"et_EE","og_type":"article","og_title":"Kaugjuhtimispuldi v\u00f5ti - sobib Citroen DS3 | DS4 | DS5 jaoks - Keys for auto%","og_description":"Citroen autodele sobiv v\u00f5ti, - kaugjuhtimispuldiga v\u00f5ti, sobib DS-seeria autodele. Autov\u00f5tmete tootmine  Uute autov\u00f5tmete valmistamine, v\u00f5tmete programmeerimine (\"sidumine\" autoga)  Varem kaotatud v\u00f5tmete kustutamine auto m\u00e4lust  S\u00fc\u00fctev\u00f5tme tootmine vastavalt lukule  Autov\u00f5tmete remont (nuppude, kestade, mehhanismide vahetus)  Autode avamine h\u00e4daolukorras  V\u00f5tmete, v\u00f5tmekastide kaubandus  DPF \/ FAP tarkvara v\u00e4ljal\u00fclitamine  Programmiline EGR eemaldamine  Kasutust\u00f5kise tarkvara deaktiveerimine (immo Off)  Mootori kontrollploki (ECU) remont, kloonimine, programmeerimine  SRS (turvapadja juhtseadme programmeerimine) kaubad saadetakse 3 t\u00f6\u00f6p\u00e4eva jooksul.* &nbsp; &nbsp;","og_url":"https:\/\/keys-for-auto.eu\/et\/product\/kaugjuhtimispult-voti-sobib-sitroen-ds3-ds4-ds5-jaoks\/","og_site_name":"Keys for auto","article_publisher":"https:\/\/www.facebook.com\/KeysForAutoEU","twitter_card":"summary_large_image","twitter_misc":{"Est. reading time":"1 minut"},"schema":{"@context":"https:\/\/schema.org","@graph":[{"@type":["WebPage","ItemPage"],"@id":"https:\/\/keys-for-auto.eu\/et\/product\/kaugjuhtimispult-voti-sobib-sitroen-ds3-ds4-ds5-jaoks\/","url":"https:\/\/keys-for-auto.eu\/et\/product\/kaugjuhtimispult-voti-sobib-sitroen-ds3-ds4-ds5-jaoks\/","name":"Kaugjuhtimispuldi v\u00f5ti - sobib Citroen DS3 | DS4 | DS5 jaoks - Keys for auto%","isPartOf":{"@id":"https:\/\/keys-for-auto.eu\/et\/#website"},"primaryImageOfPage":{"@id":"https:\/\/keys-for-auto.eu\/et\/product\/kaugjuhtimispult-voti-sobib-sitroen-ds3-ds4-ds5-jaoks\/#primaryimage"},"image":{"@id":"https:\/\/keys-for-auto.eu\/et\/product\/kaugjuhtimispult-voti-sobib-sitroen-ds3-ds4-ds5-jaoks\/#primaryimage"},"thumbnailUrl":"","datePublished":"2016-04-02T19:13:24+00:00","breadcrumb":{"@id":"https:\/\/keys-for-auto.eu\/et\/product\/kaugjuhtimispult-voti-sobib-sitroen-ds3-ds4-ds5-jaoks\/#breadcrumb"},"inLanguage":"et","potentialAction":[{"@type":"ReadAction","target":["https:\/\/keys-for-auto.eu\/et\/product\/kaugjuhtimispult-voti-sobib-sitroen-ds3-ds4-ds5-jaoks\/"]}]},{"@type":"ImageObject","inLanguage":"et","@id":"https:\/\/keys-for-auto.eu\/et\/product\/kaugjuhtimispult-voti-sobib-sitroen-ds3-ds4-ds5-jaoks\/#primaryimage","url":"","contentUrl":"","caption":"Kaugjuhtimispuldi v\u00f5ti - sobib Citroen DS3 | DS4 | DS5 jaoks"},{"@type":"BreadcrumbList","@id":"https:\/\/keys-for-auto.eu\/et\/product\/kaugjuhtimispult-voti-sobib-sitroen-ds3-ds4-ds5-jaoks\/#breadcrumb","itemListElement":[{"@type":"ListItem","position":1,"name":"Kodu","item":"https:\/\/keys-for-auto.eu\/et\/"},{"@type":"ListItem","position":2,"name":"Shop","item":"https:\/\/keys-for-auto.eu\/"},{"@type":"ListItem","position":3,"name":"Kaugjuhtimispuldi v\u00f5ti &#8211; sobib Citroen DS3 | DS4 | DS5 jaoks"}]},{"@type":"WebSite","@id":"https:\/\/keys-for-auto.eu\/et\/#website","url":"https:\/\/keys-for-auto.eu\/et\/","name":"Keys for auto","description":"Car keys,  key shells, key programming","publisher":{"@id":"https:\/\/keys-for-auto.eu\/et\/#organization"},"potentialAction":[{"@type":"SearchAction","target":{"@type":"EntryPoint","urlTemplate":"https:\/\/keys-for-auto.eu\/et\/?s={search_term_string}"},"query-input":{"@type":"PropertyValueSpecification","valueRequired":true,"valueName":"search_term_string"}}],"inLanguage":"et"},{"@type":"Organization","@id":"https:\/\/keys-for-auto.eu\/et\/#organization","name":"Auto v\u00f5tmed","url":"https:\/\/keys-for-auto.eu\/et\/","logo":{"@type":"ImageObject","inLanguage":"et","@id":"https:\/\/keys-for-auto.eu\/et\/#\/schema\/logo\/image\/","url":"https:\/\/keys-for-auto.eu\/wp-content\/uploads\/2022\/11\/cropped-png1.png","contentUrl":"https:\/\/keys-for-auto.eu\/wp-content\/uploads\/2022\/11\/cropped-png1.png","width":1000,"height":342,"caption":"Auto v\u00f5tmed"},"image":{"@id":"https:\/\/keys-for-auto.eu\/et\/#\/schema\/logo\/image\/"},"sameAs":["https:\/\/www.facebook.com\/KeysForAutoEU"]}]}},"_links":{"self":[{"href":"https:\/\/keys-for-auto.eu\/et\/wp-json\/wp\/v2\/product\/20205","targetHints":{"allow":["GET"]}}],"collection":[{"href":"https:\/\/keys-for-auto.eu\/et\/wp-json\/wp\/v2\/product"}],"about":[{"href":"https:\/\/keys-for-auto.eu\/et\/wp-json\/wp\/v2\/types\/product"}],"replies":[{"embeddable":true,"href":"https:\/\/keys-for-auto.eu\/et\/wp-json\/wp\/v2\/comments?post=20205"}],"wp:featuredmedia":[{"embeddable":true,"href":"https:\/\/keys-for-auto.eu\/et\/wp-json\/wp\/v2\/media\/17796"}],"wp:attachment":[{"href":"https:\/\/keys-for-auto.eu\/et\/wp-json\/wp\/v2\/media?parent=20205"}],"wp:term":[{"taxonomy":"product_brand","embeddable":true,"href":"https:\/\/keys-for-auto.eu\/et\/wp-json\/wp\/v2\/product_brand?post=20205"},{"taxonomy":"product_cat","embeddable":true,"href":"https:\/\/keys-for-auto.eu\/et\/wp-json\/wp\/v2\/product_cat?post=20205"},{"taxonomy":"product_tag","embeddable":true,"href":"https:\/\/keys-for-auto.eu\/et\/wp-json\/wp\/v2\/product_tag?post=20205"}],"curies":[{"name":"wp","href":"https:\/\/api.w.org\/{rel}","templated":true}]}}