{"id":20201,"date":"2016-04-02T19:18:20","date_gmt":"2016-04-02T19:18:20","guid":{"rendered":"https:\/\/keys-for-auto.eu\/product\/kaugjuhtimispuldi-voti-sobib-ford-focus-mondeo-fiesta-jaoks\/"},"modified":"2016-04-02T19:18:20","modified_gmt":"2016-04-02T19:18:20","slug":"remote-control-key-suitable-for-ford-focus-mondeo-fiesta","status":"publish","type":"product","link":"https:\/\/keys-for-auto.eu\/et\/product\/remote-control-key-suitable-for-ford-focus-mondeo-fiesta\/","title":{"rendered":"Kaugjuhtimispuldi v\u00f5ti &#8211; sobib Ford Focus | Mondeo | Fiesta jaoks"},"content":{"rendered":"<h2><strong>Kaugjuhtimispuldi v\u00f5ti &#8211; sobib Ford Focus | Mondeo | Fiesta jaoks<\/strong><\/h2>\n<p>Tutvustame 433 MHz kaugjuhtimispuldi v\u00f5tit Ford Focus, Mondeo, Fiesta jaoks.<\/p>\n<p>V\u00f5ib-olla vajate mitte ainult Fordi kaugjuhtimispuldi v\u00f5tit, vaid ka v\u00f5tme programmeerimist? Siis olete tulnud \u00f5igesse kohta! Me programmeerime v\u00f5tmeid mitte ainult Fordi, vaid ka paljude teiste kaubam\u00e4rkide jaoks. Fordi v\u00f5tmed on siiski t\u00e4helepanuv\u00e4\u00e4rsed oma populaarsuse poolest. Ilmselt seet\u00f5ttu, et Fordi kaubam\u00e4rk on meie riigis v\u00e4ga populaarne. Selle p\u00f5hjuseks on see, et see auto on t\u00e4iuslik kombinatsioon funktsionaalsusest, usaldusv\u00e4\u00e4rsusest ja \u00f6konoomsusest. Kui need Fordi omadused avaldavad ka teile muljet ja soovite tagada selle ohutuse, v\u00f5tke meiega \u00fchendust! Sest \u00fcks kindlaimaid viise, kuidas oma s\u00f5idukit turvaliselt hoida, on veenduda, et see on teie v\u00f5tmetega programmeeritud.<\/p>\n<h3>Me programmeerime v\u00f5tmed<\/h3>\n<p>V\u00f5tmeprogrammeerimine. Teie reis on seda 100 protsenti v\u00e4\u00e4rt, sest meie teenused on k\u00f5rgeima kvaliteediga! Seda kinnitab \u00fcha kasvav arv rahulolevaid kliente. Meil on hea meel teie tagasiside \u00fcle. Iga siiras t\u00e4nu on meile stiimuliks, et t\u00e4iustuda.<\/p>\n<p>Autov\u00f5tmete programmeerimine ei j\u00e4\u00e4 seisma. Tehnoloogia paraneb. Ja nii ka meie. Me uuendame kasutatavat tehnoloogiat ja t\u00e4iustame oma k\u00e4sit\u00f6\u00f6liste oskusi. Nii et kui teil on vaja auto v\u00f5tme programmeerimist, usaldage meid! V\u00f5tmete tootmisega tegelevad paljud ettev\u00f5tted. Meie konkurentsieelised on aga: kiirus, kvaliteet ja soodsad hinnad. Me l\u00e4heneme igale kliendile individuaalselt.<\/p>\n<p>Autov\u00f5tmed on midagi enamat kui lihtsalt t\u00f6\u00f6riist. See on rohkem kui lihtsalt v\u00f5ti, see on v\u00f5imalus edasi liikuda ja reisida. Ja iga teekond on natuke nagu muinasjutt. See ei pea olema maailmareis. Isegi kui te lihtsalt l\u00e4hete kodust t\u00f6\u00f6le. Loomulikult on eduka teekonna \u00f5nnestumiseks oluline sujuv algus. Ja kui te j\u00e4tate oma auto parklasse, siis tahate selle sealt \u00fcles leida. Lihtsalt \u00f6eldes on teie auto turvalisus \u00fclioluline. Professionaalne autov\u00f5tmete programmeerimine v\u00f5ib neid aspekte tagada. Nii et \u00e4rge h\u00e4benege ja v\u00f5tke meiega \u00fchendust!<\/p>\n","protected":false},"excerpt":{"rendered":"<p><em><strong>Kaugjuhtimispuldi v\u00f5ti (433MHz), mis sobib Fordi autodele.<\/strong><\/em><\/p>\n<h3><strong>Autov\u00f5tmete tootmine<\/strong><\/h3>\n<ul>\n<li><strong>Uute autov\u00f5tmete valmistamine, v\u00f5tmete programmeerimine (&#8220;sidumine&#8221; autoga)<\/strong><\/li>\n<li><strong>Varem kaotatud v\u00f5tmete kustutamine auto m\u00e4lust<\/strong><\/li>\n<li><strong>S\u00fc\u00fctev\u00f5tme tootmine vastavalt lukule<\/strong><\/li>\n<li><strong>Autov\u00f5tmete remont (nuppude, kestade, mehhanismide vahetus)<\/strong><\/li>\n<li><strong>Autode avamine h\u00e4daolukorras<\/strong><\/li>\n<li><strong>V\u00f5tmete, v\u00f5tmekastide kaubandus<\/strong><\/li>\n<li><strong>DPF \/ FAP tarkvara v\u00e4ljal\u00fclitamine<\/strong><\/li>\n<li><strong>Programmiline EGR eemaldamine<\/strong><\/li>\n<li><strong>Kasutust\u00f5kise tarkvara deaktiveerimine (immo Off)<\/strong><\/li>\n<li><strong>Mootori kontrollploki (ECU) remont, kloonimine, programmeerimine<\/strong><\/li>\n<li><strong>SRS (turvapadja juhtseadme programmeerimine)<\/strong><\/li>\n<\/ul>\n<h4><strong>  kaubad saadetakse 3 t\u00f6\u00f6p\u00e4eva jooksul.*<\/strong><\/h4>\n","protected":false},"featured_media":18184,"comment_status":"open","ping_status":"closed","template":"","meta":[],"product_brand":[],"product_cat":[3552,3527],"product_tag":[3854,3859,3862],"class_list":{"0":"post-20201","1":"product","2":"type-product","3":"status-publish","4":"has-post-thumbnail","6":"product_cat-ford-et","7":"product_cat-kaugjuhtimispuldi-votmed","8":"product_tag-ford-fiesta-voti","9":"product_tag-ford-focus-voti","10":"product_tag-ford-mondeo-voti","12":"first","13":"instock","14":"shipping-taxable","15":"purchasable","16":"product-type-simple"},"yoast_head":"<!-- This site is optimized with the Yoast SEO plugin v27.3 - https:\/\/yoast.com\/product\/yoast-seo-wordpress\/ -->\n<title>Kaugjuhtimispuldi v\u00f5ti - sobib Ford Focus | Mondeo | Fiesta jaoks - Keys for auto%<\/title>\n<meta name=\"robots\" content=\"index, follow, max-snippet:-1, max-image-preview:large, max-video-preview:-1\" \/>\n<link rel=\"canonical\" href=\"https:\/\/keys-for-auto.eu\/et\/product\/remote-control-key-suitable-for-ford-focus-mondeo-fiesta\/\" \/>\n<meta property=\"og:locale\" content=\"et_EE\" \/>\n<meta property=\"og:type\" content=\"article\" \/>\n<meta property=\"og:title\" content=\"Kaugjuhtimispuldi v\u00f5ti - sobib Ford Focus | Mondeo | Fiesta jaoks - Keys for auto%\" \/>\n<meta property=\"og:description\" content=\"Kaugjuhtimispuldi v\u00f5ti (433MHz), mis sobib Fordi autodele. Autov\u00f5tmete tootmine  Uute autov\u00f5tmete valmistamine, v\u00f5tmete programmeerimine (&quot;sidumine&quot; autoga)  Varem kaotatud v\u00f5tmete kustutamine auto m\u00e4lust  S\u00fc\u00fctev\u00f5tme tootmine vastavalt lukule  Autov\u00f5tmete remont (nuppude, kestade, mehhanismide vahetus)  Autode avamine h\u00e4daolukorras  V\u00f5tmete, v\u00f5tmekastide kaubandus  DPF \/ FAP tarkvara v\u00e4ljal\u00fclitamine  Programmiline EGR eemaldamine  Kasutust\u00f5kise tarkvara deaktiveerimine (immo Off)  Mootori kontrollploki (ECU) remont, kloonimine, programmeerimine  SRS (turvapadja juhtseadme programmeerimine)  kaubad saadetakse 3 t\u00f6\u00f6p\u00e4eva jooksul.*\" \/>\n<meta property=\"og:url\" content=\"https:\/\/keys-for-auto.eu\/et\/product\/remote-control-key-suitable-for-ford-focus-mondeo-fiesta\/\" \/>\n<meta property=\"og:site_name\" content=\"Keys for auto\" \/>\n<meta property=\"article:publisher\" content=\"https:\/\/www.facebook.com\/KeysForAutoEU\" \/>\n<meta name=\"twitter:card\" content=\"summary_large_image\" \/>\n<meta name=\"twitter:label1\" content=\"Est. reading time\" \/>\n\t<meta name=\"twitter:data1\" content=\"2 minutit\" \/>\n<script type=\"application\/ld+json\" class=\"yoast-schema-graph\">{\"@context\":\"https:\\\/\\\/schema.org\",\"@graph\":[{\"@type\":[\"WebPage\",\"ItemPage\"],\"@id\":\"https:\\\/\\\/keys-for-auto.eu\\\/et\\\/product\\\/remote-control-key-suitable-for-ford-focus-mondeo-fiesta\\\/\",\"url\":\"https:\\\/\\\/keys-for-auto.eu\\\/et\\\/product\\\/remote-control-key-suitable-for-ford-focus-mondeo-fiesta\\\/\",\"name\":\"Kaugjuhtimispuldi v\u00f5ti - sobib Ford Focus | Mondeo | Fiesta jaoks - Keys for auto%\",\"isPartOf\":{\"@id\":\"https:\\\/\\\/keys-for-auto.eu\\\/et\\\/#website\"},\"primaryImageOfPage\":{\"@id\":\"https:\\\/\\\/keys-for-auto.eu\\\/et\\\/product\\\/remote-control-key-suitable-for-ford-focus-mondeo-fiesta\\\/#primaryimage\"},\"image\":{\"@id\":\"https:\\\/\\\/keys-for-auto.eu\\\/et\\\/product\\\/remote-control-key-suitable-for-ford-focus-mondeo-fiesta\\\/#primaryimage\"},\"thumbnailUrl\":\"\",\"datePublished\":\"2016-04-02T19:18:20+00:00\",\"breadcrumb\":{\"@id\":\"https:\\\/\\\/keys-for-auto.eu\\\/et\\\/product\\\/remote-control-key-suitable-for-ford-focus-mondeo-fiesta\\\/#breadcrumb\"},\"inLanguage\":\"et\",\"potentialAction\":[{\"@type\":\"ReadAction\",\"target\":[\"https:\\\/\\\/keys-for-auto.eu\\\/et\\\/product\\\/remote-control-key-suitable-for-ford-focus-mondeo-fiesta\\\/\"]}]},{\"@type\":\"ImageObject\",\"inLanguage\":\"et\",\"@id\":\"https:\\\/\\\/keys-for-auto.eu\\\/et\\\/product\\\/remote-control-key-suitable-for-ford-focus-mondeo-fiesta\\\/#primaryimage\",\"url\":\"\",\"contentUrl\":\"\",\"caption\":\"Kaugjuhtimispuldi v\u00f5ti - sobib Ford Focus | Mondeo | Fiesta jaoks\"},{\"@type\":\"BreadcrumbList\",\"@id\":\"https:\\\/\\\/keys-for-auto.eu\\\/et\\\/product\\\/remote-control-key-suitable-for-ford-focus-mondeo-fiesta\\\/#breadcrumb\",\"itemListElement\":[{\"@type\":\"ListItem\",\"position\":1,\"name\":\"Kodu\",\"item\":\"https:\\\/\\\/keys-for-auto.eu\\\/et\\\/\"},{\"@type\":\"ListItem\",\"position\":2,\"name\":\"Shop\",\"item\":\"https:\\\/\\\/keys-for-auto.eu\\\/\"},{\"@type\":\"ListItem\",\"position\":3,\"name\":\"Kaugjuhtimispuldi v\u00f5ti &#8211; sobib Ford Focus | Mondeo | Fiesta jaoks\"}]},{\"@type\":\"WebSite\",\"@id\":\"https:\\\/\\\/keys-for-auto.eu\\\/et\\\/#website\",\"url\":\"https:\\\/\\\/keys-for-auto.eu\\\/et\\\/\",\"name\":\"Keys for auto\",\"description\":\"Car keys,  key shells, key programming\",\"publisher\":{\"@id\":\"https:\\\/\\\/keys-for-auto.eu\\\/et\\\/#organization\"},\"potentialAction\":[{\"@type\":\"SearchAction\",\"target\":{\"@type\":\"EntryPoint\",\"urlTemplate\":\"https:\\\/\\\/keys-for-auto.eu\\\/et\\\/?s={search_term_string}\"},\"query-input\":{\"@type\":\"PropertyValueSpecification\",\"valueRequired\":true,\"valueName\":\"search_term_string\"}}],\"inLanguage\":\"et\"},{\"@type\":\"Organization\",\"@id\":\"https:\\\/\\\/keys-for-auto.eu\\\/et\\\/#organization\",\"name\":\"Auto v\u00f5tmed\",\"url\":\"https:\\\/\\\/keys-for-auto.eu\\\/et\\\/\",\"logo\":{\"@type\":\"ImageObject\",\"inLanguage\":\"et\",\"@id\":\"https:\\\/\\\/keys-for-auto.eu\\\/et\\\/#\\\/schema\\\/logo\\\/image\\\/\",\"url\":\"https:\\\/\\\/keys-for-auto.eu\\\/wp-content\\\/uploads\\\/2022\\\/11\\\/cropped-png1.png\",\"contentUrl\":\"https:\\\/\\\/keys-for-auto.eu\\\/wp-content\\\/uploads\\\/2022\\\/11\\\/cropped-png1.png\",\"width\":1000,\"height\":342,\"caption\":\"Auto v\u00f5tmed\"},\"image\":{\"@id\":\"https:\\\/\\\/keys-for-auto.eu\\\/et\\\/#\\\/schema\\\/logo\\\/image\\\/\"},\"sameAs\":[\"https:\\\/\\\/www.facebook.com\\\/KeysForAutoEU\"]}]}<\/script>\n<!-- \/ Yoast SEO plugin. -->","yoast_head_json":{"title":"Kaugjuhtimispuldi v\u00f5ti - sobib Ford Focus | Mondeo | Fiesta jaoks - Keys for auto%","robots":{"index":"index","follow":"follow","max-snippet":"max-snippet:-1","max-image-preview":"max-image-preview:large","max-video-preview":"max-video-preview:-1"},"canonical":"https:\/\/keys-for-auto.eu\/et\/product\/remote-control-key-suitable-for-ford-focus-mondeo-fiesta\/","og_locale":"et_EE","og_type":"article","og_title":"Kaugjuhtimispuldi v\u00f5ti - sobib Ford Focus | Mondeo | Fiesta jaoks - Keys for auto%","og_description":"Kaugjuhtimispuldi v\u00f5ti (433MHz), mis sobib Fordi autodele. Autov\u00f5tmete tootmine  Uute autov\u00f5tmete valmistamine, v\u00f5tmete programmeerimine (\"sidumine\" autoga)  Varem kaotatud v\u00f5tmete kustutamine auto m\u00e4lust  S\u00fc\u00fctev\u00f5tme tootmine vastavalt lukule  Autov\u00f5tmete remont (nuppude, kestade, mehhanismide vahetus)  Autode avamine h\u00e4daolukorras  V\u00f5tmete, v\u00f5tmekastide kaubandus  DPF \/ FAP tarkvara v\u00e4ljal\u00fclitamine  Programmiline EGR eemaldamine  Kasutust\u00f5kise tarkvara deaktiveerimine (immo Off)  Mootori kontrollploki (ECU) remont, kloonimine, programmeerimine  SRS (turvapadja juhtseadme programmeerimine)  kaubad saadetakse 3 t\u00f6\u00f6p\u00e4eva jooksul.*","og_url":"https:\/\/keys-for-auto.eu\/et\/product\/remote-control-key-suitable-for-ford-focus-mondeo-fiesta\/","og_site_name":"Keys for auto","article_publisher":"https:\/\/www.facebook.com\/KeysForAutoEU","twitter_card":"summary_large_image","twitter_misc":{"Est. reading time":"2 minutit"},"schema":{"@context":"https:\/\/schema.org","@graph":[{"@type":["WebPage","ItemPage"],"@id":"https:\/\/keys-for-auto.eu\/et\/product\/remote-control-key-suitable-for-ford-focus-mondeo-fiesta\/","url":"https:\/\/keys-for-auto.eu\/et\/product\/remote-control-key-suitable-for-ford-focus-mondeo-fiesta\/","name":"Kaugjuhtimispuldi v\u00f5ti - sobib Ford Focus | Mondeo | Fiesta jaoks - Keys for auto%","isPartOf":{"@id":"https:\/\/keys-for-auto.eu\/et\/#website"},"primaryImageOfPage":{"@id":"https:\/\/keys-for-auto.eu\/et\/product\/remote-control-key-suitable-for-ford-focus-mondeo-fiesta\/#primaryimage"},"image":{"@id":"https:\/\/keys-for-auto.eu\/et\/product\/remote-control-key-suitable-for-ford-focus-mondeo-fiesta\/#primaryimage"},"thumbnailUrl":"","datePublished":"2016-04-02T19:18:20+00:00","breadcrumb":{"@id":"https:\/\/keys-for-auto.eu\/et\/product\/remote-control-key-suitable-for-ford-focus-mondeo-fiesta\/#breadcrumb"},"inLanguage":"et","potentialAction":[{"@type":"ReadAction","target":["https:\/\/keys-for-auto.eu\/et\/product\/remote-control-key-suitable-for-ford-focus-mondeo-fiesta\/"]}]},{"@type":"ImageObject","inLanguage":"et","@id":"https:\/\/keys-for-auto.eu\/et\/product\/remote-control-key-suitable-for-ford-focus-mondeo-fiesta\/#primaryimage","url":"","contentUrl":"","caption":"Kaugjuhtimispuldi v\u00f5ti - sobib Ford Focus | Mondeo | Fiesta jaoks"},{"@type":"BreadcrumbList","@id":"https:\/\/keys-for-auto.eu\/et\/product\/remote-control-key-suitable-for-ford-focus-mondeo-fiesta\/#breadcrumb","itemListElement":[{"@type":"ListItem","position":1,"name":"Kodu","item":"https:\/\/keys-for-auto.eu\/et\/"},{"@type":"ListItem","position":2,"name":"Shop","item":"https:\/\/keys-for-auto.eu\/"},{"@type":"ListItem","position":3,"name":"Kaugjuhtimispuldi v\u00f5ti &#8211; sobib Ford Focus | Mondeo | Fiesta jaoks"}]},{"@type":"WebSite","@id":"https:\/\/keys-for-auto.eu\/et\/#website","url":"https:\/\/keys-for-auto.eu\/et\/","name":"Keys for auto","description":"Car keys,  key shells, key programming","publisher":{"@id":"https:\/\/keys-for-auto.eu\/et\/#organization"},"potentialAction":[{"@type":"SearchAction","target":{"@type":"EntryPoint","urlTemplate":"https:\/\/keys-for-auto.eu\/et\/?s={search_term_string}"},"query-input":{"@type":"PropertyValueSpecification","valueRequired":true,"valueName":"search_term_string"}}],"inLanguage":"et"},{"@type":"Organization","@id":"https:\/\/keys-for-auto.eu\/et\/#organization","name":"Auto v\u00f5tmed","url":"https:\/\/keys-for-auto.eu\/et\/","logo":{"@type":"ImageObject","inLanguage":"et","@id":"https:\/\/keys-for-auto.eu\/et\/#\/schema\/logo\/image\/","url":"https:\/\/keys-for-auto.eu\/wp-content\/uploads\/2022\/11\/cropped-png1.png","contentUrl":"https:\/\/keys-for-auto.eu\/wp-content\/uploads\/2022\/11\/cropped-png1.png","width":1000,"height":342,"caption":"Auto v\u00f5tmed"},"image":{"@id":"https:\/\/keys-for-auto.eu\/et\/#\/schema\/logo\/image\/"},"sameAs":["https:\/\/www.facebook.com\/KeysForAutoEU"]}]}},"_links":{"self":[{"href":"https:\/\/keys-for-auto.eu\/et\/wp-json\/wp\/v2\/product\/20201","targetHints":{"allow":["GET"]}}],"collection":[{"href":"https:\/\/keys-for-auto.eu\/et\/wp-json\/wp\/v2\/product"}],"about":[{"href":"https:\/\/keys-for-auto.eu\/et\/wp-json\/wp\/v2\/types\/product"}],"replies":[{"embeddable":true,"href":"https:\/\/keys-for-auto.eu\/et\/wp-json\/wp\/v2\/comments?post=20201"}],"wp:featuredmedia":[{"embeddable":true,"href":"https:\/\/keys-for-auto.eu\/et\/wp-json\/wp\/v2\/media\/18184"}],"wp:attachment":[{"href":"https:\/\/keys-for-auto.eu\/et\/wp-json\/wp\/v2\/media?parent=20201"}],"wp:term":[{"taxonomy":"product_brand","embeddable":true,"href":"https:\/\/keys-for-auto.eu\/et\/wp-json\/wp\/v2\/product_brand?post=20201"},{"taxonomy":"product_cat","embeddable":true,"href":"https:\/\/keys-for-auto.eu\/et\/wp-json\/wp\/v2\/product_cat?post=20201"},{"taxonomy":"product_tag","embeddable":true,"href":"https:\/\/keys-for-auto.eu\/et\/wp-json\/wp\/v2\/product_tag?post=20201"}],"curies":[{"name":"wp","href":"https:\/\/api.w.org\/{rel}","templated":true}]}}