{"id":20182,"date":"2016-04-02T19:55:08","date_gmt":"2016-04-02T19:55:08","guid":{"rendered":"https:\/\/keys-for-auto.eu\/product\/kaugjuhtimispuldi-voti-sobib-audi-autodele\/"},"modified":"2016-04-02T19:55:08","modified_gmt":"2016-04-02T19:55:08","slug":"kaugjuhtimispuldi-kolblik-audi-autodele","status":"publish","type":"product","link":"https:\/\/keys-for-auto.eu\/et\/product\/kaugjuhtimispuldi-kolblik-audi-autodele\/","title":{"rendered":"Kaugjuhtimispuldi v\u00f5ti &#8211; sobib Audi autodele"},"content":{"rendered":"<h2>Kaugjuhtimispuldi v\u00f5ti Audi autodele<\/h2>\n<h3><strong>&#8220;Kaugjuhtimispuldi v\u00f5ti Audi autodele, t\u00f6\u00f6tab 868MHz 433 MHz ja 315 MHz.<\/strong><\/h3>\n<p>&#8220;Audi autode kaugjuhtimispuldi v\u00f5ti koosneb 3 nupust: avamine, lukustamine ja pagasiruumi vabastamine. Soovitame osta kaks Audi kaugjuhtimispuldi v\u00f5tit juhuks, kui kaotate esimese, sest see lahendus on palju s\u00e4\u00e4stlikum, kui kulutada lisaraha avarii avamiseks. Kui te ei saa endale lubada investeerida kahte kaugjuhtimispuldi v\u00f5tit, ostke v\u00e4hemalt t\u00e4iendav mehaaniline v\u00f5ti. See s\u00e4\u00e4stab teie aega, raha ja n\u00e4rve.<\/p>\n<h3><strong>V\u00f5tmeprogrammeerimine<\/strong><\/h3>\n<p>Te ei ole veel otsustanud, millisest kauplusest oma Audi puldi v\u00f5tme osta. Me saame teid aidata! Me programmeerime v\u00f5tmed ja v\u00f5ime vastutustundlikult \u00f6elda, et oleme selles valdkonnas professionaalid. Oleme spetsialiseerunud sellele valdkonnale juba aastaid ja kasutame oma kogemusi, et rahuldada ka k\u00f5ige n\u00f5udlikumate klientide soove, sest iga klient ja tema auto turvalisus on meie ettev\u00f5tte missioon, mille saavutamiseks kasutame uusimat tehnoloogiat ja professionaalset spetsialistide meeskonda.<\/p>\n<p>Teie Audi v\u00e4\u00e4rib t\u00e4ielikku varustust k\u00f5igi vajalike turvaelementidega ning seda saab tagada mitte ainult kaugjuhtimispuldi v\u00f5tmete, vaid ka kasutust\u00f5kise paigaldamisega. See s\u00fcsteem on usaldusv\u00e4\u00e4rne ja turvaline, sest see takistab s\u00f5iduki k\u00e4ivitamist s\u00f5idukiomanikule mittekuuluva isiku poolt. Nii tagate oma Audi kaitsmise \u00e4rajuhtimise eest. Loe l\u00e4hemalt siit.<\/p>\n<p>Autov\u00f5tmete programmeerimine on muutumas \u00fcha populaarsemaks teenuseks, seega on oluline kontrollida nende tegevust ja klientide hinnanguid enne selle teenuse pakkuja valimist. Oleme uhked, et meie kliendid ei ole mitte ainult rahul oma autov\u00f5tmete programmeerimisega, vaid soovitavad meid ka oma s\u00f5pradele, sugulastele ja tuttavatele.<\/p>\n<h3><strong>V\u00f5tmete tootmine<\/strong><\/h3>\n<p>V\u00f5tmetootmine laieneb ja t\u00e4iustub ning me t\u00f6\u00f6tame k\u00f5vasti oma teenuste parandamise nimel. V\u00f5tmete tootmisel rakendame tehnoloogilisi uuendusi ja p\u00fc\u00fcame sammu pidada turutrendidega. Meil pole kahtlustki, et teie Audi v\u00e4\u00e4rib turvalisust ja erihooldust, mida me hea meelega teile ja teie autole pakume.<\/p>\n<p>Autov\u00f5tmed on meie ja teie \u00fchine mure, seega kutsume teid \u00fcles tegema meiega koost\u00f6\u00f6d oma Audi kaugjuhtimispuldi v\u00f5tmete ostmisel!<\/p>\n","protected":false},"excerpt":{"rendered":"<p>V\u00f5ti Audi autodele, puldiga (868MHz 433MHz, 315MHz).<\/p>\n<p><strong>V\u00f5tmenumbrid:<\/strong><\/p>\n<p><strong>8T0-959-754C<\/strong><br \/>\n<strong>8K0-959-754G<\/strong><br \/>\n<strong>8T0-959-754G<\/strong><br \/>\n<strong>8KO-959-754J<\/strong><br \/>\n<strong>8KO-959-754C<\/strong><\/p>\n<p><strong>Ja teised&#8230;.<\/strong><\/p>\n<h3><strong>Autov\u00f5tmete tootmine<\/strong><\/h3>\n<ul>\n<li><strong>Uute autov\u00f5tmete valmistamine, v\u00f5tmete programmeerimine (&#8220;sidumine&#8221; autoga)<\/strong><\/li>\n<li><strong>Varem kaotatud v\u00f5tmete kustutamine auto m\u00e4lust<\/strong><\/li>\n<li><strong>S\u00fc\u00fctev\u00f5tme tootmine vastavalt lukule<\/strong><\/li>\n<li><strong>Autov\u00f5tmete remont (nuppude, kestade, mehhanismide vahetus)<\/strong><\/li>\n<li><strong>Autode avamine h\u00e4daolukorras<\/strong><\/li>\n<li><strong>V\u00f5tmete, v\u00f5tmekastide kaubandus<\/strong><\/li>\n<li><strong>DPF \/ FAP tarkvara v\u00e4ljal\u00fclitamine<\/strong><\/li>\n<li><strong>Programmiline EGR eemaldamine<\/strong><\/li>\n<li><strong>Kasutust\u00f5kise tarkvara deaktiveerimine (immo Off)<\/strong><\/li>\n<li><strong>Mootori kontrollploki (ECU) remont, kloonimine, programmeerimine<\/strong><\/li>\n<li><strong>SRS (turvapadja juhtseadme programmeerimine)<\/strong><\/li>\n<\/ul>\n<h4><strong>  3d.d.* jooksul l\u00e4hetatud kaubad<\/strong><\/h4>\n<p>&nbsp;<\/p>\n<p>&nbsp;<\/p>\n<p>&nbsp;<\/p>\n","protected":false},"featured_media":17184,"comment_status":"open","ping_status":"closed","template":"","meta":[],"product_brand":[],"product_cat":[3480,3527],"product_tag":[3803,3804,3807,3808,3809,3810,3811,3796],"class_list":{"0":"post-20182","1":"product","2":"type-product","3":"status-publish","4":"has-post-thumbnail","6":"product_cat-audi-et","7":"product_cat-kaugjuhtimispuldi-votmed","8":"product_tag-audi-a4-voti","9":"product_tag-audi-a6-voti","10":"product_tag-audi-a6l-voti","11":"product_tag-audi-q5-voti","12":"product_tag-audi-q7-voti","13":"product_tag-audi-s8-voti","14":"product_tag-audi-tt-voti","15":"product_tag-audi-voti","17":"first","18":"instock","19":"shipping-taxable","20":"purchasable","21":"product-type-simple"},"yoast_head":"<!-- This site is optimized with the Yoast SEO plugin v27.3 - https:\/\/yoast.com\/product\/yoast-seo-wordpress\/ -->\n<title>Kaugjuhtimispuldi v\u00f5ti - sobib Audi autodele - Keys for auto%<\/title>\n<meta name=\"robots\" content=\"index, follow, max-snippet:-1, max-image-preview:large, max-video-preview:-1\" \/>\n<link rel=\"canonical\" href=\"https:\/\/keys-for-auto.eu\/et\/product\/kaugjuhtimispuldi-kolblik-audi-autodele\/\" \/>\n<meta property=\"og:locale\" content=\"et_EE\" \/>\n<meta property=\"og:type\" content=\"article\" \/>\n<meta property=\"og:title\" content=\"Kaugjuhtimispuldi v\u00f5ti - sobib Audi autodele - Keys for auto%\" \/>\n<meta property=\"og:description\" content=\"V\u00f5ti Audi autodele, puldiga (868MHz 433MHz, 315MHz). V\u00f5tmenumbrid: 8T0-959-754C 8K0-959-754G 8T0-959-754G 8KO-959-754J 8KO-959-754C Ja teised.... Autov\u00f5tmete tootmine  Uute autov\u00f5tmete valmistamine, v\u00f5tmete programmeerimine (&quot;sidumine&quot; autoga)  Varem kaotatud v\u00f5tmete kustutamine auto m\u00e4lust  S\u00fc\u00fctev\u00f5tme tootmine vastavalt lukule  Autov\u00f5tmete remont (nuppude, kestade, mehhanismide vahetus)  Autode avamine h\u00e4daolukorras  V\u00f5tmete, v\u00f5tmekastide kaubandus  DPF \/ FAP tarkvara v\u00e4ljal\u00fclitamine  Programmiline EGR eemaldamine  Kasutust\u00f5kise tarkvara deaktiveerimine (immo Off)  Mootori kontrollploki (ECU) remont, kloonimine, programmeerimine  SRS (turvapadja juhtseadme programmeerimine)  3d.d.* jooksul l\u00e4hetatud kaubad &nbsp; &nbsp; &nbsp;\" \/>\n<meta property=\"og:url\" content=\"https:\/\/keys-for-auto.eu\/et\/product\/kaugjuhtimispuldi-kolblik-audi-autodele\/\" \/>\n<meta property=\"og:site_name\" content=\"Keys for auto\" \/>\n<meta property=\"article:publisher\" content=\"https:\/\/www.facebook.com\/KeysForAutoEU\" \/>\n<meta name=\"twitter:card\" content=\"summary_large_image\" \/>\n<meta name=\"twitter:label1\" content=\"Est. reading time\" \/>\n\t<meta name=\"twitter:data1\" content=\"2 minutit\" \/>\n<script type=\"application\/ld+json\" class=\"yoast-schema-graph\">{\"@context\":\"https:\\\/\\\/schema.org\",\"@graph\":[{\"@type\":[\"WebPage\",\"ItemPage\"],\"@id\":\"https:\\\/\\\/keys-for-auto.eu\\\/et\\\/product\\\/kaugjuhtimispuldi-kolblik-audi-autodele\\\/\",\"url\":\"https:\\\/\\\/keys-for-auto.eu\\\/et\\\/product\\\/kaugjuhtimispuldi-kolblik-audi-autodele\\\/\",\"name\":\"Kaugjuhtimispuldi v\u00f5ti - sobib Audi autodele - Keys for auto%\",\"isPartOf\":{\"@id\":\"https:\\\/\\\/keys-for-auto.eu\\\/et\\\/#website\"},\"primaryImageOfPage\":{\"@id\":\"https:\\\/\\\/keys-for-auto.eu\\\/et\\\/product\\\/kaugjuhtimispuldi-kolblik-audi-autodele\\\/#primaryimage\"},\"image\":{\"@id\":\"https:\\\/\\\/keys-for-auto.eu\\\/et\\\/product\\\/kaugjuhtimispuldi-kolblik-audi-autodele\\\/#primaryimage\"},\"thumbnailUrl\":\"\",\"datePublished\":\"2016-04-02T19:55:08+00:00\",\"breadcrumb\":{\"@id\":\"https:\\\/\\\/keys-for-auto.eu\\\/et\\\/product\\\/kaugjuhtimispuldi-kolblik-audi-autodele\\\/#breadcrumb\"},\"inLanguage\":\"et\",\"potentialAction\":[{\"@type\":\"ReadAction\",\"target\":[\"https:\\\/\\\/keys-for-auto.eu\\\/et\\\/product\\\/kaugjuhtimispuldi-kolblik-audi-autodele\\\/\"]}]},{\"@type\":\"ImageObject\",\"inLanguage\":\"et\",\"@id\":\"https:\\\/\\\/keys-for-auto.eu\\\/et\\\/product\\\/kaugjuhtimispuldi-kolblik-audi-autodele\\\/#primaryimage\",\"url\":\"\",\"contentUrl\":\"\",\"caption\":\"Kaugjuhtimispuldi v\u00f5ti - sobib Audi autodele\"},{\"@type\":\"BreadcrumbList\",\"@id\":\"https:\\\/\\\/keys-for-auto.eu\\\/et\\\/product\\\/kaugjuhtimispuldi-kolblik-audi-autodele\\\/#breadcrumb\",\"itemListElement\":[{\"@type\":\"ListItem\",\"position\":1,\"name\":\"Kodu\",\"item\":\"https:\\\/\\\/keys-for-auto.eu\\\/et\\\/\"},{\"@type\":\"ListItem\",\"position\":2,\"name\":\"Shop\",\"item\":\"https:\\\/\\\/keys-for-auto.eu\\\/\"},{\"@type\":\"ListItem\",\"position\":3,\"name\":\"Kaugjuhtimispuldi v\u00f5ti &#8211; sobib Audi autodele\"}]},{\"@type\":\"WebSite\",\"@id\":\"https:\\\/\\\/keys-for-auto.eu\\\/et\\\/#website\",\"url\":\"https:\\\/\\\/keys-for-auto.eu\\\/et\\\/\",\"name\":\"Keys for auto\",\"description\":\"Car keys,  key shells, key programming\",\"publisher\":{\"@id\":\"https:\\\/\\\/keys-for-auto.eu\\\/et\\\/#organization\"},\"potentialAction\":[{\"@type\":\"SearchAction\",\"target\":{\"@type\":\"EntryPoint\",\"urlTemplate\":\"https:\\\/\\\/keys-for-auto.eu\\\/et\\\/?s={search_term_string}\"},\"query-input\":{\"@type\":\"PropertyValueSpecification\",\"valueRequired\":true,\"valueName\":\"search_term_string\"}}],\"inLanguage\":\"et\"},{\"@type\":\"Organization\",\"@id\":\"https:\\\/\\\/keys-for-auto.eu\\\/et\\\/#organization\",\"name\":\"Auto v\u00f5tmed\",\"url\":\"https:\\\/\\\/keys-for-auto.eu\\\/et\\\/\",\"logo\":{\"@type\":\"ImageObject\",\"inLanguage\":\"et\",\"@id\":\"https:\\\/\\\/keys-for-auto.eu\\\/et\\\/#\\\/schema\\\/logo\\\/image\\\/\",\"url\":\"https:\\\/\\\/keys-for-auto.eu\\\/wp-content\\\/uploads\\\/2022\\\/11\\\/cropped-png1.png\",\"contentUrl\":\"https:\\\/\\\/keys-for-auto.eu\\\/wp-content\\\/uploads\\\/2022\\\/11\\\/cropped-png1.png\",\"width\":1000,\"height\":342,\"caption\":\"Auto v\u00f5tmed\"},\"image\":{\"@id\":\"https:\\\/\\\/keys-for-auto.eu\\\/et\\\/#\\\/schema\\\/logo\\\/image\\\/\"},\"sameAs\":[\"https:\\\/\\\/www.facebook.com\\\/KeysForAutoEU\"]}]}<\/script>\n<!-- \/ Yoast SEO plugin. -->","yoast_head_json":{"title":"Kaugjuhtimispuldi v\u00f5ti - sobib Audi autodele - Keys for auto%","robots":{"index":"index","follow":"follow","max-snippet":"max-snippet:-1","max-image-preview":"max-image-preview:large","max-video-preview":"max-video-preview:-1"},"canonical":"https:\/\/keys-for-auto.eu\/et\/product\/kaugjuhtimispuldi-kolblik-audi-autodele\/","og_locale":"et_EE","og_type":"article","og_title":"Kaugjuhtimispuldi v\u00f5ti - sobib Audi autodele - Keys for auto%","og_description":"V\u00f5ti Audi autodele, puldiga (868MHz 433MHz, 315MHz). V\u00f5tmenumbrid: 8T0-959-754C 8K0-959-754G 8T0-959-754G 8KO-959-754J 8KO-959-754C Ja teised.... Autov\u00f5tmete tootmine  Uute autov\u00f5tmete valmistamine, v\u00f5tmete programmeerimine (\"sidumine\" autoga)  Varem kaotatud v\u00f5tmete kustutamine auto m\u00e4lust  S\u00fc\u00fctev\u00f5tme tootmine vastavalt lukule  Autov\u00f5tmete remont (nuppude, kestade, mehhanismide vahetus)  Autode avamine h\u00e4daolukorras  V\u00f5tmete, v\u00f5tmekastide kaubandus  DPF \/ FAP tarkvara v\u00e4ljal\u00fclitamine  Programmiline EGR eemaldamine  Kasutust\u00f5kise tarkvara deaktiveerimine (immo Off)  Mootori kontrollploki (ECU) remont, kloonimine, programmeerimine  SRS (turvapadja juhtseadme programmeerimine)  3d.d.* jooksul l\u00e4hetatud kaubad &nbsp; &nbsp; &nbsp;","og_url":"https:\/\/keys-for-auto.eu\/et\/product\/kaugjuhtimispuldi-kolblik-audi-autodele\/","og_site_name":"Keys for auto","article_publisher":"https:\/\/www.facebook.com\/KeysForAutoEU","twitter_card":"summary_large_image","twitter_misc":{"Est. reading time":"2 minutit"},"schema":{"@context":"https:\/\/schema.org","@graph":[{"@type":["WebPage","ItemPage"],"@id":"https:\/\/keys-for-auto.eu\/et\/product\/kaugjuhtimispuldi-kolblik-audi-autodele\/","url":"https:\/\/keys-for-auto.eu\/et\/product\/kaugjuhtimispuldi-kolblik-audi-autodele\/","name":"Kaugjuhtimispuldi v\u00f5ti - sobib Audi autodele - Keys for auto%","isPartOf":{"@id":"https:\/\/keys-for-auto.eu\/et\/#website"},"primaryImageOfPage":{"@id":"https:\/\/keys-for-auto.eu\/et\/product\/kaugjuhtimispuldi-kolblik-audi-autodele\/#primaryimage"},"image":{"@id":"https:\/\/keys-for-auto.eu\/et\/product\/kaugjuhtimispuldi-kolblik-audi-autodele\/#primaryimage"},"thumbnailUrl":"","datePublished":"2016-04-02T19:55:08+00:00","breadcrumb":{"@id":"https:\/\/keys-for-auto.eu\/et\/product\/kaugjuhtimispuldi-kolblik-audi-autodele\/#breadcrumb"},"inLanguage":"et","potentialAction":[{"@type":"ReadAction","target":["https:\/\/keys-for-auto.eu\/et\/product\/kaugjuhtimispuldi-kolblik-audi-autodele\/"]}]},{"@type":"ImageObject","inLanguage":"et","@id":"https:\/\/keys-for-auto.eu\/et\/product\/kaugjuhtimispuldi-kolblik-audi-autodele\/#primaryimage","url":"","contentUrl":"","caption":"Kaugjuhtimispuldi v\u00f5ti - sobib Audi autodele"},{"@type":"BreadcrumbList","@id":"https:\/\/keys-for-auto.eu\/et\/product\/kaugjuhtimispuldi-kolblik-audi-autodele\/#breadcrumb","itemListElement":[{"@type":"ListItem","position":1,"name":"Kodu","item":"https:\/\/keys-for-auto.eu\/et\/"},{"@type":"ListItem","position":2,"name":"Shop","item":"https:\/\/keys-for-auto.eu\/"},{"@type":"ListItem","position":3,"name":"Kaugjuhtimispuldi v\u00f5ti &#8211; sobib Audi autodele"}]},{"@type":"WebSite","@id":"https:\/\/keys-for-auto.eu\/et\/#website","url":"https:\/\/keys-for-auto.eu\/et\/","name":"Keys for auto","description":"Car keys,  key shells, key programming","publisher":{"@id":"https:\/\/keys-for-auto.eu\/et\/#organization"},"potentialAction":[{"@type":"SearchAction","target":{"@type":"EntryPoint","urlTemplate":"https:\/\/keys-for-auto.eu\/et\/?s={search_term_string}"},"query-input":{"@type":"PropertyValueSpecification","valueRequired":true,"valueName":"search_term_string"}}],"inLanguage":"et"},{"@type":"Organization","@id":"https:\/\/keys-for-auto.eu\/et\/#organization","name":"Auto v\u00f5tmed","url":"https:\/\/keys-for-auto.eu\/et\/","logo":{"@type":"ImageObject","inLanguage":"et","@id":"https:\/\/keys-for-auto.eu\/et\/#\/schema\/logo\/image\/","url":"https:\/\/keys-for-auto.eu\/wp-content\/uploads\/2022\/11\/cropped-png1.png","contentUrl":"https:\/\/keys-for-auto.eu\/wp-content\/uploads\/2022\/11\/cropped-png1.png","width":1000,"height":342,"caption":"Auto v\u00f5tmed"},"image":{"@id":"https:\/\/keys-for-auto.eu\/et\/#\/schema\/logo\/image\/"},"sameAs":["https:\/\/www.facebook.com\/KeysForAutoEU"]}]}},"_links":{"self":[{"href":"https:\/\/keys-for-auto.eu\/et\/wp-json\/wp\/v2\/product\/20182","targetHints":{"allow":["GET"]}}],"collection":[{"href":"https:\/\/keys-for-auto.eu\/et\/wp-json\/wp\/v2\/product"}],"about":[{"href":"https:\/\/keys-for-auto.eu\/et\/wp-json\/wp\/v2\/types\/product"}],"replies":[{"embeddable":true,"href":"https:\/\/keys-for-auto.eu\/et\/wp-json\/wp\/v2\/comments?post=20182"}],"wp:featuredmedia":[{"embeddable":true,"href":"https:\/\/keys-for-auto.eu\/et\/wp-json\/wp\/v2\/media\/17184"}],"wp:attachment":[{"href":"https:\/\/keys-for-auto.eu\/et\/wp-json\/wp\/v2\/media?parent=20182"}],"wp:term":[{"taxonomy":"product_brand","embeddable":true,"href":"https:\/\/keys-for-auto.eu\/et\/wp-json\/wp\/v2\/product_brand?post=20182"},{"taxonomy":"product_cat","embeddable":true,"href":"https:\/\/keys-for-auto.eu\/et\/wp-json\/wp\/v2\/product_cat?post=20182"},{"taxonomy":"product_tag","embeddable":true,"href":"https:\/\/keys-for-auto.eu\/et\/wp-json\/wp\/v2\/product_tag?post=20182"}],"curies":[{"name":"wp","href":"https:\/\/api.w.org\/{rel}","templated":true}]}}