{"id":20178,"date":"2016-04-02T18:53:14","date_gmt":"2016-04-02T18:53:14","guid":{"rendered":"https:\/\/keys-for-auto.eu\/product\/audi-autodele-sobiv-votmepult-2-3-nuppu\/"},"modified":"2016-04-02T18:53:14","modified_gmt":"2016-04-02T18:53:14","slug":"for-audi-cars-suitable-key-remote-control-2-3-buttons","status":"publish","type":"product","link":"https:\/\/keys-for-auto.eu\/et\/product\/for-audi-cars-suitable-key-remote-control-2-3-buttons\/","title":{"rendered":"Audi autodele sobiv &#8211; v\u00f5tmepult 2\/3 nuppu"},"content":{"rendered":"<p><strong>Audi autodele sobiv , &#8211; v\u00f5tmepult (kaugjuhtimispult) 2\/3 nuppu, &#8211; v\u00f5tmepult (kaugjuhtimispult) 2\/3 nuppu<\/strong><\/p>\n<p>Me programmeerime v\u00f5tmeid paljude automarkide jaoks. Kui k\u00fclastate meie veebipoodi, saate lisaks Audi v\u00f5i muu auto v\u00f5tme programmeerimisele tellida ka kaugjuhtimispuldi v\u00f5tmeid v\u00f5i autov\u00f5tme \u00fcmbrist, kui teie olemasolev v\u00f5ti on katki, pragunenud v\u00f5i soovite muul p\u00f5hjusel asendada selle uue v\u00f5tmega.<\/p>\n<p>L\u00e4htume p\u00f5him\u00f5ttest, et meie klientide autode turvalisus on esmat\u00e4htis, ning hoolitseme selle eest kiiresti, sujuvalt ja taskukohaselt. Seep\u00e4rast v\u00f5tame t\u00f6\u00f6le ainult kogenud tehnikud ja programmeerijad ning tellime varuosad ainult usaldusv\u00e4\u00e4rsetelt tarnijatelt. Usaldage meile oma auto turvalisust ja me ei lase teid h\u00e4tta. V\u00f5tke meiega \u00fchendust, et programmeerida oma v\u00f5tmed, osta autov\u00f5tmete \u00fcmbriseid v\u00f5i kaugjuhtimiss\u00fcsteeme.<\/p>\n<p><strong>Kirjeldus<\/strong><\/p>\n<p>Pakume teile Audi autode v\u00f5tmepuldi (kaugjuhtimispuldi) s\u00fcsteemi, millel on 2, 3 v\u00f5i 3 1 nuppu (paanikanupp kaasa arvatud). Need kaugjuhtimiss\u00fcsteemid t\u00f6\u00f6tavad sagedustel 315, 433, 434 MHz.<\/p>\n<p>Autov\u00f5tmete programmeerimine ei j\u00e4\u00e4 seisma. Tehnoloogia paraneb. Ja me hoiame sammu. P\u00fc\u00fcame olla kursis v\u00f5tmetootmise viimaste suundumustega ning laiendada oma toodete ja teenuste valikut. Meie klientidel, kes tellivad Audi v\u00f5tmepuldi puldi, ei ole selle kasutamisega probleeme ja nad t\u00e4navad meid toote kvaliteedi eest. Positiivne tagasiside on iga ettev\u00f5tja eesm\u00e4rk. Me saavutame selle eesm\u00e4rgi t\u00e4helepanelikkuse, hoolsuse ja professionaalsuse abil.<\/p>\n<p>V\u00f5tmete valmistamine on \u00fcha populaarsem teenusevaldkond ja ainult usaldusv\u00e4\u00e4rsed tootjad suudavad selles valdkonnas ellu j\u00e4\u00e4da. Oleme uhked selle \u00fcle, et meie kliendibaas kasvab ja et meie teenuseid ja tooteid kasutanud autojuhid soovitavad meid oma s\u00f5pradele ja tuttavatele.<\/p>\n<p>Autov\u00f5tmed n\u00fc\u00fcd \u00fches kaupluses: http:\/\/raktai-automobiliams.lt. K\u00fclastage meid, kui vajate oma Audile v\u00f5i muule autole uut kaugjuhtimispulti, kui soovite oma v\u00f5tmeid programmeerida v\u00f5i kui soovite vahetada oma auto v\u00f5tmekarbi. Olenemata sellest, kas olete kaotanud oma vana v\u00f5i see on katki, me asendame selle kiiresti ja professionaalselt.<\/p>\n","protected":false},"excerpt":{"rendered":"<p><strong>Audi autodele sobiv v\u00f5tmepult (kaugjuhtimispult).<\/strong><\/p>\n<p><strong>Audi TT A3 3 nuppu 433MHz<\/strong><br \/>\n<strong>PN:4DO 837 231 D<\/strong><\/p>\n<p><strong>Audi 3 1 nuppu koos paanikaga 315MHz<\/strong><br \/>\n<strong>PN:4TO 837 231G<\/strong><\/p>\n<p><strong>Audi 3 1 nupud koos paanikaga 4DO 837 231 M<\/strong><br \/>\n<strong>315MHz<\/strong><\/p>\n<p><strong>Audi 3 nuppu 4DO 837 231 N 434MHz<\/strong><\/p>\n<p><strong>Audi 3 1 nuppu koos paanikaga<\/strong><br \/>\n<strong>4DO 837 231 P<\/strong><\/p>\n<p><strong>Audi 2 nuppu 433MHz<\/strong><br \/>\n<strong>4DO 837 231 R<\/strong><\/p>\n<p><strong>Audi 3 nuppu 434MHz<\/strong><br \/>\n<strong>4D0 837 231 A<\/strong><\/p>\n<p><strong>Audi 3 nuppu 434MHZ<\/strong><br \/>\n<strong>4D0 837 231 K<\/strong><\/p>\n<h3><strong>Autov\u00f5tmete tootmine<\/strong><\/h3>\n<ul>\n<li><strong>Uute autov\u00f5tmete valmistamine, v\u00f5tmete programmeerimine (&#8220;sidumine&#8221; autoga)<\/strong><\/li>\n<li><strong>Varem kaotatud v\u00f5tmete kustutamine auto m\u00e4lust<\/strong><\/li>\n<li><strong>S\u00fc\u00fctev\u00f5tme tootmine vastavalt lukule<\/strong><\/li>\n<li><strong>Autov\u00f5tmete remont (nuppude, kestade, mehhanismide vahetus)<\/strong><\/li>\n<li><strong>Autode avamine h\u00e4daolukorras<\/strong><\/li>\n<li><strong>V\u00f5tmete, v\u00f5tmekastide kaubandus<\/strong><\/li>\n<li><strong>DPF \/ FAP tarkvara v\u00e4ljal\u00fclitamine<\/strong><\/li>\n<li><strong>Programmiline EGR eemaldamine<\/strong><\/li>\n<li><strong>Kasutust\u00f5kise tarkvara deaktiveerimine (immo Off)<\/strong><\/li>\n<li><strong>Mootori kontrollploki (ECU) remont, kloonimine, programmeerimine<\/strong><\/li>\n<li><strong>SRS (turvapadja juhtseadme programmeerimine)<\/strong><\/li>\n<\/ul>\n<h4><strong>  kaubad saadetakse 3 t\u00f6\u00f6p\u00e4eva jooksul.*<\/strong><\/h4>\n<p>&nbsp;<\/p>\n<p>&nbsp;<\/p>\n<p>&nbsp;<\/p>\n","protected":false},"featured_media":17127,"comment_status":"open","ping_status":"closed","template":"","meta":[],"product_brand":[],"product_cat":[3480,3527],"product_tag":[3796,3798],"class_list":{"0":"post-20178","1":"product","2":"type-product","3":"status-publish","4":"has-post-thumbnail","6":"product_cat-audi-et","7":"product_cat-kaugjuhtimispuldi-votmed","8":"product_tag-audi-voti","9":"product_tag-audi-votme-kaugjuhtimispult","11":"first","12":"instock","13":"shipping-taxable","14":"purchasable","15":"product-type-simple"},"yoast_head":"<!-- This site is optimized with the Yoast SEO plugin v27.3 - https:\/\/yoast.com\/product\/yoast-seo-wordpress\/ -->\n<title>Audi autodele sobiv - v\u00f5tmepult 2\/3 nuppu - Keys for auto%<\/title>\n<meta name=\"robots\" content=\"index, follow, max-snippet:-1, max-image-preview:large, max-video-preview:-1\" \/>\n<link rel=\"canonical\" href=\"https:\/\/keys-for-auto.eu\/et\/product\/for-audi-cars-suitable-key-remote-control-2-3-buttons\/\" \/>\n<meta property=\"og:locale\" content=\"et_EE\" \/>\n<meta property=\"og:type\" content=\"article\" \/>\n<meta property=\"og:title\" content=\"Audi autodele sobiv - v\u00f5tmepult 2\/3 nuppu - Keys for auto%\" \/>\n<meta property=\"og:description\" content=\"Audi autodele sobiv v\u00f5tmepult (kaugjuhtimispult). Audi TT A3 3 nuppu 433MHz PN:4DO 837 231 D Audi 3 1 nuppu koos paanikaga 315MHz PN:4TO 837 231G Audi 3 1 nupud koos paanikaga 4DO 837 231 M 315MHz Audi 3 nuppu 4DO 837 231 N 434MHz Audi 3 1 nuppu koos paanikaga 4DO 837 231 P Audi 2 nuppu 433MHz 4DO 837 231 R Audi 3 nuppu 434MHz 4D0 837 231 A Audi 3 nuppu 434MHZ 4D0 837 231 K Autov\u00f5tmete tootmine  Uute autov\u00f5tmete valmistamine, v\u00f5tmete programmeerimine (&quot;sidumine&quot; autoga)  Varem kaotatud v\u00f5tmete kustutamine auto m\u00e4lust  S\u00fc\u00fctev\u00f5tme tootmine vastavalt lukule  Autov\u00f5tmete remont (nuppude, kestade, mehhanismide vahetus)  Autode avamine h\u00e4daolukorras  V\u00f5tmete, v\u00f5tmekastide kaubandus  DPF \/ FAP tarkvara v\u00e4ljal\u00fclitamine  Programmiline EGR eemaldamine  Kasutust\u00f5kise tarkvara deaktiveerimine (immo Off)  Mootori kontrollploki (ECU) remont, kloonimine, programmeerimine  SRS (turvapadja juhtseadme programmeerimine)  kaubad saadetakse 3 t\u00f6\u00f6p\u00e4eva jooksul.* &nbsp; &nbsp; &nbsp;\" \/>\n<meta property=\"og:url\" content=\"https:\/\/keys-for-auto.eu\/et\/product\/for-audi-cars-suitable-key-remote-control-2-3-buttons\/\" \/>\n<meta property=\"og:site_name\" content=\"Keys for auto\" \/>\n<meta property=\"article:publisher\" content=\"https:\/\/www.facebook.com\/KeysForAutoEU\" \/>\n<meta name=\"twitter:card\" content=\"summary_large_image\" \/>\n<meta name=\"twitter:label1\" content=\"Est. reading time\" \/>\n\t<meta name=\"twitter:data1\" content=\"2 minutit\" \/>\n<script type=\"application\/ld+json\" class=\"yoast-schema-graph\">{\"@context\":\"https:\\\/\\\/schema.org\",\"@graph\":[{\"@type\":[\"WebPage\",\"ItemPage\"],\"@id\":\"https:\\\/\\\/keys-for-auto.eu\\\/et\\\/product\\\/for-audi-cars-suitable-key-remote-control-2-3-buttons\\\/\",\"url\":\"https:\\\/\\\/keys-for-auto.eu\\\/et\\\/product\\\/for-audi-cars-suitable-key-remote-control-2-3-buttons\\\/\",\"name\":\"Audi autodele sobiv - v\u00f5tmepult 2\\\/3 nuppu - Keys for auto%\",\"isPartOf\":{\"@id\":\"https:\\\/\\\/keys-for-auto.eu\\\/et\\\/#website\"},\"primaryImageOfPage\":{\"@id\":\"https:\\\/\\\/keys-for-auto.eu\\\/et\\\/product\\\/for-audi-cars-suitable-key-remote-control-2-3-buttons\\\/#primaryimage\"},\"image\":{\"@id\":\"https:\\\/\\\/keys-for-auto.eu\\\/et\\\/product\\\/for-audi-cars-suitable-key-remote-control-2-3-buttons\\\/#primaryimage\"},\"thumbnailUrl\":\"\",\"datePublished\":\"2016-04-02T18:53:14+00:00\",\"breadcrumb\":{\"@id\":\"https:\\\/\\\/keys-for-auto.eu\\\/et\\\/product\\\/for-audi-cars-suitable-key-remote-control-2-3-buttons\\\/#breadcrumb\"},\"inLanguage\":\"et\",\"potentialAction\":[{\"@type\":\"ReadAction\",\"target\":[\"https:\\\/\\\/keys-for-auto.eu\\\/et\\\/product\\\/for-audi-cars-suitable-key-remote-control-2-3-buttons\\\/\"]}]},{\"@type\":\"ImageObject\",\"inLanguage\":\"et\",\"@id\":\"https:\\\/\\\/keys-for-auto.eu\\\/et\\\/product\\\/for-audi-cars-suitable-key-remote-control-2-3-buttons\\\/#primaryimage\",\"url\":\"\",\"contentUrl\":\"\",\"caption\":\"Audi autodele sobiv - v\u00f5tmepult 2\\\/3 nuppu\"},{\"@type\":\"BreadcrumbList\",\"@id\":\"https:\\\/\\\/keys-for-auto.eu\\\/et\\\/product\\\/for-audi-cars-suitable-key-remote-control-2-3-buttons\\\/#breadcrumb\",\"itemListElement\":[{\"@type\":\"ListItem\",\"position\":1,\"name\":\"Kodu\",\"item\":\"https:\\\/\\\/keys-for-auto.eu\\\/et\\\/\"},{\"@type\":\"ListItem\",\"position\":2,\"name\":\"Shop\",\"item\":\"https:\\\/\\\/keys-for-auto.eu\\\/\"},{\"@type\":\"ListItem\",\"position\":3,\"name\":\"Audi autodele sobiv &#8211; v\u00f5tmepult 2\\\/3 nuppu\"}]},{\"@type\":\"WebSite\",\"@id\":\"https:\\\/\\\/keys-for-auto.eu\\\/et\\\/#website\",\"url\":\"https:\\\/\\\/keys-for-auto.eu\\\/et\\\/\",\"name\":\"Keys for auto\",\"description\":\"Car keys,  key shells, key programming\",\"publisher\":{\"@id\":\"https:\\\/\\\/keys-for-auto.eu\\\/et\\\/#organization\"},\"potentialAction\":[{\"@type\":\"SearchAction\",\"target\":{\"@type\":\"EntryPoint\",\"urlTemplate\":\"https:\\\/\\\/keys-for-auto.eu\\\/et\\\/?s={search_term_string}\"},\"query-input\":{\"@type\":\"PropertyValueSpecification\",\"valueRequired\":true,\"valueName\":\"search_term_string\"}}],\"inLanguage\":\"et\"},{\"@type\":\"Organization\",\"@id\":\"https:\\\/\\\/keys-for-auto.eu\\\/et\\\/#organization\",\"name\":\"Auto v\u00f5tmed\",\"url\":\"https:\\\/\\\/keys-for-auto.eu\\\/et\\\/\",\"logo\":{\"@type\":\"ImageObject\",\"inLanguage\":\"et\",\"@id\":\"https:\\\/\\\/keys-for-auto.eu\\\/et\\\/#\\\/schema\\\/logo\\\/image\\\/\",\"url\":\"https:\\\/\\\/keys-for-auto.eu\\\/wp-content\\\/uploads\\\/2022\\\/11\\\/cropped-png1.png\",\"contentUrl\":\"https:\\\/\\\/keys-for-auto.eu\\\/wp-content\\\/uploads\\\/2022\\\/11\\\/cropped-png1.png\",\"width\":1000,\"height\":342,\"caption\":\"Auto v\u00f5tmed\"},\"image\":{\"@id\":\"https:\\\/\\\/keys-for-auto.eu\\\/et\\\/#\\\/schema\\\/logo\\\/image\\\/\"},\"sameAs\":[\"https:\\\/\\\/www.facebook.com\\\/KeysForAutoEU\"]}]}<\/script>\n<!-- \/ Yoast SEO plugin. -->","yoast_head_json":{"title":"Audi autodele sobiv - v\u00f5tmepult 2\/3 nuppu - Keys for auto%","robots":{"index":"index","follow":"follow","max-snippet":"max-snippet:-1","max-image-preview":"max-image-preview:large","max-video-preview":"max-video-preview:-1"},"canonical":"https:\/\/keys-for-auto.eu\/et\/product\/for-audi-cars-suitable-key-remote-control-2-3-buttons\/","og_locale":"et_EE","og_type":"article","og_title":"Audi autodele sobiv - v\u00f5tmepult 2\/3 nuppu - Keys for auto%","og_description":"Audi autodele sobiv v\u00f5tmepult (kaugjuhtimispult). Audi TT A3 3 nuppu 433MHz PN:4DO 837 231 D Audi 3 1 nuppu koos paanikaga 315MHz PN:4TO 837 231G Audi 3 1 nupud koos paanikaga 4DO 837 231 M 315MHz Audi 3 nuppu 4DO 837 231 N 434MHz Audi 3 1 nuppu koos paanikaga 4DO 837 231 P Audi 2 nuppu 433MHz 4DO 837 231 R Audi 3 nuppu 434MHz 4D0 837 231 A Audi 3 nuppu 434MHZ 4D0 837 231 K Autov\u00f5tmete tootmine  Uute autov\u00f5tmete valmistamine, v\u00f5tmete programmeerimine (\"sidumine\" autoga)  Varem kaotatud v\u00f5tmete kustutamine auto m\u00e4lust  S\u00fc\u00fctev\u00f5tme tootmine vastavalt lukule  Autov\u00f5tmete remont (nuppude, kestade, mehhanismide vahetus)  Autode avamine h\u00e4daolukorras  V\u00f5tmete, v\u00f5tmekastide kaubandus  DPF \/ FAP tarkvara v\u00e4ljal\u00fclitamine  Programmiline EGR eemaldamine  Kasutust\u00f5kise tarkvara deaktiveerimine (immo Off)  Mootori kontrollploki (ECU) remont, kloonimine, programmeerimine  SRS (turvapadja juhtseadme programmeerimine)  kaubad saadetakse 3 t\u00f6\u00f6p\u00e4eva jooksul.* &nbsp; &nbsp; &nbsp;","og_url":"https:\/\/keys-for-auto.eu\/et\/product\/for-audi-cars-suitable-key-remote-control-2-3-buttons\/","og_site_name":"Keys for auto","article_publisher":"https:\/\/www.facebook.com\/KeysForAutoEU","twitter_card":"summary_large_image","twitter_misc":{"Est. reading time":"2 minutit"},"schema":{"@context":"https:\/\/schema.org","@graph":[{"@type":["WebPage","ItemPage"],"@id":"https:\/\/keys-for-auto.eu\/et\/product\/for-audi-cars-suitable-key-remote-control-2-3-buttons\/","url":"https:\/\/keys-for-auto.eu\/et\/product\/for-audi-cars-suitable-key-remote-control-2-3-buttons\/","name":"Audi autodele sobiv - v\u00f5tmepult 2\/3 nuppu - Keys for auto%","isPartOf":{"@id":"https:\/\/keys-for-auto.eu\/et\/#website"},"primaryImageOfPage":{"@id":"https:\/\/keys-for-auto.eu\/et\/product\/for-audi-cars-suitable-key-remote-control-2-3-buttons\/#primaryimage"},"image":{"@id":"https:\/\/keys-for-auto.eu\/et\/product\/for-audi-cars-suitable-key-remote-control-2-3-buttons\/#primaryimage"},"thumbnailUrl":"","datePublished":"2016-04-02T18:53:14+00:00","breadcrumb":{"@id":"https:\/\/keys-for-auto.eu\/et\/product\/for-audi-cars-suitable-key-remote-control-2-3-buttons\/#breadcrumb"},"inLanguage":"et","potentialAction":[{"@type":"ReadAction","target":["https:\/\/keys-for-auto.eu\/et\/product\/for-audi-cars-suitable-key-remote-control-2-3-buttons\/"]}]},{"@type":"ImageObject","inLanguage":"et","@id":"https:\/\/keys-for-auto.eu\/et\/product\/for-audi-cars-suitable-key-remote-control-2-3-buttons\/#primaryimage","url":"","contentUrl":"","caption":"Audi autodele sobiv - v\u00f5tmepult 2\/3 nuppu"},{"@type":"BreadcrumbList","@id":"https:\/\/keys-for-auto.eu\/et\/product\/for-audi-cars-suitable-key-remote-control-2-3-buttons\/#breadcrumb","itemListElement":[{"@type":"ListItem","position":1,"name":"Kodu","item":"https:\/\/keys-for-auto.eu\/et\/"},{"@type":"ListItem","position":2,"name":"Shop","item":"https:\/\/keys-for-auto.eu\/"},{"@type":"ListItem","position":3,"name":"Audi autodele sobiv &#8211; v\u00f5tmepult 2\/3 nuppu"}]},{"@type":"WebSite","@id":"https:\/\/keys-for-auto.eu\/et\/#website","url":"https:\/\/keys-for-auto.eu\/et\/","name":"Keys for auto","description":"Car keys,  key shells, key programming","publisher":{"@id":"https:\/\/keys-for-auto.eu\/et\/#organization"},"potentialAction":[{"@type":"SearchAction","target":{"@type":"EntryPoint","urlTemplate":"https:\/\/keys-for-auto.eu\/et\/?s={search_term_string}"},"query-input":{"@type":"PropertyValueSpecification","valueRequired":true,"valueName":"search_term_string"}}],"inLanguage":"et"},{"@type":"Organization","@id":"https:\/\/keys-for-auto.eu\/et\/#organization","name":"Auto v\u00f5tmed","url":"https:\/\/keys-for-auto.eu\/et\/","logo":{"@type":"ImageObject","inLanguage":"et","@id":"https:\/\/keys-for-auto.eu\/et\/#\/schema\/logo\/image\/","url":"https:\/\/keys-for-auto.eu\/wp-content\/uploads\/2022\/11\/cropped-png1.png","contentUrl":"https:\/\/keys-for-auto.eu\/wp-content\/uploads\/2022\/11\/cropped-png1.png","width":1000,"height":342,"caption":"Auto v\u00f5tmed"},"image":{"@id":"https:\/\/keys-for-auto.eu\/et\/#\/schema\/logo\/image\/"},"sameAs":["https:\/\/www.facebook.com\/KeysForAutoEU"]}]}},"_links":{"self":[{"href":"https:\/\/keys-for-auto.eu\/et\/wp-json\/wp\/v2\/product\/20178","targetHints":{"allow":["GET"]}}],"collection":[{"href":"https:\/\/keys-for-auto.eu\/et\/wp-json\/wp\/v2\/product"}],"about":[{"href":"https:\/\/keys-for-auto.eu\/et\/wp-json\/wp\/v2\/types\/product"}],"replies":[{"embeddable":true,"href":"https:\/\/keys-for-auto.eu\/et\/wp-json\/wp\/v2\/comments?post=20178"}],"wp:featuredmedia":[{"embeddable":true,"href":"https:\/\/keys-for-auto.eu\/et\/wp-json\/wp\/v2\/media\/17127"}],"wp:attachment":[{"href":"https:\/\/keys-for-auto.eu\/et\/wp-json\/wp\/v2\/media?parent=20178"}],"wp:term":[{"taxonomy":"product_brand","embeddable":true,"href":"https:\/\/keys-for-auto.eu\/et\/wp-json\/wp\/v2\/product_brand?post=20178"},{"taxonomy":"product_cat","embeddable":true,"href":"https:\/\/keys-for-auto.eu\/et\/wp-json\/wp\/v2\/product_cat?post=20178"},{"taxonomy":"product_tag","embeddable":true,"href":"https:\/\/keys-for-auto.eu\/et\/wp-json\/wp\/v2\/product_tag?post=20178"}],"curies":[{"name":"wp","href":"https:\/\/api.w.org\/{rel}","templated":true}]}}