{"id":20177,"date":"2016-04-02T18:50:27","date_gmt":"2016-04-02T18:50:27","guid":{"rendered":"https:\/\/keys-for-auto.eu\/product\/kaugjuhtimispuldi-voti-sobib-mitsubishi-galant-lancerile\/"},"modified":"2016-04-02T18:50:27","modified_gmt":"2016-04-02T18:50:27","slug":"kaugjuhtimispuldi-mitsubishi-galant-lancerile-sobiv","status":"publish","type":"product","link":"https:\/\/keys-for-auto.eu\/et\/product\/kaugjuhtimispuldi-mitsubishi-galant-lancerile-sobiv\/","title":{"rendered":"Kaugjuhtimispuldi v\u00f5ti &#8211; sobib Mitsubishi Galant | Lancerile"},"content":{"rendered":"<h2><strong>Mitsubishi Galant, Lancer jaoks &#8211; kaugjuhtimispuldi v\u00f5ti<\/strong><\/h2>\n<p>Pakume teile \u00fcha populaarsemat teenust, et tagada teie neljarattalise s\u00f5iduki turvalisus &#8211; autov\u00f5tmete programmeerimist. Me programmeerime v\u00f5tmeid paljude automarkide ja -mudelite jaoks. M\u00fc\u00fcme ka autode kaugjuhtimispuldi v\u00f5tmeid ja v\u00f5tmehoidikuid.<\/p>\n<p>Hoolitsege oma auto turvalisuse eest nii vara kui v\u00f5imalik ja te ei kahetse, et ei ole oma s\u00f5idukit \u00f5igeaegselt kindlustanud. V\u00f5tmete programmeerimine ja kohandamine teie individuaalsele autole tagab selle turvalisuse ja teie meelerahu. V\u00e4ike investeering toob teile m\u00e4rkimisv\u00e4\u00e4rset kasu &#8211; teie autole kohandatud ja vastavalt automargile programmeeritud v\u00f5ti on turvalisuse garantii. Ja teie ohutus on meie eesm\u00e4rk ning me p\u00fc\u00fcame seda saavutada, tehes oma t\u00f6\u00f6d professionaalselt ja v\u00f5ttes arvesse meie klientide vajadusi.<\/p>\n<h2><strong>Kirjeldus<\/strong><\/h2>\n<p>Seekord pakume teile Mitsubishi marki autodele m\u00f5eldud teraga kaugjuhtimispuldi v\u00f5tit, mis sobib Mitsubishi Galant ja Lancer mudelitele. Need kaugjuhtimispuldid t\u00f6\u00f6tavad sagedusel 315 MHz.<\/p>\n<p>Autov\u00f5tmete programmeerimine tagab teie s\u00f5iduki turvalisuse ja kui ostate Mitsubishi autole kaugjuhtimispuldi v\u00f5tme, siis olete meeldivalt \u00fcllatunud meie t\u00f6\u00f6tajate teeninduse tasemest, tellimuse kiirest t\u00e4itmisest ja teenuse kvaliteedist.<\/p>\n<p>V\u00f5tmete valmistamine on teenus, mille j\u00e4rele on \u00fcha suurem n\u00f5udlus. N\u00f5udluse kasvades suureneb ka pakkumine. \u00dcha rohkem ettev\u00f5tteid pakub seda teenust, kuid kui soovite tellida oma Mitsubishi auto v\u00f5tmete valmistamist, ei tee te valesti, kui valite meid. Me teenindame teid kiiresti, kvaliteetselt ja konkurentsiv\u00f5imelise hinnaga. Me usume, et hind ja kvaliteet peaksid k\u00e4ima k\u00e4sik\u00e4es, mist\u00f5ttu tellime varuosad ainult j\u00e4releproovitud ja usaldusv\u00e4\u00e4rsetelt tootjatelt ning p\u00fc\u00fcame tagada, et meie teenuste ja toodete hind vastaks teie ootustele.<\/p>\n<p>Autov\u00f5tmed on toode, mis n\u00f5uab m\u00fc\u00fcjalt 100% professionaalsust, st usaldusv\u00e4\u00e4rset tootjat ja vastutustundlikku suhtumist oma t\u00f6\u00f6sse, sest teie auto turvalisus s\u00f5ltub m\u00fc\u00fcja kvalifikatsioonist. Nii et kiirustage ja tellige oma Mitsubishi auto v\u00f5tmed. Usaldage oma auto turvalisus selle valdkonna t\u00f5elistele professionaalidele!<\/p>\n","protected":false},"excerpt":{"rendered":"<p><em><strong>Mitsubishi autode v\u00f5ti, puldiga (315MHz), sobib:<\/strong><\/em><\/p>\n<p><em><strong>Galant<\/strong><\/em><\/p>\n<p><em><strong>Lancer<\/strong><\/em><\/p>\n<h3><strong>Autov\u00f5tmete tootmine<\/strong><\/h3>\n<ul>\n<li><strong>Uute autov\u00f5tmete valmistamine, v\u00f5tmete programmeerimine (&#8220;sidumine&#8221; autoga)<\/strong><\/li>\n<li><strong>Varem kaotatud v\u00f5tmete kustutamine auto m\u00e4lust<\/strong><\/li>\n<li><strong>S\u00fc\u00fctev\u00f5tme tootmine vastavalt lukule<\/strong><\/li>\n<li><strong>Autov\u00f5tmete remont (nuppude, kestade, mehhanismide vahetus)<\/strong><\/li>\n<li><strong>Autode avamine h\u00e4daolukorras<\/strong><\/li>\n<li><strong>V\u00f5tmete, v\u00f5tmekastide kaubandus<\/strong><\/li>\n<li><strong>DPF \/ FAP tarkvara v\u00e4ljal\u00fclitamine<\/strong><\/li>\n<li><strong>Programmiline EGR eemaldamine<\/strong><\/li>\n<li><strong>Kasutust\u00f5kise tarkvara deaktiveerimine (immo Off)<\/strong><\/li>\n<li><strong>Mootori kontrollploki (ECU) remont, kloonimine, programmeerimine<\/strong><\/li>\n<li><strong>SRS (turvapadja juhtseadme programmeerimine)<\/strong><\/li>\n<\/ul>\n<h4><strong>  kaubad saadetakse 3 t\u00f6\u00f6p\u00e4eva jooksul.*<\/strong><\/h4>\n","protected":false},"featured_media":17314,"comment_status":"open","ping_status":"closed","template":"","meta":[],"product_brand":[],"product_cat":[3527,3640],"product_tag":[3789,3791,3793],"class_list":{"0":"post-20177","1":"product","2":"type-product","3":"status-publish","4":"has-post-thumbnail","6":"product_cat-kaugjuhtimispuldi-votmed","7":"product_cat-mitsubishi-et","8":"product_tag-mitsubishi-galant-voti","9":"product_tag-mitsubishi-lancer-voti","10":"product_tag-mitsubishi-voti","12":"first","13":"instock","14":"shipping-taxable","15":"purchasable","16":"product-type-simple"},"yoast_head":"<!-- This site is optimized with the Yoast SEO plugin v27.6 - https:\/\/yoast.com\/product\/yoast-seo-wordpress\/ -->\n<title>Kaugjuhtimispuldi v\u00f5ti - sobib Mitsubishi Galant | Lancerile - Keys for auto%<\/title>\n<meta name=\"robots\" content=\"index, follow, max-snippet:-1, max-image-preview:large, max-video-preview:-1\" \/>\n<link rel=\"canonical\" href=\"https:\/\/keys-for-auto.eu\/et\/product\/kaugjuhtimispuldi-mitsubishi-galant-lancerile-sobiv\/\" \/>\n<meta property=\"og:locale\" content=\"et_EE\" \/>\n<meta property=\"og:type\" content=\"article\" \/>\n<meta property=\"og:title\" content=\"Kaugjuhtimispuldi v\u00f5ti - sobib Mitsubishi Galant | Lancerile - Keys for auto%\" \/>\n<meta property=\"og:description\" content=\"Mitsubishi autode v\u00f5ti, puldiga (315MHz), sobib: Galant Lancer Autov\u00f5tmete tootmine  Uute autov\u00f5tmete valmistamine, v\u00f5tmete programmeerimine (&quot;sidumine&quot; autoga)  Varem kaotatud v\u00f5tmete kustutamine auto m\u00e4lust  S\u00fc\u00fctev\u00f5tme tootmine vastavalt lukule  Autov\u00f5tmete remont (nuppude, kestade, mehhanismide vahetus)  Autode avamine h\u00e4daolukorras  V\u00f5tmete, v\u00f5tmekastide kaubandus  DPF \/ FAP tarkvara v\u00e4ljal\u00fclitamine  Programmiline EGR eemaldamine  Kasutust\u00f5kise tarkvara deaktiveerimine (immo Off)  Mootori kontrollploki (ECU) remont, kloonimine, programmeerimine  SRS (turvapadja juhtseadme programmeerimine)  kaubad saadetakse 3 t\u00f6\u00f6p\u00e4eva jooksul.*\" \/>\n<meta property=\"og:url\" content=\"https:\/\/keys-for-auto.eu\/et\/product\/kaugjuhtimispuldi-mitsubishi-galant-lancerile-sobiv\/\" \/>\n<meta property=\"og:site_name\" content=\"Keys for auto\" \/>\n<meta property=\"article:publisher\" content=\"https:\/\/www.facebook.com\/KeysForAutoEU\" \/>\n<meta name=\"twitter:card\" content=\"summary_large_image\" \/>\n<meta name=\"twitter:label1\" content=\"Est. reading time\" \/>\n\t<meta name=\"twitter:data1\" content=\"2 minutit\" \/>\n<script type=\"application\/ld+json\" class=\"yoast-schema-graph\">{\"@context\":\"https:\\\/\\\/schema.org\",\"@graph\":[{\"@type\":[\"WebPage\",\"ItemPage\"],\"@id\":\"https:\\\/\\\/keys-for-auto.eu\\\/et\\\/product\\\/kaugjuhtimispuldi-mitsubishi-galant-lancerile-sobiv\\\/\",\"url\":\"https:\\\/\\\/keys-for-auto.eu\\\/et\\\/product\\\/kaugjuhtimispuldi-mitsubishi-galant-lancerile-sobiv\\\/\",\"name\":\"Kaugjuhtimispuldi v\u00f5ti - sobib Mitsubishi Galant | Lancerile - Keys for auto%\",\"isPartOf\":{\"@id\":\"https:\\\/\\\/keys-for-auto.eu\\\/et\\\/#website\"},\"primaryImageOfPage\":{\"@id\":\"https:\\\/\\\/keys-for-auto.eu\\\/et\\\/product\\\/kaugjuhtimispuldi-mitsubishi-galant-lancerile-sobiv\\\/#primaryimage\"},\"image\":{\"@id\":\"https:\\\/\\\/keys-for-auto.eu\\\/et\\\/product\\\/kaugjuhtimispuldi-mitsubishi-galant-lancerile-sobiv\\\/#primaryimage\"},\"thumbnailUrl\":\"\",\"datePublished\":\"2016-04-02T18:50:27+00:00\",\"breadcrumb\":{\"@id\":\"https:\\\/\\\/keys-for-auto.eu\\\/et\\\/product\\\/kaugjuhtimispuldi-mitsubishi-galant-lancerile-sobiv\\\/#breadcrumb\"},\"inLanguage\":\"et\",\"potentialAction\":[{\"@type\":\"ReadAction\",\"target\":[\"https:\\\/\\\/keys-for-auto.eu\\\/et\\\/product\\\/kaugjuhtimispuldi-mitsubishi-galant-lancerile-sobiv\\\/\"]}]},{\"@type\":\"ImageObject\",\"inLanguage\":\"et\",\"@id\":\"https:\\\/\\\/keys-for-auto.eu\\\/et\\\/product\\\/kaugjuhtimispuldi-mitsubishi-galant-lancerile-sobiv\\\/#primaryimage\",\"url\":\"\",\"contentUrl\":\"\",\"caption\":\"Kaugjuhtimispuldi v\u00f5ti - sobib Mitsubishi Galant | Lancerile\"},{\"@type\":\"BreadcrumbList\",\"@id\":\"https:\\\/\\\/keys-for-auto.eu\\\/et\\\/product\\\/kaugjuhtimispuldi-mitsubishi-galant-lancerile-sobiv\\\/#breadcrumb\",\"itemListElement\":[{\"@type\":\"ListItem\",\"position\":1,\"name\":\"Kodu\",\"item\":\"https:\\\/\\\/keys-for-auto.eu\\\/et\\\/\"},{\"@type\":\"ListItem\",\"position\":2,\"name\":\"Shop\",\"item\":\"https:\\\/\\\/keys-for-auto.eu\\\/\"},{\"@type\":\"ListItem\",\"position\":3,\"name\":\"Kaugjuhtimispuldi v\u00f5ti &#8211; sobib Mitsubishi Galant | Lancerile\"}]},{\"@type\":\"WebSite\",\"@id\":\"https:\\\/\\\/keys-for-auto.eu\\\/et\\\/#website\",\"url\":\"https:\\\/\\\/keys-for-auto.eu\\\/et\\\/\",\"name\":\"Keys for auto\",\"description\":\"Car keys,  key shells, key programming\",\"publisher\":{\"@id\":\"https:\\\/\\\/keys-for-auto.eu\\\/et\\\/#organization\"},\"potentialAction\":[{\"@type\":\"SearchAction\",\"target\":{\"@type\":\"EntryPoint\",\"urlTemplate\":\"https:\\\/\\\/keys-for-auto.eu\\\/et\\\/?s={search_term_string}\"},\"query-input\":{\"@type\":\"PropertyValueSpecification\",\"valueRequired\":true,\"valueName\":\"search_term_string\"}}],\"inLanguage\":\"et\"},{\"@type\":\"Organization\",\"@id\":\"https:\\\/\\\/keys-for-auto.eu\\\/et\\\/#organization\",\"name\":\"Auto v\u00f5tmed\",\"url\":\"https:\\\/\\\/keys-for-auto.eu\\\/et\\\/\",\"logo\":{\"@type\":\"ImageObject\",\"inLanguage\":\"et\",\"@id\":\"https:\\\/\\\/keys-for-auto.eu\\\/et\\\/#\\\/schema\\\/logo\\\/image\\\/\",\"url\":\"https:\\\/\\\/keys-for-auto.eu\\\/wp-content\\\/uploads\\\/2022\\\/11\\\/cropped-png1.png\",\"contentUrl\":\"https:\\\/\\\/keys-for-auto.eu\\\/wp-content\\\/uploads\\\/2022\\\/11\\\/cropped-png1.png\",\"width\":1000,\"height\":342,\"caption\":\"Auto v\u00f5tmed\"},\"image\":{\"@id\":\"https:\\\/\\\/keys-for-auto.eu\\\/et\\\/#\\\/schema\\\/logo\\\/image\\\/\"},\"sameAs\":[\"https:\\\/\\\/www.facebook.com\\\/KeysForAutoEU\"]}]}<\/script>\n<!-- \/ Yoast SEO plugin. -->","yoast_head_json":{"title":"Kaugjuhtimispuldi v\u00f5ti - sobib Mitsubishi Galant | Lancerile - Keys for auto%","robots":{"index":"index","follow":"follow","max-snippet":"max-snippet:-1","max-image-preview":"max-image-preview:large","max-video-preview":"max-video-preview:-1"},"canonical":"https:\/\/keys-for-auto.eu\/et\/product\/kaugjuhtimispuldi-mitsubishi-galant-lancerile-sobiv\/","og_locale":"et_EE","og_type":"article","og_title":"Kaugjuhtimispuldi v\u00f5ti - sobib Mitsubishi Galant | Lancerile - Keys for auto%","og_description":"Mitsubishi autode v\u00f5ti, puldiga (315MHz), sobib: Galant Lancer Autov\u00f5tmete tootmine  Uute autov\u00f5tmete valmistamine, v\u00f5tmete programmeerimine (\"sidumine\" autoga)  Varem kaotatud v\u00f5tmete kustutamine auto m\u00e4lust  S\u00fc\u00fctev\u00f5tme tootmine vastavalt lukule  Autov\u00f5tmete remont (nuppude, kestade, mehhanismide vahetus)  Autode avamine h\u00e4daolukorras  V\u00f5tmete, v\u00f5tmekastide kaubandus  DPF \/ FAP tarkvara v\u00e4ljal\u00fclitamine  Programmiline EGR eemaldamine  Kasutust\u00f5kise tarkvara deaktiveerimine (immo Off)  Mootori kontrollploki (ECU) remont, kloonimine, programmeerimine  SRS (turvapadja juhtseadme programmeerimine)  kaubad saadetakse 3 t\u00f6\u00f6p\u00e4eva jooksul.*","og_url":"https:\/\/keys-for-auto.eu\/et\/product\/kaugjuhtimispuldi-mitsubishi-galant-lancerile-sobiv\/","og_site_name":"Keys for auto","article_publisher":"https:\/\/www.facebook.com\/KeysForAutoEU","twitter_card":"summary_large_image","twitter_misc":{"Est. reading time":"2 minutit"},"schema":{"@context":"https:\/\/schema.org","@graph":[{"@type":["WebPage","ItemPage"],"@id":"https:\/\/keys-for-auto.eu\/et\/product\/kaugjuhtimispuldi-mitsubishi-galant-lancerile-sobiv\/","url":"https:\/\/keys-for-auto.eu\/et\/product\/kaugjuhtimispuldi-mitsubishi-galant-lancerile-sobiv\/","name":"Kaugjuhtimispuldi v\u00f5ti - sobib Mitsubishi Galant | Lancerile - Keys for auto%","isPartOf":{"@id":"https:\/\/keys-for-auto.eu\/et\/#website"},"primaryImageOfPage":{"@id":"https:\/\/keys-for-auto.eu\/et\/product\/kaugjuhtimispuldi-mitsubishi-galant-lancerile-sobiv\/#primaryimage"},"image":{"@id":"https:\/\/keys-for-auto.eu\/et\/product\/kaugjuhtimispuldi-mitsubishi-galant-lancerile-sobiv\/#primaryimage"},"thumbnailUrl":"","datePublished":"2016-04-02T18:50:27+00:00","breadcrumb":{"@id":"https:\/\/keys-for-auto.eu\/et\/product\/kaugjuhtimispuldi-mitsubishi-galant-lancerile-sobiv\/#breadcrumb"},"inLanguage":"et","potentialAction":[{"@type":"ReadAction","target":["https:\/\/keys-for-auto.eu\/et\/product\/kaugjuhtimispuldi-mitsubishi-galant-lancerile-sobiv\/"]}]},{"@type":"ImageObject","inLanguage":"et","@id":"https:\/\/keys-for-auto.eu\/et\/product\/kaugjuhtimispuldi-mitsubishi-galant-lancerile-sobiv\/#primaryimage","url":"","contentUrl":"","caption":"Kaugjuhtimispuldi v\u00f5ti - sobib Mitsubishi Galant | Lancerile"},{"@type":"BreadcrumbList","@id":"https:\/\/keys-for-auto.eu\/et\/product\/kaugjuhtimispuldi-mitsubishi-galant-lancerile-sobiv\/#breadcrumb","itemListElement":[{"@type":"ListItem","position":1,"name":"Kodu","item":"https:\/\/keys-for-auto.eu\/et\/"},{"@type":"ListItem","position":2,"name":"Shop","item":"https:\/\/keys-for-auto.eu\/"},{"@type":"ListItem","position":3,"name":"Kaugjuhtimispuldi v\u00f5ti &#8211; sobib Mitsubishi Galant | Lancerile"}]},{"@type":"WebSite","@id":"https:\/\/keys-for-auto.eu\/et\/#website","url":"https:\/\/keys-for-auto.eu\/et\/","name":"Keys for auto","description":"Car keys,  key shells, key programming","publisher":{"@id":"https:\/\/keys-for-auto.eu\/et\/#organization"},"potentialAction":[{"@type":"SearchAction","target":{"@type":"EntryPoint","urlTemplate":"https:\/\/keys-for-auto.eu\/et\/?s={search_term_string}"},"query-input":{"@type":"PropertyValueSpecification","valueRequired":true,"valueName":"search_term_string"}}],"inLanguage":"et"},{"@type":"Organization","@id":"https:\/\/keys-for-auto.eu\/et\/#organization","name":"Auto v\u00f5tmed","url":"https:\/\/keys-for-auto.eu\/et\/","logo":{"@type":"ImageObject","inLanguage":"et","@id":"https:\/\/keys-for-auto.eu\/et\/#\/schema\/logo\/image\/","url":"https:\/\/keys-for-auto.eu\/wp-content\/uploads\/2022\/11\/cropped-png1.png","contentUrl":"https:\/\/keys-for-auto.eu\/wp-content\/uploads\/2022\/11\/cropped-png1.png","width":1000,"height":342,"caption":"Auto v\u00f5tmed"},"image":{"@id":"https:\/\/keys-for-auto.eu\/et\/#\/schema\/logo\/image\/"},"sameAs":["https:\/\/www.facebook.com\/KeysForAutoEU"]}]}},"_links":{"self":[{"href":"https:\/\/keys-for-auto.eu\/et\/wp-json\/wp\/v2\/product\/20177","targetHints":{"allow":["GET"]}}],"collection":[{"href":"https:\/\/keys-for-auto.eu\/et\/wp-json\/wp\/v2\/product"}],"about":[{"href":"https:\/\/keys-for-auto.eu\/et\/wp-json\/wp\/v2\/types\/product"}],"replies":[{"embeddable":true,"href":"https:\/\/keys-for-auto.eu\/et\/wp-json\/wp\/v2\/comments?post=20177"}],"wp:featuredmedia":[{"embeddable":true,"href":"https:\/\/keys-for-auto.eu\/et\/wp-json\/wp\/v2\/media\/17314"}],"wp:attachment":[{"href":"https:\/\/keys-for-auto.eu\/et\/wp-json\/wp\/v2\/media?parent=20177"}],"wp:term":[{"taxonomy":"product_brand","embeddable":true,"href":"https:\/\/keys-for-auto.eu\/et\/wp-json\/wp\/v2\/product_brand?post=20177"},{"taxonomy":"product_cat","embeddable":true,"href":"https:\/\/keys-for-auto.eu\/et\/wp-json\/wp\/v2\/product_cat?post=20177"},{"taxonomy":"product_tag","embeddable":true,"href":"https:\/\/keys-for-auto.eu\/et\/wp-json\/wp\/v2\/product_tag?post=20177"}],"curies":[{"name":"wp","href":"https:\/\/api.w.org\/{rel}","templated":true}]}}