{"id":20145,"date":"2016-04-02T10:29:07","date_gmt":"2016-04-02T10:29:07","guid":{"rendered":"https:\/\/keys-for-auto.eu\/product\/nelja-nupuga-kaugjuhtimispuldi-kest-sobib-volvo-autodele\/"},"modified":"2016-04-02T10:29:07","modified_gmt":"2016-04-02T10:29:07","slug":"nelja-nupuga-kaugjuhtimispuldi-kere-sobib-volvo-autodele","status":"publish","type":"product","link":"https:\/\/keys-for-auto.eu\/et\/product\/nelja-nupuga-kaugjuhtimispuldi-kere-sobib-volvo-autodele\/","title":{"rendered":"Nelja nupuga kaugjuhtimispuldi kest &#8211; sobib Volvo autodele"},"content":{"rendered":"<h2><strong>Volvo jaoks &#8211; v\u00f5tmekoorik<\/strong><\/h2>\n<h2><strong>Tutvustame Volvo autodele m\u00f5eldud 4-nupulist v\u00f5tmekest.<\/strong><\/h2>\n<p>V\u00f5imsa ja ilusa auto juhtimise r\u00f5\u00f5mu ei tohiks varjutada pidev mure selle ohutuse p\u00e4rast, kui see j\u00e4\u00e4b j\u00e4relevalveta. Volvo v\u00f5tme programmeerimine aitab teil neist muredest vabaneda. Me programmeerime v\u00f5tmeid mitte ainult Volvo, vaid ka paljude teiste automarkide jaoks.<\/p>\n<p>Me programmeerime teie v\u00f5tmed ja kutsume teid \u00fcles seda teenust l\u00e4hemalt uurima. Autojuhid, kelle autopargis on lisaks Volvole ka Renault&#8217;d, peaksid olema mures. Kutsume teid \u00fcles kasutama meie eksklusiivset teenust. M\u00fc\u00fcme Renault s\u00fc\u00fctekaarte. Vajadusel vahetame katkised v\u00f5i kulunud kaardikehad v\u00e4lja. Renault s\u00fc\u00fctekaartide remont ja programmeerimine. Lisaks eespool loetletud teenustele ja toodetele pakume ka Renault&#8217;i kaartide kleepimist.<\/p>\n<p>Autov\u00f5tmete programmeerimine on vastutusrikas valdkond. Seep\u00e4rast investeerime oma teenuste t\u00e4iustamisse. Me uuendame kasutatavat tehnoloogiat. Parandame oma tehnikute kvalifikatsiooni. Selle tulemusena on v\u00f5tmete tootmine muutunud professionaalsemaks, sest me sisenesime turule. Kui olete huvitatud professionaalsetest ja usaldusv\u00e4\u00e4rsetest autov\u00f5tmetest, v\u00f5tke meiega \u00fchendust.<\/p>\n<h3>Autode avamine h\u00e4daolukorras<\/h3>\n<p>Teine teenus, mida me pakume, on auto avamine h\u00e4daolukorras. M\u00f5nikord tekib \u00f5nnetu olukord, kus v\u00f5tmed on auto sees kinni. Sellisel juhul tuleb lukustuss\u00fcsteem eemaldada, et auto lahti lukustada. Selle p\u00f5hjuseks on eriseadmed, mis t\u00f6\u00f6tavad nii, et uks lukustub p\u00e4rast teatud aja m\u00f6\u00f6dumist. Nii et selline olukord muudab vajalikuks professionaalse abi otsimise. Siinkohal tuleme meie appi!<\/p>\n<p>Autode avamine on veel \u00fcks teenus, mida me pakume. \u00c4rge proovige seda ise teha, sest v\u00f5ite olukorra lihtsalt \u00e4ra rikkuda. See ei ole lihtne kellelgi, kellel puuduvad \u00f5iged teadmised. Sa v\u00f5id lukustusmehhanismi kahjustada ja siis on sul veel rohkem probleeme. Nii et j\u00e4tke auto avarii avamine meile &#8211; selle valdkonna professionaalidele. Me teeme avarii avamise ilma teie auto kahjustamata.<\/p>\n","protected":false},"excerpt":{"rendered":"<p><em><strong>Nelja nupuga kaugjuhtimispuldi kest &#8211; sobib Volvo autodele.<\/strong><\/em><\/p>\n<h3><strong>Autov\u00f5tmete tootmine<\/strong><\/h3>\n<ul>\n<li><strong>Uute autov\u00f5tmete valmistamine, v\u00f5tmete programmeerimine (&#8220;sidumine&#8221; autoga)<\/strong><\/li>\n<li><strong>Varem kaotatud v\u00f5tmete kustutamine auto m\u00e4lust<\/strong><\/li>\n<li><strong>S\u00fc\u00fctev\u00f5tme tootmine vastavalt lukule<\/strong><\/li>\n<li><strong>Autov\u00f5tmete remont (nuppude, kestade, mehhanismide vahetus)<\/strong><\/li>\n<li><strong>Autode avamine h\u00e4daolukorras<\/strong><\/li>\n<li><strong>V\u00f5tmete, v\u00f5tmekastide kaubandus<\/strong><\/li>\n<li><strong>DPF \/ FAP tarkvara v\u00e4ljal\u00fclitamine<\/strong><\/li>\n<li><strong>Programmiline EGR eemaldamine<\/strong><\/li>\n<li><strong>Kasutust\u00f5kise tarkvara deaktiveerimine (immo Off)<\/strong><\/li>\n<li><strong>Mootori kontrollploki (ECU) remont, kloonimine, programmeerimine<\/strong><\/li>\n<li><strong>SRS (turvapadja juhtseadme programmeerimine)<\/strong><\/li>\n<\/ul>\n<div class=\"woocommerce-product-details__short-description\">\n<h4><strong>  kaubad saadetakse 3 t\u00f6\u00f6p\u00e4eva jooksul.*<\/strong><\/h4>\n<\/div>\n<form class=\"cart\" action=\"https:\/\/keys-for-auto.eu\/product\/smart-key-shell-suitable-for-audi-a3-a4-s4-a5-three-buttons\/\" enctype=\"multipart\/form-data\" method=\"post\"><\/form>\n","protected":false},"featured_media":17266,"comment_status":"open","ping_status":"closed","template":"","meta":[],"product_brand":[],"product_cat":[3736,3459],"product_tag":[3738],"class_list":{"0":"post-20145","1":"product","2":"type-product","3":"status-publish","4":"has-post-thumbnail","6":"product_cat-volvo-et","7":"product_cat-votmekoored","8":"product_tag-volvo-kaugjuhtimispult","10":"first","11":"instock","12":"sale","13":"shipping-taxable","14":"purchasable","15":"product-type-simple"},"yoast_head":"<!-- This site is optimized with the Yoast SEO plugin v27.3 - https:\/\/yoast.com\/product\/yoast-seo-wordpress\/ -->\n<title>Nelja nupuga kaugjuhtimispuldi kest - sobib Volvo autodele - Keys for auto%<\/title>\n<meta name=\"robots\" content=\"index, follow, max-snippet:-1, max-image-preview:large, max-video-preview:-1\" \/>\n<link rel=\"canonical\" href=\"https:\/\/keys-for-auto.eu\/et\/product\/nelja-nupuga-kaugjuhtimispuldi-kere-sobib-volvo-autodele\/\" \/>\n<meta property=\"og:locale\" content=\"et_EE\" \/>\n<meta property=\"og:type\" content=\"article\" \/>\n<meta property=\"og:title\" content=\"Nelja nupuga kaugjuhtimispuldi kest - sobib Volvo autodele - Keys for auto%\" \/>\n<meta property=\"og:description\" content=\"Nelja nupuga kaugjuhtimispuldi kest - sobib Volvo autodele. Autov\u00f5tmete tootmine  Uute autov\u00f5tmete valmistamine, v\u00f5tmete programmeerimine (&quot;sidumine&quot; autoga)  Varem kaotatud v\u00f5tmete kustutamine auto m\u00e4lust  S\u00fc\u00fctev\u00f5tme tootmine vastavalt lukule  Autov\u00f5tmete remont (nuppude, kestade, mehhanismide vahetus)  Autode avamine h\u00e4daolukorras  V\u00f5tmete, v\u00f5tmekastide kaubandus  DPF \/ FAP tarkvara v\u00e4ljal\u00fclitamine  Programmiline EGR eemaldamine  Kasutust\u00f5kise tarkvara deaktiveerimine (immo Off)  Mootori kontrollploki (ECU) remont, kloonimine, programmeerimine  SRS (turvapadja juhtseadme programmeerimine)   kaubad saadetakse 3 t\u00f6\u00f6p\u00e4eva jooksul.*\" \/>\n<meta property=\"og:url\" content=\"https:\/\/keys-for-auto.eu\/et\/product\/nelja-nupuga-kaugjuhtimispuldi-kere-sobib-volvo-autodele\/\" \/>\n<meta property=\"og:site_name\" content=\"Keys for auto\" \/>\n<meta property=\"article:publisher\" content=\"https:\/\/www.facebook.com\/KeysForAutoEU\" \/>\n<meta name=\"twitter:card\" content=\"summary_large_image\" \/>\n<meta name=\"twitter:label1\" content=\"Est. reading time\" \/>\n\t<meta name=\"twitter:data1\" content=\"1 minut\" \/>\n<script type=\"application\/ld+json\" class=\"yoast-schema-graph\">{\"@context\":\"https:\\\/\\\/schema.org\",\"@graph\":[{\"@type\":[\"WebPage\",\"ItemPage\"],\"@id\":\"https:\\\/\\\/keys-for-auto.eu\\\/et\\\/product\\\/nelja-nupuga-kaugjuhtimispuldi-kere-sobib-volvo-autodele\\\/\",\"url\":\"https:\\\/\\\/keys-for-auto.eu\\\/et\\\/product\\\/nelja-nupuga-kaugjuhtimispuldi-kere-sobib-volvo-autodele\\\/\",\"name\":\"Nelja nupuga kaugjuhtimispuldi kest - sobib Volvo autodele - Keys for auto%\",\"isPartOf\":{\"@id\":\"https:\\\/\\\/keys-for-auto.eu\\\/et\\\/#website\"},\"primaryImageOfPage\":{\"@id\":\"https:\\\/\\\/keys-for-auto.eu\\\/et\\\/product\\\/nelja-nupuga-kaugjuhtimispuldi-kere-sobib-volvo-autodele\\\/#primaryimage\"},\"image\":{\"@id\":\"https:\\\/\\\/keys-for-auto.eu\\\/et\\\/product\\\/nelja-nupuga-kaugjuhtimispuldi-kere-sobib-volvo-autodele\\\/#primaryimage\"},\"thumbnailUrl\":\"\",\"datePublished\":\"2016-04-02T10:29:07+00:00\",\"breadcrumb\":{\"@id\":\"https:\\\/\\\/keys-for-auto.eu\\\/et\\\/product\\\/nelja-nupuga-kaugjuhtimispuldi-kere-sobib-volvo-autodele\\\/#breadcrumb\"},\"inLanguage\":\"et\",\"potentialAction\":[{\"@type\":\"ReadAction\",\"target\":[\"https:\\\/\\\/keys-for-auto.eu\\\/et\\\/product\\\/nelja-nupuga-kaugjuhtimispuldi-kere-sobib-volvo-autodele\\\/\"]}]},{\"@type\":\"ImageObject\",\"inLanguage\":\"et\",\"@id\":\"https:\\\/\\\/keys-for-auto.eu\\\/et\\\/product\\\/nelja-nupuga-kaugjuhtimispuldi-kere-sobib-volvo-autodele\\\/#primaryimage\",\"url\":\"\",\"contentUrl\":\"\",\"caption\":\"Nelja nupuga kaugjuhtimispuldi kest - sobib Volvo autodele\"},{\"@type\":\"BreadcrumbList\",\"@id\":\"https:\\\/\\\/keys-for-auto.eu\\\/et\\\/product\\\/nelja-nupuga-kaugjuhtimispuldi-kere-sobib-volvo-autodele\\\/#breadcrumb\",\"itemListElement\":[{\"@type\":\"ListItem\",\"position\":1,\"name\":\"Kodu\",\"item\":\"https:\\\/\\\/keys-for-auto.eu\\\/et\\\/\"},{\"@type\":\"ListItem\",\"position\":2,\"name\":\"Shop\",\"item\":\"https:\\\/\\\/keys-for-auto.eu\\\/\"},{\"@type\":\"ListItem\",\"position\":3,\"name\":\"Nelja nupuga kaugjuhtimispuldi kest &#8211; sobib Volvo autodele\"}]},{\"@type\":\"WebSite\",\"@id\":\"https:\\\/\\\/keys-for-auto.eu\\\/et\\\/#website\",\"url\":\"https:\\\/\\\/keys-for-auto.eu\\\/et\\\/\",\"name\":\"Keys for auto\",\"description\":\"Car keys,  key shells, key programming\",\"publisher\":{\"@id\":\"https:\\\/\\\/keys-for-auto.eu\\\/et\\\/#organization\"},\"potentialAction\":[{\"@type\":\"SearchAction\",\"target\":{\"@type\":\"EntryPoint\",\"urlTemplate\":\"https:\\\/\\\/keys-for-auto.eu\\\/et\\\/?s={search_term_string}\"},\"query-input\":{\"@type\":\"PropertyValueSpecification\",\"valueRequired\":true,\"valueName\":\"search_term_string\"}}],\"inLanguage\":\"et\"},{\"@type\":\"Organization\",\"@id\":\"https:\\\/\\\/keys-for-auto.eu\\\/et\\\/#organization\",\"name\":\"Auto v\u00f5tmed\",\"url\":\"https:\\\/\\\/keys-for-auto.eu\\\/et\\\/\",\"logo\":{\"@type\":\"ImageObject\",\"inLanguage\":\"et\",\"@id\":\"https:\\\/\\\/keys-for-auto.eu\\\/et\\\/#\\\/schema\\\/logo\\\/image\\\/\",\"url\":\"https:\\\/\\\/keys-for-auto.eu\\\/wp-content\\\/uploads\\\/2022\\\/11\\\/cropped-png1.png\",\"contentUrl\":\"https:\\\/\\\/keys-for-auto.eu\\\/wp-content\\\/uploads\\\/2022\\\/11\\\/cropped-png1.png\",\"width\":1000,\"height\":342,\"caption\":\"Auto v\u00f5tmed\"},\"image\":{\"@id\":\"https:\\\/\\\/keys-for-auto.eu\\\/et\\\/#\\\/schema\\\/logo\\\/image\\\/\"},\"sameAs\":[\"https:\\\/\\\/www.facebook.com\\\/KeysForAutoEU\"]}]}<\/script>\n<!-- \/ Yoast SEO plugin. -->","yoast_head_json":{"title":"Nelja nupuga kaugjuhtimispuldi kest - sobib Volvo autodele - Keys for auto%","robots":{"index":"index","follow":"follow","max-snippet":"max-snippet:-1","max-image-preview":"max-image-preview:large","max-video-preview":"max-video-preview:-1"},"canonical":"https:\/\/keys-for-auto.eu\/et\/product\/nelja-nupuga-kaugjuhtimispuldi-kere-sobib-volvo-autodele\/","og_locale":"et_EE","og_type":"article","og_title":"Nelja nupuga kaugjuhtimispuldi kest - sobib Volvo autodele - Keys for auto%","og_description":"Nelja nupuga kaugjuhtimispuldi kest - sobib Volvo autodele. Autov\u00f5tmete tootmine  Uute autov\u00f5tmete valmistamine, v\u00f5tmete programmeerimine (\"sidumine\" autoga)  Varem kaotatud v\u00f5tmete kustutamine auto m\u00e4lust  S\u00fc\u00fctev\u00f5tme tootmine vastavalt lukule  Autov\u00f5tmete remont (nuppude, kestade, mehhanismide vahetus)  Autode avamine h\u00e4daolukorras  V\u00f5tmete, v\u00f5tmekastide kaubandus  DPF \/ FAP tarkvara v\u00e4ljal\u00fclitamine  Programmiline EGR eemaldamine  Kasutust\u00f5kise tarkvara deaktiveerimine (immo Off)  Mootori kontrollploki (ECU) remont, kloonimine, programmeerimine  SRS (turvapadja juhtseadme programmeerimine)   kaubad saadetakse 3 t\u00f6\u00f6p\u00e4eva jooksul.*","og_url":"https:\/\/keys-for-auto.eu\/et\/product\/nelja-nupuga-kaugjuhtimispuldi-kere-sobib-volvo-autodele\/","og_site_name":"Keys for auto","article_publisher":"https:\/\/www.facebook.com\/KeysForAutoEU","twitter_card":"summary_large_image","twitter_misc":{"Est. reading time":"1 minut"},"schema":{"@context":"https:\/\/schema.org","@graph":[{"@type":["WebPage","ItemPage"],"@id":"https:\/\/keys-for-auto.eu\/et\/product\/nelja-nupuga-kaugjuhtimispuldi-kere-sobib-volvo-autodele\/","url":"https:\/\/keys-for-auto.eu\/et\/product\/nelja-nupuga-kaugjuhtimispuldi-kere-sobib-volvo-autodele\/","name":"Nelja nupuga kaugjuhtimispuldi kest - sobib Volvo autodele - Keys for auto%","isPartOf":{"@id":"https:\/\/keys-for-auto.eu\/et\/#website"},"primaryImageOfPage":{"@id":"https:\/\/keys-for-auto.eu\/et\/product\/nelja-nupuga-kaugjuhtimispuldi-kere-sobib-volvo-autodele\/#primaryimage"},"image":{"@id":"https:\/\/keys-for-auto.eu\/et\/product\/nelja-nupuga-kaugjuhtimispuldi-kere-sobib-volvo-autodele\/#primaryimage"},"thumbnailUrl":"","datePublished":"2016-04-02T10:29:07+00:00","breadcrumb":{"@id":"https:\/\/keys-for-auto.eu\/et\/product\/nelja-nupuga-kaugjuhtimispuldi-kere-sobib-volvo-autodele\/#breadcrumb"},"inLanguage":"et","potentialAction":[{"@type":"ReadAction","target":["https:\/\/keys-for-auto.eu\/et\/product\/nelja-nupuga-kaugjuhtimispuldi-kere-sobib-volvo-autodele\/"]}]},{"@type":"ImageObject","inLanguage":"et","@id":"https:\/\/keys-for-auto.eu\/et\/product\/nelja-nupuga-kaugjuhtimispuldi-kere-sobib-volvo-autodele\/#primaryimage","url":"","contentUrl":"","caption":"Nelja nupuga kaugjuhtimispuldi kest - sobib Volvo autodele"},{"@type":"BreadcrumbList","@id":"https:\/\/keys-for-auto.eu\/et\/product\/nelja-nupuga-kaugjuhtimispuldi-kere-sobib-volvo-autodele\/#breadcrumb","itemListElement":[{"@type":"ListItem","position":1,"name":"Kodu","item":"https:\/\/keys-for-auto.eu\/et\/"},{"@type":"ListItem","position":2,"name":"Shop","item":"https:\/\/keys-for-auto.eu\/"},{"@type":"ListItem","position":3,"name":"Nelja nupuga kaugjuhtimispuldi kest &#8211; sobib Volvo autodele"}]},{"@type":"WebSite","@id":"https:\/\/keys-for-auto.eu\/et\/#website","url":"https:\/\/keys-for-auto.eu\/et\/","name":"Keys for auto","description":"Car keys,  key shells, key programming","publisher":{"@id":"https:\/\/keys-for-auto.eu\/et\/#organization"},"potentialAction":[{"@type":"SearchAction","target":{"@type":"EntryPoint","urlTemplate":"https:\/\/keys-for-auto.eu\/et\/?s={search_term_string}"},"query-input":{"@type":"PropertyValueSpecification","valueRequired":true,"valueName":"search_term_string"}}],"inLanguage":"et"},{"@type":"Organization","@id":"https:\/\/keys-for-auto.eu\/et\/#organization","name":"Auto v\u00f5tmed","url":"https:\/\/keys-for-auto.eu\/et\/","logo":{"@type":"ImageObject","inLanguage":"et","@id":"https:\/\/keys-for-auto.eu\/et\/#\/schema\/logo\/image\/","url":"https:\/\/keys-for-auto.eu\/wp-content\/uploads\/2022\/11\/cropped-png1.png","contentUrl":"https:\/\/keys-for-auto.eu\/wp-content\/uploads\/2022\/11\/cropped-png1.png","width":1000,"height":342,"caption":"Auto v\u00f5tmed"},"image":{"@id":"https:\/\/keys-for-auto.eu\/et\/#\/schema\/logo\/image\/"},"sameAs":["https:\/\/www.facebook.com\/KeysForAutoEU"]}]}},"_links":{"self":[{"href":"https:\/\/keys-for-auto.eu\/et\/wp-json\/wp\/v2\/product\/20145","targetHints":{"allow":["GET"]}}],"collection":[{"href":"https:\/\/keys-for-auto.eu\/et\/wp-json\/wp\/v2\/product"}],"about":[{"href":"https:\/\/keys-for-auto.eu\/et\/wp-json\/wp\/v2\/types\/product"}],"replies":[{"embeddable":true,"href":"https:\/\/keys-for-auto.eu\/et\/wp-json\/wp\/v2\/comments?post=20145"}],"wp:featuredmedia":[{"embeddable":true,"href":"https:\/\/keys-for-auto.eu\/et\/wp-json\/wp\/v2\/media\/17266"}],"wp:attachment":[{"href":"https:\/\/keys-for-auto.eu\/et\/wp-json\/wp\/v2\/media?parent=20145"}],"wp:term":[{"taxonomy":"product_brand","embeddable":true,"href":"https:\/\/keys-for-auto.eu\/et\/wp-json\/wp\/v2\/product_brand?post=20145"},{"taxonomy":"product_cat","embeddable":true,"href":"https:\/\/keys-for-auto.eu\/et\/wp-json\/wp\/v2\/product_cat?post=20145"},{"taxonomy":"product_tag","embeddable":true,"href":"https:\/\/keys-for-auto.eu\/et\/wp-json\/wp\/v2\/product_tag?post=20145"}],"curies":[{"name":"wp","href":"https:\/\/api.w.org\/{rel}","templated":true}]}}