{"id":20133,"date":"2016-04-02T09:27:31","date_gmt":"2016-04-02T09:27:31","guid":{"rendered":"https:\/\/keys-for-auto.eu\/product\/votmekest-ulemine-osa-sobib-opel-agilale-combo-van-corsa-c\/"},"modified":"2016-04-02T09:27:31","modified_gmt":"2016-04-02T09:27:31","slug":"key-shell-upper-part-suitable-for-opel-agila-combo-van-corsa-c","status":"publish","type":"product","link":"https:\/\/keys-for-auto.eu\/et\/product\/key-shell-upper-part-suitable-for-opel-agila-combo-van-corsa-c\/","title":{"rendered":"V\u00f5tmekest, \u00fclemine osa &#8211; sobib Opel Agilale | Combo Van | Corsa C"},"content":{"rendered":"<h2><strong>Opel Agila, Combo Van, Corsa C jaoks sobiv &#8211; v\u00f5tmekest, \u00fclemine osa<\/strong><\/h2>\n<h2>Autode v\u00f5tmed<\/h2>\n<p>Autov\u00f5tmed on iga autojuhi auto lahutamatu osa. L\u00f5ppude l\u00f5puks algab iga reis, isegi k\u00f5ige suurejoonelisem, auto avamise ja k\u00e4ivitamisega. Seep\u00e4rast soovime teile sujuvat reisi ja head ostukogemust meie kaupluses. Me hoolitseme teie auto ohutuse ja sujuva k\u00e4ivitamise eest ning te saate nautida oma s\u00f5ite &#8211; nii igap\u00e4evaseid kui ka neid, mis oma ainulaadse v\u00f5lu t\u00f5ttu tekitavad meile s\u00f5idur\u00f5\u00f5mu.<\/p>\n<h2>V\u00f5tmekoored<\/h2>\n<p>Sageli juhtub, et v\u00f5tmekoored purunevad v\u00f5i on muul viisil kahjustatud. Kui see on juhtunud teiega ja teil on Opel Agila, Combo Van v\u00f5i Corsa C, siis ei ole midagi hullu, saate meie kauplusest osta uue v\u00f5tmekarbi. Loomulikult m\u00fc\u00fcme ka teiste automarkide v\u00f5tmekestasid ja kaugv\u00f5tmeid.<\/p>\n<p>Kui kavatsete oma v\u00f5tmeid programmeerida, peate arvestama t\u00f6\u00f6 kvaliteediga ja valima selleks professionaali. Me programmeerime v\u00f5tmeid, kasutades uusimat tehnoloogiat, ja t\u00e4iendame pidevalt oma teadmisi selles valdkonnas. Meie ettev\u00f5te n\u00f5uab, et iga t\u00f6\u00f6taja peab oma oskusi t\u00e4iendama, mist\u00f5ttu saadame oma k\u00e4sit\u00f6\u00f6lised v\u00f5tmetootmise ja programmeerimise kursustele. Oleme kogunud k\u00f5ik vajalikud teadmised ja soovime neid teie kasuks kasutada! Nii et v\u00f5tke \u00fchendust!<\/p>\n<h2>Programmeerimisv\u00f5tmed<\/h2>\n<p>Me programmeerime v\u00f5tmed ja ootame teid meie t\u00f6\u00f6tuppa! Teid tervitab s\u00f5bralik personal ja soodsad hinnad. Teid \u00fcllatab meie t\u00f6\u00f6 kvaliteet. Meie poest saate osta ka kaugjuhtimispuldi v\u00f5tmeid. Teie Opel v\u00e4\u00e4rib maksimaalset kaitset ja arukat hooldust. Hoolitsege oma Opeli eest enne ebameeldivat vahejuhtumit, et see oleks ohutu.<\/p>\n<p>Autov\u00f5tmete programmeerimine on meie valdkond! Peame end professionaalideks ja seda kinnitavad rahulolevad kliendid, kes soovitavad meid teistele juhtidele. See on meie t\u00f6\u00f6 parim hinnang. V\u00f5tmete tootmisega tegelevad paljud ettev\u00f5tted, kuid meid eristab meie t\u00f6\u00f6tajate n\u00f5udlikkus, t\u00f6\u00f6 kvaliteet, meeldiv teenindus ja individuaalne l\u00e4henemine igale kliendile.<\/p>\n","protected":false},"excerpt":{"rendered":"<p><em><strong>  Sobib ka:  <\/strong><\/em><\/p>\n<p><em><strong>Agila<\/strong><\/em><\/p>\n<p><em><strong>Kombineeritud kaubik<\/strong><\/em><\/p>\n<p><em><strong><span style=\"font-size: 13px;\">Corsa C  <\/span> <\/strong><\/em><\/p>\n<h3><strong>Autov\u00f5tmete tootmine<\/strong><\/h3>\n<ul>\n<li><strong>Uute autov\u00f5tmete valmistamine, v\u00f5tmete programmeerimine (&#8220;sidumine&#8221; autoga)<\/strong><\/li>\n<li><strong>Varem kaotatud v\u00f5tmete kustutamine auto m\u00e4lust<\/strong><\/li>\n<li><strong>S\u00fc\u00fctev\u00f5tme tootmine vastavalt lukule<\/strong><\/li>\n<li><strong>Autov\u00f5tmete remont (nuppude, kestade, mehhanismide vahetus)<\/strong><\/li>\n<li><strong>Autode avamine h\u00e4daolukorras<\/strong><\/li>\n<li><strong>V\u00f5tmete, v\u00f5tmekastide kaubandus<\/strong><\/li>\n<li><strong>DPF \/ FAP tarkvara v\u00e4ljal\u00fclitamine<\/strong><\/li>\n<li><strong>Programmiline EGR eemaldamine<\/strong><\/li>\n<li><strong>Kasutust\u00f5kise tarkvara deaktiveerimine (immo Off)<\/strong><\/li>\n<li><strong>Mootori kontrollploki (ECU) remont, kloonimine, programmeerimine<\/strong><\/li>\n<li><strong>SRS (turvapadja juhtseadme programmeerimine)<\/strong><\/li>\n<\/ul>\n<h4><strong>  kaubad saadetakse 3 t\u00f6\u00f6p\u00e4eva jooksul.*<\/strong><\/h4>\n<p>&nbsp;<\/p>\n","protected":false},"featured_media":18800,"comment_status":"open","ping_status":"closed","template":"","meta":[],"product_brand":[],"product_cat":[3649,3459],"product_tag":[3670,3714,3716,3653],"class_list":{"0":"post-20133","1":"product","2":"type-product","3":"status-publish","4":"has-post-thumbnail","6":"product_cat-opel-et","7":"product_cat-votmekoored","8":"product_tag-opel-agila-votmekoorik","9":"product_tag-opel-combo-van-votmekoorik","10":"product_tag-opel-corsa-c-votmekoorik","11":"product_tag-opeli-votmekoorik","13":"first","14":"instock","15":"sale","16":"shipping-taxable","17":"purchasable","18":"product-type-simple"},"yoast_head":"<!-- This site is optimized with the Yoast SEO plugin v27.3 - https:\/\/yoast.com\/product\/yoast-seo-wordpress\/ -->\n<title>V\u00f5tmekest, \u00fclemine osa - sobib Opel Agilale | Combo Van | Corsa C - Keys for auto%<\/title>\n<meta name=\"robots\" content=\"index, follow, max-snippet:-1, max-image-preview:large, max-video-preview:-1\" \/>\n<link rel=\"canonical\" href=\"https:\/\/keys-for-auto.eu\/et\/product\/key-shell-upper-part-suitable-for-opel-agila-combo-van-corsa-c\/\" \/>\n<meta property=\"og:locale\" content=\"et_EE\" \/>\n<meta property=\"og:type\" content=\"article\" \/>\n<meta property=\"og:title\" content=\"V\u00f5tmekest, \u00fclemine osa - sobib Opel Agilale | Combo Van | Corsa C - Keys for auto%\" \/>\n<meta property=\"og:description\" content=\"Sobib ka:  Agila Kombineeritud kaubik Corsa C  Autov\u00f5tmete tootmine  Uute autov\u00f5tmete valmistamine, v\u00f5tmete programmeerimine (&quot;sidumine&quot; autoga)  Varem kaotatud v\u00f5tmete kustutamine auto m\u00e4lust  S\u00fc\u00fctev\u00f5tme tootmine vastavalt lukule  Autov\u00f5tmete remont (nuppude, kestade, mehhanismide vahetus)  Autode avamine h\u00e4daolukorras  V\u00f5tmete, v\u00f5tmekastide kaubandus  DPF \/ FAP tarkvara v\u00e4ljal\u00fclitamine  Programmiline EGR eemaldamine  Kasutust\u00f5kise tarkvara deaktiveerimine (immo Off)  Mootori kontrollploki (ECU) remont, kloonimine, programmeerimine  SRS (turvapadja juhtseadme programmeerimine)  kaubad saadetakse 3 t\u00f6\u00f6p\u00e4eva jooksul.* &nbsp;\" \/>\n<meta property=\"og:url\" content=\"https:\/\/keys-for-auto.eu\/et\/product\/key-shell-upper-part-suitable-for-opel-agila-combo-van-corsa-c\/\" \/>\n<meta property=\"og:site_name\" content=\"Keys for auto\" \/>\n<meta property=\"article:publisher\" content=\"https:\/\/www.facebook.com\/KeysForAutoEU\" \/>\n<meta name=\"twitter:card\" content=\"summary_large_image\" \/>\n<meta name=\"twitter:label1\" content=\"Est. reading time\" \/>\n\t<meta name=\"twitter:data1\" content=\"2 minutit\" \/>\n<script type=\"application\/ld+json\" class=\"yoast-schema-graph\">{\"@context\":\"https:\\\/\\\/schema.org\",\"@graph\":[{\"@type\":[\"WebPage\",\"ItemPage\"],\"@id\":\"https:\\\/\\\/keys-for-auto.eu\\\/et\\\/product\\\/key-shell-upper-part-suitable-for-opel-agila-combo-van-corsa-c\\\/\",\"url\":\"https:\\\/\\\/keys-for-auto.eu\\\/et\\\/product\\\/key-shell-upper-part-suitable-for-opel-agila-combo-van-corsa-c\\\/\",\"name\":\"V\u00f5tmekest, \u00fclemine osa - sobib Opel Agilale | Combo Van | Corsa C - Keys for auto%\",\"isPartOf\":{\"@id\":\"https:\\\/\\\/keys-for-auto.eu\\\/et\\\/#website\"},\"primaryImageOfPage\":{\"@id\":\"https:\\\/\\\/keys-for-auto.eu\\\/et\\\/product\\\/key-shell-upper-part-suitable-for-opel-agila-combo-van-corsa-c\\\/#primaryimage\"},\"image\":{\"@id\":\"https:\\\/\\\/keys-for-auto.eu\\\/et\\\/product\\\/key-shell-upper-part-suitable-for-opel-agila-combo-van-corsa-c\\\/#primaryimage\"},\"thumbnailUrl\":\"\",\"datePublished\":\"2016-04-02T09:27:31+00:00\",\"breadcrumb\":{\"@id\":\"https:\\\/\\\/keys-for-auto.eu\\\/et\\\/product\\\/key-shell-upper-part-suitable-for-opel-agila-combo-van-corsa-c\\\/#breadcrumb\"},\"inLanguage\":\"et\",\"potentialAction\":[{\"@type\":\"ReadAction\",\"target\":[\"https:\\\/\\\/keys-for-auto.eu\\\/et\\\/product\\\/key-shell-upper-part-suitable-for-opel-agila-combo-van-corsa-c\\\/\"]}]},{\"@type\":\"ImageObject\",\"inLanguage\":\"et\",\"@id\":\"https:\\\/\\\/keys-for-auto.eu\\\/et\\\/product\\\/key-shell-upper-part-suitable-for-opel-agila-combo-van-corsa-c\\\/#primaryimage\",\"url\":\"\",\"contentUrl\":\"\",\"caption\":\"V\u00f5tmekest, \u00fclemine osa - sobib Opel Agilale | Combo Van | Corsa C\"},{\"@type\":\"BreadcrumbList\",\"@id\":\"https:\\\/\\\/keys-for-auto.eu\\\/et\\\/product\\\/key-shell-upper-part-suitable-for-opel-agila-combo-van-corsa-c\\\/#breadcrumb\",\"itemListElement\":[{\"@type\":\"ListItem\",\"position\":1,\"name\":\"Kodu\",\"item\":\"https:\\\/\\\/keys-for-auto.eu\\\/et\\\/\"},{\"@type\":\"ListItem\",\"position\":2,\"name\":\"Shop\",\"item\":\"https:\\\/\\\/keys-for-auto.eu\\\/\"},{\"@type\":\"ListItem\",\"position\":3,\"name\":\"V\u00f5tmekest, \u00fclemine osa &#8211; sobib Opel Agilale | Combo Van | Corsa C\"}]},{\"@type\":\"WebSite\",\"@id\":\"https:\\\/\\\/keys-for-auto.eu\\\/et\\\/#website\",\"url\":\"https:\\\/\\\/keys-for-auto.eu\\\/et\\\/\",\"name\":\"Keys for auto\",\"description\":\"Car keys,  key shells, key programming\",\"publisher\":{\"@id\":\"https:\\\/\\\/keys-for-auto.eu\\\/et\\\/#organization\"},\"potentialAction\":[{\"@type\":\"SearchAction\",\"target\":{\"@type\":\"EntryPoint\",\"urlTemplate\":\"https:\\\/\\\/keys-for-auto.eu\\\/et\\\/?s={search_term_string}\"},\"query-input\":{\"@type\":\"PropertyValueSpecification\",\"valueRequired\":true,\"valueName\":\"search_term_string\"}}],\"inLanguage\":\"et\"},{\"@type\":\"Organization\",\"@id\":\"https:\\\/\\\/keys-for-auto.eu\\\/et\\\/#organization\",\"name\":\"Auto v\u00f5tmed\",\"url\":\"https:\\\/\\\/keys-for-auto.eu\\\/et\\\/\",\"logo\":{\"@type\":\"ImageObject\",\"inLanguage\":\"et\",\"@id\":\"https:\\\/\\\/keys-for-auto.eu\\\/et\\\/#\\\/schema\\\/logo\\\/image\\\/\",\"url\":\"https:\\\/\\\/keys-for-auto.eu\\\/wp-content\\\/uploads\\\/2022\\\/11\\\/cropped-png1.png\",\"contentUrl\":\"https:\\\/\\\/keys-for-auto.eu\\\/wp-content\\\/uploads\\\/2022\\\/11\\\/cropped-png1.png\",\"width\":1000,\"height\":342,\"caption\":\"Auto v\u00f5tmed\"},\"image\":{\"@id\":\"https:\\\/\\\/keys-for-auto.eu\\\/et\\\/#\\\/schema\\\/logo\\\/image\\\/\"},\"sameAs\":[\"https:\\\/\\\/www.facebook.com\\\/KeysForAutoEU\"]}]}<\/script>\n<!-- \/ Yoast SEO plugin. -->","yoast_head_json":{"title":"V\u00f5tmekest, \u00fclemine osa - sobib Opel Agilale | Combo Van | Corsa C - Keys for auto%","robots":{"index":"index","follow":"follow","max-snippet":"max-snippet:-1","max-image-preview":"max-image-preview:large","max-video-preview":"max-video-preview:-1"},"canonical":"https:\/\/keys-for-auto.eu\/et\/product\/key-shell-upper-part-suitable-for-opel-agila-combo-van-corsa-c\/","og_locale":"et_EE","og_type":"article","og_title":"V\u00f5tmekest, \u00fclemine osa - sobib Opel Agilale | Combo Van | Corsa C - Keys for auto%","og_description":"Sobib ka:  Agila Kombineeritud kaubik Corsa C  Autov\u00f5tmete tootmine  Uute autov\u00f5tmete valmistamine, v\u00f5tmete programmeerimine (\"sidumine\" autoga)  Varem kaotatud v\u00f5tmete kustutamine auto m\u00e4lust  S\u00fc\u00fctev\u00f5tme tootmine vastavalt lukule  Autov\u00f5tmete remont (nuppude, kestade, mehhanismide vahetus)  Autode avamine h\u00e4daolukorras  V\u00f5tmete, v\u00f5tmekastide kaubandus  DPF \/ FAP tarkvara v\u00e4ljal\u00fclitamine  Programmiline EGR eemaldamine  Kasutust\u00f5kise tarkvara deaktiveerimine (immo Off)  Mootori kontrollploki (ECU) remont, kloonimine, programmeerimine  SRS (turvapadja juhtseadme programmeerimine)  kaubad saadetakse 3 t\u00f6\u00f6p\u00e4eva jooksul.* &nbsp;","og_url":"https:\/\/keys-for-auto.eu\/et\/product\/key-shell-upper-part-suitable-for-opel-agila-combo-van-corsa-c\/","og_site_name":"Keys for auto","article_publisher":"https:\/\/www.facebook.com\/KeysForAutoEU","twitter_card":"summary_large_image","twitter_misc":{"Est. reading time":"2 minutit"},"schema":{"@context":"https:\/\/schema.org","@graph":[{"@type":["WebPage","ItemPage"],"@id":"https:\/\/keys-for-auto.eu\/et\/product\/key-shell-upper-part-suitable-for-opel-agila-combo-van-corsa-c\/","url":"https:\/\/keys-for-auto.eu\/et\/product\/key-shell-upper-part-suitable-for-opel-agila-combo-van-corsa-c\/","name":"V\u00f5tmekest, \u00fclemine osa - sobib Opel Agilale | Combo Van | Corsa C - Keys for auto%","isPartOf":{"@id":"https:\/\/keys-for-auto.eu\/et\/#website"},"primaryImageOfPage":{"@id":"https:\/\/keys-for-auto.eu\/et\/product\/key-shell-upper-part-suitable-for-opel-agila-combo-van-corsa-c\/#primaryimage"},"image":{"@id":"https:\/\/keys-for-auto.eu\/et\/product\/key-shell-upper-part-suitable-for-opel-agila-combo-van-corsa-c\/#primaryimage"},"thumbnailUrl":"","datePublished":"2016-04-02T09:27:31+00:00","breadcrumb":{"@id":"https:\/\/keys-for-auto.eu\/et\/product\/key-shell-upper-part-suitable-for-opel-agila-combo-van-corsa-c\/#breadcrumb"},"inLanguage":"et","potentialAction":[{"@type":"ReadAction","target":["https:\/\/keys-for-auto.eu\/et\/product\/key-shell-upper-part-suitable-for-opel-agila-combo-van-corsa-c\/"]}]},{"@type":"ImageObject","inLanguage":"et","@id":"https:\/\/keys-for-auto.eu\/et\/product\/key-shell-upper-part-suitable-for-opel-agila-combo-van-corsa-c\/#primaryimage","url":"","contentUrl":"","caption":"V\u00f5tmekest, \u00fclemine osa - sobib Opel Agilale | Combo Van | Corsa C"},{"@type":"BreadcrumbList","@id":"https:\/\/keys-for-auto.eu\/et\/product\/key-shell-upper-part-suitable-for-opel-agila-combo-van-corsa-c\/#breadcrumb","itemListElement":[{"@type":"ListItem","position":1,"name":"Kodu","item":"https:\/\/keys-for-auto.eu\/et\/"},{"@type":"ListItem","position":2,"name":"Shop","item":"https:\/\/keys-for-auto.eu\/"},{"@type":"ListItem","position":3,"name":"V\u00f5tmekest, \u00fclemine osa &#8211; sobib Opel Agilale | Combo Van | Corsa C"}]},{"@type":"WebSite","@id":"https:\/\/keys-for-auto.eu\/et\/#website","url":"https:\/\/keys-for-auto.eu\/et\/","name":"Keys for auto","description":"Car keys,  key shells, key programming","publisher":{"@id":"https:\/\/keys-for-auto.eu\/et\/#organization"},"potentialAction":[{"@type":"SearchAction","target":{"@type":"EntryPoint","urlTemplate":"https:\/\/keys-for-auto.eu\/et\/?s={search_term_string}"},"query-input":{"@type":"PropertyValueSpecification","valueRequired":true,"valueName":"search_term_string"}}],"inLanguage":"et"},{"@type":"Organization","@id":"https:\/\/keys-for-auto.eu\/et\/#organization","name":"Auto v\u00f5tmed","url":"https:\/\/keys-for-auto.eu\/et\/","logo":{"@type":"ImageObject","inLanguage":"et","@id":"https:\/\/keys-for-auto.eu\/et\/#\/schema\/logo\/image\/","url":"https:\/\/keys-for-auto.eu\/wp-content\/uploads\/2022\/11\/cropped-png1.png","contentUrl":"https:\/\/keys-for-auto.eu\/wp-content\/uploads\/2022\/11\/cropped-png1.png","width":1000,"height":342,"caption":"Auto v\u00f5tmed"},"image":{"@id":"https:\/\/keys-for-auto.eu\/et\/#\/schema\/logo\/image\/"},"sameAs":["https:\/\/www.facebook.com\/KeysForAutoEU"]}]}},"_links":{"self":[{"href":"https:\/\/keys-for-auto.eu\/et\/wp-json\/wp\/v2\/product\/20133","targetHints":{"allow":["GET"]}}],"collection":[{"href":"https:\/\/keys-for-auto.eu\/et\/wp-json\/wp\/v2\/product"}],"about":[{"href":"https:\/\/keys-for-auto.eu\/et\/wp-json\/wp\/v2\/types\/product"}],"replies":[{"embeddable":true,"href":"https:\/\/keys-for-auto.eu\/et\/wp-json\/wp\/v2\/comments?post=20133"}],"wp:featuredmedia":[{"embeddable":true,"href":"https:\/\/keys-for-auto.eu\/et\/wp-json\/wp\/v2\/media\/18800"}],"wp:attachment":[{"href":"https:\/\/keys-for-auto.eu\/et\/wp-json\/wp\/v2\/media?parent=20133"}],"wp:term":[{"taxonomy":"product_brand","embeddable":true,"href":"https:\/\/keys-for-auto.eu\/et\/wp-json\/wp\/v2\/product_brand?post=20133"},{"taxonomy":"product_cat","embeddable":true,"href":"https:\/\/keys-for-auto.eu\/et\/wp-json\/wp\/v2\/product_cat?post=20133"},{"taxonomy":"product_tag","embeddable":true,"href":"https:\/\/keys-for-auto.eu\/et\/wp-json\/wp\/v2\/product_tag?post=20133"}],"curies":[{"name":"wp","href":"https:\/\/api.w.org\/{rel}","templated":true}]}}