{"id":20126,"date":"2016-04-02T09:25:19","date_gmt":"2016-04-02T09:25:19","guid":{"rendered":"https:\/\/keys-for-auto.eu\/product\/muudetud-votmekest-sobib-nissan-micra-almera-primera-x-trail-jaoks\/"},"modified":"2016-04-02T09:25:19","modified_gmt":"2016-04-02T09:25:19","slug":"modified-key-shell-suitable-for-nissan-micra-almera-primera-x-trail","status":"publish","type":"product","link":"https:\/\/keys-for-auto.eu\/et\/product\/modified-key-shell-suitable-for-nissan-micra-almera-primera-x-trail\/","title":{"rendered":"Muudetud v\u00f5tmekest &#8211; sobib Nissan Micra | Almera | Primera | X-Trail jaoks."},"content":{"rendered":"<h2>Nissani puhul &#8211; muudetud v\u00f5ti<\/h2>\n<p>Nissan Car Key, Modified &#8211; v\u00f5ti, mida saab muuta tavalisest v\u00f5tmest moodsaks, puldi t\u00fc\u00fcpi v\u00f5tmeks (kus v\u00f5ti mahub korpuse sisse ja selle avamiseks tuleb lihtsalt vajutada spetsiaalset nuppu korpusel ja v\u00f5ti paiskub automaatselt v\u00e4lja).<\/p>\n<p>V\u00f5ti sobib Micra, Almera, Primera, X-Trail mudelitele. V\u00f5ti koosneb 2 nupust, millel on lukustuse avamise ja lukustamise funktsioonid. V\u00f5tme tellimisel t\u00e4psustage tera t\u00fc\u00fcp.<\/p>\n<p>Autov\u00f5tmete programmeerimine on muutumas \u00fcha populaarsemaks teenuseks Nissani juhtide seas, kuna \u00fcha enam neid m\u00f5istab selle teenuse eeliseid oma auto turvalisuse jaoks. Meie kliendid m\u00e4rgivad, et neil on hea meel, et nad saavad nii v\u00f5tmekorpuse kui ka Nissani auto programmeerimise \u00fchest allikast. Loe l\u00e4hemalt auto v\u00f5tme programmeerimise kohta siit.<\/p>\n<p>V\u00f5tmete tootmine, v\u00f5tmed koos immobiliseerijatega (seadmed, mis kontrollivad mootori k\u00e4ivitamist), transponderid &#8211; k\u00f5iki neid tipptasemel autot\u00f6\u00f6stuse tooteid saab n\u00fc\u00fcd kasutada teie Nissani auto jaoks suurep\u00e4rase hinnaga!<\/p>\n<p>Autov\u00f5tmed on meie eriala. V\u00f5tame oma vastutust teie Nissani auto turvalisuse tagamisel, kasutades selleks erivarustust ja kohandades v\u00f5tmeid teie jaoks v\u00e4ga t\u00f5siselt. Teeme k\u00f5ik endast oleneva, et meie kliendid oleksid rahul meie teenuse kvaliteedi, kultuuri ja kiirusega.<\/p>\n<p>Me programmeerime v\u00f5tmeid paljude automarkide jaoks. V\u00f5tke meiega \u00fchendust, kui vajate usaldusv\u00e4\u00e4rset, kiiret ja kvaliteetset teenust.<\/p>\n","protected":false},"excerpt":{"rendered":"<p><strong><em>Nissani autodele sobiv &#8211; , saab modifitseeritud v\u00f5tit kasutada lihtsa v\u00f5tme asendamiseks kaasaegse kaugjuhtimispuldi v\u00f5tmega. Tellimisel t\u00e4psustage tera t\u00fc\u00fcp.<\/em><\/strong><\/p>\n<h3><strong>Autov\u00f5tmete tootmine<\/strong><\/h3>\n<ul>\n<li><strong>Uute autov\u00f5tmete valmistamine, v\u00f5tmete programmeerimine (&#8220;sidumine&#8221; autoga)<\/strong><\/li>\n<li><strong>Varem kaotatud v\u00f5tmete kustutamine auto m\u00e4lust<\/strong><\/li>\n<li><strong>S\u00fc\u00fctev\u00f5tme tootmine vastavalt lukule<\/strong><\/li>\n<li><strong>Autov\u00f5tmete remont (nuppude, kestade, mehhanismide vahetus)<\/strong><\/li>\n<li><strong>Autode avamine h\u00e4daolukorras<\/strong><\/li>\n<li><strong>V\u00f5tmete, v\u00f5tmekastide kaubandus<\/strong><\/li>\n<li><strong>DPF \/ FAP tarkvara v\u00e4ljal\u00fclitamine<\/strong><\/li>\n<li><strong>Programmiline EGR eemaldamine<\/strong><\/li>\n<li><strong>Kasutust\u00f5kise tarkvara deaktiveerimine (immo Off)<\/strong><\/li>\n<li><strong>Mootori kontrollploki (ECU) remont, kloonimine, programmeerimine<\/strong><\/li>\n<li><strong>SRS (turvapadja juhtseadme programmeerimine)<\/strong><\/li>\n<\/ul>\n<h4><strong>  kaubad saadetakse 3 t\u00f6\u00f6p\u00e4eva jooksul.*<\/strong><\/h4>\n","protected":false},"featured_media":18682,"comment_status":"open","ping_status":"closed","template":"","meta":[],"product_brand":[],"product_cat":[3669,3459],"product_tag":[3684,3688,3691,3696,3672],"class_list":{"0":"post-20126","1":"product","2":"type-product","3":"status-publish","4":"has-post-thumbnail","6":"product_cat-nissan-et","7":"product_cat-votmekoored","8":"product_tag-nissan-almera-votmekoorik","9":"product_tag-nissan-micra-votmekoorik","10":"product_tag-nissan-primera-votmekoorik","11":"product_tag-nissan-x-trail-votmekoorik","12":"product_tag-nissani-votme-kest","14":"first","15":"instock","16":"sale","17":"shipping-taxable","18":"purchasable","19":"product-type-simple"},"yoast_head":"<!-- This site is optimized with the Yoast SEO plugin v27.3 - https:\/\/yoast.com\/product\/yoast-seo-wordpress\/ -->\n<title>Muudetud v\u00f5tmekest - sobib Nissan Micra | Almera | Primera | X-Trail jaoks. - Keys for auto%<\/title>\n<meta name=\"robots\" content=\"index, follow, max-snippet:-1, max-image-preview:large, max-video-preview:-1\" \/>\n<link rel=\"canonical\" href=\"https:\/\/keys-for-auto.eu\/et\/product\/modified-key-shell-suitable-for-nissan-micra-almera-primera-x-trail\/\" \/>\n<meta property=\"og:locale\" content=\"et_EE\" \/>\n<meta property=\"og:type\" content=\"article\" \/>\n<meta property=\"og:title\" content=\"Muudetud v\u00f5tmekest - sobib Nissan Micra | Almera | Primera | X-Trail jaoks. - Keys for auto%\" \/>\n<meta property=\"og:description\" content=\"Nissani autodele sobiv - , saab modifitseeritud v\u00f5tit kasutada lihtsa v\u00f5tme asendamiseks kaasaegse kaugjuhtimispuldi v\u00f5tmega. Tellimisel t\u00e4psustage tera t\u00fc\u00fcp. Autov\u00f5tmete tootmine  Uute autov\u00f5tmete valmistamine, v\u00f5tmete programmeerimine (&quot;sidumine&quot; autoga)  Varem kaotatud v\u00f5tmete kustutamine auto m\u00e4lust  S\u00fc\u00fctev\u00f5tme tootmine vastavalt lukule  Autov\u00f5tmete remont (nuppude, kestade, mehhanismide vahetus)  Autode avamine h\u00e4daolukorras  V\u00f5tmete, v\u00f5tmekastide kaubandus  DPF \/ FAP tarkvara v\u00e4ljal\u00fclitamine  Programmiline EGR eemaldamine  Kasutust\u00f5kise tarkvara deaktiveerimine (immo Off)  Mootori kontrollploki (ECU) remont, kloonimine, programmeerimine  SRS (turvapadja juhtseadme programmeerimine)  kaubad saadetakse 3 t\u00f6\u00f6p\u00e4eva jooksul.*\" \/>\n<meta property=\"og:url\" content=\"https:\/\/keys-for-auto.eu\/et\/product\/modified-key-shell-suitable-for-nissan-micra-almera-primera-x-trail\/\" \/>\n<meta property=\"og:site_name\" content=\"Keys for auto\" \/>\n<meta property=\"article:publisher\" content=\"https:\/\/www.facebook.com\/KeysForAutoEU\" \/>\n<meta name=\"twitter:card\" content=\"summary_large_image\" \/>\n<meta name=\"twitter:label1\" content=\"Est. reading time\" \/>\n\t<meta name=\"twitter:data1\" content=\"1 minut\" \/>\n<script type=\"application\/ld+json\" class=\"yoast-schema-graph\">{\"@context\":\"https:\\\/\\\/schema.org\",\"@graph\":[{\"@type\":[\"WebPage\",\"ItemPage\"],\"@id\":\"https:\\\/\\\/keys-for-auto.eu\\\/et\\\/product\\\/modified-key-shell-suitable-for-nissan-micra-almera-primera-x-trail\\\/\",\"url\":\"https:\\\/\\\/keys-for-auto.eu\\\/et\\\/product\\\/modified-key-shell-suitable-for-nissan-micra-almera-primera-x-trail\\\/\",\"name\":\"Muudetud v\u00f5tmekest - sobib Nissan Micra | Almera | Primera | X-Trail jaoks. - Keys for auto%\",\"isPartOf\":{\"@id\":\"https:\\\/\\\/keys-for-auto.eu\\\/et\\\/#website\"},\"primaryImageOfPage\":{\"@id\":\"https:\\\/\\\/keys-for-auto.eu\\\/et\\\/product\\\/modified-key-shell-suitable-for-nissan-micra-almera-primera-x-trail\\\/#primaryimage\"},\"image\":{\"@id\":\"https:\\\/\\\/keys-for-auto.eu\\\/et\\\/product\\\/modified-key-shell-suitable-for-nissan-micra-almera-primera-x-trail\\\/#primaryimage\"},\"thumbnailUrl\":\"\",\"datePublished\":\"2016-04-02T09:25:19+00:00\",\"breadcrumb\":{\"@id\":\"https:\\\/\\\/keys-for-auto.eu\\\/et\\\/product\\\/modified-key-shell-suitable-for-nissan-micra-almera-primera-x-trail\\\/#breadcrumb\"},\"inLanguage\":\"et\",\"potentialAction\":[{\"@type\":\"ReadAction\",\"target\":[\"https:\\\/\\\/keys-for-auto.eu\\\/et\\\/product\\\/modified-key-shell-suitable-for-nissan-micra-almera-primera-x-trail\\\/\"]}]},{\"@type\":\"ImageObject\",\"inLanguage\":\"et\",\"@id\":\"https:\\\/\\\/keys-for-auto.eu\\\/et\\\/product\\\/modified-key-shell-suitable-for-nissan-micra-almera-primera-x-trail\\\/#primaryimage\",\"url\":\"\",\"contentUrl\":\"\",\"caption\":\"Muudetud v\u00f5tmekest - sobib Nissan Micra | Almera | Primera | X-Trail jaoks.\"},{\"@type\":\"BreadcrumbList\",\"@id\":\"https:\\\/\\\/keys-for-auto.eu\\\/et\\\/product\\\/modified-key-shell-suitable-for-nissan-micra-almera-primera-x-trail\\\/#breadcrumb\",\"itemListElement\":[{\"@type\":\"ListItem\",\"position\":1,\"name\":\"Kodu\",\"item\":\"https:\\\/\\\/keys-for-auto.eu\\\/et\\\/\"},{\"@type\":\"ListItem\",\"position\":2,\"name\":\"Shop\",\"item\":\"https:\\\/\\\/keys-for-auto.eu\\\/\"},{\"@type\":\"ListItem\",\"position\":3,\"name\":\"Muudetud v\u00f5tmekest &#8211; sobib Nissan Micra | Almera | Primera | X-Trail jaoks.\"}]},{\"@type\":\"WebSite\",\"@id\":\"https:\\\/\\\/keys-for-auto.eu\\\/et\\\/#website\",\"url\":\"https:\\\/\\\/keys-for-auto.eu\\\/et\\\/\",\"name\":\"Keys for auto\",\"description\":\"Car keys,  key shells, key programming\",\"publisher\":{\"@id\":\"https:\\\/\\\/keys-for-auto.eu\\\/et\\\/#organization\"},\"potentialAction\":[{\"@type\":\"SearchAction\",\"target\":{\"@type\":\"EntryPoint\",\"urlTemplate\":\"https:\\\/\\\/keys-for-auto.eu\\\/et\\\/?s={search_term_string}\"},\"query-input\":{\"@type\":\"PropertyValueSpecification\",\"valueRequired\":true,\"valueName\":\"search_term_string\"}}],\"inLanguage\":\"et\"},{\"@type\":\"Organization\",\"@id\":\"https:\\\/\\\/keys-for-auto.eu\\\/et\\\/#organization\",\"name\":\"Auto v\u00f5tmed\",\"url\":\"https:\\\/\\\/keys-for-auto.eu\\\/et\\\/\",\"logo\":{\"@type\":\"ImageObject\",\"inLanguage\":\"et\",\"@id\":\"https:\\\/\\\/keys-for-auto.eu\\\/et\\\/#\\\/schema\\\/logo\\\/image\\\/\",\"url\":\"https:\\\/\\\/keys-for-auto.eu\\\/wp-content\\\/uploads\\\/2022\\\/11\\\/cropped-png1.png\",\"contentUrl\":\"https:\\\/\\\/keys-for-auto.eu\\\/wp-content\\\/uploads\\\/2022\\\/11\\\/cropped-png1.png\",\"width\":1000,\"height\":342,\"caption\":\"Auto v\u00f5tmed\"},\"image\":{\"@id\":\"https:\\\/\\\/keys-for-auto.eu\\\/et\\\/#\\\/schema\\\/logo\\\/image\\\/\"},\"sameAs\":[\"https:\\\/\\\/www.facebook.com\\\/KeysForAutoEU\"]}]}<\/script>\n<!-- \/ Yoast SEO plugin. -->","yoast_head_json":{"title":"Muudetud v\u00f5tmekest - sobib Nissan Micra | Almera | Primera | X-Trail jaoks. - Keys for auto%","robots":{"index":"index","follow":"follow","max-snippet":"max-snippet:-1","max-image-preview":"max-image-preview:large","max-video-preview":"max-video-preview:-1"},"canonical":"https:\/\/keys-for-auto.eu\/et\/product\/modified-key-shell-suitable-for-nissan-micra-almera-primera-x-trail\/","og_locale":"et_EE","og_type":"article","og_title":"Muudetud v\u00f5tmekest - sobib Nissan Micra | Almera | Primera | X-Trail jaoks. - Keys for auto%","og_description":"Nissani autodele sobiv - , saab modifitseeritud v\u00f5tit kasutada lihtsa v\u00f5tme asendamiseks kaasaegse kaugjuhtimispuldi v\u00f5tmega. Tellimisel t\u00e4psustage tera t\u00fc\u00fcp. Autov\u00f5tmete tootmine  Uute autov\u00f5tmete valmistamine, v\u00f5tmete programmeerimine (\"sidumine\" autoga)  Varem kaotatud v\u00f5tmete kustutamine auto m\u00e4lust  S\u00fc\u00fctev\u00f5tme tootmine vastavalt lukule  Autov\u00f5tmete remont (nuppude, kestade, mehhanismide vahetus)  Autode avamine h\u00e4daolukorras  V\u00f5tmete, v\u00f5tmekastide kaubandus  DPF \/ FAP tarkvara v\u00e4ljal\u00fclitamine  Programmiline EGR eemaldamine  Kasutust\u00f5kise tarkvara deaktiveerimine (immo Off)  Mootori kontrollploki (ECU) remont, kloonimine, programmeerimine  SRS (turvapadja juhtseadme programmeerimine)  kaubad saadetakse 3 t\u00f6\u00f6p\u00e4eva jooksul.*","og_url":"https:\/\/keys-for-auto.eu\/et\/product\/modified-key-shell-suitable-for-nissan-micra-almera-primera-x-trail\/","og_site_name":"Keys for auto","article_publisher":"https:\/\/www.facebook.com\/KeysForAutoEU","twitter_card":"summary_large_image","twitter_misc":{"Est. reading time":"1 minut"},"schema":{"@context":"https:\/\/schema.org","@graph":[{"@type":["WebPage","ItemPage"],"@id":"https:\/\/keys-for-auto.eu\/et\/product\/modified-key-shell-suitable-for-nissan-micra-almera-primera-x-trail\/","url":"https:\/\/keys-for-auto.eu\/et\/product\/modified-key-shell-suitable-for-nissan-micra-almera-primera-x-trail\/","name":"Muudetud v\u00f5tmekest - sobib Nissan Micra | Almera | Primera | X-Trail jaoks. - Keys for auto%","isPartOf":{"@id":"https:\/\/keys-for-auto.eu\/et\/#website"},"primaryImageOfPage":{"@id":"https:\/\/keys-for-auto.eu\/et\/product\/modified-key-shell-suitable-for-nissan-micra-almera-primera-x-trail\/#primaryimage"},"image":{"@id":"https:\/\/keys-for-auto.eu\/et\/product\/modified-key-shell-suitable-for-nissan-micra-almera-primera-x-trail\/#primaryimage"},"thumbnailUrl":"","datePublished":"2016-04-02T09:25:19+00:00","breadcrumb":{"@id":"https:\/\/keys-for-auto.eu\/et\/product\/modified-key-shell-suitable-for-nissan-micra-almera-primera-x-trail\/#breadcrumb"},"inLanguage":"et","potentialAction":[{"@type":"ReadAction","target":["https:\/\/keys-for-auto.eu\/et\/product\/modified-key-shell-suitable-for-nissan-micra-almera-primera-x-trail\/"]}]},{"@type":"ImageObject","inLanguage":"et","@id":"https:\/\/keys-for-auto.eu\/et\/product\/modified-key-shell-suitable-for-nissan-micra-almera-primera-x-trail\/#primaryimage","url":"","contentUrl":"","caption":"Muudetud v\u00f5tmekest - sobib Nissan Micra | Almera | Primera | X-Trail jaoks."},{"@type":"BreadcrumbList","@id":"https:\/\/keys-for-auto.eu\/et\/product\/modified-key-shell-suitable-for-nissan-micra-almera-primera-x-trail\/#breadcrumb","itemListElement":[{"@type":"ListItem","position":1,"name":"Kodu","item":"https:\/\/keys-for-auto.eu\/et\/"},{"@type":"ListItem","position":2,"name":"Shop","item":"https:\/\/keys-for-auto.eu\/"},{"@type":"ListItem","position":3,"name":"Muudetud v\u00f5tmekest &#8211; sobib Nissan Micra | Almera | Primera | X-Trail jaoks."}]},{"@type":"WebSite","@id":"https:\/\/keys-for-auto.eu\/et\/#website","url":"https:\/\/keys-for-auto.eu\/et\/","name":"Keys for auto","description":"Car keys,  key shells, key programming","publisher":{"@id":"https:\/\/keys-for-auto.eu\/et\/#organization"},"potentialAction":[{"@type":"SearchAction","target":{"@type":"EntryPoint","urlTemplate":"https:\/\/keys-for-auto.eu\/et\/?s={search_term_string}"},"query-input":{"@type":"PropertyValueSpecification","valueRequired":true,"valueName":"search_term_string"}}],"inLanguage":"et"},{"@type":"Organization","@id":"https:\/\/keys-for-auto.eu\/et\/#organization","name":"Auto v\u00f5tmed","url":"https:\/\/keys-for-auto.eu\/et\/","logo":{"@type":"ImageObject","inLanguage":"et","@id":"https:\/\/keys-for-auto.eu\/et\/#\/schema\/logo\/image\/","url":"https:\/\/keys-for-auto.eu\/wp-content\/uploads\/2022\/11\/cropped-png1.png","contentUrl":"https:\/\/keys-for-auto.eu\/wp-content\/uploads\/2022\/11\/cropped-png1.png","width":1000,"height":342,"caption":"Auto v\u00f5tmed"},"image":{"@id":"https:\/\/keys-for-auto.eu\/et\/#\/schema\/logo\/image\/"},"sameAs":["https:\/\/www.facebook.com\/KeysForAutoEU"]}]}},"_links":{"self":[{"href":"https:\/\/keys-for-auto.eu\/et\/wp-json\/wp\/v2\/product\/20126","targetHints":{"allow":["GET"]}}],"collection":[{"href":"https:\/\/keys-for-auto.eu\/et\/wp-json\/wp\/v2\/product"}],"about":[{"href":"https:\/\/keys-for-auto.eu\/et\/wp-json\/wp\/v2\/types\/product"}],"replies":[{"embeddable":true,"href":"https:\/\/keys-for-auto.eu\/et\/wp-json\/wp\/v2\/comments?post=20126"}],"wp:featuredmedia":[{"embeddable":true,"href":"https:\/\/keys-for-auto.eu\/et\/wp-json\/wp\/v2\/media\/18682"}],"wp:attachment":[{"href":"https:\/\/keys-for-auto.eu\/et\/wp-json\/wp\/v2\/media?parent=20126"}],"wp:term":[{"taxonomy":"product_brand","embeddable":true,"href":"https:\/\/keys-for-auto.eu\/et\/wp-json\/wp\/v2\/product_brand?post=20126"},{"taxonomy":"product_cat","embeddable":true,"href":"https:\/\/keys-for-auto.eu\/et\/wp-json\/wp\/v2\/product_cat?post=20126"},{"taxonomy":"product_tag","embeddable":true,"href":"https:\/\/keys-for-auto.eu\/et\/wp-json\/wp\/v2\/product_tag?post=20126"}],"curies":[{"name":"wp","href":"https:\/\/api.w.org\/{rel}","templated":true}]}}