{"id":20119,"date":"2016-04-02T09:45:19","date_gmt":"2016-04-02T09:45:19","guid":{"rendered":"https:\/\/keys-for-auto.eu\/product\/votmekest-sobib-renault-master-modus-clio-twingo-kolm-nuppu\/"},"modified":"2016-04-02T09:45:19","modified_gmt":"2016-04-02T09:45:19","slug":"key-shell-suitable-for-renault-master-modus-clio-twingo-three-buttons","status":"publish","type":"product","link":"https:\/\/keys-for-auto.eu\/et\/product\/key-shell-suitable-for-renault-master-modus-clio-twingo-three-buttons\/","title":{"rendered":"V\u00f5tmekest &#8211; sobib Renault Master | Modus | Clio | Twingo, kolm nuppu"},"content":{"rendered":"<h2><strong>V\u00f5tmekest &#8211; sobib Renault Master | Modus | Clio | Twingo, kolm nuppu<\/strong><\/h2>\n<p><strong> <\/strong><\/p>\n<p>Tutvustame kolme nupuga v\u00f5tmekoori Renault Clio, Modus, Master, Twingo jaoks.<\/p>\n<h3>V\u00f5tmeprogrammeerimine<\/h3>\n<p>Lisaks v\u00f5tmete ja v\u00f5tmekestade m\u00fc\u00fcgile programmeerime ka v\u00f5tmeid. Tule meile k\u00fclla! Te veendute ise meie k\u00e4sit\u00f6\u00f6liste kvalifikatsioonist ning meie toodete ja teenuste kvaliteedist. Autov\u00f5tmete programmeerimine on meie jaoks rohkem kui lihtsalt t\u00f6\u00f6. See on meie kirg ja me tahame seda teiega jagada!<\/p>\n<p>Autov\u00f5tmete tootmisega on seotud rohkem kui \u00fcks ettev\u00f5te. Miks peaksite valima meid? Sest me oleme autov\u00f5tmete spetsialistid. Kasutame oma t\u00f6\u00f6s uusimat tehnoloogiat. Me t\u00e4iendame pidevalt oma k\u00e4sit\u00f6\u00f6liste kvalifikatsiooni. Autov\u00f5tmed on iga autojuhi murede oluline osa. Me m\u00f5istame seda ja tahame aidata teil sellega sujuvalt ja kiiresti toime tulla! J\u00e4tke need mured meile &#8211; teie reis on turvaline ja sujuv. Ja turvalisus on erakordne v\u00e4\u00e4rtus, kus investeering tasub end kenasti \u00e4ra.<\/p>\n<h3>Autode avamine h\u00e4daolukorras<\/h3>\n<p>M\u00f5nikord satume ebameeldivasse olukorda, kus meil on vaja avarii korras auto lukustust avada. Kui see on teiega juhtunud, \u00e4rge muretsege ja helistage meile. Meie kontaktandmed leiate k\u00e4esoleva veebisaidi l\u00f5pus. Meie tehnikud teostavad auto avamise kiiresti, ohutult ja professionaalselt. Me kasutame spetsiaalset, sertifitseeritud varustust, mis on m\u00f5eldud spetsiaalselt autode avamiseks h\u00e4daolukorras.<\/p>\n<p>\u00dcksk\u00f5ik, mis probleemiga on tegemist, me aitame teil avada ja k\u00e4ivitada teie auto. Me ei soovita teil proovida ise lukustatud autosse siseneda. Te v\u00f5ite end ohtu seada. J\u00e4tke t\u00f6\u00f6 meie tehnikute hooleks. Me oleme valvekorras mis tahes kellaaegadel. Me aitame teil olukorra lahendada ja aidata teil taas s\u00f5ita oma armastatud autoga. Me m\u00f5istame, et auto on midagi enamat kui s\u00f5iduk!<\/p>\n","protected":false},"excerpt":{"rendered":"<p><em><strong>Sobib Renault autodele, &#8211; kolme nupuga v\u00f5tmekest, sobib ka:<\/strong><\/em><\/p>\n<p><em><strong>Clio<\/strong><\/em><\/p>\n<p><em><strong><span style=\"line-height: 1.6em;\">Modus<\/span><\/strong><\/em><\/p>\n<p><em><strong><span style=\"line-height: 1.6em;\">Laguna<\/span><\/strong><\/em><\/p>\n<p><em><strong><span style=\"line-height: 1.6em;\">Megane<\/span><\/strong><\/em><\/p>\n<h3><strong>Autov\u00f5tmete tootmine<\/strong><\/h3>\n<ul>\n<li><strong>Uute autov\u00f5tmete valmistamine, v\u00f5tmete programmeerimine (&#8220;sidumine&#8221; autoga)<\/strong><\/li>\n<li><strong>Varem kaotatud v\u00f5tmete kustutamine auto m\u00e4lust<\/strong><\/li>\n<li><strong>S\u00fc\u00fctev\u00f5tme tootmine vastavalt lukule<\/strong><\/li>\n<li><strong>Autov\u00f5tmete remont (nuppude, kestade, mehhanismide vahetus)<\/strong><\/li>\n<li><strong>Autode avamine h\u00e4daolukorras<\/strong><\/li>\n<li><strong>V\u00f5tmete, v\u00f5tmekastide kaubandus<\/strong><\/li>\n<li><strong>DPF \/ FAP tarkvara v\u00e4ljal\u00fclitamine<\/strong><\/li>\n<li><strong>Programmiline EGR eemaldamine<\/strong><\/li>\n<li><strong>Kasutust\u00f5kise tarkvara deaktiveerimine (immo Off)<\/strong><\/li>\n<li><strong>Mootori kontrollploki (ECU) remont, kloonimine, programmeerimine<\/strong><\/li>\n<li><strong>SRS (turvapadja juhtseadme programmeerimine)<\/strong><\/li>\n<\/ul>\n<h4><strong>  kaubad saadetakse 3 t\u00f6\u00f6p\u00e4eva jooksul.*<\/strong><\/h4>\n<p>&nbsp;<\/p>\n<p>&nbsp;<\/p>\n<p>&nbsp;<\/p>\n","protected":false},"featured_media":18962,"comment_status":"open","ping_status":"closed","template":"","meta":[],"product_brand":[],"product_cat":[3681,3459],"product_tag":[3685,3694,3695,3689],"class_list":{"0":"post-20119","1":"product","2":"type-product","3":"status-publish","4":"has-post-thumbnail","6":"product_cat-renault-et","7":"product_cat-votmekoored","8":"product_tag-renault-clio-votmekoorik","9":"product_tag-renault-master-key-shell-et","10":"product_tag-renault-modus-votmekoorik","11":"product_tag-renault-votme-kest","13":"first","14":"instock","15":"sale","16":"shipping-taxable","17":"purchasable","18":"product-type-simple"},"yoast_head":"<!-- This site is optimized with the Yoast SEO plugin v27.3 - https:\/\/yoast.com\/product\/yoast-seo-wordpress\/ -->\n<title>V\u00f5tmekest - sobib Renault Master | Modus | Clio | Twingo, kolm nuppu - Keys for auto%<\/title>\n<meta name=\"robots\" content=\"index, follow, max-snippet:-1, max-image-preview:large, max-video-preview:-1\" \/>\n<link rel=\"canonical\" href=\"https:\/\/keys-for-auto.eu\/et\/product\/key-shell-suitable-for-renault-master-modus-clio-twingo-three-buttons\/\" \/>\n<meta property=\"og:locale\" content=\"et_EE\" \/>\n<meta property=\"og:type\" content=\"article\" \/>\n<meta property=\"og:title\" content=\"V\u00f5tmekest - sobib Renault Master | Modus | Clio | Twingo, kolm nuppu - Keys for auto%\" \/>\n<meta property=\"og:description\" content=\"Sobib Renault autodele, - kolme nupuga v\u00f5tmekest, sobib ka: Clio Modus Laguna Megane Autov\u00f5tmete tootmine  Uute autov\u00f5tmete valmistamine, v\u00f5tmete programmeerimine (&quot;sidumine&quot; autoga)  Varem kaotatud v\u00f5tmete kustutamine auto m\u00e4lust  S\u00fc\u00fctev\u00f5tme tootmine vastavalt lukule  Autov\u00f5tmete remont (nuppude, kestade, mehhanismide vahetus)  Autode avamine h\u00e4daolukorras  V\u00f5tmete, v\u00f5tmekastide kaubandus  DPF \/ FAP tarkvara v\u00e4ljal\u00fclitamine  Programmiline EGR eemaldamine  Kasutust\u00f5kise tarkvara deaktiveerimine (immo Off)  Mootori kontrollploki (ECU) remont, kloonimine, programmeerimine  SRS (turvapadja juhtseadme programmeerimine)  kaubad saadetakse 3 t\u00f6\u00f6p\u00e4eva jooksul.* &nbsp; &nbsp; &nbsp;\" \/>\n<meta property=\"og:url\" content=\"https:\/\/keys-for-auto.eu\/et\/product\/key-shell-suitable-for-renault-master-modus-clio-twingo-three-buttons\/\" \/>\n<meta property=\"og:site_name\" content=\"Keys for auto\" \/>\n<meta property=\"article:publisher\" content=\"https:\/\/www.facebook.com\/KeysForAutoEU\" \/>\n<meta name=\"twitter:card\" content=\"summary_large_image\" \/>\n<meta name=\"twitter:label1\" content=\"Est. reading time\" \/>\n\t<meta name=\"twitter:data1\" content=\"1 minut\" \/>\n<script type=\"application\/ld+json\" class=\"yoast-schema-graph\">{\"@context\":\"https:\\\/\\\/schema.org\",\"@graph\":[{\"@type\":[\"WebPage\",\"ItemPage\"],\"@id\":\"https:\\\/\\\/keys-for-auto.eu\\\/et\\\/product\\\/key-shell-suitable-for-renault-master-modus-clio-twingo-three-buttons\\\/\",\"url\":\"https:\\\/\\\/keys-for-auto.eu\\\/et\\\/product\\\/key-shell-suitable-for-renault-master-modus-clio-twingo-three-buttons\\\/\",\"name\":\"V\u00f5tmekest - sobib Renault Master | Modus | Clio | Twingo, kolm nuppu - Keys for auto%\",\"isPartOf\":{\"@id\":\"https:\\\/\\\/keys-for-auto.eu\\\/et\\\/#website\"},\"primaryImageOfPage\":{\"@id\":\"https:\\\/\\\/keys-for-auto.eu\\\/et\\\/product\\\/key-shell-suitable-for-renault-master-modus-clio-twingo-three-buttons\\\/#primaryimage\"},\"image\":{\"@id\":\"https:\\\/\\\/keys-for-auto.eu\\\/et\\\/product\\\/key-shell-suitable-for-renault-master-modus-clio-twingo-three-buttons\\\/#primaryimage\"},\"thumbnailUrl\":\"\",\"datePublished\":\"2016-04-02T09:45:19+00:00\",\"breadcrumb\":{\"@id\":\"https:\\\/\\\/keys-for-auto.eu\\\/et\\\/product\\\/key-shell-suitable-for-renault-master-modus-clio-twingo-three-buttons\\\/#breadcrumb\"},\"inLanguage\":\"et\",\"potentialAction\":[{\"@type\":\"ReadAction\",\"target\":[\"https:\\\/\\\/keys-for-auto.eu\\\/et\\\/product\\\/key-shell-suitable-for-renault-master-modus-clio-twingo-three-buttons\\\/\"]}]},{\"@type\":\"ImageObject\",\"inLanguage\":\"et\",\"@id\":\"https:\\\/\\\/keys-for-auto.eu\\\/et\\\/product\\\/key-shell-suitable-for-renault-master-modus-clio-twingo-three-buttons\\\/#primaryimage\",\"url\":\"\",\"contentUrl\":\"\",\"caption\":\"V\u00f5tmekest - sobib Renault Master | Modus | Clio | Twingo, kolm nuppu\"},{\"@type\":\"BreadcrumbList\",\"@id\":\"https:\\\/\\\/keys-for-auto.eu\\\/et\\\/product\\\/key-shell-suitable-for-renault-master-modus-clio-twingo-three-buttons\\\/#breadcrumb\",\"itemListElement\":[{\"@type\":\"ListItem\",\"position\":1,\"name\":\"Kodu\",\"item\":\"https:\\\/\\\/keys-for-auto.eu\\\/et\\\/\"},{\"@type\":\"ListItem\",\"position\":2,\"name\":\"Shop\",\"item\":\"https:\\\/\\\/keys-for-auto.eu\\\/\"},{\"@type\":\"ListItem\",\"position\":3,\"name\":\"V\u00f5tmekest &#8211; sobib Renault Master | Modus | Clio | Twingo, kolm nuppu\"}]},{\"@type\":\"WebSite\",\"@id\":\"https:\\\/\\\/keys-for-auto.eu\\\/et\\\/#website\",\"url\":\"https:\\\/\\\/keys-for-auto.eu\\\/et\\\/\",\"name\":\"Keys for auto\",\"description\":\"Car keys,  key shells, key programming\",\"publisher\":{\"@id\":\"https:\\\/\\\/keys-for-auto.eu\\\/et\\\/#organization\"},\"potentialAction\":[{\"@type\":\"SearchAction\",\"target\":{\"@type\":\"EntryPoint\",\"urlTemplate\":\"https:\\\/\\\/keys-for-auto.eu\\\/et\\\/?s={search_term_string}\"},\"query-input\":{\"@type\":\"PropertyValueSpecification\",\"valueRequired\":true,\"valueName\":\"search_term_string\"}}],\"inLanguage\":\"et\"},{\"@type\":\"Organization\",\"@id\":\"https:\\\/\\\/keys-for-auto.eu\\\/et\\\/#organization\",\"name\":\"Auto v\u00f5tmed\",\"url\":\"https:\\\/\\\/keys-for-auto.eu\\\/et\\\/\",\"logo\":{\"@type\":\"ImageObject\",\"inLanguage\":\"et\",\"@id\":\"https:\\\/\\\/keys-for-auto.eu\\\/et\\\/#\\\/schema\\\/logo\\\/image\\\/\",\"url\":\"https:\\\/\\\/keys-for-auto.eu\\\/wp-content\\\/uploads\\\/2022\\\/11\\\/cropped-png1.png\",\"contentUrl\":\"https:\\\/\\\/keys-for-auto.eu\\\/wp-content\\\/uploads\\\/2022\\\/11\\\/cropped-png1.png\",\"width\":1000,\"height\":342,\"caption\":\"Auto v\u00f5tmed\"},\"image\":{\"@id\":\"https:\\\/\\\/keys-for-auto.eu\\\/et\\\/#\\\/schema\\\/logo\\\/image\\\/\"},\"sameAs\":[\"https:\\\/\\\/www.facebook.com\\\/KeysForAutoEU\"]}]}<\/script>\n<!-- \/ Yoast SEO plugin. -->","yoast_head_json":{"title":"V\u00f5tmekest - sobib Renault Master | Modus | Clio | Twingo, kolm nuppu - Keys for auto%","robots":{"index":"index","follow":"follow","max-snippet":"max-snippet:-1","max-image-preview":"max-image-preview:large","max-video-preview":"max-video-preview:-1"},"canonical":"https:\/\/keys-for-auto.eu\/et\/product\/key-shell-suitable-for-renault-master-modus-clio-twingo-three-buttons\/","og_locale":"et_EE","og_type":"article","og_title":"V\u00f5tmekest - sobib Renault Master | Modus | Clio | Twingo, kolm nuppu - Keys for auto%","og_description":"Sobib Renault autodele, - kolme nupuga v\u00f5tmekest, sobib ka: Clio Modus Laguna Megane Autov\u00f5tmete tootmine  Uute autov\u00f5tmete valmistamine, v\u00f5tmete programmeerimine (\"sidumine\" autoga)  Varem kaotatud v\u00f5tmete kustutamine auto m\u00e4lust  S\u00fc\u00fctev\u00f5tme tootmine vastavalt lukule  Autov\u00f5tmete remont (nuppude, kestade, mehhanismide vahetus)  Autode avamine h\u00e4daolukorras  V\u00f5tmete, v\u00f5tmekastide kaubandus  DPF \/ FAP tarkvara v\u00e4ljal\u00fclitamine  Programmiline EGR eemaldamine  Kasutust\u00f5kise tarkvara deaktiveerimine (immo Off)  Mootori kontrollploki (ECU) remont, kloonimine, programmeerimine  SRS (turvapadja juhtseadme programmeerimine)  kaubad saadetakse 3 t\u00f6\u00f6p\u00e4eva jooksul.* &nbsp; &nbsp; &nbsp;","og_url":"https:\/\/keys-for-auto.eu\/et\/product\/key-shell-suitable-for-renault-master-modus-clio-twingo-three-buttons\/","og_site_name":"Keys for auto","article_publisher":"https:\/\/www.facebook.com\/KeysForAutoEU","twitter_card":"summary_large_image","twitter_misc":{"Est. reading time":"1 minut"},"schema":{"@context":"https:\/\/schema.org","@graph":[{"@type":["WebPage","ItemPage"],"@id":"https:\/\/keys-for-auto.eu\/et\/product\/key-shell-suitable-for-renault-master-modus-clio-twingo-three-buttons\/","url":"https:\/\/keys-for-auto.eu\/et\/product\/key-shell-suitable-for-renault-master-modus-clio-twingo-three-buttons\/","name":"V\u00f5tmekest - sobib Renault Master | Modus | Clio | Twingo, kolm nuppu - Keys for auto%","isPartOf":{"@id":"https:\/\/keys-for-auto.eu\/et\/#website"},"primaryImageOfPage":{"@id":"https:\/\/keys-for-auto.eu\/et\/product\/key-shell-suitable-for-renault-master-modus-clio-twingo-three-buttons\/#primaryimage"},"image":{"@id":"https:\/\/keys-for-auto.eu\/et\/product\/key-shell-suitable-for-renault-master-modus-clio-twingo-three-buttons\/#primaryimage"},"thumbnailUrl":"","datePublished":"2016-04-02T09:45:19+00:00","breadcrumb":{"@id":"https:\/\/keys-for-auto.eu\/et\/product\/key-shell-suitable-for-renault-master-modus-clio-twingo-three-buttons\/#breadcrumb"},"inLanguage":"et","potentialAction":[{"@type":"ReadAction","target":["https:\/\/keys-for-auto.eu\/et\/product\/key-shell-suitable-for-renault-master-modus-clio-twingo-three-buttons\/"]}]},{"@type":"ImageObject","inLanguage":"et","@id":"https:\/\/keys-for-auto.eu\/et\/product\/key-shell-suitable-for-renault-master-modus-clio-twingo-three-buttons\/#primaryimage","url":"","contentUrl":"","caption":"V\u00f5tmekest - sobib Renault Master | Modus | Clio | Twingo, kolm nuppu"},{"@type":"BreadcrumbList","@id":"https:\/\/keys-for-auto.eu\/et\/product\/key-shell-suitable-for-renault-master-modus-clio-twingo-three-buttons\/#breadcrumb","itemListElement":[{"@type":"ListItem","position":1,"name":"Kodu","item":"https:\/\/keys-for-auto.eu\/et\/"},{"@type":"ListItem","position":2,"name":"Shop","item":"https:\/\/keys-for-auto.eu\/"},{"@type":"ListItem","position":3,"name":"V\u00f5tmekest &#8211; sobib Renault Master | Modus | Clio | Twingo, kolm nuppu"}]},{"@type":"WebSite","@id":"https:\/\/keys-for-auto.eu\/et\/#website","url":"https:\/\/keys-for-auto.eu\/et\/","name":"Keys for auto","description":"Car keys,  key shells, key programming","publisher":{"@id":"https:\/\/keys-for-auto.eu\/et\/#organization"},"potentialAction":[{"@type":"SearchAction","target":{"@type":"EntryPoint","urlTemplate":"https:\/\/keys-for-auto.eu\/et\/?s={search_term_string}"},"query-input":{"@type":"PropertyValueSpecification","valueRequired":true,"valueName":"search_term_string"}}],"inLanguage":"et"},{"@type":"Organization","@id":"https:\/\/keys-for-auto.eu\/et\/#organization","name":"Auto v\u00f5tmed","url":"https:\/\/keys-for-auto.eu\/et\/","logo":{"@type":"ImageObject","inLanguage":"et","@id":"https:\/\/keys-for-auto.eu\/et\/#\/schema\/logo\/image\/","url":"https:\/\/keys-for-auto.eu\/wp-content\/uploads\/2022\/11\/cropped-png1.png","contentUrl":"https:\/\/keys-for-auto.eu\/wp-content\/uploads\/2022\/11\/cropped-png1.png","width":1000,"height":342,"caption":"Auto v\u00f5tmed"},"image":{"@id":"https:\/\/keys-for-auto.eu\/et\/#\/schema\/logo\/image\/"},"sameAs":["https:\/\/www.facebook.com\/KeysForAutoEU"]}]}},"_links":{"self":[{"href":"https:\/\/keys-for-auto.eu\/et\/wp-json\/wp\/v2\/product\/20119","targetHints":{"allow":["GET"]}}],"collection":[{"href":"https:\/\/keys-for-auto.eu\/et\/wp-json\/wp\/v2\/product"}],"about":[{"href":"https:\/\/keys-for-auto.eu\/et\/wp-json\/wp\/v2\/types\/product"}],"replies":[{"embeddable":true,"href":"https:\/\/keys-for-auto.eu\/et\/wp-json\/wp\/v2\/comments?post=20119"}],"wp:featuredmedia":[{"embeddable":true,"href":"https:\/\/keys-for-auto.eu\/et\/wp-json\/wp\/v2\/media\/18962"}],"wp:attachment":[{"href":"https:\/\/keys-for-auto.eu\/et\/wp-json\/wp\/v2\/media?parent=20119"}],"wp:term":[{"taxonomy":"product_brand","embeddable":true,"href":"https:\/\/keys-for-auto.eu\/et\/wp-json\/wp\/v2\/product_brand?post=20119"},{"taxonomy":"product_cat","embeddable":true,"href":"https:\/\/keys-for-auto.eu\/et\/wp-json\/wp\/v2\/product_cat?post=20119"},{"taxonomy":"product_tag","embeddable":true,"href":"https:\/\/keys-for-auto.eu\/et\/wp-json\/wp\/v2\/product_tag?post=20119"}],"curies":[{"name":"wp","href":"https:\/\/api.w.org\/{rel}","templated":true}]}}