{"id":20102,"date":"2016-04-02T10:17:59","date_gmt":"2016-04-02T10:17:59","guid":{"rendered":"https:\/\/keys-for-auto.eu\/product\/kahe-nupuga-kaugjuhtimispult-sobib-mitsubishi-lancer-outlander-endeavor-galant\/"},"modified":"2016-04-02T10:17:59","modified_gmt":"2016-04-02T10:17:59","slug":"kahe-nupuga-kaugjuhtimispult-sobib-mitsubishi-lancer-outlander-endeavor-galant","status":"publish","type":"product","link":"https:\/\/keys-for-auto.eu\/et\/product\/kahe-nupuga-kaugjuhtimispult-sobib-mitsubishi-lancer-outlander-endeavor-galant\/","title":{"rendered":"Kahe nupuga kaugjuhtimispult &#8211; sobib Mitsubishi Lancer | Outlander | Endeavor | Galant"},"content":{"rendered":"<h2><strong>Mitsubishi kahe nupuga kaugjuhtimispult<\/strong><\/h2>\n<p>Tutvustame Mitsubishi Lancer, Outlander, Endeavor, Galant mudelitele m\u00f5eldud kahe nupuga kaugjuhtimispulti.<\/p>\n<h2><strong>V\u00f5tmeprogrammeerimine<\/strong><\/h2>\n<p>Pakume oma klientidele mitte ainult v\u00f5tmekarbid ja v\u00f5tmehoidjad, vaid ka autov\u00f5tmete programmeerimist. Me programmeerime v\u00f5tmed paljudele autodele. Teeme seda professionaalselt, kiiresti ja kliendile soodsate hindadega. L\u00f5ppude l\u00f5puks on teie auto turvalisus, mida professionaalne v\u00f5tmete programmeerimine pakub, seda v\u00e4\u00e4rt. Ja me garanteerime teile professionaalsuse!<\/p>\n<p>Autode programmeerimine on keeruline \u00fclesanne. Me v\u00f5tame seda t\u00f5siselt. Seep\u00e4rast t\u00e4iendame pidevalt oma tehnikute kvalifikatsiooni ja uuendame oma tehnoloogiat. V\u00f5tmete tootmisega on seotud rohkem kui \u00fcks ettev\u00f5te. Meie konkurentsieelis: soodsad hinnad ja laiem teenuste valik.<\/p>\n<p>Lisaks juba k\u00e4sitletud kaupadele ja teenustele m\u00fc\u00fcme ka Renault s\u00fc\u00fcteekaarte. Saame siduda Renault Scenic, Megane, Laguna, Espace, Vel Satis s\u00fc\u00fctekaardid autoga. Teostame s\u00fcttimiskaartide terviklikku remonti. katkiste v\u00f5i kulunud kaardikorpuste v\u00e4ljavahetamine. Olete meie peakorteris alati teretulnud. Peatuge ja veenduge ise toodete ja teenuste laias valikus!<\/p>\n<h2><strong>Autode avamine h\u00e4daolukorras<\/strong><\/h2>\n<p>On piinlik sattuda olukorda, kus sa ei saa oma autosse sisse. See juhtub m\u00f5nikord siis, kui v\u00f5tmed on autosse lukustatud. V\u00f5i aku t\u00fchjeneb ja v\u00f5tmepult ei reageeri. V\u00f5i \u00e4kki murdsite kogemata v\u00f5tme s\u00fc\u00fctelukus v\u00f5i ukses? Mis iganes probleem ka poleks, meie tehnikud on valmis teid aitama igal \u00f6\u00f6- ja kellaaegadel. Helistage meile kontaktide juures toodud numbril ja me aitame teid!<\/p>\n<p>Seega \u00e4rge muretsege, kuidas p\u00e4\u00e4seda autosse, kui lukustuss\u00fcsteem on blokeeritud v\u00f5i katki. Kutsuge professionaalid. Kui proovite oma autot ise avada, v\u00f5ib see kahjustada. Meie tehnikud kasutavad kaasaegseid, sertifitseeritud seadmeid, et avada lukustatud autod kiiresti ja turvaliselt.<\/p>\n","protected":false},"excerpt":{"rendered":"<p><em><strong>Sobib:<br \/>\nMitsubishi Lancer<br \/>\nOutlander<br \/>\nEndeavor<\/strong><\/em><\/p>\n<h3><strong>Autov\u00f5tmete tootmine<\/strong><\/h3>\n<ul>\n<li><strong>Uute autov\u00f5tmete valmistamine, v\u00f5tmete programmeerimine (&#8220;sidumine&#8221; autoga)<\/strong><\/li>\n<li><strong>Varem kaotatud v\u00f5tmete kustutamine auto m\u00e4lust<\/strong><\/li>\n<li><strong>S\u00fc\u00fctev\u00f5tme tootmine vastavalt lukule<\/strong><\/li>\n<li><strong>Autov\u00f5tmete remont (nuppude, kestade, mehhanismide vahetus)<\/strong><\/li>\n<li><strong>Autode avamine h\u00e4daolukorras<\/strong><\/li>\n<li><strong>V\u00f5tmete, v\u00f5tmekastide kaubandus<\/strong><\/li>\n<li><strong>DPF \/ FAP tarkvara v\u00e4ljal\u00fclitamine<\/strong><\/li>\n<li><strong>Programmiline EGR eemaldamine<\/strong><\/li>\n<li><strong>Kasutust\u00f5kise tarkvara deaktiveerimine (immo Off)<\/strong><\/li>\n<li><strong>Mootori kontrollploki (ECU) remont, kloonimine, programmeerimine<\/strong><\/li>\n<li><strong>SRS (turvapadja juhtseadme programmeerimine)<\/strong><\/li>\n<\/ul>\n<h4><strong>  kaubad saadetakse 3 t\u00f6\u00f6p\u00e4eva jooksul.*<\/strong><\/h4>\n","protected":false},"featured_media":18955,"comment_status":"open","ping_status":"closed","template":"","meta":[],"product_brand":[],"product_cat":[3640,3459],"product_tag":[3652,3655,3644,3645,3641],"class_list":{"0":"post-20102","1":"product","2":"type-product","3":"status-publish","4":"has-post-thumbnail","6":"product_cat-mitsubishi-et","7":"product_cat-votmekoored","8":"product_tag-mitsubishi-endeavor-votmekoorik","9":"product_tag-mitsubishi-galant-votmekoorik","10":"product_tag-mitsubishi-lancer-votme-kest","11":"product_tag-mitsubishi-outlanderi-votmekoored","12":"product_tag-mitsubishi-votmekoorik","14":"first","15":"instock","16":"sale","17":"shipping-taxable","18":"purchasable","19":"product-type-simple"},"yoast_head":"<!-- This site is optimized with the Yoast SEO plugin v27.6 - https:\/\/yoast.com\/product\/yoast-seo-wordpress\/ -->\n<title>Kahe nupuga kaugjuhtimispult - sobib Mitsubishi Lancer | Outlander | Endeavor | Galant - Keys for auto%<\/title>\n<meta name=\"robots\" content=\"index, follow, max-snippet:-1, max-image-preview:large, max-video-preview:-1\" \/>\n<link rel=\"canonical\" href=\"https:\/\/keys-for-auto.eu\/et\/product\/kahe-nupuga-kaugjuhtimispult-sobib-mitsubishi-lancer-outlander-endeavor-galant\/\" \/>\n<meta property=\"og:locale\" content=\"et_EE\" \/>\n<meta property=\"og:type\" content=\"article\" \/>\n<meta property=\"og:title\" content=\"Kahe nupuga kaugjuhtimispult - sobib Mitsubishi Lancer | Outlander | Endeavor | Galant - Keys for auto%\" \/>\n<meta property=\"og:description\" content=\"Sobib: Mitsubishi Lancer Outlander Endeavor Autov\u00f5tmete tootmine  Uute autov\u00f5tmete valmistamine, v\u00f5tmete programmeerimine (&quot;sidumine&quot; autoga)  Varem kaotatud v\u00f5tmete kustutamine auto m\u00e4lust  S\u00fc\u00fctev\u00f5tme tootmine vastavalt lukule  Autov\u00f5tmete remont (nuppude, kestade, mehhanismide vahetus)  Autode avamine h\u00e4daolukorras  V\u00f5tmete, v\u00f5tmekastide kaubandus  DPF \/ FAP tarkvara v\u00e4ljal\u00fclitamine  Programmiline EGR eemaldamine  Kasutust\u00f5kise tarkvara deaktiveerimine (immo Off)  Mootori kontrollploki (ECU) remont, kloonimine, programmeerimine  SRS (turvapadja juhtseadme programmeerimine)  kaubad saadetakse 3 t\u00f6\u00f6p\u00e4eva jooksul.*\" \/>\n<meta property=\"og:url\" content=\"https:\/\/keys-for-auto.eu\/et\/product\/kahe-nupuga-kaugjuhtimispult-sobib-mitsubishi-lancer-outlander-endeavor-galant\/\" \/>\n<meta property=\"og:site_name\" content=\"Keys for auto\" \/>\n<meta property=\"article:publisher\" content=\"https:\/\/www.facebook.com\/KeysForAutoEU\" \/>\n<meta name=\"twitter:card\" content=\"summary_large_image\" \/>\n<meta name=\"twitter:label1\" content=\"Est. reading time\" \/>\n\t<meta name=\"twitter:data1\" content=\"1 minut\" \/>\n<script type=\"application\/ld+json\" class=\"yoast-schema-graph\">{\"@context\":\"https:\\\/\\\/schema.org\",\"@graph\":[{\"@type\":[\"WebPage\",\"ItemPage\"],\"@id\":\"https:\\\/\\\/keys-for-auto.eu\\\/et\\\/product\\\/kahe-nupuga-kaugjuhtimispult-sobib-mitsubishi-lancer-outlander-endeavor-galant\\\/\",\"url\":\"https:\\\/\\\/keys-for-auto.eu\\\/et\\\/product\\\/kahe-nupuga-kaugjuhtimispult-sobib-mitsubishi-lancer-outlander-endeavor-galant\\\/\",\"name\":\"Kahe nupuga kaugjuhtimispult - sobib Mitsubishi Lancer | Outlander | Endeavor | Galant - Keys for auto%\",\"isPartOf\":{\"@id\":\"https:\\\/\\\/keys-for-auto.eu\\\/et\\\/#website\"},\"primaryImageOfPage\":{\"@id\":\"https:\\\/\\\/keys-for-auto.eu\\\/et\\\/product\\\/kahe-nupuga-kaugjuhtimispult-sobib-mitsubishi-lancer-outlander-endeavor-galant\\\/#primaryimage\"},\"image\":{\"@id\":\"https:\\\/\\\/keys-for-auto.eu\\\/et\\\/product\\\/kahe-nupuga-kaugjuhtimispult-sobib-mitsubishi-lancer-outlander-endeavor-galant\\\/#primaryimage\"},\"thumbnailUrl\":\"\",\"datePublished\":\"2016-04-02T10:17:59+00:00\",\"breadcrumb\":{\"@id\":\"https:\\\/\\\/keys-for-auto.eu\\\/et\\\/product\\\/kahe-nupuga-kaugjuhtimispult-sobib-mitsubishi-lancer-outlander-endeavor-galant\\\/#breadcrumb\"},\"inLanguage\":\"et\",\"potentialAction\":[{\"@type\":\"ReadAction\",\"target\":[\"https:\\\/\\\/keys-for-auto.eu\\\/et\\\/product\\\/kahe-nupuga-kaugjuhtimispult-sobib-mitsubishi-lancer-outlander-endeavor-galant\\\/\"]}]},{\"@type\":\"ImageObject\",\"inLanguage\":\"et\",\"@id\":\"https:\\\/\\\/keys-for-auto.eu\\\/et\\\/product\\\/kahe-nupuga-kaugjuhtimispult-sobib-mitsubishi-lancer-outlander-endeavor-galant\\\/#primaryimage\",\"url\":\"\",\"contentUrl\":\"\",\"caption\":\"Kahe nupuga kaugjuhtimispult - sobib Mitsubishi Lancer | Outlander | Endeavor | Galant\"},{\"@type\":\"BreadcrumbList\",\"@id\":\"https:\\\/\\\/keys-for-auto.eu\\\/et\\\/product\\\/kahe-nupuga-kaugjuhtimispult-sobib-mitsubishi-lancer-outlander-endeavor-galant\\\/#breadcrumb\",\"itemListElement\":[{\"@type\":\"ListItem\",\"position\":1,\"name\":\"Kodu\",\"item\":\"https:\\\/\\\/keys-for-auto.eu\\\/et\\\/\"},{\"@type\":\"ListItem\",\"position\":2,\"name\":\"Shop\",\"item\":\"https:\\\/\\\/keys-for-auto.eu\\\/\"},{\"@type\":\"ListItem\",\"position\":3,\"name\":\"Kahe nupuga kaugjuhtimispult &#8211; sobib Mitsubishi Lancer | Outlander | Endeavor | Galant\"}]},{\"@type\":\"WebSite\",\"@id\":\"https:\\\/\\\/keys-for-auto.eu\\\/et\\\/#website\",\"url\":\"https:\\\/\\\/keys-for-auto.eu\\\/et\\\/\",\"name\":\"Keys for auto\",\"description\":\"Car keys,  key shells, key programming\",\"publisher\":{\"@id\":\"https:\\\/\\\/keys-for-auto.eu\\\/et\\\/#organization\"},\"potentialAction\":[{\"@type\":\"SearchAction\",\"target\":{\"@type\":\"EntryPoint\",\"urlTemplate\":\"https:\\\/\\\/keys-for-auto.eu\\\/et\\\/?s={search_term_string}\"},\"query-input\":{\"@type\":\"PropertyValueSpecification\",\"valueRequired\":true,\"valueName\":\"search_term_string\"}}],\"inLanguage\":\"et\"},{\"@type\":\"Organization\",\"@id\":\"https:\\\/\\\/keys-for-auto.eu\\\/et\\\/#organization\",\"name\":\"Auto v\u00f5tmed\",\"url\":\"https:\\\/\\\/keys-for-auto.eu\\\/et\\\/\",\"logo\":{\"@type\":\"ImageObject\",\"inLanguage\":\"et\",\"@id\":\"https:\\\/\\\/keys-for-auto.eu\\\/et\\\/#\\\/schema\\\/logo\\\/image\\\/\",\"url\":\"https:\\\/\\\/keys-for-auto.eu\\\/wp-content\\\/uploads\\\/2022\\\/11\\\/cropped-png1.png\",\"contentUrl\":\"https:\\\/\\\/keys-for-auto.eu\\\/wp-content\\\/uploads\\\/2022\\\/11\\\/cropped-png1.png\",\"width\":1000,\"height\":342,\"caption\":\"Auto v\u00f5tmed\"},\"image\":{\"@id\":\"https:\\\/\\\/keys-for-auto.eu\\\/et\\\/#\\\/schema\\\/logo\\\/image\\\/\"},\"sameAs\":[\"https:\\\/\\\/www.facebook.com\\\/KeysForAutoEU\"]}]}<\/script>\n<!-- \/ Yoast SEO plugin. -->","yoast_head_json":{"title":"Kahe nupuga kaugjuhtimispult - sobib Mitsubishi Lancer | Outlander | Endeavor | Galant - Keys for auto%","robots":{"index":"index","follow":"follow","max-snippet":"max-snippet:-1","max-image-preview":"max-image-preview:large","max-video-preview":"max-video-preview:-1"},"canonical":"https:\/\/keys-for-auto.eu\/et\/product\/kahe-nupuga-kaugjuhtimispult-sobib-mitsubishi-lancer-outlander-endeavor-galant\/","og_locale":"et_EE","og_type":"article","og_title":"Kahe nupuga kaugjuhtimispult - sobib Mitsubishi Lancer | Outlander | Endeavor | Galant - Keys for auto%","og_description":"Sobib: Mitsubishi Lancer Outlander Endeavor Autov\u00f5tmete tootmine  Uute autov\u00f5tmete valmistamine, v\u00f5tmete programmeerimine (\"sidumine\" autoga)  Varem kaotatud v\u00f5tmete kustutamine auto m\u00e4lust  S\u00fc\u00fctev\u00f5tme tootmine vastavalt lukule  Autov\u00f5tmete remont (nuppude, kestade, mehhanismide vahetus)  Autode avamine h\u00e4daolukorras  V\u00f5tmete, v\u00f5tmekastide kaubandus  DPF \/ FAP tarkvara v\u00e4ljal\u00fclitamine  Programmiline EGR eemaldamine  Kasutust\u00f5kise tarkvara deaktiveerimine (immo Off)  Mootori kontrollploki (ECU) remont, kloonimine, programmeerimine  SRS (turvapadja juhtseadme programmeerimine)  kaubad saadetakse 3 t\u00f6\u00f6p\u00e4eva jooksul.*","og_url":"https:\/\/keys-for-auto.eu\/et\/product\/kahe-nupuga-kaugjuhtimispult-sobib-mitsubishi-lancer-outlander-endeavor-galant\/","og_site_name":"Keys for auto","article_publisher":"https:\/\/www.facebook.com\/KeysForAutoEU","twitter_card":"summary_large_image","twitter_misc":{"Est. reading time":"1 minut"},"schema":{"@context":"https:\/\/schema.org","@graph":[{"@type":["WebPage","ItemPage"],"@id":"https:\/\/keys-for-auto.eu\/et\/product\/kahe-nupuga-kaugjuhtimispult-sobib-mitsubishi-lancer-outlander-endeavor-galant\/","url":"https:\/\/keys-for-auto.eu\/et\/product\/kahe-nupuga-kaugjuhtimispult-sobib-mitsubishi-lancer-outlander-endeavor-galant\/","name":"Kahe nupuga kaugjuhtimispult - sobib Mitsubishi Lancer | Outlander | Endeavor | Galant - Keys for auto%","isPartOf":{"@id":"https:\/\/keys-for-auto.eu\/et\/#website"},"primaryImageOfPage":{"@id":"https:\/\/keys-for-auto.eu\/et\/product\/kahe-nupuga-kaugjuhtimispult-sobib-mitsubishi-lancer-outlander-endeavor-galant\/#primaryimage"},"image":{"@id":"https:\/\/keys-for-auto.eu\/et\/product\/kahe-nupuga-kaugjuhtimispult-sobib-mitsubishi-lancer-outlander-endeavor-galant\/#primaryimage"},"thumbnailUrl":"","datePublished":"2016-04-02T10:17:59+00:00","breadcrumb":{"@id":"https:\/\/keys-for-auto.eu\/et\/product\/kahe-nupuga-kaugjuhtimispult-sobib-mitsubishi-lancer-outlander-endeavor-galant\/#breadcrumb"},"inLanguage":"et","potentialAction":[{"@type":"ReadAction","target":["https:\/\/keys-for-auto.eu\/et\/product\/kahe-nupuga-kaugjuhtimispult-sobib-mitsubishi-lancer-outlander-endeavor-galant\/"]}]},{"@type":"ImageObject","inLanguage":"et","@id":"https:\/\/keys-for-auto.eu\/et\/product\/kahe-nupuga-kaugjuhtimispult-sobib-mitsubishi-lancer-outlander-endeavor-galant\/#primaryimage","url":"","contentUrl":"","caption":"Kahe nupuga kaugjuhtimispult - sobib Mitsubishi Lancer | Outlander | Endeavor | Galant"},{"@type":"BreadcrumbList","@id":"https:\/\/keys-for-auto.eu\/et\/product\/kahe-nupuga-kaugjuhtimispult-sobib-mitsubishi-lancer-outlander-endeavor-galant\/#breadcrumb","itemListElement":[{"@type":"ListItem","position":1,"name":"Kodu","item":"https:\/\/keys-for-auto.eu\/et\/"},{"@type":"ListItem","position":2,"name":"Shop","item":"https:\/\/keys-for-auto.eu\/"},{"@type":"ListItem","position":3,"name":"Kahe nupuga kaugjuhtimispult &#8211; sobib Mitsubishi Lancer | Outlander | Endeavor | Galant"}]},{"@type":"WebSite","@id":"https:\/\/keys-for-auto.eu\/et\/#website","url":"https:\/\/keys-for-auto.eu\/et\/","name":"Keys for auto","description":"Car keys,  key shells, key programming","publisher":{"@id":"https:\/\/keys-for-auto.eu\/et\/#organization"},"potentialAction":[{"@type":"SearchAction","target":{"@type":"EntryPoint","urlTemplate":"https:\/\/keys-for-auto.eu\/et\/?s={search_term_string}"},"query-input":{"@type":"PropertyValueSpecification","valueRequired":true,"valueName":"search_term_string"}}],"inLanguage":"et"},{"@type":"Organization","@id":"https:\/\/keys-for-auto.eu\/et\/#organization","name":"Auto v\u00f5tmed","url":"https:\/\/keys-for-auto.eu\/et\/","logo":{"@type":"ImageObject","inLanguage":"et","@id":"https:\/\/keys-for-auto.eu\/et\/#\/schema\/logo\/image\/","url":"https:\/\/keys-for-auto.eu\/wp-content\/uploads\/2022\/11\/cropped-png1.png","contentUrl":"https:\/\/keys-for-auto.eu\/wp-content\/uploads\/2022\/11\/cropped-png1.png","width":1000,"height":342,"caption":"Auto v\u00f5tmed"},"image":{"@id":"https:\/\/keys-for-auto.eu\/et\/#\/schema\/logo\/image\/"},"sameAs":["https:\/\/www.facebook.com\/KeysForAutoEU"]}]}},"_links":{"self":[{"href":"https:\/\/keys-for-auto.eu\/et\/wp-json\/wp\/v2\/product\/20102","targetHints":{"allow":["GET"]}}],"collection":[{"href":"https:\/\/keys-for-auto.eu\/et\/wp-json\/wp\/v2\/product"}],"about":[{"href":"https:\/\/keys-for-auto.eu\/et\/wp-json\/wp\/v2\/types\/product"}],"replies":[{"embeddable":true,"href":"https:\/\/keys-for-auto.eu\/et\/wp-json\/wp\/v2\/comments?post=20102"}],"wp:featuredmedia":[{"embeddable":true,"href":"https:\/\/keys-for-auto.eu\/et\/wp-json\/wp\/v2\/media\/18955"}],"wp:attachment":[{"href":"https:\/\/keys-for-auto.eu\/et\/wp-json\/wp\/v2\/media?parent=20102"}],"wp:term":[{"taxonomy":"product_brand","embeddable":true,"href":"https:\/\/keys-for-auto.eu\/et\/wp-json\/wp\/v2\/product_brand?post=20102"},{"taxonomy":"product_cat","embeddable":true,"href":"https:\/\/keys-for-auto.eu\/et\/wp-json\/wp\/v2\/product_cat?post=20102"},{"taxonomy":"product_tag","embeddable":true,"href":"https:\/\/keys-for-auto.eu\/et\/wp-json\/wp\/v2\/product_tag?post=20102"}],"curies":[{"name":"wp","href":"https:\/\/api.w.org\/{rel}","templated":true}]}}