{"id":20098,"date":"2016-04-02T10:13:10","date_gmt":"2016-04-02T10:13:10","guid":{"rendered":"https:\/\/keys-for-auto.eu\/product\/kaugjuhtimispult-sobib-mitsubishi-jaoks-3-nupuga\/"},"modified":"2016-04-02T10:13:10","modified_gmt":"2016-04-02T10:13:10","slug":"kaugjuhtimispult-sobib-3-nupuga-mitsubishi-kaugjuhtimispuldile","status":"publish","type":"product","link":"https:\/\/keys-for-auto.eu\/et\/product\/kaugjuhtimispult-sobib-3-nupuga-mitsubishi-kaugjuhtimispuldile\/","title":{"rendered":"Kaugjuhtimispult &#8211; sobib Mitsubishi jaoks, 3 nupuga"},"content":{"rendered":"<h2><strong>Mitsubishi autode kaugjuhtimispult<\/strong><\/h2>\n<p>Tutvustame Mitsubishi autode jaoks m\u00f5eldud kolme nupuga kaugjuhtimispulti. Kvaliteetsetest materjalidest valmistatud pult teenib teid pikka ja usaldusv\u00e4\u00e4rset eluiga. Kutsume teid vaatama meie teisi kvaliteetseid tooteid. M\u00fc\u00fcme kaugjuhtimispuldi v\u00f5tmeid. Saate neid vaadata siin. M\u00fc\u00fcme ka Renault&#8217;i s\u00fc\u00fctekaarte. Me seome need teie auto k\u00fclge. Asendame katkised v\u00f5i kulunud kaardikarbid. Me parandame kaardid.<\/p>\n<p>Seega, kui teil on vaja Renault s\u00fc\u00fctekaarti, programmeerimist v\u00f5i remonti, v\u00f5tke meiega \u00fchendust! Helistage meile lehek\u00fclje allosas oleval numbril. V\u00f5i k\u00fclastage meid meie peakorteris. Palun leppige aeg eelnevalt kokku. Seda saate teha, helistades lehek\u00fclje allosas olevale numbrile v\u00f5i j\u00e4rgides seda linki. Lisaks \u00fclaltoodud teenustele pakume ka auto avamise h\u00e4daabiteenust. Palun vaadake selle artikli l\u00f5ppu.<\/p>\n<h2><strong>V\u00f5tmeprogrammeerimine<\/strong><\/h2>\n<p>Me programmeerime v\u00f5tmeid mitte ainult Renault&#8217;le, vaid ka paljudele teistele automarkidele. V\u00f5tmeprogrammeerimine. Kvaliteetne teenus, mis muudab teie reisikulud tasuvaks. Autov\u00f5tmete programmeerimisel kasutatakse ainult uusimaid seadmeid. Ja meie peamised programmeerimisspetsialistid t\u00e4iendavad pidevalt oma kvalifikatsiooni.<\/p>\n<p>Kui teil on kahtlusi, kellele usaldada oma autov\u00f5tmete programmeerimine, usaldage see professionaalidele &#8211; meie spetsialistidele! Me oleme valmistanud v\u00f5tmeid juba aastaid. Meil on hea meel rakendada saadud kogemusi, et suurendada teie s\u00f5idur\u00f5\u00f5mu. Autov\u00f5tmed &#8211; ainult meie k\u00e4est!<\/p>\n<h2><strong>Autode avamine h\u00e4daolukorras<\/strong><\/h2>\n<p>Auto avariiavamine muutub vajalikuks siis, kui te ei p\u00e4\u00e4se oma autosse tavap\u00e4rasel viisil. Kuna teie auto lukustuss\u00fcsteem l\u00e4heb m\u00f5nikord &#8220;segamini&#8221;, vajate professionaalse abi, et avada &#8220;kinni j\u00e4\u00e4nud&#8221; auto lukustust. Kuid m\u00f5nikord lukustavad juhid ise kogemata oma autov\u00f5tmed autosse. On palju teisi kordi, kui me ei saa oma autosse sisse. N\u00e4iteks t\u00fchi aku ja reageerimata konsool jne.<\/p>\n<p>\u00dcksk\u00f5ik, millises neist olukordadest teil on tegemist, \u00e4rge sattuge paanikasse ja \u00e4rge kiirustage ise autot avama. J\u00e4ta see professionaalide hooleks. Me hoolitseme selle eest, et teie auto avatakse ohutult ja kiiresti. Kasutame spetsiaalset, sertifitseeritud varustust, mis aitab teil autot kahjustusteta avada.<\/p>\n","protected":false},"excerpt":{"rendered":"<p>Mitsubishi autodele sobiv kolme nupuga kaugjuhtimispult.<\/p>\n<h3><strong>Autov\u00f5tmete tootmine<\/strong><\/h3>\n<ul>\n<li><strong>Uute autov\u00f5tmete valmistamine, v\u00f5tmete programmeerimine (&#8220;sidumine&#8221; autoga)<\/strong><\/li>\n<li><strong>Varem kaotatud v\u00f5tmete kustutamine auto m\u00e4lust<\/strong><\/li>\n<li><strong>S\u00fc\u00fctev\u00f5tme tootmine vastavalt lukule<\/strong><\/li>\n<li><strong>Autov\u00f5tmete remont (nuppude, kestade, mehhanismide vahetus)<\/strong><\/li>\n<li><strong>Autode avamine h\u00e4daolukorras<\/strong><\/li>\n<li><strong>V\u00f5tmete, v\u00f5tmekastide kaubandus<\/strong><\/li>\n<li><strong>DPF \/ FAP tarkvara v\u00e4ljal\u00fclitamine<\/strong><\/li>\n<li><strong>Programmiline EGR eemaldamine<\/strong><\/li>\n<li><strong>Kasutust\u00f5kise tarkvara deaktiveerimine (immo Off)<\/strong><\/li>\n<li><strong>Mootori kontrollploki (ECU) remont, kloonimine, programmeerimine<\/strong><\/li>\n<li><strong>SRS (turvapadja juhtseadme programmeerimine)<\/strong><\/li>\n<\/ul>\n<h4><strong>  kaubad saadetakse 3 t\u00f6\u00f6p\u00e4eva jooksul.*<\/strong><\/h4>\n","protected":false},"featured_media":18650,"comment_status":"open","ping_status":"closed","template":"","meta":[],"product_brand":[],"product_cat":[3640,3459],"product_tag":[3648,3641],"class_list":{"0":"post-20098","1":"product","2":"type-product","3":"status-publish","4":"has-post-thumbnail","6":"product_cat-mitsubishi-et","7":"product_cat-votmekoored","8":"product_tag-mitsubishi-kaugjuhtimispult","9":"product_tag-mitsubishi-votmekoorik","11":"first","12":"instock","13":"sale","14":"shipping-taxable","15":"purchasable","16":"product-type-simple"},"yoast_head":"<!-- This site is optimized with the Yoast SEO plugin v27.4 - https:\/\/yoast.com\/product\/yoast-seo-wordpress\/ -->\n<title>Kaugjuhtimispult - sobib Mitsubishi jaoks, 3 nupuga - Keys for auto%<\/title>\n<meta name=\"robots\" content=\"index, follow, max-snippet:-1, max-image-preview:large, max-video-preview:-1\" \/>\n<link rel=\"canonical\" href=\"https:\/\/keys-for-auto.eu\/et\/product\/kaugjuhtimispult-sobib-3-nupuga-mitsubishi-kaugjuhtimispuldile\/\" \/>\n<meta property=\"og:locale\" content=\"et_EE\" \/>\n<meta property=\"og:type\" content=\"article\" \/>\n<meta property=\"og:title\" content=\"Kaugjuhtimispult - sobib Mitsubishi jaoks, 3 nupuga - Keys for auto%\" \/>\n<meta property=\"og:description\" content=\"Mitsubishi autodele sobiv kolme nupuga kaugjuhtimispult. Autov\u00f5tmete tootmine  Uute autov\u00f5tmete valmistamine, v\u00f5tmete programmeerimine (&quot;sidumine&quot; autoga)  Varem kaotatud v\u00f5tmete kustutamine auto m\u00e4lust  S\u00fc\u00fctev\u00f5tme tootmine vastavalt lukule  Autov\u00f5tmete remont (nuppude, kestade, mehhanismide vahetus)  Autode avamine h\u00e4daolukorras  V\u00f5tmete, v\u00f5tmekastide kaubandus  DPF \/ FAP tarkvara v\u00e4ljal\u00fclitamine  Programmiline EGR eemaldamine  Kasutust\u00f5kise tarkvara deaktiveerimine (immo Off)  Mootori kontrollploki (ECU) remont, kloonimine, programmeerimine  SRS (turvapadja juhtseadme programmeerimine)  kaubad saadetakse 3 t\u00f6\u00f6p\u00e4eva jooksul.*\" \/>\n<meta property=\"og:url\" content=\"https:\/\/keys-for-auto.eu\/et\/product\/kaugjuhtimispult-sobib-3-nupuga-mitsubishi-kaugjuhtimispuldile\/\" \/>\n<meta property=\"og:site_name\" content=\"Keys for auto\" \/>\n<meta property=\"article:publisher\" content=\"https:\/\/www.facebook.com\/KeysForAutoEU\" \/>\n<meta name=\"twitter:card\" content=\"summary_large_image\" \/>\n<meta name=\"twitter:label1\" content=\"Est. reading time\" \/>\n\t<meta name=\"twitter:data1\" content=\"2 minutit\" \/>\n<script type=\"application\/ld+json\" class=\"yoast-schema-graph\">{\"@context\":\"https:\\\/\\\/schema.org\",\"@graph\":[{\"@type\":[\"WebPage\",\"ItemPage\"],\"@id\":\"https:\\\/\\\/keys-for-auto.eu\\\/et\\\/product\\\/kaugjuhtimispult-sobib-3-nupuga-mitsubishi-kaugjuhtimispuldile\\\/\",\"url\":\"https:\\\/\\\/keys-for-auto.eu\\\/et\\\/product\\\/kaugjuhtimispult-sobib-3-nupuga-mitsubishi-kaugjuhtimispuldile\\\/\",\"name\":\"Kaugjuhtimispult - sobib Mitsubishi jaoks, 3 nupuga - Keys for auto%\",\"isPartOf\":{\"@id\":\"https:\\\/\\\/keys-for-auto.eu\\\/et\\\/#website\"},\"primaryImageOfPage\":{\"@id\":\"https:\\\/\\\/keys-for-auto.eu\\\/et\\\/product\\\/kaugjuhtimispult-sobib-3-nupuga-mitsubishi-kaugjuhtimispuldile\\\/#primaryimage\"},\"image\":{\"@id\":\"https:\\\/\\\/keys-for-auto.eu\\\/et\\\/product\\\/kaugjuhtimispult-sobib-3-nupuga-mitsubishi-kaugjuhtimispuldile\\\/#primaryimage\"},\"thumbnailUrl\":\"\",\"datePublished\":\"2016-04-02T10:13:10+00:00\",\"breadcrumb\":{\"@id\":\"https:\\\/\\\/keys-for-auto.eu\\\/et\\\/product\\\/kaugjuhtimispult-sobib-3-nupuga-mitsubishi-kaugjuhtimispuldile\\\/#breadcrumb\"},\"inLanguage\":\"et\",\"potentialAction\":[{\"@type\":\"ReadAction\",\"target\":[\"https:\\\/\\\/keys-for-auto.eu\\\/et\\\/product\\\/kaugjuhtimispult-sobib-3-nupuga-mitsubishi-kaugjuhtimispuldile\\\/\"]}]},{\"@type\":\"ImageObject\",\"inLanguage\":\"et\",\"@id\":\"https:\\\/\\\/keys-for-auto.eu\\\/et\\\/product\\\/kaugjuhtimispult-sobib-3-nupuga-mitsubishi-kaugjuhtimispuldile\\\/#primaryimage\",\"url\":\"\",\"contentUrl\":\"\",\"caption\":\"Kaugjuhtimispult - sobib Mitsubishi jaoks, 3 nupuga\"},{\"@type\":\"BreadcrumbList\",\"@id\":\"https:\\\/\\\/keys-for-auto.eu\\\/et\\\/product\\\/kaugjuhtimispult-sobib-3-nupuga-mitsubishi-kaugjuhtimispuldile\\\/#breadcrumb\",\"itemListElement\":[{\"@type\":\"ListItem\",\"position\":1,\"name\":\"Kodu\",\"item\":\"https:\\\/\\\/keys-for-auto.eu\\\/et\\\/\"},{\"@type\":\"ListItem\",\"position\":2,\"name\":\"Shop\",\"item\":\"https:\\\/\\\/keys-for-auto.eu\\\/\"},{\"@type\":\"ListItem\",\"position\":3,\"name\":\"Kaugjuhtimispult &#8211; sobib Mitsubishi jaoks, 3 nupuga\"}]},{\"@type\":\"WebSite\",\"@id\":\"https:\\\/\\\/keys-for-auto.eu\\\/et\\\/#website\",\"url\":\"https:\\\/\\\/keys-for-auto.eu\\\/et\\\/\",\"name\":\"Keys for auto\",\"description\":\"Car keys,  key shells, key programming\",\"publisher\":{\"@id\":\"https:\\\/\\\/keys-for-auto.eu\\\/et\\\/#organization\"},\"potentialAction\":[{\"@type\":\"SearchAction\",\"target\":{\"@type\":\"EntryPoint\",\"urlTemplate\":\"https:\\\/\\\/keys-for-auto.eu\\\/et\\\/?s={search_term_string}\"},\"query-input\":{\"@type\":\"PropertyValueSpecification\",\"valueRequired\":true,\"valueName\":\"search_term_string\"}}],\"inLanguage\":\"et\"},{\"@type\":\"Organization\",\"@id\":\"https:\\\/\\\/keys-for-auto.eu\\\/et\\\/#organization\",\"name\":\"Auto v\u00f5tmed\",\"url\":\"https:\\\/\\\/keys-for-auto.eu\\\/et\\\/\",\"logo\":{\"@type\":\"ImageObject\",\"inLanguage\":\"et\",\"@id\":\"https:\\\/\\\/keys-for-auto.eu\\\/et\\\/#\\\/schema\\\/logo\\\/image\\\/\",\"url\":\"https:\\\/\\\/keys-for-auto.eu\\\/wp-content\\\/uploads\\\/2022\\\/11\\\/cropped-png1.png\",\"contentUrl\":\"https:\\\/\\\/keys-for-auto.eu\\\/wp-content\\\/uploads\\\/2022\\\/11\\\/cropped-png1.png\",\"width\":1000,\"height\":342,\"caption\":\"Auto v\u00f5tmed\"},\"image\":{\"@id\":\"https:\\\/\\\/keys-for-auto.eu\\\/et\\\/#\\\/schema\\\/logo\\\/image\\\/\"},\"sameAs\":[\"https:\\\/\\\/www.facebook.com\\\/KeysForAutoEU\"]}]}<\/script>\n<!-- \/ Yoast SEO plugin. -->","yoast_head_json":{"title":"Kaugjuhtimispult - sobib Mitsubishi jaoks, 3 nupuga - Keys for auto%","robots":{"index":"index","follow":"follow","max-snippet":"max-snippet:-1","max-image-preview":"max-image-preview:large","max-video-preview":"max-video-preview:-1"},"canonical":"https:\/\/keys-for-auto.eu\/et\/product\/kaugjuhtimispult-sobib-3-nupuga-mitsubishi-kaugjuhtimispuldile\/","og_locale":"et_EE","og_type":"article","og_title":"Kaugjuhtimispult - sobib Mitsubishi jaoks, 3 nupuga - Keys for auto%","og_description":"Mitsubishi autodele sobiv kolme nupuga kaugjuhtimispult. Autov\u00f5tmete tootmine  Uute autov\u00f5tmete valmistamine, v\u00f5tmete programmeerimine (\"sidumine\" autoga)  Varem kaotatud v\u00f5tmete kustutamine auto m\u00e4lust  S\u00fc\u00fctev\u00f5tme tootmine vastavalt lukule  Autov\u00f5tmete remont (nuppude, kestade, mehhanismide vahetus)  Autode avamine h\u00e4daolukorras  V\u00f5tmete, v\u00f5tmekastide kaubandus  DPF \/ FAP tarkvara v\u00e4ljal\u00fclitamine  Programmiline EGR eemaldamine  Kasutust\u00f5kise tarkvara deaktiveerimine (immo Off)  Mootori kontrollploki (ECU) remont, kloonimine, programmeerimine  SRS (turvapadja juhtseadme programmeerimine)  kaubad saadetakse 3 t\u00f6\u00f6p\u00e4eva jooksul.*","og_url":"https:\/\/keys-for-auto.eu\/et\/product\/kaugjuhtimispult-sobib-3-nupuga-mitsubishi-kaugjuhtimispuldile\/","og_site_name":"Keys for auto","article_publisher":"https:\/\/www.facebook.com\/KeysForAutoEU","twitter_card":"summary_large_image","twitter_misc":{"Est. reading time":"2 minutit"},"schema":{"@context":"https:\/\/schema.org","@graph":[{"@type":["WebPage","ItemPage"],"@id":"https:\/\/keys-for-auto.eu\/et\/product\/kaugjuhtimispult-sobib-3-nupuga-mitsubishi-kaugjuhtimispuldile\/","url":"https:\/\/keys-for-auto.eu\/et\/product\/kaugjuhtimispult-sobib-3-nupuga-mitsubishi-kaugjuhtimispuldile\/","name":"Kaugjuhtimispult - sobib Mitsubishi jaoks, 3 nupuga - Keys for auto%","isPartOf":{"@id":"https:\/\/keys-for-auto.eu\/et\/#website"},"primaryImageOfPage":{"@id":"https:\/\/keys-for-auto.eu\/et\/product\/kaugjuhtimispult-sobib-3-nupuga-mitsubishi-kaugjuhtimispuldile\/#primaryimage"},"image":{"@id":"https:\/\/keys-for-auto.eu\/et\/product\/kaugjuhtimispult-sobib-3-nupuga-mitsubishi-kaugjuhtimispuldile\/#primaryimage"},"thumbnailUrl":"","datePublished":"2016-04-02T10:13:10+00:00","breadcrumb":{"@id":"https:\/\/keys-for-auto.eu\/et\/product\/kaugjuhtimispult-sobib-3-nupuga-mitsubishi-kaugjuhtimispuldile\/#breadcrumb"},"inLanguage":"et","potentialAction":[{"@type":"ReadAction","target":["https:\/\/keys-for-auto.eu\/et\/product\/kaugjuhtimispult-sobib-3-nupuga-mitsubishi-kaugjuhtimispuldile\/"]}]},{"@type":"ImageObject","inLanguage":"et","@id":"https:\/\/keys-for-auto.eu\/et\/product\/kaugjuhtimispult-sobib-3-nupuga-mitsubishi-kaugjuhtimispuldile\/#primaryimage","url":"","contentUrl":"","caption":"Kaugjuhtimispult - sobib Mitsubishi jaoks, 3 nupuga"},{"@type":"BreadcrumbList","@id":"https:\/\/keys-for-auto.eu\/et\/product\/kaugjuhtimispult-sobib-3-nupuga-mitsubishi-kaugjuhtimispuldile\/#breadcrumb","itemListElement":[{"@type":"ListItem","position":1,"name":"Kodu","item":"https:\/\/keys-for-auto.eu\/et\/"},{"@type":"ListItem","position":2,"name":"Shop","item":"https:\/\/keys-for-auto.eu\/"},{"@type":"ListItem","position":3,"name":"Kaugjuhtimispult &#8211; sobib Mitsubishi jaoks, 3 nupuga"}]},{"@type":"WebSite","@id":"https:\/\/keys-for-auto.eu\/et\/#website","url":"https:\/\/keys-for-auto.eu\/et\/","name":"Keys for auto","description":"Car keys,  key shells, key programming","publisher":{"@id":"https:\/\/keys-for-auto.eu\/et\/#organization"},"potentialAction":[{"@type":"SearchAction","target":{"@type":"EntryPoint","urlTemplate":"https:\/\/keys-for-auto.eu\/et\/?s={search_term_string}"},"query-input":{"@type":"PropertyValueSpecification","valueRequired":true,"valueName":"search_term_string"}}],"inLanguage":"et"},{"@type":"Organization","@id":"https:\/\/keys-for-auto.eu\/et\/#organization","name":"Auto v\u00f5tmed","url":"https:\/\/keys-for-auto.eu\/et\/","logo":{"@type":"ImageObject","inLanguage":"et","@id":"https:\/\/keys-for-auto.eu\/et\/#\/schema\/logo\/image\/","url":"https:\/\/keys-for-auto.eu\/wp-content\/uploads\/2022\/11\/cropped-png1.png","contentUrl":"https:\/\/keys-for-auto.eu\/wp-content\/uploads\/2022\/11\/cropped-png1.png","width":1000,"height":342,"caption":"Auto v\u00f5tmed"},"image":{"@id":"https:\/\/keys-for-auto.eu\/et\/#\/schema\/logo\/image\/"},"sameAs":["https:\/\/www.facebook.com\/KeysForAutoEU"]}]}},"_links":{"self":[{"href":"https:\/\/keys-for-auto.eu\/et\/wp-json\/wp\/v2\/product\/20098","targetHints":{"allow":["GET"]}}],"collection":[{"href":"https:\/\/keys-for-auto.eu\/et\/wp-json\/wp\/v2\/product"}],"about":[{"href":"https:\/\/keys-for-auto.eu\/et\/wp-json\/wp\/v2\/types\/product"}],"replies":[{"embeddable":true,"href":"https:\/\/keys-for-auto.eu\/et\/wp-json\/wp\/v2\/comments?post=20098"}],"wp:featuredmedia":[{"embeddable":true,"href":"https:\/\/keys-for-auto.eu\/et\/wp-json\/wp\/v2\/media\/18650"}],"wp:attachment":[{"href":"https:\/\/keys-for-auto.eu\/et\/wp-json\/wp\/v2\/media?parent=20098"}],"wp:term":[{"taxonomy":"product_brand","embeddable":true,"href":"https:\/\/keys-for-auto.eu\/et\/wp-json\/wp\/v2\/product_brand?post=20098"},{"taxonomy":"product_cat","embeddable":true,"href":"https:\/\/keys-for-auto.eu\/et\/wp-json\/wp\/v2\/product_cat?post=20098"},{"taxonomy":"product_tag","embeddable":true,"href":"https:\/\/keys-for-auto.eu\/et\/wp-json\/wp\/v2\/product_tag?post=20098"}],"curies":[{"name":"wp","href":"https:\/\/api.w.org\/{rel}","templated":true}]}}