{"id":20093,"date":"2016-04-02T10:09:46","date_gmt":"2016-04-02T10:09:46","guid":{"rendered":"https:\/\/keys-for-auto.eu\/product\/votmekoored-sobivad-mercedes-benz-smart-fortwo-jaoks\/"},"modified":"2016-04-02T10:09:46","modified_gmt":"2016-04-02T10:09:46","slug":"key-shells-suitable-for-mercedes-benz-smart-fortwo","status":"publish","type":"product","link":"https:\/\/keys-for-auto.eu\/et\/product\/key-shells-suitable-for-mercedes-benz-smart-fortwo\/","title":{"rendered":"V\u00f5tmekoored &#8211; sobivad Mercedes Benz Smart Fortwo jaoks"},"content":{"rendered":"<h2>V\u00f5tmekoored &#8211; sobivad Mercedes Benz Smart Fortwo jaoks<\/h2>\n<p>Tutvustame Mercedes Benz Smart Fortwo autode v\u00f5tmekoored.<\/p>\n<h3>Mercedes Benz<\/h3>\n<p>Mercedes Benz Smart Fortwo on t\u00f5eline v\u00e4ike maantee prints. See stiilne Saksa auto on vallutanud paljude juhtide s\u00fcdamed. See auto on t\u00f5eline ideaal. K\u00f5ik selle juures on lummav, alates mootorist ja elegantsest \u00fcmmargusest kujust kuni k\u00f5ige v\u00e4iksemate detailideni, nagu s\u00fc\u00fctev\u00f5tmed.<\/p>\n<p>Kui teil on vaja Mercedes Benz Smart Fortwo v\u00f5tmekarbi, valige olemasolevate mudelite hulgast ja v\u00f5tke meiega \u00fchendust. V\u00f5tmekorpused on n\u00f5utud ese, kuna need on sageli kahjustatud ja vajavad asendamist uutega. M\u00f5nikord lasevad s\u00f5idukijuhid need maha ja need purunevad v\u00f5i on muul viisil kahjustatud. See ei ole probleem! Hankige oma Mercedes Benz Smart Fortwo jaoks uus v\u00f5tmekest kiiresti ja soodsalt!<\/p>\n<p>Lisaks v\u00f5tmekastide m\u00fc\u00fcgile pakume ka muid teenuseid. Me programmeerime v\u00f5tmeid paljude automarkide ja -mudelite jaoks. Renault&#8217; autoomanikud v\u00f5ivad meiega samuti \u00fchendust v\u00f5tta. M\u00fc\u00fcme Renault s\u00fc\u00fctekaarte. Vajadusel vahetame katkised v\u00f5i kulunud v\u00f5tmekaardid v\u00e4lja. Renault s\u00fc\u00fctekaartide remont ja programmeerimine. Meie poest leiate ka erinevate automarkide kaugjuhtimispuldi v\u00f5tmed. Me garanteerime k\u00f5ik oma t\u00f6\u00f6d ja tooted. Me teeme seda oma klientide huvides ja t\u00f5estamaks, et oleme oma valdkonnas vastutustundlikud professionaalid.<\/p>\n<h3>Autov\u00f5tmete tootmine<\/h3>\n<p>Autov\u00f5tmete valmistamine on meie jaoks rohkem kui elukutse. See on viis, kuidas aidata kaasa auto juhtimise mugavusele. Me oleme valmistanud v\u00f5tmeid juba aastaid ja kasutame oma kogemusi, et parandada oma teenuste ja toodete kvaliteeti. Autov\u00f5tmed on teie k\u00f5ige lojaalsemad reisikaaslased. Veendume, et need on heas korras ja t\u00f6\u00f6tavad t\u00f5rgeteta.<\/p>\n","protected":false},"excerpt":{"rendered":"<p><em><strong>V\u00f5tmekoored &#8211; sobivad Mercedes Benz Smart Fortwo jaoks<\/strong><\/em><\/p>\n<h3><strong>Autov\u00f5tmete tootmine<\/strong><\/h3>\n<ul>\n<li><strong>Uute autov\u00f5tmete valmistamine, v\u00f5tmete programmeerimine (&#8220;sidumine&#8221; autoga)<\/strong><\/li>\n<li><strong>Varem kaotatud v\u00f5tmete kustutamine auto m\u00e4lust<\/strong><\/li>\n<li><strong>S\u00fc\u00fctev\u00f5tme tootmine vastavalt lukule<\/strong><\/li>\n<li><strong>Autov\u00f5tmete remont (nuppude, kestade, mehhanismide vahetus)<\/strong><\/li>\n<li><strong>Autode avamine h\u00e4daolukorras<\/strong><\/li>\n<li><strong>V\u00f5tmete, v\u00f5tmekastide kaubandus<\/strong><\/li>\n<li><strong>DPF \/ FAP tarkvara v\u00e4ljal\u00fclitamine<\/strong><\/li>\n<li><strong>Programmiline EGR eemaldamine<\/strong><\/li>\n<li><strong>Kasutust\u00f5kise tarkvara deaktiveerimine (immo Off)<\/strong><\/li>\n<li><strong>Mootori kontrollploki (ECU) remont, kloonimine, programmeerimine<\/strong><\/li>\n<li><strong>SRS (turvapadja juhtseadme programmeerimine)<\/strong><\/li>\n<\/ul>\n<h4><strong>  kaubad saadetakse 3 t\u00f6\u00f6p\u00e4eva jooksul.*<\/strong><\/h4>\n","protected":false},"featured_media":18590,"comment_status":"open","ping_status":"closed","template":"","meta":[],"product_brand":[],"product_cat":[3624,3637,3459],"product_tag":[3638,3625],"class_list":{"0":"post-20093","1":"product","2":"type-product","3":"status-publish","4":"has-post-thumbnail","6":"product_cat-mercedes-benz-et","7":"product_cat-smart-et","8":"product_cat-votmekoored","9":"product_tag-mercedes-benz-smart-fortwo-et","10":"product_tag-mercedes-benz-votme-kest","12":"first","13":"instock","14":"sale","15":"shipping-taxable","16":"purchasable","17":"product-type-simple"},"yoast_head":"<!-- This site is optimized with the Yoast SEO plugin v27.3 - https:\/\/yoast.com\/product\/yoast-seo-wordpress\/ -->\n<title>V\u00f5tmekoored - sobivad Mercedes Benz Smart Fortwo jaoks - Keys for auto%<\/title>\n<meta name=\"robots\" content=\"index, follow, max-snippet:-1, max-image-preview:large, max-video-preview:-1\" \/>\n<link rel=\"canonical\" href=\"https:\/\/keys-for-auto.eu\/et\/product\/key-shells-suitable-for-mercedes-benz-smart-fortwo\/\" \/>\n<meta property=\"og:locale\" content=\"et_EE\" \/>\n<meta property=\"og:type\" content=\"article\" \/>\n<meta property=\"og:title\" content=\"V\u00f5tmekoored - sobivad Mercedes Benz Smart Fortwo jaoks - Keys for auto%\" \/>\n<meta property=\"og:description\" content=\"V\u00f5tmekoored - sobivad Mercedes Benz Smart Fortwo jaoks Autov\u00f5tmete tootmine  Uute autov\u00f5tmete valmistamine, v\u00f5tmete programmeerimine (&quot;sidumine&quot; autoga)  Varem kaotatud v\u00f5tmete kustutamine auto m\u00e4lust  S\u00fc\u00fctev\u00f5tme tootmine vastavalt lukule  Autov\u00f5tmete remont (nuppude, kestade, mehhanismide vahetus)  Autode avamine h\u00e4daolukorras  V\u00f5tmete, v\u00f5tmekastide kaubandus  DPF \/ FAP tarkvara v\u00e4ljal\u00fclitamine  Programmiline EGR eemaldamine  Kasutust\u00f5kise tarkvara deaktiveerimine (immo Off)  Mootori kontrollploki (ECU) remont, kloonimine, programmeerimine  SRS (turvapadja juhtseadme programmeerimine)  kaubad saadetakse 3 t\u00f6\u00f6p\u00e4eva jooksul.*\" \/>\n<meta property=\"og:url\" content=\"https:\/\/keys-for-auto.eu\/et\/product\/key-shells-suitable-for-mercedes-benz-smart-fortwo\/\" \/>\n<meta property=\"og:site_name\" content=\"Keys for auto\" \/>\n<meta property=\"article:publisher\" content=\"https:\/\/www.facebook.com\/KeysForAutoEU\" \/>\n<meta name=\"twitter:card\" content=\"summary_large_image\" \/>\n<meta name=\"twitter:label1\" content=\"Est. reading time\" \/>\n\t<meta name=\"twitter:data1\" content=\"1 minut\" \/>\n<script type=\"application\/ld+json\" class=\"yoast-schema-graph\">{\"@context\":\"https:\\\/\\\/schema.org\",\"@graph\":[{\"@type\":[\"WebPage\",\"ItemPage\"],\"@id\":\"https:\\\/\\\/keys-for-auto.eu\\\/et\\\/product\\\/key-shells-suitable-for-mercedes-benz-smart-fortwo\\\/\",\"url\":\"https:\\\/\\\/keys-for-auto.eu\\\/et\\\/product\\\/key-shells-suitable-for-mercedes-benz-smart-fortwo\\\/\",\"name\":\"V\u00f5tmekoored - sobivad Mercedes Benz Smart Fortwo jaoks - Keys for auto%\",\"isPartOf\":{\"@id\":\"https:\\\/\\\/keys-for-auto.eu\\\/et\\\/#website\"},\"primaryImageOfPage\":{\"@id\":\"https:\\\/\\\/keys-for-auto.eu\\\/et\\\/product\\\/key-shells-suitable-for-mercedes-benz-smart-fortwo\\\/#primaryimage\"},\"image\":{\"@id\":\"https:\\\/\\\/keys-for-auto.eu\\\/et\\\/product\\\/key-shells-suitable-for-mercedes-benz-smart-fortwo\\\/#primaryimage\"},\"thumbnailUrl\":\"\",\"datePublished\":\"2016-04-02T10:09:46+00:00\",\"breadcrumb\":{\"@id\":\"https:\\\/\\\/keys-for-auto.eu\\\/et\\\/product\\\/key-shells-suitable-for-mercedes-benz-smart-fortwo\\\/#breadcrumb\"},\"inLanguage\":\"et\",\"potentialAction\":[{\"@type\":\"ReadAction\",\"target\":[\"https:\\\/\\\/keys-for-auto.eu\\\/et\\\/product\\\/key-shells-suitable-for-mercedes-benz-smart-fortwo\\\/\"]}]},{\"@type\":\"ImageObject\",\"inLanguage\":\"et\",\"@id\":\"https:\\\/\\\/keys-for-auto.eu\\\/et\\\/product\\\/key-shells-suitable-for-mercedes-benz-smart-fortwo\\\/#primaryimage\",\"url\":\"\",\"contentUrl\":\"\",\"caption\":\"V\u00f5tmekoored - sobivad Mercedes Benz Smart Fortwo jaoks\"},{\"@type\":\"BreadcrumbList\",\"@id\":\"https:\\\/\\\/keys-for-auto.eu\\\/et\\\/product\\\/key-shells-suitable-for-mercedes-benz-smart-fortwo\\\/#breadcrumb\",\"itemListElement\":[{\"@type\":\"ListItem\",\"position\":1,\"name\":\"Kodu\",\"item\":\"https:\\\/\\\/keys-for-auto.eu\\\/et\\\/\"},{\"@type\":\"ListItem\",\"position\":2,\"name\":\"Shop\",\"item\":\"https:\\\/\\\/keys-for-auto.eu\\\/\"},{\"@type\":\"ListItem\",\"position\":3,\"name\":\"V\u00f5tmekoored &#8211; sobivad Mercedes Benz Smart Fortwo jaoks\"}]},{\"@type\":\"WebSite\",\"@id\":\"https:\\\/\\\/keys-for-auto.eu\\\/et\\\/#website\",\"url\":\"https:\\\/\\\/keys-for-auto.eu\\\/et\\\/\",\"name\":\"Keys for auto\",\"description\":\"Car keys,  key shells, key programming\",\"publisher\":{\"@id\":\"https:\\\/\\\/keys-for-auto.eu\\\/et\\\/#organization\"},\"potentialAction\":[{\"@type\":\"SearchAction\",\"target\":{\"@type\":\"EntryPoint\",\"urlTemplate\":\"https:\\\/\\\/keys-for-auto.eu\\\/et\\\/?s={search_term_string}\"},\"query-input\":{\"@type\":\"PropertyValueSpecification\",\"valueRequired\":true,\"valueName\":\"search_term_string\"}}],\"inLanguage\":\"et\"},{\"@type\":\"Organization\",\"@id\":\"https:\\\/\\\/keys-for-auto.eu\\\/et\\\/#organization\",\"name\":\"Auto v\u00f5tmed\",\"url\":\"https:\\\/\\\/keys-for-auto.eu\\\/et\\\/\",\"logo\":{\"@type\":\"ImageObject\",\"inLanguage\":\"et\",\"@id\":\"https:\\\/\\\/keys-for-auto.eu\\\/et\\\/#\\\/schema\\\/logo\\\/image\\\/\",\"url\":\"https:\\\/\\\/keys-for-auto.eu\\\/wp-content\\\/uploads\\\/2022\\\/11\\\/cropped-png1.png\",\"contentUrl\":\"https:\\\/\\\/keys-for-auto.eu\\\/wp-content\\\/uploads\\\/2022\\\/11\\\/cropped-png1.png\",\"width\":1000,\"height\":342,\"caption\":\"Auto v\u00f5tmed\"},\"image\":{\"@id\":\"https:\\\/\\\/keys-for-auto.eu\\\/et\\\/#\\\/schema\\\/logo\\\/image\\\/\"},\"sameAs\":[\"https:\\\/\\\/www.facebook.com\\\/KeysForAutoEU\"]}]}<\/script>\n<!-- \/ Yoast SEO plugin. -->","yoast_head_json":{"title":"V\u00f5tmekoored - sobivad Mercedes Benz Smart Fortwo jaoks - Keys for auto%","robots":{"index":"index","follow":"follow","max-snippet":"max-snippet:-1","max-image-preview":"max-image-preview:large","max-video-preview":"max-video-preview:-1"},"canonical":"https:\/\/keys-for-auto.eu\/et\/product\/key-shells-suitable-for-mercedes-benz-smart-fortwo\/","og_locale":"et_EE","og_type":"article","og_title":"V\u00f5tmekoored - sobivad Mercedes Benz Smart Fortwo jaoks - Keys for auto%","og_description":"V\u00f5tmekoored - sobivad Mercedes Benz Smart Fortwo jaoks Autov\u00f5tmete tootmine  Uute autov\u00f5tmete valmistamine, v\u00f5tmete programmeerimine (\"sidumine\" autoga)  Varem kaotatud v\u00f5tmete kustutamine auto m\u00e4lust  S\u00fc\u00fctev\u00f5tme tootmine vastavalt lukule  Autov\u00f5tmete remont (nuppude, kestade, mehhanismide vahetus)  Autode avamine h\u00e4daolukorras  V\u00f5tmete, v\u00f5tmekastide kaubandus  DPF \/ FAP tarkvara v\u00e4ljal\u00fclitamine  Programmiline EGR eemaldamine  Kasutust\u00f5kise tarkvara deaktiveerimine (immo Off)  Mootori kontrollploki (ECU) remont, kloonimine, programmeerimine  SRS (turvapadja juhtseadme programmeerimine)  kaubad saadetakse 3 t\u00f6\u00f6p\u00e4eva jooksul.*","og_url":"https:\/\/keys-for-auto.eu\/et\/product\/key-shells-suitable-for-mercedes-benz-smart-fortwo\/","og_site_name":"Keys for auto","article_publisher":"https:\/\/www.facebook.com\/KeysForAutoEU","twitter_card":"summary_large_image","twitter_misc":{"Est. reading time":"1 minut"},"schema":{"@context":"https:\/\/schema.org","@graph":[{"@type":["WebPage","ItemPage"],"@id":"https:\/\/keys-for-auto.eu\/et\/product\/key-shells-suitable-for-mercedes-benz-smart-fortwo\/","url":"https:\/\/keys-for-auto.eu\/et\/product\/key-shells-suitable-for-mercedes-benz-smart-fortwo\/","name":"V\u00f5tmekoored - sobivad Mercedes Benz Smart Fortwo jaoks - Keys for auto%","isPartOf":{"@id":"https:\/\/keys-for-auto.eu\/et\/#website"},"primaryImageOfPage":{"@id":"https:\/\/keys-for-auto.eu\/et\/product\/key-shells-suitable-for-mercedes-benz-smart-fortwo\/#primaryimage"},"image":{"@id":"https:\/\/keys-for-auto.eu\/et\/product\/key-shells-suitable-for-mercedes-benz-smart-fortwo\/#primaryimage"},"thumbnailUrl":"","datePublished":"2016-04-02T10:09:46+00:00","breadcrumb":{"@id":"https:\/\/keys-for-auto.eu\/et\/product\/key-shells-suitable-for-mercedes-benz-smart-fortwo\/#breadcrumb"},"inLanguage":"et","potentialAction":[{"@type":"ReadAction","target":["https:\/\/keys-for-auto.eu\/et\/product\/key-shells-suitable-for-mercedes-benz-smart-fortwo\/"]}]},{"@type":"ImageObject","inLanguage":"et","@id":"https:\/\/keys-for-auto.eu\/et\/product\/key-shells-suitable-for-mercedes-benz-smart-fortwo\/#primaryimage","url":"","contentUrl":"","caption":"V\u00f5tmekoored - sobivad Mercedes Benz Smart Fortwo jaoks"},{"@type":"BreadcrumbList","@id":"https:\/\/keys-for-auto.eu\/et\/product\/key-shells-suitable-for-mercedes-benz-smart-fortwo\/#breadcrumb","itemListElement":[{"@type":"ListItem","position":1,"name":"Kodu","item":"https:\/\/keys-for-auto.eu\/et\/"},{"@type":"ListItem","position":2,"name":"Shop","item":"https:\/\/keys-for-auto.eu\/"},{"@type":"ListItem","position":3,"name":"V\u00f5tmekoored &#8211; sobivad Mercedes Benz Smart Fortwo jaoks"}]},{"@type":"WebSite","@id":"https:\/\/keys-for-auto.eu\/et\/#website","url":"https:\/\/keys-for-auto.eu\/et\/","name":"Keys for auto","description":"Car keys,  key shells, key programming","publisher":{"@id":"https:\/\/keys-for-auto.eu\/et\/#organization"},"potentialAction":[{"@type":"SearchAction","target":{"@type":"EntryPoint","urlTemplate":"https:\/\/keys-for-auto.eu\/et\/?s={search_term_string}"},"query-input":{"@type":"PropertyValueSpecification","valueRequired":true,"valueName":"search_term_string"}}],"inLanguage":"et"},{"@type":"Organization","@id":"https:\/\/keys-for-auto.eu\/et\/#organization","name":"Auto v\u00f5tmed","url":"https:\/\/keys-for-auto.eu\/et\/","logo":{"@type":"ImageObject","inLanguage":"et","@id":"https:\/\/keys-for-auto.eu\/et\/#\/schema\/logo\/image\/","url":"https:\/\/keys-for-auto.eu\/wp-content\/uploads\/2022\/11\/cropped-png1.png","contentUrl":"https:\/\/keys-for-auto.eu\/wp-content\/uploads\/2022\/11\/cropped-png1.png","width":1000,"height":342,"caption":"Auto v\u00f5tmed"},"image":{"@id":"https:\/\/keys-for-auto.eu\/et\/#\/schema\/logo\/image\/"},"sameAs":["https:\/\/www.facebook.com\/KeysForAutoEU"]}]}},"_links":{"self":[{"href":"https:\/\/keys-for-auto.eu\/et\/wp-json\/wp\/v2\/product\/20093","targetHints":{"allow":["GET"]}}],"collection":[{"href":"https:\/\/keys-for-auto.eu\/et\/wp-json\/wp\/v2\/product"}],"about":[{"href":"https:\/\/keys-for-auto.eu\/et\/wp-json\/wp\/v2\/types\/product"}],"replies":[{"embeddable":true,"href":"https:\/\/keys-for-auto.eu\/et\/wp-json\/wp\/v2\/comments?post=20093"}],"wp:featuredmedia":[{"embeddable":true,"href":"https:\/\/keys-for-auto.eu\/et\/wp-json\/wp\/v2\/media\/18590"}],"wp:attachment":[{"href":"https:\/\/keys-for-auto.eu\/et\/wp-json\/wp\/v2\/media?parent=20093"}],"wp:term":[{"taxonomy":"product_brand","embeddable":true,"href":"https:\/\/keys-for-auto.eu\/et\/wp-json\/wp\/v2\/product_brand?post=20093"},{"taxonomy":"product_cat","embeddable":true,"href":"https:\/\/keys-for-auto.eu\/et\/wp-json\/wp\/v2\/product_cat?post=20093"},{"taxonomy":"product_tag","embeddable":true,"href":"https:\/\/keys-for-auto.eu\/et\/wp-json\/wp\/v2\/product_tag?post=20093"}],"curies":[{"name":"wp","href":"https:\/\/api.w.org\/{rel}","templated":true}]}}