{"id":20078,"date":"2016-04-02T09:41:08","date_gmt":"2016-04-02T09:41:08","guid":{"rendered":"https:\/\/keys-for-auto.eu\/product\/transponder-voti-sobib-jeep-chrysler-dodge\/"},"modified":"2016-04-02T09:41:08","modified_gmt":"2016-04-02T09:41:08","slug":"transponder-key-suitable-for-jeep-chrysler-dodge","status":"publish","type":"product","link":"https:\/\/keys-for-auto.eu\/et\/product\/transponder-key-suitable-for-jeep-chrysler-dodge\/","title":{"rendered":"Transponder v\u00f5ti &#8211; sobib Jeep | Chrysler | Dodge"},"content":{"rendered":"<h2><strong>Transponder v\u00f5ti sobib Jeep, Chrysler, Dodge<\/strong><\/h2>\n<p>Tutvustame Jeep, Chrysler ja Dodge&#8217;ile sobivat transponderv\u00f5tit.<\/p>\n<p>Transponderv\u00f5ti on eriline, sest turvakaalutlustel on transponder paigaldatud v\u00f5tme p\u00e4he (v\u00f5tme sisemusse). Seet\u00f5ttu on v\u00f5imalik ainult eriseadmete abil kindlaks teha, kas tegemist on transponderv\u00f5tmega v\u00f5i tavalise v\u00f5tmega. Teine asi, mida transponderv\u00f5tmete kohta tuleb teada, on see, et neil ei ole p\u00fcsivat toiteallikaid. Need v\u00f5tmed t\u00f6\u00f6tavad v\u00e4ga v\u00e4ikeses vahemikus 1-10 cm. Seet\u00f5ttu on nende tegevust praktiliselt v\u00f5imatu j\u00e4lgida v\u00f5i skaneerida.<\/p>\n<h3><strong>V\u00f5tmeprogrammeerimine<\/strong><\/h3>\n<p>Kui olete ostnud transponderv\u00f5tme, peate v\u00f5tme programmeerima ja kinnitama selle oma autole. Seda teenust saate tellida ka meie ettev\u00f5ttelt. Me programmeerime v\u00f5tmeid paljude automarkide jaoks.<\/p>\n<p>Meie kliendid hindavad meid, sest meie ettev\u00f5ttes toimub autov\u00f5tmete programmeerimine kiiresti ja professionaalselt. Iga klient on meie jaoks oluline. Autov\u00f5tmete ja Renault s\u00fc\u00fctekaartide m\u00fc\u00fck ja remont on meie p\u00f5hitegevus. V\u00f5tke meiega kohe \u00fchendust ja me lahendame k\u00f5ik teie autov\u00f5tme probleemid!<\/p>\n<p>Teine meie tegevusvaldkond on auto avarii avamine. Kui olete sattunud \u00f5nnetusse ja lukustanud oma v\u00f5tmed autosse, helistage meile! Ja kui te mingil muul p\u00f5hjusel sisse ei saa, aitame teid. Autode avamine Vilniuses ja selle piirkonnas on v\u00f5imalik 24 tundi \u00f6\u00f6p\u00e4evas.<\/p>\n<p>M\u00f5ned juhid heidutavad end ja \u00fcritavad lukustatud auto lukustust ise avada. Meie &#8211; h\u00e4daolukorra avamise spetsialistid &#8211; ei soovita seda siiski teha. Kui p\u00fc\u00fcate aidata, siis teete tegelikult ainult iseendale haiget. Te v\u00f5ite lukku kahjustada. Meie tehnikud on valvekorras erivarustusega. Nii et teie auto avarii avamine toimub ohutult ja kiiresti. V\u00f5ite oma autot taas kasutada nagu varem.<\/p>\n","protected":false},"excerpt":{"rendered":"<p><em><strong>Chrysleri autodele, &#8211; v\u00f5tmekest, sobib:<\/strong><\/em><\/p>\n<p><em><strong>Chrysler<\/strong><\/em><\/p>\n<p><em><strong>Dodge<\/strong><\/em><\/p>\n<p><em><strong>Jeep<\/strong><\/em><\/p>\n<h3><strong>Autov\u00f5tmete tootmine<\/strong><\/h3>\n<ul>\n<li><strong>Uute autov\u00f5tmete valmistamine, v\u00f5tmete programmeerimine (&#8220;sidumine&#8221; autoga)<\/strong><\/li>\n<li><strong>Varem kaotatud v\u00f5tmete kustutamine auto m\u00e4lust<\/strong><\/li>\n<li><strong>S\u00fc\u00fctev\u00f5tme tootmine vastavalt lukule<\/strong><\/li>\n<li><strong>Autov\u00f5tmete remont (nuppude, kestade, mehhanismide vahetus)<\/strong><\/li>\n<li><strong>Autode avamine h\u00e4daolukorras<\/strong><\/li>\n<li><strong>V\u00f5tmete, v\u00f5tmekastide kaubandus<\/strong><\/li>\n<li><strong>DPF \/ FAP tarkvara v\u00e4ljal\u00fclitamine<\/strong><\/li>\n<li><strong>Programmiline EGR eemaldamine<\/strong><\/li>\n<li><strong>Kasutust\u00f5kise tarkvara deaktiveerimine (immo Off)<\/strong><\/li>\n<li><strong>Mootori kontrollploki (ECU) remont, kloonimine, programmeerimine<\/strong><\/li>\n<li><strong>SRS (turvapadja juhtseadme programmeerimine)<\/strong><\/li>\n<\/ul>\n<h4><strong>kaubad saadetakse 3 t\u00f6\u00f6p\u00e4eva jooksul.*<\/strong><\/h4>\n<div id=\"gtx-trans\" style=\"position: absolute; left: -81px; top: 31px;\">\n<div class=\"gtx-trans-icon\"><\/div>\n<\/div>\n","protected":false},"featured_media":17007,"comment_status":"open","ping_status":"closed","template":"","meta":[],"product_brand":[],"product_cat":[3498,3512,3459],"product_tag":[3500,3529,3537],"class_list":{"0":"post-20078","1":"product","2":"type-product","3":"status-publish","4":"has-post-thumbnail","6":"product_cat-chrysler-et","7":"product_cat-jeep-et","8":"product_cat-votmekoored","9":"product_tag-chrysleri-votme-kest","10":"product_tag-dodge-votme-kest","11":"product_tag-jeepi-votme-kest","13":"first","14":"instock","15":"sale","16":"shipping-taxable","17":"purchasable","18":"product-type-simple"},"yoast_head":"<!-- This site is optimized with the Yoast SEO plugin v27.3 - https:\/\/yoast.com\/product\/yoast-seo-wordpress\/ -->\n<title>Transponder v\u00f5ti - sobib Jeep | Chrysler | Dodge - Keys for auto%<\/title>\n<meta name=\"robots\" content=\"index, follow, max-snippet:-1, max-image-preview:large, max-video-preview:-1\" \/>\n<link rel=\"canonical\" href=\"https:\/\/keys-for-auto.eu\/et\/product\/transponder-key-suitable-for-jeep-chrysler-dodge\/\" \/>\n<meta property=\"og:locale\" content=\"et_EE\" \/>\n<meta property=\"og:type\" content=\"article\" \/>\n<meta property=\"og:title\" content=\"Transponder v\u00f5ti - sobib Jeep | Chrysler | Dodge - Keys for auto%\" \/>\n<meta property=\"og:description\" content=\"Chrysleri autodele, - v\u00f5tmekest, sobib: Chrysler Dodge Jeep Autov\u00f5tmete tootmine  Uute autov\u00f5tmete valmistamine, v\u00f5tmete programmeerimine (&quot;sidumine&quot; autoga)  Varem kaotatud v\u00f5tmete kustutamine auto m\u00e4lust  S\u00fc\u00fctev\u00f5tme tootmine vastavalt lukule  Autov\u00f5tmete remont (nuppude, kestade, mehhanismide vahetus)  Autode avamine h\u00e4daolukorras  V\u00f5tmete, v\u00f5tmekastide kaubandus  DPF \/ FAP tarkvara v\u00e4ljal\u00fclitamine  Programmiline EGR eemaldamine  Kasutust\u00f5kise tarkvara deaktiveerimine (immo Off)  Mootori kontrollploki (ECU) remont, kloonimine, programmeerimine  SRS (turvapadja juhtseadme programmeerimine) kaubad saadetakse 3 t\u00f6\u00f6p\u00e4eva jooksul.*\" \/>\n<meta property=\"og:url\" content=\"https:\/\/keys-for-auto.eu\/et\/product\/transponder-key-suitable-for-jeep-chrysler-dodge\/\" \/>\n<meta property=\"og:site_name\" content=\"Keys for auto\" \/>\n<meta property=\"article:publisher\" content=\"https:\/\/www.facebook.com\/KeysForAutoEU\" \/>\n<meta name=\"twitter:card\" content=\"summary_large_image\" \/>\n<meta name=\"twitter:label1\" content=\"Est. reading time\" \/>\n\t<meta name=\"twitter:data1\" content=\"1 minut\" \/>\n<script type=\"application\/ld+json\" class=\"yoast-schema-graph\">{\"@context\":\"https:\\\/\\\/schema.org\",\"@graph\":[{\"@type\":[\"WebPage\",\"ItemPage\"],\"@id\":\"https:\\\/\\\/keys-for-auto.eu\\\/et\\\/product\\\/transponder-key-suitable-for-jeep-chrysler-dodge\\\/\",\"url\":\"https:\\\/\\\/keys-for-auto.eu\\\/et\\\/product\\\/transponder-key-suitable-for-jeep-chrysler-dodge\\\/\",\"name\":\"Transponder v\u00f5ti - sobib Jeep | Chrysler | Dodge - Keys for auto%\",\"isPartOf\":{\"@id\":\"https:\\\/\\\/keys-for-auto.eu\\\/et\\\/#website\"},\"primaryImageOfPage\":{\"@id\":\"https:\\\/\\\/keys-for-auto.eu\\\/et\\\/product\\\/transponder-key-suitable-for-jeep-chrysler-dodge\\\/#primaryimage\"},\"image\":{\"@id\":\"https:\\\/\\\/keys-for-auto.eu\\\/et\\\/product\\\/transponder-key-suitable-for-jeep-chrysler-dodge\\\/#primaryimage\"},\"thumbnailUrl\":\"\",\"datePublished\":\"2016-04-02T09:41:08+00:00\",\"breadcrumb\":{\"@id\":\"https:\\\/\\\/keys-for-auto.eu\\\/et\\\/product\\\/transponder-key-suitable-for-jeep-chrysler-dodge\\\/#breadcrumb\"},\"inLanguage\":\"et\",\"potentialAction\":[{\"@type\":\"ReadAction\",\"target\":[\"https:\\\/\\\/keys-for-auto.eu\\\/et\\\/product\\\/transponder-key-suitable-for-jeep-chrysler-dodge\\\/\"]}]},{\"@type\":\"ImageObject\",\"inLanguage\":\"et\",\"@id\":\"https:\\\/\\\/keys-for-auto.eu\\\/et\\\/product\\\/transponder-key-suitable-for-jeep-chrysler-dodge\\\/#primaryimage\",\"url\":\"\",\"contentUrl\":\"\",\"caption\":\"Transponder v\u00f5ti - sobib Jeep | Chrysler | Dodge\"},{\"@type\":\"BreadcrumbList\",\"@id\":\"https:\\\/\\\/keys-for-auto.eu\\\/et\\\/product\\\/transponder-key-suitable-for-jeep-chrysler-dodge\\\/#breadcrumb\",\"itemListElement\":[{\"@type\":\"ListItem\",\"position\":1,\"name\":\"Kodu\",\"item\":\"https:\\\/\\\/keys-for-auto.eu\\\/et\\\/\"},{\"@type\":\"ListItem\",\"position\":2,\"name\":\"Shop\",\"item\":\"https:\\\/\\\/keys-for-auto.eu\\\/\"},{\"@type\":\"ListItem\",\"position\":3,\"name\":\"Transponder v\u00f5ti &#8211; sobib Jeep | Chrysler | Dodge\"}]},{\"@type\":\"WebSite\",\"@id\":\"https:\\\/\\\/keys-for-auto.eu\\\/et\\\/#website\",\"url\":\"https:\\\/\\\/keys-for-auto.eu\\\/et\\\/\",\"name\":\"Keys for auto\",\"description\":\"Car keys,  key shells, key programming\",\"publisher\":{\"@id\":\"https:\\\/\\\/keys-for-auto.eu\\\/et\\\/#organization\"},\"potentialAction\":[{\"@type\":\"SearchAction\",\"target\":{\"@type\":\"EntryPoint\",\"urlTemplate\":\"https:\\\/\\\/keys-for-auto.eu\\\/et\\\/?s={search_term_string}\"},\"query-input\":{\"@type\":\"PropertyValueSpecification\",\"valueRequired\":true,\"valueName\":\"search_term_string\"}}],\"inLanguage\":\"et\"},{\"@type\":\"Organization\",\"@id\":\"https:\\\/\\\/keys-for-auto.eu\\\/et\\\/#organization\",\"name\":\"Auto v\u00f5tmed\",\"url\":\"https:\\\/\\\/keys-for-auto.eu\\\/et\\\/\",\"logo\":{\"@type\":\"ImageObject\",\"inLanguage\":\"et\",\"@id\":\"https:\\\/\\\/keys-for-auto.eu\\\/et\\\/#\\\/schema\\\/logo\\\/image\\\/\",\"url\":\"https:\\\/\\\/keys-for-auto.eu\\\/wp-content\\\/uploads\\\/2022\\\/11\\\/cropped-png1.png\",\"contentUrl\":\"https:\\\/\\\/keys-for-auto.eu\\\/wp-content\\\/uploads\\\/2022\\\/11\\\/cropped-png1.png\",\"width\":1000,\"height\":342,\"caption\":\"Auto v\u00f5tmed\"},\"image\":{\"@id\":\"https:\\\/\\\/keys-for-auto.eu\\\/et\\\/#\\\/schema\\\/logo\\\/image\\\/\"},\"sameAs\":[\"https:\\\/\\\/www.facebook.com\\\/KeysForAutoEU\"]}]}<\/script>\n<!-- \/ Yoast SEO plugin. -->","yoast_head_json":{"title":"Transponder v\u00f5ti - sobib Jeep | Chrysler | Dodge - Keys for auto%","robots":{"index":"index","follow":"follow","max-snippet":"max-snippet:-1","max-image-preview":"max-image-preview:large","max-video-preview":"max-video-preview:-1"},"canonical":"https:\/\/keys-for-auto.eu\/et\/product\/transponder-key-suitable-for-jeep-chrysler-dodge\/","og_locale":"et_EE","og_type":"article","og_title":"Transponder v\u00f5ti - sobib Jeep | Chrysler | Dodge - Keys for auto%","og_description":"Chrysleri autodele, - v\u00f5tmekest, sobib: Chrysler Dodge Jeep Autov\u00f5tmete tootmine  Uute autov\u00f5tmete valmistamine, v\u00f5tmete programmeerimine (\"sidumine\" autoga)  Varem kaotatud v\u00f5tmete kustutamine auto m\u00e4lust  S\u00fc\u00fctev\u00f5tme tootmine vastavalt lukule  Autov\u00f5tmete remont (nuppude, kestade, mehhanismide vahetus)  Autode avamine h\u00e4daolukorras  V\u00f5tmete, v\u00f5tmekastide kaubandus  DPF \/ FAP tarkvara v\u00e4ljal\u00fclitamine  Programmiline EGR eemaldamine  Kasutust\u00f5kise tarkvara deaktiveerimine (immo Off)  Mootori kontrollploki (ECU) remont, kloonimine, programmeerimine  SRS (turvapadja juhtseadme programmeerimine) kaubad saadetakse 3 t\u00f6\u00f6p\u00e4eva jooksul.*","og_url":"https:\/\/keys-for-auto.eu\/et\/product\/transponder-key-suitable-for-jeep-chrysler-dodge\/","og_site_name":"Keys for auto","article_publisher":"https:\/\/www.facebook.com\/KeysForAutoEU","twitter_card":"summary_large_image","twitter_misc":{"Est. reading time":"1 minut"},"schema":{"@context":"https:\/\/schema.org","@graph":[{"@type":["WebPage","ItemPage"],"@id":"https:\/\/keys-for-auto.eu\/et\/product\/transponder-key-suitable-for-jeep-chrysler-dodge\/","url":"https:\/\/keys-for-auto.eu\/et\/product\/transponder-key-suitable-for-jeep-chrysler-dodge\/","name":"Transponder v\u00f5ti - sobib Jeep | Chrysler | Dodge - Keys for auto%","isPartOf":{"@id":"https:\/\/keys-for-auto.eu\/et\/#website"},"primaryImageOfPage":{"@id":"https:\/\/keys-for-auto.eu\/et\/product\/transponder-key-suitable-for-jeep-chrysler-dodge\/#primaryimage"},"image":{"@id":"https:\/\/keys-for-auto.eu\/et\/product\/transponder-key-suitable-for-jeep-chrysler-dodge\/#primaryimage"},"thumbnailUrl":"","datePublished":"2016-04-02T09:41:08+00:00","breadcrumb":{"@id":"https:\/\/keys-for-auto.eu\/et\/product\/transponder-key-suitable-for-jeep-chrysler-dodge\/#breadcrumb"},"inLanguage":"et","potentialAction":[{"@type":"ReadAction","target":["https:\/\/keys-for-auto.eu\/et\/product\/transponder-key-suitable-for-jeep-chrysler-dodge\/"]}]},{"@type":"ImageObject","inLanguage":"et","@id":"https:\/\/keys-for-auto.eu\/et\/product\/transponder-key-suitable-for-jeep-chrysler-dodge\/#primaryimage","url":"","contentUrl":"","caption":"Transponder v\u00f5ti - sobib Jeep | Chrysler | Dodge"},{"@type":"BreadcrumbList","@id":"https:\/\/keys-for-auto.eu\/et\/product\/transponder-key-suitable-for-jeep-chrysler-dodge\/#breadcrumb","itemListElement":[{"@type":"ListItem","position":1,"name":"Kodu","item":"https:\/\/keys-for-auto.eu\/et\/"},{"@type":"ListItem","position":2,"name":"Shop","item":"https:\/\/keys-for-auto.eu\/"},{"@type":"ListItem","position":3,"name":"Transponder v\u00f5ti &#8211; sobib Jeep | Chrysler | Dodge"}]},{"@type":"WebSite","@id":"https:\/\/keys-for-auto.eu\/et\/#website","url":"https:\/\/keys-for-auto.eu\/et\/","name":"Keys for auto","description":"Car keys,  key shells, key programming","publisher":{"@id":"https:\/\/keys-for-auto.eu\/et\/#organization"},"potentialAction":[{"@type":"SearchAction","target":{"@type":"EntryPoint","urlTemplate":"https:\/\/keys-for-auto.eu\/et\/?s={search_term_string}"},"query-input":{"@type":"PropertyValueSpecification","valueRequired":true,"valueName":"search_term_string"}}],"inLanguage":"et"},{"@type":"Organization","@id":"https:\/\/keys-for-auto.eu\/et\/#organization","name":"Auto v\u00f5tmed","url":"https:\/\/keys-for-auto.eu\/et\/","logo":{"@type":"ImageObject","inLanguage":"et","@id":"https:\/\/keys-for-auto.eu\/et\/#\/schema\/logo\/image\/","url":"https:\/\/keys-for-auto.eu\/wp-content\/uploads\/2022\/11\/cropped-png1.png","contentUrl":"https:\/\/keys-for-auto.eu\/wp-content\/uploads\/2022\/11\/cropped-png1.png","width":1000,"height":342,"caption":"Auto v\u00f5tmed"},"image":{"@id":"https:\/\/keys-for-auto.eu\/et\/#\/schema\/logo\/image\/"},"sameAs":["https:\/\/www.facebook.com\/KeysForAutoEU"]}]}},"_links":{"self":[{"href":"https:\/\/keys-for-auto.eu\/et\/wp-json\/wp\/v2\/product\/20078","targetHints":{"allow":["GET"]}}],"collection":[{"href":"https:\/\/keys-for-auto.eu\/et\/wp-json\/wp\/v2\/product"}],"about":[{"href":"https:\/\/keys-for-auto.eu\/et\/wp-json\/wp\/v2\/types\/product"}],"replies":[{"embeddable":true,"href":"https:\/\/keys-for-auto.eu\/et\/wp-json\/wp\/v2\/comments?post=20078"}],"wp:featuredmedia":[{"embeddable":true,"href":"https:\/\/keys-for-auto.eu\/et\/wp-json\/wp\/v2\/media\/17007"}],"wp:attachment":[{"href":"https:\/\/keys-for-auto.eu\/et\/wp-json\/wp\/v2\/media?parent=20078"}],"wp:term":[{"taxonomy":"product_brand","embeddable":true,"href":"https:\/\/keys-for-auto.eu\/et\/wp-json\/wp\/v2\/product_brand?post=20078"},{"taxonomy":"product_cat","embeddable":true,"href":"https:\/\/keys-for-auto.eu\/et\/wp-json\/wp\/v2\/product_cat?post=20078"},{"taxonomy":"product_tag","embeddable":true,"href":"https:\/\/keys-for-auto.eu\/et\/wp-json\/wp\/v2\/product_tag?post=20078"}],"curies":[{"name":"wp","href":"https:\/\/api.w.org\/{rel}","templated":true}]}}