{"id":20061,"date":"2016-04-02T09:50:48","date_gmt":"2016-04-02T09:50:48","guid":{"rendered":"https:\/\/keys-for-auto.eu\/product\/votmekest-sobib-lexus-is200-gs300-ls400-rx300-rx400-kolm-nuppu\/"},"modified":"2016-04-02T09:50:48","modified_gmt":"2016-04-02T09:50:48","slug":"key-shell-suitable-for-lexus-is200-gs300-ls400-rx300-rx400-three-buttons","status":"publish","type":"product","link":"https:\/\/keys-for-auto.eu\/et\/product\/key-shell-suitable-for-lexus-is200-gs300-ls400-rx300-rx400-three-buttons\/","title":{"rendered":"V\u00f5tmekest &#8211; sobib Lexus IS200 | GS300 | LS400 | RX300 | RX400, kolm nuppu"},"content":{"rendered":"<h2><strong>V\u00f5tmekest &#8211; sobib Lexus IS200 | GS300 | LS400 | RX300 | RX400, kolm nuppu<\/strong><\/h2>\n<p>Tutvustame kolme nupuga v\u00f5tmekorpust, mis sobib Lexus IS200, GS300, LS400, RX300, RX400 mudelitele. Ei ole saladus, et v\u00f5tmekoored ei ole vastupidavad. Kuid isegi kui teie v\u00f5tmekest puruneb, praguneb v\u00f5i on muul viisil kahjustatud, ei ole vaja muretseda! Sest meie veebilehelt leiate v\u00f5tmekestad paljude automarkide ja -mudelite jaoks.<\/p>\n<p>Lisaks v\u00f5tmekestadele leiate meie e-poest ka kaugjuhtimispuldi v\u00f5tmeid. Saate neid n\u00e4ha siin. Pakume oma klientidele ka auto v\u00f5tme programmeerimise teenust. Me programmeerime v\u00f5tmeid paljude automarkide ja -mudelite jaoks.<\/p>\n<p>M\u00fc\u00fcme ka Renault auto v\u00f5tmekaarte. Saame siduda Renault Scenic, Megane, Laguna, Espace, Vel Satis kaardid teie autole. Asendame kulunud kaardikarbid ja parandame defektsed kaardid. Teine teenus, mida me pakume, on auto avamine h\u00e4daolukorras. Palun vaadake k\u00e4esoleva kirjelduse l\u00f5ppu.<\/p>\n<h3><strong>P\u00f5hitootmine<\/strong><\/h3>\n<p>V\u00f5tmetootmine. Tulge meie peakontorisse ja me valmistame ja programmeerime teie v\u00f5tmed kiiresti ja professionaalselt. Palume teil enne teie saabumist aeg eelnevalt kokku leppida. Seda saate teha, helistades veebisaidi allosas olevale telefoninumbrile v\u00f5i j\u00e4rgides seda linki. Autov\u00f5tmete programmeerimine toimub meie ettev\u00f5ttes spetsiaalsete, t\u00e4iustatud tehnoloogiate abil. Seet\u00f5ttu usaldavad \u00fcha enam autojuhte oma v\u00f5tmete valmistamise meile. Autov\u00f5tmed on iga autojuhi igap\u00e4evase rutiini oluline osa. Laske oma v\u00f5tmete professionaalsel programmeerimisel lisada sellele igap\u00e4evarutiinile v\u00e4rvi.<\/p>\n<h3><strong>Autode avamine h\u00e4daolukorras<\/strong><\/h3>\n<p>Erakorraline auto avamine on m\u00f5nikord vajalik erinevatel p\u00f5hjustel. \u00c4kki panid kogemata oma v\u00f5tmed autosse lukku? Kas te murdsite v\u00f5tme s\u00fc\u00fctelukust v\u00f5i uksest? V\u00f5i \u00e4kki ei p\u00e4\u00e4se te muudel p\u00f5hjustel autosse? Mis iganes on probleem, me aitame teil avada ja k\u00e4ivitada teie auto.<\/p>\n<p>Seega, kui te ei saa oma autot lahti, \u00e4rge muretsege ja helistage meie meeskonnale! Helistage lehek\u00fclje allosas loetletud kontaktidele. Meie tehnikud teostavad auto avamise h\u00e4daolukorras, kasutades selleks spetsiaalset, sertifitseeritud varustust. K\u00f5ige t\u00e4htsam on, et \u00e4rge proovige autot ise avada, sest v\u00f5ite seda kahjustada. J\u00e4ta see professionaalide hooleks. Me oleme valvekorras mis tahes kellaaegadel. Autode avamine on v\u00f5imalik igas Vilniuse linnaosas v\u00f5i linnaosas. Usaldage professionaalide abi ja te saate varsti j\u00e4lle oma autost r\u00f5\u00f5mu tunda!<\/p>\n","protected":false},"excerpt":{"rendered":"<p><strong>Sobib:<br \/>\nLexus IS200<br \/>\nLexus GS300<br \/>\nLexus LS400<br \/>\nLexus RX300<br \/>\n<\/strong><strong>Lexus RX400<\/strong><\/p>\n<h3><strong>Autov\u00f5tmete tootmine<\/strong><\/h3>\n<ul>\n<li><strong>Uute autov\u00f5tmete valmistamine, v\u00f5tmete programmeerimine (&#8220;sidumine&#8221; autoga)<\/strong><\/li>\n<li><strong>Varem kaotatud v\u00f5tmete kustutamine auto m\u00e4lust<\/strong><\/li>\n<li><strong>S\u00fc\u00fctev\u00f5tme tootmine vastavalt lukule<\/strong><\/li>\n<li><strong>Autov\u00f5tmete remont (nuppude, kestade, mehhanismide vahetus)<\/strong><\/li>\n<li><strong>Autode avamine h\u00e4daolukorras<\/strong><\/li>\n<li><strong>V\u00f5tmete, v\u00f5tmekastide kaubandus<\/strong><\/li>\n<li><strong>DPF \/ FAP tarkvara v\u00e4ljal\u00fclitamine<\/strong><\/li>\n<li><strong>Programmiline EGR eemaldamine<\/strong><\/li>\n<li><strong>Kasutust\u00f5kise tarkvara deaktiveerimine (immo Off)<\/strong><\/li>\n<li><strong>Mootori kontrollploki (ECU) remont, kloonimine, programmeerimine<\/strong><\/li>\n<li><strong>SRS (turvapadja juhtseadme programmeerimine)<\/strong><\/li>\n<\/ul>\n<h4><strong>  kaubad saadetakse 3 t\u00f6\u00f6p\u00e4eva jooksul.*<\/strong><\/h4>\n","protected":false},"featured_media":18390,"comment_status":"open","ping_status":"closed","template":"","meta":[],"product_brand":[],"product_cat":[3534,3459],"product_tag":[3562,3568,3571,3577,3536],"class_list":{"0":"post-20061","1":"product","2":"type-product","3":"status-publish","4":"has-post-thumbnail","6":"product_cat-lexus-et","7":"product_cat-votmekoored","8":"product_tag-lexus-gs300-votmekoorik","9":"product_tag-lexus-is200-votmekoorik","10":"product_tag-lexus-ls400-votmekoorik","11":"product_tag-lexus-rx300-votmekoorik","12":"product_tag-lexuse-votme-kest","14":"first","15":"instock","16":"sale","17":"shipping-taxable","18":"purchasable","19":"product-type-simple"},"yoast_head":"<!-- This site is optimized with the Yoast SEO plugin v27.3 - https:\/\/yoast.com\/product\/yoast-seo-wordpress\/ -->\n<title>V\u00f5tmekest - sobib Lexus IS200 | GS300 | LS400 | RX300 | RX400, kolm nuppu - Keys for auto%<\/title>\n<meta name=\"robots\" content=\"index, follow, max-snippet:-1, max-image-preview:large, max-video-preview:-1\" \/>\n<link rel=\"canonical\" href=\"https:\/\/keys-for-auto.eu\/et\/product\/key-shell-suitable-for-lexus-is200-gs300-ls400-rx300-rx400-three-buttons\/\" \/>\n<meta property=\"og:locale\" content=\"et_EE\" \/>\n<meta property=\"og:type\" content=\"article\" \/>\n<meta property=\"og:title\" content=\"V\u00f5tmekest - sobib Lexus IS200 | GS300 | LS400 | RX300 | RX400, kolm nuppu - Keys for auto%\" \/>\n<meta property=\"og:description\" content=\"Sobib: Lexus IS200 Lexus GS300 Lexus LS400 Lexus RX300 Lexus RX400 Autov\u00f5tmete tootmine  Uute autov\u00f5tmete valmistamine, v\u00f5tmete programmeerimine (&quot;sidumine&quot; autoga)  Varem kaotatud v\u00f5tmete kustutamine auto m\u00e4lust  S\u00fc\u00fctev\u00f5tme tootmine vastavalt lukule  Autov\u00f5tmete remont (nuppude, kestade, mehhanismide vahetus)  Autode avamine h\u00e4daolukorras  V\u00f5tmete, v\u00f5tmekastide kaubandus  DPF \/ FAP tarkvara v\u00e4ljal\u00fclitamine  Programmiline EGR eemaldamine  Kasutust\u00f5kise tarkvara deaktiveerimine (immo Off)  Mootori kontrollploki (ECU) remont, kloonimine, programmeerimine  SRS (turvapadja juhtseadme programmeerimine)  kaubad saadetakse 3 t\u00f6\u00f6p\u00e4eva jooksul.*\" \/>\n<meta property=\"og:url\" content=\"https:\/\/keys-for-auto.eu\/et\/product\/key-shell-suitable-for-lexus-is200-gs300-ls400-rx300-rx400-three-buttons\/\" \/>\n<meta property=\"og:site_name\" content=\"Keys for auto\" \/>\n<meta property=\"article:publisher\" content=\"https:\/\/www.facebook.com\/KeysForAutoEU\" \/>\n<meta name=\"twitter:card\" content=\"summary_large_image\" \/>\n<meta name=\"twitter:label1\" content=\"Est. reading time\" \/>\n\t<meta name=\"twitter:data1\" content=\"2 minutit\" \/>\n<script type=\"application\/ld+json\" class=\"yoast-schema-graph\">{\"@context\":\"https:\\\/\\\/schema.org\",\"@graph\":[{\"@type\":[\"WebPage\",\"ItemPage\"],\"@id\":\"https:\\\/\\\/keys-for-auto.eu\\\/et\\\/product\\\/key-shell-suitable-for-lexus-is200-gs300-ls400-rx300-rx400-three-buttons\\\/\",\"url\":\"https:\\\/\\\/keys-for-auto.eu\\\/et\\\/product\\\/key-shell-suitable-for-lexus-is200-gs300-ls400-rx300-rx400-three-buttons\\\/\",\"name\":\"V\u00f5tmekest - sobib Lexus IS200 | GS300 | LS400 | RX300 | RX400, kolm nuppu - Keys for auto%\",\"isPartOf\":{\"@id\":\"https:\\\/\\\/keys-for-auto.eu\\\/et\\\/#website\"},\"primaryImageOfPage\":{\"@id\":\"https:\\\/\\\/keys-for-auto.eu\\\/et\\\/product\\\/key-shell-suitable-for-lexus-is200-gs300-ls400-rx300-rx400-three-buttons\\\/#primaryimage\"},\"image\":{\"@id\":\"https:\\\/\\\/keys-for-auto.eu\\\/et\\\/product\\\/key-shell-suitable-for-lexus-is200-gs300-ls400-rx300-rx400-three-buttons\\\/#primaryimage\"},\"thumbnailUrl\":\"\",\"datePublished\":\"2016-04-02T09:50:48+00:00\",\"breadcrumb\":{\"@id\":\"https:\\\/\\\/keys-for-auto.eu\\\/et\\\/product\\\/key-shell-suitable-for-lexus-is200-gs300-ls400-rx300-rx400-three-buttons\\\/#breadcrumb\"},\"inLanguage\":\"et\",\"potentialAction\":[{\"@type\":\"ReadAction\",\"target\":[\"https:\\\/\\\/keys-for-auto.eu\\\/et\\\/product\\\/key-shell-suitable-for-lexus-is200-gs300-ls400-rx300-rx400-three-buttons\\\/\"]}]},{\"@type\":\"ImageObject\",\"inLanguage\":\"et\",\"@id\":\"https:\\\/\\\/keys-for-auto.eu\\\/et\\\/product\\\/key-shell-suitable-for-lexus-is200-gs300-ls400-rx300-rx400-three-buttons\\\/#primaryimage\",\"url\":\"\",\"contentUrl\":\"\",\"caption\":\"V\u00f5tmekest - sobib Lexus IS200 | GS300 | LS400 | RX300 | RX400, kolm nuppu\"},{\"@type\":\"BreadcrumbList\",\"@id\":\"https:\\\/\\\/keys-for-auto.eu\\\/et\\\/product\\\/key-shell-suitable-for-lexus-is200-gs300-ls400-rx300-rx400-three-buttons\\\/#breadcrumb\",\"itemListElement\":[{\"@type\":\"ListItem\",\"position\":1,\"name\":\"Kodu\",\"item\":\"https:\\\/\\\/keys-for-auto.eu\\\/et\\\/\"},{\"@type\":\"ListItem\",\"position\":2,\"name\":\"Shop\",\"item\":\"https:\\\/\\\/keys-for-auto.eu\\\/\"},{\"@type\":\"ListItem\",\"position\":3,\"name\":\"V\u00f5tmekest &#8211; sobib Lexus IS200 | GS300 | LS400 | RX300 | RX400, kolm nuppu\"}]},{\"@type\":\"WebSite\",\"@id\":\"https:\\\/\\\/keys-for-auto.eu\\\/et\\\/#website\",\"url\":\"https:\\\/\\\/keys-for-auto.eu\\\/et\\\/\",\"name\":\"Keys for auto\",\"description\":\"Car keys,  key shells, key programming\",\"publisher\":{\"@id\":\"https:\\\/\\\/keys-for-auto.eu\\\/et\\\/#organization\"},\"potentialAction\":[{\"@type\":\"SearchAction\",\"target\":{\"@type\":\"EntryPoint\",\"urlTemplate\":\"https:\\\/\\\/keys-for-auto.eu\\\/et\\\/?s={search_term_string}\"},\"query-input\":{\"@type\":\"PropertyValueSpecification\",\"valueRequired\":true,\"valueName\":\"search_term_string\"}}],\"inLanguage\":\"et\"},{\"@type\":\"Organization\",\"@id\":\"https:\\\/\\\/keys-for-auto.eu\\\/et\\\/#organization\",\"name\":\"Auto v\u00f5tmed\",\"url\":\"https:\\\/\\\/keys-for-auto.eu\\\/et\\\/\",\"logo\":{\"@type\":\"ImageObject\",\"inLanguage\":\"et\",\"@id\":\"https:\\\/\\\/keys-for-auto.eu\\\/et\\\/#\\\/schema\\\/logo\\\/image\\\/\",\"url\":\"https:\\\/\\\/keys-for-auto.eu\\\/wp-content\\\/uploads\\\/2022\\\/11\\\/cropped-png1.png\",\"contentUrl\":\"https:\\\/\\\/keys-for-auto.eu\\\/wp-content\\\/uploads\\\/2022\\\/11\\\/cropped-png1.png\",\"width\":1000,\"height\":342,\"caption\":\"Auto v\u00f5tmed\"},\"image\":{\"@id\":\"https:\\\/\\\/keys-for-auto.eu\\\/et\\\/#\\\/schema\\\/logo\\\/image\\\/\"},\"sameAs\":[\"https:\\\/\\\/www.facebook.com\\\/KeysForAutoEU\"]}]}<\/script>\n<!-- \/ Yoast SEO plugin. -->","yoast_head_json":{"title":"V\u00f5tmekest - sobib Lexus IS200 | GS300 | LS400 | RX300 | RX400, kolm nuppu - Keys for auto%","robots":{"index":"index","follow":"follow","max-snippet":"max-snippet:-1","max-image-preview":"max-image-preview:large","max-video-preview":"max-video-preview:-1"},"canonical":"https:\/\/keys-for-auto.eu\/et\/product\/key-shell-suitable-for-lexus-is200-gs300-ls400-rx300-rx400-three-buttons\/","og_locale":"et_EE","og_type":"article","og_title":"V\u00f5tmekest - sobib Lexus IS200 | GS300 | LS400 | RX300 | RX400, kolm nuppu - Keys for auto%","og_description":"Sobib: Lexus IS200 Lexus GS300 Lexus LS400 Lexus RX300 Lexus RX400 Autov\u00f5tmete tootmine  Uute autov\u00f5tmete valmistamine, v\u00f5tmete programmeerimine (\"sidumine\" autoga)  Varem kaotatud v\u00f5tmete kustutamine auto m\u00e4lust  S\u00fc\u00fctev\u00f5tme tootmine vastavalt lukule  Autov\u00f5tmete remont (nuppude, kestade, mehhanismide vahetus)  Autode avamine h\u00e4daolukorras  V\u00f5tmete, v\u00f5tmekastide kaubandus  DPF \/ FAP tarkvara v\u00e4ljal\u00fclitamine  Programmiline EGR eemaldamine  Kasutust\u00f5kise tarkvara deaktiveerimine (immo Off)  Mootori kontrollploki (ECU) remont, kloonimine, programmeerimine  SRS (turvapadja juhtseadme programmeerimine)  kaubad saadetakse 3 t\u00f6\u00f6p\u00e4eva jooksul.*","og_url":"https:\/\/keys-for-auto.eu\/et\/product\/key-shell-suitable-for-lexus-is200-gs300-ls400-rx300-rx400-three-buttons\/","og_site_name":"Keys for auto","article_publisher":"https:\/\/www.facebook.com\/KeysForAutoEU","twitter_card":"summary_large_image","twitter_misc":{"Est. reading time":"2 minutit"},"schema":{"@context":"https:\/\/schema.org","@graph":[{"@type":["WebPage","ItemPage"],"@id":"https:\/\/keys-for-auto.eu\/et\/product\/key-shell-suitable-for-lexus-is200-gs300-ls400-rx300-rx400-three-buttons\/","url":"https:\/\/keys-for-auto.eu\/et\/product\/key-shell-suitable-for-lexus-is200-gs300-ls400-rx300-rx400-three-buttons\/","name":"V\u00f5tmekest - sobib Lexus IS200 | GS300 | LS400 | RX300 | RX400, kolm nuppu - Keys for auto%","isPartOf":{"@id":"https:\/\/keys-for-auto.eu\/et\/#website"},"primaryImageOfPage":{"@id":"https:\/\/keys-for-auto.eu\/et\/product\/key-shell-suitable-for-lexus-is200-gs300-ls400-rx300-rx400-three-buttons\/#primaryimage"},"image":{"@id":"https:\/\/keys-for-auto.eu\/et\/product\/key-shell-suitable-for-lexus-is200-gs300-ls400-rx300-rx400-three-buttons\/#primaryimage"},"thumbnailUrl":"","datePublished":"2016-04-02T09:50:48+00:00","breadcrumb":{"@id":"https:\/\/keys-for-auto.eu\/et\/product\/key-shell-suitable-for-lexus-is200-gs300-ls400-rx300-rx400-three-buttons\/#breadcrumb"},"inLanguage":"et","potentialAction":[{"@type":"ReadAction","target":["https:\/\/keys-for-auto.eu\/et\/product\/key-shell-suitable-for-lexus-is200-gs300-ls400-rx300-rx400-three-buttons\/"]}]},{"@type":"ImageObject","inLanguage":"et","@id":"https:\/\/keys-for-auto.eu\/et\/product\/key-shell-suitable-for-lexus-is200-gs300-ls400-rx300-rx400-three-buttons\/#primaryimage","url":"","contentUrl":"","caption":"V\u00f5tmekest - sobib Lexus IS200 | GS300 | LS400 | RX300 | RX400, kolm nuppu"},{"@type":"BreadcrumbList","@id":"https:\/\/keys-for-auto.eu\/et\/product\/key-shell-suitable-for-lexus-is200-gs300-ls400-rx300-rx400-three-buttons\/#breadcrumb","itemListElement":[{"@type":"ListItem","position":1,"name":"Kodu","item":"https:\/\/keys-for-auto.eu\/et\/"},{"@type":"ListItem","position":2,"name":"Shop","item":"https:\/\/keys-for-auto.eu\/"},{"@type":"ListItem","position":3,"name":"V\u00f5tmekest &#8211; sobib Lexus IS200 | GS300 | LS400 | RX300 | RX400, kolm nuppu"}]},{"@type":"WebSite","@id":"https:\/\/keys-for-auto.eu\/et\/#website","url":"https:\/\/keys-for-auto.eu\/et\/","name":"Keys for auto","description":"Car keys,  key shells, key programming","publisher":{"@id":"https:\/\/keys-for-auto.eu\/et\/#organization"},"potentialAction":[{"@type":"SearchAction","target":{"@type":"EntryPoint","urlTemplate":"https:\/\/keys-for-auto.eu\/et\/?s={search_term_string}"},"query-input":{"@type":"PropertyValueSpecification","valueRequired":true,"valueName":"search_term_string"}}],"inLanguage":"et"},{"@type":"Organization","@id":"https:\/\/keys-for-auto.eu\/et\/#organization","name":"Auto v\u00f5tmed","url":"https:\/\/keys-for-auto.eu\/et\/","logo":{"@type":"ImageObject","inLanguage":"et","@id":"https:\/\/keys-for-auto.eu\/et\/#\/schema\/logo\/image\/","url":"https:\/\/keys-for-auto.eu\/wp-content\/uploads\/2022\/11\/cropped-png1.png","contentUrl":"https:\/\/keys-for-auto.eu\/wp-content\/uploads\/2022\/11\/cropped-png1.png","width":1000,"height":342,"caption":"Auto v\u00f5tmed"},"image":{"@id":"https:\/\/keys-for-auto.eu\/et\/#\/schema\/logo\/image\/"},"sameAs":["https:\/\/www.facebook.com\/KeysForAutoEU"]}]}},"_links":{"self":[{"href":"https:\/\/keys-for-auto.eu\/et\/wp-json\/wp\/v2\/product\/20061","targetHints":{"allow":["GET"]}}],"collection":[{"href":"https:\/\/keys-for-auto.eu\/et\/wp-json\/wp\/v2\/product"}],"about":[{"href":"https:\/\/keys-for-auto.eu\/et\/wp-json\/wp\/v2\/types\/product"}],"replies":[{"embeddable":true,"href":"https:\/\/keys-for-auto.eu\/et\/wp-json\/wp\/v2\/comments?post=20061"}],"wp:featuredmedia":[{"embeddable":true,"href":"https:\/\/keys-for-auto.eu\/et\/wp-json\/wp\/v2\/media\/18390"}],"wp:attachment":[{"href":"https:\/\/keys-for-auto.eu\/et\/wp-json\/wp\/v2\/media?parent=20061"}],"wp:term":[{"taxonomy":"product_brand","embeddable":true,"href":"https:\/\/keys-for-auto.eu\/et\/wp-json\/wp\/v2\/product_brand?post=20061"},{"taxonomy":"product_cat","embeddable":true,"href":"https:\/\/keys-for-auto.eu\/et\/wp-json\/wp\/v2\/product_cat?post=20061"},{"taxonomy":"product_tag","embeddable":true,"href":"https:\/\/keys-for-auto.eu\/et\/wp-json\/wp\/v2\/product_tag?post=20061"}],"curies":[{"name":"wp","href":"https:\/\/api.w.org\/{rel}","templated":true}]}}