{"id":20055,"date":"2016-04-02T09:55:00","date_gmt":"2016-04-02T09:55:00","guid":{"rendered":"https:\/\/keys-for-auto.eu\/product\/sobib-mazdale-kahe-nupuga-votmekorpuse-ulemine-osa-ilma-votme-terata\/"},"modified":"2016-04-02T09:55:00","modified_gmt":"2016-04-02T09:55:00","slug":"sobib-mazda-kaks-nuppu-korgema-osa-voti-korpuse-voti-tahvli-tahvli-tahvlile","status":"publish","type":"product","link":"https:\/\/keys-for-auto.eu\/et\/product\/sobib-mazda-kaks-nuppu-korgema-osa-voti-korpuse-voti-tahvli-tahvli-tahvlile\/","title":{"rendered":"Sobib Mazdale &#8211; kahe nupuga, v\u00f5tmekorpuse \u00fclemine osa (ilma v\u00f5tme terata)"},"content":{"rendered":"<h2><strong>Sobib Mazdale &#8211; kahe nupuga, v\u00f5tmekorpuse \u00fclemine osa (ilma v\u00f5tme terata)<\/strong><\/h2>\n<p>Tutvustame Mazda mudeli kahe nupuga v\u00f5tmekorpuse \u00fclemist osa, ilma terata. See sobib Mazda mudelitele, millel on kahe nupuga v\u00f5tmekest.<\/p>\n<p>V\u00f5tmekoored on olulised, et teie v\u00f5ti teeniks teid korralikult. Need peavad olema heas seisukorras, mitte purunenud, l\u00f5hutud v\u00f5i muul viisil kahjustatud. Seega pakume taskukohast asendust teie vanale Mazda v\u00f5tmekarbile. Siiski on oluline meeles pidada, et auto v\u00f5tme programmeerimine on oluline ka teie auto t\u00f6\u00f6kvaliteedi seisukohast. Lisaks v\u00f5tmekastide ja kaugjuhtimispuldi v\u00f5tmete m\u00fc\u00fcgile programmeerime ka v\u00f5tmeid.<\/p>\n<p>Teeme seda kiiresti, professionaalselt ja k\u00f5rgetasemeliselt ning garanteerime oma t\u00f6\u00f6 ja tooted, sest austame klienti ja l\u00e4htume p\u00f5him\u00f5ttest, et igal m\u00fc\u00fcdaval tootel v\u00f5i teenusel peab olema kvaliteedisertifikaat. V\u00f5i ehk on teil nii Renault kui ka Mazda v\u00f5i m\u00f5tlete selle prantsuse iluduse ostmisele tulevikus? Me saame ka selles aidata, sest me m\u00fc\u00fcme Renault s\u00fc\u00fctekaarte ja me saame need teie autole paigaldada ja remontida.<\/p>\n<p>Me programmeerime v\u00f5tmed . Me teeme seda vastutustundlikult ja austusega oma kutseala vastu. Meie tehnikud t\u00e4iendavad pidevalt oma oskusi peamiste tootjate seminaridel ja kursustel. Meie t\u00f6\u00f6s kasutatavat tehnoloogiat t\u00e4iustatakse pidevalt, et tagada autov\u00f5tmete programmeerimine kvaliteetselt ja t\u00f5husalt.<\/p>\n<p>V\u00f5tmete valmistamine on muutumas \u00fcha populaarsemaks teenuseks. Seet\u00f5ttu on oluline, et te ei teeks oma valikus viga. Kui vajate uut v\u00f5tmekest v\u00f5i puldi v\u00f5tit v\u00f5i kui soovite oma auto v\u00f5tmed programmeerida &#8211; loota meile! Me oleme siin, et aidata!<\/p>\n","protected":false},"excerpt":{"rendered":"<p><em><strong>Sobib Mazda mudelitele, millel on kahe nupuga v\u00f5tmekoored.<\/strong><\/em><\/p>\n<h3><strong>Autov\u00f5tmete tootmine<\/strong><\/h3>\n<ul>\n<li><strong>Uute autov\u00f5tmete valmistamine, v\u00f5tmete programmeerimine (&#8220;sidumine&#8221; autoga)<\/strong><\/li>\n<li><strong>Varem kaotatud v\u00f5tmete kustutamine auto m\u00e4lust<\/strong><\/li>\n<li><strong>S\u00fc\u00fctev\u00f5tme tootmine vastavalt lukule<\/strong><\/li>\n<li><strong>Autov\u00f5tmete remont (nuppude, kestade, mehhanismide vahetus)<\/strong><\/li>\n<li><strong>Autode avamine h\u00e4daolukorras<\/strong><\/li>\n<li><strong>V\u00f5tmete, v\u00f5tmekastide kaubandus<\/strong><\/li>\n<li><strong>DPF \/ FAP tarkvara v\u00e4ljal\u00fclitamine<\/strong><\/li>\n<li><strong>Programmiline EGR eemaldamine<\/strong><\/li>\n<li><strong>Kasutust\u00f5kise tarkvara deaktiveerimine (immo Off)<\/strong><\/li>\n<li><strong>Mootori kontrollploki (ECU) remont, kloonimine, programmeerimine<\/strong><\/li>\n<li><strong>SRS (turvapadja juhtseadme programmeerimine)<\/strong><\/li>\n<\/ul>\n<h4><strong>  kaubad saadetakse 3 t\u00f6\u00f6p\u00e4eva jooksul.*<\/strong><\/h4>\n","protected":false},"featured_media":18540,"comment_status":"open","ping_status":"closed","template":"","meta":[],"product_brand":[],"product_cat":[3530,3459],"product_tag":[3544,3535],"class_list":{"0":"post-20055","1":"product","2":"type-product","3":"status-publish","4":"has-post-thumbnail","6":"product_cat-mazda-et","7":"product_cat-votmekoored","8":"product_tag-mazda-3-votme-kest","9":"product_tag-mazda-votme-kest","11":"first","12":"instock","13":"sale","14":"shipping-taxable","15":"purchasable","16":"product-type-simple"},"yoast_head":"<!-- This site is optimized with the Yoast SEO plugin v27.3 - https:\/\/yoast.com\/product\/yoast-seo-wordpress\/ -->\n<title>Sobib Mazdale - kahe nupuga, v\u00f5tmekorpuse \u00fclemine osa (ilma v\u00f5tme terata) - Keys for auto%<\/title>\n<meta name=\"robots\" content=\"index, follow, max-snippet:-1, max-image-preview:large, max-video-preview:-1\" \/>\n<link rel=\"canonical\" href=\"https:\/\/keys-for-auto.eu\/et\/product\/sobib-mazda-kaks-nuppu-korgema-osa-voti-korpuse-voti-tahvli-tahvli-tahvlile\/\" \/>\n<meta property=\"og:locale\" content=\"et_EE\" \/>\n<meta property=\"og:type\" content=\"article\" \/>\n<meta property=\"og:title\" content=\"Sobib Mazdale - kahe nupuga, v\u00f5tmekorpuse \u00fclemine osa (ilma v\u00f5tme terata) - Keys for auto%\" \/>\n<meta property=\"og:description\" content=\"Sobib Mazda mudelitele, millel on kahe nupuga v\u00f5tmekoored. Autov\u00f5tmete tootmine  Uute autov\u00f5tmete valmistamine, v\u00f5tmete programmeerimine (&quot;sidumine&quot; autoga)  Varem kaotatud v\u00f5tmete kustutamine auto m\u00e4lust  S\u00fc\u00fctev\u00f5tme tootmine vastavalt lukule  Autov\u00f5tmete remont (nuppude, kestade, mehhanismide vahetus)  Autode avamine h\u00e4daolukorras  V\u00f5tmete, v\u00f5tmekastide kaubandus  DPF \/ FAP tarkvara v\u00e4ljal\u00fclitamine  Programmiline EGR eemaldamine  Kasutust\u00f5kise tarkvara deaktiveerimine (immo Off)  Mootori kontrollploki (ECU) remont, kloonimine, programmeerimine  SRS (turvapadja juhtseadme programmeerimine)  kaubad saadetakse 3 t\u00f6\u00f6p\u00e4eva jooksul.*\" \/>\n<meta property=\"og:url\" content=\"https:\/\/keys-for-auto.eu\/et\/product\/sobib-mazda-kaks-nuppu-korgema-osa-voti-korpuse-voti-tahvli-tahvli-tahvlile\/\" \/>\n<meta property=\"og:site_name\" content=\"Keys for auto\" \/>\n<meta property=\"article:publisher\" content=\"https:\/\/www.facebook.com\/KeysForAutoEU\" \/>\n<meta name=\"twitter:card\" content=\"summary_large_image\" \/>\n<meta name=\"twitter:label1\" content=\"Est. reading time\" \/>\n\t<meta name=\"twitter:data1\" content=\"1 minut\" \/>\n<script type=\"application\/ld+json\" class=\"yoast-schema-graph\">{\"@context\":\"https:\\\/\\\/schema.org\",\"@graph\":[{\"@type\":[\"WebPage\",\"ItemPage\"],\"@id\":\"https:\\\/\\\/keys-for-auto.eu\\\/et\\\/product\\\/sobib-mazda-kaks-nuppu-korgema-osa-voti-korpuse-voti-tahvli-tahvli-tahvlile\\\/\",\"url\":\"https:\\\/\\\/keys-for-auto.eu\\\/et\\\/product\\\/sobib-mazda-kaks-nuppu-korgema-osa-voti-korpuse-voti-tahvli-tahvli-tahvlile\\\/\",\"name\":\"Sobib Mazdale - kahe nupuga, v\u00f5tmekorpuse \u00fclemine osa (ilma v\u00f5tme terata) - Keys for auto%\",\"isPartOf\":{\"@id\":\"https:\\\/\\\/keys-for-auto.eu\\\/et\\\/#website\"},\"primaryImageOfPage\":{\"@id\":\"https:\\\/\\\/keys-for-auto.eu\\\/et\\\/product\\\/sobib-mazda-kaks-nuppu-korgema-osa-voti-korpuse-voti-tahvli-tahvli-tahvlile\\\/#primaryimage\"},\"image\":{\"@id\":\"https:\\\/\\\/keys-for-auto.eu\\\/et\\\/product\\\/sobib-mazda-kaks-nuppu-korgema-osa-voti-korpuse-voti-tahvli-tahvli-tahvlile\\\/#primaryimage\"},\"thumbnailUrl\":\"\",\"datePublished\":\"2016-04-02T09:55:00+00:00\",\"breadcrumb\":{\"@id\":\"https:\\\/\\\/keys-for-auto.eu\\\/et\\\/product\\\/sobib-mazda-kaks-nuppu-korgema-osa-voti-korpuse-voti-tahvli-tahvli-tahvlile\\\/#breadcrumb\"},\"inLanguage\":\"et\",\"potentialAction\":[{\"@type\":\"ReadAction\",\"target\":[\"https:\\\/\\\/keys-for-auto.eu\\\/et\\\/product\\\/sobib-mazda-kaks-nuppu-korgema-osa-voti-korpuse-voti-tahvli-tahvli-tahvlile\\\/\"]}]},{\"@type\":\"ImageObject\",\"inLanguage\":\"et\",\"@id\":\"https:\\\/\\\/keys-for-auto.eu\\\/et\\\/product\\\/sobib-mazda-kaks-nuppu-korgema-osa-voti-korpuse-voti-tahvli-tahvli-tahvlile\\\/#primaryimage\",\"url\":\"\",\"contentUrl\":\"\",\"caption\":\"Sobib Mazdale - kahe nupuga, v\u00f5tmekorpuse \u00fclemine osa (ilma v\u00f5tme terata)\"},{\"@type\":\"BreadcrumbList\",\"@id\":\"https:\\\/\\\/keys-for-auto.eu\\\/et\\\/product\\\/sobib-mazda-kaks-nuppu-korgema-osa-voti-korpuse-voti-tahvli-tahvli-tahvlile\\\/#breadcrumb\",\"itemListElement\":[{\"@type\":\"ListItem\",\"position\":1,\"name\":\"Kodu\",\"item\":\"https:\\\/\\\/keys-for-auto.eu\\\/et\\\/\"},{\"@type\":\"ListItem\",\"position\":2,\"name\":\"Shop\",\"item\":\"https:\\\/\\\/keys-for-auto.eu\\\/\"},{\"@type\":\"ListItem\",\"position\":3,\"name\":\"Sobib Mazdale &#8211; kahe nupuga, v\u00f5tmekorpuse \u00fclemine osa (ilma v\u00f5tme terata)\"}]},{\"@type\":\"WebSite\",\"@id\":\"https:\\\/\\\/keys-for-auto.eu\\\/et\\\/#website\",\"url\":\"https:\\\/\\\/keys-for-auto.eu\\\/et\\\/\",\"name\":\"Keys for auto\",\"description\":\"Car keys,  key shells, key programming\",\"publisher\":{\"@id\":\"https:\\\/\\\/keys-for-auto.eu\\\/et\\\/#organization\"},\"potentialAction\":[{\"@type\":\"SearchAction\",\"target\":{\"@type\":\"EntryPoint\",\"urlTemplate\":\"https:\\\/\\\/keys-for-auto.eu\\\/et\\\/?s={search_term_string}\"},\"query-input\":{\"@type\":\"PropertyValueSpecification\",\"valueRequired\":true,\"valueName\":\"search_term_string\"}}],\"inLanguage\":\"et\"},{\"@type\":\"Organization\",\"@id\":\"https:\\\/\\\/keys-for-auto.eu\\\/et\\\/#organization\",\"name\":\"Auto v\u00f5tmed\",\"url\":\"https:\\\/\\\/keys-for-auto.eu\\\/et\\\/\",\"logo\":{\"@type\":\"ImageObject\",\"inLanguage\":\"et\",\"@id\":\"https:\\\/\\\/keys-for-auto.eu\\\/et\\\/#\\\/schema\\\/logo\\\/image\\\/\",\"url\":\"https:\\\/\\\/keys-for-auto.eu\\\/wp-content\\\/uploads\\\/2022\\\/11\\\/cropped-png1.png\",\"contentUrl\":\"https:\\\/\\\/keys-for-auto.eu\\\/wp-content\\\/uploads\\\/2022\\\/11\\\/cropped-png1.png\",\"width\":1000,\"height\":342,\"caption\":\"Auto v\u00f5tmed\"},\"image\":{\"@id\":\"https:\\\/\\\/keys-for-auto.eu\\\/et\\\/#\\\/schema\\\/logo\\\/image\\\/\"},\"sameAs\":[\"https:\\\/\\\/www.facebook.com\\\/KeysForAutoEU\"]}]}<\/script>\n<!-- \/ Yoast SEO plugin. -->","yoast_head_json":{"title":"Sobib Mazdale - kahe nupuga, v\u00f5tmekorpuse \u00fclemine osa (ilma v\u00f5tme terata) - Keys for auto%","robots":{"index":"index","follow":"follow","max-snippet":"max-snippet:-1","max-image-preview":"max-image-preview:large","max-video-preview":"max-video-preview:-1"},"canonical":"https:\/\/keys-for-auto.eu\/et\/product\/sobib-mazda-kaks-nuppu-korgema-osa-voti-korpuse-voti-tahvli-tahvli-tahvlile\/","og_locale":"et_EE","og_type":"article","og_title":"Sobib Mazdale - kahe nupuga, v\u00f5tmekorpuse \u00fclemine osa (ilma v\u00f5tme terata) - Keys for auto%","og_description":"Sobib Mazda mudelitele, millel on kahe nupuga v\u00f5tmekoored. Autov\u00f5tmete tootmine  Uute autov\u00f5tmete valmistamine, v\u00f5tmete programmeerimine (\"sidumine\" autoga)  Varem kaotatud v\u00f5tmete kustutamine auto m\u00e4lust  S\u00fc\u00fctev\u00f5tme tootmine vastavalt lukule  Autov\u00f5tmete remont (nuppude, kestade, mehhanismide vahetus)  Autode avamine h\u00e4daolukorras  V\u00f5tmete, v\u00f5tmekastide kaubandus  DPF \/ FAP tarkvara v\u00e4ljal\u00fclitamine  Programmiline EGR eemaldamine  Kasutust\u00f5kise tarkvara deaktiveerimine (immo Off)  Mootori kontrollploki (ECU) remont, kloonimine, programmeerimine  SRS (turvapadja juhtseadme programmeerimine)  kaubad saadetakse 3 t\u00f6\u00f6p\u00e4eva jooksul.*","og_url":"https:\/\/keys-for-auto.eu\/et\/product\/sobib-mazda-kaks-nuppu-korgema-osa-voti-korpuse-voti-tahvli-tahvli-tahvlile\/","og_site_name":"Keys for auto","article_publisher":"https:\/\/www.facebook.com\/KeysForAutoEU","twitter_card":"summary_large_image","twitter_misc":{"Est. reading time":"1 minut"},"schema":{"@context":"https:\/\/schema.org","@graph":[{"@type":["WebPage","ItemPage"],"@id":"https:\/\/keys-for-auto.eu\/et\/product\/sobib-mazda-kaks-nuppu-korgema-osa-voti-korpuse-voti-tahvli-tahvli-tahvlile\/","url":"https:\/\/keys-for-auto.eu\/et\/product\/sobib-mazda-kaks-nuppu-korgema-osa-voti-korpuse-voti-tahvli-tahvli-tahvlile\/","name":"Sobib Mazdale - kahe nupuga, v\u00f5tmekorpuse \u00fclemine osa (ilma v\u00f5tme terata) - Keys for auto%","isPartOf":{"@id":"https:\/\/keys-for-auto.eu\/et\/#website"},"primaryImageOfPage":{"@id":"https:\/\/keys-for-auto.eu\/et\/product\/sobib-mazda-kaks-nuppu-korgema-osa-voti-korpuse-voti-tahvli-tahvli-tahvlile\/#primaryimage"},"image":{"@id":"https:\/\/keys-for-auto.eu\/et\/product\/sobib-mazda-kaks-nuppu-korgema-osa-voti-korpuse-voti-tahvli-tahvli-tahvlile\/#primaryimage"},"thumbnailUrl":"","datePublished":"2016-04-02T09:55:00+00:00","breadcrumb":{"@id":"https:\/\/keys-for-auto.eu\/et\/product\/sobib-mazda-kaks-nuppu-korgema-osa-voti-korpuse-voti-tahvli-tahvli-tahvlile\/#breadcrumb"},"inLanguage":"et","potentialAction":[{"@type":"ReadAction","target":["https:\/\/keys-for-auto.eu\/et\/product\/sobib-mazda-kaks-nuppu-korgema-osa-voti-korpuse-voti-tahvli-tahvli-tahvlile\/"]}]},{"@type":"ImageObject","inLanguage":"et","@id":"https:\/\/keys-for-auto.eu\/et\/product\/sobib-mazda-kaks-nuppu-korgema-osa-voti-korpuse-voti-tahvli-tahvli-tahvlile\/#primaryimage","url":"","contentUrl":"","caption":"Sobib Mazdale - kahe nupuga, v\u00f5tmekorpuse \u00fclemine osa (ilma v\u00f5tme terata)"},{"@type":"BreadcrumbList","@id":"https:\/\/keys-for-auto.eu\/et\/product\/sobib-mazda-kaks-nuppu-korgema-osa-voti-korpuse-voti-tahvli-tahvli-tahvlile\/#breadcrumb","itemListElement":[{"@type":"ListItem","position":1,"name":"Kodu","item":"https:\/\/keys-for-auto.eu\/et\/"},{"@type":"ListItem","position":2,"name":"Shop","item":"https:\/\/keys-for-auto.eu\/"},{"@type":"ListItem","position":3,"name":"Sobib Mazdale &#8211; kahe nupuga, v\u00f5tmekorpuse \u00fclemine osa (ilma v\u00f5tme terata)"}]},{"@type":"WebSite","@id":"https:\/\/keys-for-auto.eu\/et\/#website","url":"https:\/\/keys-for-auto.eu\/et\/","name":"Keys for auto","description":"Car keys,  key shells, key programming","publisher":{"@id":"https:\/\/keys-for-auto.eu\/et\/#organization"},"potentialAction":[{"@type":"SearchAction","target":{"@type":"EntryPoint","urlTemplate":"https:\/\/keys-for-auto.eu\/et\/?s={search_term_string}"},"query-input":{"@type":"PropertyValueSpecification","valueRequired":true,"valueName":"search_term_string"}}],"inLanguage":"et"},{"@type":"Organization","@id":"https:\/\/keys-for-auto.eu\/et\/#organization","name":"Auto v\u00f5tmed","url":"https:\/\/keys-for-auto.eu\/et\/","logo":{"@type":"ImageObject","inLanguage":"et","@id":"https:\/\/keys-for-auto.eu\/et\/#\/schema\/logo\/image\/","url":"https:\/\/keys-for-auto.eu\/wp-content\/uploads\/2022\/11\/cropped-png1.png","contentUrl":"https:\/\/keys-for-auto.eu\/wp-content\/uploads\/2022\/11\/cropped-png1.png","width":1000,"height":342,"caption":"Auto v\u00f5tmed"},"image":{"@id":"https:\/\/keys-for-auto.eu\/et\/#\/schema\/logo\/image\/"},"sameAs":["https:\/\/www.facebook.com\/KeysForAutoEU"]}]}},"_links":{"self":[{"href":"https:\/\/keys-for-auto.eu\/et\/wp-json\/wp\/v2\/product\/20055","targetHints":{"allow":["GET"]}}],"collection":[{"href":"https:\/\/keys-for-auto.eu\/et\/wp-json\/wp\/v2\/product"}],"about":[{"href":"https:\/\/keys-for-auto.eu\/et\/wp-json\/wp\/v2\/types\/product"}],"replies":[{"embeddable":true,"href":"https:\/\/keys-for-auto.eu\/et\/wp-json\/wp\/v2\/comments?post=20055"}],"wp:featuredmedia":[{"embeddable":true,"href":"https:\/\/keys-for-auto.eu\/et\/wp-json\/wp\/v2\/media\/18540"}],"wp:attachment":[{"href":"https:\/\/keys-for-auto.eu\/et\/wp-json\/wp\/v2\/media?parent=20055"}],"wp:term":[{"taxonomy":"product_brand","embeddable":true,"href":"https:\/\/keys-for-auto.eu\/et\/wp-json\/wp\/v2\/product_brand?post=20055"},{"taxonomy":"product_cat","embeddable":true,"href":"https:\/\/keys-for-auto.eu\/et\/wp-json\/wp\/v2\/product_cat?post=20055"},{"taxonomy":"product_tag","embeddable":true,"href":"https:\/\/keys-for-auto.eu\/et\/wp-json\/wp\/v2\/product_tag?post=20055"}],"curies":[{"name":"wp","href":"https:\/\/api.w.org\/{rel}","templated":true}]}}