{"id":17055,"date":"2023-01-05T13:59:07","date_gmt":"2023-01-05T13:59:07","guid":{"rendered":"https:\/\/keys-for-auto.eu\/tagastused-ja-tagasimaksed\/"},"modified":"2023-02-15T21:04:01","modified_gmt":"2023-02-15T21:04:01","slug":"tagastused-ja-tagasimaksed","status":"publish","type":"page","link":"https:\/\/keys-for-auto.eu\/et\/tagastused-ja-tagasimaksed\/","title":{"rendered":"Tagastused ja tagasimaksed"},"content":{"rendered":"\n<h3 class=\"wp-block-heading\">Kvaliteetsete kaupade tagastamine<\/h3>\n\n<p>Kui toode ei meeldi, v\u00f5ite selle tagastada 14 kalendrip\u00e4eva jooksul p\u00e4rast kohaletoimetamist. V\u00f5ite tagastada toote ainult kasutamata, kahjustamata ja heas korras. Tagastatav toode peab olema t\u00e4ielik (etikett peab olema puutumata ja kaitsekile eemaldamata) ja originaalpakendis. Tagastatud toode peab olema samas seisukorras, nagu ostja selle k\u00e4tte sai.<\/p>\n\n<p>Kui oleme toote k\u00e4tte saanud, edastame selle teile kvaliteedi hindamiseks. Kui toode on kasutamata, kahjustamata ja v\u00e4limuselt sisuliselt muutumatu, tagastatakse teie raha hiljemalt 2 n\u00e4dala jooksul.<\/p>\n\n<h2 class=\"wp-block-heading\">Defektsete kaupade tagastamine<\/h2>\n\n<p>Kui olete saanud defektse toote, on teil \u00f5igus see tagastada. See ei h\u00f5lma kaupu, mis ei ole objektiivselt defektsed v\u00f5i mis on ostja poolt eba\u00f5ige ladustamise v\u00f5i kasutamise tulemus. Kui toode tagastatakse puuduliku kvaliteedi t\u00f5ttu, peab keys-automobiliams.lt oma kulul asendama puuduliku toote sobiva kvaliteediga tootega v\u00f5i tagastama toote eest makstud raha. Raha tuleb tagastada hiljemalt 2 n\u00e4dala jooksul alates tagastamise kuup\u00e4evast.<\/p>\n\n<p>M\u00fc\u00fcjal on \u00f5igus muuta tingimusi igal ajal ilma eelneva etteteatamiseta.<\/p>\n\n<p>P\u00e4rast kauba k\u00e4ttesaamist edastame selle kvaliteedi hindamiseks. Kui kaup on kasutamata, kahjustamata ja v\u00e4limuselt sisuliselt muutumatu, tagastatakse teile raha 2 n\u00e4dala jooksul.<\/p>\n","protected":false},"excerpt":{"rendered":"<p>Kvaliteetsete kaupade tagastamine Kui toode ei meeldi, v\u00f5ite selle tagastada 14 kalendrip\u00e4eva jooksul p\u00e4rast kohaletoimetamist. V\u00f5ite tagastada toote ainult kasutamata, kahjustamata ja heas korras. Tagastatav toode peab olema t\u00e4ielik (etikett peab olema puutumata ja kaitsekile eemaldamata) ja originaalpakendis. Tagastatud toode peab olema samas seisukorras, nagu ostja selle k\u00e4tte sai. Kui oleme toote k\u00e4tte saanud, edastame [&hellip;]<\/p>\n","protected":false},"author":1,"featured_media":0,"parent":0,"menu_order":0,"comment_status":"closed","ping_status":"closed","template":"","meta":{"footnotes":""},"class_list":["post-17055","page","type-page","status-publish","hentry"],"yoast_head":"<!-- This site is optimized with the Yoast SEO plugin v27.5 - https:\/\/yoast.com\/product\/yoast-seo-wordpress\/ -->\n<title>Tagastused ja tagasimaksed - Keys for auto%<\/title>\n<meta name=\"robots\" content=\"index, follow, max-snippet:-1, max-image-preview:large, max-video-preview:-1\" \/>\n<link rel=\"canonical\" href=\"https:\/\/keys-for-auto.eu\/et\/tagastused-ja-tagasimaksed\/\" \/>\n<meta property=\"og:locale\" content=\"et_EE\" \/>\n<meta property=\"og:type\" content=\"article\" \/>\n<meta property=\"og:title\" content=\"Tagastused ja tagasimaksed - Keys for auto%\" \/>\n<meta property=\"og:description\" content=\"Kvaliteetsete kaupade tagastamine Kui toode ei meeldi, v\u00f5ite selle tagastada 14 kalendrip\u00e4eva jooksul p\u00e4rast kohaletoimetamist. V\u00f5ite tagastada toote ainult kasutamata, kahjustamata ja heas korras. Tagastatav toode peab olema t\u00e4ielik (etikett peab olema puutumata ja kaitsekile eemaldamata) ja originaalpakendis. Tagastatud toode peab olema samas seisukorras, nagu ostja selle k\u00e4tte sai. Kui oleme toote k\u00e4tte saanud, edastame [&hellip;]\" \/>\n<meta property=\"og:url\" content=\"https:\/\/keys-for-auto.eu\/et\/tagastused-ja-tagasimaksed\/\" \/>\n<meta property=\"og:site_name\" content=\"Keys for auto\" \/>\n<meta property=\"article:publisher\" content=\"https:\/\/www.facebook.com\/KeysForAutoEU\" \/>\n<meta property=\"article:modified_time\" content=\"2023-02-15T21:04:01+00:00\" \/>\n<meta name=\"twitter:card\" content=\"summary_large_image\" \/>\n<meta name=\"twitter:label1\" content=\"Est. reading time\" \/>\n\t<meta name=\"twitter:data1\" content=\"1 minut\" \/>\n<script type=\"application\/ld+json\" class=\"yoast-schema-graph\">{\"@context\":\"https:\\\/\\\/schema.org\",\"@graph\":[{\"@type\":\"WebPage\",\"@id\":\"https:\\\/\\\/keys-for-auto.eu\\\/et\\\/tagastused-ja-tagasimaksed\\\/\",\"url\":\"https:\\\/\\\/keys-for-auto.eu\\\/et\\\/tagastused-ja-tagasimaksed\\\/\",\"name\":\"Tagastused ja tagasimaksed - Keys for auto%\",\"isPartOf\":{\"@id\":\"https:\\\/\\\/keys-for-auto.eu\\\/et\\\/#website\"},\"datePublished\":\"2023-01-05T13:59:07+00:00\",\"dateModified\":\"2023-02-15T21:04:01+00:00\",\"breadcrumb\":{\"@id\":\"https:\\\/\\\/keys-for-auto.eu\\\/et\\\/tagastused-ja-tagasimaksed\\\/#breadcrumb\"},\"inLanguage\":\"et\",\"potentialAction\":[{\"@type\":\"ReadAction\",\"target\":[\"https:\\\/\\\/keys-for-auto.eu\\\/et\\\/tagastused-ja-tagasimaksed\\\/\"]}]},{\"@type\":\"BreadcrumbList\",\"@id\":\"https:\\\/\\\/keys-for-auto.eu\\\/et\\\/tagastused-ja-tagasimaksed\\\/#breadcrumb\",\"itemListElement\":[{\"@type\":\"ListItem\",\"position\":1,\"name\":\"Kodu\",\"item\":\"https:\\\/\\\/keys-for-auto.eu\\\/et\\\/\"},{\"@type\":\"ListItem\",\"position\":2,\"name\":\"Tagastused ja tagasimaksed\"}]},{\"@type\":\"WebSite\",\"@id\":\"https:\\\/\\\/keys-for-auto.eu\\\/et\\\/#website\",\"url\":\"https:\\\/\\\/keys-for-auto.eu\\\/et\\\/\",\"name\":\"Keys for auto\",\"description\":\"Car keys,  key shells, key programming\",\"publisher\":{\"@id\":\"https:\\\/\\\/keys-for-auto.eu\\\/et\\\/#organization\"},\"potentialAction\":[{\"@type\":\"SearchAction\",\"target\":{\"@type\":\"EntryPoint\",\"urlTemplate\":\"https:\\\/\\\/keys-for-auto.eu\\\/et\\\/?s={search_term_string}\"},\"query-input\":{\"@type\":\"PropertyValueSpecification\",\"valueRequired\":true,\"valueName\":\"search_term_string\"}}],\"inLanguage\":\"et\"},{\"@type\":\"Organization\",\"@id\":\"https:\\\/\\\/keys-for-auto.eu\\\/et\\\/#organization\",\"name\":\"Auto v\u00f5tmed\",\"url\":\"https:\\\/\\\/keys-for-auto.eu\\\/et\\\/\",\"logo\":{\"@type\":\"ImageObject\",\"inLanguage\":\"et\",\"@id\":\"https:\\\/\\\/keys-for-auto.eu\\\/et\\\/#\\\/schema\\\/logo\\\/image\\\/\",\"url\":\"https:\\\/\\\/keys-for-auto.eu\\\/wp-content\\\/uploads\\\/2022\\\/11\\\/cropped-png1.png\",\"contentUrl\":\"https:\\\/\\\/keys-for-auto.eu\\\/wp-content\\\/uploads\\\/2022\\\/11\\\/cropped-png1.png\",\"width\":1000,\"height\":342,\"caption\":\"Auto v\u00f5tmed\"},\"image\":{\"@id\":\"https:\\\/\\\/keys-for-auto.eu\\\/et\\\/#\\\/schema\\\/logo\\\/image\\\/\"},\"sameAs\":[\"https:\\\/\\\/www.facebook.com\\\/KeysForAutoEU\"]}]}<\/script>\n<!-- \/ Yoast SEO plugin. -->","yoast_head_json":{"title":"Tagastused ja tagasimaksed - Keys for auto%","robots":{"index":"index","follow":"follow","max-snippet":"max-snippet:-1","max-image-preview":"max-image-preview:large","max-video-preview":"max-video-preview:-1"},"canonical":"https:\/\/keys-for-auto.eu\/et\/tagastused-ja-tagasimaksed\/","og_locale":"et_EE","og_type":"article","og_title":"Tagastused ja tagasimaksed - Keys for auto%","og_description":"Kvaliteetsete kaupade tagastamine Kui toode ei meeldi, v\u00f5ite selle tagastada 14 kalendrip\u00e4eva jooksul p\u00e4rast kohaletoimetamist. V\u00f5ite tagastada toote ainult kasutamata, kahjustamata ja heas korras. Tagastatav toode peab olema t\u00e4ielik (etikett peab olema puutumata ja kaitsekile eemaldamata) ja originaalpakendis. Tagastatud toode peab olema samas seisukorras, nagu ostja selle k\u00e4tte sai. Kui oleme toote k\u00e4tte saanud, edastame [&hellip;]","og_url":"https:\/\/keys-for-auto.eu\/et\/tagastused-ja-tagasimaksed\/","og_site_name":"Keys for auto","article_publisher":"https:\/\/www.facebook.com\/KeysForAutoEU","article_modified_time":"2023-02-15T21:04:01+00:00","twitter_card":"summary_large_image","twitter_misc":{"Est. reading time":"1 minut"},"schema":{"@context":"https:\/\/schema.org","@graph":[{"@type":"WebPage","@id":"https:\/\/keys-for-auto.eu\/et\/tagastused-ja-tagasimaksed\/","url":"https:\/\/keys-for-auto.eu\/et\/tagastused-ja-tagasimaksed\/","name":"Tagastused ja tagasimaksed - Keys for auto%","isPartOf":{"@id":"https:\/\/keys-for-auto.eu\/et\/#website"},"datePublished":"2023-01-05T13:59:07+00:00","dateModified":"2023-02-15T21:04:01+00:00","breadcrumb":{"@id":"https:\/\/keys-for-auto.eu\/et\/tagastused-ja-tagasimaksed\/#breadcrumb"},"inLanguage":"et","potentialAction":[{"@type":"ReadAction","target":["https:\/\/keys-for-auto.eu\/et\/tagastused-ja-tagasimaksed\/"]}]},{"@type":"BreadcrumbList","@id":"https:\/\/keys-for-auto.eu\/et\/tagastused-ja-tagasimaksed\/#breadcrumb","itemListElement":[{"@type":"ListItem","position":1,"name":"Kodu","item":"https:\/\/keys-for-auto.eu\/et\/"},{"@type":"ListItem","position":2,"name":"Tagastused ja tagasimaksed"}]},{"@type":"WebSite","@id":"https:\/\/keys-for-auto.eu\/et\/#website","url":"https:\/\/keys-for-auto.eu\/et\/","name":"Keys for auto","description":"Car keys,  key shells, key programming","publisher":{"@id":"https:\/\/keys-for-auto.eu\/et\/#organization"},"potentialAction":[{"@type":"SearchAction","target":{"@type":"EntryPoint","urlTemplate":"https:\/\/keys-for-auto.eu\/et\/?s={search_term_string}"},"query-input":{"@type":"PropertyValueSpecification","valueRequired":true,"valueName":"search_term_string"}}],"inLanguage":"et"},{"@type":"Organization","@id":"https:\/\/keys-for-auto.eu\/et\/#organization","name":"Auto v\u00f5tmed","url":"https:\/\/keys-for-auto.eu\/et\/","logo":{"@type":"ImageObject","inLanguage":"et","@id":"https:\/\/keys-for-auto.eu\/et\/#\/schema\/logo\/image\/","url":"https:\/\/keys-for-auto.eu\/wp-content\/uploads\/2022\/11\/cropped-png1.png","contentUrl":"https:\/\/keys-for-auto.eu\/wp-content\/uploads\/2022\/11\/cropped-png1.png","width":1000,"height":342,"caption":"Auto v\u00f5tmed"},"image":{"@id":"https:\/\/keys-for-auto.eu\/et\/#\/schema\/logo\/image\/"},"sameAs":["https:\/\/www.facebook.com\/KeysForAutoEU"]}]}},"_links":{"self":[{"href":"https:\/\/keys-for-auto.eu\/et\/wp-json\/wp\/v2\/pages\/17055","targetHints":{"allow":["GET"]}}],"collection":[{"href":"https:\/\/keys-for-auto.eu\/et\/wp-json\/wp\/v2\/pages"}],"about":[{"href":"https:\/\/keys-for-auto.eu\/et\/wp-json\/wp\/v2\/types\/page"}],"author":[{"embeddable":true,"href":"https:\/\/keys-for-auto.eu\/et\/wp-json\/wp\/v2\/users\/1"}],"replies":[{"embeddable":true,"href":"https:\/\/keys-for-auto.eu\/et\/wp-json\/wp\/v2\/comments?post=17055"}],"version-history":[{"count":1,"href":"https:\/\/keys-for-auto.eu\/et\/wp-json\/wp\/v2\/pages\/17055\/revisions"}],"predecessor-version":[{"id":17069,"href":"https:\/\/keys-for-auto.eu\/et\/wp-json\/wp\/v2\/pages\/17055\/revisions\/17069"}],"wp:attachment":[{"href":"https:\/\/keys-for-auto.eu\/et\/wp-json\/wp\/v2\/media?parent=17055"}],"curies":[{"name":"wp","href":"https:\/\/api.w.org\/{rel}","templated":true}]}}