{"id":16998,"date":"2022-12-29T12:19:44","date_gmt":"2022-12-29T12:19:44","guid":{"rendered":"https:\/\/keys-for-auto.eu\/votke-meiega-uhendust\/"},"modified":"2023-02-15T21:04:01","modified_gmt":"2023-02-15T21:04:01","slug":"votke-meiega-uhendust","status":"publish","type":"page","link":"https:\/\/keys-for-auto.eu\/et\/votke-meiega-uhendust\/","title":{"rendered":"V\u00f5tke meiega \u00fchendust"},"content":{"rendered":"\n<h4 class=\"wp-block-heading\"><strong>KOHTUMISE AEG TULEB KOKKU LEPPIDA ENNE SAABUMIST!<\/strong><\/h4>\n\n<p>Aadress:<br\/>Alnos g. 5, Vilnius. LT-06231<\/p>\n\n<p>T\u00f6\u00f6aeg:<br\/>I-VII<br\/>10.00 &#8211; 22.00<br\/><\/p>\n\n<p>V\u00f5tke meiega \u00fchendust:<br\/>Kontakttelefon: <a href=\"tel:+370%20604%20515%2007\">+370 (604) 515 07<\/a><br\/>E-post: <a rel=\"noreferrer noopener\" href=\"https:\/\/raktai-automobiliams.lt\/susisiekti\/\" target=\"_blank\">kirjutage aadressil<\/a><\/p>\n\n<p><strong>Individuaalse tegevuse sertifikaadid NR: 616144  <\/strong><br\/>Maksimas Cucuk<br\/>key24.lt@gmail.com<\/p>\n","protected":false},"excerpt":{"rendered":"<p>KOHTUMISE AEG TULEB KOKKU LEPPIDA ENNE SAABUMIST! Aadress:Alnos g. 5, Vilnius. LT-06231 T\u00f6\u00f6aeg:I-VII10.00 &#8211; 22.00 V\u00f5tke meiega \u00fchendust:Kontakttelefon: +370 (604) 515 07E-post: kirjutage aadressil Individuaalse tegevuse sertifikaadid NR: 616144 Maksimas Cucukkey24.lt@gmail.com<\/p>\n","protected":false},"author":1,"featured_media":0,"parent":0,"menu_order":0,"comment_status":"closed","ping_status":"closed","template":"","meta":{"footnotes":""},"class_list":["post-16998","page","type-page","status-publish","hentry"],"yoast_head":"<!-- This site is optimized with the Yoast SEO plugin v27.5 - https:\/\/yoast.com\/product\/yoast-seo-wordpress\/ -->\n<title>V\u00f5tke meiega \u00fchendust - Keys for auto%<\/title>\n<meta name=\"robots\" content=\"index, follow, max-snippet:-1, max-image-preview:large, max-video-preview:-1\" \/>\n<link rel=\"canonical\" href=\"https:\/\/keys-for-auto.eu\/et\/votke-meiega-uhendust\/\" \/>\n<meta property=\"og:locale\" content=\"et_EE\" \/>\n<meta property=\"og:type\" content=\"article\" \/>\n<meta property=\"og:title\" content=\"V\u00f5tke meiega \u00fchendust - Keys for auto%\" \/>\n<meta property=\"og:description\" content=\"KOHTUMISE AEG TULEB KOKKU LEPPIDA ENNE SAABUMIST! Aadress:Alnos g. 5, Vilnius. LT-06231 T\u00f6\u00f6aeg:I-VII10.00 &#8211; 22.00 V\u00f5tke meiega \u00fchendust:Kontakttelefon: +370 (604) 515 07E-post: kirjutage aadressil Individuaalse tegevuse sertifikaadid NR: 616144 Maksimas Cucukkey24.lt@gmail.com\" \/>\n<meta property=\"og:url\" content=\"https:\/\/keys-for-auto.eu\/et\/votke-meiega-uhendust\/\" \/>\n<meta property=\"og:site_name\" content=\"Keys for auto\" \/>\n<meta property=\"article:publisher\" content=\"https:\/\/www.facebook.com\/KeysForAutoEU\" \/>\n<meta property=\"article:modified_time\" content=\"2023-02-15T21:04:01+00:00\" \/>\n<meta name=\"twitter:card\" content=\"summary_large_image\" \/>\n<script type=\"application\/ld+json\" class=\"yoast-schema-graph\">{\"@context\":\"https:\\\/\\\/schema.org\",\"@graph\":[{\"@type\":\"WebPage\",\"@id\":\"https:\\\/\\\/keys-for-auto.eu\\\/et\\\/votke-meiega-uhendust\\\/\",\"url\":\"https:\\\/\\\/keys-for-auto.eu\\\/et\\\/votke-meiega-uhendust\\\/\",\"name\":\"V\u00f5tke meiega \u00fchendust - Keys for auto%\",\"isPartOf\":{\"@id\":\"https:\\\/\\\/keys-for-auto.eu\\\/et\\\/#website\"},\"datePublished\":\"2022-12-29T12:19:44+00:00\",\"dateModified\":\"2023-02-15T21:04:01+00:00\",\"breadcrumb\":{\"@id\":\"https:\\\/\\\/keys-for-auto.eu\\\/et\\\/votke-meiega-uhendust\\\/#breadcrumb\"},\"inLanguage\":\"et\",\"potentialAction\":[{\"@type\":\"ReadAction\",\"target\":[\"https:\\\/\\\/keys-for-auto.eu\\\/et\\\/votke-meiega-uhendust\\\/\"]}]},{\"@type\":\"BreadcrumbList\",\"@id\":\"https:\\\/\\\/keys-for-auto.eu\\\/et\\\/votke-meiega-uhendust\\\/#breadcrumb\",\"itemListElement\":[{\"@type\":\"ListItem\",\"position\":1,\"name\":\"Kodu\",\"item\":\"https:\\\/\\\/keys-for-auto.eu\\\/et\\\/\"},{\"@type\":\"ListItem\",\"position\":2,\"name\":\"V\u00f5tke meiega \u00fchendust\"}]},{\"@type\":\"WebSite\",\"@id\":\"https:\\\/\\\/keys-for-auto.eu\\\/et\\\/#website\",\"url\":\"https:\\\/\\\/keys-for-auto.eu\\\/et\\\/\",\"name\":\"Keys for auto\",\"description\":\"Car keys,  key shells, key programming\",\"publisher\":{\"@id\":\"https:\\\/\\\/keys-for-auto.eu\\\/et\\\/#organization\"},\"potentialAction\":[{\"@type\":\"SearchAction\",\"target\":{\"@type\":\"EntryPoint\",\"urlTemplate\":\"https:\\\/\\\/keys-for-auto.eu\\\/et\\\/?s={search_term_string}\"},\"query-input\":{\"@type\":\"PropertyValueSpecification\",\"valueRequired\":true,\"valueName\":\"search_term_string\"}}],\"inLanguage\":\"et\"},{\"@type\":\"Organization\",\"@id\":\"https:\\\/\\\/keys-for-auto.eu\\\/et\\\/#organization\",\"name\":\"Auto v\u00f5tmed\",\"url\":\"https:\\\/\\\/keys-for-auto.eu\\\/et\\\/\",\"logo\":{\"@type\":\"ImageObject\",\"inLanguage\":\"et\",\"@id\":\"https:\\\/\\\/keys-for-auto.eu\\\/et\\\/#\\\/schema\\\/logo\\\/image\\\/\",\"url\":\"https:\\\/\\\/keys-for-auto.eu\\\/wp-content\\\/uploads\\\/2022\\\/11\\\/cropped-png1.png\",\"contentUrl\":\"https:\\\/\\\/keys-for-auto.eu\\\/wp-content\\\/uploads\\\/2022\\\/11\\\/cropped-png1.png\",\"width\":1000,\"height\":342,\"caption\":\"Auto v\u00f5tmed\"},\"image\":{\"@id\":\"https:\\\/\\\/keys-for-auto.eu\\\/et\\\/#\\\/schema\\\/logo\\\/image\\\/\"},\"sameAs\":[\"https:\\\/\\\/www.facebook.com\\\/KeysForAutoEU\"]}]}<\/script>\n<!-- \/ Yoast SEO plugin. -->","yoast_head_json":{"title":"V\u00f5tke meiega \u00fchendust - Keys for auto%","robots":{"index":"index","follow":"follow","max-snippet":"max-snippet:-1","max-image-preview":"max-image-preview:large","max-video-preview":"max-video-preview:-1"},"canonical":"https:\/\/keys-for-auto.eu\/et\/votke-meiega-uhendust\/","og_locale":"et_EE","og_type":"article","og_title":"V\u00f5tke meiega \u00fchendust - Keys for auto%","og_description":"KOHTUMISE AEG TULEB KOKKU LEPPIDA ENNE SAABUMIST! Aadress:Alnos g. 5, Vilnius. LT-06231 T\u00f6\u00f6aeg:I-VII10.00 &#8211; 22.00 V\u00f5tke meiega \u00fchendust:Kontakttelefon: +370 (604) 515 07E-post: kirjutage aadressil Individuaalse tegevuse sertifikaadid NR: 616144 Maksimas Cucukkey24.lt@gmail.com","og_url":"https:\/\/keys-for-auto.eu\/et\/votke-meiega-uhendust\/","og_site_name":"Keys for auto","article_publisher":"https:\/\/www.facebook.com\/KeysForAutoEU","article_modified_time":"2023-02-15T21:04:01+00:00","twitter_card":"summary_large_image","schema":{"@context":"https:\/\/schema.org","@graph":[{"@type":"WebPage","@id":"https:\/\/keys-for-auto.eu\/et\/votke-meiega-uhendust\/","url":"https:\/\/keys-for-auto.eu\/et\/votke-meiega-uhendust\/","name":"V\u00f5tke meiega \u00fchendust - Keys for auto%","isPartOf":{"@id":"https:\/\/keys-for-auto.eu\/et\/#website"},"datePublished":"2022-12-29T12:19:44+00:00","dateModified":"2023-02-15T21:04:01+00:00","breadcrumb":{"@id":"https:\/\/keys-for-auto.eu\/et\/votke-meiega-uhendust\/#breadcrumb"},"inLanguage":"et","potentialAction":[{"@type":"ReadAction","target":["https:\/\/keys-for-auto.eu\/et\/votke-meiega-uhendust\/"]}]},{"@type":"BreadcrumbList","@id":"https:\/\/keys-for-auto.eu\/et\/votke-meiega-uhendust\/#breadcrumb","itemListElement":[{"@type":"ListItem","position":1,"name":"Kodu","item":"https:\/\/keys-for-auto.eu\/et\/"},{"@type":"ListItem","position":2,"name":"V\u00f5tke meiega \u00fchendust"}]},{"@type":"WebSite","@id":"https:\/\/keys-for-auto.eu\/et\/#website","url":"https:\/\/keys-for-auto.eu\/et\/","name":"Keys for auto","description":"Car keys,  key shells, key programming","publisher":{"@id":"https:\/\/keys-for-auto.eu\/et\/#organization"},"potentialAction":[{"@type":"SearchAction","target":{"@type":"EntryPoint","urlTemplate":"https:\/\/keys-for-auto.eu\/et\/?s={search_term_string}"},"query-input":{"@type":"PropertyValueSpecification","valueRequired":true,"valueName":"search_term_string"}}],"inLanguage":"et"},{"@type":"Organization","@id":"https:\/\/keys-for-auto.eu\/et\/#organization","name":"Auto v\u00f5tmed","url":"https:\/\/keys-for-auto.eu\/et\/","logo":{"@type":"ImageObject","inLanguage":"et","@id":"https:\/\/keys-for-auto.eu\/et\/#\/schema\/logo\/image\/","url":"https:\/\/keys-for-auto.eu\/wp-content\/uploads\/2022\/11\/cropped-png1.png","contentUrl":"https:\/\/keys-for-auto.eu\/wp-content\/uploads\/2022\/11\/cropped-png1.png","width":1000,"height":342,"caption":"Auto v\u00f5tmed"},"image":{"@id":"https:\/\/keys-for-auto.eu\/et\/#\/schema\/logo\/image\/"},"sameAs":["https:\/\/www.facebook.com\/KeysForAutoEU"]}]}},"_links":{"self":[{"href":"https:\/\/keys-for-auto.eu\/et\/wp-json\/wp\/v2\/pages\/16998","targetHints":{"allow":["GET"]}}],"collection":[{"href":"https:\/\/keys-for-auto.eu\/et\/wp-json\/wp\/v2\/pages"}],"about":[{"href":"https:\/\/keys-for-auto.eu\/et\/wp-json\/wp\/v2\/types\/page"}],"author":[{"embeddable":true,"href":"https:\/\/keys-for-auto.eu\/et\/wp-json\/wp\/v2\/users\/1"}],"replies":[{"embeddable":true,"href":"https:\/\/keys-for-auto.eu\/et\/wp-json\/wp\/v2\/comments?post=16998"}],"version-history":[{"count":1,"href":"https:\/\/keys-for-auto.eu\/et\/wp-json\/wp\/v2\/pages\/16998\/revisions"}],"predecessor-version":[{"id":17003,"href":"https:\/\/keys-for-auto.eu\/et\/wp-json\/wp\/v2\/pages\/16998\/revisions\/17003"}],"wp:attachment":[{"href":"https:\/\/keys-for-auto.eu\/et\/wp-json\/wp\/v2\/media?parent=16998"}],"curies":[{"name":"wp","href":"https:\/\/api.w.org\/{rel}","templated":true}]}}