{"id":16938,"date":"2022-11-17T22:08:47","date_gmt":"2022-11-17T22:08:47","guid":{"rendered":"https:\/\/keys-for-auto.eu\/privaatsuspoliitika\/"},"modified":"2023-02-15T21:04:01","modified_gmt":"2023-02-15T21:04:01","slug":"privaatsuspoliitika","status":"publish","type":"page","link":"https:\/\/keys-for-auto.eu\/et\/privaatsuspoliitika\/","title":{"rendered":"Privaatsuspoliitika"},"content":{"rendered":"\n<h2 class=\"wp-block-heading\">Kes me oleme<\/h2>\n\n<p><strong class=\"privacy-policy-tutorial\"> <\/strong>Meie veebilehe aadress on: http:\/\/keys-for-auto.eu.<\/p>\n\n<h2 class=\"wp-block-heading\">Kommentaarid<\/h2>\n\n<p>Kui k\u00fclastajad j\u00e4tavad saidile kommentaare, kogume me kommentaarivormis n\u00e4idatud andmeid, samuti k\u00fclastaja IP-aadressi ja brauseri kasutajaliidese stringi, et aidata r\u00e4mpsposti tuvastamisel.<\/p>\n\n<p>Gravatari teenusele v\u00f5idakse esitada teie e-posti aadressist loodud anon\u00fc\u00fcmne string (mida nimetatakse ka hashiks), et n\u00e4ha, kas te kasutate seda. Gravatari teenuse privaatsuspoliitika on saadaval siin: https:\/\/automattic.com\/privacy\/. P\u00e4rast teie kommentaari kinnitamist on teie profiilipilt avalikkusele n\u00e4htav teie kommentaari kontekstis.<\/p>\n\n<h2 class=\"wp-block-heading\">Meedia<\/h2>\n\n<p>Kui te laadite veebilehele pilte \u00fcles, peaksite v\u00e4ltima selliste piltide \u00fcleslaadimist, mis sisaldavad asukohaandmeid (EXIF GPS). Veebisaidi k\u00fclastajad saavad veebisaidi piltidelt alla laadida ja v\u00e4lja v\u00f5tta mis tahes asukohaandmeid.<\/p>\n\n<h2 class=\"wp-block-heading\">K\u00fcpsised<\/h2>\n\n<p>Kui j\u00e4tate meie veebisaidil kommentaari, v\u00f5ite anda n\u00f5usoleku oma nime, e-posti aadressi ja veebisaidi salvestamiseks k\u00fcpsistesse. Need on teie mugavuse huvides, et te ei peaks oma andmeid uuesti t\u00e4itma, kui j\u00e4tate teise kommentaari. Need k\u00fcpsised s\u00e4ilivad \u00fche aasta jooksul.<\/p>\n\n<p>Kui k\u00fclastate meie sisselogimislehte, seame ajutise k\u00fcpsise, et teha kindlaks, kas teie brauser aktsepteerib k\u00fcpsiseid. See k\u00fcpsis ei sisalda isikuandmeid ja see h\u00e4vitatakse, kui sulgete oma brauseri.<\/p>\n\n<p>Kui logite sisse, seame ka mitu k\u00fcpsist, et salvestada teie sisselogimise andmed ja ekraani kuvamise valikud. Sisselogimisk\u00fcpsised kestavad kaks p\u00e4eva ja ekraanivalikute k\u00fcpsised kestavad aasta. Kui valite &#8220;M\u00e4leta mind&#8221;, j\u00e4\u00e4b teie sisselogimine kahe n\u00e4dala jooksul p\u00fcsima. Kui logite oma kontost v\u00e4lja, eemaldatakse sisselogimisk\u00fcpsised.<\/p>\n\n<p>Kui te artiklit redigeerite v\u00f5i avaldate, salvestatakse teie brauserisse t\u00e4iendav k\u00fcpsis. See k\u00fcpsis ei sisalda mingeid isikuandmeid ja n\u00e4itab lihtsalt teie poolt \u00e4sja redigeeritud artikli postituse ID-d. See aegub 1 p\u00e4eva p\u00e4rast.<\/p>\n\n<h2 class=\"wp-block-heading\">Sisseehitatud sisu teistelt veebisaitidelt<\/h2>\n\n<p>Selle saidi artiklid v\u00f5ivad sisaldada varjatud sisu (nt videod, pildid, artiklid jne). Teiste veebisaitide sisseehitatud sisu k\u00e4itub t\u00e4pselt samamoodi, nagu oleks k\u00fclastaja k\u00fclastanud teist veebisaiti.<\/p>\n\n<p>Need veebisaidid v\u00f5ivad koguda teie kohta andmeid, kasutada k\u00fcpsiseid, varjata t\u00e4iendavat kolmanda osapoole j\u00e4lgimist ja j\u00e4lgida teie suhtlemist selle varjatud sisuga, sealhulgas j\u00e4lgida teie suhtlemist varjatud sisuga, kui teil on konto ja olete sellele veebisaidile sisse logitud.<\/p>\n\n<h2 class=\"wp-block-heading\">Kellega me teie andmeid jagame<\/h2>\n\n<p>Kui taotlete parooli l\u00e4htestamist, lisatakse teie IP-aadress l\u00e4htestamise e-kirjale.<\/p>\n\n<h2 class=\"wp-block-heading\">Kui kaua me teie andmeid s\u00e4ilitame<\/h2>\n\n<p>Kui j\u00e4tate kommentaari, s\u00e4ilitatakse kommentaar ja selle metaandmed m\u00e4\u00e4ramata ajaks. See on selleks, et me saaksime automaatselt \u00e4ra tunda ja heaks kiita k\u00f5ik j\u00e4relkommentaarid, selle asemel, et hoida neid modereerimise j\u00e4rjekorras.<\/p>\n\n<p>Kasutajate puhul, kes registreeruvad meie veebisaidil (kui neid on), salvestame ka nende poolt esitatud isikuandmeid nende kasutajaprofiilis. K\u00f5ik kasutajad saavad igal ajal n\u00e4ha, muuta v\u00f5i kustutada oma isiklikke andmeid (v\u00e4lja arvatud, et nad ei saa oma kasutajanime muuta). Veebisaidi administraatorid saavad seda teavet samuti n\u00e4ha ja muuta.<\/p>\n\n<h2 class=\"wp-block-heading\">Millised \u00f5igused teil on oma andmete suhtes<\/h2>\n\n<p>Kui teil on sellel veebisaidil konto v\u00f5i olete j\u00e4tnud kommentaare, v\u00f5ite taotleda, et teile eksporditaks teie kohta k\u00e4ivate isikuandmete, sealhulgas teie poolt meile esitatud andmete eksporditud fail. Samuti v\u00f5ite taotleda, et me kustutaksime teie kohta k\u00e4ivad isikuandmed. See ei h\u00f5lma andmeid, mida me oleme kohustatud s\u00e4ilitama haldus-, \u00f5igus- v\u00f5i julgeolekueesm\u00e4rkidel.<\/p>\n\n<h2 class=\"wp-block-heading\">Kuhu teie andmed saadetakse<\/h2>\n\n<p>K\u00fclastajate kommentaare v\u00f5idakse kontrollida automatiseeritud r\u00e4mpsposti tuvastamise teenuse kaudu.<\/p>\n","protected":false},"excerpt":{"rendered":"<p>Kes me oleme Meie veebilehe aadress on: http:\/\/keys-for-auto.eu. Kommentaarid Kui k\u00fclastajad j\u00e4tavad saidile kommentaare, kogume me kommentaarivormis n\u00e4idatud andmeid, samuti k\u00fclastaja IP-aadressi ja brauseri kasutajaliidese stringi, et aidata r\u00e4mpsposti tuvastamisel. Gravatari teenusele v\u00f5idakse esitada teie e-posti aadressist loodud anon\u00fc\u00fcmne string (mida nimetatakse ka hashiks), et n\u00e4ha, kas te kasutate seda. Gravatari teenuse privaatsuspoliitika on saadaval [&hellip;]<\/p>\n","protected":false},"author":1,"featured_media":0,"parent":0,"menu_order":0,"comment_status":"closed","ping_status":"open","template":"","meta":{"footnotes":""},"class_list":["post-16938","page","type-page","status-publish","hentry"],"yoast_head":"<!-- This site is optimized with the Yoast SEO plugin v27.5 - https:\/\/yoast.com\/product\/yoast-seo-wordpress\/ -->\n<title>Privaatsuspoliitika - Keys for auto%<\/title>\n<meta name=\"robots\" content=\"index, follow, max-snippet:-1, max-image-preview:large, max-video-preview:-1\" \/>\n<link rel=\"canonical\" href=\"https:\/\/keys-for-auto.eu\/et\/privaatsuspoliitika\/\" \/>\n<meta property=\"og:locale\" content=\"et_EE\" \/>\n<meta property=\"og:type\" content=\"article\" \/>\n<meta property=\"og:title\" content=\"Privaatsuspoliitika - Keys for auto%\" \/>\n<meta property=\"og:description\" content=\"Kes me oleme Meie veebilehe aadress on: http:\/\/keys-for-auto.eu. Kommentaarid Kui k\u00fclastajad j\u00e4tavad saidile kommentaare, kogume me kommentaarivormis n\u00e4idatud andmeid, samuti k\u00fclastaja IP-aadressi ja brauseri kasutajaliidese stringi, et aidata r\u00e4mpsposti tuvastamisel. Gravatari teenusele v\u00f5idakse esitada teie e-posti aadressist loodud anon\u00fc\u00fcmne string (mida nimetatakse ka hashiks), et n\u00e4ha, kas te kasutate seda. Gravatari teenuse privaatsuspoliitika on saadaval [&hellip;]\" \/>\n<meta property=\"og:url\" content=\"https:\/\/keys-for-auto.eu\/et\/privaatsuspoliitika\/\" \/>\n<meta property=\"og:site_name\" content=\"Keys for auto\" \/>\n<meta property=\"article:publisher\" content=\"https:\/\/www.facebook.com\/KeysForAutoEU\" \/>\n<meta property=\"article:modified_time\" content=\"2023-02-15T21:04:01+00:00\" \/>\n<meta name=\"twitter:card\" content=\"summary_large_image\" \/>\n<meta name=\"twitter:label1\" content=\"Est. reading time\" \/>\n\t<meta name=\"twitter:data1\" content=\"3 minutit\" \/>\n<script type=\"application\/ld+json\" class=\"yoast-schema-graph\">{\"@context\":\"https:\\\/\\\/schema.org\",\"@graph\":[{\"@type\":\"WebPage\",\"@id\":\"https:\\\/\\\/keys-for-auto.eu\\\/et\\\/privaatsuspoliitika\\\/\",\"url\":\"https:\\\/\\\/keys-for-auto.eu\\\/et\\\/privaatsuspoliitika\\\/\",\"name\":\"Privaatsuspoliitika - Keys for auto%\",\"isPartOf\":{\"@id\":\"https:\\\/\\\/keys-for-auto.eu\\\/et\\\/#website\"},\"datePublished\":\"2022-11-17T22:08:47+00:00\",\"dateModified\":\"2023-02-15T21:04:01+00:00\",\"breadcrumb\":{\"@id\":\"https:\\\/\\\/keys-for-auto.eu\\\/et\\\/privaatsuspoliitika\\\/#breadcrumb\"},\"inLanguage\":\"et\",\"potentialAction\":[{\"@type\":\"ReadAction\",\"target\":[\"https:\\\/\\\/keys-for-auto.eu\\\/et\\\/privaatsuspoliitika\\\/\"]}]},{\"@type\":\"BreadcrumbList\",\"@id\":\"https:\\\/\\\/keys-for-auto.eu\\\/et\\\/privaatsuspoliitika\\\/#breadcrumb\",\"itemListElement\":[{\"@type\":\"ListItem\",\"position\":1,\"name\":\"Kodu\",\"item\":\"https:\\\/\\\/keys-for-auto.eu\\\/et\\\/\"},{\"@type\":\"ListItem\",\"position\":2,\"name\":\"Privaatsuspoliitika\"}]},{\"@type\":\"WebSite\",\"@id\":\"https:\\\/\\\/keys-for-auto.eu\\\/et\\\/#website\",\"url\":\"https:\\\/\\\/keys-for-auto.eu\\\/et\\\/\",\"name\":\"Keys for auto\",\"description\":\"Car keys,  key shells, key programming\",\"publisher\":{\"@id\":\"https:\\\/\\\/keys-for-auto.eu\\\/et\\\/#organization\"},\"potentialAction\":[{\"@type\":\"SearchAction\",\"target\":{\"@type\":\"EntryPoint\",\"urlTemplate\":\"https:\\\/\\\/keys-for-auto.eu\\\/et\\\/?s={search_term_string}\"},\"query-input\":{\"@type\":\"PropertyValueSpecification\",\"valueRequired\":true,\"valueName\":\"search_term_string\"}}],\"inLanguage\":\"et\"},{\"@type\":\"Organization\",\"@id\":\"https:\\\/\\\/keys-for-auto.eu\\\/et\\\/#organization\",\"name\":\"Auto v\u00f5tmed\",\"url\":\"https:\\\/\\\/keys-for-auto.eu\\\/et\\\/\",\"logo\":{\"@type\":\"ImageObject\",\"inLanguage\":\"et\",\"@id\":\"https:\\\/\\\/keys-for-auto.eu\\\/et\\\/#\\\/schema\\\/logo\\\/image\\\/\",\"url\":\"https:\\\/\\\/keys-for-auto.eu\\\/wp-content\\\/uploads\\\/2022\\\/11\\\/cropped-png1.png\",\"contentUrl\":\"https:\\\/\\\/keys-for-auto.eu\\\/wp-content\\\/uploads\\\/2022\\\/11\\\/cropped-png1.png\",\"width\":1000,\"height\":342,\"caption\":\"Auto v\u00f5tmed\"},\"image\":{\"@id\":\"https:\\\/\\\/keys-for-auto.eu\\\/et\\\/#\\\/schema\\\/logo\\\/image\\\/\"},\"sameAs\":[\"https:\\\/\\\/www.facebook.com\\\/KeysForAutoEU\"]}]}<\/script>\n<!-- \/ Yoast SEO plugin. -->","yoast_head_json":{"title":"Privaatsuspoliitika - Keys for auto%","robots":{"index":"index","follow":"follow","max-snippet":"max-snippet:-1","max-image-preview":"max-image-preview:large","max-video-preview":"max-video-preview:-1"},"canonical":"https:\/\/keys-for-auto.eu\/et\/privaatsuspoliitika\/","og_locale":"et_EE","og_type":"article","og_title":"Privaatsuspoliitika - Keys for auto%","og_description":"Kes me oleme Meie veebilehe aadress on: http:\/\/keys-for-auto.eu. Kommentaarid Kui k\u00fclastajad j\u00e4tavad saidile kommentaare, kogume me kommentaarivormis n\u00e4idatud andmeid, samuti k\u00fclastaja IP-aadressi ja brauseri kasutajaliidese stringi, et aidata r\u00e4mpsposti tuvastamisel. Gravatari teenusele v\u00f5idakse esitada teie e-posti aadressist loodud anon\u00fc\u00fcmne string (mida nimetatakse ka hashiks), et n\u00e4ha, kas te kasutate seda. Gravatari teenuse privaatsuspoliitika on saadaval [&hellip;]","og_url":"https:\/\/keys-for-auto.eu\/et\/privaatsuspoliitika\/","og_site_name":"Keys for auto","article_publisher":"https:\/\/www.facebook.com\/KeysForAutoEU","article_modified_time":"2023-02-15T21:04:01+00:00","twitter_card":"summary_large_image","twitter_misc":{"Est. reading time":"3 minutit"},"schema":{"@context":"https:\/\/schema.org","@graph":[{"@type":"WebPage","@id":"https:\/\/keys-for-auto.eu\/et\/privaatsuspoliitika\/","url":"https:\/\/keys-for-auto.eu\/et\/privaatsuspoliitika\/","name":"Privaatsuspoliitika - Keys for auto%","isPartOf":{"@id":"https:\/\/keys-for-auto.eu\/et\/#website"},"datePublished":"2022-11-17T22:08:47+00:00","dateModified":"2023-02-15T21:04:01+00:00","breadcrumb":{"@id":"https:\/\/keys-for-auto.eu\/et\/privaatsuspoliitika\/#breadcrumb"},"inLanguage":"et","potentialAction":[{"@type":"ReadAction","target":["https:\/\/keys-for-auto.eu\/et\/privaatsuspoliitika\/"]}]},{"@type":"BreadcrumbList","@id":"https:\/\/keys-for-auto.eu\/et\/privaatsuspoliitika\/#breadcrumb","itemListElement":[{"@type":"ListItem","position":1,"name":"Kodu","item":"https:\/\/keys-for-auto.eu\/et\/"},{"@type":"ListItem","position":2,"name":"Privaatsuspoliitika"}]},{"@type":"WebSite","@id":"https:\/\/keys-for-auto.eu\/et\/#website","url":"https:\/\/keys-for-auto.eu\/et\/","name":"Keys for auto","description":"Car keys,  key shells, key programming","publisher":{"@id":"https:\/\/keys-for-auto.eu\/et\/#organization"},"potentialAction":[{"@type":"SearchAction","target":{"@type":"EntryPoint","urlTemplate":"https:\/\/keys-for-auto.eu\/et\/?s={search_term_string}"},"query-input":{"@type":"PropertyValueSpecification","valueRequired":true,"valueName":"search_term_string"}}],"inLanguage":"et"},{"@type":"Organization","@id":"https:\/\/keys-for-auto.eu\/et\/#organization","name":"Auto v\u00f5tmed","url":"https:\/\/keys-for-auto.eu\/et\/","logo":{"@type":"ImageObject","inLanguage":"et","@id":"https:\/\/keys-for-auto.eu\/et\/#\/schema\/logo\/image\/","url":"https:\/\/keys-for-auto.eu\/wp-content\/uploads\/2022\/11\/cropped-png1.png","contentUrl":"https:\/\/keys-for-auto.eu\/wp-content\/uploads\/2022\/11\/cropped-png1.png","width":1000,"height":342,"caption":"Auto v\u00f5tmed"},"image":{"@id":"https:\/\/keys-for-auto.eu\/et\/#\/schema\/logo\/image\/"},"sameAs":["https:\/\/www.facebook.com\/KeysForAutoEU"]}]}},"_links":{"self":[{"href":"https:\/\/keys-for-auto.eu\/et\/wp-json\/wp\/v2\/pages\/16938","targetHints":{"allow":["GET"]}}],"collection":[{"href":"https:\/\/keys-for-auto.eu\/et\/wp-json\/wp\/v2\/pages"}],"about":[{"href":"https:\/\/keys-for-auto.eu\/et\/wp-json\/wp\/v2\/types\/page"}],"author":[{"embeddable":true,"href":"https:\/\/keys-for-auto.eu\/et\/wp-json\/wp\/v2\/users\/1"}],"replies":[{"embeddable":true,"href":"https:\/\/keys-for-auto.eu\/et\/wp-json\/wp\/v2\/comments?post=16938"}],"version-history":[{"count":1,"href":"https:\/\/keys-for-auto.eu\/et\/wp-json\/wp\/v2\/pages\/16938\/revisions"}],"predecessor-version":[{"id":16957,"href":"https:\/\/keys-for-auto.eu\/et\/wp-json\/wp\/v2\/pages\/16938\/revisions\/16957"}],"wp:attachment":[{"href":"https:\/\/keys-for-auto.eu\/et\/wp-json\/wp\/v2\/media?parent=16938"}],"curies":[{"name":"wp","href":"https:\/\/api.w.org\/{rel}","templated":true}]}}