{"id":16911,"date":"2023-01-05T12:14:08","date_gmt":"2023-01-05T12:14:08","guid":{"rendered":"https:\/\/keys-for-auto.eu\/kohaletoimetamine\/"},"modified":"2023-02-15T20:59:09","modified_gmt":"2023-02-15T20:59:09","slug":"kohaletoimetamine","status":"publish","type":"page","link":"https:\/\/keys-for-auto.eu\/et\/kohaletoimetamine\/","title":{"rendered":"Kohaletoimetamine"},"content":{"rendered":"\n<p>Kui toode on meie laos, saadetakse see p\u00e4rast makse sooritamist t\u00e4hitud postiga v\u00f5i muul teie valitud viisil. Kui toode on otsas ja seda tuleb tellida (v\u00e4ga harvadel juhtudel), t\u00f6\u00f6deldakse tellimus 7-21 t\u00f6\u00f6p\u00e4eva jooksul.Teid teavitatakse saatmisest e-posti teel ja teile antakse ka registreeritud saadetise identifitseerimisnumber, mis v\u00f5imaldab teil j\u00e4lgida teie paki staatust. Saadetised saadetakse 1-3 t\u00f6\u00f6p\u00e4eva jooksul.<\/p>\n\n<p>Meie e-poest leiate peaaegu k\u00f5ik v\u00f5tmed k\u00f5ikide automarkide jaoks, samuti tarvikud, kiibid (transponderid) ja muud autov\u00f5tmete osad. T\u00e4iendame pidevalt oma valikut, et vastata teie vajadustele.<\/p>\n\n<p>Valmistame v\u00f5tmeid v\u00f5tmekoodide, kere VIN-numbrite ja fotode p\u00f5hjal.<\/p>\n","protected":false},"excerpt":{"rendered":"<p>Kui toode on meie laos, saadetakse see p\u00e4rast makse sooritamist t\u00e4hitud postiga v\u00f5i muul teie valitud viisil. Kui toode on otsas ja seda tuleb tellida (v\u00e4ga harvadel juhtudel), t\u00f6\u00f6deldakse tellimus 7-21 t\u00f6\u00f6p\u00e4eva jooksul.Teid teavitatakse saatmisest e-posti teel ja teile antakse ka registreeritud saadetise identifitseerimisnumber, mis v\u00f5imaldab teil j\u00e4lgida teie paki staatust. Saadetised saadetakse 1-3 t\u00f6\u00f6p\u00e4eva [&hellip;]<\/p>\n","protected":false},"author":1,"featured_media":0,"parent":0,"menu_order":0,"comment_status":"closed","ping_status":"closed","template":"","meta":{"footnotes":""},"class_list":["post-16911","page","type-page","status-publish","hentry"],"yoast_head":"<!-- This site is optimized with the Yoast SEO plugin v27.3 - https:\/\/yoast.com\/product\/yoast-seo-wordpress\/ -->\n<title>Kohaletoimetamine - Keys for auto%<\/title>\n<meta name=\"robots\" content=\"index, follow, max-snippet:-1, max-image-preview:large, max-video-preview:-1\" \/>\n<link rel=\"canonical\" href=\"https:\/\/keys-for-auto.eu\/et\/kohaletoimetamine\/\" \/>\n<meta property=\"og:locale\" content=\"et_EE\" \/>\n<meta property=\"og:type\" content=\"article\" \/>\n<meta property=\"og:title\" content=\"Kohaletoimetamine - Keys for auto%\" \/>\n<meta property=\"og:description\" content=\"Kui toode on meie laos, saadetakse see p\u00e4rast makse sooritamist t\u00e4hitud postiga v\u00f5i muul teie valitud viisil. Kui toode on otsas ja seda tuleb tellida (v\u00e4ga harvadel juhtudel), t\u00f6\u00f6deldakse tellimus 7-21 t\u00f6\u00f6p\u00e4eva jooksul.Teid teavitatakse saatmisest e-posti teel ja teile antakse ka registreeritud saadetise identifitseerimisnumber, mis v\u00f5imaldab teil j\u00e4lgida teie paki staatust. Saadetised saadetakse 1-3 t\u00f6\u00f6p\u00e4eva [&hellip;]\" \/>\n<meta property=\"og:url\" content=\"https:\/\/keys-for-auto.eu\/et\/kohaletoimetamine\/\" \/>\n<meta property=\"og:site_name\" content=\"Keys for auto\" \/>\n<meta property=\"article:publisher\" content=\"https:\/\/www.facebook.com\/KeysForAutoEU\" \/>\n<meta property=\"article:modified_time\" content=\"2023-02-15T20:59:09+00:00\" \/>\n<meta name=\"twitter:card\" content=\"summary_large_image\" \/>\n<meta name=\"twitter:label1\" content=\"Est. reading time\" \/>\n\t<meta name=\"twitter:data1\" content=\"1 minut\" \/>\n<script type=\"application\/ld+json\" class=\"yoast-schema-graph\">{\"@context\":\"https:\\\/\\\/schema.org\",\"@graph\":[{\"@type\":\"WebPage\",\"@id\":\"https:\\\/\\\/keys-for-auto.eu\\\/et\\\/kohaletoimetamine\\\/\",\"url\":\"https:\\\/\\\/keys-for-auto.eu\\\/et\\\/kohaletoimetamine\\\/\",\"name\":\"Kohaletoimetamine - Keys for auto%\",\"isPartOf\":{\"@id\":\"https:\\\/\\\/keys-for-auto.eu\\\/et\\\/#website\"},\"datePublished\":\"2023-01-05T12:14:08+00:00\",\"dateModified\":\"2023-02-15T20:59:09+00:00\",\"breadcrumb\":{\"@id\":\"https:\\\/\\\/keys-for-auto.eu\\\/et\\\/kohaletoimetamine\\\/#breadcrumb\"},\"inLanguage\":\"et\",\"potentialAction\":[{\"@type\":\"ReadAction\",\"target\":[\"https:\\\/\\\/keys-for-auto.eu\\\/et\\\/kohaletoimetamine\\\/\"]}]},{\"@type\":\"BreadcrumbList\",\"@id\":\"https:\\\/\\\/keys-for-auto.eu\\\/et\\\/kohaletoimetamine\\\/#breadcrumb\",\"itemListElement\":[{\"@type\":\"ListItem\",\"position\":1,\"name\":\"Kodu\",\"item\":\"https:\\\/\\\/keys-for-auto.eu\\\/et\\\/\"},{\"@type\":\"ListItem\",\"position\":2,\"name\":\"Kohaletoimetamine\"}]},{\"@type\":\"WebSite\",\"@id\":\"https:\\\/\\\/keys-for-auto.eu\\\/et\\\/#website\",\"url\":\"https:\\\/\\\/keys-for-auto.eu\\\/et\\\/\",\"name\":\"Keys for auto\",\"description\":\"Car keys,  key shells, key programming\",\"publisher\":{\"@id\":\"https:\\\/\\\/keys-for-auto.eu\\\/et\\\/#organization\"},\"potentialAction\":[{\"@type\":\"SearchAction\",\"target\":{\"@type\":\"EntryPoint\",\"urlTemplate\":\"https:\\\/\\\/keys-for-auto.eu\\\/et\\\/?s={search_term_string}\"},\"query-input\":{\"@type\":\"PropertyValueSpecification\",\"valueRequired\":true,\"valueName\":\"search_term_string\"}}],\"inLanguage\":\"et\"},{\"@type\":\"Organization\",\"@id\":\"https:\\\/\\\/keys-for-auto.eu\\\/et\\\/#organization\",\"name\":\"Auto v\u00f5tmed\",\"url\":\"https:\\\/\\\/keys-for-auto.eu\\\/et\\\/\",\"logo\":{\"@type\":\"ImageObject\",\"inLanguage\":\"et\",\"@id\":\"https:\\\/\\\/keys-for-auto.eu\\\/et\\\/#\\\/schema\\\/logo\\\/image\\\/\",\"url\":\"https:\\\/\\\/keys-for-auto.eu\\\/wp-content\\\/uploads\\\/2022\\\/11\\\/cropped-png1.png\",\"contentUrl\":\"https:\\\/\\\/keys-for-auto.eu\\\/wp-content\\\/uploads\\\/2022\\\/11\\\/cropped-png1.png\",\"width\":1000,\"height\":342,\"caption\":\"Auto v\u00f5tmed\"},\"image\":{\"@id\":\"https:\\\/\\\/keys-for-auto.eu\\\/et\\\/#\\\/schema\\\/logo\\\/image\\\/\"},\"sameAs\":[\"https:\\\/\\\/www.facebook.com\\\/KeysForAutoEU\"]}]}<\/script>\n<!-- \/ Yoast SEO plugin. -->","yoast_head_json":{"title":"Kohaletoimetamine - Keys for auto%","robots":{"index":"index","follow":"follow","max-snippet":"max-snippet:-1","max-image-preview":"max-image-preview:large","max-video-preview":"max-video-preview:-1"},"canonical":"https:\/\/keys-for-auto.eu\/et\/kohaletoimetamine\/","og_locale":"et_EE","og_type":"article","og_title":"Kohaletoimetamine - Keys for auto%","og_description":"Kui toode on meie laos, saadetakse see p\u00e4rast makse sooritamist t\u00e4hitud postiga v\u00f5i muul teie valitud viisil. Kui toode on otsas ja seda tuleb tellida (v\u00e4ga harvadel juhtudel), t\u00f6\u00f6deldakse tellimus 7-21 t\u00f6\u00f6p\u00e4eva jooksul.Teid teavitatakse saatmisest e-posti teel ja teile antakse ka registreeritud saadetise identifitseerimisnumber, mis v\u00f5imaldab teil j\u00e4lgida teie paki staatust. Saadetised saadetakse 1-3 t\u00f6\u00f6p\u00e4eva [&hellip;]","og_url":"https:\/\/keys-for-auto.eu\/et\/kohaletoimetamine\/","og_site_name":"Keys for auto","article_publisher":"https:\/\/www.facebook.com\/KeysForAutoEU","article_modified_time":"2023-02-15T20:59:09+00:00","twitter_card":"summary_large_image","twitter_misc":{"Est. reading time":"1 minut"},"schema":{"@context":"https:\/\/schema.org","@graph":[{"@type":"WebPage","@id":"https:\/\/keys-for-auto.eu\/et\/kohaletoimetamine\/","url":"https:\/\/keys-for-auto.eu\/et\/kohaletoimetamine\/","name":"Kohaletoimetamine - Keys for auto%","isPartOf":{"@id":"https:\/\/keys-for-auto.eu\/et\/#website"},"datePublished":"2023-01-05T12:14:08+00:00","dateModified":"2023-02-15T20:59:09+00:00","breadcrumb":{"@id":"https:\/\/keys-for-auto.eu\/et\/kohaletoimetamine\/#breadcrumb"},"inLanguage":"et","potentialAction":[{"@type":"ReadAction","target":["https:\/\/keys-for-auto.eu\/et\/kohaletoimetamine\/"]}]},{"@type":"BreadcrumbList","@id":"https:\/\/keys-for-auto.eu\/et\/kohaletoimetamine\/#breadcrumb","itemListElement":[{"@type":"ListItem","position":1,"name":"Kodu","item":"https:\/\/keys-for-auto.eu\/et\/"},{"@type":"ListItem","position":2,"name":"Kohaletoimetamine"}]},{"@type":"WebSite","@id":"https:\/\/keys-for-auto.eu\/et\/#website","url":"https:\/\/keys-for-auto.eu\/et\/","name":"Keys for auto","description":"Car keys,  key shells, key programming","publisher":{"@id":"https:\/\/keys-for-auto.eu\/et\/#organization"},"potentialAction":[{"@type":"SearchAction","target":{"@type":"EntryPoint","urlTemplate":"https:\/\/keys-for-auto.eu\/et\/?s={search_term_string}"},"query-input":{"@type":"PropertyValueSpecification","valueRequired":true,"valueName":"search_term_string"}}],"inLanguage":"et"},{"@type":"Organization","@id":"https:\/\/keys-for-auto.eu\/et\/#organization","name":"Auto v\u00f5tmed","url":"https:\/\/keys-for-auto.eu\/et\/","logo":{"@type":"ImageObject","inLanguage":"et","@id":"https:\/\/keys-for-auto.eu\/et\/#\/schema\/logo\/image\/","url":"https:\/\/keys-for-auto.eu\/wp-content\/uploads\/2022\/11\/cropped-png1.png","contentUrl":"https:\/\/keys-for-auto.eu\/wp-content\/uploads\/2022\/11\/cropped-png1.png","width":1000,"height":342,"caption":"Auto v\u00f5tmed"},"image":{"@id":"https:\/\/keys-for-auto.eu\/et\/#\/schema\/logo\/image\/"},"sameAs":["https:\/\/www.facebook.com\/KeysForAutoEU"]}]}},"_links":{"self":[{"href":"https:\/\/keys-for-auto.eu\/et\/wp-json\/wp\/v2\/pages\/16911","targetHints":{"allow":["GET"]}}],"collection":[{"href":"https:\/\/keys-for-auto.eu\/et\/wp-json\/wp\/v2\/pages"}],"about":[{"href":"https:\/\/keys-for-auto.eu\/et\/wp-json\/wp\/v2\/types\/page"}],"author":[{"embeddable":true,"href":"https:\/\/keys-for-auto.eu\/et\/wp-json\/wp\/v2\/users\/1"}],"replies":[{"embeddable":true,"href":"https:\/\/keys-for-auto.eu\/et\/wp-json\/wp\/v2\/comments?post=16911"}],"version-history":[{"count":1,"href":"https:\/\/keys-for-auto.eu\/et\/wp-json\/wp\/v2\/pages\/16911\/revisions"}],"predecessor-version":[{"id":16912,"href":"https:\/\/keys-for-auto.eu\/et\/wp-json\/wp\/v2\/pages\/16911\/revisions\/16912"}],"wp:attachment":[{"href":"https:\/\/keys-for-auto.eu\/et\/wp-json\/wp\/v2\/media?parent=16911"}],"curies":[{"name":"wp","href":"https:\/\/api.w.org\/{rel}","templated":true}]}}