{"id":16411,"date":"2017-03-11T19:56:53","date_gmt":"2017-03-11T19:56:53","guid":{"rendered":"https:\/\/keys-for-auto.eu\/product\/schluesselproduktion-programmierung-fuer-bmw-fahrzeuge\/"},"modified":"2017-03-11T19:56:53","modified_gmt":"2017-03-11T19:56:53","slug":"schlussel-anfertigung-programmierung-fur-bmw-autos","status":"publish","type":"product","link":"https:\/\/keys-for-auto.eu\/de\/product\/schlussel-anfertigung-programmierung-fur-bmw-autos\/","title":{"rendered":"Schl\u00fcsselproduktion \/ Programmierung f\u00fcr BMW Fahrzeuge"},"content":{"rendered":"<h2>Herstellung von BMW-Schl\u00fcsseln<\/h2>\n<p>Um Einbruchsversuche zu verhindern, sind viele moderne BMW Modelle mit Wegfahrsperren ausgestattet. Die Wirkung dieses Abwehrsystems beruht darauf, dass ein elektronisches Steuerger\u00e4t die im Chip des Schl\u00fcssels gespeicherten Informationen ausliest, wenn der Schl\u00fcssel in das Z\u00fcndschloss eingef\u00fchrt wird. Wenn der alphanumerische Code nicht mit den im Speicher des Steuerger\u00e4ts gespeicherten Daten \u00fcbereinstimmt, l\u00e4sst sich das Fahrzeug nicht starten. Bei der Herstellung eines BMW-Schl\u00fcssels reicht es daher nicht aus, die entsprechende Konfiguration von Z\u00e4hnen in den Rohling des Metallblatts zu schneiden, sondern es muss auch der elektronische Teil des Schl\u00fcssels kopiert werden, um die korrekte Funktion der Wegfahrsperre zu gew\u00e4hrleisten.<br \/>\nDie Herstellung hochwertiger BMW-Autoschl\u00fcssel erfordert eine spezielle Ausr\u00fcstung und einen hochqualifizierten Techniker.<\/p>\n<h2>BMW Schl\u00fcsselproduktion | Ablauf der Schritte<\/h2>\n<p>Die folgenden Schritte sind erforderlich:<\/p>\n<p>Bestimmen Sie die Konfiguration der Z\u00e4hne des Schl\u00fcsselblatts.<\/p>\n<p>Bestimmen Sie die Eigenschaften des Chips.<\/p>\n<p>Stellen Sie das Schl\u00fcsselblatt aus Metall mit einer CNC-Maschine her.<\/p>\n<p>Vermerken Sie auf dem Nachschl\u00fcssel, dass er zu dem gew\u00fcnschten BMW Fahrzeugmodell geh\u00f6rt.<\/p>\n<p>Montieren Sie den so vorbereiteten Chip auf den Schl\u00fcssel.<\/p>\n<p>Pr\u00fcfen Sie, ob alle Systeme ordnungsgem\u00e4\u00df funktionieren.<\/p>\n<p>Geben Sie den alphanumerischen Code auf dem Duplikat-Chip mit Hilfe des Programmierger\u00e4ts in das elektronische Motorsteuerger\u00e4t ein. So kann die bestehende BMW Marke nur mit diesem Schl\u00fcssel gestartet werden. Die Wegfahrsperre kann bei Bedarf abgeschaltet werden, aber in diesem Fall ist das Auto nicht diebstahlsicher und wird eine leichte Beute f\u00fcr Kriminelle, da es mit jedem Metallprodukt, das den geometrischen Abmessungen entspricht, gestartet werden kann.<br \/>\nWenn es nur einen Schl\u00fcssel gibt, ist es besser, im Voraus ein Duplikat anzufertigen, was viel einfacher und billiger ist, als es aus dem Z\u00fcndschloss nachzubilden. Der Verlust eines einzigen Schl\u00fcssels kann zu einem verschlossenen Auto mit verriegelten T\u00fcren f\u00fchren. In diesem Fall ist das Entriegeln des Fahrzeugs ohne Besch\u00e4digung nur mit Spezialwerkzeug m\u00f6glich.<\/p>\n<p>&nbsp;<\/p>\n","protected":false},"excerpt":{"rendered":"<h3><strong>Herstellung von Autoschl\u00fcsseln<\/strong><\/h3>\n<ul>\n<li><strong>Herstellung neuer Autoschl\u00fcssel, Programmierung der Schl\u00fcssel (&#8222;Bindung&#8220; an das Auto)<\/strong><\/li>\n<li><strong>L\u00f6schen von zuvor verlorenen Schl\u00fcsseln aus dem Fahrzeugspeicher<\/strong><\/li>\n<li><strong>Herstellung des Z\u00fcndschl\u00fcssels entsprechend dem Schloss<\/strong><\/li>\n<li><strong>Reparatur von Autoschl\u00fcsseln (Ersatz von Tasten, Schalen, Mechanismen)<\/strong><\/li>\n<li><strong>Auto-Notentriegelung<\/strong><\/li>\n<li><strong>Umtausch von Schl\u00fcsseln, Schl\u00fcsseletuis<\/strong><\/li>\n<li><strong>DPF \/ FAP Software-Abschaltung<\/strong><\/li>\n<li><strong>Programmatische EGR-Entfernung<\/strong><\/li>\n<li><strong>Deaktivierung der Wegfahrsperre-Software (immo Off)<\/strong><\/li>\n<li><strong>Reparatur, Klonen, Programmieren von Motorsteuerger\u00e4ten (ECU)<\/strong><\/li>\n<li><strong>SRS (Airbag-Steuerger\u00e4t-Programmierung)<\/strong><\/li>\n<\/ul>\n<h4><strong>  Artikel werden innerhalb von 3 Arbeitstagen versandt.*<\/strong><\/h4>\n<h2><strong>BMW Schl\u00fcsselprogrammierung ab 60\u20ac<\/strong><\/h2>\n<p>Preis beinhaltet BMW Schl\u00fcssel mit Programmierung, Schneiden der Klinge.<\/p>\n<p>&nbsp;<\/p>\n<p>BMW 3er E36 1996-1999 EWS1, EWS2 BMW <em><br \/>\n  <strong>Schl\u00fcsselprogrammierung, Messerschneiden <\/strong><br \/>\n<\/em> <\/p>\n<p>BMW 3er E46 1999-2004 EWS 3 BMW<em><br \/>\n  <strong> Schl\u00fcsselprogrammierung, Messerschneiden <\/strong><br \/>\n<\/em> <\/p>\n<p>BMW 3er E46 2005-2007 CAS2 BMW<em><br \/>\n  <strong> Schl\u00fcsselprogrammierung, Messerschneiden <\/strong><br \/>\n<\/em> <\/p>\n<p>BMW 3er E90 2005-2012 CAS3, CAS3 BMW <em><br \/>\n  <strong>Schl\u00fcsselprogrammierung, Messerausschnitt <\/strong><br \/>\n<\/em> <\/p>\n<p>BMW 3er F30 2012- BMW<em><br \/>\n  <strong> Schl\u00fcsselprogrammierung, Messerschneiden <\/strong><br \/>\n<\/em> <\/p>\n<p>BMW 5er E39 1996-2004 EWS1, EWS2, EWS3 BMW <em><br \/>\n  <strong>Schl\u00fcsselprogrammierung, Messerschneiden <\/strong><br \/>\n<\/em> <\/p>\n<p>BMW 5er Reihe E60, E61 2004-2010 CAS2 BMW <em><br \/>\n  <strong>Schl\u00fcsselprogrammierung, Messerausschnitt <\/strong><br \/>\n<\/em> <\/p>\n<p>BMW 5er E60, E61 2004-2010 CAS3, CAS3 BMW <em><br \/>\n  <strong>Schl\u00fcsselprogrammierung, Messerausschnitt<\/strong><br \/>\n<\/em><\/p>\n<p>BMW 5er Reihe F10 2010 &#8211; BMW <em><br \/>\n  <strong>Schl\u00fcsselprogrammierung, Messerschneiden <\/strong><br \/>\n<\/em> <\/p>\n<p>BMW 6er Reihe E63, E64 2004-2010 CAS2 BMW <em><br \/>\n  <strong>Schl\u00fcsselprogrammierung, Klingenschneiden <\/strong><br \/>\n<\/em> <\/p>\n<p>BMW 6er E63, E64 2004-2010 CAS3, CAS3 BMW <em><br \/>\n  <strong>Schl\u00fcsselprogrammierung, Messerausschnitt <\/strong><br \/>\n<\/em> <\/p>\n<p>BMW 6er Reihe F06, F12 2011- BMW<em><br \/>\n  <strong> Schl\u00fcsselprogrammierung, Messerschneiden <\/strong><br \/>\n<\/em> <\/p>\n<p>BMW 7er E38 1996-2001 EWS BMW <strong><br \/>\n  <em>Schl\u00fcsselprogrammierung, Messerschneiden <\/em><br \/>\n<\/strong> <\/p>\n<p>BMW 7er Reihe E65, E66 2002-2008 CAS BMW <strong><br \/>\n  <em>Schl\u00fcsselprogrammierung, Messerausschnitt <\/em><br \/>\n<\/strong> <\/p>\n<p>BMW 7er F01, F02 2008-2015 BMW <strong><br \/>\n  <em>Schl\u00fcsselprogrammierung, Messerausschnitt <\/em><br \/>\n<\/strong> <\/p>\n<p>BMW 7er G10, G11 2015-<\/p>\n<p>BMW 1er E87 2004-2011 CAS3, CAS3 BMW <em><br \/>\n  <strong>Schl\u00fcsselprogrammierung, Messerausschnitt<\/strong><br \/>\n<\/em><\/p>\n<p>BMW 1er Reihe F20, F21 2011- BMW <em><br \/>\n  <strong>Schl\u00fcsselprogrammierung, Messerschneiden<\/strong><br \/>\n<\/em><\/p>\n<p>X1 2009 CAS3, CAS3 BMW<em><br \/>\n  <strong> schl\u00fcsselprogrammierung, klinge schneiden<\/strong><br \/>\n<\/em><\/p>\n<p>X3 E83 2003-2010 CAS3, CAS3 BMW <em><br \/>\n  <strong>schl\u00fcsselprogrammierung, klinge schneiden<\/strong><br \/>\n<\/em><\/p>\n<p>X3 F25 2010- BMW <em><br \/>\n  <strong>Schl\u00fcsselprogrammierung, Messerschneiden<\/strong><br \/>\n<\/em><\/p>\n<p>X5 E53 1999-2003 EWS3 BMW <em><br \/>\n  <strong>Schl\u00fcsselprogrammierung, Messerschneiden <\/strong><br \/>\n<\/em> <\/p>\n<p>X5 E70 2006- CAS3, CAS3 BMW<em><br \/>\n  <strong> schl\u00fcsselprogrammierung, blattausschnitt <\/strong><br \/>\n<\/em> <\/p>\n<p>X6 E71 2008 CAS3, CAS3 BMW <em><br \/>\n  <strong>schl\u00fcsselprogrammierung, klinge schneiden <\/strong><br \/>\n<\/em> <\/p>\n<p>MINI COOPER 2001-2004 EWS3 <em><br \/>\n  <strong>Schl\u00fcsselprogrammierung, Messerschneiden <\/strong><br \/>\n<\/em> <\/p>\n<p>MINI COOPER 2005<em><br \/>\n  <strong> Schl\u00fcsselprogrammierung, Messerschneiden <\/strong><br \/>\n<\/em> <\/p>\n<p>&nbsp;<\/p>\n<p>&nbsp;<\/p>\n<p>&nbsp;<\/p>\n","protected":false},"featured_media":12745,"comment_status":"open","ping_status":"closed","template":"","meta":[],"product_brand":[],"product_cat":[2098,2619],"product_tag":[2747,2418,2103,2115,2496,2208,2420,2123,2209,2210,2137,2144,2446,2453,2211,2168,2171,2748,2196,2131,2212,2502,2148,2482,2153,2198,2503,2172,2429,2749,2750,2751],"class_list":{"0":"post-16411","1":"product","2":"type-product","3":"status-publish","4":"has-post-thumbnail","6":"product_cat-bmw-de","7":"product_cat-herstellung-von-schlusseln","8":"product_tag-bmv-schlusselprogrammierung","9":"product_tag-bmw-3-schlussel","10":"product_tag-bmw-3-schlusselgehause","11":"product_tag-bmw-5-schlusselgehause","12":"product_tag-bmw-5er-schlussel","13":"product_tag-bmw-6-schlusselgehause","14":"product_tag-bmw-7-schlussel","15":"product_tag-bmw-7-schlusselgehause","16":"product_tag-bmw-8-schlusselgehause","17":"product_tag-bmw-e-schlusselgehause","18":"product_tag-bmw-e38-schlusselgehause","19":"product_tag-bmw-e46-schlusselgehause","20":"product_tag-bmw-f3-schlussel","21":"product_tag-bmw-f5-schlussel","22":"product_tag-bmw-m-schlusselgehause","23":"product_tag-bmw-m3-schlusselgehause","24":"product_tag-bmw-m5-schlusselgehause","25":"product_tag-bmw-mini-schlusselgehause","26":"product_tag-bmw-schlussel-5-schale","27":"product_tag-bmw-schlusselgehause","28":"product_tag-bmw-x-schlusselgehause","29":"product_tag-bmw-x3-schlussel","30":"product_tag-bmw-x3-schlusselgehause","31":"product_tag-bmw-x5-schlussel","32":"product_tag-bmw-x5-schlusselgehause","33":"product_tag-bmw-z3-schlusselgehause","34":"product_tag-bmw-z4-schlussel","35":"product_tag-bmw-z4-schlusselgehause","36":"product_tag-bmw-schlussel-de","37":"product_tag-herstellung-von-bmw-schlusseln","38":"product_tag-schlusselfertigung","39":"product_tag-tastenprogrammierung","41":"first","42":"instock","43":"shipping-taxable","44":"product-type-simple"},"yoast_head":"<!-- This site is optimized with the Yoast SEO plugin v27.3 - https:\/\/yoast.com\/product\/yoast-seo-wordpress\/ -->\n<title>-<\/title>\n<meta name=\"robots\" content=\"index, follow, max-snippet:-1, max-image-preview:large, max-video-preview:-1\" \/>\n<link rel=\"canonical\" href=\"https:\/\/keys-for-auto.eu\/de\/product\/schlussel-anfertigung-programmierung-fur-bmw-autos\/\" \/>\n<meta property=\"og:locale\" content=\"de_DE\" \/>\n<meta property=\"og:type\" content=\"article\" \/>\n<meta property=\"og:title\" content=\"-\" \/>\n<meta property=\"og:description\" content=\"Herstellung von Autoschl\u00fcsseln  Herstellung neuer Autoschl\u00fcssel, Programmierung der Schl\u00fcssel (&quot;Bindung&quot; an das Auto)  L\u00f6schen von zuvor verlorenen Schl\u00fcsseln aus dem Fahrzeugspeicher  Herstellung des Z\u00fcndschl\u00fcssels entsprechend dem Schloss  Reparatur von Autoschl\u00fcsseln (Ersatz von Tasten, Schalen, Mechanismen)  Auto-Notentriegelung  Umtausch von Schl\u00fcsseln, Schl\u00fcsseletuis  DPF \/ FAP Software-Abschaltung  Programmatische EGR-Entfernung  Deaktivierung der Wegfahrsperre-Software (immo Off)  Reparatur, Klonen, Programmieren von Motorsteuerger\u00e4ten (ECU)  SRS (Airbag-Steuerger\u00e4t-Programmierung)  Artikel werden innerhalb von 3 Arbeitstagen versandt.* BMW Schl\u00fcsselprogrammierung ab 60\u20ac Preis beinhaltet BMW Schl\u00fcssel mit Programmierung, Schneiden der Klinge. &nbsp; BMW 3er E36 1996-1999 EWS1, EWS2 BMW  Schl\u00fcsselprogrammierung, Messerschneiden   BMW 3er E46 1999-2004 EWS 3 BMW  Schl\u00fcsselprogrammierung, Messerschneiden   BMW 3er E46 2005-2007 CAS2 BMW  Schl\u00fcsselprogrammierung, Messerschneiden   BMW 3er E90 2005-2012 CAS3, CAS3 BMW  Schl\u00fcsselprogrammierung, Messerausschnitt   BMW 3er F30 2012- BMW  Schl\u00fcsselprogrammierung, Messerschneiden   BMW 5er E39 1996-2004 EWS1, EWS2, EWS3 BMW  Schl\u00fcsselprogrammierung, Messerschneiden   BMW 5er Reihe E60, E61 2004-2010 CAS2 BMW  Schl\u00fcsselprogrammierung, Messerausschnitt   BMW 5er E60, E61 2004-2010 CAS3, CAS3 BMW  Schl\u00fcsselprogrammierung, Messerausschnitt  BMW 5er Reihe F10 2010 - BMW  Schl\u00fcsselprogrammierung, Messerschneiden   BMW 6er Reihe E63, E64 2004-2010 CAS2 BMW  Schl\u00fcsselprogrammierung, Klingenschneiden   BMW 6er E63, E64 2004-2010 CAS3, CAS3 BMW  Schl\u00fcsselprogrammierung, Messerausschnitt   BMW 6er Reihe F06, F12 2011- BMW  Schl\u00fcsselprogrammierung, Messerschneiden   BMW 7er E38 1996-2001 EWS BMW  Schl\u00fcsselprogrammierung, Messerschneiden   BMW 7er Reihe E65, E66 2002-2008 CAS BMW  Schl\u00fcsselprogrammierung, Messerausschnitt   BMW 7er F01, F02 2008-2015 BMW  Schl\u00fcsselprogrammierung, Messerausschnitt   BMW 7er G10, G11 2015- BMW 1er E87 2004-2011 CAS3, CAS3 BMW  Schl\u00fcsselprogrammierung, Messerausschnitt  BMW 1er Reihe F20, F21 2011- BMW  Schl\u00fcsselprogrammierung, Messerschneiden  X1 2009 CAS3, CAS3 BMW  schl\u00fcsselprogrammierung, klinge schneiden  X3 E83 2003-2010 CAS3, CAS3 BMW  schl\u00fcsselprogrammierung, klinge schneiden  X3 F25 2010- BMW  Schl\u00fcsselprogrammierung, Messerschneiden  X5 E53 1999-2003 EWS3 BMW  Schl\u00fcsselprogrammierung, Messerschneiden   X5 E70 2006- CAS3, CAS3 BMW  schl\u00fcsselprogrammierung, blattausschnitt   X6 E71 2008 CAS3, CAS3 BMW  schl\u00fcsselprogrammierung, klinge schneiden   MINI COOPER 2001-2004 EWS3  Schl\u00fcsselprogrammierung, Messerschneiden   MINI COOPER 2005  Schl\u00fcsselprogrammierung, Messerschneiden   &nbsp; &nbsp; &nbsp;\" \/>\n<meta property=\"og:url\" content=\"https:\/\/keys-for-auto.eu\/de\/product\/schlussel-anfertigung-programmierung-fur-bmw-autos\/\" \/>\n<meta property=\"og:site_name\" content=\"Keys for auto\" \/>\n<meta property=\"article:publisher\" content=\"https:\/\/www.facebook.com\/KeysForAutoEU\" \/>\n<meta property=\"og:image\" content=\"https:\/\/keys-for-auto.eu\/wp-content\/uploads\/2022\/12\/312-1.png\" \/>\n\t<meta property=\"og:image:width\" content=\"600\" \/>\n\t<meta property=\"og:image:height\" content=\"500\" \/>\n\t<meta property=\"og:image:type\" content=\"image\/png\" \/>\n<meta name=\"twitter:card\" content=\"summary_large_image\" \/>\n<meta name=\"twitter:label1\" content=\"Gesch\u00e4tzte Lesezeit\" \/>\n\t<meta name=\"twitter:data1\" content=\"2\u00a0Minuten\" \/>\n<script type=\"application\/ld+json\" class=\"yoast-schema-graph\">{\"@context\":\"https:\\\/\\\/schema.org\",\"@graph\":[{\"@type\":[\"WebPage\",\"ItemPage\"],\"@id\":\"https:\\\/\\\/keys-for-auto.eu\\\/de\\\/product\\\/schlussel-anfertigung-programmierung-fur-bmw-autos\\\/\",\"url\":\"https:\\\/\\\/keys-for-auto.eu\\\/de\\\/product\\\/schlussel-anfertigung-programmierung-fur-bmw-autos\\\/\",\"name\":\"-\",\"isPartOf\":{\"@id\":\"https:\\\/\\\/keys-for-auto.eu\\\/de\\\/#website\"},\"primaryImageOfPage\":{\"@id\":\"https:\\\/\\\/keys-for-auto.eu\\\/de\\\/product\\\/schlussel-anfertigung-programmierung-fur-bmw-autos\\\/#primaryimage\"},\"image\":{\"@id\":\"https:\\\/\\\/keys-for-auto.eu\\\/de\\\/product\\\/schlussel-anfertigung-programmierung-fur-bmw-autos\\\/#primaryimage\"},\"thumbnailUrl\":\"https:\\\/\\\/keys-for-auto.eu\\\/wp-content\\\/uploads\\\/2022\\\/12\\\/312-1.png\",\"datePublished\":\"2017-03-11T19:56:53+00:00\",\"breadcrumb\":{\"@id\":\"https:\\\/\\\/keys-for-auto.eu\\\/de\\\/product\\\/schlussel-anfertigung-programmierung-fur-bmw-autos\\\/#breadcrumb\"},\"inLanguage\":\"de\",\"potentialAction\":[{\"@type\":\"ReadAction\",\"target\":[\"https:\\\/\\\/keys-for-auto.eu\\\/de\\\/product\\\/schlussel-anfertigung-programmierung-fur-bmw-autos\\\/\"]}]},{\"@type\":\"ImageObject\",\"inLanguage\":\"de\",\"@id\":\"https:\\\/\\\/keys-for-auto.eu\\\/de\\\/product\\\/schlussel-anfertigung-programmierung-fur-bmw-autos\\\/#primaryimage\",\"url\":\"https:\\\/\\\/keys-for-auto.eu\\\/wp-content\\\/uploads\\\/2022\\\/12\\\/312-1.png\",\"contentUrl\":\"https:\\\/\\\/keys-for-auto.eu\\\/wp-content\\\/uploads\\\/2022\\\/12\\\/312-1.png\",\"width\":600,\"height\":500},{\"@type\":\"BreadcrumbList\",\"@id\":\"https:\\\/\\\/keys-for-auto.eu\\\/de\\\/product\\\/schlussel-anfertigung-programmierung-fur-bmw-autos\\\/#breadcrumb\",\"itemListElement\":[{\"@type\":\"ListItem\",\"position\":1,\"name\":\"Startseite\",\"item\":\"https:\\\/\\\/keys-for-auto.eu\\\/de\\\/\"},{\"@type\":\"ListItem\",\"position\":2,\"name\":\"Shop\",\"item\":\"https:\\\/\\\/keys-for-auto.eu\\\/\"},{\"@type\":\"ListItem\",\"position\":3,\"name\":\"Schl\u00fcsselproduktion \\\/ Programmierung f\u00fcr BMW Fahrzeuge\"}]},{\"@type\":\"WebSite\",\"@id\":\"https:\\\/\\\/keys-for-auto.eu\\\/de\\\/#website\",\"url\":\"https:\\\/\\\/keys-for-auto.eu\\\/de\\\/\",\"name\":\"Keys for auto\",\"description\":\"Car keys,  key shells, key programming\",\"publisher\":{\"@id\":\"https:\\\/\\\/keys-for-auto.eu\\\/de\\\/#organization\"},\"potentialAction\":[{\"@type\":\"SearchAction\",\"target\":{\"@type\":\"EntryPoint\",\"urlTemplate\":\"https:\\\/\\\/keys-for-auto.eu\\\/de\\\/?s={search_term_string}\"},\"query-input\":{\"@type\":\"PropertyValueSpecification\",\"valueRequired\":true,\"valueName\":\"search_term_string\"}}],\"inLanguage\":\"de\"},{\"@type\":\"Organization\",\"@id\":\"https:\\\/\\\/keys-for-auto.eu\\\/de\\\/#organization\",\"name\":\"Schl\u00fcssel f\u00fcr Auto\",\"url\":\"https:\\\/\\\/keys-for-auto.eu\\\/de\\\/\",\"logo\":{\"@type\":\"ImageObject\",\"inLanguage\":\"de\",\"@id\":\"https:\\\/\\\/keys-for-auto.eu\\\/de\\\/#\\\/schema\\\/logo\\\/image\\\/\",\"url\":\"https:\\\/\\\/keys-for-auto.eu\\\/wp-content\\\/uploads\\\/2022\\\/11\\\/cropped-png1.png\",\"contentUrl\":\"https:\\\/\\\/keys-for-auto.eu\\\/wp-content\\\/uploads\\\/2022\\\/11\\\/cropped-png1.png\",\"width\":1000,\"height\":342,\"caption\":\"Schl\u00fcssel f\u00fcr Auto\"},\"image\":{\"@id\":\"https:\\\/\\\/keys-for-auto.eu\\\/de\\\/#\\\/schema\\\/logo\\\/image\\\/\"},\"sameAs\":[\"https:\\\/\\\/www.facebook.com\\\/KeysForAutoEU\"]}]}<\/script>\n<!-- \/ Yoast SEO plugin. -->","yoast_head_json":{"title":"-","robots":{"index":"index","follow":"follow","max-snippet":"max-snippet:-1","max-image-preview":"max-image-preview:large","max-video-preview":"max-video-preview:-1"},"canonical":"https:\/\/keys-for-auto.eu\/de\/product\/schlussel-anfertigung-programmierung-fur-bmw-autos\/","og_locale":"de_DE","og_type":"article","og_title":"-","og_description":"Herstellung von Autoschl\u00fcsseln  Herstellung neuer Autoschl\u00fcssel, Programmierung der Schl\u00fcssel (\"Bindung\" an das Auto)  L\u00f6schen von zuvor verlorenen Schl\u00fcsseln aus dem Fahrzeugspeicher  Herstellung des Z\u00fcndschl\u00fcssels entsprechend dem Schloss  Reparatur von Autoschl\u00fcsseln (Ersatz von Tasten, Schalen, Mechanismen)  Auto-Notentriegelung  Umtausch von Schl\u00fcsseln, Schl\u00fcsseletuis  DPF \/ FAP Software-Abschaltung  Programmatische EGR-Entfernung  Deaktivierung der Wegfahrsperre-Software (immo Off)  Reparatur, Klonen, Programmieren von Motorsteuerger\u00e4ten (ECU)  SRS (Airbag-Steuerger\u00e4t-Programmierung)  Artikel werden innerhalb von 3 Arbeitstagen versandt.* BMW Schl\u00fcsselprogrammierung ab 60\u20ac Preis beinhaltet BMW Schl\u00fcssel mit Programmierung, Schneiden der Klinge. &nbsp; BMW 3er E36 1996-1999 EWS1, EWS2 BMW  Schl\u00fcsselprogrammierung, Messerschneiden   BMW 3er E46 1999-2004 EWS 3 BMW  Schl\u00fcsselprogrammierung, Messerschneiden   BMW 3er E46 2005-2007 CAS2 BMW  Schl\u00fcsselprogrammierung, Messerschneiden   BMW 3er E90 2005-2012 CAS3, CAS3 BMW  Schl\u00fcsselprogrammierung, Messerausschnitt   BMW 3er F30 2012- BMW  Schl\u00fcsselprogrammierung, Messerschneiden   BMW 5er E39 1996-2004 EWS1, EWS2, EWS3 BMW  Schl\u00fcsselprogrammierung, Messerschneiden   BMW 5er Reihe E60, E61 2004-2010 CAS2 BMW  Schl\u00fcsselprogrammierung, Messerausschnitt   BMW 5er E60, E61 2004-2010 CAS3, CAS3 BMW  Schl\u00fcsselprogrammierung, Messerausschnitt  BMW 5er Reihe F10 2010 - BMW  Schl\u00fcsselprogrammierung, Messerschneiden   BMW 6er Reihe E63, E64 2004-2010 CAS2 BMW  Schl\u00fcsselprogrammierung, Klingenschneiden   BMW 6er E63, E64 2004-2010 CAS3, CAS3 BMW  Schl\u00fcsselprogrammierung, Messerausschnitt   BMW 6er Reihe F06, F12 2011- BMW  Schl\u00fcsselprogrammierung, Messerschneiden   BMW 7er E38 1996-2001 EWS BMW  Schl\u00fcsselprogrammierung, Messerschneiden   BMW 7er Reihe E65, E66 2002-2008 CAS BMW  Schl\u00fcsselprogrammierung, Messerausschnitt   BMW 7er F01, F02 2008-2015 BMW  Schl\u00fcsselprogrammierung, Messerausschnitt   BMW 7er G10, G11 2015- BMW 1er E87 2004-2011 CAS3, CAS3 BMW  Schl\u00fcsselprogrammierung, Messerausschnitt  BMW 1er Reihe F20, F21 2011- BMW  Schl\u00fcsselprogrammierung, Messerschneiden  X1 2009 CAS3, CAS3 BMW  schl\u00fcsselprogrammierung, klinge schneiden  X3 E83 2003-2010 CAS3, CAS3 BMW  schl\u00fcsselprogrammierung, klinge schneiden  X3 F25 2010- BMW  Schl\u00fcsselprogrammierung, Messerschneiden  X5 E53 1999-2003 EWS3 BMW  Schl\u00fcsselprogrammierung, Messerschneiden   X5 E70 2006- CAS3, CAS3 BMW  schl\u00fcsselprogrammierung, blattausschnitt   X6 E71 2008 CAS3, CAS3 BMW  schl\u00fcsselprogrammierung, klinge schneiden   MINI COOPER 2001-2004 EWS3  Schl\u00fcsselprogrammierung, Messerschneiden   MINI COOPER 2005  Schl\u00fcsselprogrammierung, Messerschneiden   &nbsp; &nbsp; &nbsp;","og_url":"https:\/\/keys-for-auto.eu\/de\/product\/schlussel-anfertigung-programmierung-fur-bmw-autos\/","og_site_name":"Keys for auto","article_publisher":"https:\/\/www.facebook.com\/KeysForAutoEU","og_image":[{"width":600,"height":500,"url":"https:\/\/keys-for-auto.eu\/wp-content\/uploads\/2022\/12\/312-1.png","type":"image\/png"}],"twitter_card":"summary_large_image","twitter_misc":{"Gesch\u00e4tzte Lesezeit":"2\u00a0Minuten"},"schema":{"@context":"https:\/\/schema.org","@graph":[{"@type":["WebPage","ItemPage"],"@id":"https:\/\/keys-for-auto.eu\/de\/product\/schlussel-anfertigung-programmierung-fur-bmw-autos\/","url":"https:\/\/keys-for-auto.eu\/de\/product\/schlussel-anfertigung-programmierung-fur-bmw-autos\/","name":"-","isPartOf":{"@id":"https:\/\/keys-for-auto.eu\/de\/#website"},"primaryImageOfPage":{"@id":"https:\/\/keys-for-auto.eu\/de\/product\/schlussel-anfertigung-programmierung-fur-bmw-autos\/#primaryimage"},"image":{"@id":"https:\/\/keys-for-auto.eu\/de\/product\/schlussel-anfertigung-programmierung-fur-bmw-autos\/#primaryimage"},"thumbnailUrl":"https:\/\/keys-for-auto.eu\/wp-content\/uploads\/2022\/12\/312-1.png","datePublished":"2017-03-11T19:56:53+00:00","breadcrumb":{"@id":"https:\/\/keys-for-auto.eu\/de\/product\/schlussel-anfertigung-programmierung-fur-bmw-autos\/#breadcrumb"},"inLanguage":"de","potentialAction":[{"@type":"ReadAction","target":["https:\/\/keys-for-auto.eu\/de\/product\/schlussel-anfertigung-programmierung-fur-bmw-autos\/"]}]},{"@type":"ImageObject","inLanguage":"de","@id":"https:\/\/keys-for-auto.eu\/de\/product\/schlussel-anfertigung-programmierung-fur-bmw-autos\/#primaryimage","url":"https:\/\/keys-for-auto.eu\/wp-content\/uploads\/2022\/12\/312-1.png","contentUrl":"https:\/\/keys-for-auto.eu\/wp-content\/uploads\/2022\/12\/312-1.png","width":600,"height":500},{"@type":"BreadcrumbList","@id":"https:\/\/keys-for-auto.eu\/de\/product\/schlussel-anfertigung-programmierung-fur-bmw-autos\/#breadcrumb","itemListElement":[{"@type":"ListItem","position":1,"name":"Startseite","item":"https:\/\/keys-for-auto.eu\/de\/"},{"@type":"ListItem","position":2,"name":"Shop","item":"https:\/\/keys-for-auto.eu\/"},{"@type":"ListItem","position":3,"name":"Schl\u00fcsselproduktion \/ Programmierung f\u00fcr BMW Fahrzeuge"}]},{"@type":"WebSite","@id":"https:\/\/keys-for-auto.eu\/de\/#website","url":"https:\/\/keys-for-auto.eu\/de\/","name":"Keys for auto","description":"Car keys,  key shells, key programming","publisher":{"@id":"https:\/\/keys-for-auto.eu\/de\/#organization"},"potentialAction":[{"@type":"SearchAction","target":{"@type":"EntryPoint","urlTemplate":"https:\/\/keys-for-auto.eu\/de\/?s={search_term_string}"},"query-input":{"@type":"PropertyValueSpecification","valueRequired":true,"valueName":"search_term_string"}}],"inLanguage":"de"},{"@type":"Organization","@id":"https:\/\/keys-for-auto.eu\/de\/#organization","name":"Schl\u00fcssel f\u00fcr Auto","url":"https:\/\/keys-for-auto.eu\/de\/","logo":{"@type":"ImageObject","inLanguage":"de","@id":"https:\/\/keys-for-auto.eu\/de\/#\/schema\/logo\/image\/","url":"https:\/\/keys-for-auto.eu\/wp-content\/uploads\/2022\/11\/cropped-png1.png","contentUrl":"https:\/\/keys-for-auto.eu\/wp-content\/uploads\/2022\/11\/cropped-png1.png","width":1000,"height":342,"caption":"Schl\u00fcssel f\u00fcr Auto"},"image":{"@id":"https:\/\/keys-for-auto.eu\/de\/#\/schema\/logo\/image\/"},"sameAs":["https:\/\/www.facebook.com\/KeysForAutoEU"]}]}},"_links":{"self":[{"href":"https:\/\/keys-for-auto.eu\/de\/wp-json\/wp\/v2\/product\/16411","targetHints":{"allow":["GET"]}}],"collection":[{"href":"https:\/\/keys-for-auto.eu\/de\/wp-json\/wp\/v2\/product"}],"about":[{"href":"https:\/\/keys-for-auto.eu\/de\/wp-json\/wp\/v2\/types\/product"}],"replies":[{"embeddable":true,"href":"https:\/\/keys-for-auto.eu\/de\/wp-json\/wp\/v2\/comments?post=16411"}],"wp:featuredmedia":[{"embeddable":true,"href":"https:\/\/keys-for-auto.eu\/de\/wp-json\/wp\/v2\/media\/12745"}],"wp:attachment":[{"href":"https:\/\/keys-for-auto.eu\/de\/wp-json\/wp\/v2\/media?parent=16411"}],"wp:term":[{"taxonomy":"product_brand","embeddable":true,"href":"https:\/\/keys-for-auto.eu\/de\/wp-json\/wp\/v2\/product_brand?post=16411"},{"taxonomy":"product_cat","embeddable":true,"href":"https:\/\/keys-for-auto.eu\/de\/wp-json\/wp\/v2\/product_cat?post=16411"},{"taxonomy":"product_tag","embeddable":true,"href":"https:\/\/keys-for-auto.eu\/de\/wp-json\/wp\/v2\/product_tag?post=16411"}],"curies":[{"name":"wp","href":"https:\/\/api.w.org\/{rel}","templated":true}]}}