{"id":16409,"date":"2017-09-14T21:23:00","date_gmt":"2017-09-14T21:23:00","guid":{"rendered":"https:\/\/keys-for-auto.eu\/product\/herstellung-von-schluesseln-fuer-hyundai-fahrzeuge\/"},"modified":"2017-09-14T21:23:00","modified_gmt":"2017-09-14T21:23:00","slug":"herstellung-von-schlusseln-fur-hyundai-autos","status":"publish","type":"product","link":"https:\/\/keys-for-auto.eu\/de\/product\/herstellung-von-schlusseln-fur-hyundai-autos\/","title":{"rendered":"Herstellung von Schl\u00fcsseln f\u00fcr Hyundai-Fahrzeuge"},"content":{"rendered":"<p>Ein Autoschl\u00fcssel kann brechen und sogar zur falschen Zeit verloren gehen. &#8222;Der Hyundai-Z\u00fcndschl\u00fcssel, der seit 1995 mit einem Chip ausgestattet ist, bildet da keine Ausnahme. Seine Wiederherstellung erfordert zwei Hauptaufgaben &#8211; die Herstellung der Klinge und die Neuprogrammierung. Nachschl\u00fcssel k\u00f6nnen sowohl bei Verlust des letzten Schl\u00fcssels als auch bei Verlust des gesamten Schl\u00fcsselbundes bestellt werden.<\/p>\n<h2>Hyundai Key Manufacturing | Key Manufacturing Optionen<\/h2>\n<p>Die Anfertigung eines Hyundai-Schl\u00fcsselnachbaus, wenn der Originalschl\u00fcssel kaputt ist, ist ein Problem, das von einem Fachmann gel\u00f6st werden kann. In diesem Fall wird das falsche Teil ersetzt und der alte Schl\u00fcssel wieder eingebaut. Gegebenenfalls auch die Herstellung des Geheimmechanismus oder der Austausch der Klinge.<\/p>\n<p>Die Erstellung eines einzigartigen Musters ist ein mechanischer Vorgang, der mit Hilfe einer Profilmaschine durchgef\u00fchrt wird, die die Genauigkeit des Musters garantiert und den menschlichen Faktor eliminiert. Nach Eingabe der gew\u00fcnschten Parameter &#8222;merkt&#8220; sich das Ger\u00e4t die Daten und schneidet die gew\u00fcnschten Rillen schnell.<\/p>\n<p>Wenn ein Kunde einen Schl\u00fcssel f\u00fcr ein Hyundai-Fahrzeug bestellt, kann ein Duplikat mit einem Chip (nicht mit einem Klappschl\u00fcssel) oder mit einem Zentralverriegelungssystem hergestellt werden. Selbst wenn sich das Auto in einer anderen Stadt befindet, k\u00f6nnen die Wegfahrsperre und der T\u00fcrgriff mit Schloss in eine Werkstatt geschickt werden, und nach einiger Zeit kann ein Schl\u00fcssel mit allen Funktionen beschafft werden. Zusammen mit der Herstellung des Duplikats entfernt der Techniker die verlorenen Originalschl\u00fcssel aus dem Speicher des Ger\u00e4ts.<\/p>\n<p>Die Programmierung von Schl\u00fcsseln ist ein viel komplexerer und mehrstufiger Prozess. Es gibt mehrere M\u00f6glichkeiten, einen Nachschl\u00fcssel zu programmieren. Die geeignete Methode wird je nach Situation gew\u00e4hlt. Die erforderlichen Daten k\u00f6nnen aufgezeichnet werden:<\/p>\n<p>in der Wegfahrsperre;<\/p>\n<p>Nutzung des Arbeitsged\u00e4chtnisses;<\/p>\n<p>mit einer Schl\u00fcsselkopie.<\/p>\n<p>Wenn ein Duplikat mit Tasten hergestellt wird, ist die Fernbedienung programmiert. Nach der \u00dcberpr\u00fcfung der Funktionsf\u00e4higkeit des Nachbaus \u00fcbernimmt der Techniker die Garantie f\u00fcr das Produkt und alle durchgef\u00fchrten Arbeiten &#8211; Neuprogrammierung, Programmierung, Synchronisierung.<\/p>\n","protected":false},"excerpt":{"rendered":"<h2>Herstellung von Hyundai-Schl\u00fcsseln<\/h2>\n<ul>\n<li>Hyundai Schl\u00fcsselproduktion<\/li>\n<li>Hyundai-Schl\u00fcssel<\/li>\n<li>Hyundai-Schl\u00fcsselgeh\u00e4use<\/li>\n<li>Hyundai Schl\u00fcssel Reparatur<\/li>\n<li>Hyundai Schl\u00fcsselprogrammierung<\/li>\n<li>Notentriegelung von Audi Fahrzeugen<\/li>\n<li>Wir k\u00f6nnen einen Schl\u00fcssel f\u00fcr Ihr Hyundai-Fahrzeug innerhalb von 30 Minuten anfertigen.<\/li>\n<li>Hyundai Schl\u00fcssel Produktion<\/li>\n<\/ul>\n<p>Wir arbeiten nur mit modernen computergesteuerten Ger\u00e4ten, mit denen wir einen hochwertigen und langlebigen Schl\u00fcssel f\u00fcr Ihr Hyundai-Fahrzeug herstellen. Wenn Sie nur einen Schl\u00fcssel haben oder wenn Ihr Hyundai-Schl\u00fcssel Ihr Auto nicht immer startet, empfehlen wir Ihnen, einen Ersatzschl\u00fcssel zu kaufen. So sparen Sie Zeit und Geld.<\/p>\n<p>Wir fertigen Schl\u00fcssel f\u00fcr verschiedene Hyundai-Modelle. Es kann ein Schl\u00fcssel ohne Fernbedienung oder ein Schl\u00fcssel mit Fernbedienung sein. Wir k\u00f6nnen auch einen Smart Key anbieten (schl\u00fcsselloses Z\u00fcndsystem mit START\/STOP-Taste)<\/p>\n<h3><strong>Herstellung von Autoschl\u00fcsseln<\/strong><\/h3>\n<ul>\n<li><strong>Herstellung neuer Autoschl\u00fcssel, Programmierung der Schl\u00fcssel (&#8222;Bindung&#8220; an das Auto)<\/strong><\/li>\n<li><strong>L\u00f6schen von zuvor verlorenen Schl\u00fcsseln aus dem Fahrzeugspeicher<\/strong><\/li>\n<li><strong>Herstellung des Z\u00fcndschl\u00fcssels entsprechend dem Schloss<\/strong><\/li>\n<li><strong>Reparatur von Autoschl\u00fcsseln (Ersatz von Tasten, Schalen, Mechanismen)<\/strong><\/li>\n<li><strong>Auto-Notentriegelung<\/strong><\/li>\n<li><strong>Umtausch von Schl\u00fcsseln, Schl\u00fcsseletuis<\/strong><\/li>\n<li><strong>DPF \/ FAP Software-Abschaltung<\/strong><\/li>\n<li><strong>Programmatische EGR-Entfernung<\/strong><\/li>\n<li><strong>Deaktivierung der Wegfahrsperre-Software (immo Off)<\/strong><\/li>\n<li><strong>Reparatur, Klonen, Programmieren von Motorsteuerger\u00e4ten (ECU)<\/strong><\/li>\n<li><strong>SRS (Airbag-Steuerger\u00e4t-Programmierung)<\/strong><\/li>\n<\/ul>\n<h4><strong>  Artikel werden innerhalb von 3 Arbeitstagen versandt.*<\/strong><\/h4>\n","protected":false},"featured_media":13315,"comment_status":"open","ping_status":"closed","template":"","meta":[],"product_brand":[],"product_cat":[2619,2182],"product_tag":[2195,2516,2732,2184,2199,2213,2222,2734,2736,2738,2740,2741,2197,2190,2533,2742,2187,2743,2200,2744,2559,2508,2250,2745],"class_list":{"0":"post-16409","1":"product","2":"type-product","3":"status-publish","4":"has-post-thumbnail","6":"product_cat-herstellung-von-schlusseln","7":"product_cat-hyundai-de","8":"product_tag-hyundai-accent-fernbedienungsgehause","9":"product_tag-hyundai-accent-schlussel","10":"product_tag-hyundai-accent-schlusselgehause","11":"product_tag-hyundai-elantra-fernbedienungsgehause","12":"product_tag-hyundai-gs350-fernbedienungsgehause","13":"product_tag-hyundai-i20-schlusselgehause","14":"product_tag-hyundai-i30-schlusselgehause","15":"product_tag-hyundai-i40-schlusselgehause","16":"product_tag-hyundai-i45-schlusselgehause","17":"product_tag-hyundai-ix35-schlusselgehause","18":"product_tag-hyundai-ix45-schlusselgehause","19":"product_tag-hyundai-mistra-schlusselgehause","20":"product_tag-hyundai-s300-fernbedienungsgehause","21":"product_tag-hyundai-santa-fe-fernbedienungsgehause","22":"product_tag-hyundai-santa-fe-schlussel","23":"product_tag-hyundai-santa-fe-schlusselgehause","24":"product_tag-hyundai-schlusselgehause","25":"product_tag-hyundai-sonata-schlusselgehause","26":"product_tag-hyundai-sonata-steuerung-fernbedienungsgehause","27":"product_tag-hyundai-tucson-schlusselgehause","28":"product_tag-hyundai-veracruz-schlussel","29":"product_tag-hyundai-schlussel","30":"product_tag-hyundai-schlusselgehause-mit-drei-stiften","31":"product_tag-hyundai-schlusselgehause-mit-vier-stiften","33":"first","34":"instock","35":"shipping-taxable","36":"product-type-simple"},"yoast_head":"<!-- This site is optimized with the Yoast SEO plugin v27.3 - https:\/\/yoast.com\/product\/yoast-seo-wordpress\/ -->\n<title>-<\/title>\n<meta name=\"robots\" content=\"index, follow, max-snippet:-1, max-image-preview:large, max-video-preview:-1\" \/>\n<link rel=\"canonical\" href=\"https:\/\/keys-for-auto.eu\/de\/product\/herstellung-von-schlusseln-fur-hyundai-autos\/\" \/>\n<meta property=\"og:locale\" content=\"de_DE\" \/>\n<meta property=\"og:type\" content=\"article\" \/>\n<meta property=\"og:title\" content=\"-\" \/>\n<meta property=\"og:description\" content=\"Herstellung von Hyundai-Schl\u00fcsseln  Hyundai Schl\u00fcsselproduktion  Hyundai-Schl\u00fcssel  Hyundai-Schl\u00fcsselgeh\u00e4use  Hyundai Schl\u00fcssel Reparatur  Hyundai Schl\u00fcsselprogrammierung  Notentriegelung von Audi Fahrzeugen  Wir k\u00f6nnen einen Schl\u00fcssel f\u00fcr Ihr Hyundai-Fahrzeug innerhalb von 30 Minuten anfertigen.  Hyundai Schl\u00fcssel Produktion Wir arbeiten nur mit modernen computergesteuerten Ger\u00e4ten, mit denen wir einen hochwertigen und langlebigen Schl\u00fcssel f\u00fcr Ihr Hyundai-Fahrzeug herstellen. Wenn Sie nur einen Schl\u00fcssel haben oder wenn Ihr Hyundai-Schl\u00fcssel Ihr Auto nicht immer startet, empfehlen wir Ihnen, einen Ersatzschl\u00fcssel zu kaufen. So sparen Sie Zeit und Geld. Wir fertigen Schl\u00fcssel f\u00fcr verschiedene Hyundai-Modelle. Es kann ein Schl\u00fcssel ohne Fernbedienung oder ein Schl\u00fcssel mit Fernbedienung sein. Wir k\u00f6nnen auch einen Smart Key anbieten (schl\u00fcsselloses Z\u00fcndsystem mit START\/STOP-Taste) Herstellung von Autoschl\u00fcsseln  Herstellung neuer Autoschl\u00fcssel, Programmierung der Schl\u00fcssel (&quot;Bindung&quot; an das Auto)  L\u00f6schen von zuvor verlorenen Schl\u00fcsseln aus dem Fahrzeugspeicher  Herstellung des Z\u00fcndschl\u00fcssels entsprechend dem Schloss  Reparatur von Autoschl\u00fcsseln (Ersatz von Tasten, Schalen, Mechanismen)  Auto-Notentriegelung  Umtausch von Schl\u00fcsseln, Schl\u00fcsseletuis  DPF \/ FAP Software-Abschaltung  Programmatische EGR-Entfernung  Deaktivierung der Wegfahrsperre-Software (immo Off)  Reparatur, Klonen, Programmieren von Motorsteuerger\u00e4ten (ECU)  SRS (Airbag-Steuerger\u00e4t-Programmierung)  Artikel werden innerhalb von 3 Arbeitstagen versandt.*\" \/>\n<meta property=\"og:url\" content=\"https:\/\/keys-for-auto.eu\/de\/product\/herstellung-von-schlusseln-fur-hyundai-autos\/\" \/>\n<meta property=\"og:site_name\" content=\"Keys for auto\" \/>\n<meta property=\"article:publisher\" content=\"https:\/\/www.facebook.com\/KeysForAutoEU\" \/>\n<meta property=\"og:image\" content=\"https:\/\/keys-for-auto.eu\/wp-content\/uploads\/2022\/12\/admin-ajax__1_-removebg-preview-2.png\" \/>\n\t<meta property=\"og:image:width\" content=\"336\" \/>\n\t<meta property=\"og:image:height\" content=\"340\" \/>\n\t<meta property=\"og:image:type\" content=\"image\/png\" \/>\n<meta name=\"twitter:card\" content=\"summary_large_image\" \/>\n<meta name=\"twitter:label1\" content=\"Gesch\u00e4tzte Lesezeit\" \/>\n\t<meta name=\"twitter:data1\" content=\"2\u00a0Minuten\" \/>\n<script type=\"application\/ld+json\" class=\"yoast-schema-graph\">{\"@context\":\"https:\\\/\\\/schema.org\",\"@graph\":[{\"@type\":[\"WebPage\",\"ItemPage\"],\"@id\":\"https:\\\/\\\/keys-for-auto.eu\\\/de\\\/product\\\/herstellung-von-schlusseln-fur-hyundai-autos\\\/\",\"url\":\"https:\\\/\\\/keys-for-auto.eu\\\/de\\\/product\\\/herstellung-von-schlusseln-fur-hyundai-autos\\\/\",\"name\":\"-\",\"isPartOf\":{\"@id\":\"https:\\\/\\\/keys-for-auto.eu\\\/de\\\/#website\"},\"primaryImageOfPage\":{\"@id\":\"https:\\\/\\\/keys-for-auto.eu\\\/de\\\/product\\\/herstellung-von-schlusseln-fur-hyundai-autos\\\/#primaryimage\"},\"image\":{\"@id\":\"https:\\\/\\\/keys-for-auto.eu\\\/de\\\/product\\\/herstellung-von-schlusseln-fur-hyundai-autos\\\/#primaryimage\"},\"thumbnailUrl\":\"https:\\\/\\\/keys-for-auto.eu\\\/wp-content\\\/uploads\\\/2022\\\/12\\\/admin-ajax__1_-removebg-preview-2.png\",\"datePublished\":\"2017-09-14T21:23:00+00:00\",\"breadcrumb\":{\"@id\":\"https:\\\/\\\/keys-for-auto.eu\\\/de\\\/product\\\/herstellung-von-schlusseln-fur-hyundai-autos\\\/#breadcrumb\"},\"inLanguage\":\"de\",\"potentialAction\":[{\"@type\":\"ReadAction\",\"target\":[\"https:\\\/\\\/keys-for-auto.eu\\\/de\\\/product\\\/herstellung-von-schlusseln-fur-hyundai-autos\\\/\"]}]},{\"@type\":\"ImageObject\",\"inLanguage\":\"de\",\"@id\":\"https:\\\/\\\/keys-for-auto.eu\\\/de\\\/product\\\/herstellung-von-schlusseln-fur-hyundai-autos\\\/#primaryimage\",\"url\":\"https:\\\/\\\/keys-for-auto.eu\\\/wp-content\\\/uploads\\\/2022\\\/12\\\/admin-ajax__1_-removebg-preview-2.png\",\"contentUrl\":\"https:\\\/\\\/keys-for-auto.eu\\\/wp-content\\\/uploads\\\/2022\\\/12\\\/admin-ajax__1_-removebg-preview-2.png\",\"width\":336,\"height\":340},{\"@type\":\"BreadcrumbList\",\"@id\":\"https:\\\/\\\/keys-for-auto.eu\\\/de\\\/product\\\/herstellung-von-schlusseln-fur-hyundai-autos\\\/#breadcrumb\",\"itemListElement\":[{\"@type\":\"ListItem\",\"position\":1,\"name\":\"Startseite\",\"item\":\"https:\\\/\\\/keys-for-auto.eu\\\/de\\\/\"},{\"@type\":\"ListItem\",\"position\":2,\"name\":\"Shop\",\"item\":\"https:\\\/\\\/keys-for-auto.eu\\\/\"},{\"@type\":\"ListItem\",\"position\":3,\"name\":\"Herstellung von Schl\u00fcsseln f\u00fcr Hyundai-Fahrzeuge\"}]},{\"@type\":\"WebSite\",\"@id\":\"https:\\\/\\\/keys-for-auto.eu\\\/de\\\/#website\",\"url\":\"https:\\\/\\\/keys-for-auto.eu\\\/de\\\/\",\"name\":\"Keys for auto\",\"description\":\"Car keys,  key shells, key programming\",\"publisher\":{\"@id\":\"https:\\\/\\\/keys-for-auto.eu\\\/de\\\/#organization\"},\"potentialAction\":[{\"@type\":\"SearchAction\",\"target\":{\"@type\":\"EntryPoint\",\"urlTemplate\":\"https:\\\/\\\/keys-for-auto.eu\\\/de\\\/?s={search_term_string}\"},\"query-input\":{\"@type\":\"PropertyValueSpecification\",\"valueRequired\":true,\"valueName\":\"search_term_string\"}}],\"inLanguage\":\"de\"},{\"@type\":\"Organization\",\"@id\":\"https:\\\/\\\/keys-for-auto.eu\\\/de\\\/#organization\",\"name\":\"Schl\u00fcssel f\u00fcr Auto\",\"url\":\"https:\\\/\\\/keys-for-auto.eu\\\/de\\\/\",\"logo\":{\"@type\":\"ImageObject\",\"inLanguage\":\"de\",\"@id\":\"https:\\\/\\\/keys-for-auto.eu\\\/de\\\/#\\\/schema\\\/logo\\\/image\\\/\",\"url\":\"https:\\\/\\\/keys-for-auto.eu\\\/wp-content\\\/uploads\\\/2022\\\/11\\\/cropped-png1.png\",\"contentUrl\":\"https:\\\/\\\/keys-for-auto.eu\\\/wp-content\\\/uploads\\\/2022\\\/11\\\/cropped-png1.png\",\"width\":1000,\"height\":342,\"caption\":\"Schl\u00fcssel f\u00fcr Auto\"},\"image\":{\"@id\":\"https:\\\/\\\/keys-for-auto.eu\\\/de\\\/#\\\/schema\\\/logo\\\/image\\\/\"},\"sameAs\":[\"https:\\\/\\\/www.facebook.com\\\/KeysForAutoEU\"]}]}<\/script>\n<!-- \/ Yoast SEO plugin. -->","yoast_head_json":{"title":"-","robots":{"index":"index","follow":"follow","max-snippet":"max-snippet:-1","max-image-preview":"max-image-preview:large","max-video-preview":"max-video-preview:-1"},"canonical":"https:\/\/keys-for-auto.eu\/de\/product\/herstellung-von-schlusseln-fur-hyundai-autos\/","og_locale":"de_DE","og_type":"article","og_title":"-","og_description":"Herstellung von Hyundai-Schl\u00fcsseln  Hyundai Schl\u00fcsselproduktion  Hyundai-Schl\u00fcssel  Hyundai-Schl\u00fcsselgeh\u00e4use  Hyundai Schl\u00fcssel Reparatur  Hyundai Schl\u00fcsselprogrammierung  Notentriegelung von Audi Fahrzeugen  Wir k\u00f6nnen einen Schl\u00fcssel f\u00fcr Ihr Hyundai-Fahrzeug innerhalb von 30 Minuten anfertigen.  Hyundai Schl\u00fcssel Produktion Wir arbeiten nur mit modernen computergesteuerten Ger\u00e4ten, mit denen wir einen hochwertigen und langlebigen Schl\u00fcssel f\u00fcr Ihr Hyundai-Fahrzeug herstellen. Wenn Sie nur einen Schl\u00fcssel haben oder wenn Ihr Hyundai-Schl\u00fcssel Ihr Auto nicht immer startet, empfehlen wir Ihnen, einen Ersatzschl\u00fcssel zu kaufen. So sparen Sie Zeit und Geld. Wir fertigen Schl\u00fcssel f\u00fcr verschiedene Hyundai-Modelle. Es kann ein Schl\u00fcssel ohne Fernbedienung oder ein Schl\u00fcssel mit Fernbedienung sein. Wir k\u00f6nnen auch einen Smart Key anbieten (schl\u00fcsselloses Z\u00fcndsystem mit START\/STOP-Taste) Herstellung von Autoschl\u00fcsseln  Herstellung neuer Autoschl\u00fcssel, Programmierung der Schl\u00fcssel (\"Bindung\" an das Auto)  L\u00f6schen von zuvor verlorenen Schl\u00fcsseln aus dem Fahrzeugspeicher  Herstellung des Z\u00fcndschl\u00fcssels entsprechend dem Schloss  Reparatur von Autoschl\u00fcsseln (Ersatz von Tasten, Schalen, Mechanismen)  Auto-Notentriegelung  Umtausch von Schl\u00fcsseln, Schl\u00fcsseletuis  DPF \/ FAP Software-Abschaltung  Programmatische EGR-Entfernung  Deaktivierung der Wegfahrsperre-Software (immo Off)  Reparatur, Klonen, Programmieren von Motorsteuerger\u00e4ten (ECU)  SRS (Airbag-Steuerger\u00e4t-Programmierung)  Artikel werden innerhalb von 3 Arbeitstagen versandt.*","og_url":"https:\/\/keys-for-auto.eu\/de\/product\/herstellung-von-schlusseln-fur-hyundai-autos\/","og_site_name":"Keys for auto","article_publisher":"https:\/\/www.facebook.com\/KeysForAutoEU","og_image":[{"width":336,"height":340,"url":"https:\/\/keys-for-auto.eu\/wp-content\/uploads\/2022\/12\/admin-ajax__1_-removebg-preview-2.png","type":"image\/png"}],"twitter_card":"summary_large_image","twitter_misc":{"Gesch\u00e4tzte Lesezeit":"2\u00a0Minuten"},"schema":{"@context":"https:\/\/schema.org","@graph":[{"@type":["WebPage","ItemPage"],"@id":"https:\/\/keys-for-auto.eu\/de\/product\/herstellung-von-schlusseln-fur-hyundai-autos\/","url":"https:\/\/keys-for-auto.eu\/de\/product\/herstellung-von-schlusseln-fur-hyundai-autos\/","name":"-","isPartOf":{"@id":"https:\/\/keys-for-auto.eu\/de\/#website"},"primaryImageOfPage":{"@id":"https:\/\/keys-for-auto.eu\/de\/product\/herstellung-von-schlusseln-fur-hyundai-autos\/#primaryimage"},"image":{"@id":"https:\/\/keys-for-auto.eu\/de\/product\/herstellung-von-schlusseln-fur-hyundai-autos\/#primaryimage"},"thumbnailUrl":"https:\/\/keys-for-auto.eu\/wp-content\/uploads\/2022\/12\/admin-ajax__1_-removebg-preview-2.png","datePublished":"2017-09-14T21:23:00+00:00","breadcrumb":{"@id":"https:\/\/keys-for-auto.eu\/de\/product\/herstellung-von-schlusseln-fur-hyundai-autos\/#breadcrumb"},"inLanguage":"de","potentialAction":[{"@type":"ReadAction","target":["https:\/\/keys-for-auto.eu\/de\/product\/herstellung-von-schlusseln-fur-hyundai-autos\/"]}]},{"@type":"ImageObject","inLanguage":"de","@id":"https:\/\/keys-for-auto.eu\/de\/product\/herstellung-von-schlusseln-fur-hyundai-autos\/#primaryimage","url":"https:\/\/keys-for-auto.eu\/wp-content\/uploads\/2022\/12\/admin-ajax__1_-removebg-preview-2.png","contentUrl":"https:\/\/keys-for-auto.eu\/wp-content\/uploads\/2022\/12\/admin-ajax__1_-removebg-preview-2.png","width":336,"height":340},{"@type":"BreadcrumbList","@id":"https:\/\/keys-for-auto.eu\/de\/product\/herstellung-von-schlusseln-fur-hyundai-autos\/#breadcrumb","itemListElement":[{"@type":"ListItem","position":1,"name":"Startseite","item":"https:\/\/keys-for-auto.eu\/de\/"},{"@type":"ListItem","position":2,"name":"Shop","item":"https:\/\/keys-for-auto.eu\/"},{"@type":"ListItem","position":3,"name":"Herstellung von Schl\u00fcsseln f\u00fcr Hyundai-Fahrzeuge"}]},{"@type":"WebSite","@id":"https:\/\/keys-for-auto.eu\/de\/#website","url":"https:\/\/keys-for-auto.eu\/de\/","name":"Keys for auto","description":"Car keys,  key shells, key programming","publisher":{"@id":"https:\/\/keys-for-auto.eu\/de\/#organization"},"potentialAction":[{"@type":"SearchAction","target":{"@type":"EntryPoint","urlTemplate":"https:\/\/keys-for-auto.eu\/de\/?s={search_term_string}"},"query-input":{"@type":"PropertyValueSpecification","valueRequired":true,"valueName":"search_term_string"}}],"inLanguage":"de"},{"@type":"Organization","@id":"https:\/\/keys-for-auto.eu\/de\/#organization","name":"Schl\u00fcssel f\u00fcr Auto","url":"https:\/\/keys-for-auto.eu\/de\/","logo":{"@type":"ImageObject","inLanguage":"de","@id":"https:\/\/keys-for-auto.eu\/de\/#\/schema\/logo\/image\/","url":"https:\/\/keys-for-auto.eu\/wp-content\/uploads\/2022\/11\/cropped-png1.png","contentUrl":"https:\/\/keys-for-auto.eu\/wp-content\/uploads\/2022\/11\/cropped-png1.png","width":1000,"height":342,"caption":"Schl\u00fcssel f\u00fcr Auto"},"image":{"@id":"https:\/\/keys-for-auto.eu\/de\/#\/schema\/logo\/image\/"},"sameAs":["https:\/\/www.facebook.com\/KeysForAutoEU"]}]}},"_links":{"self":[{"href":"https:\/\/keys-for-auto.eu\/de\/wp-json\/wp\/v2\/product\/16409","targetHints":{"allow":["GET"]}}],"collection":[{"href":"https:\/\/keys-for-auto.eu\/de\/wp-json\/wp\/v2\/product"}],"about":[{"href":"https:\/\/keys-for-auto.eu\/de\/wp-json\/wp\/v2\/types\/product"}],"replies":[{"embeddable":true,"href":"https:\/\/keys-for-auto.eu\/de\/wp-json\/wp\/v2\/comments?post=16409"}],"wp:featuredmedia":[{"embeddable":true,"href":"https:\/\/keys-for-auto.eu\/de\/wp-json\/wp\/v2\/media\/13315"}],"wp:attachment":[{"href":"https:\/\/keys-for-auto.eu\/de\/wp-json\/wp\/v2\/media?parent=16409"}],"wp:term":[{"taxonomy":"product_brand","embeddable":true,"href":"https:\/\/keys-for-auto.eu\/de\/wp-json\/wp\/v2\/product_brand?post=16409"},{"taxonomy":"product_cat","embeddable":true,"href":"https:\/\/keys-for-auto.eu\/de\/wp-json\/wp\/v2\/product_cat?post=16409"},{"taxonomy":"product_tag","embeddable":true,"href":"https:\/\/keys-for-auto.eu\/de\/wp-json\/wp\/v2\/product_tag?post=16409"}],"curies":[{"name":"wp","href":"https:\/\/api.w.org\/{rel}","templated":true}]}}