{"id":16408,"date":"2016-04-02T18:50:27","date_gmt":"2016-04-02T18:50:27","guid":{"rendered":"https:\/\/keys-for-auto.eu\/product\/fernbedienungsschluessel-passend-fuer-mitsubishi-galant-lancer\/"},"modified":"2016-04-02T18:50:27","modified_gmt":"2016-04-02T18:50:27","slug":"ferngesteuerte-tastatur-geeignet-fur-mitsubishi-galant-lancer","status":"publish","type":"product","link":"https:\/\/keys-for-auto.eu\/de\/product\/ferngesteuerte-tastatur-geeignet-fur-mitsubishi-galant-lancer\/","title":{"rendered":"Fernbedienungsschl\u00fcssel &#8211; passend f\u00fcr Mitsubishi Galant | Lancer"},"content":{"rendered":"<h2><strong>Mitsubishi Galant, f\u00fcr Lancer &#8211; Schl\u00fcssel mit Fernbedienung<\/strong><\/h2>\n<p>Wir bieten Ihnen einen immer beliebteren Service, um die Sicherheit Ihres vierr\u00e4drigen Fahrzeugs zu gew\u00e4hrleisten &#8211; die Programmierung von Autoschl\u00fcsseln. Wir programmieren Schl\u00fcssel f\u00fcr viele Automarken und -modelle. Wir verkaufen auch Fernbedienungsschl\u00fcssel und Schl\u00fcsseletuis f\u00fcr Autos.<\/p>\n<p>K\u00fcmmern Sie sich so fr\u00fch wie m\u00f6glich um die Sicherheit Ihres Autos, und Sie werden es nicht bereuen, wenn Sie Ihr Fahrzeug nicht rechtzeitig gesichert haben. Die Programmierung und Anpassung der Schl\u00fcssel an Ihr individuelles Fahrzeug garantiert dessen Sicherheit und Ihren Seelenfrieden. Eine kleine Investition bringt Ihnen gro\u00dfe Vorteile &#8211; ein auf Ihr Fahrzeug zugeschnittener und auf die Automarke programmierter Schl\u00fcssel ist eine Garantie f\u00fcr Sicherheit. Und Ihre Sicherheit ist unser Ziel, das wir durch professionelle Arbeit und die Ber\u00fccksichtigung der Bed\u00fcrfnisse unserer Kunden erreichen wollen.<\/p>\n<h2><strong>Beschreibung<\/strong><\/h2>\n<p>Diesmal bieten wir Ihnen einen Funkschl\u00fcssel mit Messer f\u00fcr Fahrzeuge der Marke Mitsubishi an, der f\u00fcr die Modelle Mitsubishi Galant und Lancer geeignet ist. Diese Fernsteuerungstasten arbeiten mit 315 MHz.<\/p>\n<p>Die Programmierung der Autoschl\u00fcssel gew\u00e4hrleistet die Sicherheit Ihres Fahrzeugs, und wenn Sie einen Funkschl\u00fcssel f\u00fcr Ihr Mitsubishi-Auto kaufen, werden Sie vom Service-Niveau unserer Mitarbeiter, der prompten Ausf\u00fchrung des Auftrags und der Qualit\u00e4t der Dienstleistung angenehm \u00fcberrascht sein.<\/p>\n<p>Die Herstellung von Schl\u00fcsseln ist eine Dienstleistung, die zunehmend nachgefragt wird. Wenn die Nachfrage steigt, steigt auch das Angebot. Immer mehr Unternehmen bieten diesen Service an, aber wenn Sie die Anfertigung von Schl\u00fcsseln f\u00fcr Ihr Mitsubishi-Auto in Auftrag geben m\u00f6chten, k\u00f6nnen Sie nichts falsch machen, wenn Sie uns w\u00e4hlen. Wir bedienen Sie schnell, mit hoher Qualit\u00e4t und zu einem wettbewerbsf\u00e4higen Preis. Wir sind der Meinung, dass Preis und Qualit\u00e4t Hand in Hand gehen sollten. Deshalb bestellen wir nur Teile von bew\u00e4hrten Herstellern und bem\u00fchen uns, dass der Preis unserer Dienstleistungen und Produkte Ihren Erwartungen entspricht.<\/p>\n<p>Autoschl\u00fcssel sind ein Produkt, das vom Verk\u00e4ufer 100%ige Professionalit\u00e4t verlangt, d.h. einen zuverl\u00e4ssigen Hersteller und eine verantwortungsvolle Arbeitsweise, denn die Sicherheit Ihres Autos h\u00e4ngt von der Qualifikation des Verk\u00e4ufers ab. Beeilen Sie sich also und bestellen Sie die Produktion von Schl\u00fcsseln f\u00fcr Ihr Mitsubishi Auto. Vertrauen Sie die Sicherheit Ihres Fahrzeugs echten Profis auf diesem Gebiet an!<\/p>\n","protected":false},"excerpt":{"rendered":"<p><em><strong>Schl\u00fcssel f\u00fcr Mitsubishi Autos, mit Fernbedienung (315MHz), geeignet f\u00fcr:<\/strong><\/em><\/p>\n<p><em><strong>Galant<\/strong><\/em><\/p>\n<p><em><strong>Lancer<\/strong><\/em><\/p>\n<h3><strong>Herstellung von Autoschl\u00fcsseln<\/strong><\/h3>\n<ul>\n<li><strong>Herstellung neuer Autoschl\u00fcssel, Programmierung der Schl\u00fcssel (&#8222;Bindung&#8220; an das Auto)<\/strong><\/li>\n<li><strong>L\u00f6schen von zuvor verlorenen Schl\u00fcsseln aus dem Fahrzeugspeicher<\/strong><\/li>\n<li><strong>Herstellung des Z\u00fcndschl\u00fcssels entsprechend dem Schloss<\/strong><\/li>\n<li><strong>Reparatur von Autoschl\u00fcsseln (Ersatz von Tasten, Schalen, Mechanismen)<\/strong><\/li>\n<li><strong>Auto-Notentriegelung<\/strong><\/li>\n<li><strong>Umtausch von Schl\u00fcsseln, Schl\u00fcsseletuis<\/strong><\/li>\n<li><strong>DPF \/ FAP Software-Abschaltung<\/strong><\/li>\n<li><strong>Programmatische EGR-Entfernung<\/strong><\/li>\n<li><strong>Deaktivierung der Wegfahrsperre-Software (immo Off)<\/strong><\/li>\n<li><strong>Reparatur, Klonen, Programmieren von Motorsteuerger\u00e4ten (ECU)<\/strong><\/li>\n<li><strong>SRS (Airbag-Steuerger\u00e4t-Programmierung)<\/strong><\/li>\n<\/ul>\n<h4><strong>  Artikel werden innerhalb von 3 Arbeitstagen versandt.*<\/strong><\/h4>\n","protected":false},"featured_media":14105,"comment_status":"open","ping_status":"closed","template":"","meta":[],"product_brand":[],"product_cat":[2214,2292],"product_tag":[2692,2510,2520],"class_list":{"0":"post-16408","1":"product","2":"type-product","3":"status-publish","4":"has-post-thumbnail","6":"product_cat-mitsubishi-de","7":"product_cat-tasten-der-fernbedienung","8":"product_tag-mitsubishi-galant-schlussel","9":"product_tag-mitsubishi-lancer-schlussel","10":"product_tag-mitsubishi-schlussel","12":"first","13":"instock","14":"shipping-taxable","15":"purchasable","16":"product-type-simple"},"yoast_head":"<!-- This site is optimized with the Yoast SEO plugin v27.6 - https:\/\/yoast.com\/product\/yoast-seo-wordpress\/ -->\n<title>-<\/title>\n<meta name=\"robots\" content=\"index, follow, max-snippet:-1, max-image-preview:large, max-video-preview:-1\" \/>\n<link rel=\"canonical\" href=\"https:\/\/keys-for-auto.eu\/de\/product\/ferngesteuerte-tastatur-geeignet-fur-mitsubishi-galant-lancer\/\" \/>\n<meta property=\"og:locale\" content=\"de_DE\" \/>\n<meta property=\"og:type\" content=\"article\" \/>\n<meta property=\"og:title\" content=\"-\" \/>\n<meta property=\"og:description\" content=\"Schl\u00fcssel f\u00fcr Mitsubishi Autos, mit Fernbedienung (315MHz), geeignet f\u00fcr: Galant Lancer Herstellung von Autoschl\u00fcsseln  Herstellung neuer Autoschl\u00fcssel, Programmierung der Schl\u00fcssel (&quot;Bindung&quot; an das Auto)  L\u00f6schen von zuvor verlorenen Schl\u00fcsseln aus dem Fahrzeugspeicher  Herstellung des Z\u00fcndschl\u00fcssels entsprechend dem Schloss  Reparatur von Autoschl\u00fcsseln (Ersatz von Tasten, Schalen, Mechanismen)  Auto-Notentriegelung  Umtausch von Schl\u00fcsseln, Schl\u00fcsseletuis  DPF \/ FAP Software-Abschaltung  Programmatische EGR-Entfernung  Deaktivierung der Wegfahrsperre-Software (immo Off)  Reparatur, Klonen, Programmieren von Motorsteuerger\u00e4ten (ECU)  SRS (Airbag-Steuerger\u00e4t-Programmierung)  Artikel werden innerhalb von 3 Arbeitstagen versandt.*\" \/>\n<meta property=\"og:url\" content=\"https:\/\/keys-for-auto.eu\/de\/product\/ferngesteuerte-tastatur-geeignet-fur-mitsubishi-galant-lancer\/\" \/>\n<meta property=\"og:site_name\" content=\"Keys for auto\" \/>\n<meta property=\"article:publisher\" content=\"https:\/\/www.facebook.com\/KeysForAutoEU\" \/>\n<meta property=\"og:image\" content=\"https:\/\/i0.wp.com\/keys-for-auto.eu\/wp-content\/uploads\/2022\/12\/mitsubishi-lancer-nuotolinio-valdymo-raktas-500x5001-removebg-preview.png?fit=500%2C500&ssl=1\" \/>\n\t<meta property=\"og:image:width\" content=\"500\" \/>\n\t<meta property=\"og:image:height\" content=\"500\" \/>\n\t<meta property=\"og:image:type\" content=\"image\/png\" \/>\n<meta name=\"twitter:card\" content=\"summary_large_image\" \/>\n<meta name=\"twitter:label1\" content=\"Gesch\u00e4tzte Lesezeit\" \/>\n\t<meta name=\"twitter:data1\" content=\"2\u00a0Minuten\" \/>\n<script type=\"application\/ld+json\" class=\"yoast-schema-graph\">{\"@context\":\"https:\\\/\\\/schema.org\",\"@graph\":[{\"@type\":[\"WebPage\",\"ItemPage\"],\"@id\":\"https:\\\/\\\/keys-for-auto.eu\\\/de\\\/product\\\/ferngesteuerte-tastatur-geeignet-fur-mitsubishi-galant-lancer\\\/\",\"url\":\"https:\\\/\\\/keys-for-auto.eu\\\/de\\\/product\\\/ferngesteuerte-tastatur-geeignet-fur-mitsubishi-galant-lancer\\\/\",\"name\":\"-\",\"isPartOf\":{\"@id\":\"https:\\\/\\\/keys-for-auto.eu\\\/de\\\/#website\"},\"primaryImageOfPage\":{\"@id\":\"https:\\\/\\\/keys-for-auto.eu\\\/de\\\/product\\\/ferngesteuerte-tastatur-geeignet-fur-mitsubishi-galant-lancer\\\/#primaryimage\"},\"image\":{\"@id\":\"https:\\\/\\\/keys-for-auto.eu\\\/de\\\/product\\\/ferngesteuerte-tastatur-geeignet-fur-mitsubishi-galant-lancer\\\/#primaryimage\"},\"thumbnailUrl\":\"https:\\\/\\\/keys-for-auto.eu\\\/wp-content\\\/uploads\\\/2022\\\/12\\\/mitsubishi-lancer-nuotolinio-valdymo-raktas-500x5001-removebg-preview.png\",\"datePublished\":\"2016-04-02T18:50:27+00:00\",\"breadcrumb\":{\"@id\":\"https:\\\/\\\/keys-for-auto.eu\\\/de\\\/product\\\/ferngesteuerte-tastatur-geeignet-fur-mitsubishi-galant-lancer\\\/#breadcrumb\"},\"inLanguage\":\"de\",\"potentialAction\":[{\"@type\":\"ReadAction\",\"target\":[\"https:\\\/\\\/keys-for-auto.eu\\\/de\\\/product\\\/ferngesteuerte-tastatur-geeignet-fur-mitsubishi-galant-lancer\\\/\"]}]},{\"@type\":\"ImageObject\",\"inLanguage\":\"de\",\"@id\":\"https:\\\/\\\/keys-for-auto.eu\\\/de\\\/product\\\/ferngesteuerte-tastatur-geeignet-fur-mitsubishi-galant-lancer\\\/#primaryimage\",\"url\":\"https:\\\/\\\/keys-for-auto.eu\\\/wp-content\\\/uploads\\\/2022\\\/12\\\/mitsubishi-lancer-nuotolinio-valdymo-raktas-500x5001-removebg-preview.png\",\"contentUrl\":\"https:\\\/\\\/keys-for-auto.eu\\\/wp-content\\\/uploads\\\/2022\\\/12\\\/mitsubishi-lancer-nuotolinio-valdymo-raktas-500x5001-removebg-preview.png\",\"width\":500,\"height\":500},{\"@type\":\"BreadcrumbList\",\"@id\":\"https:\\\/\\\/keys-for-auto.eu\\\/de\\\/product\\\/ferngesteuerte-tastatur-geeignet-fur-mitsubishi-galant-lancer\\\/#breadcrumb\",\"itemListElement\":[{\"@type\":\"ListItem\",\"position\":1,\"name\":\"Startseite\",\"item\":\"https:\\\/\\\/keys-for-auto.eu\\\/de\\\/\"},{\"@type\":\"ListItem\",\"position\":2,\"name\":\"Shop\",\"item\":\"https:\\\/\\\/keys-for-auto.eu\\\/\"},{\"@type\":\"ListItem\",\"position\":3,\"name\":\"Fernbedienungsschl\u00fcssel &#8211; passend f\u00fcr Mitsubishi Galant | Lancer\"}]},{\"@type\":\"WebSite\",\"@id\":\"https:\\\/\\\/keys-for-auto.eu\\\/de\\\/#website\",\"url\":\"https:\\\/\\\/keys-for-auto.eu\\\/de\\\/\",\"name\":\"Keys for auto\",\"description\":\"Car keys,  key shells, key programming\",\"publisher\":{\"@id\":\"https:\\\/\\\/keys-for-auto.eu\\\/de\\\/#organization\"},\"potentialAction\":[{\"@type\":\"SearchAction\",\"target\":{\"@type\":\"EntryPoint\",\"urlTemplate\":\"https:\\\/\\\/keys-for-auto.eu\\\/de\\\/?s={search_term_string}\"},\"query-input\":{\"@type\":\"PropertyValueSpecification\",\"valueRequired\":true,\"valueName\":\"search_term_string\"}}],\"inLanguage\":\"de\"},{\"@type\":\"Organization\",\"@id\":\"https:\\\/\\\/keys-for-auto.eu\\\/de\\\/#organization\",\"name\":\"Schl\u00fcssel f\u00fcr Auto\",\"url\":\"https:\\\/\\\/keys-for-auto.eu\\\/de\\\/\",\"logo\":{\"@type\":\"ImageObject\",\"inLanguage\":\"de\",\"@id\":\"https:\\\/\\\/keys-for-auto.eu\\\/de\\\/#\\\/schema\\\/logo\\\/image\\\/\",\"url\":\"https:\\\/\\\/keys-for-auto.eu\\\/wp-content\\\/uploads\\\/2022\\\/11\\\/cropped-png1.png\",\"contentUrl\":\"https:\\\/\\\/keys-for-auto.eu\\\/wp-content\\\/uploads\\\/2022\\\/11\\\/cropped-png1.png\",\"width\":1000,\"height\":342,\"caption\":\"Schl\u00fcssel f\u00fcr Auto\"},\"image\":{\"@id\":\"https:\\\/\\\/keys-for-auto.eu\\\/de\\\/#\\\/schema\\\/logo\\\/image\\\/\"},\"sameAs\":[\"https:\\\/\\\/www.facebook.com\\\/KeysForAutoEU\"]}]}<\/script>\n<!-- \/ Yoast SEO plugin. -->","yoast_head_json":{"title":"-","robots":{"index":"index","follow":"follow","max-snippet":"max-snippet:-1","max-image-preview":"max-image-preview:large","max-video-preview":"max-video-preview:-1"},"canonical":"https:\/\/keys-for-auto.eu\/de\/product\/ferngesteuerte-tastatur-geeignet-fur-mitsubishi-galant-lancer\/","og_locale":"de_DE","og_type":"article","og_title":"-","og_description":"Schl\u00fcssel f\u00fcr Mitsubishi Autos, mit Fernbedienung (315MHz), geeignet f\u00fcr: Galant Lancer Herstellung von Autoschl\u00fcsseln  Herstellung neuer Autoschl\u00fcssel, Programmierung der Schl\u00fcssel (\"Bindung\" an das Auto)  L\u00f6schen von zuvor verlorenen Schl\u00fcsseln aus dem Fahrzeugspeicher  Herstellung des Z\u00fcndschl\u00fcssels entsprechend dem Schloss  Reparatur von Autoschl\u00fcsseln (Ersatz von Tasten, Schalen, Mechanismen)  Auto-Notentriegelung  Umtausch von Schl\u00fcsseln, Schl\u00fcsseletuis  DPF \/ FAP Software-Abschaltung  Programmatische EGR-Entfernung  Deaktivierung der Wegfahrsperre-Software (immo Off)  Reparatur, Klonen, Programmieren von Motorsteuerger\u00e4ten (ECU)  SRS (Airbag-Steuerger\u00e4t-Programmierung)  Artikel werden innerhalb von 3 Arbeitstagen versandt.*","og_url":"https:\/\/keys-for-auto.eu\/de\/product\/ferngesteuerte-tastatur-geeignet-fur-mitsubishi-galant-lancer\/","og_site_name":"Keys for auto","article_publisher":"https:\/\/www.facebook.com\/KeysForAutoEU","og_image":[{"width":500,"height":500,"url":"https:\/\/i0.wp.com\/keys-for-auto.eu\/wp-content\/uploads\/2022\/12\/mitsubishi-lancer-nuotolinio-valdymo-raktas-500x5001-removebg-preview.png?fit=500%2C500&ssl=1","type":"image\/png"}],"twitter_card":"summary_large_image","twitter_misc":{"Gesch\u00e4tzte Lesezeit":"2\u00a0Minuten"},"schema":{"@context":"https:\/\/schema.org","@graph":[{"@type":["WebPage","ItemPage"],"@id":"https:\/\/keys-for-auto.eu\/de\/product\/ferngesteuerte-tastatur-geeignet-fur-mitsubishi-galant-lancer\/","url":"https:\/\/keys-for-auto.eu\/de\/product\/ferngesteuerte-tastatur-geeignet-fur-mitsubishi-galant-lancer\/","name":"-","isPartOf":{"@id":"https:\/\/keys-for-auto.eu\/de\/#website"},"primaryImageOfPage":{"@id":"https:\/\/keys-for-auto.eu\/de\/product\/ferngesteuerte-tastatur-geeignet-fur-mitsubishi-galant-lancer\/#primaryimage"},"image":{"@id":"https:\/\/keys-for-auto.eu\/de\/product\/ferngesteuerte-tastatur-geeignet-fur-mitsubishi-galant-lancer\/#primaryimage"},"thumbnailUrl":"https:\/\/keys-for-auto.eu\/wp-content\/uploads\/2022\/12\/mitsubishi-lancer-nuotolinio-valdymo-raktas-500x5001-removebg-preview.png","datePublished":"2016-04-02T18:50:27+00:00","breadcrumb":{"@id":"https:\/\/keys-for-auto.eu\/de\/product\/ferngesteuerte-tastatur-geeignet-fur-mitsubishi-galant-lancer\/#breadcrumb"},"inLanguage":"de","potentialAction":[{"@type":"ReadAction","target":["https:\/\/keys-for-auto.eu\/de\/product\/ferngesteuerte-tastatur-geeignet-fur-mitsubishi-galant-lancer\/"]}]},{"@type":"ImageObject","inLanguage":"de","@id":"https:\/\/keys-for-auto.eu\/de\/product\/ferngesteuerte-tastatur-geeignet-fur-mitsubishi-galant-lancer\/#primaryimage","url":"https:\/\/keys-for-auto.eu\/wp-content\/uploads\/2022\/12\/mitsubishi-lancer-nuotolinio-valdymo-raktas-500x5001-removebg-preview.png","contentUrl":"https:\/\/keys-for-auto.eu\/wp-content\/uploads\/2022\/12\/mitsubishi-lancer-nuotolinio-valdymo-raktas-500x5001-removebg-preview.png","width":500,"height":500},{"@type":"BreadcrumbList","@id":"https:\/\/keys-for-auto.eu\/de\/product\/ferngesteuerte-tastatur-geeignet-fur-mitsubishi-galant-lancer\/#breadcrumb","itemListElement":[{"@type":"ListItem","position":1,"name":"Startseite","item":"https:\/\/keys-for-auto.eu\/de\/"},{"@type":"ListItem","position":2,"name":"Shop","item":"https:\/\/keys-for-auto.eu\/"},{"@type":"ListItem","position":3,"name":"Fernbedienungsschl\u00fcssel &#8211; passend f\u00fcr Mitsubishi Galant | Lancer"}]},{"@type":"WebSite","@id":"https:\/\/keys-for-auto.eu\/de\/#website","url":"https:\/\/keys-for-auto.eu\/de\/","name":"Keys for auto","description":"Car keys,  key shells, key programming","publisher":{"@id":"https:\/\/keys-for-auto.eu\/de\/#organization"},"potentialAction":[{"@type":"SearchAction","target":{"@type":"EntryPoint","urlTemplate":"https:\/\/keys-for-auto.eu\/de\/?s={search_term_string}"},"query-input":{"@type":"PropertyValueSpecification","valueRequired":true,"valueName":"search_term_string"}}],"inLanguage":"de"},{"@type":"Organization","@id":"https:\/\/keys-for-auto.eu\/de\/#organization","name":"Schl\u00fcssel f\u00fcr Auto","url":"https:\/\/keys-for-auto.eu\/de\/","logo":{"@type":"ImageObject","inLanguage":"de","@id":"https:\/\/keys-for-auto.eu\/de\/#\/schema\/logo\/image\/","url":"https:\/\/keys-for-auto.eu\/wp-content\/uploads\/2022\/11\/cropped-png1.png","contentUrl":"https:\/\/keys-for-auto.eu\/wp-content\/uploads\/2022\/11\/cropped-png1.png","width":1000,"height":342,"caption":"Schl\u00fcssel f\u00fcr Auto"},"image":{"@id":"https:\/\/keys-for-auto.eu\/de\/#\/schema\/logo\/image\/"},"sameAs":["https:\/\/www.facebook.com\/KeysForAutoEU"]}]}},"_links":{"self":[{"href":"https:\/\/keys-for-auto.eu\/de\/wp-json\/wp\/v2\/product\/16408","targetHints":{"allow":["GET"]}}],"collection":[{"href":"https:\/\/keys-for-auto.eu\/de\/wp-json\/wp\/v2\/product"}],"about":[{"href":"https:\/\/keys-for-auto.eu\/de\/wp-json\/wp\/v2\/types\/product"}],"replies":[{"embeddable":true,"href":"https:\/\/keys-for-auto.eu\/de\/wp-json\/wp\/v2\/comments?post=16408"}],"wp:featuredmedia":[{"embeddable":true,"href":"https:\/\/keys-for-auto.eu\/de\/wp-json\/wp\/v2\/media\/14105"}],"wp:attachment":[{"href":"https:\/\/keys-for-auto.eu\/de\/wp-json\/wp\/v2\/media?parent=16408"}],"wp:term":[{"taxonomy":"product_brand","embeddable":true,"href":"https:\/\/keys-for-auto.eu\/de\/wp-json\/wp\/v2\/product_brand?post=16408"},{"taxonomy":"product_cat","embeddable":true,"href":"https:\/\/keys-for-auto.eu\/de\/wp-json\/wp\/v2\/product_cat?post=16408"},{"taxonomy":"product_tag","embeddable":true,"href":"https:\/\/keys-for-auto.eu\/de\/wp-json\/wp\/v2\/product_tag?post=16408"}],"curies":[{"name":"wp","href":"https:\/\/api.w.org\/{rel}","templated":true}]}}