{"id":16403,"date":"2017-12-03T14:38:39","date_gmt":"2017-12-03T14:38:39","guid":{"rendered":"https:\/\/keys-for-auto.eu\/product\/schluesselproduktion-fuer-honda-fahrzeuge\/"},"modified":"2017-12-03T14:38:39","modified_gmt":"2017-12-03T14:38:39","slug":"schlussel-produktion-fur-honda-autos","status":"publish","type":"product","link":"https:\/\/keys-for-auto.eu\/de\/product\/schlussel-produktion-fur-honda-autos\/","title":{"rendered":"Schl\u00fcsselproduktion f\u00fcr Honda-Fahrzeuge"},"content":{"rendered":"<p>Anfertigung von Honda-Schl\u00fcsseln &#8211; Der Verlust, Diebstahl oder eine Fehlfunktion eines Honda-Schl\u00fcssels erfordert einen sofortigen Anruf in einer Werkstatt, um den Schl\u00fcssel wiederherzustellen. In den meisten F\u00e4llen dauert die Herstellung eines Analogons nur kurze Zeit und wird in Anwesenheit des Eigent\u00fcmers durchgef\u00fchrt. Je nach Komplexit\u00e4t der Aufgabe kann der Techniker zwischen 10 Minuten und mehreren Stunden mit der Arbeit besch\u00e4ftigt sein. Die Herstellung von Schl\u00fcsseln f\u00fcr Honda-Fahrzeuge (d.h. die Schl\u00fcsselproduktion) wird von unseren Fachleuten mit speziellen Ger\u00e4ten und streng nach einem dreistufigen Verfahren durchgef\u00fchrt.<\/p>\n<h2>Merkmale des Verfahrens zur Erstellung eines neuen Schl\u00fcssels<\/h2>\n<p>Unser Handwerksmeister f\u00fchrt immer drei Hauptarbeiten aus:<br \/>\nHerstellung des Schl\u00fcsselblatts.<br \/>\nProgrammierung des Schl\u00fcssels f\u00fcr das Honda-Fahrzeug; und Synchronisierung des Schl\u00fcssels mit dem Sicherheitssystem.<br \/>\nEingabe der neuen Daten in die Fernbedienung.<br \/>\nWenn das Honda-Fahrzeug nicht mit einer Wegfahrsperre ausgestattet ist, ist eine Programmierung des Schl\u00fcssels nicht erforderlich. Um dem Besitzer das Auf- und Abschlie\u00dfen des Fahrzeugs zu erleichtern, fertigt der Meister das Schl\u00fcsselblatt einfach auf hochpr\u00e4zisen CNC-Maschinen an. Da die spezialisierte Anlage fehlerfrei arbeitet und eine gro\u00dfe Anzahl verschiedener Schl\u00fcsselmodelle f\u00fcr unterschiedliche Fahrzeuge im Speicher hat, kann garantiert werden, dass eine exakte Nachbildung der Honda-Schl\u00fcssel hergestellt wird.<\/p>\n<p>Um den elektronischen Schl\u00fcssel und das Steuersystem zu synchronisieren, werden die Informationen entweder aus dem Originalschl\u00fcssel oder die Software aus der Wegfahrsperre ausgelesen, da alle Codes v\u00f6llig individuell sind. Mit Hilfe von Spezialger\u00e4ten arbeitet der Techniker an dem neuen Sicherheitssystem. Nach der Programmierung des Schl\u00fcssels wird die Funktionsf\u00e4higkeit des Duplikats \u00fcberpr\u00fcft. Alle diese Vorg\u00e4nge werden nur ausgef\u00fchrt, wenn das Fahrzeug mit einer Wegfahrsperre ausgestattet ist, und die Softwareversion wird je nach Honda-Modell und Baujahr bestimmt.<\/p>\n<p>Wenn der Schl\u00fcssel \u00fcber Tasten verf\u00fcgt, wird die Duplikatproduktion durch die Programmierung der Fernbedienung abgeschlossen. Nach Abschluss der Arbeiten gew\u00e4hrt unser Techniker stets eine Garantie, sowohl f\u00fcr die erbrachte Leistung als auch f\u00fcr das fertige Produkt, damit der Besitzer des neuen Schl\u00fcssels das Duplikat vertrauensvoll nutzen kann.<\/p>\n<h3>Herstellung von Honda-Schl\u00fcsseln<\/h3>\n<ul>\n<li>Herstellung von Honda Accord-Schl\u00fcsseln<\/li>\n<li>Herstellung von Honda Acty-Schl\u00fcsseln<\/li>\n<li>Herstellung von Honda City-Schl\u00fcsseln<\/li>\n<li>Herstellung von Honda Civic-Schl\u00fcsseln<\/li>\n<li>Herstellung von Schl\u00fcsseln f\u00fcr den Honda Type R<\/li>\n<li>Herstellung von Honda CR-V-Schl\u00fcsseln<\/li>\n<li>Herstellung von Schl\u00fcsseln f\u00fcr den Honda CR-Z<\/li>\n<li>Herstellung von Honda Crosstour Schl\u00fcsseln<\/li>\n<li>Herstellung der Schl\u00fcssel des Honda FCX Clarity<\/li>\n<li>Herstellung von Honda Fit-Schl\u00fcsseln<\/li>\n<li>Herstellung von Honda Freed-Schl\u00fcsseln<\/li>\n<li>Herstellung von Honda HR-V-Schl\u00fcsseln<\/li>\n<li>Herstellung von Schl\u00fcsseln f\u00fcr den Honda Jazz<\/li>\n<li>Herstellung von Honda Life-Schl\u00fcsseln<\/li>\n<li>Herstellung von Honda Odyssey-Schl\u00fcsseln<\/li>\n<li>Herstellung von Honda Pilot-Schl\u00fcsseln<\/li>\n<li>Herstellung von Honda Ridgeline-Schl\u00fcsseln<\/li>\n<li>Herstellung von Honda Stepwgn-Schl\u00fcsseln<\/li>\n<li>Herstellung von Honda Stream-Schl\u00fcsseln<\/li>\n<\/ul>\n<p>und andere&#8230;<\/p>\n<p><em><strong>Au\u00dferdem: Notentriegelung von Honda-Fahrzeugen<\/strong><\/em><\/p>\n","protected":false},"excerpt":{"rendered":"<h2>Wir fertigen und programmieren Schl\u00fcssel, elektronische (intelligente) Schl\u00fcssel f\u00fcr Honda-Fahrzeuge.<\/h2>\n<ul>\n<li>\n<h2>Herstellung von Honda-Schl\u00fcsseln<\/h2>\n<\/li>\n<li>\n<h2>Honda Schl\u00fcsselprogrammierung<\/h2>\n<\/li>\n<li>\n<h2>Reparatur von Honda-Schl\u00fcsseln<\/h2>\n<\/li>\n<li>\n<h2>Honda-Schl\u00fcsselkoffer<\/h2>\n<\/li>\n<li>\n<h2>Notentriegelung von Honda-Fahrzeugen<\/h2>\n<\/li>\n<li>\n<h2>Honda-Schl\u00fcsselproduktion, Programmierung<\/h2>\n<\/li>\n<\/ul>\n<h3><strong>Herstellung von Autoschl\u00fcsseln<\/strong><\/h3>\n<ul>\n<li><strong>Herstellung neuer Autoschl\u00fcssel, Programmierung der Schl\u00fcssel (&#8222;Bindung&#8220; an das Auto)<\/strong><\/li>\n<li><strong>L\u00f6schen von zuvor verlorenen Schl\u00fcsseln aus dem Fahrzeugspeicher<\/strong><\/li>\n<li><strong>Herstellung des Z\u00fcndschl\u00fcssels entsprechend dem Schloss<\/strong><\/li>\n<li><strong>Reparatur von Autoschl\u00fcsseln (Ersatz von Tasten, Schalen, Mechanismen)<\/strong><\/li>\n<li><strong>Auto-Notentriegelung<\/strong><\/li>\n<li><strong>Umtausch von Schl\u00fcsseln, Schl\u00fcsseletuis<\/strong><\/li>\n<li><strong>DPF \/ FAP Software-Abschaltung<\/strong><\/li>\n<li><strong>Programmatische EGR-Entfernung<\/strong><\/li>\n<li><strong>Deaktivierung der Wegfahrsperre-Software (immo Off)<\/strong><\/li>\n<li><strong>Reparatur, Klonen, Programmieren von Motorsteuerger\u00e4ten (ECU)<\/strong><\/li>\n<li><strong>SRS (Airbag-Steuerger\u00e4t-Programmierung)<\/strong><\/li>\n<\/ul>\n<h4><strong>  Artikel werden innerhalb von 3 Arbeitstagen versandt.*<\/strong><\/h4>\n","protected":false},"featured_media":13320,"comment_status":"open","ping_status":"closed","template":"","meta":[],"product_brand":[],"product_cat":[2619,2111],"product_tag":[2112,2632,2186,2122,2639,2189,2136,2164,2547,2644,2138,2143,2648,2565,2176,2569,2580,2149,2535],"class_list":{"0":"post-16403","1":"product","2":"type-product","3":"status-publish","4":"has-post-thumbnail","6":"product_cat-herstellung-von-schlusseln","7":"product_cat-honda-de","8":"product_tag-honda-accord-fernbedienungsgehause","9":"product_tag-honda-accord-gehause","10":"product_tag-honda-accord-schlusselgehause","11":"product_tag-honda-civic-fernbedienungsgehause","12":"product_tag-honda-civic-gehause","13":"product_tag-honda-civic-schlusselgehause","14":"product_tag-honda-cr-v-steuergerat-mit-fernbedienung","15":"product_tag-honda-crv-fernbedienungsgehause","16":"product_tag-honda-crv-schlussel","17":"product_tag-honda-crv-schale","18":"product_tag-honda-fr-v-fernbedienungsgehause","19":"product_tag-honda-jazz-fernbedienungsgehause","20":"product_tag-honda-jazz-gehause","21":"product_tag-honda-odyssey-schlussel","22":"product_tag-honda-schlusselgehause","23":"product_tag-honda-vezel-schlussel","24":"product_tag-honda-xrv-schlussel","25":"product_tag-honda-fernbedienungsgehause","26":"product_tag-honda-schlussel","28":"first","29":"instock","30":"shipping-taxable","31":"product-type-simple"},"yoast_head":"<!-- This site is optimized with the Yoast SEO plugin v27.3 - https:\/\/yoast.com\/product\/yoast-seo-wordpress\/ -->\n<title>-<\/title>\n<meta name=\"robots\" content=\"index, follow, max-snippet:-1, max-image-preview:large, max-video-preview:-1\" \/>\n<link rel=\"canonical\" href=\"https:\/\/keys-for-auto.eu\/de\/product\/schlussel-produktion-fur-honda-autos\/\" \/>\n<meta property=\"og:locale\" content=\"de_DE\" \/>\n<meta property=\"og:type\" content=\"article\" \/>\n<meta property=\"og:title\" content=\"-\" \/>\n<meta property=\"og:description\" content=\"Wir fertigen und programmieren Schl\u00fcssel, elektronische (intelligente) Schl\u00fcssel f\u00fcr Honda-Fahrzeuge.   Herstellung von Honda-Schl\u00fcsseln   Honda Schl\u00fcsselprogrammierung   Reparatur von Honda-Schl\u00fcsseln   Honda-Schl\u00fcsselkoffer   Notentriegelung von Honda-Fahrzeugen   Honda-Schl\u00fcsselproduktion, Programmierung  Herstellung von Autoschl\u00fcsseln  Herstellung neuer Autoschl\u00fcssel, Programmierung der Schl\u00fcssel (&quot;Bindung&quot; an das Auto)  L\u00f6schen von zuvor verlorenen Schl\u00fcsseln aus dem Fahrzeugspeicher  Herstellung des Z\u00fcndschl\u00fcssels entsprechend dem Schloss  Reparatur von Autoschl\u00fcsseln (Ersatz von Tasten, Schalen, Mechanismen)  Auto-Notentriegelung  Umtausch von Schl\u00fcsseln, Schl\u00fcsseletuis  DPF \/ FAP Software-Abschaltung  Programmatische EGR-Entfernung  Deaktivierung der Wegfahrsperre-Software (immo Off)  Reparatur, Klonen, Programmieren von Motorsteuerger\u00e4ten (ECU)  SRS (Airbag-Steuerger\u00e4t-Programmierung)  Artikel werden innerhalb von 3 Arbeitstagen versandt.*\" \/>\n<meta property=\"og:url\" content=\"https:\/\/keys-for-auto.eu\/de\/product\/schlussel-produktion-fur-honda-autos\/\" \/>\n<meta property=\"og:site_name\" content=\"Keys for auto\" \/>\n<meta property=\"article:publisher\" content=\"https:\/\/www.facebook.com\/KeysForAutoEU\" \/>\n<meta property=\"og:image\" content=\"https:\/\/keys-for-auto.eu\/wp-content\/uploads\/2022\/12\/honda-keyscdr.png\" \/>\n\t<meta property=\"og:image:width\" content=\"1164\" \/>\n\t<meta property=\"og:image:height\" content=\"1183\" \/>\n\t<meta property=\"og:image:type\" content=\"image\/png\" \/>\n<meta name=\"twitter:card\" content=\"summary_large_image\" \/>\n<meta name=\"twitter:label1\" content=\"Gesch\u00e4tzte Lesezeit\" \/>\n\t<meta name=\"twitter:data1\" content=\"2\u00a0Minuten\" \/>\n<script type=\"application\/ld+json\" class=\"yoast-schema-graph\">{\"@context\":\"https:\\\/\\\/schema.org\",\"@graph\":[{\"@type\":[\"WebPage\",\"ItemPage\"],\"@id\":\"https:\\\/\\\/keys-for-auto.eu\\\/de\\\/product\\\/schlussel-produktion-fur-honda-autos\\\/\",\"url\":\"https:\\\/\\\/keys-for-auto.eu\\\/de\\\/product\\\/schlussel-produktion-fur-honda-autos\\\/\",\"name\":\"-\",\"isPartOf\":{\"@id\":\"https:\\\/\\\/keys-for-auto.eu\\\/de\\\/#website\"},\"primaryImageOfPage\":{\"@id\":\"https:\\\/\\\/keys-for-auto.eu\\\/de\\\/product\\\/schlussel-produktion-fur-honda-autos\\\/#primaryimage\"},\"image\":{\"@id\":\"https:\\\/\\\/keys-for-auto.eu\\\/de\\\/product\\\/schlussel-produktion-fur-honda-autos\\\/#primaryimage\"},\"thumbnailUrl\":\"https:\\\/\\\/keys-for-auto.eu\\\/wp-content\\\/uploads\\\/2022\\\/12\\\/honda-keyscdr.png\",\"datePublished\":\"2017-12-03T14:38:39+00:00\",\"breadcrumb\":{\"@id\":\"https:\\\/\\\/keys-for-auto.eu\\\/de\\\/product\\\/schlussel-produktion-fur-honda-autos\\\/#breadcrumb\"},\"inLanguage\":\"de\",\"potentialAction\":[{\"@type\":\"ReadAction\",\"target\":[\"https:\\\/\\\/keys-for-auto.eu\\\/de\\\/product\\\/schlussel-produktion-fur-honda-autos\\\/\"]}]},{\"@type\":\"ImageObject\",\"inLanguage\":\"de\",\"@id\":\"https:\\\/\\\/keys-for-auto.eu\\\/de\\\/product\\\/schlussel-produktion-fur-honda-autos\\\/#primaryimage\",\"url\":\"https:\\\/\\\/keys-for-auto.eu\\\/wp-content\\\/uploads\\\/2022\\\/12\\\/honda-keyscdr.png\",\"contentUrl\":\"https:\\\/\\\/keys-for-auto.eu\\\/wp-content\\\/uploads\\\/2022\\\/12\\\/honda-keyscdr.png\",\"width\":1164,\"height\":1183},{\"@type\":\"BreadcrumbList\",\"@id\":\"https:\\\/\\\/keys-for-auto.eu\\\/de\\\/product\\\/schlussel-produktion-fur-honda-autos\\\/#breadcrumb\",\"itemListElement\":[{\"@type\":\"ListItem\",\"position\":1,\"name\":\"Startseite\",\"item\":\"https:\\\/\\\/keys-for-auto.eu\\\/de\\\/\"},{\"@type\":\"ListItem\",\"position\":2,\"name\":\"Shop\",\"item\":\"https:\\\/\\\/keys-for-auto.eu\\\/\"},{\"@type\":\"ListItem\",\"position\":3,\"name\":\"Schl\u00fcsselproduktion f\u00fcr Honda-Fahrzeuge\"}]},{\"@type\":\"WebSite\",\"@id\":\"https:\\\/\\\/keys-for-auto.eu\\\/de\\\/#website\",\"url\":\"https:\\\/\\\/keys-for-auto.eu\\\/de\\\/\",\"name\":\"Keys for auto\",\"description\":\"Car keys,  key shells, key programming\",\"publisher\":{\"@id\":\"https:\\\/\\\/keys-for-auto.eu\\\/de\\\/#organization\"},\"potentialAction\":[{\"@type\":\"SearchAction\",\"target\":{\"@type\":\"EntryPoint\",\"urlTemplate\":\"https:\\\/\\\/keys-for-auto.eu\\\/de\\\/?s={search_term_string}\"},\"query-input\":{\"@type\":\"PropertyValueSpecification\",\"valueRequired\":true,\"valueName\":\"search_term_string\"}}],\"inLanguage\":\"de\"},{\"@type\":\"Organization\",\"@id\":\"https:\\\/\\\/keys-for-auto.eu\\\/de\\\/#organization\",\"name\":\"Schl\u00fcssel f\u00fcr Auto\",\"url\":\"https:\\\/\\\/keys-for-auto.eu\\\/de\\\/\",\"logo\":{\"@type\":\"ImageObject\",\"inLanguage\":\"de\",\"@id\":\"https:\\\/\\\/keys-for-auto.eu\\\/de\\\/#\\\/schema\\\/logo\\\/image\\\/\",\"url\":\"https:\\\/\\\/keys-for-auto.eu\\\/wp-content\\\/uploads\\\/2022\\\/11\\\/cropped-png1.png\",\"contentUrl\":\"https:\\\/\\\/keys-for-auto.eu\\\/wp-content\\\/uploads\\\/2022\\\/11\\\/cropped-png1.png\",\"width\":1000,\"height\":342,\"caption\":\"Schl\u00fcssel f\u00fcr Auto\"},\"image\":{\"@id\":\"https:\\\/\\\/keys-for-auto.eu\\\/de\\\/#\\\/schema\\\/logo\\\/image\\\/\"},\"sameAs\":[\"https:\\\/\\\/www.facebook.com\\\/KeysForAutoEU\"]}]}<\/script>\n<!-- \/ Yoast SEO plugin. -->","yoast_head_json":{"title":"-","robots":{"index":"index","follow":"follow","max-snippet":"max-snippet:-1","max-image-preview":"max-image-preview:large","max-video-preview":"max-video-preview:-1"},"canonical":"https:\/\/keys-for-auto.eu\/de\/product\/schlussel-produktion-fur-honda-autos\/","og_locale":"de_DE","og_type":"article","og_title":"-","og_description":"Wir fertigen und programmieren Schl\u00fcssel, elektronische (intelligente) Schl\u00fcssel f\u00fcr Honda-Fahrzeuge.   Herstellung von Honda-Schl\u00fcsseln   Honda Schl\u00fcsselprogrammierung   Reparatur von Honda-Schl\u00fcsseln   Honda-Schl\u00fcsselkoffer   Notentriegelung von Honda-Fahrzeugen   Honda-Schl\u00fcsselproduktion, Programmierung  Herstellung von Autoschl\u00fcsseln  Herstellung neuer Autoschl\u00fcssel, Programmierung der Schl\u00fcssel (\"Bindung\" an das Auto)  L\u00f6schen von zuvor verlorenen Schl\u00fcsseln aus dem Fahrzeugspeicher  Herstellung des Z\u00fcndschl\u00fcssels entsprechend dem Schloss  Reparatur von Autoschl\u00fcsseln (Ersatz von Tasten, Schalen, Mechanismen)  Auto-Notentriegelung  Umtausch von Schl\u00fcsseln, Schl\u00fcsseletuis  DPF \/ FAP Software-Abschaltung  Programmatische EGR-Entfernung  Deaktivierung der Wegfahrsperre-Software (immo Off)  Reparatur, Klonen, Programmieren von Motorsteuerger\u00e4ten (ECU)  SRS (Airbag-Steuerger\u00e4t-Programmierung)  Artikel werden innerhalb von 3 Arbeitstagen versandt.*","og_url":"https:\/\/keys-for-auto.eu\/de\/product\/schlussel-produktion-fur-honda-autos\/","og_site_name":"Keys for auto","article_publisher":"https:\/\/www.facebook.com\/KeysForAutoEU","og_image":[{"width":1164,"height":1183,"url":"https:\/\/keys-for-auto.eu\/wp-content\/uploads\/2022\/12\/honda-keyscdr.png","type":"image\/png"}],"twitter_card":"summary_large_image","twitter_misc":{"Gesch\u00e4tzte Lesezeit":"2\u00a0Minuten"},"schema":{"@context":"https:\/\/schema.org","@graph":[{"@type":["WebPage","ItemPage"],"@id":"https:\/\/keys-for-auto.eu\/de\/product\/schlussel-produktion-fur-honda-autos\/","url":"https:\/\/keys-for-auto.eu\/de\/product\/schlussel-produktion-fur-honda-autos\/","name":"-","isPartOf":{"@id":"https:\/\/keys-for-auto.eu\/de\/#website"},"primaryImageOfPage":{"@id":"https:\/\/keys-for-auto.eu\/de\/product\/schlussel-produktion-fur-honda-autos\/#primaryimage"},"image":{"@id":"https:\/\/keys-for-auto.eu\/de\/product\/schlussel-produktion-fur-honda-autos\/#primaryimage"},"thumbnailUrl":"https:\/\/keys-for-auto.eu\/wp-content\/uploads\/2022\/12\/honda-keyscdr.png","datePublished":"2017-12-03T14:38:39+00:00","breadcrumb":{"@id":"https:\/\/keys-for-auto.eu\/de\/product\/schlussel-produktion-fur-honda-autos\/#breadcrumb"},"inLanguage":"de","potentialAction":[{"@type":"ReadAction","target":["https:\/\/keys-for-auto.eu\/de\/product\/schlussel-produktion-fur-honda-autos\/"]}]},{"@type":"ImageObject","inLanguage":"de","@id":"https:\/\/keys-for-auto.eu\/de\/product\/schlussel-produktion-fur-honda-autos\/#primaryimage","url":"https:\/\/keys-for-auto.eu\/wp-content\/uploads\/2022\/12\/honda-keyscdr.png","contentUrl":"https:\/\/keys-for-auto.eu\/wp-content\/uploads\/2022\/12\/honda-keyscdr.png","width":1164,"height":1183},{"@type":"BreadcrumbList","@id":"https:\/\/keys-for-auto.eu\/de\/product\/schlussel-produktion-fur-honda-autos\/#breadcrumb","itemListElement":[{"@type":"ListItem","position":1,"name":"Startseite","item":"https:\/\/keys-for-auto.eu\/de\/"},{"@type":"ListItem","position":2,"name":"Shop","item":"https:\/\/keys-for-auto.eu\/"},{"@type":"ListItem","position":3,"name":"Schl\u00fcsselproduktion f\u00fcr Honda-Fahrzeuge"}]},{"@type":"WebSite","@id":"https:\/\/keys-for-auto.eu\/de\/#website","url":"https:\/\/keys-for-auto.eu\/de\/","name":"Keys for auto","description":"Car keys,  key shells, key programming","publisher":{"@id":"https:\/\/keys-for-auto.eu\/de\/#organization"},"potentialAction":[{"@type":"SearchAction","target":{"@type":"EntryPoint","urlTemplate":"https:\/\/keys-for-auto.eu\/de\/?s={search_term_string}"},"query-input":{"@type":"PropertyValueSpecification","valueRequired":true,"valueName":"search_term_string"}}],"inLanguage":"de"},{"@type":"Organization","@id":"https:\/\/keys-for-auto.eu\/de\/#organization","name":"Schl\u00fcssel f\u00fcr Auto","url":"https:\/\/keys-for-auto.eu\/de\/","logo":{"@type":"ImageObject","inLanguage":"de","@id":"https:\/\/keys-for-auto.eu\/de\/#\/schema\/logo\/image\/","url":"https:\/\/keys-for-auto.eu\/wp-content\/uploads\/2022\/11\/cropped-png1.png","contentUrl":"https:\/\/keys-for-auto.eu\/wp-content\/uploads\/2022\/11\/cropped-png1.png","width":1000,"height":342,"caption":"Schl\u00fcssel f\u00fcr Auto"},"image":{"@id":"https:\/\/keys-for-auto.eu\/de\/#\/schema\/logo\/image\/"},"sameAs":["https:\/\/www.facebook.com\/KeysForAutoEU"]}]}},"_links":{"self":[{"href":"https:\/\/keys-for-auto.eu\/de\/wp-json\/wp\/v2\/product\/16403","targetHints":{"allow":["GET"]}}],"collection":[{"href":"https:\/\/keys-for-auto.eu\/de\/wp-json\/wp\/v2\/product"}],"about":[{"href":"https:\/\/keys-for-auto.eu\/de\/wp-json\/wp\/v2\/types\/product"}],"replies":[{"embeddable":true,"href":"https:\/\/keys-for-auto.eu\/de\/wp-json\/wp\/v2\/comments?post=16403"}],"wp:featuredmedia":[{"embeddable":true,"href":"https:\/\/keys-for-auto.eu\/de\/wp-json\/wp\/v2\/media\/13320"}],"wp:attachment":[{"href":"https:\/\/keys-for-auto.eu\/de\/wp-json\/wp\/v2\/media?parent=16403"}],"wp:term":[{"taxonomy":"product_brand","embeddable":true,"href":"https:\/\/keys-for-auto.eu\/de\/wp-json\/wp\/v2\/product_brand?post=16403"},{"taxonomy":"product_cat","embeddable":true,"href":"https:\/\/keys-for-auto.eu\/de\/wp-json\/wp\/v2\/product_cat?post=16403"},{"taxonomy":"product_tag","embeddable":true,"href":"https:\/\/keys-for-auto.eu\/de\/wp-json\/wp\/v2\/product_tag?post=16403"}],"curies":[{"name":"wp","href":"https:\/\/api.w.org\/{rel}","templated":true}]}}