{"id":16398,"date":"2020-02-23T20:18:16","date_gmt":"2020-02-23T20:18:16","guid":{"rendered":"https:\/\/keys-for-auto.eu\/product\/herstellung-von-schluesseln-fuer-porsche-fahrzeuge\/"},"modified":"2020-02-23T20:18:16","modified_gmt":"2020-02-23T20:18:16","slug":"herstellung-von-schlusseln-fur-porsche-autos","status":"publish","type":"product","link":"https:\/\/keys-for-auto.eu\/de\/product\/herstellung-von-schlusseln-fur-porsche-autos\/","title":{"rendered":"Herstellung von Schl\u00fcsseln f\u00fcr Porsche-Fahrzeuge"},"content":{"rendered":"<p>Herstellung von Schl\u00fcsseln f\u00fcr Porsche-Fahrzeuge<\/p>\n","protected":false},"excerpt":{"rendered":"<h2>Wir fertigen und programmieren Schl\u00fcssel, elektronische (Smart) Schl\u00fcssel f\u00fcr Porsche Fahrzeuge.<\/h2>\n<ul>\n<li>Herstellung von Porsche-Schl\u00fcsseln<\/li>\n<li>Porsche Schl\u00fcsselprogrammierung<\/li>\n<li>Reparatur von Porsche-Schl\u00fcsseln<\/li>\n<li>Porsche-Schl\u00fcsselanh\u00e4nger<\/li>\n<li>Porsche Schl\u00fcsselproduktion, Programmierung<\/li>\n<li>Notentriegelung von Porsche Fahrzeugen<\/li>\n<\/ul>\n<p>&nbsp;<\/p>\n<p>Preisanfrage f\u00fcr Porsche-Schl\u00fcssel-Produktion\/Automodell\/Baujahr des Fahrzeugs spezifizieren<br \/>\n\/Telefonnummer der Kontaktperson<\/p>\n<h3><strong>Herstellung von Autoschl\u00fcsseln<\/strong><\/h3>\n<ul>\n<li><strong>Herstellung neuer Autoschl\u00fcssel, Programmierung der Schl\u00fcssel (&#8222;Bindung&#8220; an das Auto)<\/strong><\/li>\n<li><strong>L\u00f6schen von zuvor verlorenen Schl\u00fcsseln aus dem Fahrzeugspeicher<\/strong><\/li>\n<li><strong>Herstellung des Z\u00fcndschl\u00fcssels entsprechend dem Schloss<\/strong><\/li>\n<li><strong>Reparatur von Autoschl\u00fcsseln (Ersatz von Tasten, Schalen, Mechanismen)<\/strong><\/li>\n<li><strong>Auto-Notentriegelung<\/strong><\/li>\n<li><strong>Umtausch von Schl\u00fcsseln, Schl\u00fcsseletuis<\/strong><\/li>\n<li><strong>DPF \/ FAP Software-Abschaltung<\/strong><\/li>\n<li><strong>Programmatische EGR-Entfernung<\/strong><\/li>\n<li><strong>Deaktivierung der Wegfahrsperre-Software (immo Off)<\/strong><\/li>\n<li><strong>Reparatur, Klonen, Programmieren von Motorsteuerger\u00e4ten (ECU)<\/strong><\/li>\n<li><strong>SRS (Airbag-Steuerger\u00e4t-Programmierung)<\/strong><\/li>\n<\/ul>\n<h4><strong>  Artikel werden innerhalb von 3 Arbeitstagen versandt.*<\/strong><\/h4>\n","protected":false},"featured_media":14610,"comment_status":"open","ping_status":"closed","template":"","meta":[],"product_brand":[],"product_cat":[2619,2318],"product_tag":[2729],"class_list":{"0":"post-16398","1":"product","2":"type-product","3":"status-publish","4":"has-post-thumbnail","6":"product_cat-herstellung-von-schlusseln","7":"product_cat-porsche-de","8":"product_tag-herstellung-von-schlusseln-fur-porsche-fahrzeuge","10":"first","11":"instock","12":"shipping-taxable","13":"product-type-simple"},"yoast_head":"<!-- This site is optimized with the Yoast SEO plugin v27.6 - https:\/\/yoast.com\/product\/yoast-seo-wordpress\/ -->\n<title>-<\/title>\n<meta name=\"robots\" content=\"index, follow, max-snippet:-1, max-image-preview:large, max-video-preview:-1\" \/>\n<link rel=\"canonical\" href=\"https:\/\/keys-for-auto.eu\/de\/product\/herstellung-von-schlusseln-fur-porsche-autos\/\" \/>\n<meta property=\"og:locale\" content=\"de_DE\" \/>\n<meta property=\"og:type\" content=\"article\" \/>\n<meta property=\"og:title\" content=\"-\" \/>\n<meta property=\"og:description\" content=\"Wir fertigen und programmieren Schl\u00fcssel, elektronische (Smart) Schl\u00fcssel f\u00fcr Porsche Fahrzeuge.  Herstellung von Porsche-Schl\u00fcsseln  Porsche Schl\u00fcsselprogrammierung  Reparatur von Porsche-Schl\u00fcsseln  Porsche-Schl\u00fcsselanh\u00e4nger  Porsche Schl\u00fcsselproduktion, Programmierung  Notentriegelung von Porsche Fahrzeugen &nbsp; Preisanfrage f\u00fcr Porsche-Schl\u00fcssel-Produktion\/Automodell\/Baujahr des Fahrzeugs spezifizieren \/Telefonnummer der Kontaktperson Herstellung von Autoschl\u00fcsseln  Herstellung neuer Autoschl\u00fcssel, Programmierung der Schl\u00fcssel (&quot;Bindung&quot; an das Auto)  L\u00f6schen von zuvor verlorenen Schl\u00fcsseln aus dem Fahrzeugspeicher  Herstellung des Z\u00fcndschl\u00fcssels entsprechend dem Schloss  Reparatur von Autoschl\u00fcsseln (Ersatz von Tasten, Schalen, Mechanismen)  Auto-Notentriegelung  Umtausch von Schl\u00fcsseln, Schl\u00fcsseletuis  DPF \/ FAP Software-Abschaltung  Programmatische EGR-Entfernung  Deaktivierung der Wegfahrsperre-Software (immo Off)  Reparatur, Klonen, Programmieren von Motorsteuerger\u00e4ten (ECU)  SRS (Airbag-Steuerger\u00e4t-Programmierung)  Artikel werden innerhalb von 3 Arbeitstagen versandt.*\" \/>\n<meta property=\"og:url\" content=\"https:\/\/keys-for-auto.eu\/de\/product\/herstellung-von-schlusseln-fur-porsche-autos\/\" \/>\n<meta property=\"og:site_name\" content=\"Keys for auto\" \/>\n<meta property=\"article:publisher\" content=\"https:\/\/www.facebook.com\/KeysForAutoEU\" \/>\n<meta property=\"og:image\" content=\"https:\/\/i0.wp.com\/keys-for-auto.eu\/wp-content\/uploads\/2022\/12\/admin-ajax__1_-removebg-preview-1-3.png?fit=405%2C356&ssl=1\" \/>\n\t<meta property=\"og:image:width\" content=\"405\" \/>\n\t<meta property=\"og:image:height\" content=\"356\" \/>\n\t<meta property=\"og:image:type\" content=\"image\/png\" \/>\n<meta name=\"twitter:card\" content=\"summary_large_image\" \/>\n<script type=\"application\/ld+json\" class=\"yoast-schema-graph\">{\"@context\":\"https:\\\/\\\/schema.org\",\"@graph\":[{\"@type\":[\"WebPage\",\"ItemPage\"],\"@id\":\"https:\\\/\\\/keys-for-auto.eu\\\/de\\\/product\\\/herstellung-von-schlusseln-fur-porsche-autos\\\/\",\"url\":\"https:\\\/\\\/keys-for-auto.eu\\\/de\\\/product\\\/herstellung-von-schlusseln-fur-porsche-autos\\\/\",\"name\":\"-\",\"isPartOf\":{\"@id\":\"https:\\\/\\\/keys-for-auto.eu\\\/de\\\/#website\"},\"primaryImageOfPage\":{\"@id\":\"https:\\\/\\\/keys-for-auto.eu\\\/de\\\/product\\\/herstellung-von-schlusseln-fur-porsche-autos\\\/#primaryimage\"},\"image\":{\"@id\":\"https:\\\/\\\/keys-for-auto.eu\\\/de\\\/product\\\/herstellung-von-schlusseln-fur-porsche-autos\\\/#primaryimage\"},\"thumbnailUrl\":\"https:\\\/\\\/keys-for-auto.eu\\\/wp-content\\\/uploads\\\/2022\\\/12\\\/admin-ajax__1_-removebg-preview-1-3.png\",\"datePublished\":\"2020-02-23T20:18:16+00:00\",\"breadcrumb\":{\"@id\":\"https:\\\/\\\/keys-for-auto.eu\\\/de\\\/product\\\/herstellung-von-schlusseln-fur-porsche-autos\\\/#breadcrumb\"},\"inLanguage\":\"de\",\"potentialAction\":[{\"@type\":\"ReadAction\",\"target\":[\"https:\\\/\\\/keys-for-auto.eu\\\/de\\\/product\\\/herstellung-von-schlusseln-fur-porsche-autos\\\/\"]}]},{\"@type\":\"ImageObject\",\"inLanguage\":\"de\",\"@id\":\"https:\\\/\\\/keys-for-auto.eu\\\/de\\\/product\\\/herstellung-von-schlusseln-fur-porsche-autos\\\/#primaryimage\",\"url\":\"https:\\\/\\\/keys-for-auto.eu\\\/wp-content\\\/uploads\\\/2022\\\/12\\\/admin-ajax__1_-removebg-preview-1-3.png\",\"contentUrl\":\"https:\\\/\\\/keys-for-auto.eu\\\/wp-content\\\/uploads\\\/2022\\\/12\\\/admin-ajax__1_-removebg-preview-1-3.png\",\"width\":405,\"height\":356},{\"@type\":\"BreadcrumbList\",\"@id\":\"https:\\\/\\\/keys-for-auto.eu\\\/de\\\/product\\\/herstellung-von-schlusseln-fur-porsche-autos\\\/#breadcrumb\",\"itemListElement\":[{\"@type\":\"ListItem\",\"position\":1,\"name\":\"Startseite\",\"item\":\"https:\\\/\\\/keys-for-auto.eu\\\/de\\\/\"},{\"@type\":\"ListItem\",\"position\":2,\"name\":\"Shop\",\"item\":\"https:\\\/\\\/keys-for-auto.eu\\\/\"},{\"@type\":\"ListItem\",\"position\":3,\"name\":\"Herstellung von Schl\u00fcsseln f\u00fcr Porsche-Fahrzeuge\"}]},{\"@type\":\"WebSite\",\"@id\":\"https:\\\/\\\/keys-for-auto.eu\\\/de\\\/#website\",\"url\":\"https:\\\/\\\/keys-for-auto.eu\\\/de\\\/\",\"name\":\"Keys for auto\",\"description\":\"Car keys,  key shells, key programming\",\"publisher\":{\"@id\":\"https:\\\/\\\/keys-for-auto.eu\\\/de\\\/#organization\"},\"potentialAction\":[{\"@type\":\"SearchAction\",\"target\":{\"@type\":\"EntryPoint\",\"urlTemplate\":\"https:\\\/\\\/keys-for-auto.eu\\\/de\\\/?s={search_term_string}\"},\"query-input\":{\"@type\":\"PropertyValueSpecification\",\"valueRequired\":true,\"valueName\":\"search_term_string\"}}],\"inLanguage\":\"de\"},{\"@type\":\"Organization\",\"@id\":\"https:\\\/\\\/keys-for-auto.eu\\\/de\\\/#organization\",\"name\":\"Schl\u00fcssel f\u00fcr Auto\",\"url\":\"https:\\\/\\\/keys-for-auto.eu\\\/de\\\/\",\"logo\":{\"@type\":\"ImageObject\",\"inLanguage\":\"de\",\"@id\":\"https:\\\/\\\/keys-for-auto.eu\\\/de\\\/#\\\/schema\\\/logo\\\/image\\\/\",\"url\":\"https:\\\/\\\/keys-for-auto.eu\\\/wp-content\\\/uploads\\\/2022\\\/11\\\/cropped-png1.png\",\"contentUrl\":\"https:\\\/\\\/keys-for-auto.eu\\\/wp-content\\\/uploads\\\/2022\\\/11\\\/cropped-png1.png\",\"width\":1000,\"height\":342,\"caption\":\"Schl\u00fcssel f\u00fcr Auto\"},\"image\":{\"@id\":\"https:\\\/\\\/keys-for-auto.eu\\\/de\\\/#\\\/schema\\\/logo\\\/image\\\/\"},\"sameAs\":[\"https:\\\/\\\/www.facebook.com\\\/KeysForAutoEU\"]}]}<\/script>\n<!-- \/ Yoast SEO plugin. -->","yoast_head_json":{"title":"-","robots":{"index":"index","follow":"follow","max-snippet":"max-snippet:-1","max-image-preview":"max-image-preview:large","max-video-preview":"max-video-preview:-1"},"canonical":"https:\/\/keys-for-auto.eu\/de\/product\/herstellung-von-schlusseln-fur-porsche-autos\/","og_locale":"de_DE","og_type":"article","og_title":"-","og_description":"Wir fertigen und programmieren Schl\u00fcssel, elektronische (Smart) Schl\u00fcssel f\u00fcr Porsche Fahrzeuge.  Herstellung von Porsche-Schl\u00fcsseln  Porsche Schl\u00fcsselprogrammierung  Reparatur von Porsche-Schl\u00fcsseln  Porsche-Schl\u00fcsselanh\u00e4nger  Porsche Schl\u00fcsselproduktion, Programmierung  Notentriegelung von Porsche Fahrzeugen &nbsp; Preisanfrage f\u00fcr Porsche-Schl\u00fcssel-Produktion\/Automodell\/Baujahr des Fahrzeugs spezifizieren \/Telefonnummer der Kontaktperson Herstellung von Autoschl\u00fcsseln  Herstellung neuer Autoschl\u00fcssel, Programmierung der Schl\u00fcssel (\"Bindung\" an das Auto)  L\u00f6schen von zuvor verlorenen Schl\u00fcsseln aus dem Fahrzeugspeicher  Herstellung des Z\u00fcndschl\u00fcssels entsprechend dem Schloss  Reparatur von Autoschl\u00fcsseln (Ersatz von Tasten, Schalen, Mechanismen)  Auto-Notentriegelung  Umtausch von Schl\u00fcsseln, Schl\u00fcsseletuis  DPF \/ FAP Software-Abschaltung  Programmatische EGR-Entfernung  Deaktivierung der Wegfahrsperre-Software (immo Off)  Reparatur, Klonen, Programmieren von Motorsteuerger\u00e4ten (ECU)  SRS (Airbag-Steuerger\u00e4t-Programmierung)  Artikel werden innerhalb von 3 Arbeitstagen versandt.*","og_url":"https:\/\/keys-for-auto.eu\/de\/product\/herstellung-von-schlusseln-fur-porsche-autos\/","og_site_name":"Keys for auto","article_publisher":"https:\/\/www.facebook.com\/KeysForAutoEU","og_image":[{"width":405,"height":356,"url":"https:\/\/i0.wp.com\/keys-for-auto.eu\/wp-content\/uploads\/2022\/12\/admin-ajax__1_-removebg-preview-1-3.png?fit=405%2C356&ssl=1","type":"image\/png"}],"twitter_card":"summary_large_image","schema":{"@context":"https:\/\/schema.org","@graph":[{"@type":["WebPage","ItemPage"],"@id":"https:\/\/keys-for-auto.eu\/de\/product\/herstellung-von-schlusseln-fur-porsche-autos\/","url":"https:\/\/keys-for-auto.eu\/de\/product\/herstellung-von-schlusseln-fur-porsche-autos\/","name":"-","isPartOf":{"@id":"https:\/\/keys-for-auto.eu\/de\/#website"},"primaryImageOfPage":{"@id":"https:\/\/keys-for-auto.eu\/de\/product\/herstellung-von-schlusseln-fur-porsche-autos\/#primaryimage"},"image":{"@id":"https:\/\/keys-for-auto.eu\/de\/product\/herstellung-von-schlusseln-fur-porsche-autos\/#primaryimage"},"thumbnailUrl":"https:\/\/keys-for-auto.eu\/wp-content\/uploads\/2022\/12\/admin-ajax__1_-removebg-preview-1-3.png","datePublished":"2020-02-23T20:18:16+00:00","breadcrumb":{"@id":"https:\/\/keys-for-auto.eu\/de\/product\/herstellung-von-schlusseln-fur-porsche-autos\/#breadcrumb"},"inLanguage":"de","potentialAction":[{"@type":"ReadAction","target":["https:\/\/keys-for-auto.eu\/de\/product\/herstellung-von-schlusseln-fur-porsche-autos\/"]}]},{"@type":"ImageObject","inLanguage":"de","@id":"https:\/\/keys-for-auto.eu\/de\/product\/herstellung-von-schlusseln-fur-porsche-autos\/#primaryimage","url":"https:\/\/keys-for-auto.eu\/wp-content\/uploads\/2022\/12\/admin-ajax__1_-removebg-preview-1-3.png","contentUrl":"https:\/\/keys-for-auto.eu\/wp-content\/uploads\/2022\/12\/admin-ajax__1_-removebg-preview-1-3.png","width":405,"height":356},{"@type":"BreadcrumbList","@id":"https:\/\/keys-for-auto.eu\/de\/product\/herstellung-von-schlusseln-fur-porsche-autos\/#breadcrumb","itemListElement":[{"@type":"ListItem","position":1,"name":"Startseite","item":"https:\/\/keys-for-auto.eu\/de\/"},{"@type":"ListItem","position":2,"name":"Shop","item":"https:\/\/keys-for-auto.eu\/"},{"@type":"ListItem","position":3,"name":"Herstellung von Schl\u00fcsseln f\u00fcr Porsche-Fahrzeuge"}]},{"@type":"WebSite","@id":"https:\/\/keys-for-auto.eu\/de\/#website","url":"https:\/\/keys-for-auto.eu\/de\/","name":"Keys for auto","description":"Car keys,  key shells, key programming","publisher":{"@id":"https:\/\/keys-for-auto.eu\/de\/#organization"},"potentialAction":[{"@type":"SearchAction","target":{"@type":"EntryPoint","urlTemplate":"https:\/\/keys-for-auto.eu\/de\/?s={search_term_string}"},"query-input":{"@type":"PropertyValueSpecification","valueRequired":true,"valueName":"search_term_string"}}],"inLanguage":"de"},{"@type":"Organization","@id":"https:\/\/keys-for-auto.eu\/de\/#organization","name":"Schl\u00fcssel f\u00fcr Auto","url":"https:\/\/keys-for-auto.eu\/de\/","logo":{"@type":"ImageObject","inLanguage":"de","@id":"https:\/\/keys-for-auto.eu\/de\/#\/schema\/logo\/image\/","url":"https:\/\/keys-for-auto.eu\/wp-content\/uploads\/2022\/11\/cropped-png1.png","contentUrl":"https:\/\/keys-for-auto.eu\/wp-content\/uploads\/2022\/11\/cropped-png1.png","width":1000,"height":342,"caption":"Schl\u00fcssel f\u00fcr Auto"},"image":{"@id":"https:\/\/keys-for-auto.eu\/de\/#\/schema\/logo\/image\/"},"sameAs":["https:\/\/www.facebook.com\/KeysForAutoEU"]}]}},"_links":{"self":[{"href":"https:\/\/keys-for-auto.eu\/de\/wp-json\/wp\/v2\/product\/16398","targetHints":{"allow":["GET"]}}],"collection":[{"href":"https:\/\/keys-for-auto.eu\/de\/wp-json\/wp\/v2\/product"}],"about":[{"href":"https:\/\/keys-for-auto.eu\/de\/wp-json\/wp\/v2\/types\/product"}],"replies":[{"embeddable":true,"href":"https:\/\/keys-for-auto.eu\/de\/wp-json\/wp\/v2\/comments?post=16398"}],"wp:featuredmedia":[{"embeddable":true,"href":"https:\/\/keys-for-auto.eu\/de\/wp-json\/wp\/v2\/media\/14610"}],"wp:attachment":[{"href":"https:\/\/keys-for-auto.eu\/de\/wp-json\/wp\/v2\/media?parent=16398"}],"wp:term":[{"taxonomy":"product_brand","embeddable":true,"href":"https:\/\/keys-for-auto.eu\/de\/wp-json\/wp\/v2\/product_brand?post=16398"},{"taxonomy":"product_cat","embeddable":true,"href":"https:\/\/keys-for-auto.eu\/de\/wp-json\/wp\/v2\/product_cat?post=16398"},{"taxonomy":"product_tag","embeddable":true,"href":"https:\/\/keys-for-auto.eu\/de\/wp-json\/wp\/v2\/product_tag?post=16398"}],"curies":[{"name":"wp","href":"https:\/\/api.w.org\/{rel}","templated":true}]}}