{"id":16384,"date":"2017-06-17T15:57:03","date_gmt":"2017-06-17T15:57:03","guid":{"rendered":"https:\/\/keys-for-auto.eu\/product\/herstellung-von-schluesseln-fuer-volkswagen-fahrzeuge\/"},"modified":"2017-06-17T15:57:03","modified_gmt":"2017-06-17T15:57:03","slug":"herstellung-von-schlusseln-fur-volkswagen-autos","status":"publish","type":"product","link":"https:\/\/keys-for-auto.eu\/de\/product\/herstellung-von-schlusseln-fur-volkswagen-autos\/","title":{"rendered":"Herstellung von Schl\u00fcsseln f\u00fcr Volkswagen-Fahrzeuge"},"content":{"rendered":"<h2>Herstellung von Volkswagen Schl\u00fcsseln<\/h2>\n<p>Herstellung von Volkswagen-Schl\u00fcsseln. Der Verlust des Z\u00fcndschl\u00fcssels eines Volkswagens ist eine eher unangenehme Episode im Leben eines Autobesitzers, denn der Schl\u00fcssel ist mit einem Chip versehen. Die Wiederherstellung eines solchen Ger\u00e4ts aus dem Schloss ist eine ziemlich teure Dienstleistung. Es lohnt sich daher, im Voraus einen zus\u00e4tzlichen Schl\u00fcssel zu besorgen, am besten gleich beim Kauf des Fahrzeugs. Dies gilt insbesondere dann, wenn der Schl\u00fcssel der einzige ist.<\/p>\n<h3>Intelligentes System<\/h3>\n<p>Moderne deutsche Autos sind mit einem Schl\u00fcsselanh\u00e4nger mit Mikrochip ausgestattet. Das Entriegelungsger\u00e4t kommuniziert mit dem Fahrzeug und best\u00e4tigt, dass es der Besitzer ist, der das Auto betreten m\u00f6chte. Wird der TP von au\u00dfen ohne einen solchen Schl\u00fcssel entriegelt, wertet das Fahrzeug dies als Versuch, wegzufahren. Ein oder mehrere Systeme sind blockiert: Getriebe, Lenkrad, usw.<\/p>\n<p>Das Geheimnis besteht darin, dass der Schl\u00fcssel und das Auto durch einen eindeutigen Code verbunden sind, der f\u00fcr den jeweiligen TP spezifisch ist. Die Auswahl und Programmierung des Signals ist der schwierigste Teil bei der Herstellung einer Entsperrvorrichtung. Ger\u00e4te, mit denen ein neuer Schl\u00fcssel programmiert werden kann, sind nur bei Vertragsh\u00e4ndlern und spezialisierten Servicezentren erh\u00e4ltlich.<\/p>\n<p>Es lohnt sich nicht, den Schl\u00fcssel selbst anzufertigen: Vielleicht k\u00f6nnen Sie den mechanischen Teil des Schl\u00fcssels anfertigen. Das Hochladen der erforderlichen Informationen auf den Chip ist jedoch unwahrscheinlich. Wenn Sie versuchen, einen eindeutigen Code zu w\u00e4hlen, betrachtet das Fahrzeug dies als Einbruchsversuch und installiert ein Diebstahlschutzsystem.<\/p>\n<p>Dar\u00fcber hinaus m\u00fcssen dem Schl\u00fcssel nach der Programmierung des Zahlencodes weitere Funktionen zugewiesen werden: Fernentriegelung der T\u00fcren, des Kofferraums, Schlie\u00dfen der Fenster und des Panoramadachs usw. Auch hier gilt, dass nur Spezialisten solche Befehle in den Chip einf\u00fcgen k\u00f6nnen.<br \/>\nDie Herstellung von Volkswagen Autoschl\u00fcsseln ist also ein verantwortungsvoller und arbeitsintensiver Prozess. Sie erfordert den Einsatz von qualifiziertem technischem Personal, da sonst die wichtigsten Systeme des Fahrzeugs blockiert werden k\u00f6nnten. Die Installation der neuen Ger\u00e4tesoftware darf daher nur von einer spezialisierten Servicestelle durchgef\u00fchrt werden. Unsere Spezialisten k\u00f6nnen helfen.<\/p>\n<h3>Volkswagen Schl\u00fcsselherstellung<\/h3>\n<ul>\n<li>Volkswagen K\u00e4fer Schl\u00fcsselherstellung<\/li>\n<li>Herstellung von Schl\u00fcsseln f\u00fcr den Volkswagen Bora<\/li>\n<li>Herstellung von Volkswagen Caddy Schl\u00fcsseln<\/li>\n<li>Herstellung von Schl\u00fcsseln f\u00fcr den Volkswagen Eos<\/li>\n<li>Herstellung von Volkswagen Fox-Schl\u00fcsseln<\/li>\n<li>Herstellung von Schl\u00fcsseln f\u00fcr den Volkswagen Golf<\/li>\n<li>Herstellung von Schl\u00fcsseln f\u00fcr den Volkswagen Jetta<\/li>\n<li>Herstellung von Schl\u00fcsseln f\u00fcr den Volkswagen Lupo<\/li>\n<li>Herstellung von Schl\u00fcsseln f\u00fcr den Volkswagen Passat<\/li>\n<li>Herstellung von Schl\u00fcsseln f\u00fcr den Volkswagen Polo<\/li>\n<li>Herstellung von Schl\u00fcsseln f\u00fcr den Volkswagen Sharan<\/li>\n<li>Herstellung von Schl\u00fcsseln f\u00fcr den Volkswagen Tiguan<\/li>\n<li>Herstellung von Schl\u00fcsseln f\u00fcr den Volkswagen Touareg<\/li>\n<li>Herstellung von Schl\u00fcsseln f\u00fcr den Volkswagen Touran<\/li>\n<li>Herstellung von Volkswagen Transporter Schl\u00fcsseln<\/li>\n<\/ul>\n<p>und andere&#8230;<\/p>\n","protected":false},"excerpt":{"rendered":"<h2>Herstellung von Volkswagen Schl\u00fcsseln<\/h2>\n<ul>\n<li>Herstellung von Volkswagen Schl\u00fcsseln<\/li>\n<li>Volkswagen Schl\u00fcssel<\/li>\n<li>Volkswagen Schl\u00fcsselanh\u00e4nger<\/li>\n<li>Volkswagen Schl\u00fcssel Reparatur<\/li>\n<li>Programmierung von Volkswagen-Schl\u00fcsseln<\/li>\n<li>Notentriegelung von Volkswagen Fahrzeugen<\/li>\n<li>Wir fertigen schnell und effizient einen Schl\u00fcssel f\u00fcr Ihr Volkswagen Fahrzeug an.<\/li>\n<\/ul>\n<h3>Produktion von Volkswagen Schl\u00fcsseln.<\/h3>\n<p>Wir arbeiten nur mit modernen computergesteuerten Ger\u00e4ten, mit denen wir einen hochwertigen und langlebigen Schl\u00fcssel f\u00fcr Ihr Volkswagen Auto herstellen. Wenn Sie nur einen Schl\u00fcssel haben oder Ihr Volkswagen Schl\u00fcssel Ihr Auto nicht immer startet, empfehlen wir Ihnen, einen Ersatzschl\u00fcssel zu kaufen. So sparen Sie Zeit und Geld.<\/p>\n<p>Wir fertigen Schl\u00fcssel f\u00fcr verschiedene Modelle von Volkswagen. Das kann ein einfacher Schl\u00fcssel oder ein Schl\u00fcssel mit Wegfahrsperre sein. Wir k\u00f6nnen auch einen Smart Key anbieten<em><br \/>\n  <strong> (schl\u00fcsselloses Z\u00fcndsystem mit START\/STOP-Taste<\/strong><br \/>\n<\/em>)<\/p>\n<h3><strong>Herstellung von Autoschl\u00fcsseln<\/strong><\/h3>\n<ul>\n<li><strong>Herstellung neuer Autoschl\u00fcssel, Programmierung der Schl\u00fcssel (&#8222;Bindung&#8220; an das Auto)<\/strong><\/li>\n<li><strong>L\u00f6schen von zuvor verlorenen Schl\u00fcsseln aus dem Fahrzeugspeicher<\/strong><\/li>\n<li><strong>Herstellung des Z\u00fcndschl\u00fcssels entsprechend dem Schloss<\/strong><\/li>\n<li><strong>Reparatur von Autoschl\u00fcsseln (Ersatz von Tasten, Schalen, Mechanismen)<\/strong><\/li>\n<li><strong>Auto-Notentriegelung<\/strong><\/li>\n<li><strong>Umtausch von Schl\u00fcsseln, Schl\u00fcsseletuis<\/strong><\/li>\n<li><strong>DPF \/ FAP Software-Abschaltung<\/strong><\/li>\n<li><strong>Programmatische EGR-Entfernung<\/strong><\/li>\n<li><strong>Deaktivierung der Wegfahrsperre-Software (immo Off)<\/strong><\/li>\n<li><strong>Reparatur, Klonen, Programmieren von Motorsteuerger\u00e4ten (ECU)<\/strong><\/li>\n<li><strong>SRS (Airbag-Steuerger\u00e4t-Programmierung)<\/strong><\/li>\n<\/ul>\n<h4><strong>  Artikel werden innerhalb von 3 Arbeitstagen versandt.*<\/strong><\/h4>\n","protected":false},"featured_media":14425,"comment_status":"open","ping_status":"closed","template":"","meta":[],"product_brand":[],"product_cat":[2619,2349],"product_tag":[2672,2675,2720,2616,2381,2723,2614,2473,2724,2600,2725,2726,2525,2554,2387,2728,2561,2389,2718,2552,2730,2568,2394,2731,2526,2399,2513,2414,2733,2404,2735,2737,2618,2739,2575,2459,2532,2458],"class_list":{"0":"post-16384","1":"product","2":"type-product","3":"status-publish","4":"has-post-thumbnail","6":"product_cat-herstellung-von-schlusseln","7":"product_cat-volkswagen-de","8":"product_tag-herstellung-von-schlusseln","9":"product_tag-programmierung-der-schlussel","10":"product_tag-volkswagen-bora-de","11":"product_tag-volkswagen-bora-schlussel","12":"product_tag-volkswagen-bora-schlusselgehause","13":"product_tag-volkswagen-cc-de","14":"product_tag-volkswagen-cc-schlussel","15":"product_tag-volkswagen-cc-schlusselgehause","16":"product_tag-volkswagen-crafter-de","17":"product_tag-volkswagen-crafter-schlussel","18":"product_tag-volkswagen-golf-de","19":"product_tag-volkswagen-golf-7-de","20":"product_tag-volkswagen-golf-7-schlussel","21":"product_tag-volkswagen-golf-schlussel","22":"product_tag-volkswagen-golf-schlusselgehause","23":"product_tag-volkswagen-jetta-de","24":"product_tag-volkswagen-jetta-schlussel","25":"product_tag-volkswagen-jetta-schlusselgehause","26":"product_tag-volkswagen-kafer","27":"product_tag-volkswagen-kafer-schlussel","28":"product_tag-volkswagen-passat-de","29":"product_tag-volkswagen-passat-schlussel","30":"product_tag-volkswagen-passat-schlusselgehause","31":"product_tag-volkswagen-polo-de","32":"product_tag-volkswagen-polo-schlussel","33":"product_tag-volkswagen-polo-schlusselgehause","34":"product_tag-volkswagen-schlussel","35":"product_tag-volkswagen-schlussel-passat-gehause","36":"product_tag-volkswagen-schlusselfertigung","37":"product_tag-volkswagen-schlusselgehause","38":"product_tag-volkswagen-schlusselprogrammierung","39":"product_tag-volkswagen-sharan-de","40":"product_tag-volkswagen-sharan-schlussel","41":"product_tag-volkswagen-tiguan-de","42":"product_tag-volkswagen-tiguan-schlussel","43":"product_tag-volkswagen-touareg-schlusselgehause","44":"product_tag-volkswagen-touran-schlussel","45":"product_tag-volkswagen-touran-schlusselgehause","47":"first","48":"instock","49":"shipping-taxable","50":"product-type-simple"},"yoast_head":"<!-- This site is optimized with the Yoast SEO plugin v27.6 - https:\/\/yoast.com\/product\/yoast-seo-wordpress\/ -->\n<title>-<\/title>\n<meta name=\"robots\" content=\"index, follow, max-snippet:-1, max-image-preview:large, max-video-preview:-1\" \/>\n<link rel=\"canonical\" href=\"https:\/\/keys-for-auto.eu\/de\/product\/herstellung-von-schlusseln-fur-volkswagen-autos\/\" \/>\n<meta property=\"og:locale\" content=\"de_DE\" \/>\n<meta property=\"og:type\" content=\"article\" \/>\n<meta property=\"og:title\" content=\"-\" \/>\n<meta property=\"og:description\" content=\"Herstellung von Volkswagen Schl\u00fcsseln  Herstellung von Volkswagen Schl\u00fcsseln  Volkswagen Schl\u00fcssel  Volkswagen Schl\u00fcsselanh\u00e4nger  Volkswagen Schl\u00fcssel Reparatur  Programmierung von Volkswagen-Schl\u00fcsseln  Notentriegelung von Volkswagen Fahrzeugen  Wir fertigen schnell und effizient einen Schl\u00fcssel f\u00fcr Ihr Volkswagen Fahrzeug an. Produktion von Volkswagen Schl\u00fcsseln. Wir arbeiten nur mit modernen computergesteuerten Ger\u00e4ten, mit denen wir einen hochwertigen und langlebigen Schl\u00fcssel f\u00fcr Ihr Volkswagen Auto herstellen. Wenn Sie nur einen Schl\u00fcssel haben oder Ihr Volkswagen Schl\u00fcssel Ihr Auto nicht immer startet, empfehlen wir Ihnen, einen Ersatzschl\u00fcssel zu kaufen. So sparen Sie Zeit und Geld. Wir fertigen Schl\u00fcssel f\u00fcr verschiedene Modelle von Volkswagen. Das kann ein einfacher Schl\u00fcssel oder ein Schl\u00fcssel mit Wegfahrsperre sein. Wir k\u00f6nnen auch einen Smart Key anbieten  (schl\u00fcsselloses Z\u00fcndsystem mit START\/STOP-Taste ) Herstellung von Autoschl\u00fcsseln  Herstellung neuer Autoschl\u00fcssel, Programmierung der Schl\u00fcssel (&quot;Bindung&quot; an das Auto)  L\u00f6schen von zuvor verlorenen Schl\u00fcsseln aus dem Fahrzeugspeicher  Herstellung des Z\u00fcndschl\u00fcssels entsprechend dem Schloss  Reparatur von Autoschl\u00fcsseln (Ersatz von Tasten, Schalen, Mechanismen)  Auto-Notentriegelung  Umtausch von Schl\u00fcsseln, Schl\u00fcsseletuis  DPF \/ FAP Software-Abschaltung  Programmatische EGR-Entfernung  Deaktivierung der Wegfahrsperre-Software (immo Off)  Reparatur, Klonen, Programmieren von Motorsteuerger\u00e4ten (ECU)  SRS (Airbag-Steuerger\u00e4t-Programmierung)  Artikel werden innerhalb von 3 Arbeitstagen versandt.*\" \/>\n<meta property=\"og:url\" content=\"https:\/\/keys-for-auto.eu\/de\/product\/herstellung-von-schlusseln-fur-volkswagen-autos\/\" \/>\n<meta property=\"og:site_name\" content=\"Keys for auto\" \/>\n<meta property=\"article:publisher\" content=\"https:\/\/www.facebook.com\/KeysForAutoEU\" \/>\n<meta property=\"og:image\" content=\"https:\/\/i0.wp.com\/keys-for-auto.eu\/wp-content\/uploads\/2022\/12\/admin-ajax-removebg-preview-1-3.png?fit=400%2C300&ssl=1\" \/>\n\t<meta property=\"og:image:width\" content=\"400\" \/>\n\t<meta property=\"og:image:height\" content=\"300\" \/>\n\t<meta property=\"og:image:type\" content=\"image\/png\" \/>\n<meta name=\"twitter:card\" content=\"summary_large_image\" \/>\n<meta name=\"twitter:label1\" content=\"Gesch\u00e4tzte Lesezeit\" \/>\n\t<meta name=\"twitter:data1\" content=\"2\u00a0Minuten\" \/>\n<script type=\"application\/ld+json\" class=\"yoast-schema-graph\">{\"@context\":\"https:\\\/\\\/schema.org\",\"@graph\":[{\"@type\":[\"WebPage\",\"ItemPage\"],\"@id\":\"https:\\\/\\\/keys-for-auto.eu\\\/de\\\/product\\\/herstellung-von-schlusseln-fur-volkswagen-autos\\\/\",\"url\":\"https:\\\/\\\/keys-for-auto.eu\\\/de\\\/product\\\/herstellung-von-schlusseln-fur-volkswagen-autos\\\/\",\"name\":\"-\",\"isPartOf\":{\"@id\":\"https:\\\/\\\/keys-for-auto.eu\\\/de\\\/#website\"},\"primaryImageOfPage\":{\"@id\":\"https:\\\/\\\/keys-for-auto.eu\\\/de\\\/product\\\/herstellung-von-schlusseln-fur-volkswagen-autos\\\/#primaryimage\"},\"image\":{\"@id\":\"https:\\\/\\\/keys-for-auto.eu\\\/de\\\/product\\\/herstellung-von-schlusseln-fur-volkswagen-autos\\\/#primaryimage\"},\"thumbnailUrl\":\"https:\\\/\\\/keys-for-auto.eu\\\/wp-content\\\/uploads\\\/2022\\\/12\\\/admin-ajax-removebg-preview-1-3.png\",\"datePublished\":\"2017-06-17T15:57:03+00:00\",\"breadcrumb\":{\"@id\":\"https:\\\/\\\/keys-for-auto.eu\\\/de\\\/product\\\/herstellung-von-schlusseln-fur-volkswagen-autos\\\/#breadcrumb\"},\"inLanguage\":\"de\",\"potentialAction\":[{\"@type\":\"ReadAction\",\"target\":[\"https:\\\/\\\/keys-for-auto.eu\\\/de\\\/product\\\/herstellung-von-schlusseln-fur-volkswagen-autos\\\/\"]}]},{\"@type\":\"ImageObject\",\"inLanguage\":\"de\",\"@id\":\"https:\\\/\\\/keys-for-auto.eu\\\/de\\\/product\\\/herstellung-von-schlusseln-fur-volkswagen-autos\\\/#primaryimage\",\"url\":\"https:\\\/\\\/keys-for-auto.eu\\\/wp-content\\\/uploads\\\/2022\\\/12\\\/admin-ajax-removebg-preview-1-3.png\",\"contentUrl\":\"https:\\\/\\\/keys-for-auto.eu\\\/wp-content\\\/uploads\\\/2022\\\/12\\\/admin-ajax-removebg-preview-1-3.png\",\"width\":400,\"height\":300},{\"@type\":\"BreadcrumbList\",\"@id\":\"https:\\\/\\\/keys-for-auto.eu\\\/de\\\/product\\\/herstellung-von-schlusseln-fur-volkswagen-autos\\\/#breadcrumb\",\"itemListElement\":[{\"@type\":\"ListItem\",\"position\":1,\"name\":\"Startseite\",\"item\":\"https:\\\/\\\/keys-for-auto.eu\\\/de\\\/\"},{\"@type\":\"ListItem\",\"position\":2,\"name\":\"Shop\",\"item\":\"https:\\\/\\\/keys-for-auto.eu\\\/\"},{\"@type\":\"ListItem\",\"position\":3,\"name\":\"Herstellung von Schl\u00fcsseln f\u00fcr Volkswagen-Fahrzeuge\"}]},{\"@type\":\"WebSite\",\"@id\":\"https:\\\/\\\/keys-for-auto.eu\\\/de\\\/#website\",\"url\":\"https:\\\/\\\/keys-for-auto.eu\\\/de\\\/\",\"name\":\"Keys for auto\",\"description\":\"Car keys,  key shells, key programming\",\"publisher\":{\"@id\":\"https:\\\/\\\/keys-for-auto.eu\\\/de\\\/#organization\"},\"potentialAction\":[{\"@type\":\"SearchAction\",\"target\":{\"@type\":\"EntryPoint\",\"urlTemplate\":\"https:\\\/\\\/keys-for-auto.eu\\\/de\\\/?s={search_term_string}\"},\"query-input\":{\"@type\":\"PropertyValueSpecification\",\"valueRequired\":true,\"valueName\":\"search_term_string\"}}],\"inLanguage\":\"de\"},{\"@type\":\"Organization\",\"@id\":\"https:\\\/\\\/keys-for-auto.eu\\\/de\\\/#organization\",\"name\":\"Schl\u00fcssel f\u00fcr Auto\",\"url\":\"https:\\\/\\\/keys-for-auto.eu\\\/de\\\/\",\"logo\":{\"@type\":\"ImageObject\",\"inLanguage\":\"de\",\"@id\":\"https:\\\/\\\/keys-for-auto.eu\\\/de\\\/#\\\/schema\\\/logo\\\/image\\\/\",\"url\":\"https:\\\/\\\/keys-for-auto.eu\\\/wp-content\\\/uploads\\\/2022\\\/11\\\/cropped-png1.png\",\"contentUrl\":\"https:\\\/\\\/keys-for-auto.eu\\\/wp-content\\\/uploads\\\/2022\\\/11\\\/cropped-png1.png\",\"width\":1000,\"height\":342,\"caption\":\"Schl\u00fcssel f\u00fcr Auto\"},\"image\":{\"@id\":\"https:\\\/\\\/keys-for-auto.eu\\\/de\\\/#\\\/schema\\\/logo\\\/image\\\/\"},\"sameAs\":[\"https:\\\/\\\/www.facebook.com\\\/KeysForAutoEU\"]}]}<\/script>\n<!-- \/ Yoast SEO plugin. -->","yoast_head_json":{"title":"-","robots":{"index":"index","follow":"follow","max-snippet":"max-snippet:-1","max-image-preview":"max-image-preview:large","max-video-preview":"max-video-preview:-1"},"canonical":"https:\/\/keys-for-auto.eu\/de\/product\/herstellung-von-schlusseln-fur-volkswagen-autos\/","og_locale":"de_DE","og_type":"article","og_title":"-","og_description":"Herstellung von Volkswagen Schl\u00fcsseln  Herstellung von Volkswagen Schl\u00fcsseln  Volkswagen Schl\u00fcssel  Volkswagen Schl\u00fcsselanh\u00e4nger  Volkswagen Schl\u00fcssel Reparatur  Programmierung von Volkswagen-Schl\u00fcsseln  Notentriegelung von Volkswagen Fahrzeugen  Wir fertigen schnell und effizient einen Schl\u00fcssel f\u00fcr Ihr Volkswagen Fahrzeug an. Produktion von Volkswagen Schl\u00fcsseln. Wir arbeiten nur mit modernen computergesteuerten Ger\u00e4ten, mit denen wir einen hochwertigen und langlebigen Schl\u00fcssel f\u00fcr Ihr Volkswagen Auto herstellen. Wenn Sie nur einen Schl\u00fcssel haben oder Ihr Volkswagen Schl\u00fcssel Ihr Auto nicht immer startet, empfehlen wir Ihnen, einen Ersatzschl\u00fcssel zu kaufen. So sparen Sie Zeit und Geld. Wir fertigen Schl\u00fcssel f\u00fcr verschiedene Modelle von Volkswagen. Das kann ein einfacher Schl\u00fcssel oder ein Schl\u00fcssel mit Wegfahrsperre sein. Wir k\u00f6nnen auch einen Smart Key anbieten  (schl\u00fcsselloses Z\u00fcndsystem mit START\/STOP-Taste ) Herstellung von Autoschl\u00fcsseln  Herstellung neuer Autoschl\u00fcssel, Programmierung der Schl\u00fcssel (\"Bindung\" an das Auto)  L\u00f6schen von zuvor verlorenen Schl\u00fcsseln aus dem Fahrzeugspeicher  Herstellung des Z\u00fcndschl\u00fcssels entsprechend dem Schloss  Reparatur von Autoschl\u00fcsseln (Ersatz von Tasten, Schalen, Mechanismen)  Auto-Notentriegelung  Umtausch von Schl\u00fcsseln, Schl\u00fcsseletuis  DPF \/ FAP Software-Abschaltung  Programmatische EGR-Entfernung  Deaktivierung der Wegfahrsperre-Software (immo Off)  Reparatur, Klonen, Programmieren von Motorsteuerger\u00e4ten (ECU)  SRS (Airbag-Steuerger\u00e4t-Programmierung)  Artikel werden innerhalb von 3 Arbeitstagen versandt.*","og_url":"https:\/\/keys-for-auto.eu\/de\/product\/herstellung-von-schlusseln-fur-volkswagen-autos\/","og_site_name":"Keys for auto","article_publisher":"https:\/\/www.facebook.com\/KeysForAutoEU","og_image":[{"width":400,"height":300,"url":"https:\/\/i0.wp.com\/keys-for-auto.eu\/wp-content\/uploads\/2022\/12\/admin-ajax-removebg-preview-1-3.png?fit=400%2C300&ssl=1","type":"image\/png"}],"twitter_card":"summary_large_image","twitter_misc":{"Gesch\u00e4tzte Lesezeit":"2\u00a0Minuten"},"schema":{"@context":"https:\/\/schema.org","@graph":[{"@type":["WebPage","ItemPage"],"@id":"https:\/\/keys-for-auto.eu\/de\/product\/herstellung-von-schlusseln-fur-volkswagen-autos\/","url":"https:\/\/keys-for-auto.eu\/de\/product\/herstellung-von-schlusseln-fur-volkswagen-autos\/","name":"-","isPartOf":{"@id":"https:\/\/keys-for-auto.eu\/de\/#website"},"primaryImageOfPage":{"@id":"https:\/\/keys-for-auto.eu\/de\/product\/herstellung-von-schlusseln-fur-volkswagen-autos\/#primaryimage"},"image":{"@id":"https:\/\/keys-for-auto.eu\/de\/product\/herstellung-von-schlusseln-fur-volkswagen-autos\/#primaryimage"},"thumbnailUrl":"https:\/\/keys-for-auto.eu\/wp-content\/uploads\/2022\/12\/admin-ajax-removebg-preview-1-3.png","datePublished":"2017-06-17T15:57:03+00:00","breadcrumb":{"@id":"https:\/\/keys-for-auto.eu\/de\/product\/herstellung-von-schlusseln-fur-volkswagen-autos\/#breadcrumb"},"inLanguage":"de","potentialAction":[{"@type":"ReadAction","target":["https:\/\/keys-for-auto.eu\/de\/product\/herstellung-von-schlusseln-fur-volkswagen-autos\/"]}]},{"@type":"ImageObject","inLanguage":"de","@id":"https:\/\/keys-for-auto.eu\/de\/product\/herstellung-von-schlusseln-fur-volkswagen-autos\/#primaryimage","url":"https:\/\/keys-for-auto.eu\/wp-content\/uploads\/2022\/12\/admin-ajax-removebg-preview-1-3.png","contentUrl":"https:\/\/keys-for-auto.eu\/wp-content\/uploads\/2022\/12\/admin-ajax-removebg-preview-1-3.png","width":400,"height":300},{"@type":"BreadcrumbList","@id":"https:\/\/keys-for-auto.eu\/de\/product\/herstellung-von-schlusseln-fur-volkswagen-autos\/#breadcrumb","itemListElement":[{"@type":"ListItem","position":1,"name":"Startseite","item":"https:\/\/keys-for-auto.eu\/de\/"},{"@type":"ListItem","position":2,"name":"Shop","item":"https:\/\/keys-for-auto.eu\/"},{"@type":"ListItem","position":3,"name":"Herstellung von Schl\u00fcsseln f\u00fcr Volkswagen-Fahrzeuge"}]},{"@type":"WebSite","@id":"https:\/\/keys-for-auto.eu\/de\/#website","url":"https:\/\/keys-for-auto.eu\/de\/","name":"Keys for auto","description":"Car keys,  key shells, key programming","publisher":{"@id":"https:\/\/keys-for-auto.eu\/de\/#organization"},"potentialAction":[{"@type":"SearchAction","target":{"@type":"EntryPoint","urlTemplate":"https:\/\/keys-for-auto.eu\/de\/?s={search_term_string}"},"query-input":{"@type":"PropertyValueSpecification","valueRequired":true,"valueName":"search_term_string"}}],"inLanguage":"de"},{"@type":"Organization","@id":"https:\/\/keys-for-auto.eu\/de\/#organization","name":"Schl\u00fcssel f\u00fcr Auto","url":"https:\/\/keys-for-auto.eu\/de\/","logo":{"@type":"ImageObject","inLanguage":"de","@id":"https:\/\/keys-for-auto.eu\/de\/#\/schema\/logo\/image\/","url":"https:\/\/keys-for-auto.eu\/wp-content\/uploads\/2022\/11\/cropped-png1.png","contentUrl":"https:\/\/keys-for-auto.eu\/wp-content\/uploads\/2022\/11\/cropped-png1.png","width":1000,"height":342,"caption":"Schl\u00fcssel f\u00fcr Auto"},"image":{"@id":"https:\/\/keys-for-auto.eu\/de\/#\/schema\/logo\/image\/"},"sameAs":["https:\/\/www.facebook.com\/KeysForAutoEU"]}]}},"_links":{"self":[{"href":"https:\/\/keys-for-auto.eu\/de\/wp-json\/wp\/v2\/product\/16384","targetHints":{"allow":["GET"]}}],"collection":[{"href":"https:\/\/keys-for-auto.eu\/de\/wp-json\/wp\/v2\/product"}],"about":[{"href":"https:\/\/keys-for-auto.eu\/de\/wp-json\/wp\/v2\/types\/product"}],"replies":[{"embeddable":true,"href":"https:\/\/keys-for-auto.eu\/de\/wp-json\/wp\/v2\/comments?post=16384"}],"wp:featuredmedia":[{"embeddable":true,"href":"https:\/\/keys-for-auto.eu\/de\/wp-json\/wp\/v2\/media\/14425"}],"wp:attachment":[{"href":"https:\/\/keys-for-auto.eu\/de\/wp-json\/wp\/v2\/media?parent=16384"}],"wp:term":[{"taxonomy":"product_brand","embeddable":true,"href":"https:\/\/keys-for-auto.eu\/de\/wp-json\/wp\/v2\/product_brand?post=16384"},{"taxonomy":"product_cat","embeddable":true,"href":"https:\/\/keys-for-auto.eu\/de\/wp-json\/wp\/v2\/product_cat?post=16384"},{"taxonomy":"product_tag","embeddable":true,"href":"https:\/\/keys-for-auto.eu\/de\/wp-json\/wp\/v2\/product_tag?post=16384"}],"curies":[{"name":"wp","href":"https:\/\/api.w.org\/{rel}","templated":true}]}}