{"id":16374,"date":"2017-11-29T21:12:28","date_gmt":"2017-11-29T21:12:28","guid":{"rendered":"https:\/\/keys-for-auto.eu\/product\/herstellung-von-schluesseln-fuer-citroen-fahrzeuge\/"},"modified":"2017-11-29T21:12:28","modified_gmt":"2017-11-29T21:12:28","slug":"produktion-der-schlussel-fur-citroen-autos","status":"publish","type":"product","link":"https:\/\/keys-for-auto.eu\/de\/product\/produktion-der-schlussel-fur-citroen-autos\/","title":{"rendered":"Herstellung von Schl\u00fcsseln f\u00fcr Citroen-Fahrzeuge"},"content":{"rendered":"<h2>  Was Sie \u00fcber die Herstellung von Citroen-Schl\u00fcsseln wissen m\u00fcssen<\/h2>\n<p>Herstellung von Citroen-Schl\u00fcsseln | Der Verlust eines einzigartigen Schl\u00fcsselsatzes f\u00fcr ein Citroen-Auto ist immer eine unangenehme Episode im Leben eines Autofahrers. Vor allem, wenn es eine einmalige Sache war. In diesem Fall muss ein Duplikat angefertigt werden, das mit dem Schloss \u00fcbereinstimmt, was ein komplexes und teures Verfahren ist. Es lohnt sich also, sich im Voraus zu sch\u00fctzen, indem man eine Kopie des Autoschl\u00fcssels anfertigt.<\/p>\n<h3>Sicherheitsgarantie<\/h3>\n<p>Fast alle modernen Citroen-Fahrzeuge haben Klappschl\u00fcssel mit eingebautem Chip. In diesen Chip wird werksseitig ein eindeutiger Code geschrieben, der auch im Steuerger\u00e4t des Fahrzeugs gespeichert wird. Dieser Kodex wird in keinem anderen Fahrzeug (der Gruppe oder eines anderen Unternehmens) wiederholt. Dies ist eine Garantie daf\u00fcr, dass es keinen anderen Schl\u00fcssel f\u00fcr ein bestimmtes Auto gibt.<\/p>\n<p>Die Komplexit\u00e4t bei der Herstellung des Ersatzteilkits besteht in der Suche nach einer eindeutigen Kodierung. Dies erfordert spezielle Diagnose- und Montageger\u00e4te sowie die Unterst\u00fctzung durch einen erfahrenen Techniker. Wenn Sie den Code selbst w\u00e4hlen, betrachtet das Fahrzeug dies als Einbruchsversuch und sperrt seine Systeme (Getriebe, Lenkrad usw. abklemmen). Der Master kopiert die Informationen aus dem Entsperrungsger\u00e4t und \u00fcbertr\u00e4gt sie auf einen leeren Chip.<\/p>\n<p>Nachdem der neue Schl\u00fcssel mit den erforderlichen Informationen geladen wurde, muss er so programmiert werden, dass er mit dem Fahrzeug interagiert. So muss der Besitzer des Fahrzeugs laut Handbuch in der Lage sein, aus der Ferne auf das Fahrzeug, den Kofferraum, die Fenster, das Schiebedach und die Steuerung des Panoramadachs zuzugreifen. Nachdem alle notwendigen Funktionen aktiviert wurden, muss noch der mechanische Teil des Schl\u00fcssels hergestellt werden. Dies ist der einfachste Schritt des gesamten Prozesses.<\/p>\n<p>Wenn Sie einen Nachschl\u00fcssel f\u00fcr Ihren Citroen ben\u00f6tigen, wenden Sie sich bitte an unsere Fachwerkstatt. Wir helfen Ihnen und garantieren den zuverl\u00e4ssigen Betrieb des Schl\u00fcsselsatzes und die lange Lebensdauer der Produkte.<\/p>\n<h3>Herstellung von Citroen-Schl\u00fcsseln<\/h3>\n<ul>\n<li>Citroen C4 Schl\u00fcsselherstellung<\/li>\n<li>Citroen C5 Schl\u00fcsselherstellung<\/li>\n<li>Citroen Berlingo Schl\u00fcsselherstellung<\/li>\n<li>Citroen Jumpy Schl\u00fcsselproduktion<\/li>\n<li>Herstellung von Citroen C3-Schl\u00fcsseln<\/li>\n<li>Herstellung von Citroen C2-Schl\u00fcsseln<\/li>\n<li>Citroen C-Elysee Schl\u00fcsselproduktion<\/li>\n<li>DS3 Schl\u00fcsselproduktion<\/li>\n<li>DS4 Schl\u00fcsselproduktion<\/li>\n<li>DS5 Schl\u00fcsselproduktion<\/li>\n<\/ul>\n<p>und andere&#8230;<\/p>\n","protected":false},"excerpt":{"rendered":"<h3>Herstellung von Citroen-Schl\u00fcsseln<\/h3>\n<ul>\n<li>Herstellung von Citroen-Schl\u00fcsseln<\/li>\n<li>Citroen-Schl\u00fcssel<\/li>\n<li>Citroen-Schl\u00fcsseletuis<\/li>\n<li>Citroen Schl\u00fcssel Reparatur<\/li>\n<li>Citroen Schl\u00fcssel programmieren<\/li>\n<li>Notentriegelung von Citroen-Fahrzeugen<\/li>\n<\/ul>\n<h3><strong>Herstellung von Autoschl\u00fcsseln<\/strong><\/h3>\n<ul>\n<li><strong>Herstellung neuer Autoschl\u00fcssel, Programmierung der Schl\u00fcssel (&#8222;Bindung&#8220; an das Auto)<\/strong><\/li>\n<li><strong>L\u00f6schen von zuvor verlorenen Schl\u00fcsseln aus dem Fahrzeugspeicher<\/strong><\/li>\n<li><strong>Herstellung des Z\u00fcndschl\u00fcssels entsprechend dem Schloss<\/strong><\/li>\n<li><strong>Reparatur von Autoschl\u00fcsseln (Ersatz von Tasten, Schalen, Mechanismen)<\/strong><\/li>\n<li><strong>Auto-Notentriegelung<\/strong><\/li>\n<li><strong>Umtausch von Schl\u00fcsseln, Schl\u00fcsseletuis<\/strong><\/li>\n<li><strong>DPF \/ FAP Software-Abschaltung<\/strong><\/li>\n<li><strong>Programmatische EGR-Entfernung<\/strong><\/li>\n<li><strong>Deaktivierung der Wegfahrsperre-Software (immo Off)<\/strong><\/li>\n<li><strong>Reparatur, Klonen, Programmieren von Motorsteuerger\u00e4ten (ECU)<\/strong><\/li>\n<li><strong>SRS (Airbag-Steuerger\u00e4t-Programmierung)<\/strong><\/li>\n<\/ul>\n<h4><strong>Artikel werden innerhalb von 3 Arbeitstagen versandt.*<\/strong><\/h4>\n<p>&nbsp;<\/p>\n","protected":false},"featured_media":13005,"comment_status":"open","ping_status":"closed","template":"","meta":[],"product_brand":[],"product_cat":[2104,2619],"product_tag":[2135,2117,2709,2124,2711,2132,2712,2461,2161,2714,2466,2156,2716,2471,2165,2717,2478,2155,2487,2489,2492,2203,2141,2167,2719,2119,2170,2448,2204],"class_list":{"0":"post-16374","1":"product","2":"type-product","3":"status-publish","4":"has-post-thumbnail","6":"product_cat-citroen-de","7":"product_cat-herstellung-von-schlusseln","8":"product_tag-citroen-berlingo-schlusselgehause","9":"product_tag-citroen-c1-schlusselgehause","10":"product_tag-citroen-c2-de","11":"product_tag-citroen-c2-schlusselgehause","12":"product_tag-citroen-c3-de","13":"product_tag-citroen-c3-schlusselgehause","14":"product_tag-citroen-c4-de","15":"product_tag-citroen-c4-schlussel","16":"product_tag-citroen-c4-schlusselgehause","17":"product_tag-citroen-c5-de","18":"product_tag-citroen-c5-schlussel","19":"product_tag-citroen-c5-schlusselgehause","20":"product_tag-citroen-c6-de","21":"product_tag-citroen-c6-schlussel","22":"product_tag-citroen-c6-schlusselgehause","23":"product_tag-citroen-c8-de","24":"product_tag-citroen-c8-schlussel","25":"product_tag-citroen-c8-schlusselgehause","26":"product_tag-citroen-ds3-schlussel","27":"product_tag-citroen-ds4-schlussel","28":"product_tag-citroen-ds5-schlussel","29":"product_tag-citroen-evasion-schlusselgehause","30":"product_tag-citroen-saxo-schlusselgehause","31":"product_tag-citroen-xantia-schlusselgehause","32":"product_tag-citroen-xsara-de","33":"product_tag-citroen-xsara-schlusselgehause","34":"product_tag-citroen-xsara-schlusselgehause-citroen-schlusselgehause","35":"product_tag-citroen-schlussel","36":"product_tag-schlusselgehause-citroen-synergie","38":"first","39":"instock","40":"shipping-taxable","41":"product-type-simple"},"yoast_head":"<!-- This site is optimized with the Yoast SEO plugin v27.6 - https:\/\/yoast.com\/product\/yoast-seo-wordpress\/ -->\n<title>-<\/title>\n<meta name=\"robots\" content=\"index, follow, max-snippet:-1, max-image-preview:large, max-video-preview:-1\" \/>\n<link rel=\"canonical\" href=\"https:\/\/keys-for-auto.eu\/de\/product\/produktion-der-schlussel-fur-citroen-autos\/\" \/>\n<meta property=\"og:locale\" content=\"de_DE\" \/>\n<meta property=\"og:type\" content=\"article\" \/>\n<meta property=\"og:title\" content=\"-\" \/>\n<meta property=\"og:description\" content=\"Herstellung von Citroen-Schl\u00fcsseln  Herstellung von Citroen-Schl\u00fcsseln  Citroen-Schl\u00fcssel  Citroen-Schl\u00fcsseletuis  Citroen Schl\u00fcssel Reparatur  Citroen Schl\u00fcssel programmieren  Notentriegelung von Citroen-Fahrzeugen Herstellung von Autoschl\u00fcsseln  Herstellung neuer Autoschl\u00fcssel, Programmierung der Schl\u00fcssel (&quot;Bindung&quot; an das Auto)  L\u00f6schen von zuvor verlorenen Schl\u00fcsseln aus dem Fahrzeugspeicher  Herstellung des Z\u00fcndschl\u00fcssels entsprechend dem Schloss  Reparatur von Autoschl\u00fcsseln (Ersatz von Tasten, Schalen, Mechanismen)  Auto-Notentriegelung  Umtausch von Schl\u00fcsseln, Schl\u00fcsseletuis  DPF \/ FAP Software-Abschaltung  Programmatische EGR-Entfernung  Deaktivierung der Wegfahrsperre-Software (immo Off)  Reparatur, Klonen, Programmieren von Motorsteuerger\u00e4ten (ECU)  SRS (Airbag-Steuerger\u00e4t-Programmierung) Artikel werden innerhalb von 3 Arbeitstagen versandt.* &nbsp;\" \/>\n<meta property=\"og:url\" content=\"https:\/\/keys-for-auto.eu\/de\/product\/produktion-der-schlussel-fur-citroen-autos\/\" \/>\n<meta property=\"og:site_name\" content=\"Keys for auto\" \/>\n<meta property=\"article:publisher\" content=\"https:\/\/www.facebook.com\/KeysForAutoEU\" \/>\n<meta property=\"og:image\" content=\"https:\/\/keys-for-auto.eu\/wp-content\/uploads\/2022\/12\/logo-Citroen.png\" \/>\n\t<meta property=\"og:image:width\" content=\"1075\" \/>\n\t<meta property=\"og:image:height\" content=\"830\" \/>\n\t<meta property=\"og:image:type\" content=\"image\/png\" \/>\n<meta name=\"twitter:card\" content=\"summary_large_image\" \/>\n<meta name=\"twitter:label1\" content=\"Gesch\u00e4tzte Lesezeit\" \/>\n\t<meta name=\"twitter:data1\" content=\"2\u00a0Minuten\" \/>\n<script type=\"application\/ld+json\" class=\"yoast-schema-graph\">{\"@context\":\"https:\\\/\\\/schema.org\",\"@graph\":[{\"@type\":[\"WebPage\",\"ItemPage\"],\"@id\":\"https:\\\/\\\/keys-for-auto.eu\\\/de\\\/product\\\/produktion-der-schlussel-fur-citroen-autos\\\/\",\"url\":\"https:\\\/\\\/keys-for-auto.eu\\\/de\\\/product\\\/produktion-der-schlussel-fur-citroen-autos\\\/\",\"name\":\"-\",\"isPartOf\":{\"@id\":\"https:\\\/\\\/keys-for-auto.eu\\\/de\\\/#website\"},\"primaryImageOfPage\":{\"@id\":\"https:\\\/\\\/keys-for-auto.eu\\\/de\\\/product\\\/produktion-der-schlussel-fur-citroen-autos\\\/#primaryimage\"},\"image\":{\"@id\":\"https:\\\/\\\/keys-for-auto.eu\\\/de\\\/product\\\/produktion-der-schlussel-fur-citroen-autos\\\/#primaryimage\"},\"thumbnailUrl\":\"https:\\\/\\\/keys-for-auto.eu\\\/wp-content\\\/uploads\\\/2022\\\/12\\\/logo-Citroen.png\",\"datePublished\":\"2017-11-29T21:12:28+00:00\",\"breadcrumb\":{\"@id\":\"https:\\\/\\\/keys-for-auto.eu\\\/de\\\/product\\\/produktion-der-schlussel-fur-citroen-autos\\\/#breadcrumb\"},\"inLanguage\":\"de\",\"potentialAction\":[{\"@type\":\"ReadAction\",\"target\":[\"https:\\\/\\\/keys-for-auto.eu\\\/de\\\/product\\\/produktion-der-schlussel-fur-citroen-autos\\\/\"]}]},{\"@type\":\"ImageObject\",\"inLanguage\":\"de\",\"@id\":\"https:\\\/\\\/keys-for-auto.eu\\\/de\\\/product\\\/produktion-der-schlussel-fur-citroen-autos\\\/#primaryimage\",\"url\":\"https:\\\/\\\/keys-for-auto.eu\\\/wp-content\\\/uploads\\\/2022\\\/12\\\/logo-Citroen.png\",\"contentUrl\":\"https:\\\/\\\/keys-for-auto.eu\\\/wp-content\\\/uploads\\\/2022\\\/12\\\/logo-Citroen.png\",\"width\":1075,\"height\":830},{\"@type\":\"BreadcrumbList\",\"@id\":\"https:\\\/\\\/keys-for-auto.eu\\\/de\\\/product\\\/produktion-der-schlussel-fur-citroen-autos\\\/#breadcrumb\",\"itemListElement\":[{\"@type\":\"ListItem\",\"position\":1,\"name\":\"Startseite\",\"item\":\"https:\\\/\\\/keys-for-auto.eu\\\/de\\\/\"},{\"@type\":\"ListItem\",\"position\":2,\"name\":\"Shop\",\"item\":\"https:\\\/\\\/keys-for-auto.eu\\\/\"},{\"@type\":\"ListItem\",\"position\":3,\"name\":\"Herstellung von Schl\u00fcsseln f\u00fcr Citroen-Fahrzeuge\"}]},{\"@type\":\"WebSite\",\"@id\":\"https:\\\/\\\/keys-for-auto.eu\\\/de\\\/#website\",\"url\":\"https:\\\/\\\/keys-for-auto.eu\\\/de\\\/\",\"name\":\"Keys for auto\",\"description\":\"Car keys,  key shells, key programming\",\"publisher\":{\"@id\":\"https:\\\/\\\/keys-for-auto.eu\\\/de\\\/#organization\"},\"potentialAction\":[{\"@type\":\"SearchAction\",\"target\":{\"@type\":\"EntryPoint\",\"urlTemplate\":\"https:\\\/\\\/keys-for-auto.eu\\\/de\\\/?s={search_term_string}\"},\"query-input\":{\"@type\":\"PropertyValueSpecification\",\"valueRequired\":true,\"valueName\":\"search_term_string\"}}],\"inLanguage\":\"de\"},{\"@type\":\"Organization\",\"@id\":\"https:\\\/\\\/keys-for-auto.eu\\\/de\\\/#organization\",\"name\":\"Schl\u00fcssel f\u00fcr Auto\",\"url\":\"https:\\\/\\\/keys-for-auto.eu\\\/de\\\/\",\"logo\":{\"@type\":\"ImageObject\",\"inLanguage\":\"de\",\"@id\":\"https:\\\/\\\/keys-for-auto.eu\\\/de\\\/#\\\/schema\\\/logo\\\/image\\\/\",\"url\":\"https:\\\/\\\/keys-for-auto.eu\\\/wp-content\\\/uploads\\\/2022\\\/11\\\/cropped-png1.png\",\"contentUrl\":\"https:\\\/\\\/keys-for-auto.eu\\\/wp-content\\\/uploads\\\/2022\\\/11\\\/cropped-png1.png\",\"width\":1000,\"height\":342,\"caption\":\"Schl\u00fcssel f\u00fcr Auto\"},\"image\":{\"@id\":\"https:\\\/\\\/keys-for-auto.eu\\\/de\\\/#\\\/schema\\\/logo\\\/image\\\/\"},\"sameAs\":[\"https:\\\/\\\/www.facebook.com\\\/KeysForAutoEU\"]}]}<\/script>\n<!-- \/ Yoast SEO plugin. -->","yoast_head_json":{"title":"-","robots":{"index":"index","follow":"follow","max-snippet":"max-snippet:-1","max-image-preview":"max-image-preview:large","max-video-preview":"max-video-preview:-1"},"canonical":"https:\/\/keys-for-auto.eu\/de\/product\/produktion-der-schlussel-fur-citroen-autos\/","og_locale":"de_DE","og_type":"article","og_title":"-","og_description":"Herstellung von Citroen-Schl\u00fcsseln  Herstellung von Citroen-Schl\u00fcsseln  Citroen-Schl\u00fcssel  Citroen-Schl\u00fcsseletuis  Citroen Schl\u00fcssel Reparatur  Citroen Schl\u00fcssel programmieren  Notentriegelung von Citroen-Fahrzeugen Herstellung von Autoschl\u00fcsseln  Herstellung neuer Autoschl\u00fcssel, Programmierung der Schl\u00fcssel (\"Bindung\" an das Auto)  L\u00f6schen von zuvor verlorenen Schl\u00fcsseln aus dem Fahrzeugspeicher  Herstellung des Z\u00fcndschl\u00fcssels entsprechend dem Schloss  Reparatur von Autoschl\u00fcsseln (Ersatz von Tasten, Schalen, Mechanismen)  Auto-Notentriegelung  Umtausch von Schl\u00fcsseln, Schl\u00fcsseletuis  DPF \/ FAP Software-Abschaltung  Programmatische EGR-Entfernung  Deaktivierung der Wegfahrsperre-Software (immo Off)  Reparatur, Klonen, Programmieren von Motorsteuerger\u00e4ten (ECU)  SRS (Airbag-Steuerger\u00e4t-Programmierung) Artikel werden innerhalb von 3 Arbeitstagen versandt.* &nbsp;","og_url":"https:\/\/keys-for-auto.eu\/de\/product\/produktion-der-schlussel-fur-citroen-autos\/","og_site_name":"Keys for auto","article_publisher":"https:\/\/www.facebook.com\/KeysForAutoEU","og_image":[{"width":1075,"height":830,"url":"https:\/\/keys-for-auto.eu\/wp-content\/uploads\/2022\/12\/logo-Citroen.png","type":"image\/png"}],"twitter_card":"summary_large_image","twitter_misc":{"Gesch\u00e4tzte Lesezeit":"2\u00a0Minuten"},"schema":{"@context":"https:\/\/schema.org","@graph":[{"@type":["WebPage","ItemPage"],"@id":"https:\/\/keys-for-auto.eu\/de\/product\/produktion-der-schlussel-fur-citroen-autos\/","url":"https:\/\/keys-for-auto.eu\/de\/product\/produktion-der-schlussel-fur-citroen-autos\/","name":"-","isPartOf":{"@id":"https:\/\/keys-for-auto.eu\/de\/#website"},"primaryImageOfPage":{"@id":"https:\/\/keys-for-auto.eu\/de\/product\/produktion-der-schlussel-fur-citroen-autos\/#primaryimage"},"image":{"@id":"https:\/\/keys-for-auto.eu\/de\/product\/produktion-der-schlussel-fur-citroen-autos\/#primaryimage"},"thumbnailUrl":"https:\/\/keys-for-auto.eu\/wp-content\/uploads\/2022\/12\/logo-Citroen.png","datePublished":"2017-11-29T21:12:28+00:00","breadcrumb":{"@id":"https:\/\/keys-for-auto.eu\/de\/product\/produktion-der-schlussel-fur-citroen-autos\/#breadcrumb"},"inLanguage":"de","potentialAction":[{"@type":"ReadAction","target":["https:\/\/keys-for-auto.eu\/de\/product\/produktion-der-schlussel-fur-citroen-autos\/"]}]},{"@type":"ImageObject","inLanguage":"de","@id":"https:\/\/keys-for-auto.eu\/de\/product\/produktion-der-schlussel-fur-citroen-autos\/#primaryimage","url":"https:\/\/keys-for-auto.eu\/wp-content\/uploads\/2022\/12\/logo-Citroen.png","contentUrl":"https:\/\/keys-for-auto.eu\/wp-content\/uploads\/2022\/12\/logo-Citroen.png","width":1075,"height":830},{"@type":"BreadcrumbList","@id":"https:\/\/keys-for-auto.eu\/de\/product\/produktion-der-schlussel-fur-citroen-autos\/#breadcrumb","itemListElement":[{"@type":"ListItem","position":1,"name":"Startseite","item":"https:\/\/keys-for-auto.eu\/de\/"},{"@type":"ListItem","position":2,"name":"Shop","item":"https:\/\/keys-for-auto.eu\/"},{"@type":"ListItem","position":3,"name":"Herstellung von Schl\u00fcsseln f\u00fcr Citroen-Fahrzeuge"}]},{"@type":"WebSite","@id":"https:\/\/keys-for-auto.eu\/de\/#website","url":"https:\/\/keys-for-auto.eu\/de\/","name":"Keys for auto","description":"Car keys,  key shells, key programming","publisher":{"@id":"https:\/\/keys-for-auto.eu\/de\/#organization"},"potentialAction":[{"@type":"SearchAction","target":{"@type":"EntryPoint","urlTemplate":"https:\/\/keys-for-auto.eu\/de\/?s={search_term_string}"},"query-input":{"@type":"PropertyValueSpecification","valueRequired":true,"valueName":"search_term_string"}}],"inLanguage":"de"},{"@type":"Organization","@id":"https:\/\/keys-for-auto.eu\/de\/#organization","name":"Schl\u00fcssel f\u00fcr Auto","url":"https:\/\/keys-for-auto.eu\/de\/","logo":{"@type":"ImageObject","inLanguage":"de","@id":"https:\/\/keys-for-auto.eu\/de\/#\/schema\/logo\/image\/","url":"https:\/\/keys-for-auto.eu\/wp-content\/uploads\/2022\/11\/cropped-png1.png","contentUrl":"https:\/\/keys-for-auto.eu\/wp-content\/uploads\/2022\/11\/cropped-png1.png","width":1000,"height":342,"caption":"Schl\u00fcssel f\u00fcr Auto"},"image":{"@id":"https:\/\/keys-for-auto.eu\/de\/#\/schema\/logo\/image\/"},"sameAs":["https:\/\/www.facebook.com\/KeysForAutoEU"]}]}},"_links":{"self":[{"href":"https:\/\/keys-for-auto.eu\/de\/wp-json\/wp\/v2\/product\/16374","targetHints":{"allow":["GET"]}}],"collection":[{"href":"https:\/\/keys-for-auto.eu\/de\/wp-json\/wp\/v2\/product"}],"about":[{"href":"https:\/\/keys-for-auto.eu\/de\/wp-json\/wp\/v2\/types\/product"}],"replies":[{"embeddable":true,"href":"https:\/\/keys-for-auto.eu\/de\/wp-json\/wp\/v2\/comments?post=16374"}],"wp:featuredmedia":[{"embeddable":true,"href":"https:\/\/keys-for-auto.eu\/de\/wp-json\/wp\/v2\/media\/13005"}],"wp:attachment":[{"href":"https:\/\/keys-for-auto.eu\/de\/wp-json\/wp\/v2\/media?parent=16374"}],"wp:term":[{"taxonomy":"product_brand","embeddable":true,"href":"https:\/\/keys-for-auto.eu\/de\/wp-json\/wp\/v2\/product_brand?post=16374"},{"taxonomy":"product_cat","embeddable":true,"href":"https:\/\/keys-for-auto.eu\/de\/wp-json\/wp\/v2\/product_cat?post=16374"},{"taxonomy":"product_tag","embeddable":true,"href":"https:\/\/keys-for-auto.eu\/de\/wp-json\/wp\/v2\/product_tag?post=16374"}],"curies":[{"name":"wp","href":"https:\/\/api.w.org\/{rel}","templated":true}]}}