{"id":16373,"date":"2017-03-11T22:18:18","date_gmt":"2017-03-11T22:18:18","guid":{"rendered":"https:\/\/keys-for-auto.eu\/product\/autoschluessel-reparatur\/"},"modified":"2017-03-11T22:18:18","modified_gmt":"2017-03-11T22:18:18","slug":"auto-key-reparatur","status":"publish","type":"product","link":"https:\/\/keys-for-auto.eu\/de\/product\/auto-key-reparatur\/","title":{"rendered":"Autoschl\u00fcssel-Reparatur"},"content":{"rendered":"<h1>Wichtige Reparaturen<\/h1>\n<h2><strong>  Die wichtigsten Probleme mit Autoschl\u00fcsseln, die eine Reparatur erfordern:<\/strong><\/h2>\n<ul>\n<li>Abgenutzte, besch\u00e4digte, verlorene oder nicht mehr funktionierende Kn\u00f6pfe<\/li>\n<li>Mechanismus zum Herausziehen der Klinge funktioniert nicht richtig oder ist gebrochen<\/li>\n<li>Der funktionierende Teil des Schl\u00fcssels ist abgenutzt, verbogen oder besch\u00e4digt<\/li>\n<li>Schl\u00fcsselk\u00f6rper verschlissen oder mechanisch besch\u00e4digt<\/li>\n<li>Das Fahrzeug reagiert nicht mehr auf Tastenbefehle oder die Leuchte leuchtet nicht<\/li>\n<li>Der Schl\u00fcssel wurde fallen gelassen, war Wasser, Temperatur, Strahlung usw. ausgesetzt.<\/li>\n<\/ul>\n<p>Die Reparatur von Z\u00fcndschl\u00fcsseln ist ein Verfahren, das manchmal in Frage gestellt werden kann, insbesondere wenn der Schl\u00fcssel mit Chip einfach und preiswert ist. Fast alle modernen Autoschl\u00fcssel sind mit einem Chip f\u00fcr die Wegfahrsperre ausgestattet.<\/p>\n<p><img loading=\"lazy\" decoding=\"async\" class=\"aligncenter wp-image-2129\" title=\"rakt\u0173 remontas\" src=\"https:\/\/raktai-automobiliams.lt\/wp-content\/uploads\/2017\/03\/rakt%C5%B3-remontas.jpg\" alt=\"rakt\u0173 remontas\" width=\"630\" height=\"448\"><\/p>\n<p>Stellen wir uns nun vor, dass wir den Z\u00fcndschl\u00fcssel reparieren m\u00fcssen, weil der bisherige Schl\u00fcssel abgenutzt ist und nicht mehr richtig im Schloss funktioniert oder ganz abgebrochen ist. Nach der Herstellung des neuen Schl\u00fcssels und der Herstellung des Werkzeugs muss der Chip des Originalschl\u00fcssels in den neuen Schl\u00fcssel eingesetzt werden. Das Problem ist jedoch, dass die Originalschl\u00fcssel oft unzerst\u00f6rbar sind, d. h. der Chip befindet sich im Kunststoffgriff des Schl\u00fcssels und kann nicht demontiert werden. Wir k\u00f6nnen den Griff nur vorsichtig abschneiden und hoffen, dass der Chip dabei nicht besch\u00e4digt wird.<br \/>\nBei einer Schl\u00fcsselanh\u00e4ngerreparatur, bei der der Schl\u00fcssel mit einer Platine und Fernbedienungskn\u00f6pfen ausgestattet ist, erweitert sich jedoch der Aktionsradius und es ergeben sich verschiedene Reparaturm\u00f6glichkeiten.<\/p>\n<p><em>Dazu geh\u00f6ren Diagnose und Inspektion der wichtigsten<\/em><\/p>\n<h2>Auswechseln des Schl\u00fcsselkastens<br \/>\n<img loading=\"lazy\" decoding=\"async\" class=\"wp-image-2130 aligncenter\" src=\"https:\/\/raktai-automobiliams.lt\/wp-content\/uploads\/2017\/03\/rakto-korpuso-keitimas.jpg\" alt=\"\" width=\"598\" height=\"595\"><\/h2>\n<p>In einigen F\u00e4llen bedeutet die Reparatur des Z\u00fcndschl\u00fcssels, dass die Tasten ausgetauscht werden m\u00fcssen<\/p>\n<p><img loading=\"lazy\" decoding=\"async\" class=\"alignnone wp-image-2131\" src=\"https:\/\/raktai-automobiliams.lt\/wp-content\/uploads\/2017\/03\/u%C5%BEvedimo-rakto-remontas.jpg\" alt=\"\" width=\"557\" height=\"465\"><\/p>\n<p>Die Reparatur des Z\u00fcndschl\u00fcssels ist ebenfalls eine M\u00f6glichkeit, wenn die Kosten f\u00fcr einen neuen Schl\u00fcssel zu hoch sind. Zum Beispiel die Reparatur eines Mercedes ML Schl\u00fcssels<\/p>\n<p><img loading=\"lazy\" decoding=\"async\" class=\"alignnone wp-image-2132\" src=\"https:\/\/raktai-automobiliams.lt\/wp-content\/uploads\/2017\/03\/U%C5%BEvedimo-rakto-remontas-2.jpg\" alt=\"\" width=\"552\" height=\"461\"><\/p>\n<p>Ein neues Schl\u00fcsselblatt wurde angefertigt und gefr\u00e4st, und ein C.U. Das Ergebnis ist, dass der Schl\u00fcssel wieder sein normales Aussehen hat, dass er in vollem Umfang genutzt werden kann und dass es nicht peinlich ist, ihn in der \u00d6ffentlichkeit abzunehmen.<br \/>\nDiese Art der Schl\u00fcsselreparatur geh\u00f6rt zu einer eigenen Kategorie, da es sich um die Reparatur von Klappschl\u00fcsseln handelt. Sinnvoll ist auch die Reparatur von elektronischen Mercedes-Z\u00fcndschl\u00fcsseln &#8211; sogenannten Mercedes-Fischschl\u00fcsseln. Oft funktioniert der Schl\u00fcssel selbst, aber das Geh\u00e4use ist kaputt, die Tasten fehlen usw.<\/p>\n<p><img loading=\"lazy\" decoding=\"async\" class=\"alignnone wp-image-2133\" src=\"https:\/\/raktai-automobiliams.lt\/wp-content\/uploads\/2017\/03\/korpusu-keitimas.jpg\" alt=\"\" width=\"551\" height=\"306\"><\/p>\n<p>In diesem Fall kann ein neuer elektronischer Schl\u00fcssel angefertigt und f\u00fcr den Mercedes programmiert werden, oder der Schl\u00fcsselk\u00f6rper kann einfach ausgetauscht werden. Wir k\u00f6nnen auch das elektronische Teil\/Tastenfeld reparieren. Wenn das Fahrzeug nicht mehr mit dem Schl\u00fcssel startet und\/oder die Tasten nicht mehr funktionieren.<\/p>\n<h2>Startkarten<\/h2>\n<p>Reno-Fahrzeuge (Renault) sind von der Z\u00fcndschl\u00fcsselreparatur nicht ausgenommen. Vor allem, wenn der Schl\u00fcssel durch eine Chipkarte ersetzt wird, die ebenfalls anf\u00e4llig f\u00fcr Besch\u00e4digungen ist.<\/p>\n<p><img loading=\"lazy\" decoding=\"async\" class=\"alignnone wp-image-2134\" src=\"https:\/\/raktai-automobiliams.lt\/wp-content\/uploads\/2017\/03\/rakt%C5%B3-remontas-renault.jpg\" alt=\"\" width=\"561\" height=\"345\"><\/p>\n<p>Das Ersetzen und Reparieren von Schl\u00fcsselanh\u00e4ngern ist eine der beliebtesten Dienstleistungen. Moderne Autoz\u00fcndschl\u00fcssel sind mit Fernbedienungskn\u00f6pfen C3 (\u0426\u0417) ausgestattet. Bekanntlich ist alles, was sich bewegt, dr\u00fcckt usw., verschlei\u00df- und bruchanf\u00e4llig, so auch kaputte Autoschl\u00fcsseltasten.<\/p>\n<p><img loading=\"lazy\" decoding=\"async\" class=\"alignnone wp-image-2135\" src=\"https:\/\/raktai-automobiliams.lt\/wp-content\/uploads\/2017\/03\/Rakt%C5%B3-mygtuk%C5%B3-keitimas.jpg\" alt=\"\" width=\"559\" height=\"338\"><\/p>\n<p>Die Pop-up-Taste selbst und die Tasten k\u00f6nnen an den Tasten abbrechen.<\/p>\n<p>Bei der Reparatur von Autoschl\u00fcsseln reicht es oft nicht aus, nur den Schl\u00fcsselk\u00f6rper und das Schl\u00fcsselblatt auszutauschen. In mehr als 50 % der F\u00e4lle werden zuerst die Tasten auf dem Schl\u00fcsselgeh\u00e4use gedr\u00fcckt und brechen ab, und dann sind die Tasten auf der Platte selbst gebrochen oder verloren.<br \/>\nDas hei\u00dft, der Schl\u00fcssel und das Kennzeichen bleiben funktionsf\u00e4hig und intakt, aber weil die Taste am Schl\u00fcssel abgebrochen oder verloren gegangen ist, kann die Zentralverriegelung des Fahrzeugs nicht mehr ferngesteuert werden.<br \/>\nIn diesem Fall gibt es zwei M\u00f6glichkeiten:<\/p>\n<ul>\n<li>Erstellen und Programmieren eines neuen Schl\u00fcssels<\/li>\n<li>Reparatur des vorhandenen Schl\u00fcssels &#8211; Reparatur, Neul\u00f6ten und Ersetzen der Tasten des Z\u00fcndschl\u00fcssels<\/li>\n<\/ul>\n<p><img loading=\"lazy\" decoding=\"async\" class=\"alignnone wp-image-2131\" src=\"https:\/\/raktai-automobiliams.lt\/wp-content\/uploads\/2017\/03\/u%C5%BEvedimo-rakto-remontas.jpg\" alt=\"\" width=\"552\" height=\"461\"><\/p>\n<p>Wir haben in unserer Werkstatt Z\u00fcndschl\u00fcssel mit Druckknopf f\u00fcr genau die zweite M\u00f6glichkeit, nat\u00fcrlich nicht f\u00fcr alle, aber f\u00fcr viele Automodelle.<\/p>\n<p><img loading=\"lazy\" decoding=\"async\" class=\"alignnone wp-image-2135\" src=\"https:\/\/raktai-automobiliams.lt\/wp-content\/uploads\/2017\/03\/Rakt%C5%B3-mygtuk%C5%B3-keitimas.jpg\" alt=\"\" width=\"554\" height=\"335\"><\/p>\n<p>Nat\u00fcrlich w\u00e4re es ein Fehler zu denken, dass die Reparatur Ihrer Schl\u00fcssel durch den Austausch der Tasten sehr billig ist. Nein, es ist nicht so billig, wie es scheinen mag, aber es ist immer noch 2-3 Mal billiger oder mehr, als einen neuen Schl\u00fcssel herzustellen und zu programmieren.<\/p>\n<p>&nbsp;<\/p>\n<hr>\n<h4><\/h4>\n<p>&nbsp;<\/p>\n<hr>\n<p>&nbsp;<\/p>\n","protected":false},"excerpt":{"rendered":"<p>Die Reparatur von Autoschl\u00fcsseln ist heute eine sehr beliebte Dienstleistung. Ein moderner Autoschl\u00fcssel ist ein multifunktionales Instrument, das nicht nur zum Starten des Fahrzeugs dient. Es ist mit einer Fernbedienung f\u00fcr die Alarmanlage, die T\u00fcren und das \u00d6ffnen\/Schlie\u00dfen des Kofferraums ausgestattet. Eine Wegfahrsperre bietet zus\u00e4tzlichen Schutz gegen das Wegfahren des Fahrzeugs. Alles in einem kleinen Autoschl\u00fcssel-Etui.<\/p>\n<h3><strong>Herstellung von Autoschl\u00fcsseln<\/strong><\/h3>\n<ul>\n<li><strong>Herstellung neuer Autoschl\u00fcssel, Programmierung der Schl\u00fcssel (&#8222;Bindung&#8220; an das Auto)<\/strong><\/li>\n<li><strong>L\u00f6schen von zuvor verlorenen Schl\u00fcsseln aus dem Fahrzeugspeicher<\/strong><\/li>\n<li><strong>Herstellung des Z\u00fcndschl\u00fcssels entsprechend dem Schloss<\/strong><\/li>\n<li><strong>Reparatur von Autoschl\u00fcsseln (Ersatz von Tasten, Schalen, Mechanismen)<\/strong><\/li>\n<li><strong>Auto-Notentriegelung<\/strong><\/li>\n<li><strong>Umtausch von Schl\u00fcsseln, Schl\u00fcsseletuis<\/strong><\/li>\n<li><strong>DPF \/ FAP Software-Abschaltung<\/strong><\/li>\n<li><strong>Programmatische EGR-Entfernung<\/strong><\/li>\n<li><strong>Deaktivierung der Wegfahrsperre-Software (immo Off)<\/strong><\/li>\n<li><strong>Reparatur, Klonen, Programmieren von Motorsteuerger\u00e4ten (ECU)<\/strong><\/li>\n<li><strong>SRS (Airbag-Steuerger\u00e4t-Programmierung)<\/strong><\/li>\n<\/ul>\n<h4><strong>  Artikel werden innerhalb von 3 Arbeitstagen versandt.*<\/strong><\/h4>\n","protected":false},"featured_media":12500,"comment_status":"open","ping_status":"closed","template":"","meta":[],"product_brand":[],"product_cat":[2101,2175,2098,2096,2469,2146,2118,2104,740,2099,2619,2111,2182,2267,2281,2216,2140,2228,2252,2293,2218,2219,2214,2238,2283,2330,2556,2318,2311,2253,2369,739,2317,2314,2225,2102,2312,2353,2292,2329,2349,2416],"product_tag":[2710],"class_list":{"0":"post-16373","1":"product","2":"type-product","3":"status-publish","4":"has-post-thumbnail","6":"product_cat-alfa-romeo-de","7":"product_cat-audi-de","8":"product_cat-bmw-de","9":"product_cat-buick-de","10":"product_cat-cadillac-de","11":"product_cat-chevrolet-de","12":"product_cat-chrysler-de","13":"product_cat-citroen-de","14":"product_cat-fiat-de","15":"product_cat-ford-de","16":"product_cat-herstellung-von-schlusseln","17":"product_cat-honda-de","18":"product_cat-hyundai-de","19":"product_cat-infiniti-de","20":"product_cat-iveco-de","21":"product_cat-jaguar-de","22":"product_cat-jeep-de","23":"product_cat-kia-de","24":"product_cat-land-rover-de","25":"product_cat-lexus-de","26":"product_cat-mazda-de","27":"product_cat-mercedes-benz-de","28":"product_cat-mitsubishi-de","29":"product_cat-nissan-de","30":"product_cat-opel-de","31":"product_cat-peugeot-de","32":"product_cat-pontiac-de","33":"product_cat-porsche-de","34":"product_cat-renault-de","35":"product_cat-rover-de","36":"product_cat-saab-de","37":"product_cat-schlusselmuscheln","38":"product_cat-seat-de","39":"product_cat-skoda-de","40":"product_cat-smart-de","41":"product_cat-ssangyong-de","42":"product_cat-subaru-de","43":"product_cat-suzuki-de","44":"product_cat-tasten-der-fernbedienung","45":"product_cat-toyota-de","46":"product_cat-volkswagen-de","47":"product_cat-volvo-de","48":"product_tag-reparatur-von-autoschlusseln","50":"first","51":"instock","52":"shipping-taxable","53":"purchasable","54":"product-type-simple"},"yoast_head":"<!-- This site is optimized with the Yoast SEO plugin v27.3 - https:\/\/yoast.com\/product\/yoast-seo-wordpress\/ -->\n<title>-<\/title>\n<meta name=\"robots\" content=\"index, follow, max-snippet:-1, max-image-preview:large, max-video-preview:-1\" \/>\n<link rel=\"canonical\" href=\"https:\/\/keys-for-auto.eu\/de\/product\/auto-key-reparatur\/\" \/>\n<meta property=\"og:locale\" content=\"de_DE\" \/>\n<meta property=\"og:type\" content=\"article\" \/>\n<meta property=\"og:title\" content=\"-\" \/>\n<meta property=\"og:description\" content=\"Die Reparatur von Autoschl\u00fcsseln ist heute eine sehr beliebte Dienstleistung. Ein moderner Autoschl\u00fcssel ist ein multifunktionales Instrument, das nicht nur zum Starten des Fahrzeugs dient. Es ist mit einer Fernbedienung f\u00fcr die Alarmanlage, die T\u00fcren und das \u00d6ffnen\/Schlie\u00dfen des Kofferraums ausgestattet. Eine Wegfahrsperre bietet zus\u00e4tzlichen Schutz gegen das Wegfahren des Fahrzeugs. Alles in einem kleinen Autoschl\u00fcssel-Etui. Herstellung von Autoschl\u00fcsseln  Herstellung neuer Autoschl\u00fcssel, Programmierung der Schl\u00fcssel (&quot;Bindung&quot; an das Auto)  L\u00f6schen von zuvor verlorenen Schl\u00fcsseln aus dem Fahrzeugspeicher  Herstellung des Z\u00fcndschl\u00fcssels entsprechend dem Schloss  Reparatur von Autoschl\u00fcsseln (Ersatz von Tasten, Schalen, Mechanismen)  Auto-Notentriegelung  Umtausch von Schl\u00fcsseln, Schl\u00fcsseletuis  DPF \/ FAP Software-Abschaltung  Programmatische EGR-Entfernung  Deaktivierung der Wegfahrsperre-Software (immo Off)  Reparatur, Klonen, Programmieren von Motorsteuerger\u00e4ten (ECU)  SRS (Airbag-Steuerger\u00e4t-Programmierung)  Artikel werden innerhalb von 3 Arbeitstagen versandt.*\" \/>\n<meta property=\"og:url\" content=\"https:\/\/keys-for-auto.eu\/de\/product\/auto-key-reparatur\/\" \/>\n<meta property=\"og:site_name\" content=\"Keys for auto\" \/>\n<meta property=\"article:publisher\" content=\"https:\/\/www.facebook.com\/KeysForAutoEU\" \/>\n<meta property=\"og:image\" content=\"https:\/\/keys-for-auto.eu\/wp-content\/uploads\/2022\/12\/Raktu-remontas-pulteliu-remontas.jpg\" \/>\n\t<meta property=\"og:image:width\" content=\"850\" \/>\n\t<meta property=\"og:image:height\" content=\"460\" \/>\n\t<meta property=\"og:image:type\" content=\"image\/jpeg\" \/>\n<meta name=\"twitter:card\" content=\"summary_large_image\" \/>\n<meta name=\"twitter:label1\" content=\"Gesch\u00e4tzte Lesezeit\" \/>\n\t<meta name=\"twitter:data1\" content=\"4\u00a0Minuten\" \/>\n<script type=\"application\/ld+json\" class=\"yoast-schema-graph\">{\"@context\":\"https:\\\/\\\/schema.org\",\"@graph\":[{\"@type\":[\"WebPage\",\"ItemPage\"],\"@id\":\"https:\\\/\\\/keys-for-auto.eu\\\/de\\\/product\\\/auto-key-reparatur\\\/\",\"url\":\"https:\\\/\\\/keys-for-auto.eu\\\/de\\\/product\\\/auto-key-reparatur\\\/\",\"name\":\"-\",\"isPartOf\":{\"@id\":\"https:\\\/\\\/keys-for-auto.eu\\\/de\\\/#website\"},\"primaryImageOfPage\":{\"@id\":\"https:\\\/\\\/keys-for-auto.eu\\\/de\\\/product\\\/auto-key-reparatur\\\/#primaryimage\"},\"image\":{\"@id\":\"https:\\\/\\\/keys-for-auto.eu\\\/de\\\/product\\\/auto-key-reparatur\\\/#primaryimage\"},\"thumbnailUrl\":\"https:\\\/\\\/keys-for-auto.eu\\\/wp-content\\\/uploads\\\/2022\\\/12\\\/Raktu-remontas-pulteliu-remontas.jpg\",\"datePublished\":\"2017-03-11T22:18:18+00:00\",\"breadcrumb\":{\"@id\":\"https:\\\/\\\/keys-for-auto.eu\\\/de\\\/product\\\/auto-key-reparatur\\\/#breadcrumb\"},\"inLanguage\":\"de\",\"potentialAction\":[{\"@type\":\"ReadAction\",\"target\":[\"https:\\\/\\\/keys-for-auto.eu\\\/de\\\/product\\\/auto-key-reparatur\\\/\"]}]},{\"@type\":\"ImageObject\",\"inLanguage\":\"de\",\"@id\":\"https:\\\/\\\/keys-for-auto.eu\\\/de\\\/product\\\/auto-key-reparatur\\\/#primaryimage\",\"url\":\"https:\\\/\\\/keys-for-auto.eu\\\/wp-content\\\/uploads\\\/2022\\\/12\\\/Raktu-remontas-pulteliu-remontas.jpg\",\"contentUrl\":\"https:\\\/\\\/keys-for-auto.eu\\\/wp-content\\\/uploads\\\/2022\\\/12\\\/Raktu-remontas-pulteliu-remontas.jpg\",\"width\":850,\"height\":460,\"caption\":\"Car key repair\"},{\"@type\":\"BreadcrumbList\",\"@id\":\"https:\\\/\\\/keys-for-auto.eu\\\/de\\\/product\\\/auto-key-reparatur\\\/#breadcrumb\",\"itemListElement\":[{\"@type\":\"ListItem\",\"position\":1,\"name\":\"Startseite\",\"item\":\"https:\\\/\\\/keys-for-auto.eu\\\/de\\\/\"},{\"@type\":\"ListItem\",\"position\":2,\"name\":\"Shop\",\"item\":\"https:\\\/\\\/keys-for-auto.eu\\\/\"},{\"@type\":\"ListItem\",\"position\":3,\"name\":\"Autoschl\u00fcssel-Reparatur\"}]},{\"@type\":\"WebSite\",\"@id\":\"https:\\\/\\\/keys-for-auto.eu\\\/de\\\/#website\",\"url\":\"https:\\\/\\\/keys-for-auto.eu\\\/de\\\/\",\"name\":\"Keys for auto\",\"description\":\"Car keys,  key shells, key programming\",\"publisher\":{\"@id\":\"https:\\\/\\\/keys-for-auto.eu\\\/de\\\/#organization\"},\"potentialAction\":[{\"@type\":\"SearchAction\",\"target\":{\"@type\":\"EntryPoint\",\"urlTemplate\":\"https:\\\/\\\/keys-for-auto.eu\\\/de\\\/?s={search_term_string}\"},\"query-input\":{\"@type\":\"PropertyValueSpecification\",\"valueRequired\":true,\"valueName\":\"search_term_string\"}}],\"inLanguage\":\"de\"},{\"@type\":\"Organization\",\"@id\":\"https:\\\/\\\/keys-for-auto.eu\\\/de\\\/#organization\",\"name\":\"Schl\u00fcssel f\u00fcr Auto\",\"url\":\"https:\\\/\\\/keys-for-auto.eu\\\/de\\\/\",\"logo\":{\"@type\":\"ImageObject\",\"inLanguage\":\"de\",\"@id\":\"https:\\\/\\\/keys-for-auto.eu\\\/de\\\/#\\\/schema\\\/logo\\\/image\\\/\",\"url\":\"https:\\\/\\\/keys-for-auto.eu\\\/wp-content\\\/uploads\\\/2022\\\/11\\\/cropped-png1.png\",\"contentUrl\":\"https:\\\/\\\/keys-for-auto.eu\\\/wp-content\\\/uploads\\\/2022\\\/11\\\/cropped-png1.png\",\"width\":1000,\"height\":342,\"caption\":\"Schl\u00fcssel f\u00fcr Auto\"},\"image\":{\"@id\":\"https:\\\/\\\/keys-for-auto.eu\\\/de\\\/#\\\/schema\\\/logo\\\/image\\\/\"},\"sameAs\":[\"https:\\\/\\\/www.facebook.com\\\/KeysForAutoEU\"]}]}<\/script>\n<!-- \/ Yoast SEO plugin. -->","yoast_head_json":{"title":"-","robots":{"index":"index","follow":"follow","max-snippet":"max-snippet:-1","max-image-preview":"max-image-preview:large","max-video-preview":"max-video-preview:-1"},"canonical":"https:\/\/keys-for-auto.eu\/de\/product\/auto-key-reparatur\/","og_locale":"de_DE","og_type":"article","og_title":"-","og_description":"Die Reparatur von Autoschl\u00fcsseln ist heute eine sehr beliebte Dienstleistung. Ein moderner Autoschl\u00fcssel ist ein multifunktionales Instrument, das nicht nur zum Starten des Fahrzeugs dient. Es ist mit einer Fernbedienung f\u00fcr die Alarmanlage, die T\u00fcren und das \u00d6ffnen\/Schlie\u00dfen des Kofferraums ausgestattet. Eine Wegfahrsperre bietet zus\u00e4tzlichen Schutz gegen das Wegfahren des Fahrzeugs. Alles in einem kleinen Autoschl\u00fcssel-Etui. Herstellung von Autoschl\u00fcsseln  Herstellung neuer Autoschl\u00fcssel, Programmierung der Schl\u00fcssel (\"Bindung\" an das Auto)  L\u00f6schen von zuvor verlorenen Schl\u00fcsseln aus dem Fahrzeugspeicher  Herstellung des Z\u00fcndschl\u00fcssels entsprechend dem Schloss  Reparatur von Autoschl\u00fcsseln (Ersatz von Tasten, Schalen, Mechanismen)  Auto-Notentriegelung  Umtausch von Schl\u00fcsseln, Schl\u00fcsseletuis  DPF \/ FAP Software-Abschaltung  Programmatische EGR-Entfernung  Deaktivierung der Wegfahrsperre-Software (immo Off)  Reparatur, Klonen, Programmieren von Motorsteuerger\u00e4ten (ECU)  SRS (Airbag-Steuerger\u00e4t-Programmierung)  Artikel werden innerhalb von 3 Arbeitstagen versandt.*","og_url":"https:\/\/keys-for-auto.eu\/de\/product\/auto-key-reparatur\/","og_site_name":"Keys for auto","article_publisher":"https:\/\/www.facebook.com\/KeysForAutoEU","og_image":[{"width":850,"height":460,"url":"https:\/\/keys-for-auto.eu\/wp-content\/uploads\/2022\/12\/Raktu-remontas-pulteliu-remontas.jpg","type":"image\/jpeg"}],"twitter_card":"summary_large_image","twitter_misc":{"Gesch\u00e4tzte Lesezeit":"4\u00a0Minuten"},"schema":{"@context":"https:\/\/schema.org","@graph":[{"@type":["WebPage","ItemPage"],"@id":"https:\/\/keys-for-auto.eu\/de\/product\/auto-key-reparatur\/","url":"https:\/\/keys-for-auto.eu\/de\/product\/auto-key-reparatur\/","name":"-","isPartOf":{"@id":"https:\/\/keys-for-auto.eu\/de\/#website"},"primaryImageOfPage":{"@id":"https:\/\/keys-for-auto.eu\/de\/product\/auto-key-reparatur\/#primaryimage"},"image":{"@id":"https:\/\/keys-for-auto.eu\/de\/product\/auto-key-reparatur\/#primaryimage"},"thumbnailUrl":"https:\/\/keys-for-auto.eu\/wp-content\/uploads\/2022\/12\/Raktu-remontas-pulteliu-remontas.jpg","datePublished":"2017-03-11T22:18:18+00:00","breadcrumb":{"@id":"https:\/\/keys-for-auto.eu\/de\/product\/auto-key-reparatur\/#breadcrumb"},"inLanguage":"de","potentialAction":[{"@type":"ReadAction","target":["https:\/\/keys-for-auto.eu\/de\/product\/auto-key-reparatur\/"]}]},{"@type":"ImageObject","inLanguage":"de","@id":"https:\/\/keys-for-auto.eu\/de\/product\/auto-key-reparatur\/#primaryimage","url":"https:\/\/keys-for-auto.eu\/wp-content\/uploads\/2022\/12\/Raktu-remontas-pulteliu-remontas.jpg","contentUrl":"https:\/\/keys-for-auto.eu\/wp-content\/uploads\/2022\/12\/Raktu-remontas-pulteliu-remontas.jpg","width":850,"height":460,"caption":"Car key repair"},{"@type":"BreadcrumbList","@id":"https:\/\/keys-for-auto.eu\/de\/product\/auto-key-reparatur\/#breadcrumb","itemListElement":[{"@type":"ListItem","position":1,"name":"Startseite","item":"https:\/\/keys-for-auto.eu\/de\/"},{"@type":"ListItem","position":2,"name":"Shop","item":"https:\/\/keys-for-auto.eu\/"},{"@type":"ListItem","position":3,"name":"Autoschl\u00fcssel-Reparatur"}]},{"@type":"WebSite","@id":"https:\/\/keys-for-auto.eu\/de\/#website","url":"https:\/\/keys-for-auto.eu\/de\/","name":"Keys for auto","description":"Car keys,  key shells, key programming","publisher":{"@id":"https:\/\/keys-for-auto.eu\/de\/#organization"},"potentialAction":[{"@type":"SearchAction","target":{"@type":"EntryPoint","urlTemplate":"https:\/\/keys-for-auto.eu\/de\/?s={search_term_string}"},"query-input":{"@type":"PropertyValueSpecification","valueRequired":true,"valueName":"search_term_string"}}],"inLanguage":"de"},{"@type":"Organization","@id":"https:\/\/keys-for-auto.eu\/de\/#organization","name":"Schl\u00fcssel f\u00fcr Auto","url":"https:\/\/keys-for-auto.eu\/de\/","logo":{"@type":"ImageObject","inLanguage":"de","@id":"https:\/\/keys-for-auto.eu\/de\/#\/schema\/logo\/image\/","url":"https:\/\/keys-for-auto.eu\/wp-content\/uploads\/2022\/11\/cropped-png1.png","contentUrl":"https:\/\/keys-for-auto.eu\/wp-content\/uploads\/2022\/11\/cropped-png1.png","width":1000,"height":342,"caption":"Schl\u00fcssel f\u00fcr Auto"},"image":{"@id":"https:\/\/keys-for-auto.eu\/de\/#\/schema\/logo\/image\/"},"sameAs":["https:\/\/www.facebook.com\/KeysForAutoEU"]}]}},"_links":{"self":[{"href":"https:\/\/keys-for-auto.eu\/de\/wp-json\/wp\/v2\/product\/16373","targetHints":{"allow":["GET"]}}],"collection":[{"href":"https:\/\/keys-for-auto.eu\/de\/wp-json\/wp\/v2\/product"}],"about":[{"href":"https:\/\/keys-for-auto.eu\/de\/wp-json\/wp\/v2\/types\/product"}],"replies":[{"embeddable":true,"href":"https:\/\/keys-for-auto.eu\/de\/wp-json\/wp\/v2\/comments?post=16373"}],"wp:featuredmedia":[{"embeddable":true,"href":"https:\/\/keys-for-auto.eu\/de\/wp-json\/wp\/v2\/media\/12500"}],"wp:attachment":[{"href":"https:\/\/keys-for-auto.eu\/de\/wp-json\/wp\/v2\/media?parent=16373"}],"wp:term":[{"taxonomy":"product_brand","embeddable":true,"href":"https:\/\/keys-for-auto.eu\/de\/wp-json\/wp\/v2\/product_brand?post=16373"},{"taxonomy":"product_cat","embeddable":true,"href":"https:\/\/keys-for-auto.eu\/de\/wp-json\/wp\/v2\/product_cat?post=16373"},{"taxonomy":"product_tag","embeddable":true,"href":"https:\/\/keys-for-auto.eu\/de\/wp-json\/wp\/v2\/product_tag?post=16373"}],"curies":[{"name":"wp","href":"https:\/\/api.w.org\/{rel}","templated":true}]}}