{"id":16302,"date":"2017-12-03T21:10:58","date_gmt":"2017-12-03T21:10:58","guid":{"rendered":"https:\/\/keys-for-auto.eu\/product\/herstellung-von-schluesseln-fuer-skoda-fahrzeuge\/"},"modified":"2017-12-03T21:10:58","modified_gmt":"2017-12-03T21:10:58","slug":"herstellung-von-schlusseln-fur-skoda-autos","status":"publish","type":"product","link":"https:\/\/keys-for-auto.eu\/de\/product\/herstellung-von-schlusseln-fur-skoda-autos\/","title":{"rendered":"Herstellung von Schl\u00fcsseln f\u00fcr Skoda-Fahrzeuge"},"content":{"rendered":"<h2>Herstellung von Skoda-Schl\u00fcsseln<\/h2>\n<p>Jedes von der deutschen VAG-Gruppe hergestellte Fahrzeug ist mit modernsten Systemen ausgestattet. &#8222;Skoda-Fahrzeuge werden mit den modernsten Technologien hergestellt, die heute verf\u00fcgbar sind. Deshalb ist jeder TP mit einem Klappschl\u00fcssel mit Chip ausgestattet. Sie dient als Diebstahlsicherung und f\u00fcr den Fernzugriff auf das Fahrzeug. Wird ein Fahrzeug mit einem einzigen Schl\u00fcsselsatz gekauft, sollte die M\u00f6glichkeit der Herstellung eines Ersatzschl\u00fcssels in Betracht gezogen werden (Skoda-Schl\u00fcsselproduktion). Andernfalls m\u00fcssen Sie bei Verlust Ihres Schl\u00fcssels einen hohen Betrag f\u00fcr den Ersatz bezahlen.<\/p>\n<h2>Zu Ihrer eigenen Sicherheit<\/h2>\n<p>Die Herstellung eines Nachschl\u00fcssels erfolgt in zwei Schritten: Zun\u00e4chst wird der mechanische Teil des Schl\u00fcssels hergestellt. Sie kann jedoch nur das Fahrzeug entriegeln, aber nicht den Motor starten. Um das Auto zu aktivieren, wird ein Code ben\u00f6tigt, der in den Chip geschrieben wird. Dies ist ein besonders schwieriger Schritt, der allein kaum zu bew\u00e4ltigen ist. Es ist daher besser, sich an ein Servicezentrum zu wenden, das \u00fcber die richtige Ausr\u00fcstung verf\u00fcgt.<\/p>\n<p>Auf dem Klappschl\u00fcsselchip ist ein eindeutiger Code gespeichert, der im Fahrzeugsteuerger\u00e4t wiederholt wird. Wenn das Auto mit diesem Ger\u00e4t ge\u00f6ffnet wird, scannt das Fahrzeug die empfangenen Daten. Stimmen die Codes \u00fcberein, wird das Fahrzeug aktiviert, stimmen sie jedoch nicht \u00fcberein, sperrt es seine Systeme, da das elektronische Steuerger\u00e4t (ECU) ein Signal f\u00fcr einen Einbruch erh\u00e4lt. Ein Kfz-Servicetechniker scannt mit Hilfe von Diagnoseger\u00e4ten die Chiffre des Originalschl\u00fcssels und f\u00fcgt sie in das Duplikat ein. Sie programmieren auch die Fernbedienung der Entriegelungsvorrichtung. Der Schl\u00fcssel kann dann zum \u00d6ffnen des Kofferraums, zum Anheben der Fensterscheiben, zum Schlie\u00dfen des Schiebedachs oder des Panoramadachs verwendet werden.<\/p>\n<p>Der moderne Schl\u00fcssel kann nicht nur aus dem Originalmodell, sondern auch aus dem Schloss nachgebaut werden, falls erforderlich. Allerdings ist ein solcher Service f\u00fcr den Autobesitzer wesentlich teurer. Daher sollte die Herstellung einer Ersatz-Entsperrvorrichtung immer zum Zeitpunkt des Kaufs in Betracht gezogen werden.<\/p>\n","protected":false},"excerpt":{"rendered":"<h2>Wir fertigen und programmieren Schl\u00fcssel f\u00fcr Skoda-Fahrzeuge.<\/h2>\n<ul>\n<li>Herstellung von Skoda-Schl\u00fcsseln<\/li>\n<li>Skoda Schl\u00fcssel Programmierung<\/li>\n<li>Reparatur von Skoda-Schl\u00fcsseln<\/li>\n<li>Skoda Schl\u00fcsselschalen<\/li>\n<li>Notentriegelung von Skoda-Fahrzeugen<\/li>\n<\/ul>\n<h3><strong>Herstellung von Autoschl\u00fcsseln<\/strong><\/h3>\n<ul>\n<li><strong>Herstellung neuer Autoschl\u00fcssel, Programmierung der Schl\u00fcssel (&#8222;Bindung&#8220; an das Auto)<\/strong><\/li>\n<li><strong>L\u00f6schen von zuvor verlorenen Schl\u00fcsseln aus dem Fahrzeugspeicher<\/strong><\/li>\n<li><strong>Herstellung des Z\u00fcndschl\u00fcssels entsprechend dem Schloss<\/strong><\/li>\n<li><strong>Reparatur von Autoschl\u00fcsseln (Ersatz von Tasten, Schalen, Mechanismen)<\/strong><\/li>\n<li><strong>Auto-Notentriegelung<\/strong><\/li>\n<li><strong>Umtausch von Schl\u00fcsseln, Schl\u00fcsseletuis<\/strong><\/li>\n<li><strong>DPF \/ FAP Software-Abschaltung<\/strong><\/li>\n<li><strong>Programmatische EGR-Entfernung<\/strong><\/li>\n<li><strong>Deaktivierung der Wegfahrsperre-Software (immo Off)<\/strong><\/li>\n<li><strong>Reparatur, Klonen, Programmieren von Motorsteuerger\u00e4ten (ECU)<\/strong><\/li>\n<li><strong>SRS (Airbag-Steuerger\u00e4t-Programmierung)<\/strong><\/li>\n<\/ul>\n<h4><strong>  innerhalb von 3d.d.* versandte Artikel<\/strong><\/h4>\n","protected":false},"featured_media":14525,"comment_status":"open","ping_status":"closed","template":"","meta":[],"product_brand":[],"product_cat":[2619,2314],"product_tag":[2681,2372,2376,2321,2534],"class_list":{"0":"post-16302","1":"product","2":"type-product","3":"status-publish","4":"has-post-thumbnail","6":"product_cat-herstellung-von-schlusseln","7":"product_cat-skoda-de","8":"product_tag-produktion-von-skoda-schlusseln","9":"product_tag-skoda-fabia-schlusselgehause","10":"product_tag-skoda-octavia-schlusselgehause","11":"product_tag-skoda-schlusselgehause","12":"product_tag-skoda-schlussel","14":"first","15":"instock","16":"shipping-taxable","17":"product-type-simple"},"yoast_head":"<!-- This site is optimized with the Yoast SEO plugin v27.6 - https:\/\/yoast.com\/product\/yoast-seo-wordpress\/ -->\n<title>-<\/title>\n<meta name=\"robots\" content=\"index, follow, max-snippet:-1, max-image-preview:large, max-video-preview:-1\" \/>\n<link rel=\"canonical\" href=\"https:\/\/keys-for-auto.eu\/de\/product\/herstellung-von-schlusseln-fur-skoda-autos\/\" \/>\n<meta property=\"og:locale\" content=\"de_DE\" \/>\n<meta property=\"og:type\" content=\"article\" \/>\n<meta property=\"og:title\" content=\"-\" \/>\n<meta property=\"og:description\" content=\"Wir fertigen und programmieren Schl\u00fcssel f\u00fcr Skoda-Fahrzeuge.  Herstellung von Skoda-Schl\u00fcsseln  Skoda Schl\u00fcssel Programmierung  Reparatur von Skoda-Schl\u00fcsseln  Skoda Schl\u00fcsselschalen  Notentriegelung von Skoda-Fahrzeugen Herstellung von Autoschl\u00fcsseln  Herstellung neuer Autoschl\u00fcssel, Programmierung der Schl\u00fcssel (&quot;Bindung&quot; an das Auto)  L\u00f6schen von zuvor verlorenen Schl\u00fcsseln aus dem Fahrzeugspeicher  Herstellung des Z\u00fcndschl\u00fcssels entsprechend dem Schloss  Reparatur von Autoschl\u00fcsseln (Ersatz von Tasten, Schalen, Mechanismen)  Auto-Notentriegelung  Umtausch von Schl\u00fcsseln, Schl\u00fcsseletuis  DPF \/ FAP Software-Abschaltung  Programmatische EGR-Entfernung  Deaktivierung der Wegfahrsperre-Software (immo Off)  Reparatur, Klonen, Programmieren von Motorsteuerger\u00e4ten (ECU)  SRS (Airbag-Steuerger\u00e4t-Programmierung)  innerhalb von 3d.d.* versandte Artikel\" \/>\n<meta property=\"og:url\" content=\"https:\/\/keys-for-auto.eu\/de\/product\/herstellung-von-schlusseln-fur-skoda-autos\/\" \/>\n<meta property=\"og:site_name\" content=\"Keys for auto\" \/>\n<meta property=\"article:publisher\" content=\"https:\/\/www.facebook.com\/KeysForAutoEU\" \/>\n<meta property=\"og:image\" content=\"https:\/\/i0.wp.com\/keys-for-auto.eu\/wp-content\/uploads\/2022\/12\/admin-ajax__5_-removebg-preview.png?fit=505%2C494&ssl=1\" \/>\n\t<meta property=\"og:image:width\" content=\"505\" \/>\n\t<meta property=\"og:image:height\" content=\"494\" \/>\n\t<meta property=\"og:image:type\" content=\"image\/png\" \/>\n<meta name=\"twitter:card\" content=\"summary_large_image\" \/>\n<meta name=\"twitter:label1\" content=\"Gesch\u00e4tzte Lesezeit\" \/>\n\t<meta name=\"twitter:data1\" content=\"2\u00a0Minuten\" \/>\n<script type=\"application\/ld+json\" class=\"yoast-schema-graph\">{\"@context\":\"https:\\\/\\\/schema.org\",\"@graph\":[{\"@type\":[\"WebPage\",\"ItemPage\"],\"@id\":\"https:\\\/\\\/keys-for-auto.eu\\\/de\\\/product\\\/herstellung-von-schlusseln-fur-skoda-autos\\\/\",\"url\":\"https:\\\/\\\/keys-for-auto.eu\\\/de\\\/product\\\/herstellung-von-schlusseln-fur-skoda-autos\\\/\",\"name\":\"-\",\"isPartOf\":{\"@id\":\"https:\\\/\\\/keys-for-auto.eu\\\/de\\\/#website\"},\"primaryImageOfPage\":{\"@id\":\"https:\\\/\\\/keys-for-auto.eu\\\/de\\\/product\\\/herstellung-von-schlusseln-fur-skoda-autos\\\/#primaryimage\"},\"image\":{\"@id\":\"https:\\\/\\\/keys-for-auto.eu\\\/de\\\/product\\\/herstellung-von-schlusseln-fur-skoda-autos\\\/#primaryimage\"},\"thumbnailUrl\":\"https:\\\/\\\/keys-for-auto.eu\\\/wp-content\\\/uploads\\\/2022\\\/12\\\/admin-ajax__5_-removebg-preview.png\",\"datePublished\":\"2017-12-03T21:10:58+00:00\",\"breadcrumb\":{\"@id\":\"https:\\\/\\\/keys-for-auto.eu\\\/de\\\/product\\\/herstellung-von-schlusseln-fur-skoda-autos\\\/#breadcrumb\"},\"inLanguage\":\"de\",\"potentialAction\":[{\"@type\":\"ReadAction\",\"target\":[\"https:\\\/\\\/keys-for-auto.eu\\\/de\\\/product\\\/herstellung-von-schlusseln-fur-skoda-autos\\\/\"]}]},{\"@type\":\"ImageObject\",\"inLanguage\":\"de\",\"@id\":\"https:\\\/\\\/keys-for-auto.eu\\\/de\\\/product\\\/herstellung-von-schlusseln-fur-skoda-autos\\\/#primaryimage\",\"url\":\"https:\\\/\\\/keys-for-auto.eu\\\/wp-content\\\/uploads\\\/2022\\\/12\\\/admin-ajax__5_-removebg-preview.png\",\"contentUrl\":\"https:\\\/\\\/keys-for-auto.eu\\\/wp-content\\\/uploads\\\/2022\\\/12\\\/admin-ajax__5_-removebg-preview.png\",\"width\":505,\"height\":494},{\"@type\":\"BreadcrumbList\",\"@id\":\"https:\\\/\\\/keys-for-auto.eu\\\/de\\\/product\\\/herstellung-von-schlusseln-fur-skoda-autos\\\/#breadcrumb\",\"itemListElement\":[{\"@type\":\"ListItem\",\"position\":1,\"name\":\"Startseite\",\"item\":\"https:\\\/\\\/keys-for-auto.eu\\\/de\\\/\"},{\"@type\":\"ListItem\",\"position\":2,\"name\":\"Shop\",\"item\":\"https:\\\/\\\/keys-for-auto.eu\\\/\"},{\"@type\":\"ListItem\",\"position\":3,\"name\":\"Herstellung von Schl\u00fcsseln f\u00fcr Skoda-Fahrzeuge\"}]},{\"@type\":\"WebSite\",\"@id\":\"https:\\\/\\\/keys-for-auto.eu\\\/de\\\/#website\",\"url\":\"https:\\\/\\\/keys-for-auto.eu\\\/de\\\/\",\"name\":\"Keys for auto\",\"description\":\"Car keys,  key shells, key programming\",\"publisher\":{\"@id\":\"https:\\\/\\\/keys-for-auto.eu\\\/de\\\/#organization\"},\"potentialAction\":[{\"@type\":\"SearchAction\",\"target\":{\"@type\":\"EntryPoint\",\"urlTemplate\":\"https:\\\/\\\/keys-for-auto.eu\\\/de\\\/?s={search_term_string}\"},\"query-input\":{\"@type\":\"PropertyValueSpecification\",\"valueRequired\":true,\"valueName\":\"search_term_string\"}}],\"inLanguage\":\"de\"},{\"@type\":\"Organization\",\"@id\":\"https:\\\/\\\/keys-for-auto.eu\\\/de\\\/#organization\",\"name\":\"Schl\u00fcssel f\u00fcr Auto\",\"url\":\"https:\\\/\\\/keys-for-auto.eu\\\/de\\\/\",\"logo\":{\"@type\":\"ImageObject\",\"inLanguage\":\"de\",\"@id\":\"https:\\\/\\\/keys-for-auto.eu\\\/de\\\/#\\\/schema\\\/logo\\\/image\\\/\",\"url\":\"https:\\\/\\\/keys-for-auto.eu\\\/wp-content\\\/uploads\\\/2022\\\/11\\\/cropped-png1.png\",\"contentUrl\":\"https:\\\/\\\/keys-for-auto.eu\\\/wp-content\\\/uploads\\\/2022\\\/11\\\/cropped-png1.png\",\"width\":1000,\"height\":342,\"caption\":\"Schl\u00fcssel f\u00fcr Auto\"},\"image\":{\"@id\":\"https:\\\/\\\/keys-for-auto.eu\\\/de\\\/#\\\/schema\\\/logo\\\/image\\\/\"},\"sameAs\":[\"https:\\\/\\\/www.facebook.com\\\/KeysForAutoEU\"]}]}<\/script>\n<!-- \/ Yoast SEO plugin. -->","yoast_head_json":{"title":"-","robots":{"index":"index","follow":"follow","max-snippet":"max-snippet:-1","max-image-preview":"max-image-preview:large","max-video-preview":"max-video-preview:-1"},"canonical":"https:\/\/keys-for-auto.eu\/de\/product\/herstellung-von-schlusseln-fur-skoda-autos\/","og_locale":"de_DE","og_type":"article","og_title":"-","og_description":"Wir fertigen und programmieren Schl\u00fcssel f\u00fcr Skoda-Fahrzeuge.  Herstellung von Skoda-Schl\u00fcsseln  Skoda Schl\u00fcssel Programmierung  Reparatur von Skoda-Schl\u00fcsseln  Skoda Schl\u00fcsselschalen  Notentriegelung von Skoda-Fahrzeugen Herstellung von Autoschl\u00fcsseln  Herstellung neuer Autoschl\u00fcssel, Programmierung der Schl\u00fcssel (\"Bindung\" an das Auto)  L\u00f6schen von zuvor verlorenen Schl\u00fcsseln aus dem Fahrzeugspeicher  Herstellung des Z\u00fcndschl\u00fcssels entsprechend dem Schloss  Reparatur von Autoschl\u00fcsseln (Ersatz von Tasten, Schalen, Mechanismen)  Auto-Notentriegelung  Umtausch von Schl\u00fcsseln, Schl\u00fcsseletuis  DPF \/ FAP Software-Abschaltung  Programmatische EGR-Entfernung  Deaktivierung der Wegfahrsperre-Software (immo Off)  Reparatur, Klonen, Programmieren von Motorsteuerger\u00e4ten (ECU)  SRS (Airbag-Steuerger\u00e4t-Programmierung)  innerhalb von 3d.d.* versandte Artikel","og_url":"https:\/\/keys-for-auto.eu\/de\/product\/herstellung-von-schlusseln-fur-skoda-autos\/","og_site_name":"Keys for auto","article_publisher":"https:\/\/www.facebook.com\/KeysForAutoEU","og_image":[{"width":505,"height":494,"url":"https:\/\/i0.wp.com\/keys-for-auto.eu\/wp-content\/uploads\/2022\/12\/admin-ajax__5_-removebg-preview.png?fit=505%2C494&ssl=1","type":"image\/png"}],"twitter_card":"summary_large_image","twitter_misc":{"Gesch\u00e4tzte Lesezeit":"2\u00a0Minuten"},"schema":{"@context":"https:\/\/schema.org","@graph":[{"@type":["WebPage","ItemPage"],"@id":"https:\/\/keys-for-auto.eu\/de\/product\/herstellung-von-schlusseln-fur-skoda-autos\/","url":"https:\/\/keys-for-auto.eu\/de\/product\/herstellung-von-schlusseln-fur-skoda-autos\/","name":"-","isPartOf":{"@id":"https:\/\/keys-for-auto.eu\/de\/#website"},"primaryImageOfPage":{"@id":"https:\/\/keys-for-auto.eu\/de\/product\/herstellung-von-schlusseln-fur-skoda-autos\/#primaryimage"},"image":{"@id":"https:\/\/keys-for-auto.eu\/de\/product\/herstellung-von-schlusseln-fur-skoda-autos\/#primaryimage"},"thumbnailUrl":"https:\/\/keys-for-auto.eu\/wp-content\/uploads\/2022\/12\/admin-ajax__5_-removebg-preview.png","datePublished":"2017-12-03T21:10:58+00:00","breadcrumb":{"@id":"https:\/\/keys-for-auto.eu\/de\/product\/herstellung-von-schlusseln-fur-skoda-autos\/#breadcrumb"},"inLanguage":"de","potentialAction":[{"@type":"ReadAction","target":["https:\/\/keys-for-auto.eu\/de\/product\/herstellung-von-schlusseln-fur-skoda-autos\/"]}]},{"@type":"ImageObject","inLanguage":"de","@id":"https:\/\/keys-for-auto.eu\/de\/product\/herstellung-von-schlusseln-fur-skoda-autos\/#primaryimage","url":"https:\/\/keys-for-auto.eu\/wp-content\/uploads\/2022\/12\/admin-ajax__5_-removebg-preview.png","contentUrl":"https:\/\/keys-for-auto.eu\/wp-content\/uploads\/2022\/12\/admin-ajax__5_-removebg-preview.png","width":505,"height":494},{"@type":"BreadcrumbList","@id":"https:\/\/keys-for-auto.eu\/de\/product\/herstellung-von-schlusseln-fur-skoda-autos\/#breadcrumb","itemListElement":[{"@type":"ListItem","position":1,"name":"Startseite","item":"https:\/\/keys-for-auto.eu\/de\/"},{"@type":"ListItem","position":2,"name":"Shop","item":"https:\/\/keys-for-auto.eu\/"},{"@type":"ListItem","position":3,"name":"Herstellung von Schl\u00fcsseln f\u00fcr Skoda-Fahrzeuge"}]},{"@type":"WebSite","@id":"https:\/\/keys-for-auto.eu\/de\/#website","url":"https:\/\/keys-for-auto.eu\/de\/","name":"Keys for auto","description":"Car keys,  key shells, key programming","publisher":{"@id":"https:\/\/keys-for-auto.eu\/de\/#organization"},"potentialAction":[{"@type":"SearchAction","target":{"@type":"EntryPoint","urlTemplate":"https:\/\/keys-for-auto.eu\/de\/?s={search_term_string}"},"query-input":{"@type":"PropertyValueSpecification","valueRequired":true,"valueName":"search_term_string"}}],"inLanguage":"de"},{"@type":"Organization","@id":"https:\/\/keys-for-auto.eu\/de\/#organization","name":"Schl\u00fcssel f\u00fcr Auto","url":"https:\/\/keys-for-auto.eu\/de\/","logo":{"@type":"ImageObject","inLanguage":"de","@id":"https:\/\/keys-for-auto.eu\/de\/#\/schema\/logo\/image\/","url":"https:\/\/keys-for-auto.eu\/wp-content\/uploads\/2022\/11\/cropped-png1.png","contentUrl":"https:\/\/keys-for-auto.eu\/wp-content\/uploads\/2022\/11\/cropped-png1.png","width":1000,"height":342,"caption":"Schl\u00fcssel f\u00fcr Auto"},"image":{"@id":"https:\/\/keys-for-auto.eu\/de\/#\/schema\/logo\/image\/"},"sameAs":["https:\/\/www.facebook.com\/KeysForAutoEU"]}]}},"_links":{"self":[{"href":"https:\/\/keys-for-auto.eu\/de\/wp-json\/wp\/v2\/product\/16302","targetHints":{"allow":["GET"]}}],"collection":[{"href":"https:\/\/keys-for-auto.eu\/de\/wp-json\/wp\/v2\/product"}],"about":[{"href":"https:\/\/keys-for-auto.eu\/de\/wp-json\/wp\/v2\/types\/product"}],"replies":[{"embeddable":true,"href":"https:\/\/keys-for-auto.eu\/de\/wp-json\/wp\/v2\/comments?post=16302"}],"wp:featuredmedia":[{"embeddable":true,"href":"https:\/\/keys-for-auto.eu\/de\/wp-json\/wp\/v2\/media\/14525"}],"wp:attachment":[{"href":"https:\/\/keys-for-auto.eu\/de\/wp-json\/wp\/v2\/media?parent=16302"}],"wp:term":[{"taxonomy":"product_brand","embeddable":true,"href":"https:\/\/keys-for-auto.eu\/de\/wp-json\/wp\/v2\/product_brand?post=16302"},{"taxonomy":"product_cat","embeddable":true,"href":"https:\/\/keys-for-auto.eu\/de\/wp-json\/wp\/v2\/product_cat?post=16302"},{"taxonomy":"product_tag","embeddable":true,"href":"https:\/\/keys-for-auto.eu\/de\/wp-json\/wp\/v2\/product_tag?post=16302"}],"curies":[{"name":"wp","href":"https:\/\/api.w.org\/{rel}","templated":true}]}}