{"id":16300,"date":"2017-12-03T16:35:27","date_gmt":"2017-12-03T16:35:27","guid":{"rendered":"https:\/\/keys-for-auto.eu\/product\/herstellung-von-schluesseln-fuer-renault-fahrzeuge\/"},"modified":"2017-12-03T16:35:27","modified_gmt":"2017-12-03T16:35:27","slug":"herstellung-von-schlusseln-fur-renault-autos","status":"publish","type":"product","link":"https:\/\/keys-for-auto.eu\/de\/product\/herstellung-von-schlusseln-fur-renault-autos\/","title":{"rendered":"Herstellung von Schl\u00fcsseln f\u00fcr Renault-Fahrzeuge"},"content":{"rendered":"<h2>Herstellung von Schl\u00fcsseln f\u00fcr Renault-Fahrzeuge<\/h2>\n<ul>\n<li>Herstellung von Renault Clio-Schl\u00fcsseln<\/li>\n<li>Herstellung von Schl\u00fcsseln f\u00fcr den Renault Espace<\/li>\n<li>Herstellung von Schl\u00fcsseln f\u00fcr den Renault Fluence<\/li>\n<li>Herstellung von Schl\u00fcsseln f\u00fcr den Renault Kangoo<\/li>\n<li>Herstellung von Schl\u00fcsseln f\u00fcr den Renault Koleos<\/li>\n<li>Herstellung von Renault Laguna-Schl\u00fcsseln<\/li>\n<li>Herstellung von Renault Generalschl\u00fcsseln<\/li>\n<li>Herstellung von Schl\u00fcsseln f\u00fcr den Renault Megane<\/li>\n<li>Herstellung von Renault Modus-Schl\u00fcsseln<\/li>\n<li>Herstellung von Schl\u00fcsseln f\u00fcr den Renault Scenic<\/li>\n<li>Herstellung von Renault Simbol-Schl\u00fcsseln<\/li>\n<li>Herstellung von Schl\u00fcsseln f\u00fcr den Renault Trafic<\/li>\n<li>Herstellung von Renault Twingo-Schl\u00fcsseln<\/li>\n<li>Herstellung von Renault Vel Satis-Schl\u00fcsseln<\/li>\n<\/ul>\n<p>und andere&#8230;<\/p>\n<h2>Besondere Merkmale der Renault-Schl\u00fcsselproduktion<\/h2>\n<p>Der Verlust oder das Versagen eines Entriegelungsger\u00e4ts verursacht viele Schwierigkeiten im Leben eines Autobesitzers. Die Anfertigung von Schl\u00fcsseln f\u00fcr Renault-Fahrzeuge ist heute relativ schnell und kann von kompetenten Fachleuten durchgef\u00fchrt werden, so dass das Problem zu einem vern\u00fcnftigen Preis gel\u00f6st werden kann. Der Einsatz von professionellem Equipment und modernen Werkzeugen garantiert ein hervorragendes Ergebnis.<\/p>\n<p>&#8222;Das Verfahren zur Herstellung von Renault-Schl\u00fcsseln besteht aus zwei Schritten: der Herstellung des Schl\u00fcsselblatts und der Programmierung des Schl\u00fcssels. F\u00fcr die erste Aufgabe werden hochpr\u00e4zise CNC-Maschinen eingesetzt, um eine perfekte Nachbildung des Schl\u00fcssels ohne jegliche Abnutzungserscheinungen herzustellen. Dieses Ergebnis wird dank der in der Datenbank der Anlage verf\u00fcgbaren Informationen \u00fcber die Parameter der Lamellen f\u00fcr die verschiedenen Renault-Modelle erreicht: Tiefe der Aussparungen, Gr\u00f6\u00dfe der Vorspr\u00fcnge, Breite des Schl\u00fcssels. Daher wird selbst bei erheblicher Abnutzung des Schl\u00fcssels ein Duplikat genau so hergestellt, wie das Original von Anfang an war.<\/p>\n<h2>Programmierung<\/h2>\n<p>Um das Fahrzeug mit dem Schl\u00fcssel starten zu k\u00f6nnen, muss dieser in der Wegfahrsperre registriert sein. Die Programmierung kann \u00fcber die Diagnosebuchse, mit einer Kopie des Schl\u00fcssels oder \u00fcber den Arbeitsspeicher der Wegfahrsperre erfolgen. Bei der letztgenannten Option wird eines der in der Liste aufgef\u00fchrten Ger\u00e4te verwendet: BCM (Body Control Unit), Armaturenbrett, Antenne oder Wegfahrsperre, EVB. Dies liegt daran, dass die Chip-Informationen f\u00fcr verschiedene Modelljahre in einem bestimmten Block gespeichert sein k\u00f6nnen.<\/p>\n<p>Die Wegfahrsperre muss ausgebaut werden, um die Daten des Wegfahrsperrenspeichers mit speziellen Ger\u00e4ten auszulesen. Dies kann der Eigent\u00fcmer selbst tun oder einen Spezialisten zum Parkplatz rufen. Der Schl\u00fcssel wird \u00fcber EEPROM\/FLASH programmiert.<\/p>\n<p>Die Anwesenheit des Fahrzeugs ist nur gelegentlich erforderlich, um eine Kopie des Chips anzufertigen, und in der Regel ist ein Schl\u00fcssel ausreichend. In diesem Fall h\u00e4ngt die Geschwindigkeit der Duplikatproduktion auch vom Renault-Modell und dem Baujahr des Fahrzeugs ab. Bei Bedarf werden auch Fernbedienungen programmiert. Dieser Vorgang wird \u00fcber die Diagnosebuchsen oder manuell durchgef\u00fchrt.<\/p>\n<h2>Herstellung von Renault-Schl\u00fcsseln.<\/h2>\n<p>Wir arbeiten ausschlie\u00dflich mit modernen computergesteuerten Ger\u00e4ten, mit denen wir einen qualitativ hochwertigen und langlebigen Schl\u00fcssel f\u00fcr Ihr Renault-Fahrzeug herstellen. Wenn Sie nur einen Schl\u00fcssel haben oder Ihr Renault-Schl\u00fcssel Ihr Auto nicht immer startet, empfehlen wir Ihnen, einen Ersatzschl\u00fcssel zu kaufen. So sparen Sie Zeit und Geld.<\/p>\n<p>Wir fertigen Schl\u00fcssel f\u00fcr verschiedene Renault-Modelle. Das kann ein einfacher Schl\u00fcssel oder ein Schl\u00fcssel mit Wegfahrsperre sein. Wir k\u00f6nnen auch einen Smart Key anbieten (schl\u00fcsselloses Z\u00fcndsystem mit START\/STOP-Taste)<\/p>\n<hr>\n<p>&nbsp;<\/p>\n","protected":false},"excerpt":{"rendered":"<h2>Herstellung von Schl\u00fcsseln f\u00fcr Renault-Fahrzeuge<\/h2>\n<ul>\n<li>Herstellung von Renault-Schl\u00fcsseln<\/li>\n<li>Renault-Schl\u00fcssel<\/li>\n<li>Renault-Schl\u00fcsselkarosserien<\/li>\n<li>Renault Schl\u00fcssel Reparatur<\/li>\n<li>Renault Schl\u00fcsselprogrammierung<\/li>\n<li>Notentriegelung von Renault-Fahrzeugen<\/li>\n<\/ul>\n<h3><strong>Herstellung von Autoschl\u00fcsseln<\/strong><\/h3>\n<ul>\n<li><strong>Herstellung neuer Autoschl\u00fcssel, Programmierung der Schl\u00fcssel (&#8222;Bindung&#8220; an das Auto)<\/strong><\/li>\n<li><strong>L\u00f6schen von zuvor verlorenen Schl\u00fcsseln aus dem Fahrzeugspeicher<\/strong><\/li>\n<li><strong>Herstellung des Z\u00fcndschl\u00fcssels entsprechend dem Schloss<\/strong><\/li>\n<li><strong>Reparatur von Autoschl\u00fcsseln (Ersatz von Tasten, Schalen, Mechanismen)<\/strong><\/li>\n<li><strong>Auto-Notentriegelung<\/strong><\/li>\n<li><strong>Umtausch von Schl\u00fcsseln, Schl\u00fcsseletuis<\/strong><\/li>\n<li><strong>DPF \/ FAP Software-Abschaltung<\/strong><\/li>\n<li><strong>Programmatische EGR-Entfernung<\/strong><\/li>\n<li><strong>Deaktivierung der Wegfahrsperre-Software (immo Off)<\/strong><\/li>\n<li><strong>Reparatur, Klonen, Programmieren von Motorsteuerger\u00e4ten (ECU)<\/strong><\/li>\n<li><strong>SRS (Airbag-Steuerger\u00e4t-Programmierung)<\/strong><\/li>\n<\/ul>\n<h4><strong>  Artikel werden innerhalb von 3 Arbeitstagen versandt.*<\/strong><\/h4>\n","protected":false},"featured_media":14460,"comment_status":"open","ping_status":"closed","template":"","meta":[],"product_brand":[],"product_cat":[2619,2311],"product_tag":[2679,2388,2505,2316,2683,2363,2583,2608,2391,2538,2341,2521,2373,2588,2345,2396,2393,2544,2334,2551,2327,2609,2400,2325,2377,2566,2628,2593,2382,2339,2515],"class_list":{"0":"post-16300","1":"product","2":"type-product","3":"status-publish","4":"has-post-thumbnail","6":"product_cat-herstellung-von-schlusseln","7":"product_cat-renault-de","8":"product_tag-renault-de","9":"product_tag-renault-clio-kartengehause","10":"product_tag-renault-clio-schlussel","11":"product_tag-renault-clio-schlusselgehause-de","12":"product_tag-renault-ein-knopf-schlusselgehause","13":"product_tag-renault-espace-kartengehause","14":"product_tag-renault-espace-schlussel","15":"product_tag-renault-grand-scenic-raktas-de","16":"product_tag-renault-grand-scenic-schlusselkartengehause","17":"product_tag-renault-kangoo-schlussel","18":"product_tag-renault-kangoo-schlusselgehause","19":"product_tag-renault-koleos-schlussel","20":"product_tag-renault-laguna-kartengehause","21":"product_tag-renault-laguna-schlussel","22":"product_tag-renault-laguna-schlusselgehause","23":"product_tag-renault-master-schlusselgehause","24":"product_tag-renault-megane-kartenhulle","25":"product_tag-renault-megane-schlussel","26":"product_tag-renault-megane-schlusselgehause","27":"product_tag-renault-modus-schlussel","28":"product_tag-renault-modus-schlusselgehause","29":"product_tag-renault-scenic-schlussel","30":"product_tag-renault-scenic-schlusselgehause","31":"product_tag-renault-schlusselgehause","32":"product_tag-renault-trafic-schlusselgehause","33":"product_tag-renault-twingo-schlussel","34":"product_tag-renault-twingo-schlusselgehause","35":"product_tag-renault-vel-satis-schlussel","36":"product_tag-renault-vivaro-schlusselgehause","37":"product_tag-renault-kartengehause","38":"product_tag-renault-schlussel","40":"first","41":"instock","42":"shipping-taxable","43":"product-type-simple"},"yoast_head":"<!-- This site is optimized with the Yoast SEO plugin v27.6 - https:\/\/yoast.com\/product\/yoast-seo-wordpress\/ -->\n<title>-<\/title>\n<meta name=\"robots\" content=\"index, follow, max-snippet:-1, max-image-preview:large, max-video-preview:-1\" \/>\n<link rel=\"canonical\" href=\"https:\/\/keys-for-auto.eu\/de\/product\/herstellung-von-schlusseln-fur-renault-autos\/\" \/>\n<meta property=\"og:locale\" content=\"de_DE\" \/>\n<meta property=\"og:type\" content=\"article\" \/>\n<meta property=\"og:title\" content=\"-\" \/>\n<meta property=\"og:description\" content=\"Herstellung von Schl\u00fcsseln f\u00fcr Renault-Fahrzeuge  Herstellung von Renault-Schl\u00fcsseln  Renault-Schl\u00fcssel  Renault-Schl\u00fcsselkarosserien  Renault Schl\u00fcssel Reparatur  Renault Schl\u00fcsselprogrammierung  Notentriegelung von Renault-Fahrzeugen Herstellung von Autoschl\u00fcsseln  Herstellung neuer Autoschl\u00fcssel, Programmierung der Schl\u00fcssel (&quot;Bindung&quot; an das Auto)  L\u00f6schen von zuvor verlorenen Schl\u00fcsseln aus dem Fahrzeugspeicher  Herstellung des Z\u00fcndschl\u00fcssels entsprechend dem Schloss  Reparatur von Autoschl\u00fcsseln (Ersatz von Tasten, Schalen, Mechanismen)  Auto-Notentriegelung  Umtausch von Schl\u00fcsseln, Schl\u00fcsseletuis  DPF \/ FAP Software-Abschaltung  Programmatische EGR-Entfernung  Deaktivierung der Wegfahrsperre-Software (immo Off)  Reparatur, Klonen, Programmieren von Motorsteuerger\u00e4ten (ECU)  SRS (Airbag-Steuerger\u00e4t-Programmierung)  Artikel werden innerhalb von 3 Arbeitstagen versandt.*\" \/>\n<meta property=\"og:url\" content=\"https:\/\/keys-for-auto.eu\/de\/product\/herstellung-von-schlusseln-fur-renault-autos\/\" \/>\n<meta property=\"og:site_name\" content=\"Keys for auto\" \/>\n<meta property=\"article:publisher\" content=\"https:\/\/www.facebook.com\/KeysForAutoEU\" \/>\n<meta property=\"og:image\" content=\"https:\/\/i0.wp.com\/keys-for-auto.eu\/wp-content\/uploads\/2022\/12\/admin-ajax__1_-removebg-preview-1-2.png?fit=400%2C400&ssl=1\" \/>\n\t<meta property=\"og:image:width\" content=\"400\" \/>\n\t<meta property=\"og:image:height\" content=\"400\" \/>\n\t<meta property=\"og:image:type\" content=\"image\/png\" \/>\n<meta name=\"twitter:card\" content=\"summary_large_image\" \/>\n<meta name=\"twitter:label1\" content=\"Gesch\u00e4tzte Lesezeit\" \/>\n\t<meta name=\"twitter:data1\" content=\"3\u00a0Minuten\" \/>\n<script type=\"application\/ld+json\" class=\"yoast-schema-graph\">{\"@context\":\"https:\\\/\\\/schema.org\",\"@graph\":[{\"@type\":[\"WebPage\",\"ItemPage\"],\"@id\":\"https:\\\/\\\/keys-for-auto.eu\\\/de\\\/product\\\/herstellung-von-schlusseln-fur-renault-autos\\\/\",\"url\":\"https:\\\/\\\/keys-for-auto.eu\\\/de\\\/product\\\/herstellung-von-schlusseln-fur-renault-autos\\\/\",\"name\":\"-\",\"isPartOf\":{\"@id\":\"https:\\\/\\\/keys-for-auto.eu\\\/de\\\/#website\"},\"primaryImageOfPage\":{\"@id\":\"https:\\\/\\\/keys-for-auto.eu\\\/de\\\/product\\\/herstellung-von-schlusseln-fur-renault-autos\\\/#primaryimage\"},\"image\":{\"@id\":\"https:\\\/\\\/keys-for-auto.eu\\\/de\\\/product\\\/herstellung-von-schlusseln-fur-renault-autos\\\/#primaryimage\"},\"thumbnailUrl\":\"https:\\\/\\\/keys-for-auto.eu\\\/wp-content\\\/uploads\\\/2022\\\/12\\\/admin-ajax__1_-removebg-preview-1-2.png\",\"datePublished\":\"2017-12-03T16:35:27+00:00\",\"breadcrumb\":{\"@id\":\"https:\\\/\\\/keys-for-auto.eu\\\/de\\\/product\\\/herstellung-von-schlusseln-fur-renault-autos\\\/#breadcrumb\"},\"inLanguage\":\"de\",\"potentialAction\":[{\"@type\":\"ReadAction\",\"target\":[\"https:\\\/\\\/keys-for-auto.eu\\\/de\\\/product\\\/herstellung-von-schlusseln-fur-renault-autos\\\/\"]}]},{\"@type\":\"ImageObject\",\"inLanguage\":\"de\",\"@id\":\"https:\\\/\\\/keys-for-auto.eu\\\/de\\\/product\\\/herstellung-von-schlusseln-fur-renault-autos\\\/#primaryimage\",\"url\":\"https:\\\/\\\/keys-for-auto.eu\\\/wp-content\\\/uploads\\\/2022\\\/12\\\/admin-ajax__1_-removebg-preview-1-2.png\",\"contentUrl\":\"https:\\\/\\\/keys-for-auto.eu\\\/wp-content\\\/uploads\\\/2022\\\/12\\\/admin-ajax__1_-removebg-preview-1-2.png\",\"width\":400,\"height\":400},{\"@type\":\"BreadcrumbList\",\"@id\":\"https:\\\/\\\/keys-for-auto.eu\\\/de\\\/product\\\/herstellung-von-schlusseln-fur-renault-autos\\\/#breadcrumb\",\"itemListElement\":[{\"@type\":\"ListItem\",\"position\":1,\"name\":\"Startseite\",\"item\":\"https:\\\/\\\/keys-for-auto.eu\\\/de\\\/\"},{\"@type\":\"ListItem\",\"position\":2,\"name\":\"Shop\",\"item\":\"https:\\\/\\\/keys-for-auto.eu\\\/\"},{\"@type\":\"ListItem\",\"position\":3,\"name\":\"Herstellung von Schl\u00fcsseln f\u00fcr Renault-Fahrzeuge\"}]},{\"@type\":\"WebSite\",\"@id\":\"https:\\\/\\\/keys-for-auto.eu\\\/de\\\/#website\",\"url\":\"https:\\\/\\\/keys-for-auto.eu\\\/de\\\/\",\"name\":\"Keys for auto\",\"description\":\"Car keys,  key shells, key programming\",\"publisher\":{\"@id\":\"https:\\\/\\\/keys-for-auto.eu\\\/de\\\/#organization\"},\"potentialAction\":[{\"@type\":\"SearchAction\",\"target\":{\"@type\":\"EntryPoint\",\"urlTemplate\":\"https:\\\/\\\/keys-for-auto.eu\\\/de\\\/?s={search_term_string}\"},\"query-input\":{\"@type\":\"PropertyValueSpecification\",\"valueRequired\":true,\"valueName\":\"search_term_string\"}}],\"inLanguage\":\"de\"},{\"@type\":\"Organization\",\"@id\":\"https:\\\/\\\/keys-for-auto.eu\\\/de\\\/#organization\",\"name\":\"Schl\u00fcssel f\u00fcr Auto\",\"url\":\"https:\\\/\\\/keys-for-auto.eu\\\/de\\\/\",\"logo\":{\"@type\":\"ImageObject\",\"inLanguage\":\"de\",\"@id\":\"https:\\\/\\\/keys-for-auto.eu\\\/de\\\/#\\\/schema\\\/logo\\\/image\\\/\",\"url\":\"https:\\\/\\\/keys-for-auto.eu\\\/wp-content\\\/uploads\\\/2022\\\/11\\\/cropped-png1.png\",\"contentUrl\":\"https:\\\/\\\/keys-for-auto.eu\\\/wp-content\\\/uploads\\\/2022\\\/11\\\/cropped-png1.png\",\"width\":1000,\"height\":342,\"caption\":\"Schl\u00fcssel f\u00fcr Auto\"},\"image\":{\"@id\":\"https:\\\/\\\/keys-for-auto.eu\\\/de\\\/#\\\/schema\\\/logo\\\/image\\\/\"},\"sameAs\":[\"https:\\\/\\\/www.facebook.com\\\/KeysForAutoEU\"]}]}<\/script>\n<!-- \/ Yoast SEO plugin. -->","yoast_head_json":{"title":"-","robots":{"index":"index","follow":"follow","max-snippet":"max-snippet:-1","max-image-preview":"max-image-preview:large","max-video-preview":"max-video-preview:-1"},"canonical":"https:\/\/keys-for-auto.eu\/de\/product\/herstellung-von-schlusseln-fur-renault-autos\/","og_locale":"de_DE","og_type":"article","og_title":"-","og_description":"Herstellung von Schl\u00fcsseln f\u00fcr Renault-Fahrzeuge  Herstellung von Renault-Schl\u00fcsseln  Renault-Schl\u00fcssel  Renault-Schl\u00fcsselkarosserien  Renault Schl\u00fcssel Reparatur  Renault Schl\u00fcsselprogrammierung  Notentriegelung von Renault-Fahrzeugen Herstellung von Autoschl\u00fcsseln  Herstellung neuer Autoschl\u00fcssel, Programmierung der Schl\u00fcssel (\"Bindung\" an das Auto)  L\u00f6schen von zuvor verlorenen Schl\u00fcsseln aus dem Fahrzeugspeicher  Herstellung des Z\u00fcndschl\u00fcssels entsprechend dem Schloss  Reparatur von Autoschl\u00fcsseln (Ersatz von Tasten, Schalen, Mechanismen)  Auto-Notentriegelung  Umtausch von Schl\u00fcsseln, Schl\u00fcsseletuis  DPF \/ FAP Software-Abschaltung  Programmatische EGR-Entfernung  Deaktivierung der Wegfahrsperre-Software (immo Off)  Reparatur, Klonen, Programmieren von Motorsteuerger\u00e4ten (ECU)  SRS (Airbag-Steuerger\u00e4t-Programmierung)  Artikel werden innerhalb von 3 Arbeitstagen versandt.*","og_url":"https:\/\/keys-for-auto.eu\/de\/product\/herstellung-von-schlusseln-fur-renault-autos\/","og_site_name":"Keys for auto","article_publisher":"https:\/\/www.facebook.com\/KeysForAutoEU","og_image":[{"width":400,"height":400,"url":"https:\/\/i0.wp.com\/keys-for-auto.eu\/wp-content\/uploads\/2022\/12\/admin-ajax__1_-removebg-preview-1-2.png?fit=400%2C400&ssl=1","type":"image\/png"}],"twitter_card":"summary_large_image","twitter_misc":{"Gesch\u00e4tzte Lesezeit":"3\u00a0Minuten"},"schema":{"@context":"https:\/\/schema.org","@graph":[{"@type":["WebPage","ItemPage"],"@id":"https:\/\/keys-for-auto.eu\/de\/product\/herstellung-von-schlusseln-fur-renault-autos\/","url":"https:\/\/keys-for-auto.eu\/de\/product\/herstellung-von-schlusseln-fur-renault-autos\/","name":"-","isPartOf":{"@id":"https:\/\/keys-for-auto.eu\/de\/#website"},"primaryImageOfPage":{"@id":"https:\/\/keys-for-auto.eu\/de\/product\/herstellung-von-schlusseln-fur-renault-autos\/#primaryimage"},"image":{"@id":"https:\/\/keys-for-auto.eu\/de\/product\/herstellung-von-schlusseln-fur-renault-autos\/#primaryimage"},"thumbnailUrl":"https:\/\/keys-for-auto.eu\/wp-content\/uploads\/2022\/12\/admin-ajax__1_-removebg-preview-1-2.png","datePublished":"2017-12-03T16:35:27+00:00","breadcrumb":{"@id":"https:\/\/keys-for-auto.eu\/de\/product\/herstellung-von-schlusseln-fur-renault-autos\/#breadcrumb"},"inLanguage":"de","potentialAction":[{"@type":"ReadAction","target":["https:\/\/keys-for-auto.eu\/de\/product\/herstellung-von-schlusseln-fur-renault-autos\/"]}]},{"@type":"ImageObject","inLanguage":"de","@id":"https:\/\/keys-for-auto.eu\/de\/product\/herstellung-von-schlusseln-fur-renault-autos\/#primaryimage","url":"https:\/\/keys-for-auto.eu\/wp-content\/uploads\/2022\/12\/admin-ajax__1_-removebg-preview-1-2.png","contentUrl":"https:\/\/keys-for-auto.eu\/wp-content\/uploads\/2022\/12\/admin-ajax__1_-removebg-preview-1-2.png","width":400,"height":400},{"@type":"BreadcrumbList","@id":"https:\/\/keys-for-auto.eu\/de\/product\/herstellung-von-schlusseln-fur-renault-autos\/#breadcrumb","itemListElement":[{"@type":"ListItem","position":1,"name":"Startseite","item":"https:\/\/keys-for-auto.eu\/de\/"},{"@type":"ListItem","position":2,"name":"Shop","item":"https:\/\/keys-for-auto.eu\/"},{"@type":"ListItem","position":3,"name":"Herstellung von Schl\u00fcsseln f\u00fcr Renault-Fahrzeuge"}]},{"@type":"WebSite","@id":"https:\/\/keys-for-auto.eu\/de\/#website","url":"https:\/\/keys-for-auto.eu\/de\/","name":"Keys for auto","description":"Car keys,  key shells, key programming","publisher":{"@id":"https:\/\/keys-for-auto.eu\/de\/#organization"},"potentialAction":[{"@type":"SearchAction","target":{"@type":"EntryPoint","urlTemplate":"https:\/\/keys-for-auto.eu\/de\/?s={search_term_string}"},"query-input":{"@type":"PropertyValueSpecification","valueRequired":true,"valueName":"search_term_string"}}],"inLanguage":"de"},{"@type":"Organization","@id":"https:\/\/keys-for-auto.eu\/de\/#organization","name":"Schl\u00fcssel f\u00fcr Auto","url":"https:\/\/keys-for-auto.eu\/de\/","logo":{"@type":"ImageObject","inLanguage":"de","@id":"https:\/\/keys-for-auto.eu\/de\/#\/schema\/logo\/image\/","url":"https:\/\/keys-for-auto.eu\/wp-content\/uploads\/2022\/11\/cropped-png1.png","contentUrl":"https:\/\/keys-for-auto.eu\/wp-content\/uploads\/2022\/11\/cropped-png1.png","width":1000,"height":342,"caption":"Schl\u00fcssel f\u00fcr Auto"},"image":{"@id":"https:\/\/keys-for-auto.eu\/de\/#\/schema\/logo\/image\/"},"sameAs":["https:\/\/www.facebook.com\/KeysForAutoEU"]}]}},"_links":{"self":[{"href":"https:\/\/keys-for-auto.eu\/de\/wp-json\/wp\/v2\/product\/16300","targetHints":{"allow":["GET"]}}],"collection":[{"href":"https:\/\/keys-for-auto.eu\/de\/wp-json\/wp\/v2\/product"}],"about":[{"href":"https:\/\/keys-for-auto.eu\/de\/wp-json\/wp\/v2\/types\/product"}],"replies":[{"embeddable":true,"href":"https:\/\/keys-for-auto.eu\/de\/wp-json\/wp\/v2\/comments?post=16300"}],"wp:featuredmedia":[{"embeddable":true,"href":"https:\/\/keys-for-auto.eu\/de\/wp-json\/wp\/v2\/media\/14460"}],"wp:attachment":[{"href":"https:\/\/keys-for-auto.eu\/de\/wp-json\/wp\/v2\/media?parent=16300"}],"wp:term":[{"taxonomy":"product_brand","embeddable":true,"href":"https:\/\/keys-for-auto.eu\/de\/wp-json\/wp\/v2\/product_brand?post=16300"},{"taxonomy":"product_cat","embeddable":true,"href":"https:\/\/keys-for-auto.eu\/de\/wp-json\/wp\/v2\/product_cat?post=16300"},{"taxonomy":"product_tag","embeddable":true,"href":"https:\/\/keys-for-auto.eu\/de\/wp-json\/wp\/v2\/product_tag?post=16300"}],"curies":[{"name":"wp","href":"https:\/\/api.w.org\/{rel}","templated":true}]}}