{"id":16298,"date":"2017-05-11T18:34:51","date_gmt":"2017-05-11T18:34:51","guid":{"rendered":"https:\/\/keys-for-auto.eu\/product\/herstellung-von-schluesseln-fuer-volvo-fahrzeuge\/"},"modified":"2017-05-11T18:34:51","modified_gmt":"2017-05-11T18:34:51","slug":"herstellung-von-schlusseln-fur-volvo-autos","status":"publish","type":"product","link":"https:\/\/keys-for-auto.eu\/de\/product\/herstellung-von-schlusseln-fur-volvo-autos\/","title":{"rendered":"Herstellung von Schl\u00fcsseln f\u00fcr Volvo-Fahrzeuge"},"content":{"rendered":"<h2>Herstellung von Schl\u00fcsseln f\u00fcr Volvo-Fahrzeuge<\/h2>\n<p>&nbsp;<\/p>\n<p>&nbsp;<\/p>\n<p><img loading=\"lazy\" decoding=\"async\" class=\"wp-image-3287 alignleft\" src=\"https:\/\/raktai-automobiliams.lt\/wp-content\/uploads\/2017\/05\/Volvo-keys.png\" alt=\"Volvo rakt\u0173 gamyba\" width=\"217\" height=\"170\"><\/p>\n<p>Wenn ein Fahrer ein Problem mit einem Schl\u00fcssel hat, braucht er professionelle Hilfe. Die Produktion von Duplikaten kann auch mit dem Wunsch des Volvo-Besitzers zusammenh\u00e4ngen, einen Ersatzsatz zu haben. Autoschl\u00fcssel, die professionell von einem Meister angefertigt wurden, halten lange und sind erschwinglich. In F\u00e4llen, in denen der Eigent\u00fcmer nicht \u00fcber das Original verf\u00fcgt oder eine besch\u00e4digte Kopie besitzt, wird ein Duplikat angefertigt, das dem Z\u00fcndschloss entspricht. Durch die Verwendung von Spezialger\u00e4ten und -werkzeugen zur Herstellung eines Volvo-Schl\u00fcssels wird ein Ausfall des Sendeempf\u00e4ngers und seines Geheimcodes vermieden. Alle Arbeiten werden professionell und sauber ausgef\u00fchrt.<\/p>\n<p>&nbsp;<\/p>\n<h2>Produktionsm\u00f6glichkeiten f\u00fcr Volvo-Duplikate<\/h2>\n<p>Heute k\u00f6nnen Repliken auf Bestellung in einer Vielzahl von Modifikationen hergestellt werden:<\/p>\n<p>Klappbarer Z\u00fcndschl\u00fcssel mit Fernbedienung zum \u00d6ffnen der T\u00fcren und Starten des Motors.<\/p>\n<p>Einfacher Schl\u00fcssel mit mechanischer Klinge, ohne elektronische &#8222;F\u00fcllung&#8220;, ohne Wegfahrsperre.<\/p>\n<p>Chipschl\u00fcssel mit Transceiver.<\/p>\n<p>Wenn das Schl\u00fcsselblatt nachgebildet werden muss, wird eine spezielle programmierbare Maschine verwendet, um die Form des Schl\u00fcsselblattes nach vorgegebenen Parametern zu erstellen. Da es keinen menschlichen Faktor gibt, ist die Schnittgenauigkeit garantiert. Das Duplikat kann mit einem Kunststoffgeh\u00e4use hergestellt werden, was h\u00e4ufig der Fall ist, da f\u00fcr die Herstellung der Klinge in der Regel Rohlinge (Schl\u00fcssel ohne Geheimhaltung) verwendet werden.<\/p>\n<p>Die folgende Abfolge von Arbeitsschritten wird in der Regel vom Techniker bei der Nachfertigung des Volvo-Schl\u00fcssels durchgef\u00fchrt:<\/p>\n<p>Entriegeln des Fahrzeugs (falls erforderlich).<\/p>\n<p>Herstellung des mechanischen Teils des Schl\u00fcssels auf der Grundlage des Z\u00fcndschlosses.<\/p>\n<p>Programmierung des Schl\u00fcssels im Fahrzeugsystem (\u00fcber den OBD2-Stecker oder durch Ausbau der Wegfahrsperre).<\/p>\n<p>Die Herstellung des Z\u00fcndschl\u00fcssels ist mit dem Sicherheitssystem des Schlie\u00dfmechanismus verbunden. F\u00fcr den Fachmann stellt dies jedoch kein Problem dar, er fertigt fachgerecht ein Duplikat an und programmiert das System neu. Wenn die Originalschl\u00fcssel verloren gegangen sind, ist der alte Satz nach solchen Verfahren unzug\u00e4nglich und Kriminelle haben keine Chance.<\/p>\n","protected":false},"excerpt":{"rendered":"<h3><strong>Herstellung von Autoschl\u00fcsseln<\/strong><\/h3>\n<ul>\n<li><strong>Herstellung neuer Autoschl\u00fcssel, Programmierung der Schl\u00fcssel (&#8222;Bindung&#8220; an das Auto)<\/strong><\/li>\n<li><strong>L\u00f6schen von zuvor verlorenen Schl\u00fcsseln aus dem Fahrzeugspeicher<\/strong><\/li>\n<li><strong>Herstellung des Z\u00fcndschl\u00fcssels entsprechend dem Schloss<\/strong><\/li>\n<li><strong>Reparatur von Autoschl\u00fcsseln (Ersatz von Tasten, Schalen, Mechanismen)<\/strong><\/li>\n<li><strong>Auto-Notentriegelung<\/strong><\/li>\n<li><strong>Umtausch von Schl\u00fcsseln, Schl\u00fcsseletuis<\/strong><\/li>\n<li><strong>DPF \/ FAP Software-Abschaltung<\/strong><\/li>\n<li><strong>Programmatische EGR-Entfernung<\/strong><\/li>\n<li><strong>Deaktivierung der Wegfahrsperre-Software (immo Off)<\/strong><\/li>\n<li><strong>Reparatur, Klonen, Programmieren von Motorsteuerger\u00e4ten (ECU)<\/strong><\/li>\n<li><strong>SRS (Airbag-Steuerger\u00e4t-Programmierung)<\/strong><\/li>\n<\/ul>\n<div class=\"woocommerce-product-details__short-description\">\n<h4><strong>  Artikel werden innerhalb von 3 Arbeitstagen versandt.*<\/strong><\/h4>\n<\/div>\n<form class=\"cart\" action=\"https:\/\/keys-for-auto.eu\/product\/smart-key-shell-suitable-for-audi-a3-a4-s4-a5-three-buttons\/\" enctype=\"multipart\/form-data\" method=\"post\"><\/form>\n<p><strong>Volvo Schl\u00fcsselproduktion<\/strong><\/p>\n<ul>\n<li>Volvo-Schl\u00fcssel<\/li>\n<li>Volvo Schl\u00fcsselproduktion<\/li>\n<li>Volvo-Schl\u00fcsselh\u00fclsen<\/li>\n<li>Volvo-Schl\u00fcsselprogrammierung<\/li>\n<li>Notentriegelung von Volvo-Fahrzeugen<\/li>\n<\/ul>\n<p>Mit modernen computergesteuerten Ger\u00e4ten fertigen wir einen qualitativ hochwertigen und langlebigen Schl\u00fcssel f\u00fcr Ihr Volvo-Fahrzeug. Wenn Sie nur einen Schl\u00fcssel haben oder wenn Ihr Volvo-Schl\u00fcssel Ihr Auto nicht immer startet, empfehlen wir Ihnen den Kauf eines Ersatzschl\u00fcssels. So sparen Sie Zeit und Geld.<\/p>\n<p>Wir fertigen Schl\u00fcssel f\u00fcr eine breite Palette von Volvo-Modellen. Das kann ein einfacher Schl\u00fcssel oder ein Schl\u00fcssel mit Wegfahrsperre sein. Wir k\u00f6nnen auch eine Alternative zu Smart Keys anbieten <em><br \/>\n  <strong>(schl\u00fcsselloses Z\u00fcndsystem mit START\/STOP-Taste)<\/strong><br \/>\n<\/em><\/p>\n<p><img loading=\"lazy\" decoding=\"async\" class=\" wp-image-3287 aligncenter\" src=\"https:\/\/raktai-automobiliams.lt\/wp-content\/uploads\/2017\/05\/Volvo-keys.png\" alt=\"Volvo rakt\u0173 gamyba\" width=\"552\" height=\"432\"><\/p>\n<hr>\n<p>&nbsp;<\/p>\n","protected":false},"featured_media":14410,"comment_status":"open","ping_status":"closed","template":"","meta":[],"product_brand":[],"product_cat":[2619,2416],"product_tag":[2672,2675,2677],"class_list":{"0":"post-16298","1":"product","2":"type-product","3":"status-publish","4":"has-post-thumbnail","6":"product_cat-herstellung-von-schlusseln","7":"product_cat-volvo-de","8":"product_tag-herstellung-von-schlusseln","9":"product_tag-programmierung-der-schlussel","10":"product_tag-volvo-schlusselproduktion","12":"first","13":"instock","14":"shipping-taxable","15":"product-type-simple"},"yoast_head":"<!-- This site is optimized with the Yoast SEO plugin v27.6 - https:\/\/yoast.com\/product\/yoast-seo-wordpress\/ -->\n<title>-<\/title>\n<meta name=\"robots\" content=\"index, follow, max-snippet:-1, max-image-preview:large, max-video-preview:-1\" \/>\n<link rel=\"canonical\" href=\"https:\/\/keys-for-auto.eu\/de\/product\/herstellung-von-schlusseln-fur-volvo-autos\/\" \/>\n<meta property=\"og:locale\" content=\"de_DE\" \/>\n<meta property=\"og:type\" content=\"article\" \/>\n<meta property=\"og:title\" content=\"-\" \/>\n<meta property=\"og:description\" content=\"Herstellung von Autoschl\u00fcsseln  Herstellung neuer Autoschl\u00fcssel, Programmierung der Schl\u00fcssel (&quot;Bindung&quot; an das Auto)  L\u00f6schen von zuvor verlorenen Schl\u00fcsseln aus dem Fahrzeugspeicher  Herstellung des Z\u00fcndschl\u00fcssels entsprechend dem Schloss  Reparatur von Autoschl\u00fcsseln (Ersatz von Tasten, Schalen, Mechanismen)  Auto-Notentriegelung  Umtausch von Schl\u00fcsseln, Schl\u00fcsseletuis  DPF \/ FAP Software-Abschaltung  Programmatische EGR-Entfernung  Deaktivierung der Wegfahrsperre-Software (immo Off)  Reparatur, Klonen, Programmieren von Motorsteuerger\u00e4ten (ECU)  SRS (Airbag-Steuerger\u00e4t-Programmierung)   Artikel werden innerhalb von 3 Arbeitstagen versandt.* Volvo Schl\u00fcsselproduktion  Volvo-Schl\u00fcssel  Volvo Schl\u00fcsselproduktion  Volvo-Schl\u00fcsselh\u00fclsen  Volvo-Schl\u00fcsselprogrammierung  Notentriegelung von Volvo-Fahrzeugen Mit modernen computergesteuerten Ger\u00e4ten fertigen wir einen qualitativ hochwertigen und langlebigen Schl\u00fcssel f\u00fcr Ihr Volvo-Fahrzeug. Wenn Sie nur einen Schl\u00fcssel haben oder wenn Ihr Volvo-Schl\u00fcssel Ihr Auto nicht immer startet, empfehlen wir Ihnen den Kauf eines Ersatzschl\u00fcssels. So sparen Sie Zeit und Geld. Wir fertigen Schl\u00fcssel f\u00fcr eine breite Palette von Volvo-Modellen. Das kann ein einfacher Schl\u00fcssel oder ein Schl\u00fcssel mit Wegfahrsperre sein. Wir k\u00f6nnen auch eine Alternative zu Smart Keys anbieten  (schl\u00fcsselloses Z\u00fcndsystem mit START\/STOP-Taste)    &nbsp;\" \/>\n<meta property=\"og:url\" content=\"https:\/\/keys-for-auto.eu\/de\/product\/herstellung-von-schlusseln-fur-volvo-autos\/\" \/>\n<meta property=\"og:site_name\" content=\"Keys for auto\" \/>\n<meta property=\"article:publisher\" content=\"https:\/\/www.facebook.com\/KeysForAutoEU\" \/>\n<meta property=\"og:image\" content=\"https:\/\/keys-for-auto.eu\/wp-content\/uploads\/2022\/12\/Volvo-logo-2012-2048x2048-1.png\" \/>\n\t<meta property=\"og:image:width\" content=\"2048\" \/>\n\t<meta property=\"og:image:height\" content=\"2048\" \/>\n\t<meta property=\"og:image:type\" content=\"image\/png\" \/>\n<meta name=\"twitter:card\" content=\"summary_large_image\" \/>\n<meta name=\"twitter:label1\" content=\"Gesch\u00e4tzte Lesezeit\" \/>\n\t<meta name=\"twitter:data1\" content=\"2\u00a0Minuten\" \/>\n<script type=\"application\/ld+json\" class=\"yoast-schema-graph\">{\"@context\":\"https:\\\/\\\/schema.org\",\"@graph\":[{\"@type\":[\"WebPage\",\"ItemPage\"],\"@id\":\"https:\\\/\\\/keys-for-auto.eu\\\/de\\\/product\\\/herstellung-von-schlusseln-fur-volvo-autos\\\/\",\"url\":\"https:\\\/\\\/keys-for-auto.eu\\\/de\\\/product\\\/herstellung-von-schlusseln-fur-volvo-autos\\\/\",\"name\":\"-\",\"isPartOf\":{\"@id\":\"https:\\\/\\\/keys-for-auto.eu\\\/de\\\/#website\"},\"primaryImageOfPage\":{\"@id\":\"https:\\\/\\\/keys-for-auto.eu\\\/de\\\/product\\\/herstellung-von-schlusseln-fur-volvo-autos\\\/#primaryimage\"},\"image\":{\"@id\":\"https:\\\/\\\/keys-for-auto.eu\\\/de\\\/product\\\/herstellung-von-schlusseln-fur-volvo-autos\\\/#primaryimage\"},\"thumbnailUrl\":\"https:\\\/\\\/keys-for-auto.eu\\\/wp-content\\\/uploads\\\/2022\\\/12\\\/Volvo-logo-2012-2048x2048-1.png\",\"datePublished\":\"2017-05-11T18:34:51+00:00\",\"breadcrumb\":{\"@id\":\"https:\\\/\\\/keys-for-auto.eu\\\/de\\\/product\\\/herstellung-von-schlusseln-fur-volvo-autos\\\/#breadcrumb\"},\"inLanguage\":\"de\",\"potentialAction\":[{\"@type\":\"ReadAction\",\"target\":[\"https:\\\/\\\/keys-for-auto.eu\\\/de\\\/product\\\/herstellung-von-schlusseln-fur-volvo-autos\\\/\"]}]},{\"@type\":\"ImageObject\",\"inLanguage\":\"de\",\"@id\":\"https:\\\/\\\/keys-for-auto.eu\\\/de\\\/product\\\/herstellung-von-schlusseln-fur-volvo-autos\\\/#primaryimage\",\"url\":\"https:\\\/\\\/keys-for-auto.eu\\\/wp-content\\\/uploads\\\/2022\\\/12\\\/Volvo-logo-2012-2048x2048-1.png\",\"contentUrl\":\"https:\\\/\\\/keys-for-auto.eu\\\/wp-content\\\/uploads\\\/2022\\\/12\\\/Volvo-logo-2012-2048x2048-1.png\",\"width\":2048,\"height\":2048},{\"@type\":\"BreadcrumbList\",\"@id\":\"https:\\\/\\\/keys-for-auto.eu\\\/de\\\/product\\\/herstellung-von-schlusseln-fur-volvo-autos\\\/#breadcrumb\",\"itemListElement\":[{\"@type\":\"ListItem\",\"position\":1,\"name\":\"Startseite\",\"item\":\"https:\\\/\\\/keys-for-auto.eu\\\/de\\\/\"},{\"@type\":\"ListItem\",\"position\":2,\"name\":\"Shop\",\"item\":\"https:\\\/\\\/keys-for-auto.eu\\\/\"},{\"@type\":\"ListItem\",\"position\":3,\"name\":\"Herstellung von Schl\u00fcsseln f\u00fcr Volvo-Fahrzeuge\"}]},{\"@type\":\"WebSite\",\"@id\":\"https:\\\/\\\/keys-for-auto.eu\\\/de\\\/#website\",\"url\":\"https:\\\/\\\/keys-for-auto.eu\\\/de\\\/\",\"name\":\"Keys for auto\",\"description\":\"Car keys,  key shells, key programming\",\"publisher\":{\"@id\":\"https:\\\/\\\/keys-for-auto.eu\\\/de\\\/#organization\"},\"potentialAction\":[{\"@type\":\"SearchAction\",\"target\":{\"@type\":\"EntryPoint\",\"urlTemplate\":\"https:\\\/\\\/keys-for-auto.eu\\\/de\\\/?s={search_term_string}\"},\"query-input\":{\"@type\":\"PropertyValueSpecification\",\"valueRequired\":true,\"valueName\":\"search_term_string\"}}],\"inLanguage\":\"de\"},{\"@type\":\"Organization\",\"@id\":\"https:\\\/\\\/keys-for-auto.eu\\\/de\\\/#organization\",\"name\":\"Schl\u00fcssel f\u00fcr Auto\",\"url\":\"https:\\\/\\\/keys-for-auto.eu\\\/de\\\/\",\"logo\":{\"@type\":\"ImageObject\",\"inLanguage\":\"de\",\"@id\":\"https:\\\/\\\/keys-for-auto.eu\\\/de\\\/#\\\/schema\\\/logo\\\/image\\\/\",\"url\":\"https:\\\/\\\/keys-for-auto.eu\\\/wp-content\\\/uploads\\\/2022\\\/11\\\/cropped-png1.png\",\"contentUrl\":\"https:\\\/\\\/keys-for-auto.eu\\\/wp-content\\\/uploads\\\/2022\\\/11\\\/cropped-png1.png\",\"width\":1000,\"height\":342,\"caption\":\"Schl\u00fcssel f\u00fcr Auto\"},\"image\":{\"@id\":\"https:\\\/\\\/keys-for-auto.eu\\\/de\\\/#\\\/schema\\\/logo\\\/image\\\/\"},\"sameAs\":[\"https:\\\/\\\/www.facebook.com\\\/KeysForAutoEU\"]}]}<\/script>\n<!-- \/ Yoast SEO plugin. -->","yoast_head_json":{"title":"-","robots":{"index":"index","follow":"follow","max-snippet":"max-snippet:-1","max-image-preview":"max-image-preview:large","max-video-preview":"max-video-preview:-1"},"canonical":"https:\/\/keys-for-auto.eu\/de\/product\/herstellung-von-schlusseln-fur-volvo-autos\/","og_locale":"de_DE","og_type":"article","og_title":"-","og_description":"Herstellung von Autoschl\u00fcsseln  Herstellung neuer Autoschl\u00fcssel, Programmierung der Schl\u00fcssel (\"Bindung\" an das Auto)  L\u00f6schen von zuvor verlorenen Schl\u00fcsseln aus dem Fahrzeugspeicher  Herstellung des Z\u00fcndschl\u00fcssels entsprechend dem Schloss  Reparatur von Autoschl\u00fcsseln (Ersatz von Tasten, Schalen, Mechanismen)  Auto-Notentriegelung  Umtausch von Schl\u00fcsseln, Schl\u00fcsseletuis  DPF \/ FAP Software-Abschaltung  Programmatische EGR-Entfernung  Deaktivierung der Wegfahrsperre-Software (immo Off)  Reparatur, Klonen, Programmieren von Motorsteuerger\u00e4ten (ECU)  SRS (Airbag-Steuerger\u00e4t-Programmierung)   Artikel werden innerhalb von 3 Arbeitstagen versandt.* Volvo Schl\u00fcsselproduktion  Volvo-Schl\u00fcssel  Volvo Schl\u00fcsselproduktion  Volvo-Schl\u00fcsselh\u00fclsen  Volvo-Schl\u00fcsselprogrammierung  Notentriegelung von Volvo-Fahrzeugen Mit modernen computergesteuerten Ger\u00e4ten fertigen wir einen qualitativ hochwertigen und langlebigen Schl\u00fcssel f\u00fcr Ihr Volvo-Fahrzeug. Wenn Sie nur einen Schl\u00fcssel haben oder wenn Ihr Volvo-Schl\u00fcssel Ihr Auto nicht immer startet, empfehlen wir Ihnen den Kauf eines Ersatzschl\u00fcssels. So sparen Sie Zeit und Geld. Wir fertigen Schl\u00fcssel f\u00fcr eine breite Palette von Volvo-Modellen. Das kann ein einfacher Schl\u00fcssel oder ein Schl\u00fcssel mit Wegfahrsperre sein. Wir k\u00f6nnen auch eine Alternative zu Smart Keys anbieten  (schl\u00fcsselloses Z\u00fcndsystem mit START\/STOP-Taste)    &nbsp;","og_url":"https:\/\/keys-for-auto.eu\/de\/product\/herstellung-von-schlusseln-fur-volvo-autos\/","og_site_name":"Keys for auto","article_publisher":"https:\/\/www.facebook.com\/KeysForAutoEU","og_image":[{"width":2048,"height":2048,"url":"https:\/\/keys-for-auto.eu\/wp-content\/uploads\/2022\/12\/Volvo-logo-2012-2048x2048-1.png","type":"image\/png"}],"twitter_card":"summary_large_image","twitter_misc":{"Gesch\u00e4tzte Lesezeit":"2\u00a0Minuten"},"schema":{"@context":"https:\/\/schema.org","@graph":[{"@type":["WebPage","ItemPage"],"@id":"https:\/\/keys-for-auto.eu\/de\/product\/herstellung-von-schlusseln-fur-volvo-autos\/","url":"https:\/\/keys-for-auto.eu\/de\/product\/herstellung-von-schlusseln-fur-volvo-autos\/","name":"-","isPartOf":{"@id":"https:\/\/keys-for-auto.eu\/de\/#website"},"primaryImageOfPage":{"@id":"https:\/\/keys-for-auto.eu\/de\/product\/herstellung-von-schlusseln-fur-volvo-autos\/#primaryimage"},"image":{"@id":"https:\/\/keys-for-auto.eu\/de\/product\/herstellung-von-schlusseln-fur-volvo-autos\/#primaryimage"},"thumbnailUrl":"https:\/\/keys-for-auto.eu\/wp-content\/uploads\/2022\/12\/Volvo-logo-2012-2048x2048-1.png","datePublished":"2017-05-11T18:34:51+00:00","breadcrumb":{"@id":"https:\/\/keys-for-auto.eu\/de\/product\/herstellung-von-schlusseln-fur-volvo-autos\/#breadcrumb"},"inLanguage":"de","potentialAction":[{"@type":"ReadAction","target":["https:\/\/keys-for-auto.eu\/de\/product\/herstellung-von-schlusseln-fur-volvo-autos\/"]}]},{"@type":"ImageObject","inLanguage":"de","@id":"https:\/\/keys-for-auto.eu\/de\/product\/herstellung-von-schlusseln-fur-volvo-autos\/#primaryimage","url":"https:\/\/keys-for-auto.eu\/wp-content\/uploads\/2022\/12\/Volvo-logo-2012-2048x2048-1.png","contentUrl":"https:\/\/keys-for-auto.eu\/wp-content\/uploads\/2022\/12\/Volvo-logo-2012-2048x2048-1.png","width":2048,"height":2048},{"@type":"BreadcrumbList","@id":"https:\/\/keys-for-auto.eu\/de\/product\/herstellung-von-schlusseln-fur-volvo-autos\/#breadcrumb","itemListElement":[{"@type":"ListItem","position":1,"name":"Startseite","item":"https:\/\/keys-for-auto.eu\/de\/"},{"@type":"ListItem","position":2,"name":"Shop","item":"https:\/\/keys-for-auto.eu\/"},{"@type":"ListItem","position":3,"name":"Herstellung von Schl\u00fcsseln f\u00fcr Volvo-Fahrzeuge"}]},{"@type":"WebSite","@id":"https:\/\/keys-for-auto.eu\/de\/#website","url":"https:\/\/keys-for-auto.eu\/de\/","name":"Keys for auto","description":"Car keys,  key shells, key programming","publisher":{"@id":"https:\/\/keys-for-auto.eu\/de\/#organization"},"potentialAction":[{"@type":"SearchAction","target":{"@type":"EntryPoint","urlTemplate":"https:\/\/keys-for-auto.eu\/de\/?s={search_term_string}"},"query-input":{"@type":"PropertyValueSpecification","valueRequired":true,"valueName":"search_term_string"}}],"inLanguage":"de"},{"@type":"Organization","@id":"https:\/\/keys-for-auto.eu\/de\/#organization","name":"Schl\u00fcssel f\u00fcr Auto","url":"https:\/\/keys-for-auto.eu\/de\/","logo":{"@type":"ImageObject","inLanguage":"de","@id":"https:\/\/keys-for-auto.eu\/de\/#\/schema\/logo\/image\/","url":"https:\/\/keys-for-auto.eu\/wp-content\/uploads\/2022\/11\/cropped-png1.png","contentUrl":"https:\/\/keys-for-auto.eu\/wp-content\/uploads\/2022\/11\/cropped-png1.png","width":1000,"height":342,"caption":"Schl\u00fcssel f\u00fcr Auto"},"image":{"@id":"https:\/\/keys-for-auto.eu\/de\/#\/schema\/logo\/image\/"},"sameAs":["https:\/\/www.facebook.com\/KeysForAutoEU"]}]}},"_links":{"self":[{"href":"https:\/\/keys-for-auto.eu\/de\/wp-json\/wp\/v2\/product\/16298","targetHints":{"allow":["GET"]}}],"collection":[{"href":"https:\/\/keys-for-auto.eu\/de\/wp-json\/wp\/v2\/product"}],"about":[{"href":"https:\/\/keys-for-auto.eu\/de\/wp-json\/wp\/v2\/types\/product"}],"replies":[{"embeddable":true,"href":"https:\/\/keys-for-auto.eu\/de\/wp-json\/wp\/v2\/comments?post=16298"}],"wp:featuredmedia":[{"embeddable":true,"href":"https:\/\/keys-for-auto.eu\/de\/wp-json\/wp\/v2\/media\/14410"}],"wp:attachment":[{"href":"https:\/\/keys-for-auto.eu\/de\/wp-json\/wp\/v2\/media?parent=16298"}],"wp:term":[{"taxonomy":"product_brand","embeddable":true,"href":"https:\/\/keys-for-auto.eu\/de\/wp-json\/wp\/v2\/product_brand?post=16298"},{"taxonomy":"product_cat","embeddable":true,"href":"https:\/\/keys-for-auto.eu\/de\/wp-json\/wp\/v2\/product_cat?post=16298"},{"taxonomy":"product_tag","embeddable":true,"href":"https:\/\/keys-for-auto.eu\/de\/wp-json\/wp\/v2\/product_tag?post=16298"}],"curies":[{"name":"wp","href":"https:\/\/api.w.org\/{rel}","templated":true}]}}