{"id":16297,"date":"2018-05-07T15:50:43","date_gmt":"2018-05-07T15:50:43","guid":{"rendered":"https:\/\/keys-for-auto.eu\/product\/schluesselproduktion-fuer-ssangyong-fahrzeuge\/"},"modified":"2018-05-07T15:50:43","modified_gmt":"2018-05-07T15:50:43","slug":"schlussel-produktion-fur-ssangyong-autos","status":"publish","type":"product","link":"https:\/\/keys-for-auto.eu\/de\/product\/schlussel-produktion-fur-ssangyong-autos\/","title":{"rendered":"Schl\u00fcsselproduktion f\u00fcr SsangYong-Fahrzeuge"},"content":{"rendered":"<h2>SsangYong Schl\u00fcsselproduktion<\/h2>\n<p>SsangYong Schl\u00fcsselproduktion. Heutzutage kann ein Autoschl\u00fcssel aus dem Schloss oder gegen Vorlage des Originals wiederhergestellt werden. Der SsangYong-Chipschl\u00fcssel ist im Wesentlichen ein einzigartiges Ger\u00e4t, das in seinem Aussehen an die analogen Autoschl\u00fcssel der 1990er und fr\u00fchen 2000er Jahre erinnert. Nur ist seine interne &#8222;F\u00fcllung&#8220; zehnmal besser als solche Produkte. Denn moderne koreanische Autoschl\u00fcssel sind mit einem personalisierten Softwarechip ausgestattet, der sich im Kopf des Schl\u00fcssels (klappbar, klassisch) befindet und einen speziellen Code enth\u00e4lt. Die Verschl\u00fcsselung steht in direktem Kontakt mit dem Sicherheitssystem des Fahrzeugs, wodurch die M\u00f6glichkeit ausgeschlossen wird, das Fahrzeug mit einem anderen Schl\u00fcssel zu starten. Bei Bedarf kann der Autobesitzer bei uns die Duplikation, Herstellung, Reparatur oder den Ersatz von SsangYong-Schl\u00fcsseln in Auftrag geben.<\/p>\n<h2>Programmierung der Chips<\/h2>\n<p>Das Kunststoffgeh\u00e4use mit den Tasten kann besch\u00e4digt sein oder die Tastenleiste kann w\u00e4hrend der Benutzung abgenutzt sein. Ein nicht funktionsf\u00e4higes Produkt kann durch Elektronik\u00fcbertragung wiederhergestellt werden. Bei Bedarf kann eine vollst\u00e4ndige Kopie des Markenschl\u00fcssels oder ein modernes Faltanalogon gew\u00e4hlt werden. In allen F\u00e4llen werden die Arbeiten von qualifizierten Technikern mit professionellen Maschinen und mit Garantie ausgef\u00fchrt.<\/p>\n<p>Zus\u00e4tzlich zum Duplikat kann der Fahrzeughalter nur einen SsangYong-Chip bestellen. Dieses Produkt kann in eine breite Palette von Alarmzentralen eingebaut werden. Es wird von einem Spezialisten mit einer speziellen Ausr\u00fcstung programmiert, die die Herstellung von individuellen Chips und Schl\u00fcsseln f\u00fcr SsangYong-Fahrzeuge verschiedener Baujahre erm\u00f6glicht.<\/p>\n<p>Wenn ein Schl\u00fcssel verloren geht, kaputt ist oder das Schl\u00fcsselblatt abgenutzt ist, k\u00f6nnen Sie ein Duplikat oder ein neues Produkt mit einem Chip bestellen. Die Programmierung von elektronischen Steuerger\u00e4ten und Wegfahrsperren ist ebenfalls m\u00f6glich. F\u00fcr s\u00fcdkoreanische Autobesitzer bieten wir je nach Art des Problems eine breite Palette von Schl\u00fcsselprogrammierungs- und Fertigungsdienstleistungen an. Die Wegfahrsperre und der SsangYong-Chipschl\u00fcssel sind die Elemente zum Schutz der Z\u00fcndanlage und eine Garantie f\u00fcr die Sicherheit des Fahrzeugs.<\/p>\n","protected":false},"excerpt":{"rendered":"<h2>Wir fertigen und programmieren Schl\u00fcssel f\u00fcr SsangYong Fahrzeuge<\/h2>\n<ul>\n<li>Herstellung von SsangYong-Schl\u00fcsseln<\/li>\n<li>SsangYong Actyon Schl\u00fcsselproduktion, Programmierung<\/li>\n<li>SsangYong Chairman Schl\u00fcsselherstellung, Programmierung<\/li>\n<li>SsangYong Korando Schl\u00fcsselherstellung, Programmierung<\/li>\n<li>SsangYong Kyron Schl\u00fcsselherstellung, Programmierung<\/li>\n<li>SsangYong Musso Schl\u00fcsselherstellung, Programmierung<\/li>\n<li>SsangYong Rexton Schl\u00fcsselherstellung, Programmierung<\/li>\n<li>SsangYong Stavic Rodus Schl\u00fcsselherstellung, Programmierung<\/li>\n<li>SsangYong Schl\u00fcsselprogrammierung<\/li>\n<li>SsangYong Schl\u00fcssel Reparatur<\/li>\n<li>SsangYong Schl\u00fcsselstellen<\/li>\n<li>Notentriegelung von SsangYong-Fahrzeugen<\/li>\n<\/ul>\n<h3><strong>Herstellung von Autoschl\u00fcsseln<\/strong><\/h3>\n<ul>\n<li><strong>Herstellung neuer Autoschl\u00fcssel, Programmierung der Schl\u00fcssel (&#8222;Bindung&#8220; an das Auto)<\/strong><\/li>\n<li><strong>L\u00f6schen von zuvor verlorenen Schl\u00fcsseln aus dem Fahrzeugspeicher<\/strong><\/li>\n<li><strong>Herstellung des Z\u00fcndschl\u00fcssels entsprechend dem Schloss<\/strong><\/li>\n<li><strong>Reparatur von Autoschl\u00fcsseln (Ersatz von Tasten, Schalen, Mechanismen)<\/strong><\/li>\n<li><strong>Auto-Notentriegelung<\/strong><\/li>\n<li><strong>Umtausch von Schl\u00fcsseln, Schl\u00fcsseletuis<\/strong><\/li>\n<li><strong>DPF \/ FAP Software-Abschaltung<\/strong><\/li>\n<li><strong>Programmatische EGR-Entfernung<\/strong><\/li>\n<li><strong>Deaktivierung der Wegfahrsperre-Software (immo Off)<\/strong><\/li>\n<li><strong>Reparatur, Klonen, Programmieren von Motorsteuerger\u00e4ten (ECU)<\/strong><\/li>\n<li><strong>SRS (Airbag-Steuerger\u00e4t-Programmierung)<\/strong><\/li>\n<\/ul>\n<h4><strong>  Artikel werden innerhalb von 3 Arbeitstagen versandt.*<\/strong><\/h4>\n","protected":false},"featured_media":14575,"comment_status":"open","ping_status":"closed","template":"","meta":[],"product_brand":[],"product_cat":[2619,2102],"product_tag":[2676],"class_list":{"0":"post-16297","1":"product","2":"type-product","3":"status-publish","4":"has-post-thumbnail","6":"product_cat-herstellung-von-schlusseln","7":"product_cat-ssangyong-de","8":"product_tag-schlusselproduktion-fur-ssangyong-fahrzeuge","10":"first","11":"instock","12":"shipping-taxable","13":"product-type-simple"},"yoast_head":"<!-- This site is optimized with the Yoast SEO plugin v27.6 - https:\/\/yoast.com\/product\/yoast-seo-wordpress\/ -->\n<title>-<\/title>\n<meta name=\"robots\" content=\"index, follow, max-snippet:-1, max-image-preview:large, max-video-preview:-1\" \/>\n<link rel=\"canonical\" href=\"https:\/\/keys-for-auto.eu\/de\/product\/schlussel-produktion-fur-ssangyong-autos\/\" \/>\n<meta property=\"og:locale\" content=\"de_DE\" \/>\n<meta property=\"og:type\" content=\"article\" \/>\n<meta property=\"og:title\" content=\"-\" \/>\n<meta property=\"og:description\" content=\"Wir fertigen und programmieren Schl\u00fcssel f\u00fcr SsangYong Fahrzeuge  Herstellung von SsangYong-Schl\u00fcsseln  SsangYong Actyon Schl\u00fcsselproduktion, Programmierung  SsangYong Chairman Schl\u00fcsselherstellung, Programmierung  SsangYong Korando Schl\u00fcsselherstellung, Programmierung  SsangYong Kyron Schl\u00fcsselherstellung, Programmierung  SsangYong Musso Schl\u00fcsselherstellung, Programmierung  SsangYong Rexton Schl\u00fcsselherstellung, Programmierung  SsangYong Stavic Rodus Schl\u00fcsselherstellung, Programmierung  SsangYong Schl\u00fcsselprogrammierung  SsangYong Schl\u00fcssel Reparatur  SsangYong Schl\u00fcsselstellen  Notentriegelung von SsangYong-Fahrzeugen Herstellung von Autoschl\u00fcsseln  Herstellung neuer Autoschl\u00fcssel, Programmierung der Schl\u00fcssel (&quot;Bindung&quot; an das Auto)  L\u00f6schen von zuvor verlorenen Schl\u00fcsseln aus dem Fahrzeugspeicher  Herstellung des Z\u00fcndschl\u00fcssels entsprechend dem Schloss  Reparatur von Autoschl\u00fcsseln (Ersatz von Tasten, Schalen, Mechanismen)  Auto-Notentriegelung  Umtausch von Schl\u00fcsseln, Schl\u00fcsseletuis  DPF \/ FAP Software-Abschaltung  Programmatische EGR-Entfernung  Deaktivierung der Wegfahrsperre-Software (immo Off)  Reparatur, Klonen, Programmieren von Motorsteuerger\u00e4ten (ECU)  SRS (Airbag-Steuerger\u00e4t-Programmierung)  Artikel werden innerhalb von 3 Arbeitstagen versandt.*\" \/>\n<meta property=\"og:url\" content=\"https:\/\/keys-for-auto.eu\/de\/product\/schlussel-produktion-fur-ssangyong-autos\/\" \/>\n<meta property=\"og:site_name\" content=\"Keys for auto\" \/>\n<meta property=\"article:publisher\" content=\"https:\/\/www.facebook.com\/KeysForAutoEU\" \/>\n<meta property=\"og:image\" content=\"https:\/\/i0.wp.com\/keys-for-auto.eu\/wp-content\/uploads\/2022\/12\/SsangYong_logo_symbol_logotype_emblem-removebg-preview.png?fit=500%2C476&ssl=1\" \/>\n\t<meta property=\"og:image:width\" content=\"500\" \/>\n\t<meta property=\"og:image:height\" content=\"476\" \/>\n\t<meta property=\"og:image:type\" content=\"image\/png\" \/>\n<meta name=\"twitter:card\" content=\"summary_large_image\" \/>\n<meta name=\"twitter:label1\" content=\"Gesch\u00e4tzte Lesezeit\" \/>\n\t<meta name=\"twitter:data1\" content=\"2\u00a0Minuten\" \/>\n<script type=\"application\/ld+json\" class=\"yoast-schema-graph\">{\"@context\":\"https:\\\/\\\/schema.org\",\"@graph\":[{\"@type\":[\"WebPage\",\"ItemPage\"],\"@id\":\"https:\\\/\\\/keys-for-auto.eu\\\/de\\\/product\\\/schlussel-produktion-fur-ssangyong-autos\\\/\",\"url\":\"https:\\\/\\\/keys-for-auto.eu\\\/de\\\/product\\\/schlussel-produktion-fur-ssangyong-autos\\\/\",\"name\":\"-\",\"isPartOf\":{\"@id\":\"https:\\\/\\\/keys-for-auto.eu\\\/de\\\/#website\"},\"primaryImageOfPage\":{\"@id\":\"https:\\\/\\\/keys-for-auto.eu\\\/de\\\/product\\\/schlussel-produktion-fur-ssangyong-autos\\\/#primaryimage\"},\"image\":{\"@id\":\"https:\\\/\\\/keys-for-auto.eu\\\/de\\\/product\\\/schlussel-produktion-fur-ssangyong-autos\\\/#primaryimage\"},\"thumbnailUrl\":\"https:\\\/\\\/keys-for-auto.eu\\\/wp-content\\\/uploads\\\/2022\\\/12\\\/SsangYong_logo_symbol_logotype_emblem-removebg-preview.png\",\"datePublished\":\"2018-05-07T15:50:43+00:00\",\"breadcrumb\":{\"@id\":\"https:\\\/\\\/keys-for-auto.eu\\\/de\\\/product\\\/schlussel-produktion-fur-ssangyong-autos\\\/#breadcrumb\"},\"inLanguage\":\"de\",\"potentialAction\":[{\"@type\":\"ReadAction\",\"target\":[\"https:\\\/\\\/keys-for-auto.eu\\\/de\\\/product\\\/schlussel-produktion-fur-ssangyong-autos\\\/\"]}]},{\"@type\":\"ImageObject\",\"inLanguage\":\"de\",\"@id\":\"https:\\\/\\\/keys-for-auto.eu\\\/de\\\/product\\\/schlussel-produktion-fur-ssangyong-autos\\\/#primaryimage\",\"url\":\"https:\\\/\\\/keys-for-auto.eu\\\/wp-content\\\/uploads\\\/2022\\\/12\\\/SsangYong_logo_symbol_logotype_emblem-removebg-preview.png\",\"contentUrl\":\"https:\\\/\\\/keys-for-auto.eu\\\/wp-content\\\/uploads\\\/2022\\\/12\\\/SsangYong_logo_symbol_logotype_emblem-removebg-preview.png\",\"width\":500,\"height\":476},{\"@type\":\"BreadcrumbList\",\"@id\":\"https:\\\/\\\/keys-for-auto.eu\\\/de\\\/product\\\/schlussel-produktion-fur-ssangyong-autos\\\/#breadcrumb\",\"itemListElement\":[{\"@type\":\"ListItem\",\"position\":1,\"name\":\"Startseite\",\"item\":\"https:\\\/\\\/keys-for-auto.eu\\\/de\\\/\"},{\"@type\":\"ListItem\",\"position\":2,\"name\":\"Shop\",\"item\":\"https:\\\/\\\/keys-for-auto.eu\\\/\"},{\"@type\":\"ListItem\",\"position\":3,\"name\":\"Schl\u00fcsselproduktion f\u00fcr SsangYong-Fahrzeuge\"}]},{\"@type\":\"WebSite\",\"@id\":\"https:\\\/\\\/keys-for-auto.eu\\\/de\\\/#website\",\"url\":\"https:\\\/\\\/keys-for-auto.eu\\\/de\\\/\",\"name\":\"Keys for auto\",\"description\":\"Car keys,  key shells, key programming\",\"publisher\":{\"@id\":\"https:\\\/\\\/keys-for-auto.eu\\\/de\\\/#organization\"},\"potentialAction\":[{\"@type\":\"SearchAction\",\"target\":{\"@type\":\"EntryPoint\",\"urlTemplate\":\"https:\\\/\\\/keys-for-auto.eu\\\/de\\\/?s={search_term_string}\"},\"query-input\":{\"@type\":\"PropertyValueSpecification\",\"valueRequired\":true,\"valueName\":\"search_term_string\"}}],\"inLanguage\":\"de\"},{\"@type\":\"Organization\",\"@id\":\"https:\\\/\\\/keys-for-auto.eu\\\/de\\\/#organization\",\"name\":\"Schl\u00fcssel f\u00fcr Auto\",\"url\":\"https:\\\/\\\/keys-for-auto.eu\\\/de\\\/\",\"logo\":{\"@type\":\"ImageObject\",\"inLanguage\":\"de\",\"@id\":\"https:\\\/\\\/keys-for-auto.eu\\\/de\\\/#\\\/schema\\\/logo\\\/image\\\/\",\"url\":\"https:\\\/\\\/keys-for-auto.eu\\\/wp-content\\\/uploads\\\/2022\\\/11\\\/cropped-png1.png\",\"contentUrl\":\"https:\\\/\\\/keys-for-auto.eu\\\/wp-content\\\/uploads\\\/2022\\\/11\\\/cropped-png1.png\",\"width\":1000,\"height\":342,\"caption\":\"Schl\u00fcssel f\u00fcr Auto\"},\"image\":{\"@id\":\"https:\\\/\\\/keys-for-auto.eu\\\/de\\\/#\\\/schema\\\/logo\\\/image\\\/\"},\"sameAs\":[\"https:\\\/\\\/www.facebook.com\\\/KeysForAutoEU\"]}]}<\/script>\n<!-- \/ Yoast SEO plugin. -->","yoast_head_json":{"title":"-","robots":{"index":"index","follow":"follow","max-snippet":"max-snippet:-1","max-image-preview":"max-image-preview:large","max-video-preview":"max-video-preview:-1"},"canonical":"https:\/\/keys-for-auto.eu\/de\/product\/schlussel-produktion-fur-ssangyong-autos\/","og_locale":"de_DE","og_type":"article","og_title":"-","og_description":"Wir fertigen und programmieren Schl\u00fcssel f\u00fcr SsangYong Fahrzeuge  Herstellung von SsangYong-Schl\u00fcsseln  SsangYong Actyon Schl\u00fcsselproduktion, Programmierung  SsangYong Chairman Schl\u00fcsselherstellung, Programmierung  SsangYong Korando Schl\u00fcsselherstellung, Programmierung  SsangYong Kyron Schl\u00fcsselherstellung, Programmierung  SsangYong Musso Schl\u00fcsselherstellung, Programmierung  SsangYong Rexton Schl\u00fcsselherstellung, Programmierung  SsangYong Stavic Rodus Schl\u00fcsselherstellung, Programmierung  SsangYong Schl\u00fcsselprogrammierung  SsangYong Schl\u00fcssel Reparatur  SsangYong Schl\u00fcsselstellen  Notentriegelung von SsangYong-Fahrzeugen Herstellung von Autoschl\u00fcsseln  Herstellung neuer Autoschl\u00fcssel, Programmierung der Schl\u00fcssel (\"Bindung\" an das Auto)  L\u00f6schen von zuvor verlorenen Schl\u00fcsseln aus dem Fahrzeugspeicher  Herstellung des Z\u00fcndschl\u00fcssels entsprechend dem Schloss  Reparatur von Autoschl\u00fcsseln (Ersatz von Tasten, Schalen, Mechanismen)  Auto-Notentriegelung  Umtausch von Schl\u00fcsseln, Schl\u00fcsseletuis  DPF \/ FAP Software-Abschaltung  Programmatische EGR-Entfernung  Deaktivierung der Wegfahrsperre-Software (immo Off)  Reparatur, Klonen, Programmieren von Motorsteuerger\u00e4ten (ECU)  SRS (Airbag-Steuerger\u00e4t-Programmierung)  Artikel werden innerhalb von 3 Arbeitstagen versandt.*","og_url":"https:\/\/keys-for-auto.eu\/de\/product\/schlussel-produktion-fur-ssangyong-autos\/","og_site_name":"Keys for auto","article_publisher":"https:\/\/www.facebook.com\/KeysForAutoEU","og_image":[{"width":500,"height":476,"url":"https:\/\/i0.wp.com\/keys-for-auto.eu\/wp-content\/uploads\/2022\/12\/SsangYong_logo_symbol_logotype_emblem-removebg-preview.png?fit=500%2C476&ssl=1","type":"image\/png"}],"twitter_card":"summary_large_image","twitter_misc":{"Gesch\u00e4tzte Lesezeit":"2\u00a0Minuten"},"schema":{"@context":"https:\/\/schema.org","@graph":[{"@type":["WebPage","ItemPage"],"@id":"https:\/\/keys-for-auto.eu\/de\/product\/schlussel-produktion-fur-ssangyong-autos\/","url":"https:\/\/keys-for-auto.eu\/de\/product\/schlussel-produktion-fur-ssangyong-autos\/","name":"-","isPartOf":{"@id":"https:\/\/keys-for-auto.eu\/de\/#website"},"primaryImageOfPage":{"@id":"https:\/\/keys-for-auto.eu\/de\/product\/schlussel-produktion-fur-ssangyong-autos\/#primaryimage"},"image":{"@id":"https:\/\/keys-for-auto.eu\/de\/product\/schlussel-produktion-fur-ssangyong-autos\/#primaryimage"},"thumbnailUrl":"https:\/\/keys-for-auto.eu\/wp-content\/uploads\/2022\/12\/SsangYong_logo_symbol_logotype_emblem-removebg-preview.png","datePublished":"2018-05-07T15:50:43+00:00","breadcrumb":{"@id":"https:\/\/keys-for-auto.eu\/de\/product\/schlussel-produktion-fur-ssangyong-autos\/#breadcrumb"},"inLanguage":"de","potentialAction":[{"@type":"ReadAction","target":["https:\/\/keys-for-auto.eu\/de\/product\/schlussel-produktion-fur-ssangyong-autos\/"]}]},{"@type":"ImageObject","inLanguage":"de","@id":"https:\/\/keys-for-auto.eu\/de\/product\/schlussel-produktion-fur-ssangyong-autos\/#primaryimage","url":"https:\/\/keys-for-auto.eu\/wp-content\/uploads\/2022\/12\/SsangYong_logo_symbol_logotype_emblem-removebg-preview.png","contentUrl":"https:\/\/keys-for-auto.eu\/wp-content\/uploads\/2022\/12\/SsangYong_logo_symbol_logotype_emblem-removebg-preview.png","width":500,"height":476},{"@type":"BreadcrumbList","@id":"https:\/\/keys-for-auto.eu\/de\/product\/schlussel-produktion-fur-ssangyong-autos\/#breadcrumb","itemListElement":[{"@type":"ListItem","position":1,"name":"Startseite","item":"https:\/\/keys-for-auto.eu\/de\/"},{"@type":"ListItem","position":2,"name":"Shop","item":"https:\/\/keys-for-auto.eu\/"},{"@type":"ListItem","position":3,"name":"Schl\u00fcsselproduktion f\u00fcr SsangYong-Fahrzeuge"}]},{"@type":"WebSite","@id":"https:\/\/keys-for-auto.eu\/de\/#website","url":"https:\/\/keys-for-auto.eu\/de\/","name":"Keys for auto","description":"Car keys,  key shells, key programming","publisher":{"@id":"https:\/\/keys-for-auto.eu\/de\/#organization"},"potentialAction":[{"@type":"SearchAction","target":{"@type":"EntryPoint","urlTemplate":"https:\/\/keys-for-auto.eu\/de\/?s={search_term_string}"},"query-input":{"@type":"PropertyValueSpecification","valueRequired":true,"valueName":"search_term_string"}}],"inLanguage":"de"},{"@type":"Organization","@id":"https:\/\/keys-for-auto.eu\/de\/#organization","name":"Schl\u00fcssel f\u00fcr Auto","url":"https:\/\/keys-for-auto.eu\/de\/","logo":{"@type":"ImageObject","inLanguage":"de","@id":"https:\/\/keys-for-auto.eu\/de\/#\/schema\/logo\/image\/","url":"https:\/\/keys-for-auto.eu\/wp-content\/uploads\/2022\/11\/cropped-png1.png","contentUrl":"https:\/\/keys-for-auto.eu\/wp-content\/uploads\/2022\/11\/cropped-png1.png","width":1000,"height":342,"caption":"Schl\u00fcssel f\u00fcr Auto"},"image":{"@id":"https:\/\/keys-for-auto.eu\/de\/#\/schema\/logo\/image\/"},"sameAs":["https:\/\/www.facebook.com\/KeysForAutoEU"]}]}},"_links":{"self":[{"href":"https:\/\/keys-for-auto.eu\/de\/wp-json\/wp\/v2\/product\/16297","targetHints":{"allow":["GET"]}}],"collection":[{"href":"https:\/\/keys-for-auto.eu\/de\/wp-json\/wp\/v2\/product"}],"about":[{"href":"https:\/\/keys-for-auto.eu\/de\/wp-json\/wp\/v2\/types\/product"}],"replies":[{"embeddable":true,"href":"https:\/\/keys-for-auto.eu\/de\/wp-json\/wp\/v2\/comments?post=16297"}],"wp:featuredmedia":[{"embeddable":true,"href":"https:\/\/keys-for-auto.eu\/de\/wp-json\/wp\/v2\/media\/14575"}],"wp:attachment":[{"href":"https:\/\/keys-for-auto.eu\/de\/wp-json\/wp\/v2\/media?parent=16297"}],"wp:term":[{"taxonomy":"product_brand","embeddable":true,"href":"https:\/\/keys-for-auto.eu\/de\/wp-json\/wp\/v2\/product_brand?post=16297"},{"taxonomy":"product_cat","embeddable":true,"href":"https:\/\/keys-for-auto.eu\/de\/wp-json\/wp\/v2\/product_cat?post=16297"},{"taxonomy":"product_tag","embeddable":true,"href":"https:\/\/keys-for-auto.eu\/de\/wp-json\/wp\/v2\/product_tag?post=16297"}],"curies":[{"name":"wp","href":"https:\/\/api.w.org\/{rel}","templated":true}]}}