{"id":16294,"date":"2017-12-03T20:55:27","date_gmt":"2017-12-03T20:55:27","guid":{"rendered":"https:\/\/keys-for-auto.eu\/product\/herstellung-von-schluesseln-fuer-seat-fahrzeuge\/"},"modified":"2017-12-03T20:55:27","modified_gmt":"2017-12-03T20:55:27","slug":"herstellung-von-schlusseln-fur-sitzfahrzeuge","status":"publish","type":"product","link":"https:\/\/keys-for-auto.eu\/de\/product\/herstellung-von-schlusseln-fur-sitzfahrzeuge\/","title":{"rendered":"Herstellung von Schl\u00fcsseln f\u00fcr Seat-Fahrzeuge"},"content":{"rendered":"<p>F\u00fcr einen erfahrenen Fachmann ist es nicht schwierig, verlorene oder unbrauchbare Schl\u00fcssel wiederherzustellen. &#8222;Der Typ des Seat-Schl\u00fcssels und das Baujahr des Fahrzeugs sind die Hauptfaktoren, die die Zeit bestimmen, die f\u00fcr die Herstellung eines Duplikats ben\u00f6tigt wird. Dieser Vorgang dauert in der Regel zwischen 10 Minuten und mehreren Stunden. &#8222;Die Herstellung eines Seat Nachschl\u00fcssels erfolgt in drei Schritten: Der Spezialist fertigt das Schl\u00fcsselblatt, die Entriegelungsvorrichtung und die Programmierung der Fernbedienung.<\/p>\n<p>Detaillierte Beschreibung der einzelnen Phasen der Sitzschl\u00fcsselproduktion<\/p>\n<p>Bei der Erstellung des erforderlichen Klingenmusters ist eine Besch\u00e4digung des Werkst\u00fccks v\u00f6llig ausgeschlossen, da der Spezialist bei seiner Arbeit CNC-Maschinen einsetzt. Um eine bestimmte Art von Rillen schnell gravieren zu k\u00f6nnen, werden die f\u00fcr die Speicherung erforderlichen Parameter im Speicher der Maschine abgelegt. Die hohe Pr\u00e4zision der Maschine und die professionelle Einstellung des Handwerkers erm\u00f6glichen es, ein Muster zu erhalten, das genau wie das des in der Fabrik hergestellten Schl\u00fcssels aussieht.<\/p>\n<p>Sobald der mechanische Teil der Arbeit abgeschlossen ist, f\u00fchrt der Meister die elektronischen Arbeiten aus. Er programmiert den Schl\u00fcssel und, falls er Tasten hat, die Fernbedienung. &#8222;Das Baujahr des Seat Fahrzeugs ist ein wichtiger Faktor bei der Bestimmung der wichtigsten Merkmale der elektronischen Ausstattung des Schl\u00fcssels. Das Verfahren kann \u00fcber die Wegfahrsperre oder die Diagnosestecker durchgef\u00fchrt werden. Es ist auch m\u00f6glich, eine Kopie des Schl\u00fcssels zu erstellen.<\/p>\n<h3>Die einzelnen Schritte des Programmierprozesses:<\/h3>\n<p>Der Schl\u00fcssel wird in das Z\u00fcndschloss gesteckt und der Motor wird gestartet &#8211; aber nicht l\u00e4nger als 5 Sekunden.<\/p>\n<p>Der Schl\u00fcssel wird abgezogen und programmiert. Dieser Vorgang darf nicht l\u00e4nger als 20 Sekunden dauern.<\/p>\n<p>Die Entriegelungstaste ist dreimal zu dr\u00fccken, w\u00e4hrend die Schlie\u00dftaste gedr\u00fcckt gehalten wird, die dann sofort losgelassen werden muss. Die Kontrollleuchte auf der Taste muss f\u00fcnfmal blinken. Dies ist ein Zeichen daf\u00fcr, dass der Vorgang korrekt durchgef\u00fchrt wurde und der Schl\u00fcssel ordnungsgem\u00e4\u00df funktioniert.<\/p>\n<p>Der Techniker hat h\u00f6chstens 20 Sekunden Zeit, um den zweiten Schl\u00fcssel zu programmieren: Das Verfahren wird nach dem oben beschriebenen Schema durchgef\u00fchrt. Die ausgef\u00fchrten Arbeiten und der neue Seat-Schl\u00fcssel werden vom Techniker garantiert.<\/p>\n","protected":false},"excerpt":{"rendered":"<h3>Wir fertigen und programmieren Schl\u00fcssel f\u00fcr Seat-Fahrzeuge:<\/h3>\n<ul>\n<li>Herstellung von Sitzschl\u00fcsseln<\/li>\n<li>Programmierung des Sitzschl\u00fcssels<\/li>\n<li>Sitzschl\u00fcssel-Reparatur<\/li>\n<li>Sitzschl\u00fcsselk\u00f6rper<\/li>\n<li>Notentriegelung von Seat Fahrzeugen<\/li>\n<li>Seat Alhambra Schl\u00fcsselherstellung<\/li>\n<li>Seat Altea Schl\u00fcsselfertigung<\/li>\n<li>Sitz Cordor Schl\u00fcssel Produktion<\/li>\n<li>Seat Cordoba Schl\u00fcsselproduktion<\/li>\n<li>Herstellung von Seat Ibiza-Schl\u00fcsseln<\/li>\n<li>Herstellung von Seat Leon-Schl\u00fcsseln<\/li>\n<li>Seat Toledo Schl\u00fcsselproduktion<\/li>\n<\/ul>\n<h3><strong>Herstellung von Autoschl\u00fcsseln<\/strong><\/h3>\n<ul>\n<li><strong>Herstellung neuer Autoschl\u00fcssel, Programmierung der Schl\u00fcssel (&#8222;Bindung&#8220; an das Auto)<\/strong><\/li>\n<li><strong>L\u00f6schen von zuvor verlorenen Schl\u00fcsseln aus dem Fahrzeugspeicher<\/strong><\/li>\n<li><strong>Herstellung des Z\u00fcndschl\u00fcssels entsprechend dem Schloss<\/strong><\/li>\n<li><strong>Reparatur von Autoschl\u00fcsseln (Ersatz von Tasten, Schalen, Mechanismen)<\/strong><\/li>\n<li><strong>Auto-Notentriegelung<\/strong><\/li>\n<li><strong>Umtausch von Schl\u00fcsseln, Schl\u00fcsseletuis<\/strong><\/li>\n<li><strong>DPF \/ FAP Software-Abschaltung<\/strong><\/li>\n<li><strong>Programmatische EGR-Entfernung<\/strong><\/li>\n<li><strong>Deaktivierung der Wegfahrsperre-Software (immo Off)<\/strong><\/li>\n<li><strong>Reparatur, Klonen, Programmieren von Motorsteuerger\u00e4ten (ECU)<\/strong><\/li>\n<li><strong>SRS (Airbag-Steuerger\u00e4t-Programmierung)<\/strong><\/li>\n<\/ul>\n<h4><strong>  Artikel werden innerhalb von 3 Arbeitstagen versandt.*<\/strong><\/h4>\n","protected":false},"featured_media":14520,"comment_status":"open","ping_status":"closed","template":"","meta":[],"product_brand":[],"product_cat":[2619,2317],"product_tag":[2354,2359,2674,2323,2367],"class_list":{"0":"post-16294","1":"product","2":"type-product","3":"status-publish","4":"has-post-thumbnail","6":"product_cat-herstellung-von-schlusseln","7":"product_cat-seat-de","8":"product_tag-seat-ibiza-schlusselgehause","9":"product_tag-seat-leon-schlusselgehause","10":"product_tag-sitz","11":"product_tag-sitzschlussel","12":"product_tag-sitzschlusselschale","14":"first","15":"instock","16":"shipping-taxable","17":"product-type-simple"},"yoast_head":"<!-- This site is optimized with the Yoast SEO plugin v27.6 - https:\/\/yoast.com\/product\/yoast-seo-wordpress\/ -->\n<title>-<\/title>\n<meta name=\"robots\" content=\"index, follow, max-snippet:-1, max-image-preview:large, max-video-preview:-1\" \/>\n<link rel=\"canonical\" href=\"https:\/\/keys-for-auto.eu\/de\/product\/herstellung-von-schlusseln-fur-sitzfahrzeuge\/\" \/>\n<meta property=\"og:locale\" content=\"de_DE\" \/>\n<meta property=\"og:type\" content=\"article\" \/>\n<meta property=\"og:title\" content=\"-\" \/>\n<meta property=\"og:description\" content=\"Wir fertigen und programmieren Schl\u00fcssel f\u00fcr Seat-Fahrzeuge:  Herstellung von Sitzschl\u00fcsseln  Programmierung des Sitzschl\u00fcssels  Sitzschl\u00fcssel-Reparatur  Sitzschl\u00fcsselk\u00f6rper  Notentriegelung von Seat Fahrzeugen  Seat Alhambra Schl\u00fcsselherstellung  Seat Altea Schl\u00fcsselfertigung  Sitz Cordor Schl\u00fcssel Produktion  Seat Cordoba Schl\u00fcsselproduktion  Herstellung von Seat Ibiza-Schl\u00fcsseln  Herstellung von Seat Leon-Schl\u00fcsseln  Seat Toledo Schl\u00fcsselproduktion Herstellung von Autoschl\u00fcsseln  Herstellung neuer Autoschl\u00fcssel, Programmierung der Schl\u00fcssel (&quot;Bindung&quot; an das Auto)  L\u00f6schen von zuvor verlorenen Schl\u00fcsseln aus dem Fahrzeugspeicher  Herstellung des Z\u00fcndschl\u00fcssels entsprechend dem Schloss  Reparatur von Autoschl\u00fcsseln (Ersatz von Tasten, Schalen, Mechanismen)  Auto-Notentriegelung  Umtausch von Schl\u00fcsseln, Schl\u00fcsseletuis  DPF \/ FAP Software-Abschaltung  Programmatische EGR-Entfernung  Deaktivierung der Wegfahrsperre-Software (immo Off)  Reparatur, Klonen, Programmieren von Motorsteuerger\u00e4ten (ECU)  SRS (Airbag-Steuerger\u00e4t-Programmierung)  Artikel werden innerhalb von 3 Arbeitstagen versandt.*\" \/>\n<meta property=\"og:url\" content=\"https:\/\/keys-for-auto.eu\/de\/product\/herstellung-von-schlusseln-fur-sitzfahrzeuge\/\" \/>\n<meta property=\"og:site_name\" content=\"Keys for auto\" \/>\n<meta property=\"article:publisher\" content=\"https:\/\/www.facebook.com\/KeysForAutoEU\" \/>\n<meta property=\"og:image\" content=\"https:\/\/i0.wp.com\/keys-for-auto.eu\/wp-content\/uploads\/2022\/12\/admin-ajax__3_-removebg-preview.png?fit=400%2C363&ssl=1\" \/>\n\t<meta property=\"og:image:width\" content=\"400\" \/>\n\t<meta property=\"og:image:height\" content=\"363\" \/>\n\t<meta property=\"og:image:type\" content=\"image\/png\" \/>\n<meta name=\"twitter:card\" content=\"summary_large_image\" \/>\n<meta name=\"twitter:label1\" content=\"Gesch\u00e4tzte Lesezeit\" \/>\n\t<meta name=\"twitter:data1\" content=\"2\u00a0Minuten\" \/>\n<script type=\"application\/ld+json\" class=\"yoast-schema-graph\">{\"@context\":\"https:\\\/\\\/schema.org\",\"@graph\":[{\"@type\":[\"WebPage\",\"ItemPage\"],\"@id\":\"https:\\\/\\\/keys-for-auto.eu\\\/de\\\/product\\\/herstellung-von-schlusseln-fur-sitzfahrzeuge\\\/\",\"url\":\"https:\\\/\\\/keys-for-auto.eu\\\/de\\\/product\\\/herstellung-von-schlusseln-fur-sitzfahrzeuge\\\/\",\"name\":\"-\",\"isPartOf\":{\"@id\":\"https:\\\/\\\/keys-for-auto.eu\\\/de\\\/#website\"},\"primaryImageOfPage\":{\"@id\":\"https:\\\/\\\/keys-for-auto.eu\\\/de\\\/product\\\/herstellung-von-schlusseln-fur-sitzfahrzeuge\\\/#primaryimage\"},\"image\":{\"@id\":\"https:\\\/\\\/keys-for-auto.eu\\\/de\\\/product\\\/herstellung-von-schlusseln-fur-sitzfahrzeuge\\\/#primaryimage\"},\"thumbnailUrl\":\"https:\\\/\\\/keys-for-auto.eu\\\/wp-content\\\/uploads\\\/2022\\\/12\\\/admin-ajax__3_-removebg-preview.png\",\"datePublished\":\"2017-12-03T20:55:27+00:00\",\"breadcrumb\":{\"@id\":\"https:\\\/\\\/keys-for-auto.eu\\\/de\\\/product\\\/herstellung-von-schlusseln-fur-sitzfahrzeuge\\\/#breadcrumb\"},\"inLanguage\":\"de\",\"potentialAction\":[{\"@type\":\"ReadAction\",\"target\":[\"https:\\\/\\\/keys-for-auto.eu\\\/de\\\/product\\\/herstellung-von-schlusseln-fur-sitzfahrzeuge\\\/\"]}]},{\"@type\":\"ImageObject\",\"inLanguage\":\"de\",\"@id\":\"https:\\\/\\\/keys-for-auto.eu\\\/de\\\/product\\\/herstellung-von-schlusseln-fur-sitzfahrzeuge\\\/#primaryimage\",\"url\":\"https:\\\/\\\/keys-for-auto.eu\\\/wp-content\\\/uploads\\\/2022\\\/12\\\/admin-ajax__3_-removebg-preview.png\",\"contentUrl\":\"https:\\\/\\\/keys-for-auto.eu\\\/wp-content\\\/uploads\\\/2022\\\/12\\\/admin-ajax__3_-removebg-preview.png\",\"width\":400,\"height\":363},{\"@type\":\"BreadcrumbList\",\"@id\":\"https:\\\/\\\/keys-for-auto.eu\\\/de\\\/product\\\/herstellung-von-schlusseln-fur-sitzfahrzeuge\\\/#breadcrumb\",\"itemListElement\":[{\"@type\":\"ListItem\",\"position\":1,\"name\":\"Startseite\",\"item\":\"https:\\\/\\\/keys-for-auto.eu\\\/de\\\/\"},{\"@type\":\"ListItem\",\"position\":2,\"name\":\"Shop\",\"item\":\"https:\\\/\\\/keys-for-auto.eu\\\/\"},{\"@type\":\"ListItem\",\"position\":3,\"name\":\"Herstellung von Schl\u00fcsseln f\u00fcr Seat-Fahrzeuge\"}]},{\"@type\":\"WebSite\",\"@id\":\"https:\\\/\\\/keys-for-auto.eu\\\/de\\\/#website\",\"url\":\"https:\\\/\\\/keys-for-auto.eu\\\/de\\\/\",\"name\":\"Keys for auto\",\"description\":\"Car keys,  key shells, key programming\",\"publisher\":{\"@id\":\"https:\\\/\\\/keys-for-auto.eu\\\/de\\\/#organization\"},\"potentialAction\":[{\"@type\":\"SearchAction\",\"target\":{\"@type\":\"EntryPoint\",\"urlTemplate\":\"https:\\\/\\\/keys-for-auto.eu\\\/de\\\/?s={search_term_string}\"},\"query-input\":{\"@type\":\"PropertyValueSpecification\",\"valueRequired\":true,\"valueName\":\"search_term_string\"}}],\"inLanguage\":\"de\"},{\"@type\":\"Organization\",\"@id\":\"https:\\\/\\\/keys-for-auto.eu\\\/de\\\/#organization\",\"name\":\"Schl\u00fcssel f\u00fcr Auto\",\"url\":\"https:\\\/\\\/keys-for-auto.eu\\\/de\\\/\",\"logo\":{\"@type\":\"ImageObject\",\"inLanguage\":\"de\",\"@id\":\"https:\\\/\\\/keys-for-auto.eu\\\/de\\\/#\\\/schema\\\/logo\\\/image\\\/\",\"url\":\"https:\\\/\\\/keys-for-auto.eu\\\/wp-content\\\/uploads\\\/2022\\\/11\\\/cropped-png1.png\",\"contentUrl\":\"https:\\\/\\\/keys-for-auto.eu\\\/wp-content\\\/uploads\\\/2022\\\/11\\\/cropped-png1.png\",\"width\":1000,\"height\":342,\"caption\":\"Schl\u00fcssel f\u00fcr Auto\"},\"image\":{\"@id\":\"https:\\\/\\\/keys-for-auto.eu\\\/de\\\/#\\\/schema\\\/logo\\\/image\\\/\"},\"sameAs\":[\"https:\\\/\\\/www.facebook.com\\\/KeysForAutoEU\"]}]}<\/script>\n<!-- \/ Yoast SEO plugin. -->","yoast_head_json":{"title":"-","robots":{"index":"index","follow":"follow","max-snippet":"max-snippet:-1","max-image-preview":"max-image-preview:large","max-video-preview":"max-video-preview:-1"},"canonical":"https:\/\/keys-for-auto.eu\/de\/product\/herstellung-von-schlusseln-fur-sitzfahrzeuge\/","og_locale":"de_DE","og_type":"article","og_title":"-","og_description":"Wir fertigen und programmieren Schl\u00fcssel f\u00fcr Seat-Fahrzeuge:  Herstellung von Sitzschl\u00fcsseln  Programmierung des Sitzschl\u00fcssels  Sitzschl\u00fcssel-Reparatur  Sitzschl\u00fcsselk\u00f6rper  Notentriegelung von Seat Fahrzeugen  Seat Alhambra Schl\u00fcsselherstellung  Seat Altea Schl\u00fcsselfertigung  Sitz Cordor Schl\u00fcssel Produktion  Seat Cordoba Schl\u00fcsselproduktion  Herstellung von Seat Ibiza-Schl\u00fcsseln  Herstellung von Seat Leon-Schl\u00fcsseln  Seat Toledo Schl\u00fcsselproduktion Herstellung von Autoschl\u00fcsseln  Herstellung neuer Autoschl\u00fcssel, Programmierung der Schl\u00fcssel (\"Bindung\" an das Auto)  L\u00f6schen von zuvor verlorenen Schl\u00fcsseln aus dem Fahrzeugspeicher  Herstellung des Z\u00fcndschl\u00fcssels entsprechend dem Schloss  Reparatur von Autoschl\u00fcsseln (Ersatz von Tasten, Schalen, Mechanismen)  Auto-Notentriegelung  Umtausch von Schl\u00fcsseln, Schl\u00fcsseletuis  DPF \/ FAP Software-Abschaltung  Programmatische EGR-Entfernung  Deaktivierung der Wegfahrsperre-Software (immo Off)  Reparatur, Klonen, Programmieren von Motorsteuerger\u00e4ten (ECU)  SRS (Airbag-Steuerger\u00e4t-Programmierung)  Artikel werden innerhalb von 3 Arbeitstagen versandt.*","og_url":"https:\/\/keys-for-auto.eu\/de\/product\/herstellung-von-schlusseln-fur-sitzfahrzeuge\/","og_site_name":"Keys for auto","article_publisher":"https:\/\/www.facebook.com\/KeysForAutoEU","og_image":[{"width":400,"height":363,"url":"https:\/\/i0.wp.com\/keys-for-auto.eu\/wp-content\/uploads\/2022\/12\/admin-ajax__3_-removebg-preview.png?fit=400%2C363&ssl=1","type":"image\/png"}],"twitter_card":"summary_large_image","twitter_misc":{"Gesch\u00e4tzte Lesezeit":"2\u00a0Minuten"},"schema":{"@context":"https:\/\/schema.org","@graph":[{"@type":["WebPage","ItemPage"],"@id":"https:\/\/keys-for-auto.eu\/de\/product\/herstellung-von-schlusseln-fur-sitzfahrzeuge\/","url":"https:\/\/keys-for-auto.eu\/de\/product\/herstellung-von-schlusseln-fur-sitzfahrzeuge\/","name":"-","isPartOf":{"@id":"https:\/\/keys-for-auto.eu\/de\/#website"},"primaryImageOfPage":{"@id":"https:\/\/keys-for-auto.eu\/de\/product\/herstellung-von-schlusseln-fur-sitzfahrzeuge\/#primaryimage"},"image":{"@id":"https:\/\/keys-for-auto.eu\/de\/product\/herstellung-von-schlusseln-fur-sitzfahrzeuge\/#primaryimage"},"thumbnailUrl":"https:\/\/keys-for-auto.eu\/wp-content\/uploads\/2022\/12\/admin-ajax__3_-removebg-preview.png","datePublished":"2017-12-03T20:55:27+00:00","breadcrumb":{"@id":"https:\/\/keys-for-auto.eu\/de\/product\/herstellung-von-schlusseln-fur-sitzfahrzeuge\/#breadcrumb"},"inLanguage":"de","potentialAction":[{"@type":"ReadAction","target":["https:\/\/keys-for-auto.eu\/de\/product\/herstellung-von-schlusseln-fur-sitzfahrzeuge\/"]}]},{"@type":"ImageObject","inLanguage":"de","@id":"https:\/\/keys-for-auto.eu\/de\/product\/herstellung-von-schlusseln-fur-sitzfahrzeuge\/#primaryimage","url":"https:\/\/keys-for-auto.eu\/wp-content\/uploads\/2022\/12\/admin-ajax__3_-removebg-preview.png","contentUrl":"https:\/\/keys-for-auto.eu\/wp-content\/uploads\/2022\/12\/admin-ajax__3_-removebg-preview.png","width":400,"height":363},{"@type":"BreadcrumbList","@id":"https:\/\/keys-for-auto.eu\/de\/product\/herstellung-von-schlusseln-fur-sitzfahrzeuge\/#breadcrumb","itemListElement":[{"@type":"ListItem","position":1,"name":"Startseite","item":"https:\/\/keys-for-auto.eu\/de\/"},{"@type":"ListItem","position":2,"name":"Shop","item":"https:\/\/keys-for-auto.eu\/"},{"@type":"ListItem","position":3,"name":"Herstellung von Schl\u00fcsseln f\u00fcr Seat-Fahrzeuge"}]},{"@type":"WebSite","@id":"https:\/\/keys-for-auto.eu\/de\/#website","url":"https:\/\/keys-for-auto.eu\/de\/","name":"Keys for auto","description":"Car keys,  key shells, key programming","publisher":{"@id":"https:\/\/keys-for-auto.eu\/de\/#organization"},"potentialAction":[{"@type":"SearchAction","target":{"@type":"EntryPoint","urlTemplate":"https:\/\/keys-for-auto.eu\/de\/?s={search_term_string}"},"query-input":{"@type":"PropertyValueSpecification","valueRequired":true,"valueName":"search_term_string"}}],"inLanguage":"de"},{"@type":"Organization","@id":"https:\/\/keys-for-auto.eu\/de\/#organization","name":"Schl\u00fcssel f\u00fcr Auto","url":"https:\/\/keys-for-auto.eu\/de\/","logo":{"@type":"ImageObject","inLanguage":"de","@id":"https:\/\/keys-for-auto.eu\/de\/#\/schema\/logo\/image\/","url":"https:\/\/keys-for-auto.eu\/wp-content\/uploads\/2022\/11\/cropped-png1.png","contentUrl":"https:\/\/keys-for-auto.eu\/wp-content\/uploads\/2022\/11\/cropped-png1.png","width":1000,"height":342,"caption":"Schl\u00fcssel f\u00fcr Auto"},"image":{"@id":"https:\/\/keys-for-auto.eu\/de\/#\/schema\/logo\/image\/"},"sameAs":["https:\/\/www.facebook.com\/KeysForAutoEU"]}]}},"_links":{"self":[{"href":"https:\/\/keys-for-auto.eu\/de\/wp-json\/wp\/v2\/product\/16294","targetHints":{"allow":["GET"]}}],"collection":[{"href":"https:\/\/keys-for-auto.eu\/de\/wp-json\/wp\/v2\/product"}],"about":[{"href":"https:\/\/keys-for-auto.eu\/de\/wp-json\/wp\/v2\/types\/product"}],"replies":[{"embeddable":true,"href":"https:\/\/keys-for-auto.eu\/de\/wp-json\/wp\/v2\/comments?post=16294"}],"wp:featuredmedia":[{"embeddable":true,"href":"https:\/\/keys-for-auto.eu\/de\/wp-json\/wp\/v2\/media\/14520"}],"wp:attachment":[{"href":"https:\/\/keys-for-auto.eu\/de\/wp-json\/wp\/v2\/media?parent=16294"}],"wp:term":[{"taxonomy":"product_brand","embeddable":true,"href":"https:\/\/keys-for-auto.eu\/de\/wp-json\/wp\/v2\/product_brand?post=16294"},{"taxonomy":"product_cat","embeddable":true,"href":"https:\/\/keys-for-auto.eu\/de\/wp-json\/wp\/v2\/product_cat?post=16294"},{"taxonomy":"product_tag","embeddable":true,"href":"https:\/\/keys-for-auto.eu\/de\/wp-json\/wp\/v2\/product_tag?post=16294"}],"curies":[{"name":"wp","href":"https:\/\/api.w.org\/{rel}","templated":true}]}}