{"id":16280,"date":"2017-04-19T14:34:33","date_gmt":"2017-04-19T14:34:33","guid":{"rendered":"https:\/\/keys-for-auto.eu\/product\/schluesselproduktion-fuer-mercedes-fahrzeuge\/"},"modified":"2017-04-19T14:34:33","modified_gmt":"2017-04-19T14:34:33","slug":"schlussel-produktion-fur-mercedes-pkw","status":"publish","type":"product","link":"https:\/\/keys-for-auto.eu\/de\/product\/schlussel-produktion-fur-mercedes-pkw\/","title":{"rendered":"Schl\u00fcsselproduktion f\u00fcr Mercedes-Fahrzeuge"},"content":{"rendered":"<p>&nbsp;<\/p>\n<p>&nbsp;<\/p>\n","protected":false},"excerpt":{"rendered":"<h3><strong>Herstellung von Autoschl\u00fcsseln<\/strong><\/h3>\n<ul>\n<li><strong>Herstellung neuer Autoschl\u00fcssel, Programmierung der Schl\u00fcssel (&#8222;Bindung&#8220; an das Auto)<\/strong><\/li>\n<li><strong>L\u00f6schen von zuvor verlorenen Schl\u00fcsseln aus dem Fahrzeugspeicher<\/strong><\/li>\n<li><strong>Herstellung des Z\u00fcndschl\u00fcssels entsprechend dem Schloss<\/strong><\/li>\n<li><strong>Reparatur von Autoschl\u00fcsseln (Ersatz von Tasten, Schalen, Mechanismen)<\/strong><\/li>\n<li><strong>Auto-Notentriegelung<\/strong><\/li>\n<li><strong>Umtausch von Schl\u00fcsseln, Schl\u00fcsseletuis<\/strong><\/li>\n<li><strong>DPF \/ FAP Software-Abschaltung<\/strong><\/li>\n<li><strong>Programmatische EGR-Entfernung<\/strong><\/li>\n<li><strong>Deaktivierung der Wegfahrsperre-Software (immo Off)<\/strong><\/li>\n<li><strong>Reparatur, Klonen, Programmieren von Motorsteuerger\u00e4ten (ECU)<\/strong><\/li>\n<li><strong>SRS (Airbag-Steuerger\u00e4t-Programmierung)<\/strong><\/li>\n<\/ul>\n<h4><strong>  Artikel werden innerhalb von 3 Arbeitstagen versandt.*<\/strong><\/h4>\n<h2>Herstellung von Mercedes-Schl\u00fcsseln<\/h2>\n<p>Herstellung von Mercedes-Schl\u00fcsseln. Einige Verkehrstr\u00e4ger unterscheiden sich erheblich von anderen. Mersedes Benz-Schl\u00fcssel zum Beispiel haben auch ihre eigenen Merkmale. Bei Fahrzeugen mit mechanischen Z\u00fcndschl\u00f6ssern kann man mit Sicherheit sagen, dass es nicht m\u00f6glich ist, zus\u00e4tzliche Kopien des Schl\u00fcssels anzufertigen.<\/p>\n<h2>N\u00fctzliche Informationen<\/h2>\n<p>Mit einem Nachschl\u00fcssel k\u00f6nnen Sie den Motor nicht starten, oder besser gesagt, Sie k\u00f6nnen dies nur einmal tun und der Schl\u00fcssel, der zuvor zum Starten des Fahrzeugs verwendet wurde, funktioniert nicht mehr. Diese Produkte arbeiten mit einem variablen Codesystem. Der Code auf dem Schl\u00fcsselchip \u00e4ndert sich nach einem speziellen Algorithmus, wenn der Motor wieder gestartet wird. Der Motor wird in dem Moment gestartet, in dem die Informationen im Fahrzeug und im Schl\u00fcssel \u00fcbereinstimmen.<\/p>\n<p>Mercedes-Lkw (z. B. Actros) bilden eine Ausnahme. F\u00fcr Personenkraftwagen wird eine andere Schl\u00fcsselkategorie verwendet &#8211; der &#8222;Fischschl\u00fcssel&#8220;. Die Form dieses intelligenten Produkts \u00e4hnelt tats\u00e4chlich einem Wassertier. Sie wird nicht mechanisch, sondern elektronisch betrieben. W\u00e4hrend der Benutzung sind die Kontakte verbunden und das Schloss selbst wird von der Spule erfasst. Um den Schl\u00fcssel, der die Stromquelle darstellt, wird ein induktives Feld erzeugt. Eine in die Antenne eingebaute Platine erleichtert diesen Prozess.<\/p>\n<p>Es ist klar, dass die elektronischen Schl\u00fcssel von Mercedes ohne Stromversorgung funktionieren. Wenn einer von ihnen das Schloss betritt und es &#8222;versteht&#8220;, &#8222;pr\u00e4sentiert&#8220; er sich dem Schloss \u00fcber einen Infrarotkanal. Dieser vergleicht die Daten im Speicher mit den Informationen des Schl\u00fcssels und \u00fcbertr\u00e4gt die Informationen an die elektrische Verriegelung der Lenkwelle. Letztere vergleicht die erhaltenen Daten auch mit den bereits vorhandenen Daten. Wenn das Ergebnis positiv ist, wird die Sperre gedr\u00fcckt und das Lenkrad wird freigegeben. Wenn alles reibungslos funktioniert hat, wird das Schloss gel\u00f6st und der Schl\u00fcssel gedreht. Der Schl\u00fcssel kann nun frei gedreht werden. Das war&#8217;s, der Motor l\u00e4uft.<\/p>\n<p>Einige Mercedes-Modelle sind auch mit Transceivern erh\u00e4ltlich. Im Vergleich zur Herstellung der oben genannten Produkte ist der Zeitaufwand f\u00fcr Spezialisten geringer. Gegebenenfalls wird Ihnen auch ein Faltschl\u00fcssel angefertigt.<\/p>\n<p>&nbsp;<\/p>\n<p>&nbsp;<\/p>\n<p>&nbsp;<\/p>\n","protected":false},"featured_media":14405,"comment_status":"open","ping_status":"closed","template":"","meta":[],"product_brand":[],"product_cat":[2619,2219],"product_tag":[2670,2672,2290,2230,2247,2651,2251,2260,2256,2611,2289,2263,2270,2656,2613,2221,2661,2277,2665,2274,2235,2298,2668,2669,2671],"class_list":{"0":"post-16280","1":"product","2":"type-product","3":"status-publish","4":"has-post-thumbnail","6":"product_cat-herstellung-von-schlusseln","7":"product_cat-mercedes-benz-de","8":"product_tag-herstellung-von-mercedes-schlusseln","9":"product_tag-herstellung-von-schlusseln","10":"product_tag-mercedes-benz-a-schlusselgehause","11":"product_tag-mercedes-benz-b-schlusselgehause","12":"product_tag-mercedes-benz-c-schlusselgehause","13":"product_tag-mercedes-benz-clk-schlussel","14":"product_tag-mercedes-benz-clk-schlusselgehause","15":"product_tag-mercedes-benz-cls-schlusselgehause","16":"product_tag-mercedes-benz-e-schlusselgehause","17":"product_tag-mercedes-benz-fortwo-schlussel","18":"product_tag-mercedes-benz-m-schlusselgehause","19":"product_tag-mercedes-benz-ml-schlusselgehause","20":"product_tag-mercedes-benz-s-schlusselgehause","21":"product_tag-mercedes-benz-s-schlussel","22":"product_tag-mercedes-benz-schlussel","23":"product_tag-mercedes-benz-schlusselgehause","24":"product_tag-mercedes-benz-sl-schlussel","25":"product_tag-mercedes-benz-sl-schlusselgehause","26":"product_tag-mercedes-benz-slk-schlussel","27":"product_tag-mercedes-benz-slk-schlusselgehause","28":"product_tag-mercedes-benz-smart-fortwo-de","29":"product_tag-mercedes-benz-vito-schlusselgehause","30":"product_tag-mercedes-e-benz-schlussel","31":"product_tag-mercedes-ml-benz-schlussel","32":"product_tag-mercedes-schlussel-programmierung","34":"first","35":"instock","36":"shipping-taxable","37":"product-type-simple"},"yoast_head":"<!-- This site is optimized with the Yoast SEO plugin v27.3 - https:\/\/yoast.com\/product\/yoast-seo-wordpress\/ -->\n<title>-<\/title>\n<meta name=\"robots\" content=\"index, follow, max-snippet:-1, max-image-preview:large, max-video-preview:-1\" \/>\n<link rel=\"canonical\" href=\"https:\/\/keys-for-auto.eu\/de\/product\/schlussel-produktion-fur-mercedes-pkw\/\" \/>\n<meta property=\"og:locale\" content=\"de_DE\" \/>\n<meta property=\"og:type\" content=\"article\" \/>\n<meta property=\"og:title\" content=\"-\" \/>\n<meta property=\"og:description\" content=\"Herstellung von Autoschl\u00fcsseln  Herstellung neuer Autoschl\u00fcssel, Programmierung der Schl\u00fcssel (&quot;Bindung&quot; an das Auto)  L\u00f6schen von zuvor verlorenen Schl\u00fcsseln aus dem Fahrzeugspeicher  Herstellung des Z\u00fcndschl\u00fcssels entsprechend dem Schloss  Reparatur von Autoschl\u00fcsseln (Ersatz von Tasten, Schalen, Mechanismen)  Auto-Notentriegelung  Umtausch von Schl\u00fcsseln, Schl\u00fcsseletuis  DPF \/ FAP Software-Abschaltung  Programmatische EGR-Entfernung  Deaktivierung der Wegfahrsperre-Software (immo Off)  Reparatur, Klonen, Programmieren von Motorsteuerger\u00e4ten (ECU)  SRS (Airbag-Steuerger\u00e4t-Programmierung)  Artikel werden innerhalb von 3 Arbeitstagen versandt.* Herstellung von Mercedes-Schl\u00fcsseln Herstellung von Mercedes-Schl\u00fcsseln. Einige Verkehrstr\u00e4ger unterscheiden sich erheblich von anderen. Mersedes Benz-Schl\u00fcssel zum Beispiel haben auch ihre eigenen Merkmale. Bei Fahrzeugen mit mechanischen Z\u00fcndschl\u00f6ssern kann man mit Sicherheit sagen, dass es nicht m\u00f6glich ist, zus\u00e4tzliche Kopien des Schl\u00fcssels anzufertigen. N\u00fctzliche Informationen Mit einem Nachschl\u00fcssel k\u00f6nnen Sie den Motor nicht starten, oder besser gesagt, Sie k\u00f6nnen dies nur einmal tun und der Schl\u00fcssel, der zuvor zum Starten des Fahrzeugs verwendet wurde, funktioniert nicht mehr. Diese Produkte arbeiten mit einem variablen Codesystem. Der Code auf dem Schl\u00fcsselchip \u00e4ndert sich nach einem speziellen Algorithmus, wenn der Motor wieder gestartet wird. Der Motor wird in dem Moment gestartet, in dem die Informationen im Fahrzeug und im Schl\u00fcssel \u00fcbereinstimmen. Mercedes-Lkw (z. B. Actros) bilden eine Ausnahme. F\u00fcr Personenkraftwagen wird eine andere Schl\u00fcsselkategorie verwendet - der &quot;Fischschl\u00fcssel&quot;. Die Form dieses intelligenten Produkts \u00e4hnelt tats\u00e4chlich einem Wassertier. Sie wird nicht mechanisch, sondern elektronisch betrieben. W\u00e4hrend der Benutzung sind die Kontakte verbunden und das Schloss selbst wird von der Spule erfasst. Um den Schl\u00fcssel, der die Stromquelle darstellt, wird ein induktives Feld erzeugt. Eine in die Antenne eingebaute Platine erleichtert diesen Prozess. Es ist klar, dass die elektronischen Schl\u00fcssel von Mercedes ohne Stromversorgung funktionieren. Wenn einer von ihnen das Schloss betritt und es &quot;versteht&quot;, &quot;pr\u00e4sentiert&quot; er sich dem Schloss \u00fcber einen Infrarotkanal. Dieser vergleicht die Daten im Speicher mit den Informationen des Schl\u00fcssels und \u00fcbertr\u00e4gt die Informationen an die elektrische Verriegelung der Lenkwelle. Letztere vergleicht die erhaltenen Daten auch mit den bereits vorhandenen Daten. Wenn das Ergebnis positiv ist, wird die Sperre gedr\u00fcckt und das Lenkrad wird freigegeben. Wenn alles reibungslos funktioniert hat, wird das Schloss gel\u00f6st und der Schl\u00fcssel gedreht. Der Schl\u00fcssel kann nun frei gedreht werden. Das war&#039;s, der Motor l\u00e4uft. Einige Mercedes-Modelle sind auch mit Transceivern erh\u00e4ltlich. Im Vergleich zur Herstellung der oben genannten Produkte ist der Zeitaufwand f\u00fcr Spezialisten geringer. Gegebenenfalls wird Ihnen auch ein Faltschl\u00fcssel angefertigt. &nbsp; &nbsp; &nbsp;\" \/>\n<meta property=\"og:url\" content=\"https:\/\/keys-for-auto.eu\/de\/product\/schlussel-produktion-fur-mercedes-pkw\/\" \/>\n<meta property=\"og:site_name\" content=\"Keys for auto\" \/>\n<meta property=\"article:publisher\" content=\"https:\/\/www.facebook.com\/KeysForAutoEU\" \/>\n<meta property=\"og:image\" content=\"https:\/\/keys-for-auto.eu\/wp-content\/uploads\/2022\/12\/admin-ajax__1_-removebg-preview-1-1.png\" \/>\n\t<meta property=\"og:image:width\" content=\"521\" \/>\n\t<meta property=\"og:image:height\" content=\"446\" \/>\n\t<meta property=\"og:image:type\" content=\"image\/png\" \/>\n<meta name=\"twitter:card\" content=\"summary_large_image\" \/>\n<script type=\"application\/ld+json\" class=\"yoast-schema-graph\">{\"@context\":\"https:\\\/\\\/schema.org\",\"@graph\":[{\"@type\":[\"WebPage\",\"ItemPage\"],\"@id\":\"https:\\\/\\\/keys-for-auto.eu\\\/de\\\/product\\\/schlussel-produktion-fur-mercedes-pkw\\\/\",\"url\":\"https:\\\/\\\/keys-for-auto.eu\\\/de\\\/product\\\/schlussel-produktion-fur-mercedes-pkw\\\/\",\"name\":\"-\",\"isPartOf\":{\"@id\":\"https:\\\/\\\/keys-for-auto.eu\\\/de\\\/#website\"},\"primaryImageOfPage\":{\"@id\":\"https:\\\/\\\/keys-for-auto.eu\\\/de\\\/product\\\/schlussel-produktion-fur-mercedes-pkw\\\/#primaryimage\"},\"image\":{\"@id\":\"https:\\\/\\\/keys-for-auto.eu\\\/de\\\/product\\\/schlussel-produktion-fur-mercedes-pkw\\\/#primaryimage\"},\"thumbnailUrl\":\"https:\\\/\\\/keys-for-auto.eu\\\/wp-content\\\/uploads\\\/2022\\\/12\\\/admin-ajax__1_-removebg-preview-1-1.png\",\"datePublished\":\"2017-04-19T14:34:33+00:00\",\"breadcrumb\":{\"@id\":\"https:\\\/\\\/keys-for-auto.eu\\\/de\\\/product\\\/schlussel-produktion-fur-mercedes-pkw\\\/#breadcrumb\"},\"inLanguage\":\"de\",\"potentialAction\":[{\"@type\":\"ReadAction\",\"target\":[\"https:\\\/\\\/keys-for-auto.eu\\\/de\\\/product\\\/schlussel-produktion-fur-mercedes-pkw\\\/\"]}]},{\"@type\":\"ImageObject\",\"inLanguage\":\"de\",\"@id\":\"https:\\\/\\\/keys-for-auto.eu\\\/de\\\/product\\\/schlussel-produktion-fur-mercedes-pkw\\\/#primaryimage\",\"url\":\"https:\\\/\\\/keys-for-auto.eu\\\/wp-content\\\/uploads\\\/2022\\\/12\\\/admin-ajax__1_-removebg-preview-1-1.png\",\"contentUrl\":\"https:\\\/\\\/keys-for-auto.eu\\\/wp-content\\\/uploads\\\/2022\\\/12\\\/admin-ajax__1_-removebg-preview-1-1.png\",\"width\":521,\"height\":446},{\"@type\":\"BreadcrumbList\",\"@id\":\"https:\\\/\\\/keys-for-auto.eu\\\/de\\\/product\\\/schlussel-produktion-fur-mercedes-pkw\\\/#breadcrumb\",\"itemListElement\":[{\"@type\":\"ListItem\",\"position\":1,\"name\":\"Startseite\",\"item\":\"https:\\\/\\\/keys-for-auto.eu\\\/de\\\/\"},{\"@type\":\"ListItem\",\"position\":2,\"name\":\"Shop\",\"item\":\"https:\\\/\\\/keys-for-auto.eu\\\/\"},{\"@type\":\"ListItem\",\"position\":3,\"name\":\"Schl\u00fcsselproduktion f\u00fcr Mercedes-Fahrzeuge\"}]},{\"@type\":\"WebSite\",\"@id\":\"https:\\\/\\\/keys-for-auto.eu\\\/de\\\/#website\",\"url\":\"https:\\\/\\\/keys-for-auto.eu\\\/de\\\/\",\"name\":\"Keys for auto\",\"description\":\"Car keys,  key shells, key programming\",\"publisher\":{\"@id\":\"https:\\\/\\\/keys-for-auto.eu\\\/de\\\/#organization\"},\"potentialAction\":[{\"@type\":\"SearchAction\",\"target\":{\"@type\":\"EntryPoint\",\"urlTemplate\":\"https:\\\/\\\/keys-for-auto.eu\\\/de\\\/?s={search_term_string}\"},\"query-input\":{\"@type\":\"PropertyValueSpecification\",\"valueRequired\":true,\"valueName\":\"search_term_string\"}}],\"inLanguage\":\"de\"},{\"@type\":\"Organization\",\"@id\":\"https:\\\/\\\/keys-for-auto.eu\\\/de\\\/#organization\",\"name\":\"Schl\u00fcssel f\u00fcr Auto\",\"url\":\"https:\\\/\\\/keys-for-auto.eu\\\/de\\\/\",\"logo\":{\"@type\":\"ImageObject\",\"inLanguage\":\"de\",\"@id\":\"https:\\\/\\\/keys-for-auto.eu\\\/de\\\/#\\\/schema\\\/logo\\\/image\\\/\",\"url\":\"https:\\\/\\\/keys-for-auto.eu\\\/wp-content\\\/uploads\\\/2022\\\/11\\\/cropped-png1.png\",\"contentUrl\":\"https:\\\/\\\/keys-for-auto.eu\\\/wp-content\\\/uploads\\\/2022\\\/11\\\/cropped-png1.png\",\"width\":1000,\"height\":342,\"caption\":\"Schl\u00fcssel f\u00fcr Auto\"},\"image\":{\"@id\":\"https:\\\/\\\/keys-for-auto.eu\\\/de\\\/#\\\/schema\\\/logo\\\/image\\\/\"},\"sameAs\":[\"https:\\\/\\\/www.facebook.com\\\/KeysForAutoEU\"]}]}<\/script>\n<!-- \/ Yoast SEO plugin. -->","yoast_head_json":{"title":"-","robots":{"index":"index","follow":"follow","max-snippet":"max-snippet:-1","max-image-preview":"max-image-preview:large","max-video-preview":"max-video-preview:-1"},"canonical":"https:\/\/keys-for-auto.eu\/de\/product\/schlussel-produktion-fur-mercedes-pkw\/","og_locale":"de_DE","og_type":"article","og_title":"-","og_description":"Herstellung von Autoschl\u00fcsseln  Herstellung neuer Autoschl\u00fcssel, Programmierung der Schl\u00fcssel (\"Bindung\" an das Auto)  L\u00f6schen von zuvor verlorenen Schl\u00fcsseln aus dem Fahrzeugspeicher  Herstellung des Z\u00fcndschl\u00fcssels entsprechend dem Schloss  Reparatur von Autoschl\u00fcsseln (Ersatz von Tasten, Schalen, Mechanismen)  Auto-Notentriegelung  Umtausch von Schl\u00fcsseln, Schl\u00fcsseletuis  DPF \/ FAP Software-Abschaltung  Programmatische EGR-Entfernung  Deaktivierung der Wegfahrsperre-Software (immo Off)  Reparatur, Klonen, Programmieren von Motorsteuerger\u00e4ten (ECU)  SRS (Airbag-Steuerger\u00e4t-Programmierung)  Artikel werden innerhalb von 3 Arbeitstagen versandt.* Herstellung von Mercedes-Schl\u00fcsseln Herstellung von Mercedes-Schl\u00fcsseln. Einige Verkehrstr\u00e4ger unterscheiden sich erheblich von anderen. Mersedes Benz-Schl\u00fcssel zum Beispiel haben auch ihre eigenen Merkmale. Bei Fahrzeugen mit mechanischen Z\u00fcndschl\u00f6ssern kann man mit Sicherheit sagen, dass es nicht m\u00f6glich ist, zus\u00e4tzliche Kopien des Schl\u00fcssels anzufertigen. N\u00fctzliche Informationen Mit einem Nachschl\u00fcssel k\u00f6nnen Sie den Motor nicht starten, oder besser gesagt, Sie k\u00f6nnen dies nur einmal tun und der Schl\u00fcssel, der zuvor zum Starten des Fahrzeugs verwendet wurde, funktioniert nicht mehr. Diese Produkte arbeiten mit einem variablen Codesystem. Der Code auf dem Schl\u00fcsselchip \u00e4ndert sich nach einem speziellen Algorithmus, wenn der Motor wieder gestartet wird. Der Motor wird in dem Moment gestartet, in dem die Informationen im Fahrzeug und im Schl\u00fcssel \u00fcbereinstimmen. Mercedes-Lkw (z. B. Actros) bilden eine Ausnahme. F\u00fcr Personenkraftwagen wird eine andere Schl\u00fcsselkategorie verwendet - der \"Fischschl\u00fcssel\". Die Form dieses intelligenten Produkts \u00e4hnelt tats\u00e4chlich einem Wassertier. Sie wird nicht mechanisch, sondern elektronisch betrieben. W\u00e4hrend der Benutzung sind die Kontakte verbunden und das Schloss selbst wird von der Spule erfasst. Um den Schl\u00fcssel, der die Stromquelle darstellt, wird ein induktives Feld erzeugt. Eine in die Antenne eingebaute Platine erleichtert diesen Prozess. Es ist klar, dass die elektronischen Schl\u00fcssel von Mercedes ohne Stromversorgung funktionieren. Wenn einer von ihnen das Schloss betritt und es \"versteht\", \"pr\u00e4sentiert\" er sich dem Schloss \u00fcber einen Infrarotkanal. Dieser vergleicht die Daten im Speicher mit den Informationen des Schl\u00fcssels und \u00fcbertr\u00e4gt die Informationen an die elektrische Verriegelung der Lenkwelle. Letztere vergleicht die erhaltenen Daten auch mit den bereits vorhandenen Daten. Wenn das Ergebnis positiv ist, wird die Sperre gedr\u00fcckt und das Lenkrad wird freigegeben. Wenn alles reibungslos funktioniert hat, wird das Schloss gel\u00f6st und der Schl\u00fcssel gedreht. Der Schl\u00fcssel kann nun frei gedreht werden. Das war's, der Motor l\u00e4uft. Einige Mercedes-Modelle sind auch mit Transceivern erh\u00e4ltlich. Im Vergleich zur Herstellung der oben genannten Produkte ist der Zeitaufwand f\u00fcr Spezialisten geringer. Gegebenenfalls wird Ihnen auch ein Faltschl\u00fcssel angefertigt. &nbsp; &nbsp; &nbsp;","og_url":"https:\/\/keys-for-auto.eu\/de\/product\/schlussel-produktion-fur-mercedes-pkw\/","og_site_name":"Keys for auto","article_publisher":"https:\/\/www.facebook.com\/KeysForAutoEU","og_image":[{"width":521,"height":446,"url":"https:\/\/keys-for-auto.eu\/wp-content\/uploads\/2022\/12\/admin-ajax__1_-removebg-preview-1-1.png","type":"image\/png"}],"twitter_card":"summary_large_image","schema":{"@context":"https:\/\/schema.org","@graph":[{"@type":["WebPage","ItemPage"],"@id":"https:\/\/keys-for-auto.eu\/de\/product\/schlussel-produktion-fur-mercedes-pkw\/","url":"https:\/\/keys-for-auto.eu\/de\/product\/schlussel-produktion-fur-mercedes-pkw\/","name":"-","isPartOf":{"@id":"https:\/\/keys-for-auto.eu\/de\/#website"},"primaryImageOfPage":{"@id":"https:\/\/keys-for-auto.eu\/de\/product\/schlussel-produktion-fur-mercedes-pkw\/#primaryimage"},"image":{"@id":"https:\/\/keys-for-auto.eu\/de\/product\/schlussel-produktion-fur-mercedes-pkw\/#primaryimage"},"thumbnailUrl":"https:\/\/keys-for-auto.eu\/wp-content\/uploads\/2022\/12\/admin-ajax__1_-removebg-preview-1-1.png","datePublished":"2017-04-19T14:34:33+00:00","breadcrumb":{"@id":"https:\/\/keys-for-auto.eu\/de\/product\/schlussel-produktion-fur-mercedes-pkw\/#breadcrumb"},"inLanguage":"de","potentialAction":[{"@type":"ReadAction","target":["https:\/\/keys-for-auto.eu\/de\/product\/schlussel-produktion-fur-mercedes-pkw\/"]}]},{"@type":"ImageObject","inLanguage":"de","@id":"https:\/\/keys-for-auto.eu\/de\/product\/schlussel-produktion-fur-mercedes-pkw\/#primaryimage","url":"https:\/\/keys-for-auto.eu\/wp-content\/uploads\/2022\/12\/admin-ajax__1_-removebg-preview-1-1.png","contentUrl":"https:\/\/keys-for-auto.eu\/wp-content\/uploads\/2022\/12\/admin-ajax__1_-removebg-preview-1-1.png","width":521,"height":446},{"@type":"BreadcrumbList","@id":"https:\/\/keys-for-auto.eu\/de\/product\/schlussel-produktion-fur-mercedes-pkw\/#breadcrumb","itemListElement":[{"@type":"ListItem","position":1,"name":"Startseite","item":"https:\/\/keys-for-auto.eu\/de\/"},{"@type":"ListItem","position":2,"name":"Shop","item":"https:\/\/keys-for-auto.eu\/"},{"@type":"ListItem","position":3,"name":"Schl\u00fcsselproduktion f\u00fcr Mercedes-Fahrzeuge"}]},{"@type":"WebSite","@id":"https:\/\/keys-for-auto.eu\/de\/#website","url":"https:\/\/keys-for-auto.eu\/de\/","name":"Keys for auto","description":"Car keys,  key shells, key programming","publisher":{"@id":"https:\/\/keys-for-auto.eu\/de\/#organization"},"potentialAction":[{"@type":"SearchAction","target":{"@type":"EntryPoint","urlTemplate":"https:\/\/keys-for-auto.eu\/de\/?s={search_term_string}"},"query-input":{"@type":"PropertyValueSpecification","valueRequired":true,"valueName":"search_term_string"}}],"inLanguage":"de"},{"@type":"Organization","@id":"https:\/\/keys-for-auto.eu\/de\/#organization","name":"Schl\u00fcssel f\u00fcr Auto","url":"https:\/\/keys-for-auto.eu\/de\/","logo":{"@type":"ImageObject","inLanguage":"de","@id":"https:\/\/keys-for-auto.eu\/de\/#\/schema\/logo\/image\/","url":"https:\/\/keys-for-auto.eu\/wp-content\/uploads\/2022\/11\/cropped-png1.png","contentUrl":"https:\/\/keys-for-auto.eu\/wp-content\/uploads\/2022\/11\/cropped-png1.png","width":1000,"height":342,"caption":"Schl\u00fcssel f\u00fcr Auto"},"image":{"@id":"https:\/\/keys-for-auto.eu\/de\/#\/schema\/logo\/image\/"},"sameAs":["https:\/\/www.facebook.com\/KeysForAutoEU"]}]}},"_links":{"self":[{"href":"https:\/\/keys-for-auto.eu\/de\/wp-json\/wp\/v2\/product\/16280","targetHints":{"allow":["GET"]}}],"collection":[{"href":"https:\/\/keys-for-auto.eu\/de\/wp-json\/wp\/v2\/product"}],"about":[{"href":"https:\/\/keys-for-auto.eu\/de\/wp-json\/wp\/v2\/types\/product"}],"replies":[{"embeddable":true,"href":"https:\/\/keys-for-auto.eu\/de\/wp-json\/wp\/v2\/comments?post=16280"}],"wp:featuredmedia":[{"embeddable":true,"href":"https:\/\/keys-for-auto.eu\/de\/wp-json\/wp\/v2\/media\/14405"}],"wp:attachment":[{"href":"https:\/\/keys-for-auto.eu\/de\/wp-json\/wp\/v2\/media?parent=16280"}],"wp:term":[{"taxonomy":"product_brand","embeddable":true,"href":"https:\/\/keys-for-auto.eu\/de\/wp-json\/wp\/v2\/product_brand?post=16280"},{"taxonomy":"product_cat","embeddable":true,"href":"https:\/\/keys-for-auto.eu\/de\/wp-json\/wp\/v2\/product_cat?post=16280"},{"taxonomy":"product_tag","embeddable":true,"href":"https:\/\/keys-for-auto.eu\/de\/wp-json\/wp\/v2\/product_tag?post=16280"}],"curies":[{"name":"wp","href":"https:\/\/api.w.org\/{rel}","templated":true}]}}