{"id":16270,"date":"2017-09-16T16:11:18","date_gmt":"2017-09-16T16:11:18","guid":{"rendered":"https:\/\/keys-for-auto.eu\/product\/schluesselproduktion-fuer-kia-fahrzeuge\/"},"modified":"2017-09-16T16:11:18","modified_gmt":"2017-09-16T16:11:18","slug":"schlussel-produktion-fur-kia-autos","status":"publish","type":"product","link":"https:\/\/keys-for-auto.eu\/de\/product\/schlussel-produktion-fur-kia-autos\/","title":{"rendered":"Schl\u00fcsselproduktion f\u00fcr KIA-Fahrzeuge"},"content":{"rendered":"<h2>Die wichtigsten Herstellungsmerkmale von Kia<\/h2>\n<p>Dank moderner Technik k\u00f6nnen Handwerker einen Nachschl\u00fcssel f\u00fcr ein abgenutztes Original oder Schloss anfertigen. Die zweite Option ist besonders wichtig, da sie die Herstellung von Autoschl\u00fcsseln erm\u00f6glicht, die durch Unachtsamkeit verloren gegangen oder gestohlen worden sind. Es ist f\u00fcr einen Fachmann ein Leichtes, sowohl einen einfachen als auch einen faltbaren neuen Kia-Schl\u00fcssel herzustellen.<\/p>\n<h2>Besonderheiten der Duplikatproduktion<\/h2>\n<p>Je nach Schwierigkeitsgrad der Aufgabe, die dem Handwerker gestellt wird, kann die Herstellung einer Nachbildung des Kia-Schl\u00fcssels Minuten oder Stunden dauern. In jedem Fall verwendet der Spezialist spezielle Ger\u00e4te und Rohlinge.<\/p>\n<p>Die professionelle Schl\u00fcsselproduktion erfolgt in drei Stufen:<\/p>\n<p>Blattproduktion;<\/p>\n<p>Programmierung des Chips und Synchronisierung mit dem Sicherheitssystem;<\/p>\n<p>Eingabe der neuen Daten in das Bedienfeld.<\/p>\n<p>Der erste Arbeitsgang wird mit hochpr\u00e4zisen CNC-Maschinen durchgef\u00fchrt. Die Datenbank der Maschine enth\u00e4lt Informationen \u00fcber die Parameter der Schl\u00fcsselbl\u00e4tter f\u00fcr verschiedene Kia-Modelle. Dies erm\u00f6glicht die Herstellung von Bl\u00e4ttern mit unterschiedlichen Nuttiefen, unterschiedlichen \u00dcberstandsh\u00f6hen und unterschiedlichen Keilbreiten. Das Herstellungsverfahren der Klinge erm\u00f6glicht es, eine Nachbildung des Schl\u00fcssels herzustellen, die dem ungetragenen Original perfekt entspricht (wenn der Schl\u00fcssel nach einem Muster hergestellt wird).<\/p>\n<p>Die Programmierung ist ein Vorgang, der sicherstellt, dass das Fahrzeug auf den Schl\u00fcssel reagiert. Zu diesem Zweck m\u00fcssen alle erforderlichen Daten in der Wegfahrsperre gespeichert werden, entweder \u00fcber einen Diagnosestecker, ein Speicherbild oder durch direktes Kopieren des Schl\u00fcssels. Um die Steuerung mit dem Schl\u00fcssel zu synchronisieren, muss die Software der Wegfahrsperre gelesen oder die Schl\u00fcsseldaten abgefragt werden.<\/p>\n<p>Der letzte Programmierschritt besteht darin, die Funktion des Duplikats zu \u00fcberpr\u00fcfen. Wenn der Nachschl\u00fcssel mit den Tasten hergestellt ist, wird die Programmierung der Fernbedienung abgeschlossen. Der Techniker gew\u00e4hrt in der Regel eine einj\u00e4hrige Garantie auf das Produkt, die Software, die &#8222;Bindung&#8220; des Schl\u00fcssels an das Fahrzeug und die Programmierung.<\/p>\n","protected":false},"excerpt":{"rendered":"<h3>Wir fertigen und programmieren Schl\u00fcssel, elektronische (intelligente) Schl\u00fcssel f\u00fcr Kia-Fahrzeuge.<\/h3>\n<ul>\n<li>Herstellung von Kia-Schl\u00fcsseln<\/li>\n<li>Kia Schl\u00fcssel Programmierung<\/li>\n<li>Reparatur von Kia-Schl\u00fcsseln<\/li>\n<li>Kia Schl\u00fcsself\u00e4lle<\/li>\n<li>Kia Schl\u00fcsselproduktion, Programmierung<\/li>\n<li>Notentriegelung von Kia-Fahrzeugen<\/li>\n<\/ul>\n<h3>Wir k\u00f6nnen innerhalb einer Stunde einen Schl\u00fcssel f\u00fcr Ihr Kia-Fahrzeug anfertigen.<br \/>\nKia Schl\u00fcsselproduktion<\/h3>\n<p>Wir arbeiten ausschlie\u00dflich mit modernen computergesteuerten Ger\u00e4ten, mit denen wir einen hochwertigen und langlebigen Schl\u00fcssel f\u00fcr Ihr Kia-Fahrzeug herstellen. Wenn Sie nur einen Schl\u00fcssel haben oder wenn Ihr Kia-Schl\u00fcssel Ihr Auto nicht immer startet, empfehlen wir Ihnen, einen Ersatzschl\u00fcssel zu kaufen. So sparen Sie Zeit und Geld.<\/p>\n<p>Wir fertigen Schl\u00fcssel f\u00fcr verschiedene Kia-Modelle an. Es kann ein Schl\u00fcssel ohne Fernbedienung oder ein Schl\u00fcssel mit Fernbedienung sein. Wir k\u00f6nnen auch einen Smart Key anbieten (schl\u00fcsselloses Z\u00fcndsystem mit START\/STOP-Taste)<\/p>\n<h3><strong>Herstellung von Autoschl\u00fcsseln<\/strong><\/h3>\n<ul>\n<li><strong>Herstellung neuer Autoschl\u00fcssel, Programmierung der Schl\u00fcssel (&#8222;Bindung&#8220; an das Auto)<\/strong><\/li>\n<li><strong>L\u00f6schen von zuvor verlorenen Schl\u00fcsseln aus dem Fahrzeugspeicher<\/strong><\/li>\n<li><strong>Herstellung des Z\u00fcndschl\u00fcssels entsprechend dem Schloss<\/strong><\/li>\n<li><strong>Reparatur von Autoschl\u00fcsseln (Ersatz von Tasten, Schalen, Mechanismen)<\/strong><\/li>\n<li><strong>Auto-Notentriegelung<\/strong><\/li>\n<li><strong>Umtausch von Schl\u00fcsseln, Schl\u00fcsseletuis<\/strong><\/li>\n<li><strong>DPF \/ FAP Software-Abschaltung<\/strong><\/li>\n<li><strong>Programmatische EGR-Entfernung<\/strong><\/li>\n<li><strong>Deaktivierung der Wegfahrsperre-Software (immo Off)<\/strong><\/li>\n<li><strong>Reparatur, Klonen, Programmieren von Motorsteuerger\u00e4ten (ECU)<\/strong><\/li>\n<li><strong>SRS (Airbag-Steuerger\u00e4t-Programmierung)<\/strong><\/li>\n<\/ul>\n<h4><strong>  Artikel werden innerhalb von 3 Arbeitstagen versandt.*<\/strong><\/h4>\n<p>&nbsp;<\/p>\n<p>&nbsp;<\/p>\n<p>&nbsp;<\/p>\n","protected":false},"featured_media":13500,"comment_status":"open","ping_status":"closed","template":"","meta":[],"product_brand":[],"product_cat":[2619,2228],"product_tag":[],"class_list":{"0":"post-16270","1":"product","2":"type-product","3":"status-publish","4":"has-post-thumbnail","6":"product_cat-herstellung-von-schlusseln","7":"product_cat-kia-de","9":"first","10":"instock","11":"shipping-taxable","12":"product-type-simple"},"yoast_head":"<!-- This site is optimized with the Yoast SEO plugin v27.3 - https:\/\/yoast.com\/product\/yoast-seo-wordpress\/ -->\n<title>-<\/title>\n<meta name=\"robots\" content=\"index, follow, max-snippet:-1, max-image-preview:large, max-video-preview:-1\" \/>\n<link rel=\"canonical\" href=\"https:\/\/keys-for-auto.eu\/de\/product\/schlussel-produktion-fur-kia-autos\/\" \/>\n<meta property=\"og:locale\" content=\"de_DE\" \/>\n<meta property=\"og:type\" content=\"article\" \/>\n<meta property=\"og:title\" content=\"-\" \/>\n<meta property=\"og:description\" content=\"Wir fertigen und programmieren Schl\u00fcssel, elektronische (intelligente) Schl\u00fcssel f\u00fcr Kia-Fahrzeuge.  Herstellung von Kia-Schl\u00fcsseln  Kia Schl\u00fcssel Programmierung  Reparatur von Kia-Schl\u00fcsseln  Kia Schl\u00fcsself\u00e4lle  Kia Schl\u00fcsselproduktion, Programmierung  Notentriegelung von Kia-Fahrzeugen Wir k\u00f6nnen innerhalb einer Stunde einen Schl\u00fcssel f\u00fcr Ihr Kia-Fahrzeug anfertigen. Kia Schl\u00fcsselproduktion Wir arbeiten ausschlie\u00dflich mit modernen computergesteuerten Ger\u00e4ten, mit denen wir einen hochwertigen und langlebigen Schl\u00fcssel f\u00fcr Ihr Kia-Fahrzeug herstellen. Wenn Sie nur einen Schl\u00fcssel haben oder wenn Ihr Kia-Schl\u00fcssel Ihr Auto nicht immer startet, empfehlen wir Ihnen, einen Ersatzschl\u00fcssel zu kaufen. So sparen Sie Zeit und Geld. Wir fertigen Schl\u00fcssel f\u00fcr verschiedene Kia-Modelle an. Es kann ein Schl\u00fcssel ohne Fernbedienung oder ein Schl\u00fcssel mit Fernbedienung sein. Wir k\u00f6nnen auch einen Smart Key anbieten (schl\u00fcsselloses Z\u00fcndsystem mit START\/STOP-Taste) Herstellung von Autoschl\u00fcsseln  Herstellung neuer Autoschl\u00fcssel, Programmierung der Schl\u00fcssel (&quot;Bindung&quot; an das Auto)  L\u00f6schen von zuvor verlorenen Schl\u00fcsseln aus dem Fahrzeugspeicher  Herstellung des Z\u00fcndschl\u00fcssels entsprechend dem Schloss  Reparatur von Autoschl\u00fcsseln (Ersatz von Tasten, Schalen, Mechanismen)  Auto-Notentriegelung  Umtausch von Schl\u00fcsseln, Schl\u00fcsseletuis  DPF \/ FAP Software-Abschaltung  Programmatische EGR-Entfernung  Deaktivierung der Wegfahrsperre-Software (immo Off)  Reparatur, Klonen, Programmieren von Motorsteuerger\u00e4ten (ECU)  SRS (Airbag-Steuerger\u00e4t-Programmierung)  Artikel werden innerhalb von 3 Arbeitstagen versandt.* &nbsp; &nbsp; &nbsp;\" \/>\n<meta property=\"og:url\" content=\"https:\/\/keys-for-auto.eu\/de\/product\/schlussel-produktion-fur-kia-autos\/\" \/>\n<meta property=\"og:site_name\" content=\"Keys for auto\" \/>\n<meta property=\"article:publisher\" content=\"https:\/\/www.facebook.com\/KeysForAutoEU\" \/>\n<meta property=\"og:image\" content=\"https:\/\/i0.wp.com\/keys-for-auto.eu\/wp-content\/uploads\/2022\/12\/admin-ajax__2_-removebg-preview-1.png?fit=400%2C371&ssl=1\" \/>\n\t<meta property=\"og:image:width\" content=\"400\" \/>\n\t<meta property=\"og:image:height\" content=\"371\" \/>\n\t<meta property=\"og:image:type\" content=\"image\/png\" \/>\n<meta name=\"twitter:card\" content=\"summary_large_image\" \/>\n<meta name=\"twitter:label1\" content=\"Gesch\u00e4tzte Lesezeit\" \/>\n\t<meta name=\"twitter:data1\" content=\"2\u00a0Minuten\" \/>\n<script type=\"application\/ld+json\" class=\"yoast-schema-graph\">{\"@context\":\"https:\\\/\\\/schema.org\",\"@graph\":[{\"@type\":[\"WebPage\",\"ItemPage\"],\"@id\":\"https:\\\/\\\/keys-for-auto.eu\\\/de\\\/product\\\/schlussel-produktion-fur-kia-autos\\\/\",\"url\":\"https:\\\/\\\/keys-for-auto.eu\\\/de\\\/product\\\/schlussel-produktion-fur-kia-autos\\\/\",\"name\":\"-\",\"isPartOf\":{\"@id\":\"https:\\\/\\\/keys-for-auto.eu\\\/de\\\/#website\"},\"primaryImageOfPage\":{\"@id\":\"https:\\\/\\\/keys-for-auto.eu\\\/de\\\/product\\\/schlussel-produktion-fur-kia-autos\\\/#primaryimage\"},\"image\":{\"@id\":\"https:\\\/\\\/keys-for-auto.eu\\\/de\\\/product\\\/schlussel-produktion-fur-kia-autos\\\/#primaryimage\"},\"thumbnailUrl\":\"https:\\\/\\\/keys-for-auto.eu\\\/wp-content\\\/uploads\\\/2022\\\/12\\\/admin-ajax__2_-removebg-preview-1.png\",\"datePublished\":\"2017-09-16T16:11:18+00:00\",\"breadcrumb\":{\"@id\":\"https:\\\/\\\/keys-for-auto.eu\\\/de\\\/product\\\/schlussel-produktion-fur-kia-autos\\\/#breadcrumb\"},\"inLanguage\":\"de\",\"potentialAction\":[{\"@type\":\"ReadAction\",\"target\":[\"https:\\\/\\\/keys-for-auto.eu\\\/de\\\/product\\\/schlussel-produktion-fur-kia-autos\\\/\"]}]},{\"@type\":\"ImageObject\",\"inLanguage\":\"de\",\"@id\":\"https:\\\/\\\/keys-for-auto.eu\\\/de\\\/product\\\/schlussel-produktion-fur-kia-autos\\\/#primaryimage\",\"url\":\"https:\\\/\\\/keys-for-auto.eu\\\/wp-content\\\/uploads\\\/2022\\\/12\\\/admin-ajax__2_-removebg-preview-1.png\",\"contentUrl\":\"https:\\\/\\\/keys-for-auto.eu\\\/wp-content\\\/uploads\\\/2022\\\/12\\\/admin-ajax__2_-removebg-preview-1.png\",\"width\":400,\"height\":371},{\"@type\":\"BreadcrumbList\",\"@id\":\"https:\\\/\\\/keys-for-auto.eu\\\/de\\\/product\\\/schlussel-produktion-fur-kia-autos\\\/#breadcrumb\",\"itemListElement\":[{\"@type\":\"ListItem\",\"position\":1,\"name\":\"Startseite\",\"item\":\"https:\\\/\\\/keys-for-auto.eu\\\/de\\\/\"},{\"@type\":\"ListItem\",\"position\":2,\"name\":\"Shop\",\"item\":\"https:\\\/\\\/keys-for-auto.eu\\\/\"},{\"@type\":\"ListItem\",\"position\":3,\"name\":\"Schl\u00fcsselproduktion f\u00fcr KIA-Fahrzeuge\"}]},{\"@type\":\"WebSite\",\"@id\":\"https:\\\/\\\/keys-for-auto.eu\\\/de\\\/#website\",\"url\":\"https:\\\/\\\/keys-for-auto.eu\\\/de\\\/\",\"name\":\"Keys for auto\",\"description\":\"Car keys,  key shells, key programming\",\"publisher\":{\"@id\":\"https:\\\/\\\/keys-for-auto.eu\\\/de\\\/#organization\"},\"potentialAction\":[{\"@type\":\"SearchAction\",\"target\":{\"@type\":\"EntryPoint\",\"urlTemplate\":\"https:\\\/\\\/keys-for-auto.eu\\\/de\\\/?s={search_term_string}\"},\"query-input\":{\"@type\":\"PropertyValueSpecification\",\"valueRequired\":true,\"valueName\":\"search_term_string\"}}],\"inLanguage\":\"de\"},{\"@type\":\"Organization\",\"@id\":\"https:\\\/\\\/keys-for-auto.eu\\\/de\\\/#organization\",\"name\":\"Schl\u00fcssel f\u00fcr Auto\",\"url\":\"https:\\\/\\\/keys-for-auto.eu\\\/de\\\/\",\"logo\":{\"@type\":\"ImageObject\",\"inLanguage\":\"de\",\"@id\":\"https:\\\/\\\/keys-for-auto.eu\\\/de\\\/#\\\/schema\\\/logo\\\/image\\\/\",\"url\":\"https:\\\/\\\/keys-for-auto.eu\\\/wp-content\\\/uploads\\\/2022\\\/11\\\/cropped-png1.png\",\"contentUrl\":\"https:\\\/\\\/keys-for-auto.eu\\\/wp-content\\\/uploads\\\/2022\\\/11\\\/cropped-png1.png\",\"width\":1000,\"height\":342,\"caption\":\"Schl\u00fcssel f\u00fcr Auto\"},\"image\":{\"@id\":\"https:\\\/\\\/keys-for-auto.eu\\\/de\\\/#\\\/schema\\\/logo\\\/image\\\/\"},\"sameAs\":[\"https:\\\/\\\/www.facebook.com\\\/KeysForAutoEU\"]}]}<\/script>\n<!-- \/ Yoast SEO plugin. -->","yoast_head_json":{"title":"-","robots":{"index":"index","follow":"follow","max-snippet":"max-snippet:-1","max-image-preview":"max-image-preview:large","max-video-preview":"max-video-preview:-1"},"canonical":"https:\/\/keys-for-auto.eu\/de\/product\/schlussel-produktion-fur-kia-autos\/","og_locale":"de_DE","og_type":"article","og_title":"-","og_description":"Wir fertigen und programmieren Schl\u00fcssel, elektronische (intelligente) Schl\u00fcssel f\u00fcr Kia-Fahrzeuge.  Herstellung von Kia-Schl\u00fcsseln  Kia Schl\u00fcssel Programmierung  Reparatur von Kia-Schl\u00fcsseln  Kia Schl\u00fcsself\u00e4lle  Kia Schl\u00fcsselproduktion, Programmierung  Notentriegelung von Kia-Fahrzeugen Wir k\u00f6nnen innerhalb einer Stunde einen Schl\u00fcssel f\u00fcr Ihr Kia-Fahrzeug anfertigen. Kia Schl\u00fcsselproduktion Wir arbeiten ausschlie\u00dflich mit modernen computergesteuerten Ger\u00e4ten, mit denen wir einen hochwertigen und langlebigen Schl\u00fcssel f\u00fcr Ihr Kia-Fahrzeug herstellen. Wenn Sie nur einen Schl\u00fcssel haben oder wenn Ihr Kia-Schl\u00fcssel Ihr Auto nicht immer startet, empfehlen wir Ihnen, einen Ersatzschl\u00fcssel zu kaufen. So sparen Sie Zeit und Geld. Wir fertigen Schl\u00fcssel f\u00fcr verschiedene Kia-Modelle an. Es kann ein Schl\u00fcssel ohne Fernbedienung oder ein Schl\u00fcssel mit Fernbedienung sein. Wir k\u00f6nnen auch einen Smart Key anbieten (schl\u00fcsselloses Z\u00fcndsystem mit START\/STOP-Taste) Herstellung von Autoschl\u00fcsseln  Herstellung neuer Autoschl\u00fcssel, Programmierung der Schl\u00fcssel (\"Bindung\" an das Auto)  L\u00f6schen von zuvor verlorenen Schl\u00fcsseln aus dem Fahrzeugspeicher  Herstellung des Z\u00fcndschl\u00fcssels entsprechend dem Schloss  Reparatur von Autoschl\u00fcsseln (Ersatz von Tasten, Schalen, Mechanismen)  Auto-Notentriegelung  Umtausch von Schl\u00fcsseln, Schl\u00fcsseletuis  DPF \/ FAP Software-Abschaltung  Programmatische EGR-Entfernung  Deaktivierung der Wegfahrsperre-Software (immo Off)  Reparatur, Klonen, Programmieren von Motorsteuerger\u00e4ten (ECU)  SRS (Airbag-Steuerger\u00e4t-Programmierung)  Artikel werden innerhalb von 3 Arbeitstagen versandt.* &nbsp; &nbsp; &nbsp;","og_url":"https:\/\/keys-for-auto.eu\/de\/product\/schlussel-produktion-fur-kia-autos\/","og_site_name":"Keys for auto","article_publisher":"https:\/\/www.facebook.com\/KeysForAutoEU","og_image":[{"width":400,"height":371,"url":"https:\/\/i0.wp.com\/keys-for-auto.eu\/wp-content\/uploads\/2022\/12\/admin-ajax__2_-removebg-preview-1.png?fit=400%2C371&ssl=1","type":"image\/png"}],"twitter_card":"summary_large_image","twitter_misc":{"Gesch\u00e4tzte Lesezeit":"2\u00a0Minuten"},"schema":{"@context":"https:\/\/schema.org","@graph":[{"@type":["WebPage","ItemPage"],"@id":"https:\/\/keys-for-auto.eu\/de\/product\/schlussel-produktion-fur-kia-autos\/","url":"https:\/\/keys-for-auto.eu\/de\/product\/schlussel-produktion-fur-kia-autos\/","name":"-","isPartOf":{"@id":"https:\/\/keys-for-auto.eu\/de\/#website"},"primaryImageOfPage":{"@id":"https:\/\/keys-for-auto.eu\/de\/product\/schlussel-produktion-fur-kia-autos\/#primaryimage"},"image":{"@id":"https:\/\/keys-for-auto.eu\/de\/product\/schlussel-produktion-fur-kia-autos\/#primaryimage"},"thumbnailUrl":"https:\/\/keys-for-auto.eu\/wp-content\/uploads\/2022\/12\/admin-ajax__2_-removebg-preview-1.png","datePublished":"2017-09-16T16:11:18+00:00","breadcrumb":{"@id":"https:\/\/keys-for-auto.eu\/de\/product\/schlussel-produktion-fur-kia-autos\/#breadcrumb"},"inLanguage":"de","potentialAction":[{"@type":"ReadAction","target":["https:\/\/keys-for-auto.eu\/de\/product\/schlussel-produktion-fur-kia-autos\/"]}]},{"@type":"ImageObject","inLanguage":"de","@id":"https:\/\/keys-for-auto.eu\/de\/product\/schlussel-produktion-fur-kia-autos\/#primaryimage","url":"https:\/\/keys-for-auto.eu\/wp-content\/uploads\/2022\/12\/admin-ajax__2_-removebg-preview-1.png","contentUrl":"https:\/\/keys-for-auto.eu\/wp-content\/uploads\/2022\/12\/admin-ajax__2_-removebg-preview-1.png","width":400,"height":371},{"@type":"BreadcrumbList","@id":"https:\/\/keys-for-auto.eu\/de\/product\/schlussel-produktion-fur-kia-autos\/#breadcrumb","itemListElement":[{"@type":"ListItem","position":1,"name":"Startseite","item":"https:\/\/keys-for-auto.eu\/de\/"},{"@type":"ListItem","position":2,"name":"Shop","item":"https:\/\/keys-for-auto.eu\/"},{"@type":"ListItem","position":3,"name":"Schl\u00fcsselproduktion f\u00fcr KIA-Fahrzeuge"}]},{"@type":"WebSite","@id":"https:\/\/keys-for-auto.eu\/de\/#website","url":"https:\/\/keys-for-auto.eu\/de\/","name":"Keys for auto","description":"Car keys,  key shells, key programming","publisher":{"@id":"https:\/\/keys-for-auto.eu\/de\/#organization"},"potentialAction":[{"@type":"SearchAction","target":{"@type":"EntryPoint","urlTemplate":"https:\/\/keys-for-auto.eu\/de\/?s={search_term_string}"},"query-input":{"@type":"PropertyValueSpecification","valueRequired":true,"valueName":"search_term_string"}}],"inLanguage":"de"},{"@type":"Organization","@id":"https:\/\/keys-for-auto.eu\/de\/#organization","name":"Schl\u00fcssel f\u00fcr Auto","url":"https:\/\/keys-for-auto.eu\/de\/","logo":{"@type":"ImageObject","inLanguage":"de","@id":"https:\/\/keys-for-auto.eu\/de\/#\/schema\/logo\/image\/","url":"https:\/\/keys-for-auto.eu\/wp-content\/uploads\/2022\/11\/cropped-png1.png","contentUrl":"https:\/\/keys-for-auto.eu\/wp-content\/uploads\/2022\/11\/cropped-png1.png","width":1000,"height":342,"caption":"Schl\u00fcssel f\u00fcr Auto"},"image":{"@id":"https:\/\/keys-for-auto.eu\/de\/#\/schema\/logo\/image\/"},"sameAs":["https:\/\/www.facebook.com\/KeysForAutoEU"]}]}},"_links":{"self":[{"href":"https:\/\/keys-for-auto.eu\/de\/wp-json\/wp\/v2\/product\/16270","targetHints":{"allow":["GET"]}}],"collection":[{"href":"https:\/\/keys-for-auto.eu\/de\/wp-json\/wp\/v2\/product"}],"about":[{"href":"https:\/\/keys-for-auto.eu\/de\/wp-json\/wp\/v2\/types\/product"}],"replies":[{"embeddable":true,"href":"https:\/\/keys-for-auto.eu\/de\/wp-json\/wp\/v2\/comments?post=16270"}],"wp:featuredmedia":[{"embeddable":true,"href":"https:\/\/keys-for-auto.eu\/de\/wp-json\/wp\/v2\/media\/13500"}],"wp:attachment":[{"href":"https:\/\/keys-for-auto.eu\/de\/wp-json\/wp\/v2\/media?parent=16270"}],"wp:term":[{"taxonomy":"product_brand","embeddable":true,"href":"https:\/\/keys-for-auto.eu\/de\/wp-json\/wp\/v2\/product_brand?post=16270"},{"taxonomy":"product_cat","embeddable":true,"href":"https:\/\/keys-for-auto.eu\/de\/wp-json\/wp\/v2\/product_cat?post=16270"},{"taxonomy":"product_tag","embeddable":true,"href":"https:\/\/keys-for-auto.eu\/de\/wp-json\/wp\/v2\/product_tag?post=16270"}],"curies":[{"name":"wp","href":"https:\/\/api.w.org\/{rel}","templated":true}]}}