{"id":16265,"date":"2017-12-03T17:54:41","date_gmt":"2017-12-03T17:54:41","guid":{"rendered":"https:\/\/keys-for-auto.eu\/product\/schluesselproduktion-fuer-toyota-fahrzeuge\/"},"modified":"2017-12-03T17:54:41","modified_gmt":"2017-12-03T17:54:41","slug":"schlussel-herstellung-fur-yota-autos","status":"publish","type":"product","link":"https:\/\/keys-for-auto.eu\/de\/product\/schlussel-herstellung-fur-yota-autos\/","title":{"rendered":"Schl\u00fcsselproduktion f\u00fcr Toyota-Fahrzeuge"},"content":{"rendered":"<p>Die Anfertigung eines Nachschl\u00fcssels f\u00fcr ein Fahrzeug kann mehrere Minuten oder Stunden dauern. Mit Hilfe von Rohlingen und speziellen Ger\u00e4ten kann der Handwerker Nachschl\u00fcssel f\u00fcr verlorene, gestohlene oder abgebrochene Autoschl\u00fcssel herstellen. Das Verfahren zur Anfertigung einer Kopie umfasst im Allgemeinen drei Hauptverfahren:<\/p>\n<p>Blattproduktion;<\/p>\n<p>Programmierung des Chips und Synchronisierung mit dem Sicherheitssystem;<\/p>\n<p>die Eingabe neuer Daten in das Bedienfeld.<\/p>\n<h2>Merkmale der Arbeitsprozesse<\/h2>\n<p>F\u00fcr die Herstellung der Klinge verwendet der Handwerker ein Werkst\u00fcck, das auf einer hochpr\u00e4zisen CNC-Maschine bearbeitet wird. Da das Ger\u00e4t eine gro\u00dfe Anzahl von Schl\u00fcsselmustern f\u00fcr verschiedene Toyota-Modelle gespeichert hat, wird dieser Vorgang ohne Fehler und mit der Garantie der Herstellung einer exakten Kopie des Schl\u00fcssels durchgef\u00fchrt.<\/p>\n<p>Nach der Herstellung des mechanischen Teils des Schl\u00fcssels beginnt der Handwerksmeister mit der Korrektur der elektronischen Komponente. Die Synchronisierung des Nachschl\u00fcssels mit dem Kontrollsystem erfordert mehrere Vorg\u00e4nge. Zun\u00e4chst scannt der Techniker die Informationen des Originalschl\u00fcssels oder holt sich die Daten von der Wegfahrsperre, da jeder Code individuell ist. Die Arbeit mit dem neuen Sicherheitssystem wird mit Hilfe von Spezialger\u00e4ten durchgef\u00fchrt. Nach Eingabe der erforderlichen Daten pr\u00fcft der Techniker die Funktionsf\u00e4higkeit des programmierten Schl\u00fcssels. Die Softwareversion des Schl\u00fcssels wird in der Regel nach dem Modell und Baujahr des Toyota ausgew\u00e4hlt.<\/p>\n<p>Bei der Arbeit mit einem Drucktastenschl\u00fcssel endet das Verfahren zur Herstellung von Duplikaten mit der Installation der erforderlichen Programme auf der Fernbedienung. Die professionelle Herstellung eines Nachschl\u00fcssels garantiert die exakte Nachbildung der Linien, Vertiefungen und Vorspr\u00fcnge des Originalschl\u00fcssels sowie die korrekte Funktion des elektronischen Systems. Bei Bedarf kann der Techniker eine Kopie des Schl\u00fcssels f\u00fcr ein beliebiges Toyota-Modell entsprechend dem Schloss anfertigen, wodurch das Problem gel\u00f6st werden kann, dass der Autobesitzer den Originalschl\u00fcssel aufgrund von Verlust oder Diebstahl nicht mehr besitzt.<\/p>\n","protected":false},"excerpt":{"rendered":"<h2>Herstellung von Toyota-Schl\u00fcsseln<\/h2>\n<ul>\n<li>Herstellung von Toyota-Schl\u00fcsseln<\/li>\n<li>Toyota Schl\u00fcssel<\/li>\n<li>Toyota Schl\u00fcsselh\u00fclsen<\/li>\n<li>Toyota Schl\u00fcssel Reparatur<\/li>\n<li>Toyota Schl\u00fcsselprogrammierung<\/li>\n<\/ul>\n<p>Notentriegelung von Toyota-Fahrzeugen<br \/>\nWir fertigen schnell und effizient einen Schl\u00fcssel f\u00fcr Ihr Toyota-Fahrzeug.<\/p>\n<p>Herstellung von Toyota-Schl\u00fcsseln.<br \/>\nWir arbeiten ausschlie\u00dflich mit modernen computergesteuerten Ger\u00e4ten, mit denen wir einen qualitativ hochwertigen, langlebigen Schl\u00fcssel f\u00fcr Ihr Toyota-Fahrzeug herstellen. Wenn Sie nur einen Schl\u00fcssel haben oder Ihr Toyota-Schl\u00fcssel Ihr Auto nicht immer startet, empfehlen wir Ihnen, einen Ersatzschl\u00fcssel zu kaufen. So sparen Sie Zeit und Geld.<\/p>\n<p>Wir fertigen Schl\u00fcssel f\u00fcr verschiedene Toyota-Modelle. Das kann ein einfacher Schl\u00fcssel oder ein Schl\u00fcssel mit Wegfahrsperre sein. Wir k\u00f6nnen auch einen Smart Key anbieten (schl\u00fcsselloses Z\u00fcndsystem mit START\/STOP-Taste)<\/p>\n<h3>Herstellung des mechanischen Teils des Schl\u00fcssels<\/h3>\n<p>[embedyt]  https:\/\/www.youtube.com\/watch?v=2Hrv-HPWx00[\/embedyt]<\/p>\n<h3><strong>Herstellung von Autoschl\u00fcsseln<\/strong><\/h3>\n<ul>\n<li><strong>Herstellung neuer Autoschl\u00fcssel, Programmierung der Schl\u00fcssel (&#8222;Bindung&#8220; an das Auto)<\/strong><\/li>\n<li><strong>L\u00f6schen von zuvor verlorenen Schl\u00fcsseln aus dem Fahrzeugspeicher<\/strong><\/li>\n<li><strong>Herstellung des Z\u00fcndschl\u00fcssels entsprechend dem Schloss<\/strong><\/li>\n<li><strong>Reparatur von Autoschl\u00fcsseln (Ersatz von Tasten, Schalen, Mechanismen)<\/strong><\/li>\n<li><strong>Auto-Notentriegelung<\/strong><\/li>\n<li><strong>Umtausch von Schl\u00fcsseln, Schl\u00fcsseletuis<\/strong><\/li>\n<li><strong>DPF \/ FAP Software-Abschaltung<\/strong><\/li>\n<li><strong>Programmatische EGR-Entfernung<\/strong><\/li>\n<li><strong>Deaktivierung der Wegfahrsperre-Software (immo Off)<\/strong><\/li>\n<li><strong>Reparatur, Klonen, Programmieren von Motorsteuerger\u00e4ten (ECU)<\/strong><\/li>\n<li><strong>SRS (Airbag-Steuerger\u00e4t-Programmierung)<\/strong><\/li>\n<\/ul>\n<h4><strong>  Artikel werden innerhalb von 3 Arbeitstagen versandt.*<\/strong><\/h4>\n","protected":false},"featured_media":16008,"comment_status":"open","ping_status":"closed","template":"","meta":[],"product_brand":[],"product_cat":[2619,2329],"product_tag":[2625,2411,2337,2413,2344,2350,2430,2407,2390,2383,2356,2361,2368,2409,2332,2445,2392],"class_list":{"0":"post-16265","1":"product","2":"type-product","3":"status-publish","4":"has-post-thumbnail","6":"product_cat-herstellung-von-schlusseln","7":"product_cat-toyota-de","8":"product_tag-toyota-de","9":"product_tag-toyota-avensis-schlusselgehause","10":"product_tag-toyota-camry-schlusselgehause","11":"product_tag-toyota-carina-schlusselgehause","12":"product_tag-toyota-celica-schlusselgehause","13":"product_tag-toyota-colorado-schlusselgehause","14":"product_tag-toyota-corola-schlusselgehause","15":"product_tag-toyota-corolla-schlusselgehause","16":"product_tag-toyota-highlander-schlusselgehause","17":"product_tag-toyota-modifizierte-schlusselhulle","18":"product_tag-toyota-picnic-schlusselgehause","19":"product_tag-toyota-prius-schlusselgehause","20":"product_tag-toyota-rav-4-schlusselgehause","21":"product_tag-toyota-rav4-schlusselgehause","22":"product_tag-toyota-schlusselgehause","23":"product_tag-toyota-verso-schlusselgehause","24":"product_tag-toyota-yaris-schlusselgehause","26":"first","27":"instock","28":"shipping-taxable","29":"product-type-simple"},"yoast_head":"<!-- This site is optimized with the Yoast SEO plugin v27.6 - https:\/\/yoast.com\/product\/yoast-seo-wordpress\/ -->\n<title>-<\/title>\n<meta name=\"robots\" content=\"index, follow, max-snippet:-1, max-image-preview:large, max-video-preview:-1\" \/>\n<link rel=\"canonical\" href=\"https:\/\/keys-for-auto.eu\/de\/product\/schlussel-herstellung-fur-yota-autos\/\" \/>\n<meta property=\"og:locale\" content=\"de_DE\" \/>\n<meta property=\"og:type\" content=\"article\" \/>\n<meta property=\"og:title\" content=\"-\" \/>\n<meta property=\"og:description\" content=\"Herstellung von Toyota-Schl\u00fcsseln  Herstellung von Toyota-Schl\u00fcsseln  Toyota Schl\u00fcssel  Toyota Schl\u00fcsselh\u00fclsen  Toyota Schl\u00fcssel Reparatur  Toyota Schl\u00fcsselprogrammierung Notentriegelung von Toyota-Fahrzeugen Wir fertigen schnell und effizient einen Schl\u00fcssel f\u00fcr Ihr Toyota-Fahrzeug. Herstellung von Toyota-Schl\u00fcsseln. Wir arbeiten ausschlie\u00dflich mit modernen computergesteuerten Ger\u00e4ten, mit denen wir einen qualitativ hochwertigen, langlebigen Schl\u00fcssel f\u00fcr Ihr Toyota-Fahrzeug herstellen. Wenn Sie nur einen Schl\u00fcssel haben oder Ihr Toyota-Schl\u00fcssel Ihr Auto nicht immer startet, empfehlen wir Ihnen, einen Ersatzschl\u00fcssel zu kaufen. So sparen Sie Zeit und Geld. Wir fertigen Schl\u00fcssel f\u00fcr verschiedene Toyota-Modelle. Das kann ein einfacher Schl\u00fcssel oder ein Schl\u00fcssel mit Wegfahrsperre sein. Wir k\u00f6nnen auch einen Smart Key anbieten (schl\u00fcsselloses Z\u00fcndsystem mit START\/STOP-Taste) Herstellung des mechanischen Teils des Schl\u00fcssels [embedyt] https:\/\/www.youtube.com\/watch?v=2Hrv-HPWx00[\/embedyt] Herstellung von Autoschl\u00fcsseln  Herstellung neuer Autoschl\u00fcssel, Programmierung der Schl\u00fcssel (&quot;Bindung&quot; an das Auto)  L\u00f6schen von zuvor verlorenen Schl\u00fcsseln aus dem Fahrzeugspeicher  Herstellung des Z\u00fcndschl\u00fcssels entsprechend dem Schloss  Reparatur von Autoschl\u00fcsseln (Ersatz von Tasten, Schalen, Mechanismen)  Auto-Notentriegelung  Umtausch von Schl\u00fcsseln, Schl\u00fcsseletuis  DPF \/ FAP Software-Abschaltung  Programmatische EGR-Entfernung  Deaktivierung der Wegfahrsperre-Software (immo Off)  Reparatur, Klonen, Programmieren von Motorsteuerger\u00e4ten (ECU)  SRS (Airbag-Steuerger\u00e4t-Programmierung)  Artikel werden innerhalb von 3 Arbeitstagen versandt.*\" \/>\n<meta property=\"og:url\" content=\"https:\/\/keys-for-auto.eu\/de\/product\/schlussel-herstellung-fur-yota-autos\/\" \/>\n<meta property=\"og:site_name\" content=\"Keys for auto\" \/>\n<meta property=\"article:publisher\" content=\"https:\/\/www.facebook.com\/KeysForAutoEU\" \/>\n<meta property=\"og:image\" content=\"https:\/\/i0.wp.com\/keys-for-auto.eu\/wp-content\/uploads\/2017\/12\/Toyota-keys.png?fit=1450%2C1438&ssl=1\" \/>\n\t<meta property=\"og:image:width\" content=\"1450\" \/>\n\t<meta property=\"og:image:height\" content=\"1438\" \/>\n\t<meta property=\"og:image:type\" content=\"image\/png\" \/>\n<meta name=\"twitter:card\" content=\"summary_large_image\" \/>\n<meta name=\"twitter:label1\" content=\"Gesch\u00e4tzte Lesezeit\" \/>\n\t<meta name=\"twitter:data1\" content=\"2\u00a0Minuten\" \/>\n<script type=\"application\/ld+json\" class=\"yoast-schema-graph\">{\"@context\":\"https:\\\/\\\/schema.org\",\"@graph\":[{\"@type\":[\"WebPage\",\"ItemPage\"],\"@id\":\"https:\\\/\\\/keys-for-auto.eu\\\/de\\\/product\\\/schlussel-herstellung-fur-yota-autos\\\/\",\"url\":\"https:\\\/\\\/keys-for-auto.eu\\\/de\\\/product\\\/schlussel-herstellung-fur-yota-autos\\\/\",\"name\":\"-\",\"isPartOf\":{\"@id\":\"https:\\\/\\\/keys-for-auto.eu\\\/de\\\/#website\"},\"primaryImageOfPage\":{\"@id\":\"https:\\\/\\\/keys-for-auto.eu\\\/de\\\/product\\\/schlussel-herstellung-fur-yota-autos\\\/#primaryimage\"},\"image\":{\"@id\":\"https:\\\/\\\/keys-for-auto.eu\\\/de\\\/product\\\/schlussel-herstellung-fur-yota-autos\\\/#primaryimage\"},\"thumbnailUrl\":\"https:\\\/\\\/keys-for-auto.eu\\\/wp-content\\\/uploads\\\/2017\\\/12\\\/Toyota-keys.png\",\"datePublished\":\"2017-12-03T17:54:41+00:00\",\"breadcrumb\":{\"@id\":\"https:\\\/\\\/keys-for-auto.eu\\\/de\\\/product\\\/schlussel-herstellung-fur-yota-autos\\\/#breadcrumb\"},\"inLanguage\":\"de\",\"potentialAction\":[{\"@type\":\"ReadAction\",\"target\":[\"https:\\\/\\\/keys-for-auto.eu\\\/de\\\/product\\\/schlussel-herstellung-fur-yota-autos\\\/\"]}]},{\"@type\":\"ImageObject\",\"inLanguage\":\"de\",\"@id\":\"https:\\\/\\\/keys-for-auto.eu\\\/de\\\/product\\\/schlussel-herstellung-fur-yota-autos\\\/#primaryimage\",\"url\":\"https:\\\/\\\/keys-for-auto.eu\\\/wp-content\\\/uploads\\\/2017\\\/12\\\/Toyota-keys.png\",\"contentUrl\":\"https:\\\/\\\/keys-for-auto.eu\\\/wp-content\\\/uploads\\\/2017\\\/12\\\/Toyota-keys.png\",\"width\":1450,\"height\":1438},{\"@type\":\"BreadcrumbList\",\"@id\":\"https:\\\/\\\/keys-for-auto.eu\\\/de\\\/product\\\/schlussel-herstellung-fur-yota-autos\\\/#breadcrumb\",\"itemListElement\":[{\"@type\":\"ListItem\",\"position\":1,\"name\":\"Startseite\",\"item\":\"https:\\\/\\\/keys-for-auto.eu\\\/de\\\/\"},{\"@type\":\"ListItem\",\"position\":2,\"name\":\"Shop\",\"item\":\"https:\\\/\\\/keys-for-auto.eu\\\/\"},{\"@type\":\"ListItem\",\"position\":3,\"name\":\"Schl\u00fcsselproduktion f\u00fcr Toyota-Fahrzeuge\"}]},{\"@type\":\"WebSite\",\"@id\":\"https:\\\/\\\/keys-for-auto.eu\\\/de\\\/#website\",\"url\":\"https:\\\/\\\/keys-for-auto.eu\\\/de\\\/\",\"name\":\"Keys for auto\",\"description\":\"Car keys,  key shells, key programming\",\"publisher\":{\"@id\":\"https:\\\/\\\/keys-for-auto.eu\\\/de\\\/#organization\"},\"potentialAction\":[{\"@type\":\"SearchAction\",\"target\":{\"@type\":\"EntryPoint\",\"urlTemplate\":\"https:\\\/\\\/keys-for-auto.eu\\\/de\\\/?s={search_term_string}\"},\"query-input\":{\"@type\":\"PropertyValueSpecification\",\"valueRequired\":true,\"valueName\":\"search_term_string\"}}],\"inLanguage\":\"de\"},{\"@type\":\"Organization\",\"@id\":\"https:\\\/\\\/keys-for-auto.eu\\\/de\\\/#organization\",\"name\":\"Schl\u00fcssel f\u00fcr Auto\",\"url\":\"https:\\\/\\\/keys-for-auto.eu\\\/de\\\/\",\"logo\":{\"@type\":\"ImageObject\",\"inLanguage\":\"de\",\"@id\":\"https:\\\/\\\/keys-for-auto.eu\\\/de\\\/#\\\/schema\\\/logo\\\/image\\\/\",\"url\":\"https:\\\/\\\/keys-for-auto.eu\\\/wp-content\\\/uploads\\\/2022\\\/11\\\/cropped-png1.png\",\"contentUrl\":\"https:\\\/\\\/keys-for-auto.eu\\\/wp-content\\\/uploads\\\/2022\\\/11\\\/cropped-png1.png\",\"width\":1000,\"height\":342,\"caption\":\"Schl\u00fcssel f\u00fcr Auto\"},\"image\":{\"@id\":\"https:\\\/\\\/keys-for-auto.eu\\\/de\\\/#\\\/schema\\\/logo\\\/image\\\/\"},\"sameAs\":[\"https:\\\/\\\/www.facebook.com\\\/KeysForAutoEU\"]}]}<\/script>\n<!-- \/ Yoast SEO plugin. -->","yoast_head_json":{"title":"-","robots":{"index":"index","follow":"follow","max-snippet":"max-snippet:-1","max-image-preview":"max-image-preview:large","max-video-preview":"max-video-preview:-1"},"canonical":"https:\/\/keys-for-auto.eu\/de\/product\/schlussel-herstellung-fur-yota-autos\/","og_locale":"de_DE","og_type":"article","og_title":"-","og_description":"Herstellung von Toyota-Schl\u00fcsseln  Herstellung von Toyota-Schl\u00fcsseln  Toyota Schl\u00fcssel  Toyota Schl\u00fcsselh\u00fclsen  Toyota Schl\u00fcssel Reparatur  Toyota Schl\u00fcsselprogrammierung Notentriegelung von Toyota-Fahrzeugen Wir fertigen schnell und effizient einen Schl\u00fcssel f\u00fcr Ihr Toyota-Fahrzeug. Herstellung von Toyota-Schl\u00fcsseln. Wir arbeiten ausschlie\u00dflich mit modernen computergesteuerten Ger\u00e4ten, mit denen wir einen qualitativ hochwertigen, langlebigen Schl\u00fcssel f\u00fcr Ihr Toyota-Fahrzeug herstellen. Wenn Sie nur einen Schl\u00fcssel haben oder Ihr Toyota-Schl\u00fcssel Ihr Auto nicht immer startet, empfehlen wir Ihnen, einen Ersatzschl\u00fcssel zu kaufen. So sparen Sie Zeit und Geld. Wir fertigen Schl\u00fcssel f\u00fcr verschiedene Toyota-Modelle. Das kann ein einfacher Schl\u00fcssel oder ein Schl\u00fcssel mit Wegfahrsperre sein. Wir k\u00f6nnen auch einen Smart Key anbieten (schl\u00fcsselloses Z\u00fcndsystem mit START\/STOP-Taste) Herstellung des mechanischen Teils des Schl\u00fcssels [embedyt] https:\/\/www.youtube.com\/watch?v=2Hrv-HPWx00[\/embedyt] Herstellung von Autoschl\u00fcsseln  Herstellung neuer Autoschl\u00fcssel, Programmierung der Schl\u00fcssel (\"Bindung\" an das Auto)  L\u00f6schen von zuvor verlorenen Schl\u00fcsseln aus dem Fahrzeugspeicher  Herstellung des Z\u00fcndschl\u00fcssels entsprechend dem Schloss  Reparatur von Autoschl\u00fcsseln (Ersatz von Tasten, Schalen, Mechanismen)  Auto-Notentriegelung  Umtausch von Schl\u00fcsseln, Schl\u00fcsseletuis  DPF \/ FAP Software-Abschaltung  Programmatische EGR-Entfernung  Deaktivierung der Wegfahrsperre-Software (immo Off)  Reparatur, Klonen, Programmieren von Motorsteuerger\u00e4ten (ECU)  SRS (Airbag-Steuerger\u00e4t-Programmierung)  Artikel werden innerhalb von 3 Arbeitstagen versandt.*","og_url":"https:\/\/keys-for-auto.eu\/de\/product\/schlussel-herstellung-fur-yota-autos\/","og_site_name":"Keys for auto","article_publisher":"https:\/\/www.facebook.com\/KeysForAutoEU","og_image":[{"width":1450,"height":1438,"url":"https:\/\/i0.wp.com\/keys-for-auto.eu\/wp-content\/uploads\/2017\/12\/Toyota-keys.png?fit=1450%2C1438&ssl=1","type":"image\/png"}],"twitter_card":"summary_large_image","twitter_misc":{"Gesch\u00e4tzte Lesezeit":"2\u00a0Minuten"},"schema":{"@context":"https:\/\/schema.org","@graph":[{"@type":["WebPage","ItemPage"],"@id":"https:\/\/keys-for-auto.eu\/de\/product\/schlussel-herstellung-fur-yota-autos\/","url":"https:\/\/keys-for-auto.eu\/de\/product\/schlussel-herstellung-fur-yota-autos\/","name":"-","isPartOf":{"@id":"https:\/\/keys-for-auto.eu\/de\/#website"},"primaryImageOfPage":{"@id":"https:\/\/keys-for-auto.eu\/de\/product\/schlussel-herstellung-fur-yota-autos\/#primaryimage"},"image":{"@id":"https:\/\/keys-for-auto.eu\/de\/product\/schlussel-herstellung-fur-yota-autos\/#primaryimage"},"thumbnailUrl":"https:\/\/keys-for-auto.eu\/wp-content\/uploads\/2017\/12\/Toyota-keys.png","datePublished":"2017-12-03T17:54:41+00:00","breadcrumb":{"@id":"https:\/\/keys-for-auto.eu\/de\/product\/schlussel-herstellung-fur-yota-autos\/#breadcrumb"},"inLanguage":"de","potentialAction":[{"@type":"ReadAction","target":["https:\/\/keys-for-auto.eu\/de\/product\/schlussel-herstellung-fur-yota-autos\/"]}]},{"@type":"ImageObject","inLanguage":"de","@id":"https:\/\/keys-for-auto.eu\/de\/product\/schlussel-herstellung-fur-yota-autos\/#primaryimage","url":"https:\/\/keys-for-auto.eu\/wp-content\/uploads\/2017\/12\/Toyota-keys.png","contentUrl":"https:\/\/keys-for-auto.eu\/wp-content\/uploads\/2017\/12\/Toyota-keys.png","width":1450,"height":1438},{"@type":"BreadcrumbList","@id":"https:\/\/keys-for-auto.eu\/de\/product\/schlussel-herstellung-fur-yota-autos\/#breadcrumb","itemListElement":[{"@type":"ListItem","position":1,"name":"Startseite","item":"https:\/\/keys-for-auto.eu\/de\/"},{"@type":"ListItem","position":2,"name":"Shop","item":"https:\/\/keys-for-auto.eu\/"},{"@type":"ListItem","position":3,"name":"Schl\u00fcsselproduktion f\u00fcr Toyota-Fahrzeuge"}]},{"@type":"WebSite","@id":"https:\/\/keys-for-auto.eu\/de\/#website","url":"https:\/\/keys-for-auto.eu\/de\/","name":"Keys for auto","description":"Car keys,  key shells, key programming","publisher":{"@id":"https:\/\/keys-for-auto.eu\/de\/#organization"},"potentialAction":[{"@type":"SearchAction","target":{"@type":"EntryPoint","urlTemplate":"https:\/\/keys-for-auto.eu\/de\/?s={search_term_string}"},"query-input":{"@type":"PropertyValueSpecification","valueRequired":true,"valueName":"search_term_string"}}],"inLanguage":"de"},{"@type":"Organization","@id":"https:\/\/keys-for-auto.eu\/de\/#organization","name":"Schl\u00fcssel f\u00fcr Auto","url":"https:\/\/keys-for-auto.eu\/de\/","logo":{"@type":"ImageObject","inLanguage":"de","@id":"https:\/\/keys-for-auto.eu\/de\/#\/schema\/logo\/image\/","url":"https:\/\/keys-for-auto.eu\/wp-content\/uploads\/2022\/11\/cropped-png1.png","contentUrl":"https:\/\/keys-for-auto.eu\/wp-content\/uploads\/2022\/11\/cropped-png1.png","width":1000,"height":342,"caption":"Schl\u00fcssel f\u00fcr Auto"},"image":{"@id":"https:\/\/keys-for-auto.eu\/de\/#\/schema\/logo\/image\/"},"sameAs":["https:\/\/www.facebook.com\/KeysForAutoEU"]}]}},"_links":{"self":[{"href":"https:\/\/keys-for-auto.eu\/de\/wp-json\/wp\/v2\/product\/16265","targetHints":{"allow":["GET"]}}],"collection":[{"href":"https:\/\/keys-for-auto.eu\/de\/wp-json\/wp\/v2\/product"}],"about":[{"href":"https:\/\/keys-for-auto.eu\/de\/wp-json\/wp\/v2\/types\/product"}],"replies":[{"embeddable":true,"href":"https:\/\/keys-for-auto.eu\/de\/wp-json\/wp\/v2\/comments?post=16265"}],"wp:featuredmedia":[{"embeddable":true,"href":"https:\/\/keys-for-auto.eu\/de\/wp-json\/wp\/v2\/media\/16008"}],"wp:attachment":[{"href":"https:\/\/keys-for-auto.eu\/de\/wp-json\/wp\/v2\/media?parent=16265"}],"wp:term":[{"taxonomy":"product_brand","embeddable":true,"href":"https:\/\/keys-for-auto.eu\/de\/wp-json\/wp\/v2\/product_brand?post=16265"},{"taxonomy":"product_cat","embeddable":true,"href":"https:\/\/keys-for-auto.eu\/de\/wp-json\/wp\/v2\/product_cat?post=16265"},{"taxonomy":"product_tag","embeddable":true,"href":"https:\/\/keys-for-auto.eu\/de\/wp-json\/wp\/v2\/product_tag?post=16265"}],"curies":[{"name":"wp","href":"https:\/\/api.w.org\/{rel}","templated":true}]}}