{"id":16262,"date":"2017-08-17T23:32:04","date_gmt":"2017-08-17T23:32:04","guid":{"rendered":"https:\/\/keys-for-auto.eu\/product\/schluesselproduktion-fuer-fiat-fahrzeuge\/"},"modified":"2017-08-17T23:32:04","modified_gmt":"2017-08-17T23:32:04","slug":"schlussel-produktion-fur-fiat-autos","status":"publish","type":"product","link":"https:\/\/keys-for-auto.eu\/de\/product\/schlussel-produktion-fur-fiat-autos\/","title":{"rendered":"Schl\u00fcsselproduktion f\u00fcr Fiat-Fahrzeuge"},"content":{"rendered":"<ul>\n<li>Produktion von Fiat-Schl\u00fcsseln<\/li>\n<li>Fiat Schl\u00fcssel Programmierung<\/li>\n<li>Reparatur von Fiat-Schl\u00fcsseln<\/li>\n<li>Notentriegelung von Fiat-Fahrzeugen<\/li>\n<\/ul>\n","protected":false},"excerpt":{"rendered":"<h3><strong>Herstellung von Autoschl\u00fcsseln<\/strong><\/h3>\n<ul>\n<li><strong>Herstellung neuer Autoschl\u00fcssel, Programmierung der Schl\u00fcssel (&#8222;Bindung&#8220; an das Auto)<\/strong><\/li>\n<li><strong>L\u00f6schen von zuvor verlorenen Schl\u00fcsseln aus dem Fahrzeugspeicher<\/strong><\/li>\n<li><strong>Herstellung des Z\u00fcndschl\u00fcssels entsprechend dem Schloss<\/strong><\/li>\n<li><strong>Reparatur von Autoschl\u00fcsseln (Ersatz von Tasten, Schalen, Mechanismen)<\/strong><\/li>\n<li><strong>Auto-Notentriegelung<\/strong><\/li>\n<li><strong>Umtausch von Schl\u00fcsseln, Schl\u00fcsseletuis<\/strong><\/li>\n<li><strong>DPF \/ FAP Software-Abschaltung<\/strong><\/li>\n<li><strong>Programmatische EGR-Entfernung<\/strong><\/li>\n<li><strong>Deaktivierung der Wegfahrsperre-Software (immo Off)<\/strong><\/li>\n<li><strong>Reparatur, Klonen, Programmieren von Motorsteuerger\u00e4ten (ECU)<\/strong><\/li>\n<li><strong>SRS (Airbag-Steuerger\u00e4t-Programmierung)<\/strong><\/li>\n<\/ul>\n<h4><strong>  Artikel werden innerhalb von 3 Arbeitstagen versandt.*<\/strong><\/h4>\n<h2>Merkmale der Fiat-Schl\u00fcsselproduktion<\/h2>\n<p>Fiat Schl\u00fcsselproduktion. Wenn Sie einen Schl\u00fcssel oder einen ganzen Schl\u00fcsselbund verlieren, brauchen Sie nicht traurig zu sein, denn ein Spezialist ist immer bereit, Ihnen bei der L\u00f6sung dieser schwierigen Aufgabe zu helfen. Die modernen technischen M\u00f6glichkeiten erlauben es dem Meister, neue Kopien von Autoschl\u00fcsseln entsprechend dem Schloss herzustellen. Besch\u00e4digte Ger\u00e4te werden repariert. Erforderlichenfalls Austausch des Geh\u00e4uses oder mechanische Wiederherstellung &#8211; Herstellung eines Schl\u00fcsselblatts aus einem Rohling. Mit Hilfe moderner, softwaregesteuerter Werkzeugmaschinen kann der Techniker die gew\u00fcnschten Parameter eingeben und erh\u00e4lt eine exakte Kopie des Originalschl\u00fcssels. Ein solches Verfahren ist relativ schnell durchgef\u00fchrt und dauert nur wenige Minuten. Das Vorhandensein eines Autos ist nicht immer erforderlich. Es reicht aus, den T\u00fcrgriff zu demontieren, damit der Techniker das Abbild des Schl\u00fcsselblatts vom Schloss reproduzieren kann.<\/p>\n<h2>Fiat Schl\u00fcsselproduktion | Chip Schl\u00fcsselproduktion<\/h2>\n<p>Bei Verlust eines Schl\u00fcssels empfiehlt es sich, seine Daten aus dem Speicher des Fahrzeugs zu l\u00f6schen, damit er nicht entwendet werden kann. In diesem Fall wird der Schl\u00fcssel w\u00e4hrend der Programmierung aus dem Speicher entfernt. Es ist nicht empfehlenswert, den Chip aus einem besch\u00e4digten Schl\u00fcssel selbst zu entfernen, da die Gefahr besteht, dass das Glaselement im Inneren zerbricht. In den meisten F\u00e4llen dauert die Herstellung eines Fiat-Schl\u00fcssels mit Chip-Programmierung etwa 20 Minuten. Es ist nicht notwendig, w\u00e4hrend des Verfahrens im Auto zu sitzen. In diesem Fall muss der Besitzer oder der Techniker jedoch die Einheit, die sich \u00fcber dem Pedal befindet und leicht zug\u00e4nglich ist, ausbauen.<\/p>\n<p>Wenn die Originalschl\u00fcssel verloren gegangen sind, werden die Nachschl\u00fcssel nach der Neuprogrammierung des Systems eingegeben. Konkret geht es zun\u00e4chst um die Einstellung und dann um die Synchronisierung der Duplikate mit der Fahrzeugsoftware. Wird mit dem Originalschl\u00fcssel eine Kopie des Fiat-Schl\u00fcssels angefertigt, so werden in diesem Fall die notwendigen Daten aus dem Originalschl\u00fcssel ausgelesen und auf den Duplikat-Chip \u00fcbertragen. Die \u00dcberpr\u00fcfung der Funktionalit\u00e4t ist der letzte Programmierschritt. Nach Abschluss aller Arbeiten \u00fcbernimmt der Meister eine Garantie f\u00fcr seine Leistungen, so dass der Kunde sicher sein kann, dass der Nachschl\u00fcssel frei von Problemen und Fehlfunktionen ist.<\/p>\n","protected":false},"featured_media":13310,"comment_status":"open","ping_status":"closed","template":"","meta":[],"product_brand":[],"product_cat":[740,2619],"product_tag":[2423,2193,2431,2194,2121,2435,2108,2443,2113,2097,2134,2415],"class_list":{"0":"post-16262","1":"product","2":"type-product","3":"status-publish","4":"has-post-thumbnail","6":"product_cat-fiat-de","7":"product_cat-herstellung-von-schlusseln","8":"product_tag-fiat-500-schlussel","9":"product_tag-fiat-500-schlusselgehause","10":"product_tag-fiat-brava-schlussel","11":"product_tag-fiat-brava-schlusselgehause","12":"product_tag-fiat-ducato-schlusselgehause","13":"product_tag-fiat-panda-schlussel","14":"product_tag-fiat-panda-schlusselgehause","15":"product_tag-fiat-punto-schlussel","16":"product_tag-fiat-punto-schlusselgehause","17":"product_tag-fiat-schlusselgehause","18":"product_tag-fiat-stilo-schlusselgehause","19":"product_tag-fiat-schlussel","21":"first","22":"instock","23":"shipping-taxable","24":"product-type-simple"},"yoast_head":"<!-- This site is optimized with the Yoast SEO plugin v27.6 - https:\/\/yoast.com\/product\/yoast-seo-wordpress\/ -->\n<title>-<\/title>\n<meta name=\"robots\" content=\"index, follow, max-snippet:-1, max-image-preview:large, max-video-preview:-1\" \/>\n<link rel=\"canonical\" href=\"https:\/\/keys-for-auto.eu\/de\/product\/schlussel-produktion-fur-fiat-autos\/\" \/>\n<meta property=\"og:locale\" content=\"de_DE\" \/>\n<meta property=\"og:type\" content=\"article\" \/>\n<meta property=\"og:title\" content=\"-\" \/>\n<meta property=\"og:description\" content=\"Herstellung von Autoschl\u00fcsseln  Herstellung neuer Autoschl\u00fcssel, Programmierung der Schl\u00fcssel (&quot;Bindung&quot; an das Auto)  L\u00f6schen von zuvor verlorenen Schl\u00fcsseln aus dem Fahrzeugspeicher  Herstellung des Z\u00fcndschl\u00fcssels entsprechend dem Schloss  Reparatur von Autoschl\u00fcsseln (Ersatz von Tasten, Schalen, Mechanismen)  Auto-Notentriegelung  Umtausch von Schl\u00fcsseln, Schl\u00fcsseletuis  DPF \/ FAP Software-Abschaltung  Programmatische EGR-Entfernung  Deaktivierung der Wegfahrsperre-Software (immo Off)  Reparatur, Klonen, Programmieren von Motorsteuerger\u00e4ten (ECU)  SRS (Airbag-Steuerger\u00e4t-Programmierung)  Artikel werden innerhalb von 3 Arbeitstagen versandt.* Merkmale der Fiat-Schl\u00fcsselproduktion Fiat Schl\u00fcsselproduktion. Wenn Sie einen Schl\u00fcssel oder einen ganzen Schl\u00fcsselbund verlieren, brauchen Sie nicht traurig zu sein, denn ein Spezialist ist immer bereit, Ihnen bei der L\u00f6sung dieser schwierigen Aufgabe zu helfen. Die modernen technischen M\u00f6glichkeiten erlauben es dem Meister, neue Kopien von Autoschl\u00fcsseln entsprechend dem Schloss herzustellen. Besch\u00e4digte Ger\u00e4te werden repariert. Erforderlichenfalls Austausch des Geh\u00e4uses oder mechanische Wiederherstellung - Herstellung eines Schl\u00fcsselblatts aus einem Rohling. Mit Hilfe moderner, softwaregesteuerter Werkzeugmaschinen kann der Techniker die gew\u00fcnschten Parameter eingeben und erh\u00e4lt eine exakte Kopie des Originalschl\u00fcssels. Ein solches Verfahren ist relativ schnell durchgef\u00fchrt und dauert nur wenige Minuten. Das Vorhandensein eines Autos ist nicht immer erforderlich. Es reicht aus, den T\u00fcrgriff zu demontieren, damit der Techniker das Abbild des Schl\u00fcsselblatts vom Schloss reproduzieren kann. Fiat Schl\u00fcsselproduktion | Chip Schl\u00fcsselproduktion Bei Verlust eines Schl\u00fcssels empfiehlt es sich, seine Daten aus dem Speicher des Fahrzeugs zu l\u00f6schen, damit er nicht entwendet werden kann. In diesem Fall wird der Schl\u00fcssel w\u00e4hrend der Programmierung aus dem Speicher entfernt. Es ist nicht empfehlenswert, den Chip aus einem besch\u00e4digten Schl\u00fcssel selbst zu entfernen, da die Gefahr besteht, dass das Glaselement im Inneren zerbricht. In den meisten F\u00e4llen dauert die Herstellung eines Fiat-Schl\u00fcssels mit Chip-Programmierung etwa 20 Minuten. Es ist nicht notwendig, w\u00e4hrend des Verfahrens im Auto zu sitzen. In diesem Fall muss der Besitzer oder der Techniker jedoch die Einheit, die sich \u00fcber dem Pedal befindet und leicht zug\u00e4nglich ist, ausbauen. Wenn die Originalschl\u00fcssel verloren gegangen sind, werden die Nachschl\u00fcssel nach der Neuprogrammierung des Systems eingegeben. Konkret geht es zun\u00e4chst um die Einstellung und dann um die Synchronisierung der Duplikate mit der Fahrzeugsoftware. Wird mit dem Originalschl\u00fcssel eine Kopie des Fiat-Schl\u00fcssels angefertigt, so werden in diesem Fall die notwendigen Daten aus dem Originalschl\u00fcssel ausgelesen und auf den Duplikat-Chip \u00fcbertragen. Die \u00dcberpr\u00fcfung der Funktionalit\u00e4t ist der letzte Programmierschritt. Nach Abschluss aller Arbeiten \u00fcbernimmt der Meister eine Garantie f\u00fcr seine Leistungen, so dass der Kunde sicher sein kann, dass der Nachschl\u00fcssel frei von Problemen und Fehlfunktionen ist.\" \/>\n<meta property=\"og:url\" content=\"https:\/\/keys-for-auto.eu\/de\/product\/schlussel-produktion-fur-fiat-autos\/\" \/>\n<meta property=\"og:site_name\" content=\"Keys for auto\" \/>\n<meta property=\"article:publisher\" content=\"https:\/\/www.facebook.com\/KeysForAutoEU\" \/>\n<meta property=\"og:image\" content=\"https:\/\/i0.wp.com\/keys-for-auto.eu\/wp-content\/uploads\/2022\/12\/admin-ajax__1_-removebg-preview-1.png?fit=496%2C435&ssl=1\" \/>\n\t<meta property=\"og:image:width\" content=\"496\" \/>\n\t<meta property=\"og:image:height\" content=\"435\" \/>\n\t<meta property=\"og:image:type\" content=\"image\/png\" \/>\n<meta name=\"twitter:card\" content=\"summary_large_image\" \/>\n<script type=\"application\/ld+json\" class=\"yoast-schema-graph\">{\"@context\":\"https:\\\/\\\/schema.org\",\"@graph\":[{\"@type\":[\"WebPage\",\"ItemPage\"],\"@id\":\"https:\\\/\\\/keys-for-auto.eu\\\/de\\\/product\\\/schlussel-produktion-fur-fiat-autos\\\/\",\"url\":\"https:\\\/\\\/keys-for-auto.eu\\\/de\\\/product\\\/schlussel-produktion-fur-fiat-autos\\\/\",\"name\":\"-\",\"isPartOf\":{\"@id\":\"https:\\\/\\\/keys-for-auto.eu\\\/de\\\/#website\"},\"primaryImageOfPage\":{\"@id\":\"https:\\\/\\\/keys-for-auto.eu\\\/de\\\/product\\\/schlussel-produktion-fur-fiat-autos\\\/#primaryimage\"},\"image\":{\"@id\":\"https:\\\/\\\/keys-for-auto.eu\\\/de\\\/product\\\/schlussel-produktion-fur-fiat-autos\\\/#primaryimage\"},\"thumbnailUrl\":\"https:\\\/\\\/keys-for-auto.eu\\\/wp-content\\\/uploads\\\/2022\\\/12\\\/admin-ajax__1_-removebg-preview-1.png\",\"datePublished\":\"2017-08-17T23:32:04+00:00\",\"breadcrumb\":{\"@id\":\"https:\\\/\\\/keys-for-auto.eu\\\/de\\\/product\\\/schlussel-produktion-fur-fiat-autos\\\/#breadcrumb\"},\"inLanguage\":\"de\",\"potentialAction\":[{\"@type\":\"ReadAction\",\"target\":[\"https:\\\/\\\/keys-for-auto.eu\\\/de\\\/product\\\/schlussel-produktion-fur-fiat-autos\\\/\"]}]},{\"@type\":\"ImageObject\",\"inLanguage\":\"de\",\"@id\":\"https:\\\/\\\/keys-for-auto.eu\\\/de\\\/product\\\/schlussel-produktion-fur-fiat-autos\\\/#primaryimage\",\"url\":\"https:\\\/\\\/keys-for-auto.eu\\\/wp-content\\\/uploads\\\/2022\\\/12\\\/admin-ajax__1_-removebg-preview-1.png\",\"contentUrl\":\"https:\\\/\\\/keys-for-auto.eu\\\/wp-content\\\/uploads\\\/2022\\\/12\\\/admin-ajax__1_-removebg-preview-1.png\",\"width\":496,\"height\":435},{\"@type\":\"BreadcrumbList\",\"@id\":\"https:\\\/\\\/keys-for-auto.eu\\\/de\\\/product\\\/schlussel-produktion-fur-fiat-autos\\\/#breadcrumb\",\"itemListElement\":[{\"@type\":\"ListItem\",\"position\":1,\"name\":\"Startseite\",\"item\":\"https:\\\/\\\/keys-for-auto.eu\\\/de\\\/\"},{\"@type\":\"ListItem\",\"position\":2,\"name\":\"Shop\",\"item\":\"https:\\\/\\\/keys-for-auto.eu\\\/\"},{\"@type\":\"ListItem\",\"position\":3,\"name\":\"Schl\u00fcsselproduktion f\u00fcr Fiat-Fahrzeuge\"}]},{\"@type\":\"WebSite\",\"@id\":\"https:\\\/\\\/keys-for-auto.eu\\\/de\\\/#website\",\"url\":\"https:\\\/\\\/keys-for-auto.eu\\\/de\\\/\",\"name\":\"Keys for auto\",\"description\":\"Car keys,  key shells, key programming\",\"publisher\":{\"@id\":\"https:\\\/\\\/keys-for-auto.eu\\\/de\\\/#organization\"},\"potentialAction\":[{\"@type\":\"SearchAction\",\"target\":{\"@type\":\"EntryPoint\",\"urlTemplate\":\"https:\\\/\\\/keys-for-auto.eu\\\/de\\\/?s={search_term_string}\"},\"query-input\":{\"@type\":\"PropertyValueSpecification\",\"valueRequired\":true,\"valueName\":\"search_term_string\"}}],\"inLanguage\":\"de\"},{\"@type\":\"Organization\",\"@id\":\"https:\\\/\\\/keys-for-auto.eu\\\/de\\\/#organization\",\"name\":\"Schl\u00fcssel f\u00fcr Auto\",\"url\":\"https:\\\/\\\/keys-for-auto.eu\\\/de\\\/\",\"logo\":{\"@type\":\"ImageObject\",\"inLanguage\":\"de\",\"@id\":\"https:\\\/\\\/keys-for-auto.eu\\\/de\\\/#\\\/schema\\\/logo\\\/image\\\/\",\"url\":\"https:\\\/\\\/keys-for-auto.eu\\\/wp-content\\\/uploads\\\/2022\\\/11\\\/cropped-png1.png\",\"contentUrl\":\"https:\\\/\\\/keys-for-auto.eu\\\/wp-content\\\/uploads\\\/2022\\\/11\\\/cropped-png1.png\",\"width\":1000,\"height\":342,\"caption\":\"Schl\u00fcssel f\u00fcr Auto\"},\"image\":{\"@id\":\"https:\\\/\\\/keys-for-auto.eu\\\/de\\\/#\\\/schema\\\/logo\\\/image\\\/\"},\"sameAs\":[\"https:\\\/\\\/www.facebook.com\\\/KeysForAutoEU\"]}]}<\/script>\n<!-- \/ Yoast SEO plugin. -->","yoast_head_json":{"title":"-","robots":{"index":"index","follow":"follow","max-snippet":"max-snippet:-1","max-image-preview":"max-image-preview:large","max-video-preview":"max-video-preview:-1"},"canonical":"https:\/\/keys-for-auto.eu\/de\/product\/schlussel-produktion-fur-fiat-autos\/","og_locale":"de_DE","og_type":"article","og_title":"-","og_description":"Herstellung von Autoschl\u00fcsseln  Herstellung neuer Autoschl\u00fcssel, Programmierung der Schl\u00fcssel (\"Bindung\" an das Auto)  L\u00f6schen von zuvor verlorenen Schl\u00fcsseln aus dem Fahrzeugspeicher  Herstellung des Z\u00fcndschl\u00fcssels entsprechend dem Schloss  Reparatur von Autoschl\u00fcsseln (Ersatz von Tasten, Schalen, Mechanismen)  Auto-Notentriegelung  Umtausch von Schl\u00fcsseln, Schl\u00fcsseletuis  DPF \/ FAP Software-Abschaltung  Programmatische EGR-Entfernung  Deaktivierung der Wegfahrsperre-Software (immo Off)  Reparatur, Klonen, Programmieren von Motorsteuerger\u00e4ten (ECU)  SRS (Airbag-Steuerger\u00e4t-Programmierung)  Artikel werden innerhalb von 3 Arbeitstagen versandt.* Merkmale der Fiat-Schl\u00fcsselproduktion Fiat Schl\u00fcsselproduktion. Wenn Sie einen Schl\u00fcssel oder einen ganzen Schl\u00fcsselbund verlieren, brauchen Sie nicht traurig zu sein, denn ein Spezialist ist immer bereit, Ihnen bei der L\u00f6sung dieser schwierigen Aufgabe zu helfen. Die modernen technischen M\u00f6glichkeiten erlauben es dem Meister, neue Kopien von Autoschl\u00fcsseln entsprechend dem Schloss herzustellen. Besch\u00e4digte Ger\u00e4te werden repariert. Erforderlichenfalls Austausch des Geh\u00e4uses oder mechanische Wiederherstellung - Herstellung eines Schl\u00fcsselblatts aus einem Rohling. Mit Hilfe moderner, softwaregesteuerter Werkzeugmaschinen kann der Techniker die gew\u00fcnschten Parameter eingeben und erh\u00e4lt eine exakte Kopie des Originalschl\u00fcssels. Ein solches Verfahren ist relativ schnell durchgef\u00fchrt und dauert nur wenige Minuten. Das Vorhandensein eines Autos ist nicht immer erforderlich. Es reicht aus, den T\u00fcrgriff zu demontieren, damit der Techniker das Abbild des Schl\u00fcsselblatts vom Schloss reproduzieren kann. Fiat Schl\u00fcsselproduktion | Chip Schl\u00fcsselproduktion Bei Verlust eines Schl\u00fcssels empfiehlt es sich, seine Daten aus dem Speicher des Fahrzeugs zu l\u00f6schen, damit er nicht entwendet werden kann. In diesem Fall wird der Schl\u00fcssel w\u00e4hrend der Programmierung aus dem Speicher entfernt. Es ist nicht empfehlenswert, den Chip aus einem besch\u00e4digten Schl\u00fcssel selbst zu entfernen, da die Gefahr besteht, dass das Glaselement im Inneren zerbricht. In den meisten F\u00e4llen dauert die Herstellung eines Fiat-Schl\u00fcssels mit Chip-Programmierung etwa 20 Minuten. Es ist nicht notwendig, w\u00e4hrend des Verfahrens im Auto zu sitzen. In diesem Fall muss der Besitzer oder der Techniker jedoch die Einheit, die sich \u00fcber dem Pedal befindet und leicht zug\u00e4nglich ist, ausbauen. Wenn die Originalschl\u00fcssel verloren gegangen sind, werden die Nachschl\u00fcssel nach der Neuprogrammierung des Systems eingegeben. Konkret geht es zun\u00e4chst um die Einstellung und dann um die Synchronisierung der Duplikate mit der Fahrzeugsoftware. Wird mit dem Originalschl\u00fcssel eine Kopie des Fiat-Schl\u00fcssels angefertigt, so werden in diesem Fall die notwendigen Daten aus dem Originalschl\u00fcssel ausgelesen und auf den Duplikat-Chip \u00fcbertragen. Die \u00dcberpr\u00fcfung der Funktionalit\u00e4t ist der letzte Programmierschritt. Nach Abschluss aller Arbeiten \u00fcbernimmt der Meister eine Garantie f\u00fcr seine Leistungen, so dass der Kunde sicher sein kann, dass der Nachschl\u00fcssel frei von Problemen und Fehlfunktionen ist.","og_url":"https:\/\/keys-for-auto.eu\/de\/product\/schlussel-produktion-fur-fiat-autos\/","og_site_name":"Keys for auto","article_publisher":"https:\/\/www.facebook.com\/KeysForAutoEU","og_image":[{"width":496,"height":435,"url":"https:\/\/i0.wp.com\/keys-for-auto.eu\/wp-content\/uploads\/2022\/12\/admin-ajax__1_-removebg-preview-1.png?fit=496%2C435&ssl=1","type":"image\/png"}],"twitter_card":"summary_large_image","schema":{"@context":"https:\/\/schema.org","@graph":[{"@type":["WebPage","ItemPage"],"@id":"https:\/\/keys-for-auto.eu\/de\/product\/schlussel-produktion-fur-fiat-autos\/","url":"https:\/\/keys-for-auto.eu\/de\/product\/schlussel-produktion-fur-fiat-autos\/","name":"-","isPartOf":{"@id":"https:\/\/keys-for-auto.eu\/de\/#website"},"primaryImageOfPage":{"@id":"https:\/\/keys-for-auto.eu\/de\/product\/schlussel-produktion-fur-fiat-autos\/#primaryimage"},"image":{"@id":"https:\/\/keys-for-auto.eu\/de\/product\/schlussel-produktion-fur-fiat-autos\/#primaryimage"},"thumbnailUrl":"https:\/\/keys-for-auto.eu\/wp-content\/uploads\/2022\/12\/admin-ajax__1_-removebg-preview-1.png","datePublished":"2017-08-17T23:32:04+00:00","breadcrumb":{"@id":"https:\/\/keys-for-auto.eu\/de\/product\/schlussel-produktion-fur-fiat-autos\/#breadcrumb"},"inLanguage":"de","potentialAction":[{"@type":"ReadAction","target":["https:\/\/keys-for-auto.eu\/de\/product\/schlussel-produktion-fur-fiat-autos\/"]}]},{"@type":"ImageObject","inLanguage":"de","@id":"https:\/\/keys-for-auto.eu\/de\/product\/schlussel-produktion-fur-fiat-autos\/#primaryimage","url":"https:\/\/keys-for-auto.eu\/wp-content\/uploads\/2022\/12\/admin-ajax__1_-removebg-preview-1.png","contentUrl":"https:\/\/keys-for-auto.eu\/wp-content\/uploads\/2022\/12\/admin-ajax__1_-removebg-preview-1.png","width":496,"height":435},{"@type":"BreadcrumbList","@id":"https:\/\/keys-for-auto.eu\/de\/product\/schlussel-produktion-fur-fiat-autos\/#breadcrumb","itemListElement":[{"@type":"ListItem","position":1,"name":"Startseite","item":"https:\/\/keys-for-auto.eu\/de\/"},{"@type":"ListItem","position":2,"name":"Shop","item":"https:\/\/keys-for-auto.eu\/"},{"@type":"ListItem","position":3,"name":"Schl\u00fcsselproduktion f\u00fcr Fiat-Fahrzeuge"}]},{"@type":"WebSite","@id":"https:\/\/keys-for-auto.eu\/de\/#website","url":"https:\/\/keys-for-auto.eu\/de\/","name":"Keys for auto","description":"Car keys,  key shells, key programming","publisher":{"@id":"https:\/\/keys-for-auto.eu\/de\/#organization"},"potentialAction":[{"@type":"SearchAction","target":{"@type":"EntryPoint","urlTemplate":"https:\/\/keys-for-auto.eu\/de\/?s={search_term_string}"},"query-input":{"@type":"PropertyValueSpecification","valueRequired":true,"valueName":"search_term_string"}}],"inLanguage":"de"},{"@type":"Organization","@id":"https:\/\/keys-for-auto.eu\/de\/#organization","name":"Schl\u00fcssel f\u00fcr Auto","url":"https:\/\/keys-for-auto.eu\/de\/","logo":{"@type":"ImageObject","inLanguage":"de","@id":"https:\/\/keys-for-auto.eu\/de\/#\/schema\/logo\/image\/","url":"https:\/\/keys-for-auto.eu\/wp-content\/uploads\/2022\/11\/cropped-png1.png","contentUrl":"https:\/\/keys-for-auto.eu\/wp-content\/uploads\/2022\/11\/cropped-png1.png","width":1000,"height":342,"caption":"Schl\u00fcssel f\u00fcr Auto"},"image":{"@id":"https:\/\/keys-for-auto.eu\/de\/#\/schema\/logo\/image\/"},"sameAs":["https:\/\/www.facebook.com\/KeysForAutoEU"]}]}},"_links":{"self":[{"href":"https:\/\/keys-for-auto.eu\/de\/wp-json\/wp\/v2\/product\/16262","targetHints":{"allow":["GET"]}}],"collection":[{"href":"https:\/\/keys-for-auto.eu\/de\/wp-json\/wp\/v2\/product"}],"about":[{"href":"https:\/\/keys-for-auto.eu\/de\/wp-json\/wp\/v2\/types\/product"}],"replies":[{"embeddable":true,"href":"https:\/\/keys-for-auto.eu\/de\/wp-json\/wp\/v2\/comments?post=16262"}],"wp:featuredmedia":[{"embeddable":true,"href":"https:\/\/keys-for-auto.eu\/de\/wp-json\/wp\/v2\/media\/13310"}],"wp:attachment":[{"href":"https:\/\/keys-for-auto.eu\/de\/wp-json\/wp\/v2\/media?parent=16262"}],"wp:term":[{"taxonomy":"product_brand","embeddable":true,"href":"https:\/\/keys-for-auto.eu\/de\/wp-json\/wp\/v2\/product_brand?post=16262"},{"taxonomy":"product_cat","embeddable":true,"href":"https:\/\/keys-for-auto.eu\/de\/wp-json\/wp\/v2\/product_cat?post=16262"},{"taxonomy":"product_tag","embeddable":true,"href":"https:\/\/keys-for-auto.eu\/de\/wp-json\/wp\/v2\/product_tag?post=16262"}],"curies":[{"name":"wp","href":"https:\/\/api.w.org\/{rel}","templated":true}]}}