{"id":16259,"date":"2017-12-03T21:27:04","date_gmt":"2017-12-03T21:27:04","guid":{"rendered":"https:\/\/keys-for-auto.eu\/product\/schluesselproduktion-fuer-subaru-fahrzeuge\/"},"modified":"2017-12-03T21:27:04","modified_gmt":"2017-12-03T21:27:04","slug":"schlussel-herstellung-fur-subaru-autos","status":"publish","type":"product","link":"https:\/\/keys-for-auto.eu\/de\/product\/schlussel-herstellung-fur-subaru-autos\/","title":{"rendered":"Schl\u00fcsselproduktion f\u00fcr Subaru-Fahrzeuge"},"content":{"rendered":"<h2>Herstellung von Subaru-Schl\u00fcsseln<\/h2>\n<p>Sie k\u00f6nnen sich an einen Spezialisten wenden, um einen Nachschl\u00fcssel anzufertigen, wenn Ihr Schl\u00fcssel abgebrochen, abgenutzt, verloren oder gestohlen wurde. Im Falle einer Aussperrung kann ein Fachmann helfen. F\u00fcr die Herstellung der Klinge, auf der das einzigartige Muster mit Hilfe einer Werkzeugmaschine erzeugt wird, kann eine der folgenden Materialarten verwendet werden:<\/p>\n<p>Stahl (das Duplikat nutzt sich mit der Zeit ab und muss ersetzt werden);<\/p>\n<p>Messing (Schl\u00fcssel aus Messing gelten als vielseitig und haben eine lange Lebensdauer);<\/p>\n<p>Silber-Nickel-Legierung (ein solches Produkt ist recht teuer, hat aber eine ausgezeichnete Lebensdauer).<\/p>\n<h2>Optionen zur Herstellung von Subaru-Schl\u00fcsselkopien<\/h2>\n<p>Nach der Herstellung der Klinge wird der Subaru-Wegfahrsperren-Chip von einem Spezialisten programmiert. Je nach den Besonderheiten der Situation wird eine von drei M\u00f6glichkeiten zur Durchf\u00fchrung dieses Verfahrens gew\u00e4hlt:<\/p>\n<p>\u00fcber die Diagnosestecker (normalerweise OBD2);<\/p>\n<p>\u00fcber den Arbeitsspeicher der Wegfahrsperre;<\/p>\n<p>durch das Kopieren von Chips.<\/p>\n<p>Je nach Fahrzeugmodell und Baujahr ist die Programmierung aus dem Arbeitsspeicher der Wegfahrsperre vorzunehmen, wenn dieser vorhanden ist, sowie im Falle eines BCM oder eines Steuerger\u00e4ts, eines Armaturenbretts oder einer Antenne. Beim Entriegeln des Fahrzeugs und bei der Programmierung des Wegfahrsperren-Chips \u00fcber OBD2 muss das Fahrzeug zugestellt werden, da spezielle Ger\u00e4te angeschlossen werden m\u00fcssen.<\/p>\n<p>Oft wird ein Hauptschl\u00fcssel ben\u00f6tigt, um eine Kopie des Schl\u00fcssels\/Chips zu erstellen, aber je nach Modell und Baujahr kann auch das Fahrzeug selbst erforderlich sein. Falls erforderlich, fertigt ein Spezialist einen Subaru-Schl\u00fcssel an, der zum Schloss passt. Die Reproduktion basiert auf dem Kern des Schlosses, der viele geheime Elemente enth\u00e4lt. So k\u00f6nnen Sie einen Stahlschl\u00fcssel (eine preiswerte und vielseitige Option), ein Duplikat in einem Kunststoffgeh\u00e4use (bequem zu benutzen, aber der obere Teil nutzt sich mit der Zeit ab), einen Schl\u00fcssel mit einer Chipkarte bestellen. Die letzte Art von Subaru-Schl\u00fcssel gilt als relativ neu &#8211; sie wird nur bei Modellen mit einem speziellen Sicherheitssystem verwendet.<\/p>\n","protected":false},"excerpt":{"rendered":"<h2>Wir fertigen und programmieren Schl\u00fcssel f\u00fcr Subaru-Fahrzeuge.<\/h2>\n<ul>\n<li>Herstellung von Subaru-Schl\u00fcsseln<\/li>\n<li>Subaru Schl\u00fcssel Programmierung<\/li>\n<li>Reparatur von Subaru-Schl\u00fcsseln<\/li>\n<li>Subaru-Schl\u00fcsselstellen<\/li>\n<li>Notentriegelung von Subaru-Fahrzeugen<\/li>\n<\/ul>\n<h3><strong>Herstellung von Autoschl\u00fcsseln<\/strong><\/h3>\n<ul>\n<li><strong>Herstellung neuer Autoschl\u00fcssel, Programmierung der Schl\u00fcssel (&#8222;Bindung&#8220; an das Auto)<\/strong><\/li>\n<li><strong>L\u00f6schen von zuvor verlorenen Schl\u00fcsseln aus dem Fahrzeugspeicher<\/strong><\/li>\n<li><strong>Herstellung des Z\u00fcndschl\u00fcssels entsprechend dem Schloss<\/strong><\/li>\n<li><strong>Reparatur von Autoschl\u00fcsseln (Ersatz von Tasten, Schalen, Mechanismen)<\/strong><\/li>\n<li><strong>Auto-Notentriegelung<\/strong><\/li>\n<li><strong>Umtausch von Schl\u00fcsseln, Schl\u00fcsseletuis<\/strong><\/li>\n<li><strong>DPF \/ FAP Software-Abschaltung<\/strong><\/li>\n<li><strong>Programmatische EGR-Entfernung<\/strong><\/li>\n<li><strong>Deaktivierung der Wegfahrsperre-Software (immo Off)<\/strong><\/li>\n<li><strong>Reparatur, Klonen, Programmieren von Motorsteuerger\u00e4ten (ECU)<\/strong><\/li>\n<li><strong>SRS (Airbag-Steuerger\u00e4t-Programmierung)<\/strong><\/li>\n<\/ul>\n<h4><strong>  Artikel werden innerhalb von 3 Arbeitstagen versandt.*<\/strong><\/h4>\n","protected":false},"featured_media":14555,"comment_status":"open","ping_status":"closed","template":"","meta":[],"product_brand":[],"product_cat":[2619,2312],"product_tag":[2621,2624,2549,2379,2384,2626,2555,2319,2335,2397,2630,2570,2402,2562,2326],"class_list":{"0":"post-16259","1":"product","2":"type-product","3":"status-publish","4":"has-post-thumbnail","6":"product_cat-herstellung-von-schlusseln","7":"product_cat-subaru-de","8":"product_tag-subaru-de","9":"product_tag-subaru-forester-de","10":"product_tag-subaru-forester-schlussel","11":"product_tag-subaru-forester-schlusselgehause","12":"product_tag-subaru-impreza-schlusselgehause","13":"product_tag-subaru-legacy-de","14":"product_tag-subaru-legacy-schlussel","15":"product_tag-subaru-legacy-schlusselgehause","16":"product_tag-subaru-outback-schlusselgehause","17":"product_tag-subaru-schlussel-forester-gehause","18":"product_tag-subaru-tribeca-de","19":"product_tag-subaru-tribeca-schlussel","20":"product_tag-subaru-tribeca-schlusselgehause","21":"product_tag-subaru-schlussel","22":"product_tag-subaru-schlusselgehause","24":"first","25":"instock","26":"shipping-taxable","27":"product-type-simple"},"yoast_head":"<!-- This site is optimized with the Yoast SEO plugin v27.3 - https:\/\/yoast.com\/product\/yoast-seo-wordpress\/ -->\n<title>-<\/title>\n<meta name=\"robots\" content=\"index, follow, max-snippet:-1, max-image-preview:large, max-video-preview:-1\" \/>\n<link rel=\"canonical\" href=\"https:\/\/keys-for-auto.eu\/de\/product\/schlussel-herstellung-fur-subaru-autos\/\" \/>\n<meta property=\"og:locale\" content=\"de_DE\" \/>\n<meta property=\"og:type\" content=\"article\" \/>\n<meta property=\"og:title\" content=\"-\" \/>\n<meta property=\"og:description\" content=\"Wir fertigen und programmieren Schl\u00fcssel f\u00fcr Subaru-Fahrzeuge.  Herstellung von Subaru-Schl\u00fcsseln  Subaru Schl\u00fcssel Programmierung  Reparatur von Subaru-Schl\u00fcsseln  Subaru-Schl\u00fcsselstellen  Notentriegelung von Subaru-Fahrzeugen Herstellung von Autoschl\u00fcsseln  Herstellung neuer Autoschl\u00fcssel, Programmierung der Schl\u00fcssel (&quot;Bindung&quot; an das Auto)  L\u00f6schen von zuvor verlorenen Schl\u00fcsseln aus dem Fahrzeugspeicher  Herstellung des Z\u00fcndschl\u00fcssels entsprechend dem Schloss  Reparatur von Autoschl\u00fcsseln (Ersatz von Tasten, Schalen, Mechanismen)  Auto-Notentriegelung  Umtausch von Schl\u00fcsseln, Schl\u00fcsseletuis  DPF \/ FAP Software-Abschaltung  Programmatische EGR-Entfernung  Deaktivierung der Wegfahrsperre-Software (immo Off)  Reparatur, Klonen, Programmieren von Motorsteuerger\u00e4ten (ECU)  SRS (Airbag-Steuerger\u00e4t-Programmierung)  Artikel werden innerhalb von 3 Arbeitstagen versandt.*\" \/>\n<meta property=\"og:url\" content=\"https:\/\/keys-for-auto.eu\/de\/product\/schlussel-herstellung-fur-subaru-autos\/\" \/>\n<meta property=\"og:site_name\" content=\"Keys for auto\" \/>\n<meta property=\"article:publisher\" content=\"https:\/\/www.facebook.com\/KeysForAutoEU\" \/>\n<meta property=\"og:image\" content=\"https:\/\/keys-for-auto.eu\/wp-content\/uploads\/2022\/12\/admin-ajax-removebg-preview-2-1.png\" \/>\n\t<meta property=\"og:image:width\" content=\"400\" \/>\n\t<meta property=\"og:image:height\" content=\"398\" \/>\n\t<meta property=\"og:image:type\" content=\"image\/png\" \/>\n<meta name=\"twitter:card\" content=\"summary_large_image\" \/>\n<meta name=\"twitter:label1\" content=\"Gesch\u00e4tzte Lesezeit\" \/>\n\t<meta name=\"twitter:data1\" content=\"2\u00a0Minuten\" \/>\n<script type=\"application\/ld+json\" class=\"yoast-schema-graph\">{\"@context\":\"https:\\\/\\\/schema.org\",\"@graph\":[{\"@type\":[\"WebPage\",\"ItemPage\"],\"@id\":\"https:\\\/\\\/keys-for-auto.eu\\\/de\\\/product\\\/schlussel-herstellung-fur-subaru-autos\\\/\",\"url\":\"https:\\\/\\\/keys-for-auto.eu\\\/de\\\/product\\\/schlussel-herstellung-fur-subaru-autos\\\/\",\"name\":\"-\",\"isPartOf\":{\"@id\":\"https:\\\/\\\/keys-for-auto.eu\\\/de\\\/#website\"},\"primaryImageOfPage\":{\"@id\":\"https:\\\/\\\/keys-for-auto.eu\\\/de\\\/product\\\/schlussel-herstellung-fur-subaru-autos\\\/#primaryimage\"},\"image\":{\"@id\":\"https:\\\/\\\/keys-for-auto.eu\\\/de\\\/product\\\/schlussel-herstellung-fur-subaru-autos\\\/#primaryimage\"},\"thumbnailUrl\":\"https:\\\/\\\/keys-for-auto.eu\\\/wp-content\\\/uploads\\\/2022\\\/12\\\/admin-ajax-removebg-preview-2-1.png\",\"datePublished\":\"2017-12-03T21:27:04+00:00\",\"breadcrumb\":{\"@id\":\"https:\\\/\\\/keys-for-auto.eu\\\/de\\\/product\\\/schlussel-herstellung-fur-subaru-autos\\\/#breadcrumb\"},\"inLanguage\":\"de\",\"potentialAction\":[{\"@type\":\"ReadAction\",\"target\":[\"https:\\\/\\\/keys-for-auto.eu\\\/de\\\/product\\\/schlussel-herstellung-fur-subaru-autos\\\/\"]}]},{\"@type\":\"ImageObject\",\"inLanguage\":\"de\",\"@id\":\"https:\\\/\\\/keys-for-auto.eu\\\/de\\\/product\\\/schlussel-herstellung-fur-subaru-autos\\\/#primaryimage\",\"url\":\"https:\\\/\\\/keys-for-auto.eu\\\/wp-content\\\/uploads\\\/2022\\\/12\\\/admin-ajax-removebg-preview-2-1.png\",\"contentUrl\":\"https:\\\/\\\/keys-for-auto.eu\\\/wp-content\\\/uploads\\\/2022\\\/12\\\/admin-ajax-removebg-preview-2-1.png\",\"width\":400,\"height\":398},{\"@type\":\"BreadcrumbList\",\"@id\":\"https:\\\/\\\/keys-for-auto.eu\\\/de\\\/product\\\/schlussel-herstellung-fur-subaru-autos\\\/#breadcrumb\",\"itemListElement\":[{\"@type\":\"ListItem\",\"position\":1,\"name\":\"Startseite\",\"item\":\"https:\\\/\\\/keys-for-auto.eu\\\/de\\\/\"},{\"@type\":\"ListItem\",\"position\":2,\"name\":\"Shop\",\"item\":\"https:\\\/\\\/keys-for-auto.eu\\\/\"},{\"@type\":\"ListItem\",\"position\":3,\"name\":\"Schl\u00fcsselproduktion f\u00fcr Subaru-Fahrzeuge\"}]},{\"@type\":\"WebSite\",\"@id\":\"https:\\\/\\\/keys-for-auto.eu\\\/de\\\/#website\",\"url\":\"https:\\\/\\\/keys-for-auto.eu\\\/de\\\/\",\"name\":\"Keys for auto\",\"description\":\"Car keys,  key shells, key programming\",\"publisher\":{\"@id\":\"https:\\\/\\\/keys-for-auto.eu\\\/de\\\/#organization\"},\"potentialAction\":[{\"@type\":\"SearchAction\",\"target\":{\"@type\":\"EntryPoint\",\"urlTemplate\":\"https:\\\/\\\/keys-for-auto.eu\\\/de\\\/?s={search_term_string}\"},\"query-input\":{\"@type\":\"PropertyValueSpecification\",\"valueRequired\":true,\"valueName\":\"search_term_string\"}}],\"inLanguage\":\"de\"},{\"@type\":\"Organization\",\"@id\":\"https:\\\/\\\/keys-for-auto.eu\\\/de\\\/#organization\",\"name\":\"Schl\u00fcssel f\u00fcr Auto\",\"url\":\"https:\\\/\\\/keys-for-auto.eu\\\/de\\\/\",\"logo\":{\"@type\":\"ImageObject\",\"inLanguage\":\"de\",\"@id\":\"https:\\\/\\\/keys-for-auto.eu\\\/de\\\/#\\\/schema\\\/logo\\\/image\\\/\",\"url\":\"https:\\\/\\\/keys-for-auto.eu\\\/wp-content\\\/uploads\\\/2022\\\/11\\\/cropped-png1.png\",\"contentUrl\":\"https:\\\/\\\/keys-for-auto.eu\\\/wp-content\\\/uploads\\\/2022\\\/11\\\/cropped-png1.png\",\"width\":1000,\"height\":342,\"caption\":\"Schl\u00fcssel f\u00fcr Auto\"},\"image\":{\"@id\":\"https:\\\/\\\/keys-for-auto.eu\\\/de\\\/#\\\/schema\\\/logo\\\/image\\\/\"},\"sameAs\":[\"https:\\\/\\\/www.facebook.com\\\/KeysForAutoEU\"]}]}<\/script>\n<!-- \/ Yoast SEO plugin. -->","yoast_head_json":{"title":"-","robots":{"index":"index","follow":"follow","max-snippet":"max-snippet:-1","max-image-preview":"max-image-preview:large","max-video-preview":"max-video-preview:-1"},"canonical":"https:\/\/keys-for-auto.eu\/de\/product\/schlussel-herstellung-fur-subaru-autos\/","og_locale":"de_DE","og_type":"article","og_title":"-","og_description":"Wir fertigen und programmieren Schl\u00fcssel f\u00fcr Subaru-Fahrzeuge.  Herstellung von Subaru-Schl\u00fcsseln  Subaru Schl\u00fcssel Programmierung  Reparatur von Subaru-Schl\u00fcsseln  Subaru-Schl\u00fcsselstellen  Notentriegelung von Subaru-Fahrzeugen Herstellung von Autoschl\u00fcsseln  Herstellung neuer Autoschl\u00fcssel, Programmierung der Schl\u00fcssel (\"Bindung\" an das Auto)  L\u00f6schen von zuvor verlorenen Schl\u00fcsseln aus dem Fahrzeugspeicher  Herstellung des Z\u00fcndschl\u00fcssels entsprechend dem Schloss  Reparatur von Autoschl\u00fcsseln (Ersatz von Tasten, Schalen, Mechanismen)  Auto-Notentriegelung  Umtausch von Schl\u00fcsseln, Schl\u00fcsseletuis  DPF \/ FAP Software-Abschaltung  Programmatische EGR-Entfernung  Deaktivierung der Wegfahrsperre-Software (immo Off)  Reparatur, Klonen, Programmieren von Motorsteuerger\u00e4ten (ECU)  SRS (Airbag-Steuerger\u00e4t-Programmierung)  Artikel werden innerhalb von 3 Arbeitstagen versandt.*","og_url":"https:\/\/keys-for-auto.eu\/de\/product\/schlussel-herstellung-fur-subaru-autos\/","og_site_name":"Keys for auto","article_publisher":"https:\/\/www.facebook.com\/KeysForAutoEU","og_image":[{"width":400,"height":398,"url":"https:\/\/keys-for-auto.eu\/wp-content\/uploads\/2022\/12\/admin-ajax-removebg-preview-2-1.png","type":"image\/png"}],"twitter_card":"summary_large_image","twitter_misc":{"Gesch\u00e4tzte Lesezeit":"2\u00a0Minuten"},"schema":{"@context":"https:\/\/schema.org","@graph":[{"@type":["WebPage","ItemPage"],"@id":"https:\/\/keys-for-auto.eu\/de\/product\/schlussel-herstellung-fur-subaru-autos\/","url":"https:\/\/keys-for-auto.eu\/de\/product\/schlussel-herstellung-fur-subaru-autos\/","name":"-","isPartOf":{"@id":"https:\/\/keys-for-auto.eu\/de\/#website"},"primaryImageOfPage":{"@id":"https:\/\/keys-for-auto.eu\/de\/product\/schlussel-herstellung-fur-subaru-autos\/#primaryimage"},"image":{"@id":"https:\/\/keys-for-auto.eu\/de\/product\/schlussel-herstellung-fur-subaru-autos\/#primaryimage"},"thumbnailUrl":"https:\/\/keys-for-auto.eu\/wp-content\/uploads\/2022\/12\/admin-ajax-removebg-preview-2-1.png","datePublished":"2017-12-03T21:27:04+00:00","breadcrumb":{"@id":"https:\/\/keys-for-auto.eu\/de\/product\/schlussel-herstellung-fur-subaru-autos\/#breadcrumb"},"inLanguage":"de","potentialAction":[{"@type":"ReadAction","target":["https:\/\/keys-for-auto.eu\/de\/product\/schlussel-herstellung-fur-subaru-autos\/"]}]},{"@type":"ImageObject","inLanguage":"de","@id":"https:\/\/keys-for-auto.eu\/de\/product\/schlussel-herstellung-fur-subaru-autos\/#primaryimage","url":"https:\/\/keys-for-auto.eu\/wp-content\/uploads\/2022\/12\/admin-ajax-removebg-preview-2-1.png","contentUrl":"https:\/\/keys-for-auto.eu\/wp-content\/uploads\/2022\/12\/admin-ajax-removebg-preview-2-1.png","width":400,"height":398},{"@type":"BreadcrumbList","@id":"https:\/\/keys-for-auto.eu\/de\/product\/schlussel-herstellung-fur-subaru-autos\/#breadcrumb","itemListElement":[{"@type":"ListItem","position":1,"name":"Startseite","item":"https:\/\/keys-for-auto.eu\/de\/"},{"@type":"ListItem","position":2,"name":"Shop","item":"https:\/\/keys-for-auto.eu\/"},{"@type":"ListItem","position":3,"name":"Schl\u00fcsselproduktion f\u00fcr Subaru-Fahrzeuge"}]},{"@type":"WebSite","@id":"https:\/\/keys-for-auto.eu\/de\/#website","url":"https:\/\/keys-for-auto.eu\/de\/","name":"Keys for auto","description":"Car keys,  key shells, key programming","publisher":{"@id":"https:\/\/keys-for-auto.eu\/de\/#organization"},"potentialAction":[{"@type":"SearchAction","target":{"@type":"EntryPoint","urlTemplate":"https:\/\/keys-for-auto.eu\/de\/?s={search_term_string}"},"query-input":{"@type":"PropertyValueSpecification","valueRequired":true,"valueName":"search_term_string"}}],"inLanguage":"de"},{"@type":"Organization","@id":"https:\/\/keys-for-auto.eu\/de\/#organization","name":"Schl\u00fcssel f\u00fcr Auto","url":"https:\/\/keys-for-auto.eu\/de\/","logo":{"@type":"ImageObject","inLanguage":"de","@id":"https:\/\/keys-for-auto.eu\/de\/#\/schema\/logo\/image\/","url":"https:\/\/keys-for-auto.eu\/wp-content\/uploads\/2022\/11\/cropped-png1.png","contentUrl":"https:\/\/keys-for-auto.eu\/wp-content\/uploads\/2022\/11\/cropped-png1.png","width":1000,"height":342,"caption":"Schl\u00fcssel f\u00fcr Auto"},"image":{"@id":"https:\/\/keys-for-auto.eu\/de\/#\/schema\/logo\/image\/"},"sameAs":["https:\/\/www.facebook.com\/KeysForAutoEU"]}]}},"_links":{"self":[{"href":"https:\/\/keys-for-auto.eu\/de\/wp-json\/wp\/v2\/product\/16259","targetHints":{"allow":["GET"]}}],"collection":[{"href":"https:\/\/keys-for-auto.eu\/de\/wp-json\/wp\/v2\/product"}],"about":[{"href":"https:\/\/keys-for-auto.eu\/de\/wp-json\/wp\/v2\/types\/product"}],"replies":[{"embeddable":true,"href":"https:\/\/keys-for-auto.eu\/de\/wp-json\/wp\/v2\/comments?post=16259"}],"wp:featuredmedia":[{"embeddable":true,"href":"https:\/\/keys-for-auto.eu\/de\/wp-json\/wp\/v2\/media\/14555"}],"wp:attachment":[{"href":"https:\/\/keys-for-auto.eu\/de\/wp-json\/wp\/v2\/media?parent=16259"}],"wp:term":[{"taxonomy":"product_brand","embeddable":true,"href":"https:\/\/keys-for-auto.eu\/de\/wp-json\/wp\/v2\/product_brand?post=16259"},{"taxonomy":"product_cat","embeddable":true,"href":"https:\/\/keys-for-auto.eu\/de\/wp-json\/wp\/v2\/product_cat?post=16259"},{"taxonomy":"product_tag","embeddable":true,"href":"https:\/\/keys-for-auto.eu\/de\/wp-json\/wp\/v2\/product_tag?post=16259"}],"curies":[{"name":"wp","href":"https:\/\/api.w.org\/{rel}","templated":true}]}}