{"id":16204,"date":"2016-04-02T18:58:05","date_gmt":"2016-04-02T18:58:05","guid":{"rendered":"https:\/\/keys-for-auto.eu\/product\/fernbedienungsschluessel-passend-fuer-bmw-3-5-7-x5-x3-z4-e38-e39-e46\/"},"modified":"2016-04-02T18:58:05","modified_gmt":"2016-04-02T18:58:05","slug":"remote-control-key-suitable-for-bmw-3-5-7-x5-x3-z4-e38-e39-e46","status":"publish","type":"product","link":"https:\/\/keys-for-auto.eu\/de\/product\/remote-control-key-suitable-for-bmw-3-5-7-x5-x3-z4-e38-e39-e46\/","title":{"rendered":"Fernbedienungsschl\u00fcssel &#8211; passend f\u00fcr BMW 3 | 5 | 7 | X5 | X3 | Z4 | E38 | E39 | E46"},"content":{"rendered":"<p>BMW Fernbedienungsschl\u00fcssel passend f\u00fcr 3, 5, 7, X5, X3, Z4, E38, E39, E46. Es handelt sich um einen Drei-Tasten-Schl\u00fcssel, mit Fernbedienungs-Chip, Transponder-Chip und neuem Element. Der Schl\u00fcssel muss programmiert werden. Sie k\u00f6nnen diese Dienstleistung bei uns bestellen. Wir programmieren seit vielen Jahren Schl\u00fcssel und arbeiten ausschlie\u00dflich mit der neuesten Technologie. Die Schl\u00fcssel werden von Experten auf ihrem Gebiet programmiert.<\/p>\n<p>Der Fernbedienungs-Chip und der im Schl\u00fcssel eingebettete Transponder (Chip) sind die Hauptvorteile dieses Schl\u00fcssels, da Ihr Auto mit dem Transponder wirksamer vor dem Wegfahren gesch\u00fctzt wird. Der Transponder ist n\u00e4mlich aus Sicherheitsgr\u00fcnden im Kopf des Schl\u00fcssels (im Inneren des Schl\u00fcssels) eingebettet, und es ist nur mit Hilfe spezieller Ger\u00e4te m\u00f6glich, festzustellen, ob es sich um einen Schl\u00fcssel mit Transponder oder um einen normalen Schl\u00fcssel handelt. Ein weiterer Punkt, den man \u00fcber Transponderschl\u00fcssel wissen sollte, ist, dass sie keine permanente Stromversorgung haben und mit einer sehr kurzen Reichweite von 1-10 cm arbeiten. Es ist daher praktisch unm\u00f6glich, seine Arbeitsweise zu verfolgen oder zu \u00fcberpr\u00fcfen.<\/p>\n<p>Wenn Sie die Programmierung eines BMW Funkschl\u00fcssels ben\u00f6tigen oder sich f\u00fcr den Kauf eines Funkschl\u00fcssels f\u00fcr Ihren BMW 3, 5, 7, X5, X3, Z4, E38, E39 oder E46 entschieden haben, kontaktieren Sie uns bitte! Wir programmieren Ihre Schl\u00fcssel, garantieren f\u00fcr unsere Arbeit und bieten unseren Kunden ein H\u00f6chstma\u00df an Beratung und Service.<\/p>\n<p>Die Programmierung von Autoschl\u00fcsseln entwickelt sich st\u00e4ndig weiter. Wir bem\u00fchen uns, mit den wichtigsten Trends in der Schl\u00fcsselherstellung Schritt zu halten, und unsere Kunden, die BMW Funkschl\u00fcssel bestellen, genie\u00dfen die problemlose Nutzung und die Zufriedenheit, zuverl\u00e4ssige Spezialisten f\u00fcr die Programmierung und den Verkauf von Autoschl\u00fcsseln gefunden zu haben.<\/p>\n<p>Wenn Sie sich an uns wenden, wird die Herstellung Ihrer Schl\u00fcssel kosteng\u00fcnstig sein und der Service wird schnell und auf hohem Niveau erbracht. Autoschl\u00fcssel sind unser Spezialgebiet, ein Bereich, in dem wir uns stark f\u00fchlen und positives Feedback von unseren Kunden erhalten. Dies ist f\u00fcr uns ein Ansporn, unsere Aktivit\u00e4ten weiter auszubauen und zu verbessern.<\/p>\n","protected":false},"excerpt":{"rendered":"<p><em><strong>Geeignet f\u00fcr BMW Drei-Tasten-Schl\u00fcssel mit Fernbedienung Mikrochip mit Transponder (Chip) und neue Element.der Schl\u00fcssel muss die Programmierung.<\/strong><\/em><\/p>\n<p><em><strong>Geeignet f\u00fcr:<\/strong><\/em><\/p>\n<p><em><strong>BMW 3<\/strong><\/em><\/p>\n<p><em><strong>BMW 5<\/strong><\/em><\/p>\n<p><em><strong>BMW 3 BMW 7<\/strong><\/em><\/p>\n<p><em><strong>BMW X5<\/strong><\/em><\/p>\n<p><em><strong>BMW X3<\/strong><\/em><\/p>\n<p><em><strong>BMW Z4<\/strong><\/em><\/p>\n<p><em><strong>BMW E38<\/strong><\/em><\/p>\n<p><em><strong>BMW E39<\/strong><\/em><\/p>\n<p><em><strong>BMW E46<\/strong><\/em><\/p>\n<h3><strong>Herstellung von Autoschl\u00fcsseln<\/strong><\/h3>\n<ul>\n<li><strong>Herstellung neuer Autoschl\u00fcssel, Programmierung der Schl\u00fcssel (&#8222;Bindung&#8220; an das Auto)<\/strong><\/li>\n<li><strong>L\u00f6schen von zuvor verlorenen Schl\u00fcsseln aus dem Fahrzeugspeicher<\/strong><\/li>\n<li><strong>Herstellung des Z\u00fcndschl\u00fcssels entsprechend dem Schloss<\/strong><\/li>\n<li><strong>Reparatur von Autoschl\u00fcsseln (Ersatz von Tasten, Schalen, Mechanismen)<\/strong><\/li>\n<li><strong>Auto-Notentriegelung<\/strong><\/li>\n<li><strong>Umtausch von Schl\u00fcsseln, Schl\u00fcsseletuis<\/strong><\/li>\n<li><strong>DPF \/ FAP Software-Abschaltung<\/strong><\/li>\n<li><strong>Programmatische EGR-Entfernung<\/strong><\/li>\n<li><strong>Deaktivierung der Wegfahrsperre-Software (immo Off)<\/strong><\/li>\n<li><strong>Reparatur, Klonen, Programmieren von Motorsteuerger\u00e4ten (ECU)<\/strong><\/li>\n<li><strong>SRS (Airbag-Steuerger\u00e4t-Programmierung)<\/strong><\/li>\n<\/ul>\n<h4><strong>  Artikel werden innerhalb von 3 Arbeitstagen versandt.*<\/strong><\/h4>\n<p>&nbsp;<\/p>\n<p>&nbsp;<\/p>\n<p>&nbsp;<\/p>\n","protected":false},"featured_media":12710,"comment_status":"open","ping_status":"closed","template":"","meta":[],"product_brand":[],"product_cat":[2098,2292],"product_tag":[2418,2496,2420,2502,2482,2503,2429],"class_list":{"0":"post-16204","1":"product","2":"type-product","3":"status-publish","4":"has-post-thumbnail","6":"product_cat-bmw-de","7":"product_cat-tasten-der-fernbedienung","8":"product_tag-bmw-3-schlussel","9":"product_tag-bmw-5er-schlussel","10":"product_tag-bmw-7-schlussel","11":"product_tag-bmw-x3-schlussel","12":"product_tag-bmw-x5-schlussel","13":"product_tag-bmw-z4-schlussel","14":"product_tag-bmw-schlussel-de","16":"first","17":"instock","18":"shipping-taxable","19":"purchasable","20":"product-type-simple"},"yoast_head":"<!-- This site is optimized with the Yoast SEO plugin v27.3 - https:\/\/yoast.com\/product\/yoast-seo-wordpress\/ -->\n<title>-<\/title>\n<meta name=\"robots\" content=\"index, follow, max-snippet:-1, max-image-preview:large, max-video-preview:-1\" \/>\n<link rel=\"canonical\" href=\"https:\/\/keys-for-auto.eu\/de\/product\/remote-control-key-suitable-for-bmw-3-5-7-x5-x3-z4-e38-e39-e46\/\" \/>\n<meta property=\"og:locale\" content=\"de_DE\" \/>\n<meta property=\"og:type\" content=\"article\" \/>\n<meta property=\"og:title\" content=\"-\" \/>\n<meta property=\"og:description\" content=\"Geeignet f\u00fcr BMW Drei-Tasten-Schl\u00fcssel mit Fernbedienung Mikrochip mit Transponder (Chip) und neue Element.der Schl\u00fcssel muss die Programmierung. Geeignet f\u00fcr: BMW 3 BMW 5 BMW 3 BMW 7 BMW X5 BMW X3 BMW Z4 BMW E38 BMW E39 BMW E46 Herstellung von Autoschl\u00fcsseln  Herstellung neuer Autoschl\u00fcssel, Programmierung der Schl\u00fcssel (&quot;Bindung&quot; an das Auto)  L\u00f6schen von zuvor verlorenen Schl\u00fcsseln aus dem Fahrzeugspeicher  Herstellung des Z\u00fcndschl\u00fcssels entsprechend dem Schloss  Reparatur von Autoschl\u00fcsseln (Ersatz von Tasten, Schalen, Mechanismen)  Auto-Notentriegelung  Umtausch von Schl\u00fcsseln, Schl\u00fcsseletuis  DPF \/ FAP Software-Abschaltung  Programmatische EGR-Entfernung  Deaktivierung der Wegfahrsperre-Software (immo Off)  Reparatur, Klonen, Programmieren von Motorsteuerger\u00e4ten (ECU)  SRS (Airbag-Steuerger\u00e4t-Programmierung)  Artikel werden innerhalb von 3 Arbeitstagen versandt.* &nbsp; &nbsp; &nbsp;\" \/>\n<meta property=\"og:url\" content=\"https:\/\/keys-for-auto.eu\/de\/product\/remote-control-key-suitable-for-bmw-3-5-7-x5-x3-z4-e38-e39-e46\/\" \/>\n<meta property=\"og:site_name\" content=\"Keys for auto\" \/>\n<meta property=\"article:publisher\" content=\"https:\/\/www.facebook.com\/KeysForAutoEU\" \/>\n<meta property=\"og:image\" content=\"https:\/\/keys-for-auto.eu\/wp-content\/uploads\/2022\/12\/BMW-su-mechanizmu-500x5001-1.jpg\" \/>\n\t<meta property=\"og:image:width\" content=\"500\" \/>\n\t<meta property=\"og:image:height\" content=\"500\" \/>\n\t<meta property=\"og:image:type\" content=\"image\/jpeg\" \/>\n<meta name=\"twitter:card\" content=\"summary_large_image\" \/>\n<meta name=\"twitter:label1\" content=\"Gesch\u00e4tzte Lesezeit\" \/>\n\t<meta name=\"twitter:data1\" content=\"2\u00a0Minuten\" \/>\n<script type=\"application\/ld+json\" class=\"yoast-schema-graph\">{\"@context\":\"https:\\\/\\\/schema.org\",\"@graph\":[{\"@type\":[\"WebPage\",\"ItemPage\"],\"@id\":\"https:\\\/\\\/keys-for-auto.eu\\\/de\\\/product\\\/remote-control-key-suitable-for-bmw-3-5-7-x5-x3-z4-e38-e39-e46\\\/\",\"url\":\"https:\\\/\\\/keys-for-auto.eu\\\/de\\\/product\\\/remote-control-key-suitable-for-bmw-3-5-7-x5-x3-z4-e38-e39-e46\\\/\",\"name\":\"-\",\"isPartOf\":{\"@id\":\"https:\\\/\\\/keys-for-auto.eu\\\/de\\\/#website\"},\"primaryImageOfPage\":{\"@id\":\"https:\\\/\\\/keys-for-auto.eu\\\/de\\\/product\\\/remote-control-key-suitable-for-bmw-3-5-7-x5-x3-z4-e38-e39-e46\\\/#primaryimage\"},\"image\":{\"@id\":\"https:\\\/\\\/keys-for-auto.eu\\\/de\\\/product\\\/remote-control-key-suitable-for-bmw-3-5-7-x5-x3-z4-e38-e39-e46\\\/#primaryimage\"},\"thumbnailUrl\":\"https:\\\/\\\/keys-for-auto.eu\\\/wp-content\\\/uploads\\\/2022\\\/12\\\/BMW-su-mechanizmu-500x5001-1.jpg\",\"datePublished\":\"2016-04-02T18:58:05+00:00\",\"breadcrumb\":{\"@id\":\"https:\\\/\\\/keys-for-auto.eu\\\/de\\\/product\\\/remote-control-key-suitable-for-bmw-3-5-7-x5-x3-z4-e38-e39-e46\\\/#breadcrumb\"},\"inLanguage\":\"de\",\"potentialAction\":[{\"@type\":\"ReadAction\",\"target\":[\"https:\\\/\\\/keys-for-auto.eu\\\/de\\\/product\\\/remote-control-key-suitable-for-bmw-3-5-7-x5-x3-z4-e38-e39-e46\\\/\"]}]},{\"@type\":\"ImageObject\",\"inLanguage\":\"de\",\"@id\":\"https:\\\/\\\/keys-for-auto.eu\\\/de\\\/product\\\/remote-control-key-suitable-for-bmw-3-5-7-x5-x3-z4-e38-e39-e46\\\/#primaryimage\",\"url\":\"https:\\\/\\\/keys-for-auto.eu\\\/wp-content\\\/uploads\\\/2022\\\/12\\\/BMW-su-mechanizmu-500x5001-1.jpg\",\"contentUrl\":\"https:\\\/\\\/keys-for-auto.eu\\\/wp-content\\\/uploads\\\/2022\\\/12\\\/BMW-su-mechanizmu-500x5001-1.jpg\",\"width\":500,\"height\":500},{\"@type\":\"BreadcrumbList\",\"@id\":\"https:\\\/\\\/keys-for-auto.eu\\\/de\\\/product\\\/remote-control-key-suitable-for-bmw-3-5-7-x5-x3-z4-e38-e39-e46\\\/#breadcrumb\",\"itemListElement\":[{\"@type\":\"ListItem\",\"position\":1,\"name\":\"Startseite\",\"item\":\"https:\\\/\\\/keys-for-auto.eu\\\/de\\\/\"},{\"@type\":\"ListItem\",\"position\":2,\"name\":\"Shop\",\"item\":\"https:\\\/\\\/keys-for-auto.eu\\\/\"},{\"@type\":\"ListItem\",\"position\":3,\"name\":\"Fernbedienungsschl\u00fcssel &#8211; passend f\u00fcr BMW 3 | 5 | 7 | X5 | X3 | Z4 | E38 | E39 | E46\"}]},{\"@type\":\"WebSite\",\"@id\":\"https:\\\/\\\/keys-for-auto.eu\\\/de\\\/#website\",\"url\":\"https:\\\/\\\/keys-for-auto.eu\\\/de\\\/\",\"name\":\"Keys for auto\",\"description\":\"Car keys,  key shells, key programming\",\"publisher\":{\"@id\":\"https:\\\/\\\/keys-for-auto.eu\\\/de\\\/#organization\"},\"potentialAction\":[{\"@type\":\"SearchAction\",\"target\":{\"@type\":\"EntryPoint\",\"urlTemplate\":\"https:\\\/\\\/keys-for-auto.eu\\\/de\\\/?s={search_term_string}\"},\"query-input\":{\"@type\":\"PropertyValueSpecification\",\"valueRequired\":true,\"valueName\":\"search_term_string\"}}],\"inLanguage\":\"de\"},{\"@type\":\"Organization\",\"@id\":\"https:\\\/\\\/keys-for-auto.eu\\\/de\\\/#organization\",\"name\":\"Schl\u00fcssel f\u00fcr Auto\",\"url\":\"https:\\\/\\\/keys-for-auto.eu\\\/de\\\/\",\"logo\":{\"@type\":\"ImageObject\",\"inLanguage\":\"de\",\"@id\":\"https:\\\/\\\/keys-for-auto.eu\\\/de\\\/#\\\/schema\\\/logo\\\/image\\\/\",\"url\":\"https:\\\/\\\/keys-for-auto.eu\\\/wp-content\\\/uploads\\\/2022\\\/11\\\/cropped-png1.png\",\"contentUrl\":\"https:\\\/\\\/keys-for-auto.eu\\\/wp-content\\\/uploads\\\/2022\\\/11\\\/cropped-png1.png\",\"width\":1000,\"height\":342,\"caption\":\"Schl\u00fcssel f\u00fcr Auto\"},\"image\":{\"@id\":\"https:\\\/\\\/keys-for-auto.eu\\\/de\\\/#\\\/schema\\\/logo\\\/image\\\/\"},\"sameAs\":[\"https:\\\/\\\/www.facebook.com\\\/KeysForAutoEU\"]}]}<\/script>\n<!-- \/ Yoast SEO plugin. -->","yoast_head_json":{"title":"-","robots":{"index":"index","follow":"follow","max-snippet":"max-snippet:-1","max-image-preview":"max-image-preview:large","max-video-preview":"max-video-preview:-1"},"canonical":"https:\/\/keys-for-auto.eu\/de\/product\/remote-control-key-suitable-for-bmw-3-5-7-x5-x3-z4-e38-e39-e46\/","og_locale":"de_DE","og_type":"article","og_title":"-","og_description":"Geeignet f\u00fcr BMW Drei-Tasten-Schl\u00fcssel mit Fernbedienung Mikrochip mit Transponder (Chip) und neue Element.der Schl\u00fcssel muss die Programmierung. Geeignet f\u00fcr: BMW 3 BMW 5 BMW 3 BMW 7 BMW X5 BMW X3 BMW Z4 BMW E38 BMW E39 BMW E46 Herstellung von Autoschl\u00fcsseln  Herstellung neuer Autoschl\u00fcssel, Programmierung der Schl\u00fcssel (\"Bindung\" an das Auto)  L\u00f6schen von zuvor verlorenen Schl\u00fcsseln aus dem Fahrzeugspeicher  Herstellung des Z\u00fcndschl\u00fcssels entsprechend dem Schloss  Reparatur von Autoschl\u00fcsseln (Ersatz von Tasten, Schalen, Mechanismen)  Auto-Notentriegelung  Umtausch von Schl\u00fcsseln, Schl\u00fcsseletuis  DPF \/ FAP Software-Abschaltung  Programmatische EGR-Entfernung  Deaktivierung der Wegfahrsperre-Software (immo Off)  Reparatur, Klonen, Programmieren von Motorsteuerger\u00e4ten (ECU)  SRS (Airbag-Steuerger\u00e4t-Programmierung)  Artikel werden innerhalb von 3 Arbeitstagen versandt.* &nbsp; &nbsp; &nbsp;","og_url":"https:\/\/keys-for-auto.eu\/de\/product\/remote-control-key-suitable-for-bmw-3-5-7-x5-x3-z4-e38-e39-e46\/","og_site_name":"Keys for auto","article_publisher":"https:\/\/www.facebook.com\/KeysForAutoEU","og_image":[{"width":500,"height":500,"url":"https:\/\/keys-for-auto.eu\/wp-content\/uploads\/2022\/12\/BMW-su-mechanizmu-500x5001-1.jpg","type":"image\/jpeg"}],"twitter_card":"summary_large_image","twitter_misc":{"Gesch\u00e4tzte Lesezeit":"2\u00a0Minuten"},"schema":{"@context":"https:\/\/schema.org","@graph":[{"@type":["WebPage","ItemPage"],"@id":"https:\/\/keys-for-auto.eu\/de\/product\/remote-control-key-suitable-for-bmw-3-5-7-x5-x3-z4-e38-e39-e46\/","url":"https:\/\/keys-for-auto.eu\/de\/product\/remote-control-key-suitable-for-bmw-3-5-7-x5-x3-z4-e38-e39-e46\/","name":"-","isPartOf":{"@id":"https:\/\/keys-for-auto.eu\/de\/#website"},"primaryImageOfPage":{"@id":"https:\/\/keys-for-auto.eu\/de\/product\/remote-control-key-suitable-for-bmw-3-5-7-x5-x3-z4-e38-e39-e46\/#primaryimage"},"image":{"@id":"https:\/\/keys-for-auto.eu\/de\/product\/remote-control-key-suitable-for-bmw-3-5-7-x5-x3-z4-e38-e39-e46\/#primaryimage"},"thumbnailUrl":"https:\/\/keys-for-auto.eu\/wp-content\/uploads\/2022\/12\/BMW-su-mechanizmu-500x5001-1.jpg","datePublished":"2016-04-02T18:58:05+00:00","breadcrumb":{"@id":"https:\/\/keys-for-auto.eu\/de\/product\/remote-control-key-suitable-for-bmw-3-5-7-x5-x3-z4-e38-e39-e46\/#breadcrumb"},"inLanguage":"de","potentialAction":[{"@type":"ReadAction","target":["https:\/\/keys-for-auto.eu\/de\/product\/remote-control-key-suitable-for-bmw-3-5-7-x5-x3-z4-e38-e39-e46\/"]}]},{"@type":"ImageObject","inLanguage":"de","@id":"https:\/\/keys-for-auto.eu\/de\/product\/remote-control-key-suitable-for-bmw-3-5-7-x5-x3-z4-e38-e39-e46\/#primaryimage","url":"https:\/\/keys-for-auto.eu\/wp-content\/uploads\/2022\/12\/BMW-su-mechanizmu-500x5001-1.jpg","contentUrl":"https:\/\/keys-for-auto.eu\/wp-content\/uploads\/2022\/12\/BMW-su-mechanizmu-500x5001-1.jpg","width":500,"height":500},{"@type":"BreadcrumbList","@id":"https:\/\/keys-for-auto.eu\/de\/product\/remote-control-key-suitable-for-bmw-3-5-7-x5-x3-z4-e38-e39-e46\/#breadcrumb","itemListElement":[{"@type":"ListItem","position":1,"name":"Startseite","item":"https:\/\/keys-for-auto.eu\/de\/"},{"@type":"ListItem","position":2,"name":"Shop","item":"https:\/\/keys-for-auto.eu\/"},{"@type":"ListItem","position":3,"name":"Fernbedienungsschl\u00fcssel &#8211; passend f\u00fcr BMW 3 | 5 | 7 | X5 | X3 | Z4 | E38 | E39 | E46"}]},{"@type":"WebSite","@id":"https:\/\/keys-for-auto.eu\/de\/#website","url":"https:\/\/keys-for-auto.eu\/de\/","name":"Keys for auto","description":"Car keys,  key shells, key programming","publisher":{"@id":"https:\/\/keys-for-auto.eu\/de\/#organization"},"potentialAction":[{"@type":"SearchAction","target":{"@type":"EntryPoint","urlTemplate":"https:\/\/keys-for-auto.eu\/de\/?s={search_term_string}"},"query-input":{"@type":"PropertyValueSpecification","valueRequired":true,"valueName":"search_term_string"}}],"inLanguage":"de"},{"@type":"Organization","@id":"https:\/\/keys-for-auto.eu\/de\/#organization","name":"Schl\u00fcssel f\u00fcr Auto","url":"https:\/\/keys-for-auto.eu\/de\/","logo":{"@type":"ImageObject","inLanguage":"de","@id":"https:\/\/keys-for-auto.eu\/de\/#\/schema\/logo\/image\/","url":"https:\/\/keys-for-auto.eu\/wp-content\/uploads\/2022\/11\/cropped-png1.png","contentUrl":"https:\/\/keys-for-auto.eu\/wp-content\/uploads\/2022\/11\/cropped-png1.png","width":1000,"height":342,"caption":"Schl\u00fcssel f\u00fcr Auto"},"image":{"@id":"https:\/\/keys-for-auto.eu\/de\/#\/schema\/logo\/image\/"},"sameAs":["https:\/\/www.facebook.com\/KeysForAutoEU"]}]}},"_links":{"self":[{"href":"https:\/\/keys-for-auto.eu\/de\/wp-json\/wp\/v2\/product\/16204","targetHints":{"allow":["GET"]}}],"collection":[{"href":"https:\/\/keys-for-auto.eu\/de\/wp-json\/wp\/v2\/product"}],"about":[{"href":"https:\/\/keys-for-auto.eu\/de\/wp-json\/wp\/v2\/types\/product"}],"replies":[{"embeddable":true,"href":"https:\/\/keys-for-auto.eu\/de\/wp-json\/wp\/v2\/comments?post=16204"}],"wp:featuredmedia":[{"embeddable":true,"href":"https:\/\/keys-for-auto.eu\/de\/wp-json\/wp\/v2\/media\/12710"}],"wp:attachment":[{"href":"https:\/\/keys-for-auto.eu\/de\/wp-json\/wp\/v2\/media?parent=16204"}],"wp:term":[{"taxonomy":"product_brand","embeddable":true,"href":"https:\/\/keys-for-auto.eu\/de\/wp-json\/wp\/v2\/product_brand?post=16204"},{"taxonomy":"product_cat","embeddable":true,"href":"https:\/\/keys-for-auto.eu\/de\/wp-json\/wp\/v2\/product_cat?post=16204"},{"taxonomy":"product_tag","embeddable":true,"href":"https:\/\/keys-for-auto.eu\/de\/wp-json\/wp\/v2\/product_tag?post=16204"}],"curies":[{"name":"wp","href":"https:\/\/api.w.org\/{rel}","templated":true}]}}