{"id":16202,"date":"2016-04-02T19:23:41","date_gmt":"2016-04-02T19:23:41","guid":{"rendered":"https:\/\/keys-for-auto.eu\/product\/fernbedienungsschluessel-passend-fuer-ford-taurus-flex-explorer\/"},"modified":"2016-04-02T19:23:41","modified_gmt":"2016-04-02T19:23:41","slug":"fernbedienungs-taste-geeignet-fur-taurus-flex-explorer","status":"publish","type":"product","link":"https:\/\/keys-for-auto.eu\/de\/product\/fernbedienungs-taste-geeignet-fur-taurus-flex-explorer\/","title":{"rendered":"Fernbedienungsschl\u00fcssel &#8211; passend f\u00fcr Ford Taurus | Flex | Explorer"},"content":{"rendered":"<h3>Fernbedienungsschl\u00fcssel &#8211; passend f\u00fcr Ford Taurus | Flex | Explorer<\/h3>\n<p>Wir pr\u00e4sentieren den Funkschl\u00fcssel f\u00fcr Ford Taurus, Flex, Explorer &#8211; 315 MHz Funkschl\u00fcssel mit integriertem Transponder.<\/p>\n<p>Dieser Schl\u00fcssel hat einen integrierten Transponder. Es ist Teil eines Sicherheitssystems, das von den Automobilherstellern in den Jahren 1995-1997 eingef\u00fchrt wurde. Es basiert auf einer so genannten Wegfahrsperre im Auto, die mit demselben Code ausgestattet ist, und einem im Schl\u00fcssel eingebauten Transponder. Wenn sich die Ger\u00e4te anhand dieses Codes gegenseitig erkennen, wird das Fahrzeug ver-\/entriegelt und der Motor kann gestartet werden. Ein Nichtbesitzer des Fahrzeugs kann auch mit einem Nachschl\u00fcssel das Fahrzeug nicht aufschlie\u00dfen. Das liegt daran, dass es nicht m\u00f6glich ist, das Auto ohne einen speziellen Code zu entriegeln.<\/p>\n<p>Um die Vorteile des oben beschriebenen Systems zu nutzen, m\u00fcssen Sie die Tasten programmieren. Mit anderen Worten: Sie m\u00fcssen sie an ein bestimmtes Fahrzeug binden. Buchen Sie eine Schl\u00fcsselprogrammierung bei uns. Neben der Programmierung von Schl\u00fcsseln verkaufen wir auch Schl\u00fcsseletuis und Fernbedienungsschl\u00fcssel. Wenn Sie auf der Suche nach Schl\u00fcsseletuis sind, finden Sie diese f\u00fcr fast alle Automarken und -modelle, indem Sie diesem Link folgen.<\/p>\n<p>Wir programmieren Schl\u00fcssel. Wir tun dies mit Hingabe zu unserem Beruf, mit hoher Qualit\u00e4t und in k\u00fcrzester Zeit, zu vern\u00fcnftigen Preisen. Wir garantieren f\u00fcr die von uns ausgef\u00fchrten Arbeiten und die von uns verkauften Produkte, weil wir auf unsere Professionalit\u00e4t vertrauen. In unserem Produktionsprozess setzen wir die neueste Technologie ein. Und unsere Handwerker qualifizieren sich st\u00e4ndig in Kursen f\u00fcr Schlosser weiter.<\/p>\n<p>Die Programmierung von Autoschl\u00fcsseln ist unsere Aufgabe. Und es liegt in Ihrer Verantwortung, Ihr Auto sicher zu machen. Mit der Schl\u00fcsselprogrammierung k\u00f6nnen Sie das tun. Vertrauen Sie uns diese Aufgabe an und wir versprechen, Sie nicht zu entt\u00e4uschen!<\/p>\n<p>Wir glauben, dass Sie das Reisen lieben und dass Ihr Blick als echter Reisender immer zum Horizont gerichtet ist&#8230; Reisen Sie und erleben Sie unvergessliche Abenteuer! Aber um sich sicher zu f\u00fchlen, wenn Sie Ihr Auto f\u00fcr eine Weile stehen lassen m\u00fcssen, sollten Sie daf\u00fcr sorgen, dass es sicher ist! Dies k\u00f6nnen Sie tun, indem Sie eine Schl\u00fcsselprogrammierung bei uns bestellen. Schl\u00fcsselherstellung durch Profis! Autoschl\u00fcssel &#8211; f\u00fcr Ihre Sicherheit.<\/p>\n","protected":false},"excerpt":{"rendered":"<p><b><i>Geeignet f\u00fcr <em><br \/>\n  <strong><br \/>\n    <span style=\"font-size: 13px; line-height: 20.8px;\">(315MHz) mit Transponder, Ford Fernbedienungsschl\u00fcssel <\/span><br \/>\n  <\/strong><br \/>\n<\/em> <\/i><\/b><\/p>\n<p><em><strong>Stier<\/strong><\/em><\/p>\n<p><em><strong>Flex<\/strong><\/em><\/p>\n<p><em><strong>Entdecker<\/strong><\/em><\/p>\n<p><em><strong>Mustang<\/strong><\/em><\/p>\n<h3><strong>Herstellung von Autoschl\u00fcsseln<\/strong><\/h3>\n<ul>\n<li><strong>Herstellung neuer Autoschl\u00fcssel, Programmierung der Schl\u00fcssel (&#8222;Bindung&#8220; an das Auto)<\/strong><\/li>\n<li><strong>L\u00f6schen von zuvor verlorenen Schl\u00fcsseln aus dem Fahrzeugspeicher<\/strong><\/li>\n<li><strong>Herstellung des Z\u00fcndschl\u00fcssels entsprechend dem Schloss<\/strong><\/li>\n<li><strong>Reparatur von Autoschl\u00fcsseln (Ersatz von Tasten, Schalen, Mechanismen)<\/strong><\/li>\n<li><strong>Auto-Notentriegelung<\/strong><\/li>\n<li><strong>Umtausch von Schl\u00fcsseln, Schl\u00fcsseletuis<\/strong><\/li>\n<li><strong>DPF \/ FAP Software-Abschaltung<\/strong><\/li>\n<li><strong>Programmatische EGR-Entfernung<\/strong><\/li>\n<li><strong>Deaktivierung der Wegfahrsperre-Software (immo Off)<\/strong><\/li>\n<li><strong>Reparatur, Klonen, Programmieren von Motorsteuerger\u00e4ten (ECU)<\/strong><\/li>\n<li><strong>SRS (Airbag-Steuerger\u00e4t-Programmierung)<\/strong><\/li>\n<\/ul>\n<h4><strong>  Artikel werden innerhalb von 3 Arbeitstagen versandt.*<\/strong><\/h4>\n","protected":false},"featured_media":13230,"comment_status":"open","ping_status":"closed","template":"","meta":[],"product_brand":[],"product_cat":[2099,2292],"product_tag":[2500,2483,2501,2426],"class_list":{"0":"post-16202","1":"product","2":"type-product","3":"status-publish","4":"has-post-thumbnail","6":"product_cat-ford-de","7":"product_cat-tasten-der-fernbedienung","8":"product_tag-ford-explorer-schlussel","9":"product_tag-ford-flex-schlussel","10":"product_tag-ford-taurus-schlussel","11":"product_tag-ford-schlussel","13":"first","14":"instock","15":"shipping-taxable","16":"purchasable","17":"product-type-simple"},"yoast_head":"<!-- This site is optimized with the Yoast SEO plugin v27.3 - https:\/\/yoast.com\/product\/yoast-seo-wordpress\/ -->\n<title>-<\/title>\n<meta name=\"robots\" content=\"index, follow, max-snippet:-1, max-image-preview:large, max-video-preview:-1\" \/>\n<link rel=\"canonical\" href=\"https:\/\/keys-for-auto.eu\/de\/product\/fernbedienungs-taste-geeignet-fur-taurus-flex-explorer\/\" \/>\n<meta property=\"og:locale\" content=\"de_DE\" \/>\n<meta property=\"og:type\" content=\"article\" \/>\n<meta property=\"og:title\" content=\"-\" \/>\n<meta property=\"og:description\" content=\"Geeignet f\u00fcr     (315MHz) mit Transponder, Ford Fernbedienungsschl\u00fcssel    Stier Flex Entdecker Mustang Herstellung von Autoschl\u00fcsseln  Herstellung neuer Autoschl\u00fcssel, Programmierung der Schl\u00fcssel (&quot;Bindung&quot; an das Auto)  L\u00f6schen von zuvor verlorenen Schl\u00fcsseln aus dem Fahrzeugspeicher  Herstellung des Z\u00fcndschl\u00fcssels entsprechend dem Schloss  Reparatur von Autoschl\u00fcsseln (Ersatz von Tasten, Schalen, Mechanismen)  Auto-Notentriegelung  Umtausch von Schl\u00fcsseln, Schl\u00fcsseletuis  DPF \/ FAP Software-Abschaltung  Programmatische EGR-Entfernung  Deaktivierung der Wegfahrsperre-Software (immo Off)  Reparatur, Klonen, Programmieren von Motorsteuerger\u00e4ten (ECU)  SRS (Airbag-Steuerger\u00e4t-Programmierung)  Artikel werden innerhalb von 3 Arbeitstagen versandt.*\" \/>\n<meta property=\"og:url\" content=\"https:\/\/keys-for-auto.eu\/de\/product\/fernbedienungs-taste-geeignet-fur-taurus-flex-explorer\/\" \/>\n<meta property=\"og:site_name\" content=\"Keys for auto\" \/>\n<meta property=\"article:publisher\" content=\"https:\/\/www.facebook.com\/KeysForAutoEU\" \/>\n<meta property=\"og:image\" content=\"https:\/\/keys-for-auto.eu\/wp-content\/uploads\/2022\/12\/Ford-4-Buttons-Remote-Key-315MHz-with-4D63-500x5001__1_-removebg-preview.png\" \/>\n\t<meta property=\"og:image:width\" content=\"500\" \/>\n\t<meta property=\"og:image:height\" content=\"500\" \/>\n\t<meta property=\"og:image:type\" content=\"image\/png\" \/>\n<meta name=\"twitter:card\" content=\"summary_large_image\" \/>\n<meta name=\"twitter:label1\" content=\"Gesch\u00e4tzte Lesezeit\" \/>\n\t<meta name=\"twitter:data1\" content=\"2\u00a0Minuten\" \/>\n<script type=\"application\/ld+json\" class=\"yoast-schema-graph\">{\"@context\":\"https:\\\/\\\/schema.org\",\"@graph\":[{\"@type\":[\"WebPage\",\"ItemPage\"],\"@id\":\"https:\\\/\\\/keys-for-auto.eu\\\/de\\\/product\\\/fernbedienungs-taste-geeignet-fur-taurus-flex-explorer\\\/\",\"url\":\"https:\\\/\\\/keys-for-auto.eu\\\/de\\\/product\\\/fernbedienungs-taste-geeignet-fur-taurus-flex-explorer\\\/\",\"name\":\"-\",\"isPartOf\":{\"@id\":\"https:\\\/\\\/keys-for-auto.eu\\\/de\\\/#website\"},\"primaryImageOfPage\":{\"@id\":\"https:\\\/\\\/keys-for-auto.eu\\\/de\\\/product\\\/fernbedienungs-taste-geeignet-fur-taurus-flex-explorer\\\/#primaryimage\"},\"image\":{\"@id\":\"https:\\\/\\\/keys-for-auto.eu\\\/de\\\/product\\\/fernbedienungs-taste-geeignet-fur-taurus-flex-explorer\\\/#primaryimage\"},\"thumbnailUrl\":\"https:\\\/\\\/keys-for-auto.eu\\\/wp-content\\\/uploads\\\/2022\\\/12\\\/Ford-4-Buttons-Remote-Key-315MHz-with-4D63-500x5001__1_-removebg-preview.png\",\"datePublished\":\"2016-04-02T19:23:41+00:00\",\"breadcrumb\":{\"@id\":\"https:\\\/\\\/keys-for-auto.eu\\\/de\\\/product\\\/fernbedienungs-taste-geeignet-fur-taurus-flex-explorer\\\/#breadcrumb\"},\"inLanguage\":\"de\",\"potentialAction\":[{\"@type\":\"ReadAction\",\"target\":[\"https:\\\/\\\/keys-for-auto.eu\\\/de\\\/product\\\/fernbedienungs-taste-geeignet-fur-taurus-flex-explorer\\\/\"]}]},{\"@type\":\"ImageObject\",\"inLanguage\":\"de\",\"@id\":\"https:\\\/\\\/keys-for-auto.eu\\\/de\\\/product\\\/fernbedienungs-taste-geeignet-fur-taurus-flex-explorer\\\/#primaryimage\",\"url\":\"https:\\\/\\\/keys-for-auto.eu\\\/wp-content\\\/uploads\\\/2022\\\/12\\\/Ford-4-Buttons-Remote-Key-315MHz-with-4D63-500x5001__1_-removebg-preview.png\",\"contentUrl\":\"https:\\\/\\\/keys-for-auto.eu\\\/wp-content\\\/uploads\\\/2022\\\/12\\\/Ford-4-Buttons-Remote-Key-315MHz-with-4D63-500x5001__1_-removebg-preview.png\",\"width\":500,\"height\":500},{\"@type\":\"BreadcrumbList\",\"@id\":\"https:\\\/\\\/keys-for-auto.eu\\\/de\\\/product\\\/fernbedienungs-taste-geeignet-fur-taurus-flex-explorer\\\/#breadcrumb\",\"itemListElement\":[{\"@type\":\"ListItem\",\"position\":1,\"name\":\"Startseite\",\"item\":\"https:\\\/\\\/keys-for-auto.eu\\\/de\\\/\"},{\"@type\":\"ListItem\",\"position\":2,\"name\":\"Shop\",\"item\":\"https:\\\/\\\/keys-for-auto.eu\\\/\"},{\"@type\":\"ListItem\",\"position\":3,\"name\":\"Fernbedienungsschl\u00fcssel &#8211; passend f\u00fcr Ford Taurus | Flex | Explorer\"}]},{\"@type\":\"WebSite\",\"@id\":\"https:\\\/\\\/keys-for-auto.eu\\\/de\\\/#website\",\"url\":\"https:\\\/\\\/keys-for-auto.eu\\\/de\\\/\",\"name\":\"Keys for auto\",\"description\":\"Car keys,  key shells, key programming\",\"publisher\":{\"@id\":\"https:\\\/\\\/keys-for-auto.eu\\\/de\\\/#organization\"},\"potentialAction\":[{\"@type\":\"SearchAction\",\"target\":{\"@type\":\"EntryPoint\",\"urlTemplate\":\"https:\\\/\\\/keys-for-auto.eu\\\/de\\\/?s={search_term_string}\"},\"query-input\":{\"@type\":\"PropertyValueSpecification\",\"valueRequired\":true,\"valueName\":\"search_term_string\"}}],\"inLanguage\":\"de\"},{\"@type\":\"Organization\",\"@id\":\"https:\\\/\\\/keys-for-auto.eu\\\/de\\\/#organization\",\"name\":\"Schl\u00fcssel f\u00fcr Auto\",\"url\":\"https:\\\/\\\/keys-for-auto.eu\\\/de\\\/\",\"logo\":{\"@type\":\"ImageObject\",\"inLanguage\":\"de\",\"@id\":\"https:\\\/\\\/keys-for-auto.eu\\\/de\\\/#\\\/schema\\\/logo\\\/image\\\/\",\"url\":\"https:\\\/\\\/keys-for-auto.eu\\\/wp-content\\\/uploads\\\/2022\\\/11\\\/cropped-png1.png\",\"contentUrl\":\"https:\\\/\\\/keys-for-auto.eu\\\/wp-content\\\/uploads\\\/2022\\\/11\\\/cropped-png1.png\",\"width\":1000,\"height\":342,\"caption\":\"Schl\u00fcssel f\u00fcr Auto\"},\"image\":{\"@id\":\"https:\\\/\\\/keys-for-auto.eu\\\/de\\\/#\\\/schema\\\/logo\\\/image\\\/\"},\"sameAs\":[\"https:\\\/\\\/www.facebook.com\\\/KeysForAutoEU\"]}]}<\/script>\n<!-- \/ Yoast SEO plugin. -->","yoast_head_json":{"title":"-","robots":{"index":"index","follow":"follow","max-snippet":"max-snippet:-1","max-image-preview":"max-image-preview:large","max-video-preview":"max-video-preview:-1"},"canonical":"https:\/\/keys-for-auto.eu\/de\/product\/fernbedienungs-taste-geeignet-fur-taurus-flex-explorer\/","og_locale":"de_DE","og_type":"article","og_title":"-","og_description":"Geeignet f\u00fcr     (315MHz) mit Transponder, Ford Fernbedienungsschl\u00fcssel    Stier Flex Entdecker Mustang Herstellung von Autoschl\u00fcsseln  Herstellung neuer Autoschl\u00fcssel, Programmierung der Schl\u00fcssel (\"Bindung\" an das Auto)  L\u00f6schen von zuvor verlorenen Schl\u00fcsseln aus dem Fahrzeugspeicher  Herstellung des Z\u00fcndschl\u00fcssels entsprechend dem Schloss  Reparatur von Autoschl\u00fcsseln (Ersatz von Tasten, Schalen, Mechanismen)  Auto-Notentriegelung  Umtausch von Schl\u00fcsseln, Schl\u00fcsseletuis  DPF \/ FAP Software-Abschaltung  Programmatische EGR-Entfernung  Deaktivierung der Wegfahrsperre-Software (immo Off)  Reparatur, Klonen, Programmieren von Motorsteuerger\u00e4ten (ECU)  SRS (Airbag-Steuerger\u00e4t-Programmierung)  Artikel werden innerhalb von 3 Arbeitstagen versandt.*","og_url":"https:\/\/keys-for-auto.eu\/de\/product\/fernbedienungs-taste-geeignet-fur-taurus-flex-explorer\/","og_site_name":"Keys for auto","article_publisher":"https:\/\/www.facebook.com\/KeysForAutoEU","og_image":[{"width":500,"height":500,"url":"https:\/\/keys-for-auto.eu\/wp-content\/uploads\/2022\/12\/Ford-4-Buttons-Remote-Key-315MHz-with-4D63-500x5001__1_-removebg-preview.png","type":"image\/png"}],"twitter_card":"summary_large_image","twitter_misc":{"Gesch\u00e4tzte Lesezeit":"2\u00a0Minuten"},"schema":{"@context":"https:\/\/schema.org","@graph":[{"@type":["WebPage","ItemPage"],"@id":"https:\/\/keys-for-auto.eu\/de\/product\/fernbedienungs-taste-geeignet-fur-taurus-flex-explorer\/","url":"https:\/\/keys-for-auto.eu\/de\/product\/fernbedienungs-taste-geeignet-fur-taurus-flex-explorer\/","name":"-","isPartOf":{"@id":"https:\/\/keys-for-auto.eu\/de\/#website"},"primaryImageOfPage":{"@id":"https:\/\/keys-for-auto.eu\/de\/product\/fernbedienungs-taste-geeignet-fur-taurus-flex-explorer\/#primaryimage"},"image":{"@id":"https:\/\/keys-for-auto.eu\/de\/product\/fernbedienungs-taste-geeignet-fur-taurus-flex-explorer\/#primaryimage"},"thumbnailUrl":"https:\/\/keys-for-auto.eu\/wp-content\/uploads\/2022\/12\/Ford-4-Buttons-Remote-Key-315MHz-with-4D63-500x5001__1_-removebg-preview.png","datePublished":"2016-04-02T19:23:41+00:00","breadcrumb":{"@id":"https:\/\/keys-for-auto.eu\/de\/product\/fernbedienungs-taste-geeignet-fur-taurus-flex-explorer\/#breadcrumb"},"inLanguage":"de","potentialAction":[{"@type":"ReadAction","target":["https:\/\/keys-for-auto.eu\/de\/product\/fernbedienungs-taste-geeignet-fur-taurus-flex-explorer\/"]}]},{"@type":"ImageObject","inLanguage":"de","@id":"https:\/\/keys-for-auto.eu\/de\/product\/fernbedienungs-taste-geeignet-fur-taurus-flex-explorer\/#primaryimage","url":"https:\/\/keys-for-auto.eu\/wp-content\/uploads\/2022\/12\/Ford-4-Buttons-Remote-Key-315MHz-with-4D63-500x5001__1_-removebg-preview.png","contentUrl":"https:\/\/keys-for-auto.eu\/wp-content\/uploads\/2022\/12\/Ford-4-Buttons-Remote-Key-315MHz-with-4D63-500x5001__1_-removebg-preview.png","width":500,"height":500},{"@type":"BreadcrumbList","@id":"https:\/\/keys-for-auto.eu\/de\/product\/fernbedienungs-taste-geeignet-fur-taurus-flex-explorer\/#breadcrumb","itemListElement":[{"@type":"ListItem","position":1,"name":"Startseite","item":"https:\/\/keys-for-auto.eu\/de\/"},{"@type":"ListItem","position":2,"name":"Shop","item":"https:\/\/keys-for-auto.eu\/"},{"@type":"ListItem","position":3,"name":"Fernbedienungsschl\u00fcssel &#8211; passend f\u00fcr Ford Taurus | Flex | Explorer"}]},{"@type":"WebSite","@id":"https:\/\/keys-for-auto.eu\/de\/#website","url":"https:\/\/keys-for-auto.eu\/de\/","name":"Keys for auto","description":"Car keys,  key shells, key programming","publisher":{"@id":"https:\/\/keys-for-auto.eu\/de\/#organization"},"potentialAction":[{"@type":"SearchAction","target":{"@type":"EntryPoint","urlTemplate":"https:\/\/keys-for-auto.eu\/de\/?s={search_term_string}"},"query-input":{"@type":"PropertyValueSpecification","valueRequired":true,"valueName":"search_term_string"}}],"inLanguage":"de"},{"@type":"Organization","@id":"https:\/\/keys-for-auto.eu\/de\/#organization","name":"Schl\u00fcssel f\u00fcr Auto","url":"https:\/\/keys-for-auto.eu\/de\/","logo":{"@type":"ImageObject","inLanguage":"de","@id":"https:\/\/keys-for-auto.eu\/de\/#\/schema\/logo\/image\/","url":"https:\/\/keys-for-auto.eu\/wp-content\/uploads\/2022\/11\/cropped-png1.png","contentUrl":"https:\/\/keys-for-auto.eu\/wp-content\/uploads\/2022\/11\/cropped-png1.png","width":1000,"height":342,"caption":"Schl\u00fcssel f\u00fcr Auto"},"image":{"@id":"https:\/\/keys-for-auto.eu\/de\/#\/schema\/logo\/image\/"},"sameAs":["https:\/\/www.facebook.com\/KeysForAutoEU"]}]}},"_links":{"self":[{"href":"https:\/\/keys-for-auto.eu\/de\/wp-json\/wp\/v2\/product\/16202","targetHints":{"allow":["GET"]}}],"collection":[{"href":"https:\/\/keys-for-auto.eu\/de\/wp-json\/wp\/v2\/product"}],"about":[{"href":"https:\/\/keys-for-auto.eu\/de\/wp-json\/wp\/v2\/types\/product"}],"replies":[{"embeddable":true,"href":"https:\/\/keys-for-auto.eu\/de\/wp-json\/wp\/v2\/comments?post=16202"}],"wp:featuredmedia":[{"embeddable":true,"href":"https:\/\/keys-for-auto.eu\/de\/wp-json\/wp\/v2\/media\/13230"}],"wp:attachment":[{"href":"https:\/\/keys-for-auto.eu\/de\/wp-json\/wp\/v2\/media?parent=16202"}],"wp:term":[{"taxonomy":"product_brand","embeddable":true,"href":"https:\/\/keys-for-auto.eu\/de\/wp-json\/wp\/v2\/product_brand?post=16202"},{"taxonomy":"product_cat","embeddable":true,"href":"https:\/\/keys-for-auto.eu\/de\/wp-json\/wp\/v2\/product_cat?post=16202"},{"taxonomy":"product_tag","embeddable":true,"href":"https:\/\/keys-for-auto.eu\/de\/wp-json\/wp\/v2\/product_tag?post=16202"}],"curies":[{"name":"wp","href":"https:\/\/api.w.org\/{rel}","templated":true}]}}