{"id":16199,"date":"2016-04-02T19:57:08","date_gmt":"2016-04-02T19:57:08","guid":{"rendered":"https:\/\/keys-for-auto.eu\/product\/fernbedienungsschluessel-passend-fuer-bmw-3-5-7\/"},"modified":"2016-04-02T19:57:08","modified_gmt":"2016-04-02T19:57:08","slug":"ferngesteuerter-key-geeignet-fur-bmw-3-5-7","status":"publish","type":"product","link":"https:\/\/keys-for-auto.eu\/de\/product\/ferngesteuerter-key-geeignet-fur-bmw-3-5-7\/","title":{"rendered":"Fernbedienungsschl\u00fcssel &#8211; passend f\u00fcr BMW 3 | 5 | 7"},"content":{"rendered":"<p>Fernbedienungsschl\u00fcssel mit CAS-Modul f\u00fcr BMW 3, 5, 7 Fahrzeuge, die auf 315, 433 und 868 MHz arbeiten.<\/p>\n<p>Das CAS-System soll BMW-Fahrzeuge vor dem \u00dcberfahren sch\u00fctzen. Es zeichnet sich durch das Vorhandensein eines Transponders in jedem Autoschl\u00fcssel aus. Eine Ringkernspule wird auf das Z\u00fcndschloss aufgesetzt. \u00dcber diese Spule wird der Transponder mit Energie versorgt. Es besteht also keine Notwendigkeit mehr, eine Energiezelle im Schl\u00fcssel unterzubringen. Zwischen der Ringkernspule im Z\u00fcndschloss und dem Transponder findet ein Informations- und Stromaustausch statt. Auf diese Weise startet die Maschine. Sind Sie besorgt, dass Ihr Fahrzeug nicht f\u00fcr ein solches System geeignet ist? Machen Sie sich keine Gedanken dar\u00fcber. Wir haben alles im Griff! Die Programmierung von Autoschl\u00fcsseln ist ein integraler Bestandteil der Transponderproduktion und ein integraler Bestandteil unserer Arbeit. Wir programmieren Schl\u00fcssel nicht nur f\u00fcr BMWs, sondern auch f\u00fcr andere Marken, also z\u00f6gern Sie nicht, uns zu kontaktieren. Wir programmieren Schl\u00fcssel und investieren kontinuierlich in die neueste Technologie und die Ausbildung unserer Mitarbeiter. Deshalb sind unsere Produkte und Dienstleistungen von h\u00f6chster Qualit\u00e4t, und Sie k\u00f6nnen sicher sein, dass Sie uns die Programmierung Ihrer BMW- oder anderer Autoschl\u00fcssel anvertrauen, oder wenn Sie sich entscheiden, Schl\u00fcsseletuis oder Funkschl\u00fcssel in unserem Gesch\u00e4ft zu kaufen. Das Programmieren von Autoschl\u00fcsseln ist nicht nur unser T\u00e4tigkeitsfeld, sondern auch unsere Leidenschaft, aus der unsere Vision entstanden ist, einen professionellen Autoschl\u00fcssel-Programmier- und Verkaufsservice zu g\u00fcnstigen Preisen anzubieten. Unsere Techniker nehmen regelm\u00e4\u00dfig an Konferenzen und Schulungen teil, um ihre F\u00e4higkeiten zu verbessern und sich \u00fcber die neuesten Entwicklungen auf dem Markt f\u00fcr Autoschl\u00fcssel zu informieren. Unser Ziel ist ein zufriedener und sicherer Fahrer und ein gesch\u00fctztes Auto. Die Schl\u00fcsselherstellung in Vilnius ist ein weites Feld. Machen Sie also keinen Fehler und w\u00e4hlen Sie Profis! Wir sehen uns nicht nur aufgrund unserer langj\u00e4hrigen Erfahrung in diesem Bereich als Profis, sondern auch aufgrund des positiven Feedbacks unserer Kunden. Danke an sie! Autoschl\u00fcssel &#8211; aus einer einzigen, vertrauensw\u00fcrdigen Hand.<\/p>\n","protected":false},"excerpt":{"rendered":"<p>Schl\u00fcssel mit CAS-Modul (315\/868MHz). Geeignet f\u00fcr:<\/p>\n<p><strong>1 Serie<\/strong><br \/>\n<strong>3er-Serie (2005 &#8211; 2011)<\/strong><br \/>\n<strong>5er-Reihe (2003 &#8211; 2010)<\/strong><br \/>\n<strong>X5 (2006 &#8211; 2010)<\/strong><\/p>\n<h3><strong>Herstellung von Autoschl\u00fcsseln<\/strong><\/h3>\n<ul>\n<li><strong>Herstellung neuer Autoschl\u00fcssel, Programmierung der Schl\u00fcssel (&#8222;Bindung&#8220; an das Auto)<\/strong><\/li>\n<li><strong>L\u00f6schen von zuvor verlorenen Schl\u00fcsseln aus dem Fahrzeugspeicher<\/strong><\/li>\n<li><strong>Herstellung des Z\u00fcndschl\u00fcssels entsprechend dem Schloss<\/strong><\/li>\n<li><strong>Reparatur von Autoschl\u00fcsseln (Ersatz von Tasten, Schalen, Mechanismen)<\/strong><\/li>\n<li><strong>Auto-Notentriegelung<\/strong><\/li>\n<li><strong>Umtausch von Schl\u00fcsseln, Schl\u00fcsseletuis<\/strong><\/li>\n<li><strong>DPF \/ FAP Software-Abschaltung<\/strong><\/li>\n<li><strong>Programmatische EGR-Entfernung<\/strong><\/li>\n<li><strong>Deaktivierung der Wegfahrsperre-Software (immo Off)<\/strong><\/li>\n<li><strong>Reparatur, Klonen, Programmieren von Motorsteuerger\u00e4ten (ECU)<\/strong><\/li>\n<li><strong>SRS (Airbag-Steuerger\u00e4t-Programmierung)<\/strong><\/li>\n<\/ul>\n<h4><strong>  Artikel werden innerhalb von 3 Arbeitstagen versandt.*<\/strong><\/h4>\n","protected":false},"featured_media":12705,"comment_status":"open","ping_status":"closed","template":"","meta":[],"product_brand":[],"product_cat":[2098,2292],"product_tag":[2418,2496,2420,2429],"class_list":{"0":"post-16199","1":"product","2":"type-product","3":"status-publish","4":"has-post-thumbnail","6":"product_cat-bmw-de","7":"product_cat-tasten-der-fernbedienung","8":"product_tag-bmw-3-schlussel","9":"product_tag-bmw-5er-schlussel","10":"product_tag-bmw-7-schlussel","11":"product_tag-bmw-schlussel-de","13":"first","14":"instock","15":"shipping-taxable","16":"purchasable","17":"product-type-simple"},"yoast_head":"<!-- This site is optimized with the Yoast SEO plugin v27.6 - https:\/\/yoast.com\/product\/yoast-seo-wordpress\/ -->\n<title>-<\/title>\n<meta name=\"robots\" content=\"index, follow, max-snippet:-1, max-image-preview:large, max-video-preview:-1\" \/>\n<link rel=\"canonical\" href=\"https:\/\/keys-for-auto.eu\/de\/product\/ferngesteuerter-key-geeignet-fur-bmw-3-5-7\/\" \/>\n<meta property=\"og:locale\" content=\"de_DE\" \/>\n<meta property=\"og:type\" content=\"article\" \/>\n<meta property=\"og:title\" content=\"-\" \/>\n<meta property=\"og:description\" content=\"Schl\u00fcssel mit CAS-Modul (315\/868MHz). Geeignet f\u00fcr: 1 Serie 3er-Serie (2005 - 2011) 5er-Reihe (2003 - 2010) X5 (2006 - 2010) Herstellung von Autoschl\u00fcsseln  Herstellung neuer Autoschl\u00fcssel, Programmierung der Schl\u00fcssel (&quot;Bindung&quot; an das Auto)  L\u00f6schen von zuvor verlorenen Schl\u00fcsseln aus dem Fahrzeugspeicher  Herstellung des Z\u00fcndschl\u00fcssels entsprechend dem Schloss  Reparatur von Autoschl\u00fcsseln (Ersatz von Tasten, Schalen, Mechanismen)  Auto-Notentriegelung  Umtausch von Schl\u00fcsseln, Schl\u00fcsseletuis  DPF \/ FAP Software-Abschaltung  Programmatische EGR-Entfernung  Deaktivierung der Wegfahrsperre-Software (immo Off)  Reparatur, Klonen, Programmieren von Motorsteuerger\u00e4ten (ECU)  SRS (Airbag-Steuerger\u00e4t-Programmierung)  Artikel werden innerhalb von 3 Arbeitstagen versandt.*\" \/>\n<meta property=\"og:url\" content=\"https:\/\/keys-for-auto.eu\/de\/product\/ferngesteuerter-key-geeignet-fur-bmw-3-5-7\/\" \/>\n<meta property=\"og:site_name\" content=\"Keys for auto\" \/>\n<meta property=\"article:publisher\" content=\"https:\/\/www.facebook.com\/KeysForAutoEU\" \/>\n<meta property=\"og:image\" content=\"https:\/\/keys-for-auto.eu\/wp-content\/uploads\/2022\/12\/BMW-E46-3-5-7-Z3-500x5002-wpp1665132342582-removebg-preview.png\" \/>\n\t<meta property=\"og:image:width\" content=\"500\" \/>\n\t<meta property=\"og:image:height\" content=\"500\" \/>\n\t<meta property=\"og:image:type\" content=\"image\/png\" \/>\n<meta name=\"twitter:card\" content=\"summary_large_image\" \/>\n<meta name=\"twitter:label1\" content=\"Gesch\u00e4tzte Lesezeit\" \/>\n\t<meta name=\"twitter:data1\" content=\"2\u00a0Minuten\" \/>\n<script type=\"application\/ld+json\" class=\"yoast-schema-graph\">{\"@context\":\"https:\\\/\\\/schema.org\",\"@graph\":[{\"@type\":[\"WebPage\",\"ItemPage\"],\"@id\":\"https:\\\/\\\/keys-for-auto.eu\\\/de\\\/product\\\/ferngesteuerter-key-geeignet-fur-bmw-3-5-7\\\/\",\"url\":\"https:\\\/\\\/keys-for-auto.eu\\\/de\\\/product\\\/ferngesteuerter-key-geeignet-fur-bmw-3-5-7\\\/\",\"name\":\"-\",\"isPartOf\":{\"@id\":\"https:\\\/\\\/keys-for-auto.eu\\\/de\\\/#website\"},\"primaryImageOfPage\":{\"@id\":\"https:\\\/\\\/keys-for-auto.eu\\\/de\\\/product\\\/ferngesteuerter-key-geeignet-fur-bmw-3-5-7\\\/#primaryimage\"},\"image\":{\"@id\":\"https:\\\/\\\/keys-for-auto.eu\\\/de\\\/product\\\/ferngesteuerter-key-geeignet-fur-bmw-3-5-7\\\/#primaryimage\"},\"thumbnailUrl\":\"https:\\\/\\\/keys-for-auto.eu\\\/wp-content\\\/uploads\\\/2022\\\/12\\\/BMW-E46-3-5-7-Z3-500x5002-wpp1665132342582-removebg-preview.png\",\"datePublished\":\"2016-04-02T19:57:08+00:00\",\"breadcrumb\":{\"@id\":\"https:\\\/\\\/keys-for-auto.eu\\\/de\\\/product\\\/ferngesteuerter-key-geeignet-fur-bmw-3-5-7\\\/#breadcrumb\"},\"inLanguage\":\"de\",\"potentialAction\":[{\"@type\":\"ReadAction\",\"target\":[\"https:\\\/\\\/keys-for-auto.eu\\\/de\\\/product\\\/ferngesteuerter-key-geeignet-fur-bmw-3-5-7\\\/\"]}]},{\"@type\":\"ImageObject\",\"inLanguage\":\"de\",\"@id\":\"https:\\\/\\\/keys-for-auto.eu\\\/de\\\/product\\\/ferngesteuerter-key-geeignet-fur-bmw-3-5-7\\\/#primaryimage\",\"url\":\"https:\\\/\\\/keys-for-auto.eu\\\/wp-content\\\/uploads\\\/2022\\\/12\\\/BMW-E46-3-5-7-Z3-500x5002-wpp1665132342582-removebg-preview.png\",\"contentUrl\":\"https:\\\/\\\/keys-for-auto.eu\\\/wp-content\\\/uploads\\\/2022\\\/12\\\/BMW-E46-3-5-7-Z3-500x5002-wpp1665132342582-removebg-preview.png\",\"width\":500,\"height\":500},{\"@type\":\"BreadcrumbList\",\"@id\":\"https:\\\/\\\/keys-for-auto.eu\\\/de\\\/product\\\/ferngesteuerter-key-geeignet-fur-bmw-3-5-7\\\/#breadcrumb\",\"itemListElement\":[{\"@type\":\"ListItem\",\"position\":1,\"name\":\"Startseite\",\"item\":\"https:\\\/\\\/keys-for-auto.eu\\\/de\\\/\"},{\"@type\":\"ListItem\",\"position\":2,\"name\":\"Shop\",\"item\":\"https:\\\/\\\/keys-for-auto.eu\\\/\"},{\"@type\":\"ListItem\",\"position\":3,\"name\":\"Fernbedienungsschl\u00fcssel &#8211; passend f\u00fcr BMW 3 | 5 | 7\"}]},{\"@type\":\"WebSite\",\"@id\":\"https:\\\/\\\/keys-for-auto.eu\\\/de\\\/#website\",\"url\":\"https:\\\/\\\/keys-for-auto.eu\\\/de\\\/\",\"name\":\"Keys for auto\",\"description\":\"Car keys,  key shells, key programming\",\"publisher\":{\"@id\":\"https:\\\/\\\/keys-for-auto.eu\\\/de\\\/#organization\"},\"potentialAction\":[{\"@type\":\"SearchAction\",\"target\":{\"@type\":\"EntryPoint\",\"urlTemplate\":\"https:\\\/\\\/keys-for-auto.eu\\\/de\\\/?s={search_term_string}\"},\"query-input\":{\"@type\":\"PropertyValueSpecification\",\"valueRequired\":true,\"valueName\":\"search_term_string\"}}],\"inLanguage\":\"de\"},{\"@type\":\"Organization\",\"@id\":\"https:\\\/\\\/keys-for-auto.eu\\\/de\\\/#organization\",\"name\":\"Schl\u00fcssel f\u00fcr Auto\",\"url\":\"https:\\\/\\\/keys-for-auto.eu\\\/de\\\/\",\"logo\":{\"@type\":\"ImageObject\",\"inLanguage\":\"de\",\"@id\":\"https:\\\/\\\/keys-for-auto.eu\\\/de\\\/#\\\/schema\\\/logo\\\/image\\\/\",\"url\":\"https:\\\/\\\/keys-for-auto.eu\\\/wp-content\\\/uploads\\\/2022\\\/11\\\/cropped-png1.png\",\"contentUrl\":\"https:\\\/\\\/keys-for-auto.eu\\\/wp-content\\\/uploads\\\/2022\\\/11\\\/cropped-png1.png\",\"width\":1000,\"height\":342,\"caption\":\"Schl\u00fcssel f\u00fcr Auto\"},\"image\":{\"@id\":\"https:\\\/\\\/keys-for-auto.eu\\\/de\\\/#\\\/schema\\\/logo\\\/image\\\/\"},\"sameAs\":[\"https:\\\/\\\/www.facebook.com\\\/KeysForAutoEU\"]}]}<\/script>\n<!-- \/ Yoast SEO plugin. -->","yoast_head_json":{"title":"-","robots":{"index":"index","follow":"follow","max-snippet":"max-snippet:-1","max-image-preview":"max-image-preview:large","max-video-preview":"max-video-preview:-1"},"canonical":"https:\/\/keys-for-auto.eu\/de\/product\/ferngesteuerter-key-geeignet-fur-bmw-3-5-7\/","og_locale":"de_DE","og_type":"article","og_title":"-","og_description":"Schl\u00fcssel mit CAS-Modul (315\/868MHz). Geeignet f\u00fcr: 1 Serie 3er-Serie (2005 - 2011) 5er-Reihe (2003 - 2010) X5 (2006 - 2010) Herstellung von Autoschl\u00fcsseln  Herstellung neuer Autoschl\u00fcssel, Programmierung der Schl\u00fcssel (\"Bindung\" an das Auto)  L\u00f6schen von zuvor verlorenen Schl\u00fcsseln aus dem Fahrzeugspeicher  Herstellung des Z\u00fcndschl\u00fcssels entsprechend dem Schloss  Reparatur von Autoschl\u00fcsseln (Ersatz von Tasten, Schalen, Mechanismen)  Auto-Notentriegelung  Umtausch von Schl\u00fcsseln, Schl\u00fcsseletuis  DPF \/ FAP Software-Abschaltung  Programmatische EGR-Entfernung  Deaktivierung der Wegfahrsperre-Software (immo Off)  Reparatur, Klonen, Programmieren von Motorsteuerger\u00e4ten (ECU)  SRS (Airbag-Steuerger\u00e4t-Programmierung)  Artikel werden innerhalb von 3 Arbeitstagen versandt.*","og_url":"https:\/\/keys-for-auto.eu\/de\/product\/ferngesteuerter-key-geeignet-fur-bmw-3-5-7\/","og_site_name":"Keys for auto","article_publisher":"https:\/\/www.facebook.com\/KeysForAutoEU","og_image":[{"width":500,"height":500,"url":"https:\/\/keys-for-auto.eu\/wp-content\/uploads\/2022\/12\/BMW-E46-3-5-7-Z3-500x5002-wpp1665132342582-removebg-preview.png","type":"image\/png"}],"twitter_card":"summary_large_image","twitter_misc":{"Gesch\u00e4tzte Lesezeit":"2\u00a0Minuten"},"schema":{"@context":"https:\/\/schema.org","@graph":[{"@type":["WebPage","ItemPage"],"@id":"https:\/\/keys-for-auto.eu\/de\/product\/ferngesteuerter-key-geeignet-fur-bmw-3-5-7\/","url":"https:\/\/keys-for-auto.eu\/de\/product\/ferngesteuerter-key-geeignet-fur-bmw-3-5-7\/","name":"-","isPartOf":{"@id":"https:\/\/keys-for-auto.eu\/de\/#website"},"primaryImageOfPage":{"@id":"https:\/\/keys-for-auto.eu\/de\/product\/ferngesteuerter-key-geeignet-fur-bmw-3-5-7\/#primaryimage"},"image":{"@id":"https:\/\/keys-for-auto.eu\/de\/product\/ferngesteuerter-key-geeignet-fur-bmw-3-5-7\/#primaryimage"},"thumbnailUrl":"https:\/\/keys-for-auto.eu\/wp-content\/uploads\/2022\/12\/BMW-E46-3-5-7-Z3-500x5002-wpp1665132342582-removebg-preview.png","datePublished":"2016-04-02T19:57:08+00:00","breadcrumb":{"@id":"https:\/\/keys-for-auto.eu\/de\/product\/ferngesteuerter-key-geeignet-fur-bmw-3-5-7\/#breadcrumb"},"inLanguage":"de","potentialAction":[{"@type":"ReadAction","target":["https:\/\/keys-for-auto.eu\/de\/product\/ferngesteuerter-key-geeignet-fur-bmw-3-5-7\/"]}]},{"@type":"ImageObject","inLanguage":"de","@id":"https:\/\/keys-for-auto.eu\/de\/product\/ferngesteuerter-key-geeignet-fur-bmw-3-5-7\/#primaryimage","url":"https:\/\/keys-for-auto.eu\/wp-content\/uploads\/2022\/12\/BMW-E46-3-5-7-Z3-500x5002-wpp1665132342582-removebg-preview.png","contentUrl":"https:\/\/keys-for-auto.eu\/wp-content\/uploads\/2022\/12\/BMW-E46-3-5-7-Z3-500x5002-wpp1665132342582-removebg-preview.png","width":500,"height":500},{"@type":"BreadcrumbList","@id":"https:\/\/keys-for-auto.eu\/de\/product\/ferngesteuerter-key-geeignet-fur-bmw-3-5-7\/#breadcrumb","itemListElement":[{"@type":"ListItem","position":1,"name":"Startseite","item":"https:\/\/keys-for-auto.eu\/de\/"},{"@type":"ListItem","position":2,"name":"Shop","item":"https:\/\/keys-for-auto.eu\/"},{"@type":"ListItem","position":3,"name":"Fernbedienungsschl\u00fcssel &#8211; passend f\u00fcr BMW 3 | 5 | 7"}]},{"@type":"WebSite","@id":"https:\/\/keys-for-auto.eu\/de\/#website","url":"https:\/\/keys-for-auto.eu\/de\/","name":"Keys for auto","description":"Car keys,  key shells, key programming","publisher":{"@id":"https:\/\/keys-for-auto.eu\/de\/#organization"},"potentialAction":[{"@type":"SearchAction","target":{"@type":"EntryPoint","urlTemplate":"https:\/\/keys-for-auto.eu\/de\/?s={search_term_string}"},"query-input":{"@type":"PropertyValueSpecification","valueRequired":true,"valueName":"search_term_string"}}],"inLanguage":"de"},{"@type":"Organization","@id":"https:\/\/keys-for-auto.eu\/de\/#organization","name":"Schl\u00fcssel f\u00fcr Auto","url":"https:\/\/keys-for-auto.eu\/de\/","logo":{"@type":"ImageObject","inLanguage":"de","@id":"https:\/\/keys-for-auto.eu\/de\/#\/schema\/logo\/image\/","url":"https:\/\/keys-for-auto.eu\/wp-content\/uploads\/2022\/11\/cropped-png1.png","contentUrl":"https:\/\/keys-for-auto.eu\/wp-content\/uploads\/2022\/11\/cropped-png1.png","width":1000,"height":342,"caption":"Schl\u00fcssel f\u00fcr Auto"},"image":{"@id":"https:\/\/keys-for-auto.eu\/de\/#\/schema\/logo\/image\/"},"sameAs":["https:\/\/www.facebook.com\/KeysForAutoEU"]}]}},"_links":{"self":[{"href":"https:\/\/keys-for-auto.eu\/de\/wp-json\/wp\/v2\/product\/16199","targetHints":{"allow":["GET"]}}],"collection":[{"href":"https:\/\/keys-for-auto.eu\/de\/wp-json\/wp\/v2\/product"}],"about":[{"href":"https:\/\/keys-for-auto.eu\/de\/wp-json\/wp\/v2\/types\/product"}],"replies":[{"embeddable":true,"href":"https:\/\/keys-for-auto.eu\/de\/wp-json\/wp\/v2\/comments?post=16199"}],"wp:featuredmedia":[{"embeddable":true,"href":"https:\/\/keys-for-auto.eu\/de\/wp-json\/wp\/v2\/media\/12705"}],"wp:attachment":[{"href":"https:\/\/keys-for-auto.eu\/de\/wp-json\/wp\/v2\/media?parent=16199"}],"wp:term":[{"taxonomy":"product_brand","embeddable":true,"href":"https:\/\/keys-for-auto.eu\/de\/wp-json\/wp\/v2\/product_brand?post=16199"},{"taxonomy":"product_cat","embeddable":true,"href":"https:\/\/keys-for-auto.eu\/de\/wp-json\/wp\/v2\/product_cat?post=16199"},{"taxonomy":"product_tag","embeddable":true,"href":"https:\/\/keys-for-auto.eu\/de\/wp-json\/wp\/v2\/product_tag?post=16199"}],"curies":[{"name":"wp","href":"https:\/\/api.w.org\/{rel}","templated":true}]}}