{"id":16193,"date":"2016-04-02T10:33:55","date_gmt":"2016-04-02T10:33:55","guid":{"rendered":"https:\/\/keys-for-auto.eu\/product\/drei-tasten-fernbedienungsgehaeuse-passend-fuer-volvo-s40-v40-s70-c70-v70\/"},"modified":"2016-04-02T10:33:55","modified_gmt":"2016-04-02T10:33:55","slug":"three-button-remote-control-shell-suitable-for-volvo-s40-v40-s70-c70-v70","status":"publish","type":"product","link":"https:\/\/keys-for-auto.eu\/de\/product\/three-button-remote-control-shell-suitable-for-volvo-s40-v40-s70-c70-v70\/","title":{"rendered":"Drei-Tasten-Fernbedienungsgeh\u00e4use &#8211; passend f\u00fcr Volvo S40 | V40 | S70 | C70 | V70"},"content":{"rendered":"<p><strong>Geeignet f\u00fcr: Volvo S40, V40, S70, C70, V70 &#8211; Drei-Tasten-Fernbedienungsgeh\u00e4use<\/strong><\/p>\n<p><strong>Die Drei-Tasten-Fernbedienung f\u00fcr Volvo S40, V40, S70, C70, V70 wird vorgestellt.<\/strong><\/p>\n<p>Schl\u00fcsselh\u00fclsen sind nicht f\u00fcr immer. Wenn Ihr Volvo-Schl\u00fcsselgeh\u00e4use verschlissen oder gebrochen ist, bieten wir Ihnen daher ein neues an. Wir verkaufen nicht nur Schl\u00fcsseletuis, sondern auch ferngesteuerte Schl\u00fcssel. Wir programmieren auch Schl\u00fcssel. Diese Dienste werden immer beliebter. Viele moderne Autos werden mit Hilfe spezieller Ger\u00e4te entriegelt\/verriegelt und gestartet. Deshalb brauchen wir Spezialisten, die in der Lage sind, Schl\u00fcssel zu programmieren.<\/p>\n<p>Wir programmieren Schl\u00fcssel. Ihre Reisekosten werden sich dank unserer kundenfreundlichen Preise und unseres professionellen Service lohnen. Wir laden Sie auch ein, einen Blick auf unseren anderen T\u00e4tigkeitsbereich zu werfen: Reparatur und Programmierung von Renault-Z\u00fcndkarten. Wir verkaufen auch neue Geh\u00e4use f\u00fcr Renault-Z\u00fcndkarten. In unserer Zentrale erhalten Sie alle ben\u00f6tigten Waren und Dienstleistungen an einem Ort.<\/p>\n<p>Die Programmierung von Autoschl\u00fcsseln ist ein Bereich, in dem Sie sich auf uns verlassen k\u00f6nnen! Die Schl\u00fcsselherstellung ist ein wettbewerbsintensiver Bereich, in dem nur die St\u00e4rksten \u00fcberleben. Z\u00f6gern Sie also nicht, uns die Programmierung Ihres Autoschl\u00fcssels anzuvertrauen. Autoschl\u00fcssel und Autoschl\u00fcsselgeh\u00e4use &#8211; wir bieten eine breite Palette von Dienstleistungen und Produkten, die f\u00fcr Autofahrer unerl\u00e4sslich sind.<\/p>\n<p>Wir bieten auch einen Notdienst f\u00fcr die Autoaufsperrung an. Manchmal gibt es schwarze Tage, an denen etwas schief l\u00e4uft. Sie haben versehentlich Ihre Autoschl\u00fcssel eingeklemmt oder k\u00f6nnen aus einem anderen Grund nicht ins Auto gelangen. Vielleicht ist die Batterie leer und die Fernbedienung reagiert nicht? Oder die T\u00fcrverriegelung funktioniert nicht und Sie haben keine andere M\u00f6glichkeit, ins Auto zu kommen? In jedem dieser F\u00e4lle kommen wir zu Ihnen und entriegeln Ihr Auto sicher.<\/p>\n<p>Unsere Spezialisten verwenden eine spezielle Ausr\u00fcstung, um die Notentriegelung von Autos durchzuf\u00fchren. Daher wird dieser Vorgang ohne Sch\u00e4den an Ihrem Fahrzeug durchgef\u00fchrt. Wenden Sie sich an uns, wenn Sie eine schnelle und effiziente Notentriegelung Ihres Autos ben\u00f6tigen.<\/p>\n","protected":false},"excerpt":{"rendered":"<p><em><strong>Geeignet f\u00fcr:<br \/>\nVolvo S40<br \/>\nVolvo V40<br \/>\nVolvo S70<br \/>\nVolvo C70<br \/>\nVolvo V70<\/strong><\/em><\/p>\n<h3><strong>Herstellung von Autoschl\u00fcsseln<\/strong><\/h3>\n<ul>\n<li><strong>Herstellung neuer Autoschl\u00fcssel, Programmierung der Schl\u00fcssel (&#8222;Bindung&#8220; an das Auto)<\/strong><\/li>\n<li><strong>L\u00f6schen von zuvor verlorenen Schl\u00fcsseln aus dem Fahrzeugspeicher<\/strong><\/li>\n<li><strong>Herstellung des Z\u00fcndschl\u00fcssels entsprechend dem Schloss<\/strong><\/li>\n<li><strong>Reparatur von Autoschl\u00fcsseln (Ersatz von Tasten, Schalen, Mechanismen)<\/strong><\/li>\n<li><strong>Auto-Notentriegelung<\/strong><\/li>\n<li><strong>Umtausch von Schl\u00fcsseln, Schl\u00fcsseletuis<\/strong><\/li>\n<li><strong>DPF \/ FAP Software-Abschaltung<\/strong><\/li>\n<li><strong>Programmatische EGR-Entfernung<\/strong><\/li>\n<li><strong>Deaktivierung der Wegfahrsperre-Software (immo Off)<\/strong><\/li>\n<li><strong>Reparatur, Klonen, Programmieren von Motorsteuerger\u00e4ten (ECU)<\/strong><\/li>\n<li><strong>SRS (Airbag-Steuerger\u00e4t-Programmierung)<\/strong><\/li>\n<\/ul>\n<div class=\"woocommerce-product-details__short-description\">\n<h4><strong>  Artikel werden innerhalb von 3 Arbeitstagen versandt.*<\/strong><\/h4>\n<\/div>\n<form class=\"cart\" action=\"https:\/\/keys-for-auto.eu\/product\/smart-key-shell-suitable-for-audi-a3-a4-s4-a5-three-buttons\/\" enctype=\"multipart\/form-data\" method=\"post\"><\/form>\n","protected":false},"featured_media":14040,"comment_status":"open","ping_status":"closed","template":"","meta":[],"product_brand":[],"product_cat":[739,2416],"product_tag":[2417,2490,2438,2494,2442,2424],"class_list":{"0":"post-16193","1":"product","2":"type-product","3":"status-publish","4":"has-post-thumbnail","6":"product_cat-schlusselmuscheln","7":"product_cat-volvo-de","8":"product_tag-ferngesteuertes-volvo-gehause","9":"product_tag-volvo-c70-steuergehause","10":"product_tag-volvo-s40-abgesetzte-schale","11":"product_tag-volvo-s70-fernbedienungsgehause","12":"product_tag-volvo-v40-fernbedienungsgehause","13":"product_tag-volvo-v70-fernbedienungsgehause","15":"first","16":"instock","17":"sale","18":"shipping-taxable","19":"purchasable","20":"product-type-simple"},"yoast_head":"<!-- This site is optimized with the Yoast SEO plugin v27.3 - https:\/\/yoast.com\/product\/yoast-seo-wordpress\/ -->\n<title>-<\/title>\n<meta name=\"robots\" content=\"index, follow, max-snippet:-1, max-image-preview:large, max-video-preview:-1\" \/>\n<link rel=\"canonical\" href=\"https:\/\/keys-for-auto.eu\/de\/product\/three-button-remote-control-shell-suitable-for-volvo-s40-v40-s70-c70-v70\/\" \/>\n<meta property=\"og:locale\" content=\"de_DE\" \/>\n<meta property=\"og:type\" content=\"article\" \/>\n<meta property=\"og:title\" content=\"-\" \/>\n<meta property=\"og:description\" content=\"Geeignet f\u00fcr: Volvo S40 Volvo V40 Volvo S70 Volvo C70 Volvo V70 Herstellung von Autoschl\u00fcsseln  Herstellung neuer Autoschl\u00fcssel, Programmierung der Schl\u00fcssel (&quot;Bindung&quot; an das Auto)  L\u00f6schen von zuvor verlorenen Schl\u00fcsseln aus dem Fahrzeugspeicher  Herstellung des Z\u00fcndschl\u00fcssels entsprechend dem Schloss  Reparatur von Autoschl\u00fcsseln (Ersatz von Tasten, Schalen, Mechanismen)  Auto-Notentriegelung  Umtausch von Schl\u00fcsseln, Schl\u00fcsseletuis  DPF \/ FAP Software-Abschaltung  Programmatische EGR-Entfernung  Deaktivierung der Wegfahrsperre-Software (immo Off)  Reparatur, Klonen, Programmieren von Motorsteuerger\u00e4ten (ECU)  SRS (Airbag-Steuerger\u00e4t-Programmierung)   Artikel werden innerhalb von 3 Arbeitstagen versandt.*\" \/>\n<meta property=\"og:url\" content=\"https:\/\/keys-for-auto.eu\/de\/product\/three-button-remote-control-shell-suitable-for-volvo-s40-v40-s70-c70-v70\/\" \/>\n<meta property=\"og:site_name\" content=\"Keys for auto\" \/>\n<meta property=\"article:publisher\" content=\"https:\/\/www.facebook.com\/KeysForAutoEU\" \/>\n<meta property=\"og:image\" content=\"https:\/\/keys-for-auto.eu\/wp-content\/uploads\/2022\/12\/VOLVO-S40-V40-S70-C70-V70-3-mygtuku-pultelis-500x5001__1_-removebg-preview.png\" \/>\n\t<meta property=\"og:image:width\" content=\"500\" \/>\n\t<meta property=\"og:image:height\" content=\"500\" \/>\n\t<meta property=\"og:image:type\" content=\"image\/png\" \/>\n<meta name=\"twitter:card\" content=\"summary_large_image\" \/>\n<meta name=\"twitter:label1\" content=\"Gesch\u00e4tzte Lesezeit\" \/>\n\t<meta name=\"twitter:data1\" content=\"2\u00a0Minuten\" \/>\n<script type=\"application\/ld+json\" class=\"yoast-schema-graph\">{\"@context\":\"https:\\\/\\\/schema.org\",\"@graph\":[{\"@type\":[\"WebPage\",\"ItemPage\"],\"@id\":\"https:\\\/\\\/keys-for-auto.eu\\\/de\\\/product\\\/three-button-remote-control-shell-suitable-for-volvo-s40-v40-s70-c70-v70\\\/\",\"url\":\"https:\\\/\\\/keys-for-auto.eu\\\/de\\\/product\\\/three-button-remote-control-shell-suitable-for-volvo-s40-v40-s70-c70-v70\\\/\",\"name\":\"-\",\"isPartOf\":{\"@id\":\"https:\\\/\\\/keys-for-auto.eu\\\/de\\\/#website\"},\"primaryImageOfPage\":{\"@id\":\"https:\\\/\\\/keys-for-auto.eu\\\/de\\\/product\\\/three-button-remote-control-shell-suitable-for-volvo-s40-v40-s70-c70-v70\\\/#primaryimage\"},\"image\":{\"@id\":\"https:\\\/\\\/keys-for-auto.eu\\\/de\\\/product\\\/three-button-remote-control-shell-suitable-for-volvo-s40-v40-s70-c70-v70\\\/#primaryimage\"},\"thumbnailUrl\":\"https:\\\/\\\/keys-for-auto.eu\\\/wp-content\\\/uploads\\\/2022\\\/12\\\/VOLVO-S40-V40-S70-C70-V70-3-mygtuku-pultelis-500x5001__1_-removebg-preview.png\",\"datePublished\":\"2016-04-02T10:33:55+00:00\",\"breadcrumb\":{\"@id\":\"https:\\\/\\\/keys-for-auto.eu\\\/de\\\/product\\\/three-button-remote-control-shell-suitable-for-volvo-s40-v40-s70-c70-v70\\\/#breadcrumb\"},\"inLanguage\":\"de\",\"potentialAction\":[{\"@type\":\"ReadAction\",\"target\":[\"https:\\\/\\\/keys-for-auto.eu\\\/de\\\/product\\\/three-button-remote-control-shell-suitable-for-volvo-s40-v40-s70-c70-v70\\\/\"]}]},{\"@type\":\"ImageObject\",\"inLanguage\":\"de\",\"@id\":\"https:\\\/\\\/keys-for-auto.eu\\\/de\\\/product\\\/three-button-remote-control-shell-suitable-for-volvo-s40-v40-s70-c70-v70\\\/#primaryimage\",\"url\":\"https:\\\/\\\/keys-for-auto.eu\\\/wp-content\\\/uploads\\\/2022\\\/12\\\/VOLVO-S40-V40-S70-C70-V70-3-mygtuku-pultelis-500x5001__1_-removebg-preview.png\",\"contentUrl\":\"https:\\\/\\\/keys-for-auto.eu\\\/wp-content\\\/uploads\\\/2022\\\/12\\\/VOLVO-S40-V40-S70-C70-V70-3-mygtuku-pultelis-500x5001__1_-removebg-preview.png\",\"width\":500,\"height\":500},{\"@type\":\"BreadcrumbList\",\"@id\":\"https:\\\/\\\/keys-for-auto.eu\\\/de\\\/product\\\/three-button-remote-control-shell-suitable-for-volvo-s40-v40-s70-c70-v70\\\/#breadcrumb\",\"itemListElement\":[{\"@type\":\"ListItem\",\"position\":1,\"name\":\"Startseite\",\"item\":\"https:\\\/\\\/keys-for-auto.eu\\\/de\\\/\"},{\"@type\":\"ListItem\",\"position\":2,\"name\":\"Shop\",\"item\":\"https:\\\/\\\/keys-for-auto.eu\\\/\"},{\"@type\":\"ListItem\",\"position\":3,\"name\":\"Drei-Tasten-Fernbedienungsgeh\u00e4use &#8211; passend f\u00fcr Volvo S40 | V40 | S70 | C70 | V70\"}]},{\"@type\":\"WebSite\",\"@id\":\"https:\\\/\\\/keys-for-auto.eu\\\/de\\\/#website\",\"url\":\"https:\\\/\\\/keys-for-auto.eu\\\/de\\\/\",\"name\":\"Keys for auto\",\"description\":\"Car keys,  key shells, key programming\",\"publisher\":{\"@id\":\"https:\\\/\\\/keys-for-auto.eu\\\/de\\\/#organization\"},\"potentialAction\":[{\"@type\":\"SearchAction\",\"target\":{\"@type\":\"EntryPoint\",\"urlTemplate\":\"https:\\\/\\\/keys-for-auto.eu\\\/de\\\/?s={search_term_string}\"},\"query-input\":{\"@type\":\"PropertyValueSpecification\",\"valueRequired\":true,\"valueName\":\"search_term_string\"}}],\"inLanguage\":\"de\"},{\"@type\":\"Organization\",\"@id\":\"https:\\\/\\\/keys-for-auto.eu\\\/de\\\/#organization\",\"name\":\"Schl\u00fcssel f\u00fcr Auto\",\"url\":\"https:\\\/\\\/keys-for-auto.eu\\\/de\\\/\",\"logo\":{\"@type\":\"ImageObject\",\"inLanguage\":\"de\",\"@id\":\"https:\\\/\\\/keys-for-auto.eu\\\/de\\\/#\\\/schema\\\/logo\\\/image\\\/\",\"url\":\"https:\\\/\\\/keys-for-auto.eu\\\/wp-content\\\/uploads\\\/2022\\\/11\\\/cropped-png1.png\",\"contentUrl\":\"https:\\\/\\\/keys-for-auto.eu\\\/wp-content\\\/uploads\\\/2022\\\/11\\\/cropped-png1.png\",\"width\":1000,\"height\":342,\"caption\":\"Schl\u00fcssel f\u00fcr Auto\"},\"image\":{\"@id\":\"https:\\\/\\\/keys-for-auto.eu\\\/de\\\/#\\\/schema\\\/logo\\\/image\\\/\"},\"sameAs\":[\"https:\\\/\\\/www.facebook.com\\\/KeysForAutoEU\"]}]}<\/script>\n<!-- \/ Yoast SEO plugin. -->","yoast_head_json":{"title":"-","robots":{"index":"index","follow":"follow","max-snippet":"max-snippet:-1","max-image-preview":"max-image-preview:large","max-video-preview":"max-video-preview:-1"},"canonical":"https:\/\/keys-for-auto.eu\/de\/product\/three-button-remote-control-shell-suitable-for-volvo-s40-v40-s70-c70-v70\/","og_locale":"de_DE","og_type":"article","og_title":"-","og_description":"Geeignet f\u00fcr: Volvo S40 Volvo V40 Volvo S70 Volvo C70 Volvo V70 Herstellung von Autoschl\u00fcsseln  Herstellung neuer Autoschl\u00fcssel, Programmierung der Schl\u00fcssel (\"Bindung\" an das Auto)  L\u00f6schen von zuvor verlorenen Schl\u00fcsseln aus dem Fahrzeugspeicher  Herstellung des Z\u00fcndschl\u00fcssels entsprechend dem Schloss  Reparatur von Autoschl\u00fcsseln (Ersatz von Tasten, Schalen, Mechanismen)  Auto-Notentriegelung  Umtausch von Schl\u00fcsseln, Schl\u00fcsseletuis  DPF \/ FAP Software-Abschaltung  Programmatische EGR-Entfernung  Deaktivierung der Wegfahrsperre-Software (immo Off)  Reparatur, Klonen, Programmieren von Motorsteuerger\u00e4ten (ECU)  SRS (Airbag-Steuerger\u00e4t-Programmierung)   Artikel werden innerhalb von 3 Arbeitstagen versandt.*","og_url":"https:\/\/keys-for-auto.eu\/de\/product\/three-button-remote-control-shell-suitable-for-volvo-s40-v40-s70-c70-v70\/","og_site_name":"Keys for auto","article_publisher":"https:\/\/www.facebook.com\/KeysForAutoEU","og_image":[{"width":500,"height":500,"url":"https:\/\/keys-for-auto.eu\/wp-content\/uploads\/2022\/12\/VOLVO-S40-V40-S70-C70-V70-3-mygtuku-pultelis-500x5001__1_-removebg-preview.png","type":"image\/png"}],"twitter_card":"summary_large_image","twitter_misc":{"Gesch\u00e4tzte Lesezeit":"2\u00a0Minuten"},"schema":{"@context":"https:\/\/schema.org","@graph":[{"@type":["WebPage","ItemPage"],"@id":"https:\/\/keys-for-auto.eu\/de\/product\/three-button-remote-control-shell-suitable-for-volvo-s40-v40-s70-c70-v70\/","url":"https:\/\/keys-for-auto.eu\/de\/product\/three-button-remote-control-shell-suitable-for-volvo-s40-v40-s70-c70-v70\/","name":"-","isPartOf":{"@id":"https:\/\/keys-for-auto.eu\/de\/#website"},"primaryImageOfPage":{"@id":"https:\/\/keys-for-auto.eu\/de\/product\/three-button-remote-control-shell-suitable-for-volvo-s40-v40-s70-c70-v70\/#primaryimage"},"image":{"@id":"https:\/\/keys-for-auto.eu\/de\/product\/three-button-remote-control-shell-suitable-for-volvo-s40-v40-s70-c70-v70\/#primaryimage"},"thumbnailUrl":"https:\/\/keys-for-auto.eu\/wp-content\/uploads\/2022\/12\/VOLVO-S40-V40-S70-C70-V70-3-mygtuku-pultelis-500x5001__1_-removebg-preview.png","datePublished":"2016-04-02T10:33:55+00:00","breadcrumb":{"@id":"https:\/\/keys-for-auto.eu\/de\/product\/three-button-remote-control-shell-suitable-for-volvo-s40-v40-s70-c70-v70\/#breadcrumb"},"inLanguage":"de","potentialAction":[{"@type":"ReadAction","target":["https:\/\/keys-for-auto.eu\/de\/product\/three-button-remote-control-shell-suitable-for-volvo-s40-v40-s70-c70-v70\/"]}]},{"@type":"ImageObject","inLanguage":"de","@id":"https:\/\/keys-for-auto.eu\/de\/product\/three-button-remote-control-shell-suitable-for-volvo-s40-v40-s70-c70-v70\/#primaryimage","url":"https:\/\/keys-for-auto.eu\/wp-content\/uploads\/2022\/12\/VOLVO-S40-V40-S70-C70-V70-3-mygtuku-pultelis-500x5001__1_-removebg-preview.png","contentUrl":"https:\/\/keys-for-auto.eu\/wp-content\/uploads\/2022\/12\/VOLVO-S40-V40-S70-C70-V70-3-mygtuku-pultelis-500x5001__1_-removebg-preview.png","width":500,"height":500},{"@type":"BreadcrumbList","@id":"https:\/\/keys-for-auto.eu\/de\/product\/three-button-remote-control-shell-suitable-for-volvo-s40-v40-s70-c70-v70\/#breadcrumb","itemListElement":[{"@type":"ListItem","position":1,"name":"Startseite","item":"https:\/\/keys-for-auto.eu\/de\/"},{"@type":"ListItem","position":2,"name":"Shop","item":"https:\/\/keys-for-auto.eu\/"},{"@type":"ListItem","position":3,"name":"Drei-Tasten-Fernbedienungsgeh\u00e4use &#8211; passend f\u00fcr Volvo S40 | V40 | S70 | C70 | V70"}]},{"@type":"WebSite","@id":"https:\/\/keys-for-auto.eu\/de\/#website","url":"https:\/\/keys-for-auto.eu\/de\/","name":"Keys for auto","description":"Car keys,  key shells, key programming","publisher":{"@id":"https:\/\/keys-for-auto.eu\/de\/#organization"},"potentialAction":[{"@type":"SearchAction","target":{"@type":"EntryPoint","urlTemplate":"https:\/\/keys-for-auto.eu\/de\/?s={search_term_string}"},"query-input":{"@type":"PropertyValueSpecification","valueRequired":true,"valueName":"search_term_string"}}],"inLanguage":"de"},{"@type":"Organization","@id":"https:\/\/keys-for-auto.eu\/de\/#organization","name":"Schl\u00fcssel f\u00fcr Auto","url":"https:\/\/keys-for-auto.eu\/de\/","logo":{"@type":"ImageObject","inLanguage":"de","@id":"https:\/\/keys-for-auto.eu\/de\/#\/schema\/logo\/image\/","url":"https:\/\/keys-for-auto.eu\/wp-content\/uploads\/2022\/11\/cropped-png1.png","contentUrl":"https:\/\/keys-for-auto.eu\/wp-content\/uploads\/2022\/11\/cropped-png1.png","width":1000,"height":342,"caption":"Schl\u00fcssel f\u00fcr Auto"},"image":{"@id":"https:\/\/keys-for-auto.eu\/de\/#\/schema\/logo\/image\/"},"sameAs":["https:\/\/www.facebook.com\/KeysForAutoEU"]}]}},"_links":{"self":[{"href":"https:\/\/keys-for-auto.eu\/de\/wp-json\/wp\/v2\/product\/16193","targetHints":{"allow":["GET"]}}],"collection":[{"href":"https:\/\/keys-for-auto.eu\/de\/wp-json\/wp\/v2\/product"}],"about":[{"href":"https:\/\/keys-for-auto.eu\/de\/wp-json\/wp\/v2\/types\/product"}],"replies":[{"embeddable":true,"href":"https:\/\/keys-for-auto.eu\/de\/wp-json\/wp\/v2\/comments?post=16193"}],"wp:featuredmedia":[{"embeddable":true,"href":"https:\/\/keys-for-auto.eu\/de\/wp-json\/wp\/v2\/media\/14040"}],"wp:attachment":[{"href":"https:\/\/keys-for-auto.eu\/de\/wp-json\/wp\/v2\/media?parent=16193"}],"wp:term":[{"taxonomy":"product_brand","embeddable":true,"href":"https:\/\/keys-for-auto.eu\/de\/wp-json\/wp\/v2\/product_brand?post=16193"},{"taxonomy":"product_cat","embeddable":true,"href":"https:\/\/keys-for-auto.eu\/de\/wp-json\/wp\/v2\/product_cat?post=16193"},{"taxonomy":"product_tag","embeddable":true,"href":"https:\/\/keys-for-auto.eu\/de\/wp-json\/wp\/v2\/product_tag?post=16193"}],"curies":[{"name":"wp","href":"https:\/\/api.w.org\/{rel}","templated":true}]}}