{"id":16185,"date":"2016-04-02T10:29:07","date_gmt":"2016-04-02T10:29:07","guid":{"rendered":"https:\/\/keys-for-auto.eu\/product\/vier-tasten-fernbedienungsgehaeuse-passend-fuer-volvo-fahrzeuge\/"},"modified":"2016-04-02T10:29:07","modified_gmt":"2016-04-02T10:29:07","slug":"vier-tasten-fernbedienungsschale-geeignet-fur-volvo-autos","status":"publish","type":"product","link":"https:\/\/keys-for-auto.eu\/de\/product\/vier-tasten-fernbedienungsschale-geeignet-fur-volvo-autos\/","title":{"rendered":"Vier-Tasten-Fernbedienungsgeh\u00e4use &#8211; passend f\u00fcr Volvo-Fahrzeuge"},"content":{"rendered":"<h2><strong>F\u00fcr Volvo &#8211; Schl\u00fcsselgeh\u00e4use<\/strong><\/h2>\n<h2><strong>Wir stellen die 4-Tasten-Schl\u00fcsselschale f\u00fcr Volvo-Fahrzeuge vor.<\/strong><\/h2>\n<p>Die Freude am Fahren eines leistungsstarken und sch\u00f6nen Autos sollte nicht von der st\u00e4ndigen Sorge um seine Sicherheit \u00fcberschattet werden, wenn es unbeaufsichtigt bleibt. Volvo Key Programming wird Ihnen helfen, diese Sorgen loszuwerden. Wir programmieren Schl\u00fcssel nicht nur f\u00fcr Volvo, sondern auch f\u00fcr viele andere Automarken.<\/p>\n<p>Wir programmieren Ihre Schl\u00fcssel und laden Sie ein, diesen Service n\u00e4her kennen zu lernen. Autofahrer, zu deren Familienflotte nicht nur Volvo, sondern auch Renault geh\u00f6rt, sollten sich Sorgen machen. Wir laden Sie ein, unseren exklusiven Service in Anspruch zu nehmen. Wir verkaufen Renault-Z\u00fcndkarten. Falls erforderlich, ersetzen wir gebrochene oder abgenutzte Kartenk\u00f6rper. Reparatur und Programmierung von Renault-Z\u00fcndkarten. Zus\u00e4tzlich zu den oben genannten Dienstleistungen und Produkten bieten wir auch die Kaution f\u00fcr Renault-Karten an.<\/p>\n<p>Die Programmierung von Autoschl\u00fcsseln ist ein verantwortungsvoller Bereich. Deshalb investieren wir in die Verbesserung unserer Dienstleistungen. Wir aktualisieren die von uns verwendete Technologie. Wir verbessern die Qualifikation unserer Techniker. Die Produktion von Schl\u00fcsseln hat sich seit unserem Markteintritt professionalisiert. Wenn Sie an professionellen und zuverl\u00e4ssigen Autoschl\u00fcsseln interessiert sind, wenden Sie sich bitte an uns.<\/p>\n<h3>Auto-Notentriegelung<\/h3>\n<p>Ein weiterer Service, den wir anbieten, ist die Notentriegelung von Autos. Manchmal kommt man in die ungl\u00fcckliche Situation, dass der Schl\u00fcssel im Auto klemmt. In diesem Fall muss das Schlie\u00dfsystem entfernt werden, um das Fahrzeug zu entriegeln. Dies ist auf eine spezielle Ausr\u00fcstung zur\u00fcckzuf\u00fchren, die so funktioniert, dass die T\u00fcr nach einer bestimmten Zeit nach dem Verriegeln verschlossen wird. Diese Situation macht es notwendig, professionelle Hilfe in Anspruch zu nehmen. Da kommen wir ins Spiel!<\/p>\n<p>Die Entriegelung von Autos ist eine weitere Dienstleistung, die wir anbieten. Versuchen Sie nicht, es selbst zu tun, denn Sie k\u00f6nnten die Situation nur ruinieren. F\u00fcr jemanden, der nicht \u00fcber die entsprechenden Kenntnisse verf\u00fcgt, ist es nicht leicht, dies zu tun. Sie k\u00f6nnen den Verriegelungsmechanismus besch\u00e4digen und dann haben Sie noch mehr Probleme. \u00dcberlassen Sie also die Notentriegelung Ihres Autos uns &#8211; den Profis auf diesem Gebiet. Wir f\u00fchren die Notentriegelung durch, ohne Ihr Auto zu besch\u00e4digen.<\/p>\n","protected":false},"excerpt":{"rendered":"<p><em><strong>Vier-Tasten-Fernbedienungsgeh\u00e4use &#8211; passend f\u00fcr Volvo-Fahrzeuge.<\/strong><\/em><\/p>\n<h3><strong>Herstellung von Autoschl\u00fcsseln<\/strong><\/h3>\n<ul>\n<li><strong>Herstellung neuer Autoschl\u00fcssel, Programmierung der Schl\u00fcssel (&#8222;Bindung&#8220; an das Auto)<\/strong><\/li>\n<li><strong>L\u00f6schen von zuvor verlorenen Schl\u00fcsseln aus dem Fahrzeugspeicher<\/strong><\/li>\n<li><strong>Herstellung des Z\u00fcndschl\u00fcssels entsprechend dem Schloss<\/strong><\/li>\n<li><strong>Reparatur von Autoschl\u00fcsseln (Ersatz von Tasten, Schalen, Mechanismen)<\/strong><\/li>\n<li><strong>Auto-Notentriegelung<\/strong><\/li>\n<li><strong>Umtausch von Schl\u00fcsseln, Schl\u00fcsseletuis<\/strong><\/li>\n<li><strong>DPF \/ FAP Software-Abschaltung<\/strong><\/li>\n<li><strong>Programmatische EGR-Entfernung<\/strong><\/li>\n<li><strong>Deaktivierung der Wegfahrsperre-Software (immo Off)<\/strong><\/li>\n<li><strong>Reparatur, Klonen, Programmieren von Motorsteuerger\u00e4ten (ECU)<\/strong><\/li>\n<li><strong>SRS (Airbag-Steuerger\u00e4t-Programmierung)<\/strong><\/li>\n<\/ul>\n<div class=\"woocommerce-product-details__short-description\">\n<h4><strong>  Artikel werden innerhalb von 3 Arbeitstagen versandt.*<\/strong><\/h4>\n<\/div>\n<form class=\"cart\" action=\"https:\/\/keys-for-auto.eu\/product\/smart-key-shell-suitable-for-audi-a3-a4-s4-a5-three-buttons\/\" enctype=\"multipart\/form-data\" method=\"post\"><\/form>\n","protected":false},"featured_media":14015,"comment_status":"open","ping_status":"closed","template":"","meta":[],"product_brand":[],"product_cat":[739,2416],"product_tag":[2417],"class_list":{"0":"post-16185","1":"product","2":"type-product","3":"status-publish","4":"has-post-thumbnail","6":"product_cat-schlusselmuscheln","7":"product_cat-volvo-de","8":"product_tag-ferngesteuertes-volvo-gehause","10":"first","11":"instock","12":"sale","13":"shipping-taxable","14":"purchasable","15":"product-type-simple"},"yoast_head":"<!-- This site is optimized with the Yoast SEO plugin v27.6 - https:\/\/yoast.com\/product\/yoast-seo-wordpress\/ -->\n<title>-<\/title>\n<meta name=\"robots\" content=\"index, follow, max-snippet:-1, max-image-preview:large, max-video-preview:-1\" \/>\n<link rel=\"canonical\" href=\"https:\/\/keys-for-auto.eu\/de\/product\/vier-tasten-fernbedienungsschale-geeignet-fur-volvo-autos\/\" \/>\n<meta property=\"og:locale\" content=\"de_DE\" \/>\n<meta property=\"og:type\" content=\"article\" \/>\n<meta property=\"og:title\" content=\"-\" \/>\n<meta property=\"og:description\" content=\"Vier-Tasten-Fernbedienungsgeh\u00e4use - passend f\u00fcr Volvo-Fahrzeuge. Herstellung von Autoschl\u00fcsseln  Herstellung neuer Autoschl\u00fcssel, Programmierung der Schl\u00fcssel (&quot;Bindung&quot; an das Auto)  L\u00f6schen von zuvor verlorenen Schl\u00fcsseln aus dem Fahrzeugspeicher  Herstellung des Z\u00fcndschl\u00fcssels entsprechend dem Schloss  Reparatur von Autoschl\u00fcsseln (Ersatz von Tasten, Schalen, Mechanismen)  Auto-Notentriegelung  Umtausch von Schl\u00fcsseln, Schl\u00fcsseletuis  DPF \/ FAP Software-Abschaltung  Programmatische EGR-Entfernung  Deaktivierung der Wegfahrsperre-Software (immo Off)  Reparatur, Klonen, Programmieren von Motorsteuerger\u00e4ten (ECU)  SRS (Airbag-Steuerger\u00e4t-Programmierung)   Artikel werden innerhalb von 3 Arbeitstagen versandt.*\" \/>\n<meta property=\"og:url\" content=\"https:\/\/keys-for-auto.eu\/de\/product\/vier-tasten-fernbedienungsschale-geeignet-fur-volvo-autos\/\" \/>\n<meta property=\"og:site_name\" content=\"Keys for auto\" \/>\n<meta property=\"article:publisher\" content=\"https:\/\/www.facebook.com\/KeysForAutoEU\" \/>\n<meta property=\"og:image\" content=\"https:\/\/keys-for-auto.eu\/wp-content\/uploads\/2022\/12\/volvo-4-500x5001-removebg-preview.png\" \/>\n\t<meta property=\"og:image:width\" content=\"500\" \/>\n\t<meta property=\"og:image:height\" content=\"500\" \/>\n\t<meta property=\"og:image:type\" content=\"image\/png\" \/>\n<meta name=\"twitter:card\" content=\"summary_large_image\" \/>\n<meta name=\"twitter:label1\" content=\"Gesch\u00e4tzte Lesezeit\" \/>\n\t<meta name=\"twitter:data1\" content=\"2\u00a0Minuten\" \/>\n<script type=\"application\/ld+json\" class=\"yoast-schema-graph\">{\"@context\":\"https:\\\/\\\/schema.org\",\"@graph\":[{\"@type\":[\"WebPage\",\"ItemPage\"],\"@id\":\"https:\\\/\\\/keys-for-auto.eu\\\/de\\\/product\\\/vier-tasten-fernbedienungsschale-geeignet-fur-volvo-autos\\\/\",\"url\":\"https:\\\/\\\/keys-for-auto.eu\\\/de\\\/product\\\/vier-tasten-fernbedienungsschale-geeignet-fur-volvo-autos\\\/\",\"name\":\"-\",\"isPartOf\":{\"@id\":\"https:\\\/\\\/keys-for-auto.eu\\\/de\\\/#website\"},\"primaryImageOfPage\":{\"@id\":\"https:\\\/\\\/keys-for-auto.eu\\\/de\\\/product\\\/vier-tasten-fernbedienungsschale-geeignet-fur-volvo-autos\\\/#primaryimage\"},\"image\":{\"@id\":\"https:\\\/\\\/keys-for-auto.eu\\\/de\\\/product\\\/vier-tasten-fernbedienungsschale-geeignet-fur-volvo-autos\\\/#primaryimage\"},\"thumbnailUrl\":\"https:\\\/\\\/keys-for-auto.eu\\\/wp-content\\\/uploads\\\/2022\\\/12\\\/volvo-4-500x5001-removebg-preview.png\",\"datePublished\":\"2016-04-02T10:29:07+00:00\",\"breadcrumb\":{\"@id\":\"https:\\\/\\\/keys-for-auto.eu\\\/de\\\/product\\\/vier-tasten-fernbedienungsschale-geeignet-fur-volvo-autos\\\/#breadcrumb\"},\"inLanguage\":\"de\",\"potentialAction\":[{\"@type\":\"ReadAction\",\"target\":[\"https:\\\/\\\/keys-for-auto.eu\\\/de\\\/product\\\/vier-tasten-fernbedienungsschale-geeignet-fur-volvo-autos\\\/\"]}]},{\"@type\":\"ImageObject\",\"inLanguage\":\"de\",\"@id\":\"https:\\\/\\\/keys-for-auto.eu\\\/de\\\/product\\\/vier-tasten-fernbedienungsschale-geeignet-fur-volvo-autos\\\/#primaryimage\",\"url\":\"https:\\\/\\\/keys-for-auto.eu\\\/wp-content\\\/uploads\\\/2022\\\/12\\\/volvo-4-500x5001-removebg-preview.png\",\"contentUrl\":\"https:\\\/\\\/keys-for-auto.eu\\\/wp-content\\\/uploads\\\/2022\\\/12\\\/volvo-4-500x5001-removebg-preview.png\",\"width\":500,\"height\":500},{\"@type\":\"BreadcrumbList\",\"@id\":\"https:\\\/\\\/keys-for-auto.eu\\\/de\\\/product\\\/vier-tasten-fernbedienungsschale-geeignet-fur-volvo-autos\\\/#breadcrumb\",\"itemListElement\":[{\"@type\":\"ListItem\",\"position\":1,\"name\":\"Startseite\",\"item\":\"https:\\\/\\\/keys-for-auto.eu\\\/de\\\/\"},{\"@type\":\"ListItem\",\"position\":2,\"name\":\"Shop\",\"item\":\"https:\\\/\\\/keys-for-auto.eu\\\/\"},{\"@type\":\"ListItem\",\"position\":3,\"name\":\"Vier-Tasten-Fernbedienungsgeh\u00e4use &#8211; passend f\u00fcr Volvo-Fahrzeuge\"}]},{\"@type\":\"WebSite\",\"@id\":\"https:\\\/\\\/keys-for-auto.eu\\\/de\\\/#website\",\"url\":\"https:\\\/\\\/keys-for-auto.eu\\\/de\\\/\",\"name\":\"Keys for auto\",\"description\":\"Car keys,  key shells, key programming\",\"publisher\":{\"@id\":\"https:\\\/\\\/keys-for-auto.eu\\\/de\\\/#organization\"},\"potentialAction\":[{\"@type\":\"SearchAction\",\"target\":{\"@type\":\"EntryPoint\",\"urlTemplate\":\"https:\\\/\\\/keys-for-auto.eu\\\/de\\\/?s={search_term_string}\"},\"query-input\":{\"@type\":\"PropertyValueSpecification\",\"valueRequired\":true,\"valueName\":\"search_term_string\"}}],\"inLanguage\":\"de\"},{\"@type\":\"Organization\",\"@id\":\"https:\\\/\\\/keys-for-auto.eu\\\/de\\\/#organization\",\"name\":\"Schl\u00fcssel f\u00fcr Auto\",\"url\":\"https:\\\/\\\/keys-for-auto.eu\\\/de\\\/\",\"logo\":{\"@type\":\"ImageObject\",\"inLanguage\":\"de\",\"@id\":\"https:\\\/\\\/keys-for-auto.eu\\\/de\\\/#\\\/schema\\\/logo\\\/image\\\/\",\"url\":\"https:\\\/\\\/keys-for-auto.eu\\\/wp-content\\\/uploads\\\/2022\\\/11\\\/cropped-png1.png\",\"contentUrl\":\"https:\\\/\\\/keys-for-auto.eu\\\/wp-content\\\/uploads\\\/2022\\\/11\\\/cropped-png1.png\",\"width\":1000,\"height\":342,\"caption\":\"Schl\u00fcssel f\u00fcr Auto\"},\"image\":{\"@id\":\"https:\\\/\\\/keys-for-auto.eu\\\/de\\\/#\\\/schema\\\/logo\\\/image\\\/\"},\"sameAs\":[\"https:\\\/\\\/www.facebook.com\\\/KeysForAutoEU\"]}]}<\/script>\n<!-- \/ Yoast SEO plugin. -->","yoast_head_json":{"title":"-","robots":{"index":"index","follow":"follow","max-snippet":"max-snippet:-1","max-image-preview":"max-image-preview:large","max-video-preview":"max-video-preview:-1"},"canonical":"https:\/\/keys-for-auto.eu\/de\/product\/vier-tasten-fernbedienungsschale-geeignet-fur-volvo-autos\/","og_locale":"de_DE","og_type":"article","og_title":"-","og_description":"Vier-Tasten-Fernbedienungsgeh\u00e4use - passend f\u00fcr Volvo-Fahrzeuge. Herstellung von Autoschl\u00fcsseln  Herstellung neuer Autoschl\u00fcssel, Programmierung der Schl\u00fcssel (\"Bindung\" an das Auto)  L\u00f6schen von zuvor verlorenen Schl\u00fcsseln aus dem Fahrzeugspeicher  Herstellung des Z\u00fcndschl\u00fcssels entsprechend dem Schloss  Reparatur von Autoschl\u00fcsseln (Ersatz von Tasten, Schalen, Mechanismen)  Auto-Notentriegelung  Umtausch von Schl\u00fcsseln, Schl\u00fcsseletuis  DPF \/ FAP Software-Abschaltung  Programmatische EGR-Entfernung  Deaktivierung der Wegfahrsperre-Software (immo Off)  Reparatur, Klonen, Programmieren von Motorsteuerger\u00e4ten (ECU)  SRS (Airbag-Steuerger\u00e4t-Programmierung)   Artikel werden innerhalb von 3 Arbeitstagen versandt.*","og_url":"https:\/\/keys-for-auto.eu\/de\/product\/vier-tasten-fernbedienungsschale-geeignet-fur-volvo-autos\/","og_site_name":"Keys for auto","article_publisher":"https:\/\/www.facebook.com\/KeysForAutoEU","og_image":[{"width":500,"height":500,"url":"https:\/\/keys-for-auto.eu\/wp-content\/uploads\/2022\/12\/volvo-4-500x5001-removebg-preview.png","type":"image\/png"}],"twitter_card":"summary_large_image","twitter_misc":{"Gesch\u00e4tzte Lesezeit":"2\u00a0Minuten"},"schema":{"@context":"https:\/\/schema.org","@graph":[{"@type":["WebPage","ItemPage"],"@id":"https:\/\/keys-for-auto.eu\/de\/product\/vier-tasten-fernbedienungsschale-geeignet-fur-volvo-autos\/","url":"https:\/\/keys-for-auto.eu\/de\/product\/vier-tasten-fernbedienungsschale-geeignet-fur-volvo-autos\/","name":"-","isPartOf":{"@id":"https:\/\/keys-for-auto.eu\/de\/#website"},"primaryImageOfPage":{"@id":"https:\/\/keys-for-auto.eu\/de\/product\/vier-tasten-fernbedienungsschale-geeignet-fur-volvo-autos\/#primaryimage"},"image":{"@id":"https:\/\/keys-for-auto.eu\/de\/product\/vier-tasten-fernbedienungsschale-geeignet-fur-volvo-autos\/#primaryimage"},"thumbnailUrl":"https:\/\/keys-for-auto.eu\/wp-content\/uploads\/2022\/12\/volvo-4-500x5001-removebg-preview.png","datePublished":"2016-04-02T10:29:07+00:00","breadcrumb":{"@id":"https:\/\/keys-for-auto.eu\/de\/product\/vier-tasten-fernbedienungsschale-geeignet-fur-volvo-autos\/#breadcrumb"},"inLanguage":"de","potentialAction":[{"@type":"ReadAction","target":["https:\/\/keys-for-auto.eu\/de\/product\/vier-tasten-fernbedienungsschale-geeignet-fur-volvo-autos\/"]}]},{"@type":"ImageObject","inLanguage":"de","@id":"https:\/\/keys-for-auto.eu\/de\/product\/vier-tasten-fernbedienungsschale-geeignet-fur-volvo-autos\/#primaryimage","url":"https:\/\/keys-for-auto.eu\/wp-content\/uploads\/2022\/12\/volvo-4-500x5001-removebg-preview.png","contentUrl":"https:\/\/keys-for-auto.eu\/wp-content\/uploads\/2022\/12\/volvo-4-500x5001-removebg-preview.png","width":500,"height":500},{"@type":"BreadcrumbList","@id":"https:\/\/keys-for-auto.eu\/de\/product\/vier-tasten-fernbedienungsschale-geeignet-fur-volvo-autos\/#breadcrumb","itemListElement":[{"@type":"ListItem","position":1,"name":"Startseite","item":"https:\/\/keys-for-auto.eu\/de\/"},{"@type":"ListItem","position":2,"name":"Shop","item":"https:\/\/keys-for-auto.eu\/"},{"@type":"ListItem","position":3,"name":"Vier-Tasten-Fernbedienungsgeh\u00e4use &#8211; passend f\u00fcr Volvo-Fahrzeuge"}]},{"@type":"WebSite","@id":"https:\/\/keys-for-auto.eu\/de\/#website","url":"https:\/\/keys-for-auto.eu\/de\/","name":"Keys for auto","description":"Car keys,  key shells, key programming","publisher":{"@id":"https:\/\/keys-for-auto.eu\/de\/#organization"},"potentialAction":[{"@type":"SearchAction","target":{"@type":"EntryPoint","urlTemplate":"https:\/\/keys-for-auto.eu\/de\/?s={search_term_string}"},"query-input":{"@type":"PropertyValueSpecification","valueRequired":true,"valueName":"search_term_string"}}],"inLanguage":"de"},{"@type":"Organization","@id":"https:\/\/keys-for-auto.eu\/de\/#organization","name":"Schl\u00fcssel f\u00fcr Auto","url":"https:\/\/keys-for-auto.eu\/de\/","logo":{"@type":"ImageObject","inLanguage":"de","@id":"https:\/\/keys-for-auto.eu\/de\/#\/schema\/logo\/image\/","url":"https:\/\/keys-for-auto.eu\/wp-content\/uploads\/2022\/11\/cropped-png1.png","contentUrl":"https:\/\/keys-for-auto.eu\/wp-content\/uploads\/2022\/11\/cropped-png1.png","width":1000,"height":342,"caption":"Schl\u00fcssel f\u00fcr Auto"},"image":{"@id":"https:\/\/keys-for-auto.eu\/de\/#\/schema\/logo\/image\/"},"sameAs":["https:\/\/www.facebook.com\/KeysForAutoEU"]}]}},"_links":{"self":[{"href":"https:\/\/keys-for-auto.eu\/de\/wp-json\/wp\/v2\/product\/16185","targetHints":{"allow":["GET"]}}],"collection":[{"href":"https:\/\/keys-for-auto.eu\/de\/wp-json\/wp\/v2\/product"}],"about":[{"href":"https:\/\/keys-for-auto.eu\/de\/wp-json\/wp\/v2\/types\/product"}],"replies":[{"embeddable":true,"href":"https:\/\/keys-for-auto.eu\/de\/wp-json\/wp\/v2\/comments?post=16185"}],"wp:featuredmedia":[{"embeddable":true,"href":"https:\/\/keys-for-auto.eu\/de\/wp-json\/wp\/v2\/media\/14015"}],"wp:attachment":[{"href":"https:\/\/keys-for-auto.eu\/de\/wp-json\/wp\/v2\/media?parent=16185"}],"wp:term":[{"taxonomy":"product_brand","embeddable":true,"href":"https:\/\/keys-for-auto.eu\/de\/wp-json\/wp\/v2\/product_brand?post=16185"},{"taxonomy":"product_cat","embeddable":true,"href":"https:\/\/keys-for-auto.eu\/de\/wp-json\/wp\/v2\/product_cat?post=16185"},{"taxonomy":"product_tag","embeddable":true,"href":"https:\/\/keys-for-auto.eu\/de\/wp-json\/wp\/v2\/product_tag?post=16185"}],"curies":[{"name":"wp","href":"https:\/\/api.w.org\/{rel}","templated":true}]}}