{"id":16183,"date":"2016-04-02T19:21:41","date_gmt":"2016-04-02T19:21:41","guid":{"rendered":"https:\/\/keys-for-auto.eu\/product\/fernbedienungsschluessel-passend-fuer-ford-fusion-mondeo-31\/"},"modified":"2016-04-02T19:21:41","modified_gmt":"2016-04-02T19:21:41","slug":"ferngesteuerte-taste-geeignet-fur-ford-fusion-mondeo-31","status":"publish","type":"product","link":"https:\/\/keys-for-auto.eu\/de\/product\/ferngesteuerte-taste-geeignet-fur-ford-fusion-mondeo-31\/","title":{"rendered":"Fernbedienungsschl\u00fcssel -passend f\u00fcr Ford Fusion | Mondeo 3+1"},"content":{"rendered":"<h3><strong>Fernbedienungsschl\u00fcssel -passend f\u00fcr Ford Fusion | Mondeo 3+1<\/strong><\/h3>\n<p>Wir stellen vor: Ford Fusion, Ford Mondeo &#8211; Funkschl\u00fcssel f\u00fcr die Modelle Fusion und Mondeo. Sie k\u00f6nnen zwischen 433 und 315 MHz w\u00e4hlen. Der Schl\u00fcssel ist mit einem 4D60-Transponder ausgestattet. Haben Sie Ihren Ford-Schl\u00fcssel abgebrochen oder verloren? Oder brauchen Sie vielleicht einen zus\u00e4tzlichen Satz Schl\u00fcssel? Wir bieten Ihnen die M\u00f6glichkeit, die Herstellung und Programmierung eines elektronischen Ford-Schl\u00fcssels mit Transponder zu w\u00e4hlen und zu bestellen.<\/p>\n<p>Unser intelligenter Schl\u00fcssel mit eingebautem Transponder (Chip) garantiert den Schutz Ihres Autos vor unbefugtem Einbruch. So, benutzerfreundlich und einfach zu bedienen Ford Fernbedienung Schl\u00fcssel sind ein guter Weg, um Ihr Auto die Sicherheit Problem zu l\u00f6sen.<\/p>\n<p>Bei uns k\u00f6nnen Sie nicht nur Schl\u00fcssel f\u00fcr fast alle Automarken und -modelle kaufen. Wir programmieren auch die Schl\u00fcssel. W\u00e4hrend unserer Arbeitserfahrung haben wir festgestellt, dass Ford-Schl\u00fcssel sehr gefragt sind. Und das ist keine \u00dcberraschung. Die Fahrer sch\u00e4tzen die hohe Qualit\u00e4t, die Innovation, das elegante Design und die Benutzerfreundlichkeit. Wir versuchen, so viele dieser Eigenschaften wie m\u00f6glich auch in die von uns hergestellten und programmierten Ford-Schl\u00fcssel einzubringen.<\/p>\n<p>Wir programmieren die Schl\u00fcssel und bekommen oft die Frage von Kunden, die Transponderschl\u00fcssel kaufen: &#8222;Wie sind sie besser? Im Folgenden werden wir kurz auf die Vorteile dieser Schl\u00fcssel eingehen, um Ihnen die Entscheidung f\u00fcr den Kauf eines Schl\u00fcssels zu erleichtern. Traditionell oder Transponder?<\/p>\n<h3>Elektronische Ford-Schl\u00fcssel<\/h3>\n<p>Die elektronischen Schl\u00fcssel von Ford sind Teil des Sicherheitssystems, das mit der Wegfahrsperre geliefert wird. Letztere wird im Fahrzeug eingebaut. Mit diesem Tandem k\u00f6nnen Sie alle elektronischen Funktionen des Fahrzeugs und den Motorstart steuern. Der Transponder identifiziert einen eindeutigen Schl\u00fcsselcode und aktiviert bei \u00dcbereinstimmung die Steuersysteme des Fahrzeugs. Damit lassen sich alle Schl\u00f6sser des Fahrzeugs \u00f6ffnen, allerdings nur aus kurzer Entfernung, so dass ein offener Diebstahl ausgeschlossen ist.<\/p>\n<p>Die Programmierung von Autoschl\u00fcsseln ist f\u00fcr uns mehr als nur ein Job. Das ist unsere Leidenschaft! Wir sind an den neuesten Innovationen in unserem Fachgebiet interessiert. Wir arbeiten mit den neuesten Technologien. Wenn Sie also an der Herstellung von Schl\u00fcsseln in Vilnius interessiert sind, kommen Sie zu unserem Hauptsitz. Autoschl\u00fcssel &#8211; f\u00fcr alle Automarken und -modelle!<\/p>\n","protected":false},"excerpt":{"rendered":"<p><em><strong>Geeignet f\u00fcr Ford, &#8211; Funkschl\u00fcssel (433MHz oder 315MHz,4D60 Transponder).<\/strong><\/em><\/p>\n<h3><strong>Herstellung von Autoschl\u00fcsseln<\/strong><\/h3>\n<ul>\n<li><strong>Herstellung neuer Autoschl\u00fcssel, Programmierung der Schl\u00fcssel (&#8222;Bindung&#8220; an das Auto)<\/strong><\/li>\n<li><strong>L\u00f6schen von zuvor verlorenen Schl\u00fcsseln aus dem Fahrzeugspeicher<\/strong><\/li>\n<li><strong>Herstellung des Z\u00fcndschl\u00fcssels entsprechend dem Schloss<\/strong><\/li>\n<li><strong>Reparatur von Autoschl\u00fcsseln (Ersatz von Tasten, Schalen, Mechanismen)<\/strong><\/li>\n<li><strong>Auto-Notentriegelung<\/strong><\/li>\n<li><strong>Umtausch von Schl\u00fcsseln, Schl\u00fcsseletuis<\/strong><\/li>\n<li><strong>DPF \/ FAP Software-Abschaltung<\/strong><\/li>\n<li><strong>Programmatische EGR-Entfernung<\/strong><\/li>\n<li><strong>Deaktivierung der Wegfahrsperre-Software (immo Off)<\/strong><\/li>\n<li><strong>Reparatur, Klonen, Programmieren von Motorsteuerger\u00e4ten (ECU)<\/strong><\/li>\n<li><strong>SRS (Airbag-Steuerger\u00e4t-Programmierung)<\/strong><\/li>\n<\/ul>\n<h4><strong>  Artikel werden innerhalb von 3 Arbeitstagen versandt.*<\/strong><\/h4>\n","protected":false},"featured_media":13220,"comment_status":"open","ping_status":"closed","template":"","meta":[],"product_brand":[],"product_cat":[2099,2292],"product_tag":[2474,2441,2426],"class_list":{"0":"post-16183","1":"product","2":"type-product","3":"status-publish","4":"has-post-thumbnail","6":"product_cat-ford-de","7":"product_cat-tasten-der-fernbedienung","8":"product_tag-ford-fusion-schlussel","9":"product_tag-ford-mondeo-schlussel","10":"product_tag-ford-schlussel","12":"first","13":"instock","14":"shipping-taxable","15":"purchasable","16":"product-type-simple"},"yoast_head":"<!-- This site is optimized with the Yoast SEO plugin v27.6 - https:\/\/yoast.com\/product\/yoast-seo-wordpress\/ -->\n<title>-<\/title>\n<meta name=\"robots\" content=\"index, follow, max-snippet:-1, max-image-preview:large, max-video-preview:-1\" \/>\n<link rel=\"canonical\" href=\"https:\/\/keys-for-auto.eu\/de\/product\/ferngesteuerte-taste-geeignet-fur-ford-fusion-mondeo-31\/\" \/>\n<meta property=\"og:locale\" content=\"de_DE\" \/>\n<meta property=\"og:type\" content=\"article\" \/>\n<meta property=\"og:title\" content=\"-\" \/>\n<meta property=\"og:description\" content=\"Geeignet f\u00fcr Ford, - Funkschl\u00fcssel (433MHz oder 315MHz,4D60 Transponder). Herstellung von Autoschl\u00fcsseln  Herstellung neuer Autoschl\u00fcssel, Programmierung der Schl\u00fcssel (&quot;Bindung&quot; an das Auto)  L\u00f6schen von zuvor verlorenen Schl\u00fcsseln aus dem Fahrzeugspeicher  Herstellung des Z\u00fcndschl\u00fcssels entsprechend dem Schloss  Reparatur von Autoschl\u00fcsseln (Ersatz von Tasten, Schalen, Mechanismen)  Auto-Notentriegelung  Umtausch von Schl\u00fcsseln, Schl\u00fcsseletuis  DPF \/ FAP Software-Abschaltung  Programmatische EGR-Entfernung  Deaktivierung der Wegfahrsperre-Software (immo Off)  Reparatur, Klonen, Programmieren von Motorsteuerger\u00e4ten (ECU)  SRS (Airbag-Steuerger\u00e4t-Programmierung)  Artikel werden innerhalb von 3 Arbeitstagen versandt.*\" \/>\n<meta property=\"og:url\" content=\"https:\/\/keys-for-auto.eu\/de\/product\/ferngesteuerte-taste-geeignet-fur-ford-fusion-mondeo-31\/\" \/>\n<meta property=\"og:site_name\" content=\"Keys for auto\" \/>\n<meta property=\"article:publisher\" content=\"https:\/\/www.facebook.com\/KeysForAutoEU\" \/>\n<meta property=\"og:image\" content=\"https:\/\/keys-for-auto.eu\/wp-content\/uploads\/2022\/12\/Ford-mondeo-raktas-nuotoliniu-valdymu-500x5001-removebg-preview.png\" \/>\n\t<meta property=\"og:image:width\" content=\"500\" \/>\n\t<meta property=\"og:image:height\" content=\"500\" \/>\n\t<meta property=\"og:image:type\" content=\"image\/png\" \/>\n<meta name=\"twitter:card\" content=\"summary_large_image\" \/>\n<meta name=\"twitter:label1\" content=\"Gesch\u00e4tzte Lesezeit\" \/>\n\t<meta name=\"twitter:data1\" content=\"2\u00a0Minuten\" \/>\n<script type=\"application\/ld+json\" class=\"yoast-schema-graph\">{\"@context\":\"https:\\\/\\\/schema.org\",\"@graph\":[{\"@type\":[\"WebPage\",\"ItemPage\"],\"@id\":\"https:\\\/\\\/keys-for-auto.eu\\\/de\\\/product\\\/ferngesteuerte-taste-geeignet-fur-ford-fusion-mondeo-31\\\/\",\"url\":\"https:\\\/\\\/keys-for-auto.eu\\\/de\\\/product\\\/ferngesteuerte-taste-geeignet-fur-ford-fusion-mondeo-31\\\/\",\"name\":\"-\",\"isPartOf\":{\"@id\":\"https:\\\/\\\/keys-for-auto.eu\\\/de\\\/#website\"},\"primaryImageOfPage\":{\"@id\":\"https:\\\/\\\/keys-for-auto.eu\\\/de\\\/product\\\/ferngesteuerte-taste-geeignet-fur-ford-fusion-mondeo-31\\\/#primaryimage\"},\"image\":{\"@id\":\"https:\\\/\\\/keys-for-auto.eu\\\/de\\\/product\\\/ferngesteuerte-taste-geeignet-fur-ford-fusion-mondeo-31\\\/#primaryimage\"},\"thumbnailUrl\":\"https:\\\/\\\/keys-for-auto.eu\\\/wp-content\\\/uploads\\\/2022\\\/12\\\/Ford-mondeo-raktas-nuotoliniu-valdymu-500x5001-removebg-preview.png\",\"datePublished\":\"2016-04-02T19:21:41+00:00\",\"breadcrumb\":{\"@id\":\"https:\\\/\\\/keys-for-auto.eu\\\/de\\\/product\\\/ferngesteuerte-taste-geeignet-fur-ford-fusion-mondeo-31\\\/#breadcrumb\"},\"inLanguage\":\"de\",\"potentialAction\":[{\"@type\":\"ReadAction\",\"target\":[\"https:\\\/\\\/keys-for-auto.eu\\\/de\\\/product\\\/ferngesteuerte-taste-geeignet-fur-ford-fusion-mondeo-31\\\/\"]}]},{\"@type\":\"ImageObject\",\"inLanguage\":\"de\",\"@id\":\"https:\\\/\\\/keys-for-auto.eu\\\/de\\\/product\\\/ferngesteuerte-taste-geeignet-fur-ford-fusion-mondeo-31\\\/#primaryimage\",\"url\":\"https:\\\/\\\/keys-for-auto.eu\\\/wp-content\\\/uploads\\\/2022\\\/12\\\/Ford-mondeo-raktas-nuotoliniu-valdymu-500x5001-removebg-preview.png\",\"contentUrl\":\"https:\\\/\\\/keys-for-auto.eu\\\/wp-content\\\/uploads\\\/2022\\\/12\\\/Ford-mondeo-raktas-nuotoliniu-valdymu-500x5001-removebg-preview.png\",\"width\":500,\"height\":500},{\"@type\":\"BreadcrumbList\",\"@id\":\"https:\\\/\\\/keys-for-auto.eu\\\/de\\\/product\\\/ferngesteuerte-taste-geeignet-fur-ford-fusion-mondeo-31\\\/#breadcrumb\",\"itemListElement\":[{\"@type\":\"ListItem\",\"position\":1,\"name\":\"Startseite\",\"item\":\"https:\\\/\\\/keys-for-auto.eu\\\/de\\\/\"},{\"@type\":\"ListItem\",\"position\":2,\"name\":\"Shop\",\"item\":\"https:\\\/\\\/keys-for-auto.eu\\\/\"},{\"@type\":\"ListItem\",\"position\":3,\"name\":\"Fernbedienungsschl\u00fcssel -passend f\u00fcr Ford Fusion | Mondeo 3+1\"}]},{\"@type\":\"WebSite\",\"@id\":\"https:\\\/\\\/keys-for-auto.eu\\\/de\\\/#website\",\"url\":\"https:\\\/\\\/keys-for-auto.eu\\\/de\\\/\",\"name\":\"Keys for auto\",\"description\":\"Car keys,  key shells, key programming\",\"publisher\":{\"@id\":\"https:\\\/\\\/keys-for-auto.eu\\\/de\\\/#organization\"},\"potentialAction\":[{\"@type\":\"SearchAction\",\"target\":{\"@type\":\"EntryPoint\",\"urlTemplate\":\"https:\\\/\\\/keys-for-auto.eu\\\/de\\\/?s={search_term_string}\"},\"query-input\":{\"@type\":\"PropertyValueSpecification\",\"valueRequired\":true,\"valueName\":\"search_term_string\"}}],\"inLanguage\":\"de\"},{\"@type\":\"Organization\",\"@id\":\"https:\\\/\\\/keys-for-auto.eu\\\/de\\\/#organization\",\"name\":\"Schl\u00fcssel f\u00fcr Auto\",\"url\":\"https:\\\/\\\/keys-for-auto.eu\\\/de\\\/\",\"logo\":{\"@type\":\"ImageObject\",\"inLanguage\":\"de\",\"@id\":\"https:\\\/\\\/keys-for-auto.eu\\\/de\\\/#\\\/schema\\\/logo\\\/image\\\/\",\"url\":\"https:\\\/\\\/keys-for-auto.eu\\\/wp-content\\\/uploads\\\/2022\\\/11\\\/cropped-png1.png\",\"contentUrl\":\"https:\\\/\\\/keys-for-auto.eu\\\/wp-content\\\/uploads\\\/2022\\\/11\\\/cropped-png1.png\",\"width\":1000,\"height\":342,\"caption\":\"Schl\u00fcssel f\u00fcr Auto\"},\"image\":{\"@id\":\"https:\\\/\\\/keys-for-auto.eu\\\/de\\\/#\\\/schema\\\/logo\\\/image\\\/\"},\"sameAs\":[\"https:\\\/\\\/www.facebook.com\\\/KeysForAutoEU\"]}]}<\/script>\n<!-- \/ Yoast SEO plugin. -->","yoast_head_json":{"title":"-","robots":{"index":"index","follow":"follow","max-snippet":"max-snippet:-1","max-image-preview":"max-image-preview:large","max-video-preview":"max-video-preview:-1"},"canonical":"https:\/\/keys-for-auto.eu\/de\/product\/ferngesteuerte-taste-geeignet-fur-ford-fusion-mondeo-31\/","og_locale":"de_DE","og_type":"article","og_title":"-","og_description":"Geeignet f\u00fcr Ford, - Funkschl\u00fcssel (433MHz oder 315MHz,4D60 Transponder). Herstellung von Autoschl\u00fcsseln  Herstellung neuer Autoschl\u00fcssel, Programmierung der Schl\u00fcssel (\"Bindung\" an das Auto)  L\u00f6schen von zuvor verlorenen Schl\u00fcsseln aus dem Fahrzeugspeicher  Herstellung des Z\u00fcndschl\u00fcssels entsprechend dem Schloss  Reparatur von Autoschl\u00fcsseln (Ersatz von Tasten, Schalen, Mechanismen)  Auto-Notentriegelung  Umtausch von Schl\u00fcsseln, Schl\u00fcsseletuis  DPF \/ FAP Software-Abschaltung  Programmatische EGR-Entfernung  Deaktivierung der Wegfahrsperre-Software (immo Off)  Reparatur, Klonen, Programmieren von Motorsteuerger\u00e4ten (ECU)  SRS (Airbag-Steuerger\u00e4t-Programmierung)  Artikel werden innerhalb von 3 Arbeitstagen versandt.*","og_url":"https:\/\/keys-for-auto.eu\/de\/product\/ferngesteuerte-taste-geeignet-fur-ford-fusion-mondeo-31\/","og_site_name":"Keys for auto","article_publisher":"https:\/\/www.facebook.com\/KeysForAutoEU","og_image":[{"width":500,"height":500,"url":"https:\/\/keys-for-auto.eu\/wp-content\/uploads\/2022\/12\/Ford-mondeo-raktas-nuotoliniu-valdymu-500x5001-removebg-preview.png","type":"image\/png"}],"twitter_card":"summary_large_image","twitter_misc":{"Gesch\u00e4tzte Lesezeit":"2\u00a0Minuten"},"schema":{"@context":"https:\/\/schema.org","@graph":[{"@type":["WebPage","ItemPage"],"@id":"https:\/\/keys-for-auto.eu\/de\/product\/ferngesteuerte-taste-geeignet-fur-ford-fusion-mondeo-31\/","url":"https:\/\/keys-for-auto.eu\/de\/product\/ferngesteuerte-taste-geeignet-fur-ford-fusion-mondeo-31\/","name":"-","isPartOf":{"@id":"https:\/\/keys-for-auto.eu\/de\/#website"},"primaryImageOfPage":{"@id":"https:\/\/keys-for-auto.eu\/de\/product\/ferngesteuerte-taste-geeignet-fur-ford-fusion-mondeo-31\/#primaryimage"},"image":{"@id":"https:\/\/keys-for-auto.eu\/de\/product\/ferngesteuerte-taste-geeignet-fur-ford-fusion-mondeo-31\/#primaryimage"},"thumbnailUrl":"https:\/\/keys-for-auto.eu\/wp-content\/uploads\/2022\/12\/Ford-mondeo-raktas-nuotoliniu-valdymu-500x5001-removebg-preview.png","datePublished":"2016-04-02T19:21:41+00:00","breadcrumb":{"@id":"https:\/\/keys-for-auto.eu\/de\/product\/ferngesteuerte-taste-geeignet-fur-ford-fusion-mondeo-31\/#breadcrumb"},"inLanguage":"de","potentialAction":[{"@type":"ReadAction","target":["https:\/\/keys-for-auto.eu\/de\/product\/ferngesteuerte-taste-geeignet-fur-ford-fusion-mondeo-31\/"]}]},{"@type":"ImageObject","inLanguage":"de","@id":"https:\/\/keys-for-auto.eu\/de\/product\/ferngesteuerte-taste-geeignet-fur-ford-fusion-mondeo-31\/#primaryimage","url":"https:\/\/keys-for-auto.eu\/wp-content\/uploads\/2022\/12\/Ford-mondeo-raktas-nuotoliniu-valdymu-500x5001-removebg-preview.png","contentUrl":"https:\/\/keys-for-auto.eu\/wp-content\/uploads\/2022\/12\/Ford-mondeo-raktas-nuotoliniu-valdymu-500x5001-removebg-preview.png","width":500,"height":500},{"@type":"BreadcrumbList","@id":"https:\/\/keys-for-auto.eu\/de\/product\/ferngesteuerte-taste-geeignet-fur-ford-fusion-mondeo-31\/#breadcrumb","itemListElement":[{"@type":"ListItem","position":1,"name":"Startseite","item":"https:\/\/keys-for-auto.eu\/de\/"},{"@type":"ListItem","position":2,"name":"Shop","item":"https:\/\/keys-for-auto.eu\/"},{"@type":"ListItem","position":3,"name":"Fernbedienungsschl\u00fcssel -passend f\u00fcr Ford Fusion | Mondeo 3+1"}]},{"@type":"WebSite","@id":"https:\/\/keys-for-auto.eu\/de\/#website","url":"https:\/\/keys-for-auto.eu\/de\/","name":"Keys for auto","description":"Car keys,  key shells, key programming","publisher":{"@id":"https:\/\/keys-for-auto.eu\/de\/#organization"},"potentialAction":[{"@type":"SearchAction","target":{"@type":"EntryPoint","urlTemplate":"https:\/\/keys-for-auto.eu\/de\/?s={search_term_string}"},"query-input":{"@type":"PropertyValueSpecification","valueRequired":true,"valueName":"search_term_string"}}],"inLanguage":"de"},{"@type":"Organization","@id":"https:\/\/keys-for-auto.eu\/de\/#organization","name":"Schl\u00fcssel f\u00fcr Auto","url":"https:\/\/keys-for-auto.eu\/de\/","logo":{"@type":"ImageObject","inLanguage":"de","@id":"https:\/\/keys-for-auto.eu\/de\/#\/schema\/logo\/image\/","url":"https:\/\/keys-for-auto.eu\/wp-content\/uploads\/2022\/11\/cropped-png1.png","contentUrl":"https:\/\/keys-for-auto.eu\/wp-content\/uploads\/2022\/11\/cropped-png1.png","width":1000,"height":342,"caption":"Schl\u00fcssel f\u00fcr Auto"},"image":{"@id":"https:\/\/keys-for-auto.eu\/de\/#\/schema\/logo\/image\/"},"sameAs":["https:\/\/www.facebook.com\/KeysForAutoEU"]}]}},"_links":{"self":[{"href":"https:\/\/keys-for-auto.eu\/de\/wp-json\/wp\/v2\/product\/16183","targetHints":{"allow":["GET"]}}],"collection":[{"href":"https:\/\/keys-for-auto.eu\/de\/wp-json\/wp\/v2\/product"}],"about":[{"href":"https:\/\/keys-for-auto.eu\/de\/wp-json\/wp\/v2\/types\/product"}],"replies":[{"embeddable":true,"href":"https:\/\/keys-for-auto.eu\/de\/wp-json\/wp\/v2\/comments?post=16183"}],"wp:featuredmedia":[{"embeddable":true,"href":"https:\/\/keys-for-auto.eu\/de\/wp-json\/wp\/v2\/media\/13220"}],"wp:attachment":[{"href":"https:\/\/keys-for-auto.eu\/de\/wp-json\/wp\/v2\/media?parent=16183"}],"wp:term":[{"taxonomy":"product_brand","embeddable":true,"href":"https:\/\/keys-for-auto.eu\/de\/wp-json\/wp\/v2\/product_brand?post=16183"},{"taxonomy":"product_cat","embeddable":true,"href":"https:\/\/keys-for-auto.eu\/de\/wp-json\/wp\/v2\/product_cat?post=16183"},{"taxonomy":"product_tag","embeddable":true,"href":"https:\/\/keys-for-auto.eu\/de\/wp-json\/wp\/v2\/product_tag?post=16183"}],"curies":[{"name":"wp","href":"https:\/\/api.w.org\/{rel}","templated":true}]}}