{"id":16178,"date":"2016-04-02T20:12:26","date_gmt":"2016-04-02T20:12:26","guid":{"rendered":"https:\/\/keys-for-auto.eu\/product\/fernbedienungsschluessel-passend-fuer-citroen-c4-c5-c6-c8\/"},"modified":"2016-04-02T20:12:26","modified_gmt":"2016-04-02T20:12:26","slug":"ferngesteuerte-taste-geeignet-fur-citroen-c4-c5-c6-c8","status":"publish","type":"product","link":"https:\/\/keys-for-auto.eu\/de\/product\/ferngesteuerte-taste-geeignet-fur-citroen-c4-c5-c6-c8\/","title":{"rendered":"Fernbedienungsschl\u00fcssel &#8211; passend f\u00fcr Citroen C4 | C5 | C6 | C8"},"content":{"rendered":"<p><strong>Fernbedienungsschl\u00fcssel &#8211; passend f\u00fcr Citroen C4 | C5 | C6 | C8<\/strong><\/p>\n<p>Wir stellen Ihnen den Funkschl\u00fcssel f\u00fcr Citroen C4, C5, C6, C8 vor.<\/p>\n<p>Ein Transponderschl\u00fcssel ist eine bequeme M\u00f6glichkeit, Ihr Auto zu ent- und verriegeln und andere Funktionen auszuf\u00fchren, aber er reicht nicht immer aus. Viele Autofahrer halten es f\u00fcr notwendig, ihre Schl\u00fcssel zu programmieren. Auch in dieser Hinsicht k\u00f6nnen wir unsere Hilfe anbieten. Wir programmieren schon seit langem Schl\u00fcssel und haben uns ein umfangreiches Wissen und die f\u00fcr diese Arbeit erforderlichen F\u00e4higkeiten angeeignet. Diese Erfahrung erm\u00f6glicht es uns, unsere Dienstleistungen professionell, schnell und kundenfreundlich zu erbringen: zu einem erschwinglichen Preis und immer mit der neuesten und modernsten Technik.<\/p>\n<p>Die Schl\u00fcsselherstellung ist ein Bereich unserer Arbeit, den wir mit professionellem Blick angehen und bei dem wir den individuellen Bed\u00fcrfnissen jedes Kunden gro\u00dfe Aufmerksamkeit schenken. F\u00fcr unser Unternehmen ist der Kunde nicht nur immer richtig, sondern auch immer wichtig, denn nur dank Ihnen kommen wir voran, verbessern uns und entwickeln uns st\u00e4ndig weiter. Autoschl\u00fcssel sind nicht nur unser Spezialgebiet, sondern auch unsere Arbeitsphilosophie.<\/p>\n<p>Die Worte von Victor Hugo sind f\u00fcr uns sehr wichtig: &#8222;Unser Leben ist eine Reise, unsere Ideen sind unsere Wegweiser. Wenn es keinen Wegweiser gibt, bleibt alles andere stehen.&#8220; Wir haben als Leitstern die Idee gew\u00e4hlt, dass jede Reise fehlerfrei beginnen und enden muss. Dazu sind hochwertige Funkschl\u00fcssel, Schl\u00fcsselk\u00e4sten &#8211; die Sie auch in unserem Shop finden, wenn Ihre alten Schl\u00fcsselk\u00e4sten abgenutzt oder kaputt sind &#8211; und professionell programmierte Schl\u00fcssel erforderlich. Wenn Sie also eines dieser Produkte oder eine professionelle Schl\u00fcsselprogrammierung ben\u00f6tigen, wenden Sie sich bitte an uns &#8211; die Profis f\u00fcr Autoschl\u00fcsseltechnik!<\/p>\n","protected":false},"excerpt":{"rendered":"<p><em><strong>Passende Schl\u00fcssel f\u00fcr Citroen-Fahrzeuge, mit Mikrochip-Fernbedienung, bitte bei der Bestellung die Anzahl der Tasten angeben.<\/strong><\/em><\/p>\n<h3><strong>Herstellung von Autoschl\u00fcsseln<\/strong><\/h3>\n<ul>\n<li><strong>Herstellung neuer Autoschl\u00fcssel, Programmierung der Schl\u00fcssel (&#8222;Bindung&#8220; an das Auto)<\/strong><\/li>\n<li><strong>L\u00f6schen von zuvor verlorenen Schl\u00fcsseln aus dem Fahrzeugspeicher<\/strong><\/li>\n<li><strong>Herstellung des Z\u00fcndschl\u00fcssels entsprechend dem Schloss<\/strong><\/li>\n<li><strong>Reparatur von Autoschl\u00fcsseln (Ersatz von Tasten, Schalen, Mechanismen)<\/strong><\/li>\n<li><strong>Auto-Notentriegelung<\/strong><\/li>\n<li><strong>Umtausch von Schl\u00fcsseln, Schl\u00fcsseletuis<\/strong><\/li>\n<li><strong>DPF \/ FAP Software-Abschaltung<\/strong><\/li>\n<li><strong>Programmatische EGR-Entfernung<\/strong><\/li>\n<li><strong>Deaktivierung der Wegfahrsperre-Software (immo Off)<\/strong><\/li>\n<li><strong>Reparatur, Klonen, Programmieren von Motorsteuerger\u00e4ten (ECU)<\/strong><\/li>\n<li><strong>SRS (Airbag-Steuerger\u00e4t-Programmierung)<\/strong><\/li>\n<\/ul>\n<h4><strong>Artikel werden innerhalb von 3 Arbeitstagen versandt.*<\/strong><\/h4>\n<p>&nbsp;<\/p>\n<p>&nbsp;<\/p>\n","protected":false},"featured_media":12970,"comment_status":"open","ping_status":"closed","template":"","meta":[],"product_brand":[],"product_cat":[2104,2292],"product_tag":[2461,2466,2471,2478,2448],"class_list":{"0":"post-16178","1":"product","2":"type-product","3":"status-publish","4":"has-post-thumbnail","6":"product_cat-citroen-de","7":"product_cat-tasten-der-fernbedienung","8":"product_tag-citroen-c4-schlussel","9":"product_tag-citroen-c5-schlussel","10":"product_tag-citroen-c6-schlussel","11":"product_tag-citroen-c8-schlussel","12":"product_tag-citroen-schlussel","14":"first","15":"instock","16":"shipping-taxable","17":"purchasable","18":"product-type-simple"},"yoast_head":"<!-- This site is optimized with the Yoast SEO plugin v27.6 - https:\/\/yoast.com\/product\/yoast-seo-wordpress\/ -->\n<title>-<\/title>\n<meta name=\"robots\" content=\"index, follow, max-snippet:-1, max-image-preview:large, max-video-preview:-1\" \/>\n<link rel=\"canonical\" href=\"https:\/\/keys-for-auto.eu\/de\/product\/ferngesteuerte-taste-geeignet-fur-citroen-c4-c5-c6-c8\/\" \/>\n<meta property=\"og:locale\" content=\"de_DE\" \/>\n<meta property=\"og:type\" content=\"article\" \/>\n<meta property=\"og:title\" content=\"-\" \/>\n<meta property=\"og:description\" content=\"Passende Schl\u00fcssel f\u00fcr Citroen-Fahrzeuge, mit Mikrochip-Fernbedienung, bitte bei der Bestellung die Anzahl der Tasten angeben. Herstellung von Autoschl\u00fcsseln  Herstellung neuer Autoschl\u00fcssel, Programmierung der Schl\u00fcssel (&quot;Bindung&quot; an das Auto)  L\u00f6schen von zuvor verlorenen Schl\u00fcsseln aus dem Fahrzeugspeicher  Herstellung des Z\u00fcndschl\u00fcssels entsprechend dem Schloss  Reparatur von Autoschl\u00fcsseln (Ersatz von Tasten, Schalen, Mechanismen)  Auto-Notentriegelung  Umtausch von Schl\u00fcsseln, Schl\u00fcsseletuis  DPF \/ FAP Software-Abschaltung  Programmatische EGR-Entfernung  Deaktivierung der Wegfahrsperre-Software (immo Off)  Reparatur, Klonen, Programmieren von Motorsteuerger\u00e4ten (ECU)  SRS (Airbag-Steuerger\u00e4t-Programmierung) Artikel werden innerhalb von 3 Arbeitstagen versandt.* &nbsp; &nbsp;\" \/>\n<meta property=\"og:url\" content=\"https:\/\/keys-for-auto.eu\/de\/product\/ferngesteuerte-taste-geeignet-fur-citroen-c4-c5-c6-c8\/\" \/>\n<meta property=\"og:site_name\" content=\"Keys for auto\" \/>\n<meta property=\"article:publisher\" content=\"https:\/\/www.facebook.com\/KeysForAutoEU\" \/>\n<meta property=\"og:image\" content=\"https:\/\/keys-for-auto.eu\/wp-content\/uploads\/2022\/12\/citroen-transponderinis-raktas-500x5001-removebg-preview.png\" \/>\n\t<meta property=\"og:image:width\" content=\"500\" \/>\n\t<meta property=\"og:image:height\" content=\"500\" \/>\n\t<meta property=\"og:image:type\" content=\"image\/png\" \/>\n<meta name=\"twitter:card\" content=\"summary_large_image\" \/>\n<meta name=\"twitter:label1\" content=\"Gesch\u00e4tzte Lesezeit\" \/>\n\t<meta name=\"twitter:data1\" content=\"1\u00a0Minute\" \/>\n<script type=\"application\/ld+json\" class=\"yoast-schema-graph\">{\"@context\":\"https:\\\/\\\/schema.org\",\"@graph\":[{\"@type\":[\"WebPage\",\"ItemPage\"],\"@id\":\"https:\\\/\\\/keys-for-auto.eu\\\/de\\\/product\\\/ferngesteuerte-taste-geeignet-fur-citroen-c4-c5-c6-c8\\\/\",\"url\":\"https:\\\/\\\/keys-for-auto.eu\\\/de\\\/product\\\/ferngesteuerte-taste-geeignet-fur-citroen-c4-c5-c6-c8\\\/\",\"name\":\"-\",\"isPartOf\":{\"@id\":\"https:\\\/\\\/keys-for-auto.eu\\\/de\\\/#website\"},\"primaryImageOfPage\":{\"@id\":\"https:\\\/\\\/keys-for-auto.eu\\\/de\\\/product\\\/ferngesteuerte-taste-geeignet-fur-citroen-c4-c5-c6-c8\\\/#primaryimage\"},\"image\":{\"@id\":\"https:\\\/\\\/keys-for-auto.eu\\\/de\\\/product\\\/ferngesteuerte-taste-geeignet-fur-citroen-c4-c5-c6-c8\\\/#primaryimage\"},\"thumbnailUrl\":\"https:\\\/\\\/keys-for-auto.eu\\\/wp-content\\\/uploads\\\/2022\\\/12\\\/citroen-transponderinis-raktas-500x5001-removebg-preview.png\",\"datePublished\":\"2016-04-02T20:12:26+00:00\",\"breadcrumb\":{\"@id\":\"https:\\\/\\\/keys-for-auto.eu\\\/de\\\/product\\\/ferngesteuerte-taste-geeignet-fur-citroen-c4-c5-c6-c8\\\/#breadcrumb\"},\"inLanguage\":\"de\",\"potentialAction\":[{\"@type\":\"ReadAction\",\"target\":[\"https:\\\/\\\/keys-for-auto.eu\\\/de\\\/product\\\/ferngesteuerte-taste-geeignet-fur-citroen-c4-c5-c6-c8\\\/\"]}]},{\"@type\":\"ImageObject\",\"inLanguage\":\"de\",\"@id\":\"https:\\\/\\\/keys-for-auto.eu\\\/de\\\/product\\\/ferngesteuerte-taste-geeignet-fur-citroen-c4-c5-c6-c8\\\/#primaryimage\",\"url\":\"https:\\\/\\\/keys-for-auto.eu\\\/wp-content\\\/uploads\\\/2022\\\/12\\\/citroen-transponderinis-raktas-500x5001-removebg-preview.png\",\"contentUrl\":\"https:\\\/\\\/keys-for-auto.eu\\\/wp-content\\\/uploads\\\/2022\\\/12\\\/citroen-transponderinis-raktas-500x5001-removebg-preview.png\",\"width\":500,\"height\":500},{\"@type\":\"BreadcrumbList\",\"@id\":\"https:\\\/\\\/keys-for-auto.eu\\\/de\\\/product\\\/ferngesteuerte-taste-geeignet-fur-citroen-c4-c5-c6-c8\\\/#breadcrumb\",\"itemListElement\":[{\"@type\":\"ListItem\",\"position\":1,\"name\":\"Startseite\",\"item\":\"https:\\\/\\\/keys-for-auto.eu\\\/de\\\/\"},{\"@type\":\"ListItem\",\"position\":2,\"name\":\"Shop\",\"item\":\"https:\\\/\\\/keys-for-auto.eu\\\/\"},{\"@type\":\"ListItem\",\"position\":3,\"name\":\"Fernbedienungsschl\u00fcssel &#8211; passend f\u00fcr Citroen C4 | C5 | C6 | C8\"}]},{\"@type\":\"WebSite\",\"@id\":\"https:\\\/\\\/keys-for-auto.eu\\\/de\\\/#website\",\"url\":\"https:\\\/\\\/keys-for-auto.eu\\\/de\\\/\",\"name\":\"Keys for auto\",\"description\":\"Car keys,  key shells, key programming\",\"publisher\":{\"@id\":\"https:\\\/\\\/keys-for-auto.eu\\\/de\\\/#organization\"},\"potentialAction\":[{\"@type\":\"SearchAction\",\"target\":{\"@type\":\"EntryPoint\",\"urlTemplate\":\"https:\\\/\\\/keys-for-auto.eu\\\/de\\\/?s={search_term_string}\"},\"query-input\":{\"@type\":\"PropertyValueSpecification\",\"valueRequired\":true,\"valueName\":\"search_term_string\"}}],\"inLanguage\":\"de\"},{\"@type\":\"Organization\",\"@id\":\"https:\\\/\\\/keys-for-auto.eu\\\/de\\\/#organization\",\"name\":\"Schl\u00fcssel f\u00fcr Auto\",\"url\":\"https:\\\/\\\/keys-for-auto.eu\\\/de\\\/\",\"logo\":{\"@type\":\"ImageObject\",\"inLanguage\":\"de\",\"@id\":\"https:\\\/\\\/keys-for-auto.eu\\\/de\\\/#\\\/schema\\\/logo\\\/image\\\/\",\"url\":\"https:\\\/\\\/keys-for-auto.eu\\\/wp-content\\\/uploads\\\/2022\\\/11\\\/cropped-png1.png\",\"contentUrl\":\"https:\\\/\\\/keys-for-auto.eu\\\/wp-content\\\/uploads\\\/2022\\\/11\\\/cropped-png1.png\",\"width\":1000,\"height\":342,\"caption\":\"Schl\u00fcssel f\u00fcr Auto\"},\"image\":{\"@id\":\"https:\\\/\\\/keys-for-auto.eu\\\/de\\\/#\\\/schema\\\/logo\\\/image\\\/\"},\"sameAs\":[\"https:\\\/\\\/www.facebook.com\\\/KeysForAutoEU\"]}]}<\/script>\n<!-- \/ Yoast SEO plugin. -->","yoast_head_json":{"title":"-","robots":{"index":"index","follow":"follow","max-snippet":"max-snippet:-1","max-image-preview":"max-image-preview:large","max-video-preview":"max-video-preview:-1"},"canonical":"https:\/\/keys-for-auto.eu\/de\/product\/ferngesteuerte-taste-geeignet-fur-citroen-c4-c5-c6-c8\/","og_locale":"de_DE","og_type":"article","og_title":"-","og_description":"Passende Schl\u00fcssel f\u00fcr Citroen-Fahrzeuge, mit Mikrochip-Fernbedienung, bitte bei der Bestellung die Anzahl der Tasten angeben. Herstellung von Autoschl\u00fcsseln  Herstellung neuer Autoschl\u00fcssel, Programmierung der Schl\u00fcssel (\"Bindung\" an das Auto)  L\u00f6schen von zuvor verlorenen Schl\u00fcsseln aus dem Fahrzeugspeicher  Herstellung des Z\u00fcndschl\u00fcssels entsprechend dem Schloss  Reparatur von Autoschl\u00fcsseln (Ersatz von Tasten, Schalen, Mechanismen)  Auto-Notentriegelung  Umtausch von Schl\u00fcsseln, Schl\u00fcsseletuis  DPF \/ FAP Software-Abschaltung  Programmatische EGR-Entfernung  Deaktivierung der Wegfahrsperre-Software (immo Off)  Reparatur, Klonen, Programmieren von Motorsteuerger\u00e4ten (ECU)  SRS (Airbag-Steuerger\u00e4t-Programmierung) Artikel werden innerhalb von 3 Arbeitstagen versandt.* &nbsp; &nbsp;","og_url":"https:\/\/keys-for-auto.eu\/de\/product\/ferngesteuerte-taste-geeignet-fur-citroen-c4-c5-c6-c8\/","og_site_name":"Keys for auto","article_publisher":"https:\/\/www.facebook.com\/KeysForAutoEU","og_image":[{"width":500,"height":500,"url":"https:\/\/keys-for-auto.eu\/wp-content\/uploads\/2022\/12\/citroen-transponderinis-raktas-500x5001-removebg-preview.png","type":"image\/png"}],"twitter_card":"summary_large_image","twitter_misc":{"Gesch\u00e4tzte Lesezeit":"1\u00a0Minute"},"schema":{"@context":"https:\/\/schema.org","@graph":[{"@type":["WebPage","ItemPage"],"@id":"https:\/\/keys-for-auto.eu\/de\/product\/ferngesteuerte-taste-geeignet-fur-citroen-c4-c5-c6-c8\/","url":"https:\/\/keys-for-auto.eu\/de\/product\/ferngesteuerte-taste-geeignet-fur-citroen-c4-c5-c6-c8\/","name":"-","isPartOf":{"@id":"https:\/\/keys-for-auto.eu\/de\/#website"},"primaryImageOfPage":{"@id":"https:\/\/keys-for-auto.eu\/de\/product\/ferngesteuerte-taste-geeignet-fur-citroen-c4-c5-c6-c8\/#primaryimage"},"image":{"@id":"https:\/\/keys-for-auto.eu\/de\/product\/ferngesteuerte-taste-geeignet-fur-citroen-c4-c5-c6-c8\/#primaryimage"},"thumbnailUrl":"https:\/\/keys-for-auto.eu\/wp-content\/uploads\/2022\/12\/citroen-transponderinis-raktas-500x5001-removebg-preview.png","datePublished":"2016-04-02T20:12:26+00:00","breadcrumb":{"@id":"https:\/\/keys-for-auto.eu\/de\/product\/ferngesteuerte-taste-geeignet-fur-citroen-c4-c5-c6-c8\/#breadcrumb"},"inLanguage":"de","potentialAction":[{"@type":"ReadAction","target":["https:\/\/keys-for-auto.eu\/de\/product\/ferngesteuerte-taste-geeignet-fur-citroen-c4-c5-c6-c8\/"]}]},{"@type":"ImageObject","inLanguage":"de","@id":"https:\/\/keys-for-auto.eu\/de\/product\/ferngesteuerte-taste-geeignet-fur-citroen-c4-c5-c6-c8\/#primaryimage","url":"https:\/\/keys-for-auto.eu\/wp-content\/uploads\/2022\/12\/citroen-transponderinis-raktas-500x5001-removebg-preview.png","contentUrl":"https:\/\/keys-for-auto.eu\/wp-content\/uploads\/2022\/12\/citroen-transponderinis-raktas-500x5001-removebg-preview.png","width":500,"height":500},{"@type":"BreadcrumbList","@id":"https:\/\/keys-for-auto.eu\/de\/product\/ferngesteuerte-taste-geeignet-fur-citroen-c4-c5-c6-c8\/#breadcrumb","itemListElement":[{"@type":"ListItem","position":1,"name":"Startseite","item":"https:\/\/keys-for-auto.eu\/de\/"},{"@type":"ListItem","position":2,"name":"Shop","item":"https:\/\/keys-for-auto.eu\/"},{"@type":"ListItem","position":3,"name":"Fernbedienungsschl\u00fcssel &#8211; passend f\u00fcr Citroen C4 | C5 | C6 | C8"}]},{"@type":"WebSite","@id":"https:\/\/keys-for-auto.eu\/de\/#website","url":"https:\/\/keys-for-auto.eu\/de\/","name":"Keys for auto","description":"Car keys,  key shells, key programming","publisher":{"@id":"https:\/\/keys-for-auto.eu\/de\/#organization"},"potentialAction":[{"@type":"SearchAction","target":{"@type":"EntryPoint","urlTemplate":"https:\/\/keys-for-auto.eu\/de\/?s={search_term_string}"},"query-input":{"@type":"PropertyValueSpecification","valueRequired":true,"valueName":"search_term_string"}}],"inLanguage":"de"},{"@type":"Organization","@id":"https:\/\/keys-for-auto.eu\/de\/#organization","name":"Schl\u00fcssel f\u00fcr Auto","url":"https:\/\/keys-for-auto.eu\/de\/","logo":{"@type":"ImageObject","inLanguage":"de","@id":"https:\/\/keys-for-auto.eu\/de\/#\/schema\/logo\/image\/","url":"https:\/\/keys-for-auto.eu\/wp-content\/uploads\/2022\/11\/cropped-png1.png","contentUrl":"https:\/\/keys-for-auto.eu\/wp-content\/uploads\/2022\/11\/cropped-png1.png","width":1000,"height":342,"caption":"Schl\u00fcssel f\u00fcr Auto"},"image":{"@id":"https:\/\/keys-for-auto.eu\/de\/#\/schema\/logo\/image\/"},"sameAs":["https:\/\/www.facebook.com\/KeysForAutoEU"]}]}},"_links":{"self":[{"href":"https:\/\/keys-for-auto.eu\/de\/wp-json\/wp\/v2\/product\/16178","targetHints":{"allow":["GET"]}}],"collection":[{"href":"https:\/\/keys-for-auto.eu\/de\/wp-json\/wp\/v2\/product"}],"about":[{"href":"https:\/\/keys-for-auto.eu\/de\/wp-json\/wp\/v2\/types\/product"}],"replies":[{"embeddable":true,"href":"https:\/\/keys-for-auto.eu\/de\/wp-json\/wp\/v2\/comments?post=16178"}],"wp:featuredmedia":[{"embeddable":true,"href":"https:\/\/keys-for-auto.eu\/de\/wp-json\/wp\/v2\/media\/12970"}],"wp:attachment":[{"href":"https:\/\/keys-for-auto.eu\/de\/wp-json\/wp\/v2\/media?parent=16178"}],"wp:term":[{"taxonomy":"product_brand","embeddable":true,"href":"https:\/\/keys-for-auto.eu\/de\/wp-json\/wp\/v2\/product_brand?post=16178"},{"taxonomy":"product_cat","embeddable":true,"href":"https:\/\/keys-for-auto.eu\/de\/wp-json\/wp\/v2\/product_cat?post=16178"},{"taxonomy":"product_tag","embeddable":true,"href":"https:\/\/keys-for-auto.eu\/de\/wp-json\/wp\/v2\/product_tag?post=16178"}],"curies":[{"name":"wp","href":"https:\/\/api.w.org\/{rel}","templated":true}]}}