{"id":16167,"date":"2016-04-02T18:54:11","date_gmt":"2016-04-02T18:54:11","guid":{"rendered":"https:\/\/keys-for-auto.eu\/product\/funkfernbedienungsschluessel-passend-fuer-audi-a2-a3-a4-a6-a8-2-3-tasten\/"},"modified":"2016-04-02T18:54:11","modified_gmt":"2016-04-02T18:54:11","slug":"remote-control-key-suitable-for-audi-a2-a3-a4-a6-a8-2-3-buttons","status":"publish","type":"product","link":"https:\/\/keys-for-auto.eu\/de\/product\/remote-control-key-suitable-for-audi-a2-a3-a4-a6-a8-2-3-buttons\/","title":{"rendered":"Funkfernbedienungsschl\u00fcssel &#8211; passend f\u00fcr Audi A2 | A3 | A4 | A6 | A8, (2\/3 Tasten)"},"content":{"rendered":"<h2><strong>Schl\u00fcssel passend f\u00fcr Audi Fahrzeuge, Fernsteuerung<\/strong><\/h2>\n<p>Audi Schl\u00fcssel, Fernbedienung und Transponder, passend f\u00fcr A2, A3, A4, A6, A8. Bitte geben Sie bei der Bestellung die Anzahl der Tasten und die Seriennummer an. Tastenfunktionen: Entriegeln, Verriegeln, Kofferraum \u00f6ffnen oder (2-Tasten-Schl\u00fcssel): Entriegeln und Verriegeln. Wenn Sie einen Funkschl\u00fcssel f\u00fcr Ihren Audi ben\u00f6tigen, bestellen Sie ihn jetzt in unserem Online-Shop! Der mitgelieferte Transponder garantiert die Sicherheit Ihres Audi, da er zur Identifizierung des Besitzers des Fahrzeugs dient und einen zus\u00e4tzlichen Schutz gegen Drift bietet.<\/p>\n<p>Oder ist es vielleicht an der Zeit, die Schl\u00fcssel f\u00fcr Ihren Audi zu programmieren? Wir wissen, dass die Programmierung Ihrer Autoschl\u00fcssel f\u00fcr die Sicherheit Ihres vierr\u00e4drigen Fahrzeugs unerl\u00e4sslich ist. Wir programmieren seit Jahren Schl\u00fcssel und sind von der Qualit\u00e4t unserer Arbeit \u00fcberzeugt. Unser Kundenstamm w\u00e4chst und immer mehr Menschen vertrauen uns die Sicherheit ihres Autos an. Vertrauen Sie uns die Programmierung Ihrer Audi-Schl\u00fcssel an und Sie werden sich nie wieder Sorgen um die Sicherheit Ihres Autos machen m\u00fcssen. Wir programmieren Ihre Schl\u00fcssel. Bestellungen aus unserem Online-Shop (wenn Sie einen Schl\u00fcssel mit Fernbedienung oder ein Schl\u00fcsseletui kaufen m\u00f6chten) versenden wir jedoch per Einschreiben in ganz Litauen.<\/p>\n<p>Die Programmierung von Autoschl\u00fcsseln ist unsere Spezialit\u00e4t. Wir k\u00f6nnen mit gutem Gewissen sagen, dass wir hochwertige Dienstleistungen und Produkte f\u00fcr Ihren Audi oder ein anderes Fahrzeug anbieten. In unserem Online-Shop finden Sie wettbewerbsf\u00e4hige Preise f\u00fcr die Programmierung von Autoschl\u00fcsseln, einen angenehmen und prompten Service sowie eine breite Palette von Dienstleistungen. Die Schl\u00fcsselherstellung ist ein Gesch\u00e4ft, das Verantwortung, Professionalit\u00e4t und modernste Technologie erfordert. Wir haben diese Eigenschaften kombiniert, um Ihr Fahrzeug mit der neuesten Technologie (Wegfahrsperren, Transponder und von uns programmierte Schl\u00fcssel) auszustatten und so die Sicherheit Ihres Fahrzeugs zu gew\u00e4hrleisten.<\/p>\n<p>Das Credo des Teams von http:\/\/raktai-automobiliams.lt lautet: Wir setzen uns f\u00fcr die Sicherheit von Ihnen und Ihren Lieben ein, wenn Sie mit dem Auto unterwegs sind, und sorgen daf\u00fcr, dass die von uns verkauften Produkte und Dienstleistungen der modernen Automobiltechnik entsprechen und den Fahrer entlasten.<\/p>\n<p>Besuchen Sie unsere Website 24 Stunden am Tag \/ 7 Tage die Woche und Sie werden angenehm \u00fcberrascht sein von der Qualit\u00e4t und Schnelligkeit unseres Services und unseren g\u00fcnstigen Preisen!<\/p>\n","protected":false},"excerpt":{"rendered":"<p><strong>Schl\u00fcssel passend f\u00fcr Audi Fahrzeuge, mit Fernbedienung und Transponder, f\u00fcr:<\/strong><\/p>\n<p><strong>A2,A3,A4,A6,A8 Modelle.<\/strong><\/p>\n<p><strong>4D0 837 231 K 433Mhz<\/strong><\/p>\n<p><strong>Geeignet f\u00fcr: <\/strong><br \/>\n<strong>2002 &#8211; 2005 A6<\/strong><br \/>\n<strong>2002 &#8211; 2005 A6 Allroad<\/strong><br \/>\n<strong>2003 &#8211; 2006 RS6<\/strong><br \/>\n<strong>2003 &#8211; 2006 TT<\/strong><\/p>\n<p><strong>4D0 837 231 N oder 4D0 837 231 A<\/strong><\/p>\n<p><strong>Geeignet f\u00fcr:<\/strong><br \/>\n<strong>1999 &#8211; 2003 A3<\/strong><br \/>\n<strong>1998 &#8211; 2002 TT<\/strong><br \/>\n<strong>1999 &#8211; 2001 A4 \/ A4 Quattro<\/strong><br \/>\n<strong>1998 &#8211; 2004 A6 \/ A6 Quattro<\/strong><br \/>\n<strong>2000 &#8211; 2005 A6 Allroad<\/strong><br \/>\n<strong>1997 &#8211; 2003 A8 \/ A8 Quattro<\/strong><br \/>\n<strong>2000 &#8211; 2002 RS4<\/strong><\/p>\n<p><strong>Bitte geben Sie bei der Bestellung die Anzahl der Tasten und die Seriennummer an.<\/strong><\/p>\n<h3><strong>Herstellung von Autoschl\u00fcsseln<\/strong><\/h3>\n<ul>\n<li><strong>Herstellung neuer Autoschl\u00fcssel, Programmierung der Schl\u00fcssel (&#8222;Bindung&#8220; an das Auto)<\/strong><\/li>\n<li><strong>L\u00f6schen von zuvor verlorenen Schl\u00fcsseln aus dem Fahrzeugspeicher<\/strong><\/li>\n<li><strong>Herstellung des Z\u00fcndschl\u00fcssels entsprechend dem Schloss<\/strong><\/li>\n<li><strong>Reparatur von Autoschl\u00fcsseln (Ersatz von Tasten, Schalen, Mechanismen)<\/strong><\/li>\n<li><strong>Auto-Notentriegelung<\/strong><\/li>\n<li><strong>Umtausch von Schl\u00fcsseln, Schl\u00fcsseletuis<\/strong><\/li>\n<li><strong>DPF \/ FAP Software-Abschaltung<\/strong><\/li>\n<li><strong>Programmatische EGR-Entfernung<\/strong><\/li>\n<li><strong>Deaktivierung der Wegfahrsperre-Software (immo Off)<\/strong><\/li>\n<li><strong>Reparatur, Klonen, Programmieren von Motorsteuerger\u00e4ten (ECU)<\/strong><\/li>\n<li><strong>SRS (Airbag-Steuerger\u00e4t-Programmierung)<\/strong><\/li>\n<\/ul>\n<h4><strong>  Artikel werden innerhalb von 3 Arbeitstagen versandt.*<\/strong><\/h4>\n","protected":false},"featured_media":12595,"comment_status":"open","ping_status":"closed","template":"","meta":[],"product_brand":[],"product_cat":[2175,2292],"product_tag":[2428,2434,2439,2444,2449,2422],"class_list":{"0":"post-16167","1":"product","2":"type-product","3":"status-publish","4":"has-post-thumbnail","6":"product_cat-audi-de","7":"product_cat-tasten-der-fernbedienung","8":"product_tag-audi-a2-schlussel","9":"product_tag-audi-a3-schlussel","10":"product_tag-audi-a4-schlussel","11":"product_tag-audi-a6-schlussel","12":"product_tag-audi-a8-schlussel","13":"product_tag-audi-schlussel","15":"first","16":"instock","17":"shipping-taxable","18":"purchasable","19":"product-type-simple"},"yoast_head":"<!-- This site is optimized with the Yoast SEO plugin v27.3 - https:\/\/yoast.com\/product\/yoast-seo-wordpress\/ -->\n<title>-<\/title>\n<meta name=\"robots\" content=\"index, follow, max-snippet:-1, max-image-preview:large, max-video-preview:-1\" \/>\n<link rel=\"canonical\" href=\"https:\/\/keys-for-auto.eu\/de\/product\/remote-control-key-suitable-for-audi-a2-a3-a4-a6-a8-2-3-buttons\/\" \/>\n<meta property=\"og:locale\" content=\"de_DE\" \/>\n<meta property=\"og:type\" content=\"article\" \/>\n<meta property=\"og:title\" content=\"-\" \/>\n<meta property=\"og:description\" content=\"Schl\u00fcssel passend f\u00fcr Audi Fahrzeuge, mit Fernbedienung und Transponder, f\u00fcr: A2,A3,A4,A6,A8 Modelle. 4D0 837 231 K 433Mhz Geeignet f\u00fcr: 2002 - 2005 A6 2002 - 2005 A6 Allroad 2003 - 2006 RS6 2003 - 2006 TT 4D0 837 231 N oder 4D0 837 231 A Geeignet f\u00fcr: 1999 - 2003 A3 1998 - 2002 TT 1999 - 2001 A4 \/ A4 Quattro 1998 - 2004 A6 \/ A6 Quattro 2000 - 2005 A6 Allroad 1997 - 2003 A8 \/ A8 Quattro 2000 - 2002 RS4 Bitte geben Sie bei der Bestellung die Anzahl der Tasten und die Seriennummer an. Herstellung von Autoschl\u00fcsseln  Herstellung neuer Autoschl\u00fcssel, Programmierung der Schl\u00fcssel (&quot;Bindung&quot; an das Auto)  L\u00f6schen von zuvor verlorenen Schl\u00fcsseln aus dem Fahrzeugspeicher  Herstellung des Z\u00fcndschl\u00fcssels entsprechend dem Schloss  Reparatur von Autoschl\u00fcsseln (Ersatz von Tasten, Schalen, Mechanismen)  Auto-Notentriegelung  Umtausch von Schl\u00fcsseln, Schl\u00fcsseletuis  DPF \/ FAP Software-Abschaltung  Programmatische EGR-Entfernung  Deaktivierung der Wegfahrsperre-Software (immo Off)  Reparatur, Klonen, Programmieren von Motorsteuerger\u00e4ten (ECU)  SRS (Airbag-Steuerger\u00e4t-Programmierung)  Artikel werden innerhalb von 3 Arbeitstagen versandt.*\" \/>\n<meta property=\"og:url\" content=\"https:\/\/keys-for-auto.eu\/de\/product\/remote-control-key-suitable-for-audi-a2-a3-a4-a6-a8-2-3-buttons\/\" \/>\n<meta property=\"og:site_name\" content=\"Keys for auto\" \/>\n<meta property=\"article:publisher\" content=\"https:\/\/www.facebook.com\/KeysForAutoEU\" \/>\n<meta property=\"og:image\" content=\"https:\/\/keys-for-auto.eu\/wp-content\/uploads\/2022\/12\/Audi-A2-A3-A4-A6-A8-3-mygtuku-500x5002-wpp1665154203566-removebg-preview.png\" \/>\n\t<meta property=\"og:image:width\" content=\"500\" \/>\n\t<meta property=\"og:image:height\" content=\"500\" \/>\n\t<meta property=\"og:image:type\" content=\"image\/png\" \/>\n<meta name=\"twitter:card\" content=\"summary_large_image\" \/>\n<meta name=\"twitter:label1\" content=\"Gesch\u00e4tzte Lesezeit\" \/>\n\t<meta name=\"twitter:data1\" content=\"2\u00a0Minuten\" \/>\n<script type=\"application\/ld+json\" class=\"yoast-schema-graph\">{\"@context\":\"https:\\\/\\\/schema.org\",\"@graph\":[{\"@type\":[\"WebPage\",\"ItemPage\"],\"@id\":\"https:\\\/\\\/keys-for-auto.eu\\\/de\\\/product\\\/remote-control-key-suitable-for-audi-a2-a3-a4-a6-a8-2-3-buttons\\\/\",\"url\":\"https:\\\/\\\/keys-for-auto.eu\\\/de\\\/product\\\/remote-control-key-suitable-for-audi-a2-a3-a4-a6-a8-2-3-buttons\\\/\",\"name\":\"-\",\"isPartOf\":{\"@id\":\"https:\\\/\\\/keys-for-auto.eu\\\/de\\\/#website\"},\"primaryImageOfPage\":{\"@id\":\"https:\\\/\\\/keys-for-auto.eu\\\/de\\\/product\\\/remote-control-key-suitable-for-audi-a2-a3-a4-a6-a8-2-3-buttons\\\/#primaryimage\"},\"image\":{\"@id\":\"https:\\\/\\\/keys-for-auto.eu\\\/de\\\/product\\\/remote-control-key-suitable-for-audi-a2-a3-a4-a6-a8-2-3-buttons\\\/#primaryimage\"},\"thumbnailUrl\":\"https:\\\/\\\/keys-for-auto.eu\\\/wp-content\\\/uploads\\\/2022\\\/12\\\/Audi-A2-A3-A4-A6-A8-3-mygtuku-500x5002-wpp1665154203566-removebg-preview.png\",\"datePublished\":\"2016-04-02T18:54:11+00:00\",\"breadcrumb\":{\"@id\":\"https:\\\/\\\/keys-for-auto.eu\\\/de\\\/product\\\/remote-control-key-suitable-for-audi-a2-a3-a4-a6-a8-2-3-buttons\\\/#breadcrumb\"},\"inLanguage\":\"de\",\"potentialAction\":[{\"@type\":\"ReadAction\",\"target\":[\"https:\\\/\\\/keys-for-auto.eu\\\/de\\\/product\\\/remote-control-key-suitable-for-audi-a2-a3-a4-a6-a8-2-3-buttons\\\/\"]}]},{\"@type\":\"ImageObject\",\"inLanguage\":\"de\",\"@id\":\"https:\\\/\\\/keys-for-auto.eu\\\/de\\\/product\\\/remote-control-key-suitable-for-audi-a2-a3-a4-a6-a8-2-3-buttons\\\/#primaryimage\",\"url\":\"https:\\\/\\\/keys-for-auto.eu\\\/wp-content\\\/uploads\\\/2022\\\/12\\\/Audi-A2-A3-A4-A6-A8-3-mygtuku-500x5002-wpp1665154203566-removebg-preview.png\",\"contentUrl\":\"https:\\\/\\\/keys-for-auto.eu\\\/wp-content\\\/uploads\\\/2022\\\/12\\\/Audi-A2-A3-A4-A6-A8-3-mygtuku-500x5002-wpp1665154203566-removebg-preview.png\",\"width\":500,\"height\":500},{\"@type\":\"BreadcrumbList\",\"@id\":\"https:\\\/\\\/keys-for-auto.eu\\\/de\\\/product\\\/remote-control-key-suitable-for-audi-a2-a3-a4-a6-a8-2-3-buttons\\\/#breadcrumb\",\"itemListElement\":[{\"@type\":\"ListItem\",\"position\":1,\"name\":\"Startseite\",\"item\":\"https:\\\/\\\/keys-for-auto.eu\\\/de\\\/\"},{\"@type\":\"ListItem\",\"position\":2,\"name\":\"Shop\",\"item\":\"https:\\\/\\\/keys-for-auto.eu\\\/\"},{\"@type\":\"ListItem\",\"position\":3,\"name\":\"Funkfernbedienungsschl\u00fcssel &#8211; passend f\u00fcr Audi A2 | A3 | A4 | A6 | A8, (2\\\/3 Tasten)\"}]},{\"@type\":\"WebSite\",\"@id\":\"https:\\\/\\\/keys-for-auto.eu\\\/de\\\/#website\",\"url\":\"https:\\\/\\\/keys-for-auto.eu\\\/de\\\/\",\"name\":\"Keys for auto\",\"description\":\"Car keys,  key shells, key programming\",\"publisher\":{\"@id\":\"https:\\\/\\\/keys-for-auto.eu\\\/de\\\/#organization\"},\"potentialAction\":[{\"@type\":\"SearchAction\",\"target\":{\"@type\":\"EntryPoint\",\"urlTemplate\":\"https:\\\/\\\/keys-for-auto.eu\\\/de\\\/?s={search_term_string}\"},\"query-input\":{\"@type\":\"PropertyValueSpecification\",\"valueRequired\":true,\"valueName\":\"search_term_string\"}}],\"inLanguage\":\"de\"},{\"@type\":\"Organization\",\"@id\":\"https:\\\/\\\/keys-for-auto.eu\\\/de\\\/#organization\",\"name\":\"Schl\u00fcssel f\u00fcr Auto\",\"url\":\"https:\\\/\\\/keys-for-auto.eu\\\/de\\\/\",\"logo\":{\"@type\":\"ImageObject\",\"inLanguage\":\"de\",\"@id\":\"https:\\\/\\\/keys-for-auto.eu\\\/de\\\/#\\\/schema\\\/logo\\\/image\\\/\",\"url\":\"https:\\\/\\\/keys-for-auto.eu\\\/wp-content\\\/uploads\\\/2022\\\/11\\\/cropped-png1.png\",\"contentUrl\":\"https:\\\/\\\/keys-for-auto.eu\\\/wp-content\\\/uploads\\\/2022\\\/11\\\/cropped-png1.png\",\"width\":1000,\"height\":342,\"caption\":\"Schl\u00fcssel f\u00fcr Auto\"},\"image\":{\"@id\":\"https:\\\/\\\/keys-for-auto.eu\\\/de\\\/#\\\/schema\\\/logo\\\/image\\\/\"},\"sameAs\":[\"https:\\\/\\\/www.facebook.com\\\/KeysForAutoEU\"]}]}<\/script>\n<!-- \/ Yoast SEO plugin. -->","yoast_head_json":{"title":"-","robots":{"index":"index","follow":"follow","max-snippet":"max-snippet:-1","max-image-preview":"max-image-preview:large","max-video-preview":"max-video-preview:-1"},"canonical":"https:\/\/keys-for-auto.eu\/de\/product\/remote-control-key-suitable-for-audi-a2-a3-a4-a6-a8-2-3-buttons\/","og_locale":"de_DE","og_type":"article","og_title":"-","og_description":"Schl\u00fcssel passend f\u00fcr Audi Fahrzeuge, mit Fernbedienung und Transponder, f\u00fcr: A2,A3,A4,A6,A8 Modelle. 4D0 837 231 K 433Mhz Geeignet f\u00fcr: 2002 - 2005 A6 2002 - 2005 A6 Allroad 2003 - 2006 RS6 2003 - 2006 TT 4D0 837 231 N oder 4D0 837 231 A Geeignet f\u00fcr: 1999 - 2003 A3 1998 - 2002 TT 1999 - 2001 A4 \/ A4 Quattro 1998 - 2004 A6 \/ A6 Quattro 2000 - 2005 A6 Allroad 1997 - 2003 A8 \/ A8 Quattro 2000 - 2002 RS4 Bitte geben Sie bei der Bestellung die Anzahl der Tasten und die Seriennummer an. Herstellung von Autoschl\u00fcsseln  Herstellung neuer Autoschl\u00fcssel, Programmierung der Schl\u00fcssel (\"Bindung\" an das Auto)  L\u00f6schen von zuvor verlorenen Schl\u00fcsseln aus dem Fahrzeugspeicher  Herstellung des Z\u00fcndschl\u00fcssels entsprechend dem Schloss  Reparatur von Autoschl\u00fcsseln (Ersatz von Tasten, Schalen, Mechanismen)  Auto-Notentriegelung  Umtausch von Schl\u00fcsseln, Schl\u00fcsseletuis  DPF \/ FAP Software-Abschaltung  Programmatische EGR-Entfernung  Deaktivierung der Wegfahrsperre-Software (immo Off)  Reparatur, Klonen, Programmieren von Motorsteuerger\u00e4ten (ECU)  SRS (Airbag-Steuerger\u00e4t-Programmierung)  Artikel werden innerhalb von 3 Arbeitstagen versandt.*","og_url":"https:\/\/keys-for-auto.eu\/de\/product\/remote-control-key-suitable-for-audi-a2-a3-a4-a6-a8-2-3-buttons\/","og_site_name":"Keys for auto","article_publisher":"https:\/\/www.facebook.com\/KeysForAutoEU","og_image":[{"width":500,"height":500,"url":"https:\/\/keys-for-auto.eu\/wp-content\/uploads\/2022\/12\/Audi-A2-A3-A4-A6-A8-3-mygtuku-500x5002-wpp1665154203566-removebg-preview.png","type":"image\/png"}],"twitter_card":"summary_large_image","twitter_misc":{"Gesch\u00e4tzte Lesezeit":"2\u00a0Minuten"},"schema":{"@context":"https:\/\/schema.org","@graph":[{"@type":["WebPage","ItemPage"],"@id":"https:\/\/keys-for-auto.eu\/de\/product\/remote-control-key-suitable-for-audi-a2-a3-a4-a6-a8-2-3-buttons\/","url":"https:\/\/keys-for-auto.eu\/de\/product\/remote-control-key-suitable-for-audi-a2-a3-a4-a6-a8-2-3-buttons\/","name":"-","isPartOf":{"@id":"https:\/\/keys-for-auto.eu\/de\/#website"},"primaryImageOfPage":{"@id":"https:\/\/keys-for-auto.eu\/de\/product\/remote-control-key-suitable-for-audi-a2-a3-a4-a6-a8-2-3-buttons\/#primaryimage"},"image":{"@id":"https:\/\/keys-for-auto.eu\/de\/product\/remote-control-key-suitable-for-audi-a2-a3-a4-a6-a8-2-3-buttons\/#primaryimage"},"thumbnailUrl":"https:\/\/keys-for-auto.eu\/wp-content\/uploads\/2022\/12\/Audi-A2-A3-A4-A6-A8-3-mygtuku-500x5002-wpp1665154203566-removebg-preview.png","datePublished":"2016-04-02T18:54:11+00:00","breadcrumb":{"@id":"https:\/\/keys-for-auto.eu\/de\/product\/remote-control-key-suitable-for-audi-a2-a3-a4-a6-a8-2-3-buttons\/#breadcrumb"},"inLanguage":"de","potentialAction":[{"@type":"ReadAction","target":["https:\/\/keys-for-auto.eu\/de\/product\/remote-control-key-suitable-for-audi-a2-a3-a4-a6-a8-2-3-buttons\/"]}]},{"@type":"ImageObject","inLanguage":"de","@id":"https:\/\/keys-for-auto.eu\/de\/product\/remote-control-key-suitable-for-audi-a2-a3-a4-a6-a8-2-3-buttons\/#primaryimage","url":"https:\/\/keys-for-auto.eu\/wp-content\/uploads\/2022\/12\/Audi-A2-A3-A4-A6-A8-3-mygtuku-500x5002-wpp1665154203566-removebg-preview.png","contentUrl":"https:\/\/keys-for-auto.eu\/wp-content\/uploads\/2022\/12\/Audi-A2-A3-A4-A6-A8-3-mygtuku-500x5002-wpp1665154203566-removebg-preview.png","width":500,"height":500},{"@type":"BreadcrumbList","@id":"https:\/\/keys-for-auto.eu\/de\/product\/remote-control-key-suitable-for-audi-a2-a3-a4-a6-a8-2-3-buttons\/#breadcrumb","itemListElement":[{"@type":"ListItem","position":1,"name":"Startseite","item":"https:\/\/keys-for-auto.eu\/de\/"},{"@type":"ListItem","position":2,"name":"Shop","item":"https:\/\/keys-for-auto.eu\/"},{"@type":"ListItem","position":3,"name":"Funkfernbedienungsschl\u00fcssel &#8211; passend f\u00fcr Audi A2 | A3 | A4 | A6 | A8, (2\/3 Tasten)"}]},{"@type":"WebSite","@id":"https:\/\/keys-for-auto.eu\/de\/#website","url":"https:\/\/keys-for-auto.eu\/de\/","name":"Keys for auto","description":"Car keys,  key shells, key programming","publisher":{"@id":"https:\/\/keys-for-auto.eu\/de\/#organization"},"potentialAction":[{"@type":"SearchAction","target":{"@type":"EntryPoint","urlTemplate":"https:\/\/keys-for-auto.eu\/de\/?s={search_term_string}"},"query-input":{"@type":"PropertyValueSpecification","valueRequired":true,"valueName":"search_term_string"}}],"inLanguage":"de"},{"@type":"Organization","@id":"https:\/\/keys-for-auto.eu\/de\/#organization","name":"Schl\u00fcssel f\u00fcr Auto","url":"https:\/\/keys-for-auto.eu\/de\/","logo":{"@type":"ImageObject","inLanguage":"de","@id":"https:\/\/keys-for-auto.eu\/de\/#\/schema\/logo\/image\/","url":"https:\/\/keys-for-auto.eu\/wp-content\/uploads\/2022\/11\/cropped-png1.png","contentUrl":"https:\/\/keys-for-auto.eu\/wp-content\/uploads\/2022\/11\/cropped-png1.png","width":1000,"height":342,"caption":"Schl\u00fcssel f\u00fcr Auto"},"image":{"@id":"https:\/\/keys-for-auto.eu\/de\/#\/schema\/logo\/image\/"},"sameAs":["https:\/\/www.facebook.com\/KeysForAutoEU"]}]}},"_links":{"self":[{"href":"https:\/\/keys-for-auto.eu\/de\/wp-json\/wp\/v2\/product\/16167","targetHints":{"allow":["GET"]}}],"collection":[{"href":"https:\/\/keys-for-auto.eu\/de\/wp-json\/wp\/v2\/product"}],"about":[{"href":"https:\/\/keys-for-auto.eu\/de\/wp-json\/wp\/v2\/types\/product"}],"replies":[{"embeddable":true,"href":"https:\/\/keys-for-auto.eu\/de\/wp-json\/wp\/v2\/comments?post=16167"}],"wp:featuredmedia":[{"embeddable":true,"href":"https:\/\/keys-for-auto.eu\/de\/wp-json\/wp\/v2\/media\/12595"}],"wp:attachment":[{"href":"https:\/\/keys-for-auto.eu\/de\/wp-json\/wp\/v2\/media?parent=16167"}],"wp:term":[{"taxonomy":"product_brand","embeddable":true,"href":"https:\/\/keys-for-auto.eu\/de\/wp-json\/wp\/v2\/product_brand?post=16167"},{"taxonomy":"product_cat","embeddable":true,"href":"https:\/\/keys-for-auto.eu\/de\/wp-json\/wp\/v2\/product_cat?post=16167"},{"taxonomy":"product_tag","embeddable":true,"href":"https:\/\/keys-for-auto.eu\/de\/wp-json\/wp\/v2\/product_tag?post=16167"}],"curies":[{"name":"wp","href":"https:\/\/api.w.org\/{rel}","templated":true}]}}