{"id":16109,"date":"2016-04-02T09:50:48","date_gmt":"2016-04-02T09:50:48","guid":{"rendered":"https:\/\/keys-for-auto.eu\/product\/schluesselgehaeuse-passend-fuer-lexus-is200-gs300-ls400-rx300-rx400-drei-tasten\/"},"modified":"2016-04-02T09:50:48","modified_gmt":"2016-04-02T09:50:48","slug":"key-shell-suitable-for-lexus-is200-gs300-ls400-rx300-rx400-three-buttons","status":"publish","type":"product","link":"https:\/\/keys-for-auto.eu\/de\/product\/key-shell-suitable-for-lexus-is200-gs300-ls400-rx300-rx400-three-buttons\/","title":{"rendered":"Schl\u00fcsselgeh\u00e4use &#8211; passend f\u00fcr Lexus IS200 | GS300 | LS400 | RX300 | RX400, drei Tasten"},"content":{"rendered":"<h2><strong>Schl\u00fcsselgeh\u00e4use &#8211; passend f\u00fcr Lexus IS200 | GS300 | LS400 | RX300 | RX400, drei Tasten<\/strong><\/h2>\n<p>Einf\u00fchrung eines Drei-Tasten-Schl\u00fcsselgeh\u00e4uses f\u00fcr die Modelle Lexus IS200, GS300, LS400, RX300, RX400. Es ist kein Geheimnis, dass Schl\u00fcsselbunde nicht haltbar sind. Aber auch wenn Ihr Schl\u00fcsseletui bricht, Risse bekommt oder anderweitig besch\u00e4digt wird, gibt es keinen Grund zur Sorge! Denn auf unserer Website finden Sie Schl\u00fcsselbretter f\u00fcr viele Automarken und -modelle.<\/p>\n<p>Neben den Schl\u00fcsselbeh\u00e4ltern finden Sie in unserem E-Shop auch ferngesteuerte Schl\u00fcssel. Sie k\u00f6nnen sie hier sehen. Wir bieten unseren Kunden auch einen Programmierdienst f\u00fcr Autoschl\u00fcssel an. Wir programmieren Schl\u00fcssel f\u00fcr viele Automarken und -modelle.<\/p>\n<p>Wir verkaufen auch Renault Autoschl\u00fcsselkarten. Wir k\u00f6nnen Renault Scenic, Megane, Laguna, Espace, Vel Satis Karten an Ihr Auto binden. Wir ersetzen verschlissene Kartengeh\u00e4use und reparieren defekte Karten. Ein weiterer Service, den wir anbieten, ist die Notentriegelung von Autos. Bitte beachten Sie das Ende dieser Beschreibung.<\/p>\n<h3><strong>Schl\u00fcsselproduktion<\/strong><\/h3>\n<p>Schl\u00fcsselfertigung. Kommen Sie in unsere Zentrale und wir fertigen und programmieren Ihre Schl\u00fcssel schnell und professionell. Wir bitten Sie, vor Ihrer Ankunft einen Termin zu vereinbaren. Sie k\u00f6nnen dies tun, indem Sie die Telefonnummer am Ende der Website anrufen oder diesem Link folgen. Die Programmierung von Autoschl\u00fcsseln wird in unserem Unternehmen mit Hilfe spezieller, fortschrittlicher Technologien durchgef\u00fchrt. Aus diesem Grund vertrauen uns immer mehr Autofahrer die Herstellung ihrer Schl\u00fcssel an. Autoschl\u00fcssel sind ein wichtiger Bestandteil der t\u00e4glichen Routine eines jeden Autofahrers. Lassen Sie die professionelle Programmierung Ihrer Schl\u00fcssel Farbe in diesen Alltag bringen.<\/p>\n<h3><strong>Auto-Notentriegelung<\/strong><\/h3>\n<p>Eine Notentriegelung des Autos ist manchmal aus verschiedenen Gr\u00fcnden notwendig. Vielleicht haben Sie aus Versehen Ihre Schl\u00fcssel im Auto eingeschlossen? Haben Sie einen Schl\u00fcssel im Z\u00fcndschloss oder in der T\u00fcr abgebrochen? Oder vielleicht k\u00f6nnen Sie aus anderen Gr\u00fcnden nicht in Ihr Auto einsteigen? Was auch immer das Problem ist, wir helfen Ihnen, Ihr Auto zu entriegeln und zu starten.<\/p>\n<p>Wenn Sie also Ihr Auto nicht entriegeln k\u00f6nnen, machen Sie sich keine Sorgen und rufen Sie unser Team an! Rufen Sie die unten auf der Seite aufgef\u00fchrten Kontakte an. Die Notentriegelung durch unsere Techniker wird mit speziellen, zertifizierten Ger\u00e4ten durchgef\u00fchrt. Versuchen Sie vor allem nicht, das Auto selbst zu \u00f6ffnen, da Sie es besch\u00e4digen k\u00f6nnten. \u00dcberlassen Sie das den Profis. Wir sind rund um die Uhr einsatzbereit. Die Auto-Notentriegelung ist in jedem Teil der Stadt Vilnius und in jedem Bezirk verf\u00fcgbar. Vertrauen Sie den Profis und Sie werden bald wieder Freude an Ihrem Auto haben!<\/p>\n","protected":false},"excerpt":{"rendered":"<p><strong>Geeignet:<br \/>\nLexus IS200<br \/>\nLexus GS300<br \/>\nLexus LS400<br \/>\nLexus RX300<br \/>\n<\/strong><strong>Lexus RX400<\/strong><\/p>\n<h3><strong>Herstellung von Autoschl\u00fcsseln<\/strong><\/h3>\n<ul>\n<li><strong>Herstellung neuer Autoschl\u00fcssel, Programmierung der Schl\u00fcssel (&#8222;Bindung&#8220; an das Auto)<\/strong><\/li>\n<li><strong>L\u00f6schen von zuvor verlorenen Schl\u00fcsseln aus dem Fahrzeugspeicher<\/strong><\/li>\n<li><strong>Herstellung des Z\u00fcndschl\u00fcssels entsprechend dem Schloss<\/strong><\/li>\n<li><strong>Reparatur von Autoschl\u00fcsseln (Ersatz von Tasten, Schalen, Mechanismen)<\/strong><\/li>\n<li><strong>Auto-Notentriegelung<\/strong><\/li>\n<li><strong>Umtausch von Schl\u00fcsseln, Schl\u00fcsseletuis<\/strong><\/li>\n<li><strong>DPF \/ FAP Software-Abschaltung<\/strong><\/li>\n<li><strong>Programmatische EGR-Entfernung<\/strong><\/li>\n<li><strong>Deaktivierung der Wegfahrsperre-Software (immo Off)<\/strong><\/li>\n<li><strong>Reparatur, Klonen, Programmieren von Motorsteuerger\u00e4ten (ECU)<\/strong><\/li>\n<li><strong>SRS (Airbag-Steuerger\u00e4t-Programmierung)<\/strong><\/li>\n<\/ul>\n<h4><strong>  Artikel werden innerhalb von 3 Arbeitstagen versandt.*<\/strong><\/h4>\n","protected":false},"featured_media":13575,"comment_status":"open","ping_status":"closed","template":"","meta":[],"product_brand":[],"product_cat":[2293,739],"product_tag":[2302,2303,2304,2305,2296],"class_list":{"0":"post-16109","1":"product","2":"type-product","3":"status-publish","4":"has-post-thumbnail","6":"product_cat-lexus-de","7":"product_cat-schlusselmuscheln","8":"product_tag-lexus-gs300-schlusselgehause","9":"product_tag-lexus-is200-schlusselgehause","10":"product_tag-lexus-ls400-schlusselgehause","11":"product_tag-lexus-rx300-schlusselgehause","12":"product_tag-lexus-schlusselgehause","14":"first","15":"instock","16":"sale","17":"shipping-taxable","18":"purchasable","19":"product-type-simple"},"yoast_head":"<!-- This site is optimized with the Yoast SEO plugin v27.6 - https:\/\/yoast.com\/product\/yoast-seo-wordpress\/ -->\n<title>-<\/title>\n<meta name=\"robots\" content=\"index, follow, max-snippet:-1, max-image-preview:large, max-video-preview:-1\" \/>\n<link rel=\"canonical\" href=\"https:\/\/keys-for-auto.eu\/de\/product\/key-shell-suitable-for-lexus-is200-gs300-ls400-rx300-rx400-three-buttons\/\" \/>\n<meta property=\"og:locale\" content=\"de_DE\" \/>\n<meta property=\"og:type\" content=\"article\" \/>\n<meta property=\"og:title\" content=\"-\" \/>\n<meta property=\"og:description\" content=\"Geeignet: Lexus IS200 Lexus GS300 Lexus LS400 Lexus RX300 Lexus RX400 Herstellung von Autoschl\u00fcsseln  Herstellung neuer Autoschl\u00fcssel, Programmierung der Schl\u00fcssel (&quot;Bindung&quot; an das Auto)  L\u00f6schen von zuvor verlorenen Schl\u00fcsseln aus dem Fahrzeugspeicher  Herstellung des Z\u00fcndschl\u00fcssels entsprechend dem Schloss  Reparatur von Autoschl\u00fcsseln (Ersatz von Tasten, Schalen, Mechanismen)  Auto-Notentriegelung  Umtausch von Schl\u00fcsseln, Schl\u00fcsseletuis  DPF \/ FAP Software-Abschaltung  Programmatische EGR-Entfernung  Deaktivierung der Wegfahrsperre-Software (immo Off)  Reparatur, Klonen, Programmieren von Motorsteuerger\u00e4ten (ECU)  SRS (Airbag-Steuerger\u00e4t-Programmierung)  Artikel werden innerhalb von 3 Arbeitstagen versandt.*\" \/>\n<meta property=\"og:url\" content=\"https:\/\/keys-for-auto.eu\/de\/product\/key-shell-suitable-for-lexus-is200-gs300-ls400-rx300-rx400-three-buttons\/\" \/>\n<meta property=\"og:site_name\" content=\"Keys for auto\" \/>\n<meta property=\"article:publisher\" content=\"https:\/\/www.facebook.com\/KeysForAutoEU\" \/>\n<meta property=\"og:image\" content=\"https:\/\/i0.wp.com\/keys-for-auto.eu\/wp-content\/uploads\/2022\/12\/Lexus-IS200-GS300-LS400-RX300-3-mygtuku-500x5001-removebg-preview.png?fit=500%2C500&ssl=1\" \/>\n\t<meta property=\"og:image:width\" content=\"500\" \/>\n\t<meta property=\"og:image:height\" content=\"500\" \/>\n\t<meta property=\"og:image:type\" content=\"image\/png\" \/>\n<meta name=\"twitter:card\" content=\"summary_large_image\" \/>\n<meta name=\"twitter:label1\" content=\"Gesch\u00e4tzte Lesezeit\" \/>\n\t<meta name=\"twitter:data1\" content=\"2\u00a0Minuten\" \/>\n<script type=\"application\/ld+json\" class=\"yoast-schema-graph\">{\"@context\":\"https:\\\/\\\/schema.org\",\"@graph\":[{\"@type\":[\"WebPage\",\"ItemPage\"],\"@id\":\"https:\\\/\\\/keys-for-auto.eu\\\/de\\\/product\\\/key-shell-suitable-for-lexus-is200-gs300-ls400-rx300-rx400-three-buttons\\\/\",\"url\":\"https:\\\/\\\/keys-for-auto.eu\\\/de\\\/product\\\/key-shell-suitable-for-lexus-is200-gs300-ls400-rx300-rx400-three-buttons\\\/\",\"name\":\"-\",\"isPartOf\":{\"@id\":\"https:\\\/\\\/keys-for-auto.eu\\\/de\\\/#website\"},\"primaryImageOfPage\":{\"@id\":\"https:\\\/\\\/keys-for-auto.eu\\\/de\\\/product\\\/key-shell-suitable-for-lexus-is200-gs300-ls400-rx300-rx400-three-buttons\\\/#primaryimage\"},\"image\":{\"@id\":\"https:\\\/\\\/keys-for-auto.eu\\\/de\\\/product\\\/key-shell-suitable-for-lexus-is200-gs300-ls400-rx300-rx400-three-buttons\\\/#primaryimage\"},\"thumbnailUrl\":\"https:\\\/\\\/keys-for-auto.eu\\\/wp-content\\\/uploads\\\/2022\\\/12\\\/Lexus-IS200-GS300-LS400-RX300-3-mygtuku-500x5001-removebg-preview.png\",\"datePublished\":\"2016-04-02T09:50:48+00:00\",\"breadcrumb\":{\"@id\":\"https:\\\/\\\/keys-for-auto.eu\\\/de\\\/product\\\/key-shell-suitable-for-lexus-is200-gs300-ls400-rx300-rx400-three-buttons\\\/#breadcrumb\"},\"inLanguage\":\"de\",\"potentialAction\":[{\"@type\":\"ReadAction\",\"target\":[\"https:\\\/\\\/keys-for-auto.eu\\\/de\\\/product\\\/key-shell-suitable-for-lexus-is200-gs300-ls400-rx300-rx400-three-buttons\\\/\"]}]},{\"@type\":\"ImageObject\",\"inLanguage\":\"de\",\"@id\":\"https:\\\/\\\/keys-for-auto.eu\\\/de\\\/product\\\/key-shell-suitable-for-lexus-is200-gs300-ls400-rx300-rx400-three-buttons\\\/#primaryimage\",\"url\":\"https:\\\/\\\/keys-for-auto.eu\\\/wp-content\\\/uploads\\\/2022\\\/12\\\/Lexus-IS200-GS300-LS400-RX300-3-mygtuku-500x5001-removebg-preview.png\",\"contentUrl\":\"https:\\\/\\\/keys-for-auto.eu\\\/wp-content\\\/uploads\\\/2022\\\/12\\\/Lexus-IS200-GS300-LS400-RX300-3-mygtuku-500x5001-removebg-preview.png\",\"width\":500,\"height\":500},{\"@type\":\"BreadcrumbList\",\"@id\":\"https:\\\/\\\/keys-for-auto.eu\\\/de\\\/product\\\/key-shell-suitable-for-lexus-is200-gs300-ls400-rx300-rx400-three-buttons\\\/#breadcrumb\",\"itemListElement\":[{\"@type\":\"ListItem\",\"position\":1,\"name\":\"Startseite\",\"item\":\"https:\\\/\\\/keys-for-auto.eu\\\/de\\\/\"},{\"@type\":\"ListItem\",\"position\":2,\"name\":\"Shop\",\"item\":\"https:\\\/\\\/keys-for-auto.eu\\\/\"},{\"@type\":\"ListItem\",\"position\":3,\"name\":\"Schl\u00fcsselgeh\u00e4use &#8211; passend f\u00fcr Lexus IS200 | GS300 | LS400 | RX300 | RX400, drei Tasten\"}]},{\"@type\":\"WebSite\",\"@id\":\"https:\\\/\\\/keys-for-auto.eu\\\/de\\\/#website\",\"url\":\"https:\\\/\\\/keys-for-auto.eu\\\/de\\\/\",\"name\":\"Keys for auto\",\"description\":\"Car keys,  key shells, key programming\",\"publisher\":{\"@id\":\"https:\\\/\\\/keys-for-auto.eu\\\/de\\\/#organization\"},\"potentialAction\":[{\"@type\":\"SearchAction\",\"target\":{\"@type\":\"EntryPoint\",\"urlTemplate\":\"https:\\\/\\\/keys-for-auto.eu\\\/de\\\/?s={search_term_string}\"},\"query-input\":{\"@type\":\"PropertyValueSpecification\",\"valueRequired\":true,\"valueName\":\"search_term_string\"}}],\"inLanguage\":\"de\"},{\"@type\":\"Organization\",\"@id\":\"https:\\\/\\\/keys-for-auto.eu\\\/de\\\/#organization\",\"name\":\"Schl\u00fcssel f\u00fcr Auto\",\"url\":\"https:\\\/\\\/keys-for-auto.eu\\\/de\\\/\",\"logo\":{\"@type\":\"ImageObject\",\"inLanguage\":\"de\",\"@id\":\"https:\\\/\\\/keys-for-auto.eu\\\/de\\\/#\\\/schema\\\/logo\\\/image\\\/\",\"url\":\"https:\\\/\\\/keys-for-auto.eu\\\/wp-content\\\/uploads\\\/2022\\\/11\\\/cropped-png1.png\",\"contentUrl\":\"https:\\\/\\\/keys-for-auto.eu\\\/wp-content\\\/uploads\\\/2022\\\/11\\\/cropped-png1.png\",\"width\":1000,\"height\":342,\"caption\":\"Schl\u00fcssel f\u00fcr Auto\"},\"image\":{\"@id\":\"https:\\\/\\\/keys-for-auto.eu\\\/de\\\/#\\\/schema\\\/logo\\\/image\\\/\"},\"sameAs\":[\"https:\\\/\\\/www.facebook.com\\\/KeysForAutoEU\"]}]}<\/script>\n<!-- \/ Yoast SEO plugin. -->","yoast_head_json":{"title":"-","robots":{"index":"index","follow":"follow","max-snippet":"max-snippet:-1","max-image-preview":"max-image-preview:large","max-video-preview":"max-video-preview:-1"},"canonical":"https:\/\/keys-for-auto.eu\/de\/product\/key-shell-suitable-for-lexus-is200-gs300-ls400-rx300-rx400-three-buttons\/","og_locale":"de_DE","og_type":"article","og_title":"-","og_description":"Geeignet: Lexus IS200 Lexus GS300 Lexus LS400 Lexus RX300 Lexus RX400 Herstellung von Autoschl\u00fcsseln  Herstellung neuer Autoschl\u00fcssel, Programmierung der Schl\u00fcssel (\"Bindung\" an das Auto)  L\u00f6schen von zuvor verlorenen Schl\u00fcsseln aus dem Fahrzeugspeicher  Herstellung des Z\u00fcndschl\u00fcssels entsprechend dem Schloss  Reparatur von Autoschl\u00fcsseln (Ersatz von Tasten, Schalen, Mechanismen)  Auto-Notentriegelung  Umtausch von Schl\u00fcsseln, Schl\u00fcsseletuis  DPF \/ FAP Software-Abschaltung  Programmatische EGR-Entfernung  Deaktivierung der Wegfahrsperre-Software (immo Off)  Reparatur, Klonen, Programmieren von Motorsteuerger\u00e4ten (ECU)  SRS (Airbag-Steuerger\u00e4t-Programmierung)  Artikel werden innerhalb von 3 Arbeitstagen versandt.*","og_url":"https:\/\/keys-for-auto.eu\/de\/product\/key-shell-suitable-for-lexus-is200-gs300-ls400-rx300-rx400-three-buttons\/","og_site_name":"Keys for auto","article_publisher":"https:\/\/www.facebook.com\/KeysForAutoEU","og_image":[{"width":500,"height":500,"url":"https:\/\/i0.wp.com\/keys-for-auto.eu\/wp-content\/uploads\/2022\/12\/Lexus-IS200-GS300-LS400-RX300-3-mygtuku-500x5001-removebg-preview.png?fit=500%2C500&ssl=1","type":"image\/png"}],"twitter_card":"summary_large_image","twitter_misc":{"Gesch\u00e4tzte Lesezeit":"2\u00a0Minuten"},"schema":{"@context":"https:\/\/schema.org","@graph":[{"@type":["WebPage","ItemPage"],"@id":"https:\/\/keys-for-auto.eu\/de\/product\/key-shell-suitable-for-lexus-is200-gs300-ls400-rx300-rx400-three-buttons\/","url":"https:\/\/keys-for-auto.eu\/de\/product\/key-shell-suitable-for-lexus-is200-gs300-ls400-rx300-rx400-three-buttons\/","name":"-","isPartOf":{"@id":"https:\/\/keys-for-auto.eu\/de\/#website"},"primaryImageOfPage":{"@id":"https:\/\/keys-for-auto.eu\/de\/product\/key-shell-suitable-for-lexus-is200-gs300-ls400-rx300-rx400-three-buttons\/#primaryimage"},"image":{"@id":"https:\/\/keys-for-auto.eu\/de\/product\/key-shell-suitable-for-lexus-is200-gs300-ls400-rx300-rx400-three-buttons\/#primaryimage"},"thumbnailUrl":"https:\/\/keys-for-auto.eu\/wp-content\/uploads\/2022\/12\/Lexus-IS200-GS300-LS400-RX300-3-mygtuku-500x5001-removebg-preview.png","datePublished":"2016-04-02T09:50:48+00:00","breadcrumb":{"@id":"https:\/\/keys-for-auto.eu\/de\/product\/key-shell-suitable-for-lexus-is200-gs300-ls400-rx300-rx400-three-buttons\/#breadcrumb"},"inLanguage":"de","potentialAction":[{"@type":"ReadAction","target":["https:\/\/keys-for-auto.eu\/de\/product\/key-shell-suitable-for-lexus-is200-gs300-ls400-rx300-rx400-three-buttons\/"]}]},{"@type":"ImageObject","inLanguage":"de","@id":"https:\/\/keys-for-auto.eu\/de\/product\/key-shell-suitable-for-lexus-is200-gs300-ls400-rx300-rx400-three-buttons\/#primaryimage","url":"https:\/\/keys-for-auto.eu\/wp-content\/uploads\/2022\/12\/Lexus-IS200-GS300-LS400-RX300-3-mygtuku-500x5001-removebg-preview.png","contentUrl":"https:\/\/keys-for-auto.eu\/wp-content\/uploads\/2022\/12\/Lexus-IS200-GS300-LS400-RX300-3-mygtuku-500x5001-removebg-preview.png","width":500,"height":500},{"@type":"BreadcrumbList","@id":"https:\/\/keys-for-auto.eu\/de\/product\/key-shell-suitable-for-lexus-is200-gs300-ls400-rx300-rx400-three-buttons\/#breadcrumb","itemListElement":[{"@type":"ListItem","position":1,"name":"Startseite","item":"https:\/\/keys-for-auto.eu\/de\/"},{"@type":"ListItem","position":2,"name":"Shop","item":"https:\/\/keys-for-auto.eu\/"},{"@type":"ListItem","position":3,"name":"Schl\u00fcsselgeh\u00e4use &#8211; passend f\u00fcr Lexus IS200 | GS300 | LS400 | RX300 | RX400, drei Tasten"}]},{"@type":"WebSite","@id":"https:\/\/keys-for-auto.eu\/de\/#website","url":"https:\/\/keys-for-auto.eu\/de\/","name":"Keys for auto","description":"Car keys,  key shells, key programming","publisher":{"@id":"https:\/\/keys-for-auto.eu\/de\/#organization"},"potentialAction":[{"@type":"SearchAction","target":{"@type":"EntryPoint","urlTemplate":"https:\/\/keys-for-auto.eu\/de\/?s={search_term_string}"},"query-input":{"@type":"PropertyValueSpecification","valueRequired":true,"valueName":"search_term_string"}}],"inLanguage":"de"},{"@type":"Organization","@id":"https:\/\/keys-for-auto.eu\/de\/#organization","name":"Schl\u00fcssel f\u00fcr Auto","url":"https:\/\/keys-for-auto.eu\/de\/","logo":{"@type":"ImageObject","inLanguage":"de","@id":"https:\/\/keys-for-auto.eu\/de\/#\/schema\/logo\/image\/","url":"https:\/\/keys-for-auto.eu\/wp-content\/uploads\/2022\/11\/cropped-png1.png","contentUrl":"https:\/\/keys-for-auto.eu\/wp-content\/uploads\/2022\/11\/cropped-png1.png","width":1000,"height":342,"caption":"Schl\u00fcssel f\u00fcr Auto"},"image":{"@id":"https:\/\/keys-for-auto.eu\/de\/#\/schema\/logo\/image\/"},"sameAs":["https:\/\/www.facebook.com\/KeysForAutoEU"]}]}},"_links":{"self":[{"href":"https:\/\/keys-for-auto.eu\/de\/wp-json\/wp\/v2\/product\/16109","targetHints":{"allow":["GET"]}}],"collection":[{"href":"https:\/\/keys-for-auto.eu\/de\/wp-json\/wp\/v2\/product"}],"about":[{"href":"https:\/\/keys-for-auto.eu\/de\/wp-json\/wp\/v2\/types\/product"}],"replies":[{"embeddable":true,"href":"https:\/\/keys-for-auto.eu\/de\/wp-json\/wp\/v2\/comments?post=16109"}],"wp:featuredmedia":[{"embeddable":true,"href":"https:\/\/keys-for-auto.eu\/de\/wp-json\/wp\/v2\/media\/13575"}],"wp:attachment":[{"href":"https:\/\/keys-for-auto.eu\/de\/wp-json\/wp\/v2\/media?parent=16109"}],"wp:term":[{"taxonomy":"product_brand","embeddable":true,"href":"https:\/\/keys-for-auto.eu\/de\/wp-json\/wp\/v2\/product_brand?post=16109"},{"taxonomy":"product_cat","embeddable":true,"href":"https:\/\/keys-for-auto.eu\/de\/wp-json\/wp\/v2\/product_cat?post=16109"},{"taxonomy":"product_tag","embeddable":true,"href":"https:\/\/keys-for-auto.eu\/de\/wp-json\/wp\/v2\/product_tag?post=16109"}],"curies":[{"name":"wp","href":"https:\/\/api.w.org\/{rel}","templated":true}]}}