{"id":16102,"date":"2016-04-02T09:25:19","date_gmt":"2016-04-02T09:25:19","guid":{"rendered":"https:\/\/keys-for-auto.eu\/product\/modifizierte-schluesselschale-passend-fuer-nissan-micra-almera-primera-x-trail\/"},"modified":"2016-04-02T09:25:19","modified_gmt":"2016-04-02T09:25:19","slug":"modifizierter-schlussel-schalen-geeignet-fur-nissan-micra-almera-primera-x-trail","status":"publish","type":"product","link":"https:\/\/keys-for-auto.eu\/de\/product\/modifizierter-schlussel-schalen-geeignet-fur-nissan-micra-almera-primera-x-trail\/","title":{"rendered":"Modifizierte Schl\u00fcsselschale &#8211; passend f\u00fcr Nissan Micra | Almera | Primera | X-Trail"},"content":{"rendered":"<h2>F\u00fcr Nissan &#8211; ge\u00e4nderter Schl\u00fcssel<\/h2>\n<p>Nissan Autoschl\u00fcssel, modifiziert &#8211; ein Schl\u00fcssel, der von einem normalen Schl\u00fcssel in einen modernen, ferngesteuerten Schl\u00fcssel umgewandelt werden kann (bei dem der Schl\u00fcssel in das Geh\u00e4use passt und zum Aufschlie\u00dfen nur ein spezieller Knopf am Geh\u00e4use gedr\u00fcckt werden muss und der Schl\u00fcssel automatisch herausspringt).<\/p>\n<p>Der Schl\u00fcssel ist f\u00fcr die Modelle Micra, Almera, Primera und X-Trail geeignet. Der Schl\u00fcssel besteht aus 2 Tasten mit den Funktionen Entriegeln und Sperren. Bitte geben Sie bei der Bestellung des Schl\u00fcssels die Art der Klinge an.<\/p>\n<p>Die Programmierung von Autoschl\u00fcsseln wird bei Nissan-Fahrern immer beliebter, da immer mehr von ihnen die Vorteile dieses Dienstes f\u00fcr die Sicherheit ihres Autos erkennen. Unsere Kunden sind froh, dass sie sowohl das Schl\u00fcsselgeh\u00e4use als auch die Programmierung f\u00fcr ihr Nissan-Fahrzeug aus einer Hand erhalten. Lesen Sie hier mehr \u00fcber die Programmierung von Autoschl\u00fcsseln.<\/p>\n<p>Schl\u00fcsselherstellung, Schl\u00fcssel mit Wegfahrsperre, Transponder &#8211; all diese hochmodernen Automobilprodukte k\u00f6nnen Sie jetzt f\u00fcr Ihr Nissan-Fahrzeug zu einem g\u00fcnstigen Preis nutzen!<\/p>\n<p>Autoschl\u00fcssel sind unsere Spezialit\u00e4t. Wir nehmen unsere Verantwortung f\u00fcr die Sicherheit Ihres Nissan-Fahrzeugs sehr ernst, indem wir spezielle Ger\u00e4te verwenden und die Schl\u00fcssel f\u00fcr Sie ma\u00dfschneidern. Wir tun unser M\u00f6glichstes, um sicherzustellen, dass unsere Kunden mit der Qualit\u00e4t, der Kultur und der Schnelligkeit unserer Dienstleistungen zufrieden sind.<\/p>\n<p>Wir programmieren Schl\u00fcssel f\u00fcr viele Automarken. Wenden Sie sich an uns, wenn Sie einen zuverl\u00e4ssigen, schnellen und qualitativ hochwertigen Service ben\u00f6tigen.<\/p>\n","protected":false},"excerpt":{"rendered":"<p><strong><em>F\u00fcr Nissan-Fahrzeuge geeignet &#8211; , der modifizierte Schl\u00fcssel kann verwendet werden, um einen einfachen Schl\u00fcssel durch einen modernen Fernbedienungsschl\u00fcssel zu ersetzen. Bitte geben Sie bei der Bestellung den Klingentyp an.<\/em><\/strong><\/p>\n<h3><strong>Herstellung von Autoschl\u00fcsseln<\/strong><\/h3>\n<ul>\n<li><strong>Herstellung neuer Autoschl\u00fcssel, Programmierung der Schl\u00fcssel (&#8222;Bindung&#8220; an das Auto)<\/strong><\/li>\n<li><strong>L\u00f6schen von zuvor verlorenen Schl\u00fcsseln aus dem Fahrzeugspeicher<\/strong><\/li>\n<li><strong>Herstellung des Z\u00fcndschl\u00fcssels entsprechend dem Schloss<\/strong><\/li>\n<li><strong>Reparatur von Autoschl\u00fcsseln (Ersatz von Tasten, Schalen, Mechanismen)<\/strong><\/li>\n<li><strong>Auto-Notentriegelung<\/strong><\/li>\n<li><strong>Umtausch von Schl\u00fcsseln, Schl\u00fcsseletuis<\/strong><\/li>\n<li><strong>DPF \/ FAP Software-Abschaltung<\/strong><\/li>\n<li><strong>Programmatische EGR-Entfernung<\/strong><\/li>\n<li><strong>Deaktivierung der Wegfahrsperre-Software (immo Off)<\/strong><\/li>\n<li><strong>Reparatur, Klonen, Programmieren von Motorsteuerger\u00e4ten (ECU)<\/strong><\/li>\n<li><strong>SRS (Airbag-Steuerger\u00e4t-Programmierung)<\/strong><\/li>\n<\/ul>\n<h4><strong>  Artikel werden innerhalb von 3 Arbeitstagen versandt.*<\/strong><\/h4>\n","protected":false},"featured_media":13725,"comment_status":"open","ping_status":"closed","template":"","meta":[],"product_brand":[],"product_cat":[2238,739],"product_tag":[2275,2249,2280,2240,2254],"class_list":{"0":"post-16102","1":"product","2":"type-product","3":"status-publish","4":"has-post-thumbnail","6":"product_cat-nissan-de","7":"product_cat-schlusselmuscheln","8":"product_tag-nissan-almera-schlusselgehause","9":"product_tag-nissan-micra-schlusselgehause","10":"product_tag-nissan-primera-schlusselgehause","11":"product_tag-nissan-schlusselgehause","12":"product_tag-nissan-x-trail-schlusselgehause","14":"first","15":"instock","16":"sale","17":"shipping-taxable","18":"purchasable","19":"product-type-simple"},"yoast_head":"<!-- This site is optimized with the Yoast SEO plugin v27.6 - https:\/\/yoast.com\/product\/yoast-seo-wordpress\/ -->\n<title>-<\/title>\n<meta name=\"robots\" content=\"index, follow, max-snippet:-1, max-image-preview:large, max-video-preview:-1\" \/>\n<link rel=\"canonical\" href=\"https:\/\/keys-for-auto.eu\/de\/product\/modifizierter-schlussel-schalen-geeignet-fur-nissan-micra-almera-primera-x-trail\/\" \/>\n<meta property=\"og:locale\" content=\"de_DE\" \/>\n<meta property=\"og:type\" content=\"article\" \/>\n<meta property=\"og:title\" content=\"-\" \/>\n<meta property=\"og:description\" content=\"F\u00fcr Nissan-Fahrzeuge geeignet - , der modifizierte Schl\u00fcssel kann verwendet werden, um einen einfachen Schl\u00fcssel durch einen modernen Fernbedienungsschl\u00fcssel zu ersetzen. Bitte geben Sie bei der Bestellung den Klingentyp an. Herstellung von Autoschl\u00fcsseln  Herstellung neuer Autoschl\u00fcssel, Programmierung der Schl\u00fcssel (&quot;Bindung&quot; an das Auto)  L\u00f6schen von zuvor verlorenen Schl\u00fcsseln aus dem Fahrzeugspeicher  Herstellung des Z\u00fcndschl\u00fcssels entsprechend dem Schloss  Reparatur von Autoschl\u00fcsseln (Ersatz von Tasten, Schalen, Mechanismen)  Auto-Notentriegelung  Umtausch von Schl\u00fcsseln, Schl\u00fcsseletuis  DPF \/ FAP Software-Abschaltung  Programmatische EGR-Entfernung  Deaktivierung der Wegfahrsperre-Software (immo Off)  Reparatur, Klonen, Programmieren von Motorsteuerger\u00e4ten (ECU)  SRS (Airbag-Steuerger\u00e4t-Programmierung)  Artikel werden innerhalb von 3 Arbeitstagen versandt.*\" \/>\n<meta property=\"og:url\" content=\"https:\/\/keys-for-auto.eu\/de\/product\/modifizierter-schlussel-schalen-geeignet-fur-nissan-micra-almera-primera-x-trail\/\" \/>\n<meta property=\"og:site_name\" content=\"Keys for auto\" \/>\n<meta property=\"article:publisher\" content=\"https:\/\/www.facebook.com\/KeysForAutoEU\" \/>\n<meta property=\"og:image\" content=\"https:\/\/keys-for-auto.eu\/wp-content\/uploads\/2022\/12\/nissan-modifikuotas-500x5001-removebg-preview-wpp1668786427192.png\" \/>\n\t<meta property=\"og:image:width\" content=\"500\" \/>\n\t<meta property=\"og:image:height\" content=\"500\" \/>\n\t<meta property=\"og:image:type\" content=\"image\/png\" \/>\n<meta name=\"twitter:card\" content=\"summary_large_image\" \/>\n<meta name=\"twitter:label1\" content=\"Gesch\u00e4tzte Lesezeit\" \/>\n\t<meta name=\"twitter:data1\" content=\"1\u00a0Minute\" \/>\n<script type=\"application\/ld+json\" class=\"yoast-schema-graph\">{\"@context\":\"https:\\\/\\\/schema.org\",\"@graph\":[{\"@type\":[\"WebPage\",\"ItemPage\"],\"@id\":\"https:\\\/\\\/keys-for-auto.eu\\\/de\\\/product\\\/modifizierter-schlussel-schalen-geeignet-fur-nissan-micra-almera-primera-x-trail\\\/\",\"url\":\"https:\\\/\\\/keys-for-auto.eu\\\/de\\\/product\\\/modifizierter-schlussel-schalen-geeignet-fur-nissan-micra-almera-primera-x-trail\\\/\",\"name\":\"-\",\"isPartOf\":{\"@id\":\"https:\\\/\\\/keys-for-auto.eu\\\/de\\\/#website\"},\"primaryImageOfPage\":{\"@id\":\"https:\\\/\\\/keys-for-auto.eu\\\/de\\\/product\\\/modifizierter-schlussel-schalen-geeignet-fur-nissan-micra-almera-primera-x-trail\\\/#primaryimage\"},\"image\":{\"@id\":\"https:\\\/\\\/keys-for-auto.eu\\\/de\\\/product\\\/modifizierter-schlussel-schalen-geeignet-fur-nissan-micra-almera-primera-x-trail\\\/#primaryimage\"},\"thumbnailUrl\":\"https:\\\/\\\/keys-for-auto.eu\\\/wp-content\\\/uploads\\\/2022\\\/12\\\/nissan-modifikuotas-500x5001-removebg-preview-wpp1668786427192.png\",\"datePublished\":\"2016-04-02T09:25:19+00:00\",\"breadcrumb\":{\"@id\":\"https:\\\/\\\/keys-for-auto.eu\\\/de\\\/product\\\/modifizierter-schlussel-schalen-geeignet-fur-nissan-micra-almera-primera-x-trail\\\/#breadcrumb\"},\"inLanguage\":\"de\",\"potentialAction\":[{\"@type\":\"ReadAction\",\"target\":[\"https:\\\/\\\/keys-for-auto.eu\\\/de\\\/product\\\/modifizierter-schlussel-schalen-geeignet-fur-nissan-micra-almera-primera-x-trail\\\/\"]}]},{\"@type\":\"ImageObject\",\"inLanguage\":\"de\",\"@id\":\"https:\\\/\\\/keys-for-auto.eu\\\/de\\\/product\\\/modifizierter-schlussel-schalen-geeignet-fur-nissan-micra-almera-primera-x-trail\\\/#primaryimage\",\"url\":\"https:\\\/\\\/keys-for-auto.eu\\\/wp-content\\\/uploads\\\/2022\\\/12\\\/nissan-modifikuotas-500x5001-removebg-preview-wpp1668786427192.png\",\"contentUrl\":\"https:\\\/\\\/keys-for-auto.eu\\\/wp-content\\\/uploads\\\/2022\\\/12\\\/nissan-modifikuotas-500x5001-removebg-preview-wpp1668786427192.png\",\"width\":500,\"height\":500},{\"@type\":\"BreadcrumbList\",\"@id\":\"https:\\\/\\\/keys-for-auto.eu\\\/de\\\/product\\\/modifizierter-schlussel-schalen-geeignet-fur-nissan-micra-almera-primera-x-trail\\\/#breadcrumb\",\"itemListElement\":[{\"@type\":\"ListItem\",\"position\":1,\"name\":\"Startseite\",\"item\":\"https:\\\/\\\/keys-for-auto.eu\\\/de\\\/\"},{\"@type\":\"ListItem\",\"position\":2,\"name\":\"Shop\",\"item\":\"https:\\\/\\\/keys-for-auto.eu\\\/\"},{\"@type\":\"ListItem\",\"position\":3,\"name\":\"Modifizierte Schl\u00fcsselschale &#8211; passend f\u00fcr Nissan Micra | Almera | Primera | X-Trail\"}]},{\"@type\":\"WebSite\",\"@id\":\"https:\\\/\\\/keys-for-auto.eu\\\/de\\\/#website\",\"url\":\"https:\\\/\\\/keys-for-auto.eu\\\/de\\\/\",\"name\":\"Keys for auto\",\"description\":\"Car keys,  key shells, key programming\",\"publisher\":{\"@id\":\"https:\\\/\\\/keys-for-auto.eu\\\/de\\\/#organization\"},\"potentialAction\":[{\"@type\":\"SearchAction\",\"target\":{\"@type\":\"EntryPoint\",\"urlTemplate\":\"https:\\\/\\\/keys-for-auto.eu\\\/de\\\/?s={search_term_string}\"},\"query-input\":{\"@type\":\"PropertyValueSpecification\",\"valueRequired\":true,\"valueName\":\"search_term_string\"}}],\"inLanguage\":\"de\"},{\"@type\":\"Organization\",\"@id\":\"https:\\\/\\\/keys-for-auto.eu\\\/de\\\/#organization\",\"name\":\"Schl\u00fcssel f\u00fcr Auto\",\"url\":\"https:\\\/\\\/keys-for-auto.eu\\\/de\\\/\",\"logo\":{\"@type\":\"ImageObject\",\"inLanguage\":\"de\",\"@id\":\"https:\\\/\\\/keys-for-auto.eu\\\/de\\\/#\\\/schema\\\/logo\\\/image\\\/\",\"url\":\"https:\\\/\\\/keys-for-auto.eu\\\/wp-content\\\/uploads\\\/2022\\\/11\\\/cropped-png1.png\",\"contentUrl\":\"https:\\\/\\\/keys-for-auto.eu\\\/wp-content\\\/uploads\\\/2022\\\/11\\\/cropped-png1.png\",\"width\":1000,\"height\":342,\"caption\":\"Schl\u00fcssel f\u00fcr Auto\"},\"image\":{\"@id\":\"https:\\\/\\\/keys-for-auto.eu\\\/de\\\/#\\\/schema\\\/logo\\\/image\\\/\"},\"sameAs\":[\"https:\\\/\\\/www.facebook.com\\\/KeysForAutoEU\"]}]}<\/script>\n<!-- \/ Yoast SEO plugin. -->","yoast_head_json":{"title":"-","robots":{"index":"index","follow":"follow","max-snippet":"max-snippet:-1","max-image-preview":"max-image-preview:large","max-video-preview":"max-video-preview:-1"},"canonical":"https:\/\/keys-for-auto.eu\/de\/product\/modifizierter-schlussel-schalen-geeignet-fur-nissan-micra-almera-primera-x-trail\/","og_locale":"de_DE","og_type":"article","og_title":"-","og_description":"F\u00fcr Nissan-Fahrzeuge geeignet - , der modifizierte Schl\u00fcssel kann verwendet werden, um einen einfachen Schl\u00fcssel durch einen modernen Fernbedienungsschl\u00fcssel zu ersetzen. Bitte geben Sie bei der Bestellung den Klingentyp an. Herstellung von Autoschl\u00fcsseln  Herstellung neuer Autoschl\u00fcssel, Programmierung der Schl\u00fcssel (\"Bindung\" an das Auto)  L\u00f6schen von zuvor verlorenen Schl\u00fcsseln aus dem Fahrzeugspeicher  Herstellung des Z\u00fcndschl\u00fcssels entsprechend dem Schloss  Reparatur von Autoschl\u00fcsseln (Ersatz von Tasten, Schalen, Mechanismen)  Auto-Notentriegelung  Umtausch von Schl\u00fcsseln, Schl\u00fcsseletuis  DPF \/ FAP Software-Abschaltung  Programmatische EGR-Entfernung  Deaktivierung der Wegfahrsperre-Software (immo Off)  Reparatur, Klonen, Programmieren von Motorsteuerger\u00e4ten (ECU)  SRS (Airbag-Steuerger\u00e4t-Programmierung)  Artikel werden innerhalb von 3 Arbeitstagen versandt.*","og_url":"https:\/\/keys-for-auto.eu\/de\/product\/modifizierter-schlussel-schalen-geeignet-fur-nissan-micra-almera-primera-x-trail\/","og_site_name":"Keys for auto","article_publisher":"https:\/\/www.facebook.com\/KeysForAutoEU","og_image":[{"width":500,"height":500,"url":"https:\/\/keys-for-auto.eu\/wp-content\/uploads\/2022\/12\/nissan-modifikuotas-500x5001-removebg-preview-wpp1668786427192.png","type":"image\/png"}],"twitter_card":"summary_large_image","twitter_misc":{"Gesch\u00e4tzte Lesezeit":"1\u00a0Minute"},"schema":{"@context":"https:\/\/schema.org","@graph":[{"@type":["WebPage","ItemPage"],"@id":"https:\/\/keys-for-auto.eu\/de\/product\/modifizierter-schlussel-schalen-geeignet-fur-nissan-micra-almera-primera-x-trail\/","url":"https:\/\/keys-for-auto.eu\/de\/product\/modifizierter-schlussel-schalen-geeignet-fur-nissan-micra-almera-primera-x-trail\/","name":"-","isPartOf":{"@id":"https:\/\/keys-for-auto.eu\/de\/#website"},"primaryImageOfPage":{"@id":"https:\/\/keys-for-auto.eu\/de\/product\/modifizierter-schlussel-schalen-geeignet-fur-nissan-micra-almera-primera-x-trail\/#primaryimage"},"image":{"@id":"https:\/\/keys-for-auto.eu\/de\/product\/modifizierter-schlussel-schalen-geeignet-fur-nissan-micra-almera-primera-x-trail\/#primaryimage"},"thumbnailUrl":"https:\/\/keys-for-auto.eu\/wp-content\/uploads\/2022\/12\/nissan-modifikuotas-500x5001-removebg-preview-wpp1668786427192.png","datePublished":"2016-04-02T09:25:19+00:00","breadcrumb":{"@id":"https:\/\/keys-for-auto.eu\/de\/product\/modifizierter-schlussel-schalen-geeignet-fur-nissan-micra-almera-primera-x-trail\/#breadcrumb"},"inLanguage":"de","potentialAction":[{"@type":"ReadAction","target":["https:\/\/keys-for-auto.eu\/de\/product\/modifizierter-schlussel-schalen-geeignet-fur-nissan-micra-almera-primera-x-trail\/"]}]},{"@type":"ImageObject","inLanguage":"de","@id":"https:\/\/keys-for-auto.eu\/de\/product\/modifizierter-schlussel-schalen-geeignet-fur-nissan-micra-almera-primera-x-trail\/#primaryimage","url":"https:\/\/keys-for-auto.eu\/wp-content\/uploads\/2022\/12\/nissan-modifikuotas-500x5001-removebg-preview-wpp1668786427192.png","contentUrl":"https:\/\/keys-for-auto.eu\/wp-content\/uploads\/2022\/12\/nissan-modifikuotas-500x5001-removebg-preview-wpp1668786427192.png","width":500,"height":500},{"@type":"BreadcrumbList","@id":"https:\/\/keys-for-auto.eu\/de\/product\/modifizierter-schlussel-schalen-geeignet-fur-nissan-micra-almera-primera-x-trail\/#breadcrumb","itemListElement":[{"@type":"ListItem","position":1,"name":"Startseite","item":"https:\/\/keys-for-auto.eu\/de\/"},{"@type":"ListItem","position":2,"name":"Shop","item":"https:\/\/keys-for-auto.eu\/"},{"@type":"ListItem","position":3,"name":"Modifizierte Schl\u00fcsselschale &#8211; passend f\u00fcr Nissan Micra | Almera | Primera | X-Trail"}]},{"@type":"WebSite","@id":"https:\/\/keys-for-auto.eu\/de\/#website","url":"https:\/\/keys-for-auto.eu\/de\/","name":"Keys for auto","description":"Car keys,  key shells, key programming","publisher":{"@id":"https:\/\/keys-for-auto.eu\/de\/#organization"},"potentialAction":[{"@type":"SearchAction","target":{"@type":"EntryPoint","urlTemplate":"https:\/\/keys-for-auto.eu\/de\/?s={search_term_string}"},"query-input":{"@type":"PropertyValueSpecification","valueRequired":true,"valueName":"search_term_string"}}],"inLanguage":"de"},{"@type":"Organization","@id":"https:\/\/keys-for-auto.eu\/de\/#organization","name":"Schl\u00fcssel f\u00fcr Auto","url":"https:\/\/keys-for-auto.eu\/de\/","logo":{"@type":"ImageObject","inLanguage":"de","@id":"https:\/\/keys-for-auto.eu\/de\/#\/schema\/logo\/image\/","url":"https:\/\/keys-for-auto.eu\/wp-content\/uploads\/2022\/11\/cropped-png1.png","contentUrl":"https:\/\/keys-for-auto.eu\/wp-content\/uploads\/2022\/11\/cropped-png1.png","width":1000,"height":342,"caption":"Schl\u00fcssel f\u00fcr Auto"},"image":{"@id":"https:\/\/keys-for-auto.eu\/de\/#\/schema\/logo\/image\/"},"sameAs":["https:\/\/www.facebook.com\/KeysForAutoEU"]}]}},"_links":{"self":[{"href":"https:\/\/keys-for-auto.eu\/de\/wp-json\/wp\/v2\/product\/16102","targetHints":{"allow":["GET"]}}],"collection":[{"href":"https:\/\/keys-for-auto.eu\/de\/wp-json\/wp\/v2\/product"}],"about":[{"href":"https:\/\/keys-for-auto.eu\/de\/wp-json\/wp\/v2\/types\/product"}],"replies":[{"embeddable":true,"href":"https:\/\/keys-for-auto.eu\/de\/wp-json\/wp\/v2\/comments?post=16102"}],"wp:featuredmedia":[{"embeddable":true,"href":"https:\/\/keys-for-auto.eu\/de\/wp-json\/wp\/v2\/media\/13725"}],"wp:attachment":[{"href":"https:\/\/keys-for-auto.eu\/de\/wp-json\/wp\/v2\/media?parent=16102"}],"wp:term":[{"taxonomy":"product_brand","embeddable":true,"href":"https:\/\/keys-for-auto.eu\/de\/wp-json\/wp\/v2\/product_brand?post=16102"},{"taxonomy":"product_cat","embeddable":true,"href":"https:\/\/keys-for-auto.eu\/de\/wp-json\/wp\/v2\/product_cat?post=16102"},{"taxonomy":"product_tag","embeddable":true,"href":"https:\/\/keys-for-auto.eu\/de\/wp-json\/wp\/v2\/product_tag?post=16102"}],"curies":[{"name":"wp","href":"https:\/\/api.w.org\/{rel}","templated":true}]}}